{"id":929,"date":"2023-09-23T22:02:33","date_gmt":"2023-09-23T22:02:33","guid":{"rendered":"https:\/\/usadronetampa.com\/?post_type=product&#038;p=929"},"modified":"2025-03-11T11:23:39","modified_gmt":"2025-03-11T16:23:39","slug":"dji-agras-t40-agricultural","status":"publish","type":"product","link":"https:\/\/usadronetampa.com\/es\/product\/dji-agras-t40-agricultural\/","title":{"rendered":"DJI AGRAS T40 Agr\u00edcola"},"content":{"rendered":"<h1>DJI AGRAS T40<\/h1>\n<p>&nbsp;<\/p>\n<h2><span style=\"color: #333399;\">One for all<\/span><\/h2>\n<p>The AGRAS T40 is equipped with the revolutionary Coaxial Twin Rotor design, which allows it to carry a spray load of 40 kg and a distributed load of 50 kg (70 L). The aircraft is integrated with a dual atomized spray system, DJI Terra, active phased array radar and binocular vision. It supports multiple missions from surveying, mapping, spraying and spreading, helping you achieve maximum precision in your farming operations.<\/p>\n<ul>\n<li>\n<h4><span style=\"color: #ff0000;\">50 KG SPREADING PAYLOAD |\u00a0<span class=\"\">40 KG SPRAYING PAYLOAD<\/span><\/span><\/h4>\n<\/li>\n<li>\n<h4><span style=\"color: #ff0000;\">ACTIVE RADAR PHASED ARRAY + BINOCULAR VISION<\/span><\/h4>\n<\/li>\n<li>\n<h4><span style=\"color: #ff0000;\">DOUBLE ATOMIZATION SPRAY SYSTEM<\/span><\/h4>\n<\/li>\n<li>\n<h4><span style=\"color: #ff0000;\">SUPPORTS SPRAYING\/SPRAYING IN FLIGHT AND RC MAPPING<\/span><\/h4>\n<\/li>\n<li>\n<h4><span style=\"color: #ff0000;\">IPX6K MAIN MODULES<\/span><\/h4>\n<\/li>\n<li>\n<h4><span style=\"color: #ff0000;\">EFI GENERATOR 15% FUEL SAVINGS<\/span><\/h4>\n<\/li>\n<li>\n<h4><span style=\"color: #ff0000;\">52 ACRES (21.3 HECTARES) PER FLIGHT HOUR<\/span><\/h4>\n<\/li>\n<li>\n<h4><span style=\"color: #ff0000;\">36 FT (11 M) BAND (SPRAY WIDTH)ACTIVE PHASED ARRAY RADAR + BINOCULAR VISION<\/span><\/h4>\n<\/li>\n<\/ul>\n<h2><span style=\"color: #333399;\">Massive increase in payload thanks to the coaxial double rotor<\/span><\/h2>\n<p>The AGRAS T40 features a coaxial twin-rotor design that increases payload capacity by 30% with a maximum payload of 50kg. Its foldable design reduces the size of the plane by 70% for greater portability.<\/p>\n<h2><span style=\"color: #333399;\">Spray system<\/span><\/h2>\n<h2 id=\"agrast40title\"><span style=\"color: #333399;\">Dual atomization for uniform spray<\/span><\/h2>\n<p>The all-new dual atomized centrifugal nozzles have two rotors that make droplets more uniform in size, prevent splashing and dripping, and prevent clogging when spraying powder-based chemicals.<\/p>\n<h2 id=\"agrast40title\"><span style=\"color: #333399;\">Magnetic Drive Impeller Pump<\/span><\/h2>\n<p>The new magnetic drive design completely isolates the pesticide from the engine, making the aircraft corrosion-resistant and ultra-durable. Quick disassembly by hand for easy cleaning<\/p>\n<h3 id=\"agrast40title\"><span style=\"color: #333399;\">Dual Atomized Centrifugal Sprinkler<\/span><\/h3>\n<p>Dual atomized spray disc ensures uniform droplets and more efficient pesticide use. The patented centrifugal valve prevents leaks, prevents over-fertilization, and reduces pesticide use while protecting the environment.<\/p>\n<h3><span style=\"color: #333399;\">Active phased array radar + binocular vision<\/span><\/h3>\n<h2 id=\"agrast40title\"><span style=\"color: #333399;\">Omnidirectional obstacle detection<\/span><\/h2>\n<p>The Active Phased Array Radar is incorporated with a binocular vision sensor system to provide 360-degree horizontal omnidirectional obstacle detection, offering optimal safety. The detection distance of up to 50 m[8] enables intelligent terrain following, smooth scaling and multiple obstacle avoidance[9].<\/p>\n<h2 id=\"agrast40title\"><span style=\"color: #333399;\">Mapping, fumigation and spreading, all in one<\/span><\/h2>\n<p>The AGRAS T40 combines mapping, spraying and spreading functions, while its UHD camera and adjustable gimbal make it easy to capture the desired view. Images of farmland and orchards can be captured in real time, and local maps can be generated using remote control with the D-RTK 2 mobile station. The system detects land boundaries and obstacles automatically, for easier planning. rapid flight paths over farmland and mountainous orchards.<\/p>\n<h2><span style=\"color: #333399;\">T40 spreader system<\/span><\/h2>\n<h2 id=\"agrast40title\"><span style=\"color: #333399;\">Improved spreading efficiency for superior performance<\/span><\/h2>\n<h2 id=\"agrast40title\"><span style=\"color: #333399;\">Real time weighing<\/span><\/h2>\n<p>The aircraft is equipped with a weighing sensor that monitors the amount spread and the remaining payload<\/p>\n<h2 id=\"agrast40title\"><span style=\"color: #333399;\">Quick disassembly and cleaning.<\/span><\/h2>\n<p>The spreader device can be disassembled in 3 minutes and washed with water.<\/p>\n<h2 id=\"agrast40title\"><span style=\"color: #333399;\">Completely improved remote control for smoother and faster mapping<\/span><\/h2>\n<p id=\"infotext\">The 8-core processor makes it possible to map 6.67 hectares in 10 minutes.\u00a0Minimize wasted trips with intelligent route planning for greater efficiency.\u00a0The large 7-inch high-brightness screen offers a wider view with refined details.\u00a0A wide array of custom physical buttons provides flexible control.<\/p>\n<h2 id=\"agrast40title\"><span style=\"color: #333399;\">Robustly tested for maximum reliability<\/span><\/h2>\n<p>Major components are designed to withstand complex and harsh agricultural environments. They have passed a large number of rigorous tests, such as corrosion prevention, high and low temperature and aging tests, to ensure user peace of mind.<\/p>\n<h2><span style=\"color: #333399;\">Ultra-fast charging<\/span><\/h2>\n<p>12000W Multifunctional Inverter Generator with new EFI technology and 15% fuel savings. The charging station produces 1500W AC output, enough to power the remote control, water pump, charger, lights and other components. The 30000 mAh intelligent flight battery with its standard air-cooled heat sink can cool down quickly.<\/p>\n<h2 id=\"agrast40title\"><span style=\"color: #333399;\">D12000iE Multifunctional Inverter Generator<\/span><\/h2>\n<p>30L tank charges 47 batteries | 1500W AC Output | 9-minute ultra-fast charging<\/p>\n<h2 id=\"agrast40title\"><span style=\"color: #333399;\">T40 Intelligent Flight Battery<\/span><\/h2>\n<p>Capacity up to 30000 mAh | 11.5 C during discharge, 6 C during charge | 1,500 charge cycle warranty coverage<\/p>\n<h2><span style=\"color: #333399;\">DJI Agras Smart Cloud<\/span><\/h2>\n<p>By combining AGRAS T40 with the Phantom 4 Multispectral, the platform allows you to perform variable spray\/spread operations precisely based on the cropland prescription map. The feature is useful for spraying fertilizers on rice, fertilizers and defoliants on cotton crops, and nutrient solutions on soybeans and corn.<\/p>\n<h2 id=\"agrast40title\"><span style=\"color: #333399;\">Precise variable spraying on rice crops, to reduce pesticide use and increase productivity<\/span><\/h2>\n<p>In 2021, Jiangsu Farming Group reduced its fertilizer consumption by 10% and increased its rice and wheat yield by 5% by spraying fertilizers in varying amounts on its crop fields.<\/p>\n","protected":false},"excerpt":{"rendered":"<p>DJI AGRAS T40 Agr\u00edcola<\/p>\n<p><span style=\"color: #ff0000;\"><strong>Para obtener m\u00e1s informaci\u00f3n sobre este producto, comun\u00edquese con: <a href=\"mailto:sales@usadronetampa.com\"><span style=\"color: #3366ff;\">sales@usadronetampa.com<\/span><\/a><\/strong><\/span><\/p>","protected":false},"featured_media":1121,"comment_status":"open","ping_status":"closed","template":"","meta":{"site-sidebar-layout":"default","site-content-layout":"","ast-site-content-layout":"default","site-content-style":"default","site-sidebar-style":"default","ast-global-header-display":"","ast-banner-title-visibility":"","ast-main-header-display":"","ast-hfb-above-header-display":"","ast-hfb-below-header-display":"","ast-hfb-mobile-header-display":"","site-post-title":"","ast-breadcrumbs-content":"","ast-featured-img":"","footer-sml-layout":"","ast-disable-related-posts":"","theme-transparent-header-meta":"default","adv-header-id-meta":"","stick-header-meta":"default","header-above-stick-meta":"","header-main-stick-meta":"","header-below-stick-meta":"","astra-migrate-meta-layouts":"set","ast-page-background-enabled":"default","ast-page-background-meta":{"desktop":{"background-color":"var(--ast-global-color-4)","background-image":"","background-repeat":"repeat","background-position":"center center","background-size":"auto","background-attachment":"scroll","background-type":"","background-media":"","overlay-type":"","overlay-color":"","overlay-opacity":"","overlay-gradient":""},"tablet":{"background-color":"","background-image":"","background-repeat":"repeat","background-position":"center center","background-size":"auto","background-attachment":"scroll","background-type":"","background-media":"","overlay-type":"","overlay-color":"","overlay-opacity":"","overlay-gradient":""},"mobile":{"background-color":"","background-image":"","background-repeat":"repeat","background-position":"center center","background-size":"auto","background-attachment":"scroll","background-type":"","background-media":"","overlay-type":"","overlay-color":"","overlay-opacity":"","overlay-gradient":""}},"ast-content-background-meta":{"desktop":{"background-color":"var(--ast-global-color-5)","background-image":"","background-repeat":"repeat","background-position":"center center","background-size":"auto","background-attachment":"scroll","background-type":"","background-media":"","overlay-type":"","overlay-color":"","overlay-opacity":"","overlay-gradient":""},"tablet":{"background-color":"var(--ast-global-color-5)","background-image":"","background-repeat":"repeat","background-position":"center center","background-size":"auto","background-attachment":"scroll","background-type":"","background-media":"","overlay-type":"","overlay-color":"","overlay-opacity":"","overlay-gradient":""},"mobile":{"background-color":"var(--ast-global-color-5)","background-image":"","background-repeat":"repeat","background-position":"center center","background-size":"auto","background-attachment":"scroll","background-type":"","background-media":"","overlay-type":"","overlay-color":"","overlay-opacity":"","overlay-gradient":""}}},"product_brand":[],"product_cat":[34],"product_tag":[],"class_list":{"0":"post-929","1":"product","2":"type-product","3":"status-publish","4":"has-post-thumbnail","6":"product_cat-agricultural-drones","7":"desktop-align-left","8":"tablet-align-left","9":"mobile-align-left","11":"first","12":"instock","13":"taxable","14":"shipping-taxable","15":"product-type-simple"},"yoast_head":"<!-- This site is optimized with the Yoast SEO plugin v27.4 - https:\/\/yoast.com\/product\/yoast-seo-wordpress\/ -->\n<title>DJI AGRAS T40 Agricultural - USA Drone Tampa<\/title>\n<meta name=\"description\" content=\"The agras T40 is equipped with the revolutionary Coaxial Twin Rotor design, which allows it to carry a spray load of 40 kg and a distributed load of 50 kg\" \/>\n<meta name=\"robots\" content=\"index, follow, max-snippet:-1, max-image-preview:large, max-video-preview:-1\" \/>\n<link rel=\"canonical\" href=\"https:\/\/usadronetampa.com\/es\/product\/dji-agras-t40-agricultural\/\" \/>\n<meta property=\"og:locale\" content=\"es_ES\" \/>\n<meta property=\"og:type\" content=\"article\" \/>\n<meta property=\"og:title\" content=\"DJI AGRAS T40 Agricultural - USA Drone Tampa\" \/>\n<meta property=\"og:description\" content=\"The agras T40 is equipped with the revolutionary Coaxial Twin Rotor design, which allows it to carry a spray load of 40 kg and a distributed load of 50 kg\" \/>\n<meta property=\"og:url\" content=\"https:\/\/usadronetampa.com\/es\/product\/dji-agras-t40-agricultural\/\" \/>\n<meta property=\"og:site_name\" content=\"USA Drone Tampa\" \/>\n<meta property=\"article:publisher\" content=\"https:\/\/www.facebook.com\/profile.php?id=100095595180083\" \/>\n<meta property=\"article:modified_time\" content=\"2025-03-11T16:23:39+00:00\" \/>\n<meta property=\"og:image\" content=\"https:\/\/usadronetampa.com\/wp-content\/uploads\/2023\/09\/dji-agras-t40-agricultural-drone-only-cp-ag-00000740-01-dji-43c.jpg\" \/>\n\t<meta property=\"og:image:width\" content=\"650\" \/>\n\t<meta property=\"og:image:height\" content=\"488\" \/>\n\t<meta property=\"og:image:type\" content=\"image\/jpeg\" \/>\n<meta name=\"twitter:card\" content=\"summary_large_image\" \/>\n<meta name=\"twitter:label1\" content=\"Est. reading time\" \/>\n\t<meta name=\"twitter:data1\" content=\"4 minutos\" \/>\n<script type=\"application\/ld+json\" class=\"yoast-schema-graph\">{\"@context\":\"https:\\\/\\\/schema.org\",\"@graph\":[{\"@type\":\"WebPage\",\"@id\":\"https:\\\/\\\/usadronetampa.com\\\/product\\\/dji-agras-t40-agricultural\\\/\",\"url\":\"https:\\\/\\\/usadronetampa.com\\\/product\\\/dji-agras-t40-agricultural\\\/\",\"name\":\"DJI AGRAS T40 Agricultural - USA Drone Tampa\",\"isPartOf\":{\"@id\":\"https:\\\/\\\/usadronetampa.com\\\/#website\"},\"primaryImageOfPage\":{\"@id\":\"https:\\\/\\\/usadronetampa.com\\\/product\\\/dji-agras-t40-agricultural\\\/#primaryimage\"},\"image\":{\"@id\":\"https:\\\/\\\/usadronetampa.com\\\/product\\\/dji-agras-t40-agricultural\\\/#primaryimage\"},\"thumbnailUrl\":\"https:\\\/\\\/usadronetampa.com\\\/wp-content\\\/uploads\\\/2023\\\/09\\\/dji-agras-t40-agricultural-drone-only-cp-ag-00000740-01-dji-43c.jpg\",\"datePublished\":\"2023-09-23T22:02:33+00:00\",\"dateModified\":\"2025-03-11T16:23:39+00:00\",\"description\":\"The agras T40 is equipped with the revolutionary Coaxial Twin Rotor design, which allows it to carry a spray load of 40 kg and a distributed load of 50 kg\",\"breadcrumb\":{\"@id\":\"https:\\\/\\\/usadronetampa.com\\\/product\\\/dji-agras-t40-agricultural\\\/#breadcrumb\"},\"inLanguage\":\"es-PE\",\"potentialAction\":[{\"@type\":\"ReadAction\",\"target\":[\"https:\\\/\\\/usadronetampa.com\\\/product\\\/dji-agras-t40-agricultural\\\/\"]}]},{\"@type\":\"ImageObject\",\"inLanguage\":\"es-PE\",\"@id\":\"https:\\\/\\\/usadronetampa.com\\\/product\\\/dji-agras-t40-agricultural\\\/#primaryimage\",\"url\":\"https:\\\/\\\/usadronetampa.com\\\/wp-content\\\/uploads\\\/2023\\\/09\\\/dji-agras-t40-agricultural-drone-only-cp-ag-00000740-01-dji-43c.jpg\",\"contentUrl\":\"https:\\\/\\\/usadronetampa.com\\\/wp-content\\\/uploads\\\/2023\\\/09\\\/dji-agras-t40-agricultural-drone-only-cp-ag-00000740-01-dji-43c.jpg\",\"width\":650,\"height\":488,\"caption\":\"dji agras t40\"},{\"@type\":\"BreadcrumbList\",\"@id\":\"https:\\\/\\\/usadronetampa.com\\\/product\\\/dji-agras-t40-agricultural\\\/#breadcrumb\",\"itemListElement\":[{\"@type\":\"ListItem\",\"position\":1,\"name\":\"Home\",\"item\":\"https:\\\/\\\/usadronetampa.com\\\/\"},{\"@type\":\"ListItem\",\"position\":2,\"name\":\"Store\",\"item\":\"https:\\\/\\\/usadronetampa.com\\\/tienda\\\/\"},{\"@type\":\"ListItem\",\"position\":3,\"name\":\"DJI AGRAS T40 Agricultural\"}]},{\"@type\":\"WebSite\",\"@id\":\"https:\\\/\\\/usadronetampa.com\\\/#website\",\"url\":\"https:\\\/\\\/usadronetampa.com\\\/\",\"name\":\"USA Drone Tampa\",\"description\":\"Drones USA\",\"publisher\":{\"@id\":\"https:\\\/\\\/usadronetampa.com\\\/#organization\"},\"potentialAction\":[{\"@type\":\"SearchAction\",\"target\":{\"@type\":\"EntryPoint\",\"urlTemplate\":\"https:\\\/\\\/usadronetampa.com\\\/?s={search_term_string}\"},\"query-input\":{\"@type\":\"PropertyValueSpecification\",\"valueRequired\":true,\"valueName\":\"search_term_string\"}}],\"inLanguage\":\"es-PE\"},{\"@type\":\"Organization\",\"@id\":\"https:\\\/\\\/usadronetampa.com\\\/#organization\",\"name\":\"USA Drone Tampa\",\"url\":\"https:\\\/\\\/usadronetampa.com\\\/\",\"logo\":{\"@type\":\"ImageObject\",\"inLanguage\":\"es-PE\",\"@id\":\"https:\\\/\\\/usadronetampa.com\\\/#\\\/schema\\\/logo\\\/image\\\/\",\"url\":\"https:\\\/\\\/usadronetampa.com\\\/wp-content\\\/uploads\\\/2023\\\/08\\\/usa-drone2b.png\",\"contentUrl\":\"https:\\\/\\\/usadronetampa.com\\\/wp-content\\\/uploads\\\/2023\\\/08\\\/usa-drone2b.png\",\"width\":746,\"height\":590,\"caption\":\"USA Drone Tampa\"},\"image\":{\"@id\":\"https:\\\/\\\/usadronetampa.com\\\/#\\\/schema\\\/logo\\\/image\\\/\"},\"sameAs\":[\"https:\\\/\\\/www.facebook.com\\\/profile.php?id=100095595180083\"]}]}<\/script>\n<!-- \/ Yoast SEO plugin. -->","yoast_head_json":{"title":"DJI AGRAS T40 Agricultural - USA Drone Tampa","description":"The agras T40 is equipped with the revolutionary Coaxial Twin Rotor design, which allows it to carry a spray load of 40 kg and a distributed load of 50 kg","robots":{"index":"index","follow":"follow","max-snippet":"max-snippet:-1","max-image-preview":"max-image-preview:large","max-video-preview":"max-video-preview:-1"},"canonical":"https:\/\/usadronetampa.com\/es\/product\/dji-agras-t40-agricultural\/","og_locale":"es_ES","og_type":"article","og_title":"DJI AGRAS T40 Agricultural - USA Drone Tampa","og_description":"The agras T40 is equipped with the revolutionary Coaxial Twin Rotor design, which allows it to carry a spray load of 40 kg and a distributed load of 50 kg","og_url":"https:\/\/usadronetampa.com\/es\/product\/dji-agras-t40-agricultural\/","og_site_name":"USA Drone Tampa","article_publisher":"https:\/\/www.facebook.com\/profile.php?id=100095595180083","article_modified_time":"2025-03-11T16:23:39+00:00","og_image":[{"width":650,"height":488,"url":"https:\/\/usadronetampa.com\/wp-content\/uploads\/2023\/09\/dji-agras-t40-agricultural-drone-only-cp-ag-00000740-01-dji-43c.jpg","type":"image\/jpeg"}],"twitter_card":"summary_large_image","twitter_misc":{"Est. reading time":"4 minutos"},"schema":{"@context":"https:\/\/schema.org","@graph":[{"@type":"WebPage","@id":"https:\/\/usadronetampa.com\/product\/dji-agras-t40-agricultural\/","url":"https:\/\/usadronetampa.com\/product\/dji-agras-t40-agricultural\/","name":"DJI AGRAS T40 Agricultural - USA Drone Tampa","isPartOf":{"@id":"https:\/\/usadronetampa.com\/#website"},"primaryImageOfPage":{"@id":"https:\/\/usadronetampa.com\/product\/dji-agras-t40-agricultural\/#primaryimage"},"image":{"@id":"https:\/\/usadronetampa.com\/product\/dji-agras-t40-agricultural\/#primaryimage"},"thumbnailUrl":"https:\/\/usadronetampa.com\/wp-content\/uploads\/2023\/09\/dji-agras-t40-agricultural-drone-only-cp-ag-00000740-01-dji-43c.jpg","datePublished":"2023-09-23T22:02:33+00:00","dateModified":"2025-03-11T16:23:39+00:00","description":"The agras T40 is equipped with the revolutionary Coaxial Twin Rotor design, which allows it to carry a spray load of 40 kg and a distributed load of 50 kg","breadcrumb":{"@id":"https:\/\/usadronetampa.com\/product\/dji-agras-t40-agricultural\/#breadcrumb"},"inLanguage":"es-PE","potentialAction":[{"@type":"ReadAction","target":["https:\/\/usadronetampa.com\/product\/dji-agras-t40-agricultural\/"]}]},{"@type":"ImageObject","inLanguage":"es-PE","@id":"https:\/\/usadronetampa.com\/product\/dji-agras-t40-agricultural\/#primaryimage","url":"https:\/\/usadronetampa.com\/wp-content\/uploads\/2023\/09\/dji-agras-t40-agricultural-drone-only-cp-ag-00000740-01-dji-43c.jpg","contentUrl":"https:\/\/usadronetampa.com\/wp-content\/uploads\/2023\/09\/dji-agras-t40-agricultural-drone-only-cp-ag-00000740-01-dji-43c.jpg","width":650,"height":488,"caption":"dji agras t40"},{"@type":"BreadcrumbList","@id":"https:\/\/usadronetampa.com\/product\/dji-agras-t40-agricultural\/#breadcrumb","itemListElement":[{"@type":"ListItem","position":1,"name":"Home","item":"https:\/\/usadronetampa.com\/"},{"@type":"ListItem","position":2,"name":"Store","item":"https:\/\/usadronetampa.com\/tienda\/"},{"@type":"ListItem","position":3,"name":"DJI AGRAS T40 Agricultural"}]},{"@type":"WebSite","@id":"https:\/\/usadronetampa.com\/#website","url":"https:\/\/usadronetampa.com\/","name":"USA Drone Tampa","description":"Drones EE. UU.","publisher":{"@id":"https:\/\/usadronetampa.com\/#organization"},"potentialAction":[{"@type":"SearchAction","target":{"@type":"EntryPoint","urlTemplate":"https:\/\/usadronetampa.com\/?s={search_term_string}"},"query-input":{"@type":"PropertyValueSpecification","valueRequired":true,"valueName":"search_term_string"}}],"inLanguage":"es-PE"},{"@type":"Organization","@id":"https:\/\/usadronetampa.com\/#organization","name":"USA Drone Tampa","url":"https:\/\/usadronetampa.com\/","logo":{"@type":"ImageObject","inLanguage":"es-PE","@id":"https:\/\/usadronetampa.com\/#\/schema\/logo\/image\/","url":"https:\/\/usadronetampa.com\/wp-content\/uploads\/2023\/08\/usa-drone2b.png","contentUrl":"https:\/\/usadronetampa.com\/wp-content\/uploads\/2023\/08\/usa-drone2b.png","width":746,"height":590,"caption":"USA Drone Tampa"},"image":{"@id":"https:\/\/usadronetampa.com\/#\/schema\/logo\/image\/"},"sameAs":["https:\/\/www.facebook.com\/profile.php?id=100095595180083"]}]}},"_links":{"self":[{"href":"https:\/\/usadronetampa.com\/es\/wp-json\/wp\/v2\/product\/929","targetHints":{"allow":["GET"]}}],"collection":[{"href":"https:\/\/usadronetampa.com\/es\/wp-json\/wp\/v2\/product"}],"about":[{"href":"https:\/\/usadronetampa.com\/es\/wp-json\/wp\/v2\/types\/product"}],"replies":[{"embeddable":true,"href":"https:\/\/usadronetampa.com\/es\/wp-json\/wp\/v2\/comments?post=929"}],"wp:featuredmedia":[{"embeddable":true,"href":"https:\/\/usadronetampa.com\/es\/wp-json\/wp\/v2\/media\/1121"}],"wp:attachment":[{"href":"https:\/\/usadronetampa.com\/es\/wp-json\/wp\/v2\/media?parent=929"}],"wp:term":[{"taxonomy":"product_brand","embeddable":true,"href":"https:\/\/usadronetampa.com\/es\/wp-json\/wp\/v2\/product_brand?post=929"},{"taxonomy":"product_cat","embeddable":true,"href":"https:\/\/usadronetampa.com\/es\/wp-json\/wp\/v2\/product_cat?post=929"},{"taxonomy":"product_tag","embeddable":true,"href":"https:\/\/usadronetampa.com\/es\/wp-json\/wp\/v2\/product_tag?post=929"}],"curies":[{"name":"gracias","href":"https:\/\/api.w.org\/{rel}","templated":true}]}}