{"id":927,"date":"2023-09-23T21:57:39","date_gmt":"2023-09-23T21:57:39","guid":{"rendered":"https:\/\/usadronetampa.com\/?post_type=product&#038;p=927"},"modified":"2025-03-11T11:26:22","modified_gmt":"2025-03-11T16:26:22","slug":"dji-agras-t10-drone","status":"publish","type":"product","link":"https:\/\/usadronetampa.com\/es\/product\/dji-agras-t10-drone\/","title":{"rendered":"Dron DJI Agras T10"},"content":{"rendered":"<h1><span class=\"\">DJI AGRAS T10<\/span><\/h1>\n<p>&nbsp;<\/p>\n<h2><span style=\"color: #333399;\">The ideal drone for new farmers<\/span><\/h2>\n<ul>\n<li>\n<h4><span style=\"color: #ff0000;\">8L SPRAY TANK<\/span><\/h4>\n<\/li>\n<li>\n<h4><span style=\"color: #ff0000;\">SPHERICAL RADAR SYSTEM<\/span><\/h4>\n<\/li>\n<li>\n<h4><span style=\"color: #ff0000;\">IP67 OVERALL WATER RESISTANCE<\/span><\/h4>\n<\/li>\n<li>\n<h4><span style=\"color: #ff0000;\">DUAL FPV CAMERAS FOR<\/span><\/h4>\n<\/li>\n<li>\n<h4><span style=\"color: #ff0000;\">RTK MONITORING HIGH PRECISION OPERATION<\/span><\/h4>\n<\/li>\n<li>\n<h4><span style=\"color: #ff0000;\">SMART AGRICULTURE CLOUD PLATFORM<\/span><\/h4>\n<\/li>\n<\/ul>\n<p>The DJI Agras T10 offers a highly compact yet powerful aerial solution for agricultural sites of all sizes and needs.\u00a0An 8-liter tank and a spray width of up to 5 meters allow the aircraft to cover up to 15 acres\/hour.\u00a0[1] Its folding frame structure is sturdy and reliable, allowing for efficient folding and unfolding, convenient transportation, and easy transitions.<\/p>\n<h2><span style=\"color: #333399;\">Lightweight and Convenient<\/span><\/h2>\n<p>A carbon fiber composite body keeps the Agras T10 light and strong.\u00a0It can also be folded by 70% for more convenient transportation.\u00a0The battery and tank can be quickly connected and disconnected for more efficient recharging.<\/p>\n<h2><span style=\"color: #333399;\">Autonomous features for easier flights<\/span><\/h2>\n<p>The plane takes off with the push of a button.\u00a0Autonomous planning and automatic edge sweeping offer wide spray coverage and effortless operation.\u00a0The T10 also comes standard with an RTK module with centimeter-precision positioning.\u00a0The new DJI Agriculture app enables a smoother system experience and more intuitive operation.<\/p>\n<h2><span style=\"color: #333399;\">Precision spraying, without redundancy or leaks<\/span><\/h2>\n<p>The Agras T10 features a four-nozzle design with an output rate of up to 2.4 liters per minute.\u00a0A dual-channel solenoid flowmeter controls the nozzles for uniform spraying and precise volume control critical for pesticide spraying.<\/p>\n<h2><span style=\"color: #333399;\">Eliminate blind spots with a spherical radar system<\/span><\/h2>\n<p>The spherical radar system perceives obstacles and surroundings in all environments, weather conditions and viewing angles, regardless of dust and light interference.\u00a0Automatic obstacle avoidance and adaptive flight functions help ensure safety during operation.<\/p>\n<p><center>\u00a0<\/center><\/p>\n<div class=\"video-container\"><video autoplay=\"autoplay\" loop=\"loop\" muted=\"\" width=\"720\" height=\"480\" data-mce-fragment=\"1\"><\/video><\/div>\n<p>&nbsp;<\/p>\n<h2><span style=\"color: #333399;\">Dual FPV cameras for improved awareness<\/span><\/h2>\n<p>Equipped with dual FPV cameras, the Agras T10 provides clear front and rear views and allows you to check the flight status without needing to turn the aircraft mid-flight.\u00a0And a bright searchlight doubles the aircraft&#8217;s night vision capabilities, creating more possibilities for night operation.<\/p>\n<h2><span style=\"color: #333399;\">Designed for long term service<\/span><\/h2>\n<p>The Agras T10 control module has a fully enclosed structure for durability.\u00a0All critical components have three layers of protection and are IP67 rated.\u00a0Ideal for long-term use of pesticides and fertilizers, and to resist dust and corrosion.<\/p>\n<h2><span style=\"color: #333399;\">Ultra-bright screen ultimate control<\/span><\/h2>\n<p>An updated remote controller supports stable image transmission from a distance of up to 5 km, 67% further than the previous generation.\u00a0A bright 5.5-inch display delivers clear images, even in poor lighting conditions.\u00a0For greater productivity, one remote control can operate multiple drones at once.\u00a0The standard RTK high-precision positioning module enables operations planning at the centimeter level.\u00a0Additional improvements include stronger signaling, anti-jamming, and operational stability.\u00a0The new DJI Agriculture app provides a smooth user experience and more intuitive operation.<\/p>\n<h2><span style=\"color: #333399;\">Two batteries + charger for continuous operation<\/span><\/h2>\n<p><strong>1000 cycles for 1650 acres<\/strong>\u00a0\u00a0Requiring fewer support components, the Agras T10 is easier to transport.\u00a0A newly designed smart battery is covered by a 1-year warranty for 1,000 charges and 1,650 acres of flight;\u00a0This ultra-long lifespan significantly reduces operating costs.\u00a0The charging station and smart charging center can charge a battery in 10 minutes, allowing continuous operation with just two batteries and a charger.\u00a0The standard lockbox helps ensure battery safety and easy equipment storage.<\/p>\n<p><img decoding=\"async\" src=\"https:\/\/dji-official-fe.djicdn.com\/dps\/f5cf4b0b67b2e36a4ad0f5db10f78437.png\" width=\"90%\" \/><\/p>\n<h2><span style=\"color: #333399;\">Cloud-based 3D farming: digital farming is here<\/span><\/h2>\n<p>With the Smart Agriculture Cloud Platform, users can perform cloud-based mapping of orchard and farmland scenarios to generate intelligent flight paths.\u00a0This platform is equipped with an AI recognition system to patrol fields, identify growth, monitor diseases or pests, and monitor agricultural conditions efficiently.\u00a0Combining this system with the DJI P4 Multispectral allows users to apply solutions based on specific variables according to an automatically generated cropland prescription map.<\/p>\n","protected":false},"excerpt":{"rendered":"<p>DJI AGRAS T10<\/p>\n<p><span style=\"color: #ff0000;\"><strong>Para obtener m\u00e1s informaci\u00f3n sobre este producto, comun\u00edquese con: <a href=\"mailto:sales@usadronetampa.com\"><span style=\"color: #3366ff;\">sales@usadronetampa.com<\/span><\/a><\/strong><\/span><\/p>","protected":false},"featured_media":928,"comment_status":"open","ping_status":"closed","template":"","meta":{"site-sidebar-layout":"default","site-content-layout":"","ast-site-content-layout":"default","site-content-style":"default","site-sidebar-style":"default","ast-global-header-display":"","ast-banner-title-visibility":"","ast-main-header-display":"","ast-hfb-above-header-display":"","ast-hfb-below-header-display":"","ast-hfb-mobile-header-display":"","site-post-title":"","ast-breadcrumbs-content":"","ast-featured-img":"","footer-sml-layout":"","ast-disable-related-posts":"","theme-transparent-header-meta":"default","adv-header-id-meta":"","stick-header-meta":"default","header-above-stick-meta":"","header-main-stick-meta":"","header-below-stick-meta":"","astra-migrate-meta-layouts":"set","ast-page-background-enabled":"default","ast-page-background-meta":{"desktop":{"background-color":"var(--ast-global-color-4)","background-image":"","background-repeat":"repeat","background-position":"center center","background-size":"auto","background-attachment":"scroll","background-type":"","background-media":"","overlay-type":"","overlay-color":"","overlay-opacity":"","overlay-gradient":""},"tablet":{"background-color":"","background-image":"","background-repeat":"repeat","background-position":"center center","background-size":"auto","background-attachment":"scroll","background-type":"","background-media":"","overlay-type":"","overlay-color":"","overlay-opacity":"","overlay-gradient":""},"mobile":{"background-color":"","background-image":"","background-repeat":"repeat","background-position":"center center","background-size":"auto","background-attachment":"scroll","background-type":"","background-media":"","overlay-type":"","overlay-color":"","overlay-opacity":"","overlay-gradient":""}},"ast-content-background-meta":{"desktop":{"background-color":"var(--ast-global-color-5)","background-image":"","background-repeat":"repeat","background-position":"center center","background-size":"auto","background-attachment":"scroll","background-type":"","background-media":"","overlay-type":"","overlay-color":"","overlay-opacity":"","overlay-gradient":""},"tablet":{"background-color":"var(--ast-global-color-5)","background-image":"","background-repeat":"repeat","background-position":"center center","background-size":"auto","background-attachment":"scroll","background-type":"","background-media":"","overlay-type":"","overlay-color":"","overlay-opacity":"","overlay-gradient":""},"mobile":{"background-color":"var(--ast-global-color-5)","background-image":"","background-repeat":"repeat","background-position":"center center","background-size":"auto","background-attachment":"scroll","background-type":"","background-media":"","overlay-type":"","overlay-color":"","overlay-opacity":"","overlay-gradient":""}}},"product_brand":[],"product_cat":[34],"product_tag":[],"class_list":{"0":"post-927","1":"product","2":"type-product","3":"status-publish","4":"has-post-thumbnail","6":"product_cat-agricultural-drones","7":"desktop-align-left","8":"tablet-align-left","9":"mobile-align-left","11":"first","12":"instock","13":"taxable","14":"shipping-taxable","15":"product-type-simple"},"yoast_head":"<!-- This site is optimized with the Yoast SEO plugin v27.4 - https:\/\/yoast.com\/product\/yoast-seo-wordpress\/ -->\n<title>DJI Agras T10 Drone - USA Drone Tampa<\/title>\n<meta name=\"description\" content=\"The DJI Agras T10 offers a highly compact yet powerful aerial solution for agricultural sites of all sizes and needs.\u00a0An 8-liter tank\" \/>\n<meta name=\"robots\" content=\"index, follow, max-snippet:-1, max-image-preview:large, max-video-preview:-1\" \/>\n<link rel=\"canonical\" href=\"https:\/\/usadronetampa.com\/es\/product\/dji-agras-t10-drone\/\" \/>\n<meta property=\"og:locale\" content=\"es_ES\" \/>\n<meta property=\"og:type\" content=\"article\" \/>\n<meta property=\"og:title\" content=\"DJI Agras T10 Drone - USA Drone Tampa\" \/>\n<meta property=\"og:description\" content=\"The DJI Agras T10 offers a highly compact yet powerful aerial solution for agricultural sites of all sizes and needs.\u00a0An 8-liter tank\" \/>\n<meta property=\"og:url\" content=\"https:\/\/usadronetampa.com\/es\/product\/dji-agras-t10-drone\/\" \/>\n<meta property=\"og:site_name\" content=\"USA Drone Tampa\" \/>\n<meta property=\"article:publisher\" content=\"https:\/\/www.facebook.com\/profile.php?id=100095595180083\" \/>\n<meta property=\"article:modified_time\" content=\"2025-03-11T16:26:22+00:00\" \/>\n<meta property=\"og:image\" content=\"https:\/\/usadronetampa.com\/wp-content\/uploads\/2023\/09\/t10.png\" \/>\n\t<meta property=\"og:image:width\" content=\"322\" \/>\n\t<meta property=\"og:image:height\" content=\"269\" \/>\n\t<meta property=\"og:image:type\" content=\"image\/png\" \/>\n<meta name=\"twitter:card\" content=\"summary_large_image\" \/>\n<meta name=\"twitter:label1\" content=\"Est. reading time\" \/>\n\t<meta name=\"twitter:data1\" content=\"4 minutos\" \/>\n<script type=\"application\/ld+json\" class=\"yoast-schema-graph\">{\"@context\":\"https:\\\/\\\/schema.org\",\"@graph\":[{\"@type\":\"WebPage\",\"@id\":\"https:\\\/\\\/usadronetampa.com\\\/product\\\/dji-agras-t10-drone\\\/\",\"url\":\"https:\\\/\\\/usadronetampa.com\\\/product\\\/dji-agras-t10-drone\\\/\",\"name\":\"DJI Agras T10 Drone - USA Drone Tampa\",\"isPartOf\":{\"@id\":\"https:\\\/\\\/usadronetampa.com\\\/#website\"},\"primaryImageOfPage\":{\"@id\":\"https:\\\/\\\/usadronetampa.com\\\/product\\\/dji-agras-t10-drone\\\/#primaryimage\"},\"image\":{\"@id\":\"https:\\\/\\\/usadronetampa.com\\\/product\\\/dji-agras-t10-drone\\\/#primaryimage\"},\"thumbnailUrl\":\"https:\\\/\\\/usadronetampa.com\\\/wp-content\\\/uploads\\\/2023\\\/09\\\/t10.png\",\"datePublished\":\"2023-09-23T21:57:39+00:00\",\"dateModified\":\"2025-03-11T16:26:22+00:00\",\"description\":\"The DJI Agras T10 offers a highly compact yet powerful aerial solution for agricultural sites of all sizes and needs.\u00a0An 8-liter tank\",\"breadcrumb\":{\"@id\":\"https:\\\/\\\/usadronetampa.com\\\/product\\\/dji-agras-t10-drone\\\/#breadcrumb\"},\"inLanguage\":\"es-PE\",\"potentialAction\":[{\"@type\":\"ReadAction\",\"target\":[\"https:\\\/\\\/usadronetampa.com\\\/product\\\/dji-agras-t10-drone\\\/\"]}]},{\"@type\":\"ImageObject\",\"inLanguage\":\"es-PE\",\"@id\":\"https:\\\/\\\/usadronetampa.com\\\/product\\\/dji-agras-t10-drone\\\/#primaryimage\",\"url\":\"https:\\\/\\\/usadronetampa.com\\\/wp-content\\\/uploads\\\/2023\\\/09\\\/t10.png\",\"contentUrl\":\"https:\\\/\\\/usadronetampa.com\\\/wp-content\\\/uploads\\\/2023\\\/09\\\/t10.png\",\"width\":322,\"height\":269,\"caption\":\"The DJI Agras T1\"},{\"@type\":\"BreadcrumbList\",\"@id\":\"https:\\\/\\\/usadronetampa.com\\\/product\\\/dji-agras-t10-drone\\\/#breadcrumb\",\"itemListElement\":[{\"@type\":\"ListItem\",\"position\":1,\"name\":\"Home\",\"item\":\"https:\\\/\\\/usadronetampa.com\\\/\"},{\"@type\":\"ListItem\",\"position\":2,\"name\":\"Store\",\"item\":\"https:\\\/\\\/usadronetampa.com\\\/tienda\\\/\"},{\"@type\":\"ListItem\",\"position\":3,\"name\":\"DJI Agras T10 Drone\"}]},{\"@type\":\"WebSite\",\"@id\":\"https:\\\/\\\/usadronetampa.com\\\/#website\",\"url\":\"https:\\\/\\\/usadronetampa.com\\\/\",\"name\":\"USA Drone Tampa\",\"description\":\"Drones USA\",\"publisher\":{\"@id\":\"https:\\\/\\\/usadronetampa.com\\\/#organization\"},\"potentialAction\":[{\"@type\":\"SearchAction\",\"target\":{\"@type\":\"EntryPoint\",\"urlTemplate\":\"https:\\\/\\\/usadronetampa.com\\\/?s={search_term_string}\"},\"query-input\":{\"@type\":\"PropertyValueSpecification\",\"valueRequired\":true,\"valueName\":\"search_term_string\"}}],\"inLanguage\":\"es-PE\"},{\"@type\":\"Organization\",\"@id\":\"https:\\\/\\\/usadronetampa.com\\\/#organization\",\"name\":\"USA Drone Tampa\",\"url\":\"https:\\\/\\\/usadronetampa.com\\\/\",\"logo\":{\"@type\":\"ImageObject\",\"inLanguage\":\"es-PE\",\"@id\":\"https:\\\/\\\/usadronetampa.com\\\/#\\\/schema\\\/logo\\\/image\\\/\",\"url\":\"https:\\\/\\\/usadronetampa.com\\\/wp-content\\\/uploads\\\/2023\\\/08\\\/usa-drone2b.png\",\"contentUrl\":\"https:\\\/\\\/usadronetampa.com\\\/wp-content\\\/uploads\\\/2023\\\/08\\\/usa-drone2b.png\",\"width\":746,\"height\":590,\"caption\":\"USA Drone Tampa\"},\"image\":{\"@id\":\"https:\\\/\\\/usadronetampa.com\\\/#\\\/schema\\\/logo\\\/image\\\/\"},\"sameAs\":[\"https:\\\/\\\/www.facebook.com\\\/profile.php?id=100095595180083\"]}]}<\/script>\n<!-- \/ Yoast SEO plugin. -->","yoast_head_json":{"title":"DJI Agras T10 Drone - USA Drone Tampa","description":"The DJI Agras T10 offers a highly compact yet powerful aerial solution for agricultural sites of all sizes and needs.\u00a0An 8-liter tank","robots":{"index":"index","follow":"follow","max-snippet":"max-snippet:-1","max-image-preview":"max-image-preview:large","max-video-preview":"max-video-preview:-1"},"canonical":"https:\/\/usadronetampa.com\/es\/product\/dji-agras-t10-drone\/","og_locale":"es_ES","og_type":"article","og_title":"DJI Agras T10 Drone - USA Drone Tampa","og_description":"The DJI Agras T10 offers a highly compact yet powerful aerial solution for agricultural sites of all sizes and needs.\u00a0An 8-liter tank","og_url":"https:\/\/usadronetampa.com\/es\/product\/dji-agras-t10-drone\/","og_site_name":"USA Drone Tampa","article_publisher":"https:\/\/www.facebook.com\/profile.php?id=100095595180083","article_modified_time":"2025-03-11T16:26:22+00:00","og_image":[{"width":322,"height":269,"url":"https:\/\/usadronetampa.com\/wp-content\/uploads\/2023\/09\/t10.png","type":"image\/png"}],"twitter_card":"summary_large_image","twitter_misc":{"Est. reading time":"4 minutos"},"schema":{"@context":"https:\/\/schema.org","@graph":[{"@type":"WebPage","@id":"https:\/\/usadronetampa.com\/product\/dji-agras-t10-drone\/","url":"https:\/\/usadronetampa.com\/product\/dji-agras-t10-drone\/","name":"DJI Agras T10 Drone - USA Drone Tampa","isPartOf":{"@id":"https:\/\/usadronetampa.com\/#website"},"primaryImageOfPage":{"@id":"https:\/\/usadronetampa.com\/product\/dji-agras-t10-drone\/#primaryimage"},"image":{"@id":"https:\/\/usadronetampa.com\/product\/dji-agras-t10-drone\/#primaryimage"},"thumbnailUrl":"https:\/\/usadronetampa.com\/wp-content\/uploads\/2023\/09\/t10.png","datePublished":"2023-09-23T21:57:39+00:00","dateModified":"2025-03-11T16:26:22+00:00","description":"The DJI Agras T10 offers a highly compact yet powerful aerial solution for agricultural sites of all sizes and needs.\u00a0An 8-liter tank","breadcrumb":{"@id":"https:\/\/usadronetampa.com\/product\/dji-agras-t10-drone\/#breadcrumb"},"inLanguage":"es-PE","potentialAction":[{"@type":"ReadAction","target":["https:\/\/usadronetampa.com\/product\/dji-agras-t10-drone\/"]}]},{"@type":"ImageObject","inLanguage":"es-PE","@id":"https:\/\/usadronetampa.com\/product\/dji-agras-t10-drone\/#primaryimage","url":"https:\/\/usadronetampa.com\/wp-content\/uploads\/2023\/09\/t10.png","contentUrl":"https:\/\/usadronetampa.com\/wp-content\/uploads\/2023\/09\/t10.png","width":322,"height":269,"caption":"The DJI Agras T1"},{"@type":"BreadcrumbList","@id":"https:\/\/usadronetampa.com\/product\/dji-agras-t10-drone\/#breadcrumb","itemListElement":[{"@type":"ListItem","position":1,"name":"Home","item":"https:\/\/usadronetampa.com\/"},{"@type":"ListItem","position":2,"name":"Store","item":"https:\/\/usadronetampa.com\/tienda\/"},{"@type":"ListItem","position":3,"name":"DJI Agras T10 Drone"}]},{"@type":"WebSite","@id":"https:\/\/usadronetampa.com\/#website","url":"https:\/\/usadronetampa.com\/","name":"USA Drone Tampa","description":"Drones EE. UU.","publisher":{"@id":"https:\/\/usadronetampa.com\/#organization"},"potentialAction":[{"@type":"SearchAction","target":{"@type":"EntryPoint","urlTemplate":"https:\/\/usadronetampa.com\/?s={search_term_string}"},"query-input":{"@type":"PropertyValueSpecification","valueRequired":true,"valueName":"search_term_string"}}],"inLanguage":"es-PE"},{"@type":"Organization","@id":"https:\/\/usadronetampa.com\/#organization","name":"USA Drone Tampa","url":"https:\/\/usadronetampa.com\/","logo":{"@type":"ImageObject","inLanguage":"es-PE","@id":"https:\/\/usadronetampa.com\/#\/schema\/logo\/image\/","url":"https:\/\/usadronetampa.com\/wp-content\/uploads\/2023\/08\/usa-drone2b.png","contentUrl":"https:\/\/usadronetampa.com\/wp-content\/uploads\/2023\/08\/usa-drone2b.png","width":746,"height":590,"caption":"USA Drone Tampa"},"image":{"@id":"https:\/\/usadronetampa.com\/#\/schema\/logo\/image\/"},"sameAs":["https:\/\/www.facebook.com\/profile.php?id=100095595180083"]}]}},"_links":{"self":[{"href":"https:\/\/usadronetampa.com\/es\/wp-json\/wp\/v2\/product\/927","targetHints":{"allow":["GET"]}}],"collection":[{"href":"https:\/\/usadronetampa.com\/es\/wp-json\/wp\/v2\/product"}],"about":[{"href":"https:\/\/usadronetampa.com\/es\/wp-json\/wp\/v2\/types\/product"}],"replies":[{"embeddable":true,"href":"https:\/\/usadronetampa.com\/es\/wp-json\/wp\/v2\/comments?post=927"}],"wp:featuredmedia":[{"embeddable":true,"href":"https:\/\/usadronetampa.com\/es\/wp-json\/wp\/v2\/media\/928"}],"wp:attachment":[{"href":"https:\/\/usadronetampa.com\/es\/wp-json\/wp\/v2\/media?parent=927"}],"wp:term":[{"taxonomy":"product_brand","embeddable":true,"href":"https:\/\/usadronetampa.com\/es\/wp-json\/wp\/v2\/product_brand?post=927"},{"taxonomy":"product_cat","embeddable":true,"href":"https:\/\/usadronetampa.com\/es\/wp-json\/wp\/v2\/product_cat?post=927"},{"taxonomy":"product_tag","embeddable":true,"href":"https:\/\/usadronetampa.com\/es\/wp-json\/wp\/v2\/product_tag?post=927"}],"curies":[{"name":"gracias","href":"https:\/\/api.w.org\/{rel}","templated":true}]}}