{"id":921,"date":"2023-09-23T21:50:25","date_gmt":"2023-09-23T21:50:25","guid":{"rendered":"https:\/\/usadronetampa.com\/?post_type=product&#038;p=921"},"modified":"2025-03-11T11:27:25","modified_gmt":"2025-03-11T16:27:25","slug":"dji-agras-t20p-combo","status":"publish","type":"product","link":"https:\/\/usadronetampa.com\/es\/product\/dji-agras-t20p-combo\/","title":{"rendered":"Combo DJI Agras T20P"},"content":{"rendered":"<h3><img fetchpriority=\"high\" decoding=\"async\" class=\"aligncenter wp-image-45752 entered lazyloaded\" src=\"https:\/\/elvuelodeldrone.com\/wp-content\/uploads\/2022\/03\/DJI-Agras-T20P.jpg\" alt=\"DJI Agras T20P\" width=\"900\" height=\"514\" data-lazy-src=\"https:\/\/elvuelodeldrone.com\/wp-content\/uploads\/2022\/03\/DJI-Agras-T20P.jpg\" data-ll-status=\"loaded\" \/><\/h3>\n<h2><\/h2>\n<h2><span class=\"\" style=\"color: #333399;\">El dron agr\u00edcola T20P es un sistema de tratamiento agr\u00edcola ligero y plegable que ofrece un alto rendimiento.<\/span><\/h2>\n<p>Soporta un\u00a0<strong>carga m\u00e1xima de 20 kg \/ 35<\/strong>\u00a0L. Est\u00e1 equipado con un\u00a0<strong>spray de doble atomizaci\u00f3n<\/strong>\u00a0, radar activo en fase y sistema de percepci\u00f3n visual binocular, que integra reconocimiento a\u00e9reo y protecci\u00f3n de vuelo.\u00a0<strong>El Agras T20 se presenta como un sistema de vuelo con buena relaci\u00f3n calidad-precio<\/strong>\u00a0ya que ofrece un rendimiento muy alto.<\/p>\n<p><span class=\"\">Ser\u00a0<\/span><strong><span class=\"\">ligero y plegable<\/span><\/strong><span class=\"\">\u00a0, es muy adecuado para trabajos en peque\u00f1as parcelas agr\u00edcolas separadas entre s\u00ed.<\/span><\/p>\n<p>El T20P adopta una estructura de cuatro rotores y un nuevo dise\u00f1o de fuselaje de armadura inclinada, que puede reducir efectivamente la relaci\u00f3n de volumen en 77% y\u00a0<strong>puede ser manejado f\u00e1cilmente por una sola persona.\u00a0<\/strong><\/p>\n<p><img decoding=\"async\" class=\"aligncenter wp-image-45799 entered lazyloaded\" src=\"https:\/\/elvuelodeldrone.com\/wp-content\/uploads\/2022\/03\/Agras-T20P-deposito-25kg-pesaje-en-tiempo-real.jpg\" alt=\"AGRAS T20P seed spreader module\" width=\"900\" height=\"600\" data-lazy-src=\"https:\/\/elvuelodeldrone.com\/wp-content\/uploads\/2022\/03\/Agras-T20P-deposito-25kg-pesaje-en-tiempo-real.jpg\" data-ll-status=\"loaded\" \/><\/p>\n<h2><span style=\"color: #333399;\">Sistema de aspersores de doble atomizaci\u00f3n preciso y eficaz.<\/span><\/h2>\n<h3><span style=\"color: #333399;\"><strong>Bomba de impulsor de accionamiento magn\u00e9tico<\/strong><\/span><\/h3>\n<p>El nuevo dise\u00f1o de transmisi\u00f3n magn\u00e9tica permite que los fertilizantes\/tratamientos l\u00edquidos est\u00e9n completamente aislados y no tengan contacto con los motores de los aviones, que est\u00e1n construidos con materiales anticorrosivos altamente duraderos. Los tanques y dem\u00e1s componentes de la estructura son de desenganche r\u00e1pido manual, facilitando la limpieza.<\/p>\n<h3><span style=\"color: #333399;\"><strong>Boquilla centr\u00edfuga de doble atomizaci\u00f3n.<\/strong><\/span><\/h3>\n<p>Gracias a la estructura del disco de pulverizaci\u00f3n dental de atomizaci\u00f3n secundaria, las gotas son m\u00e1s uniformes y\u00a0<strong>Se mejora la tasa de utilizaci\u00f3n de pesticidas.<\/strong><\/p>\n<p>El Agras T20P es el primer dron agr\u00edcola que\u00a0<strong>equipa una v\u00e1lvula centr\u00edfuga que evita el goteo de medicamentos<\/strong>\u00a0, evitando la quema de brotes y plantas peque\u00f1as y la contaminaci\u00f3n; logrando ahorrar medicamentos y proteger el medio ambiente.<\/p>\n<h2><span style=\"color: #333399;\">Siembra de alta eficiencia, que destaca por su rapidez y precisi\u00f3n.<\/span><\/h2>\n<p>Sistema de esparcido con capacidad m\u00e1xima de 25 kg. siembra y 20 kg. del l\u00edquido de fumigaci\u00f3n.<\/p>\n<p><strong>1 tonelada de fertilizante por hora<\/strong><br \/>\nEl sistema de esparcido T20P aumenta la carga a 25 kg y tiene una capacidad de hasta 35 litros.<\/p>\n<p><strong>Pesaje de carga en vuelo y en tiempo real<\/strong><br \/>\nEl fuselaje est\u00e1 equipado con un sensor de pesaje que puede capturar la cantidad de siembra y la cantidad de material restante en tiempo real.<\/p>\n<p><strong>Liberaci\u00f3n r\u00e1pida para lavado.<\/strong><br \/>\nEl esparcidor de semillas\/fertilizantes se puede montar y desmontar en 3 minutos para su lavado y mantenimiento.<\/p>\n<p>&nbsp;<\/p>\n<h2><span style=\"color: #333399;\">La percepci\u00f3n omnidireccional permite un vuelo estable y seguro<\/span><\/h2>\n<p>El radar activo en fase integra un sistema visual binocular con\u00a0<strong>Percepci\u00f3n omnidireccional de 360 grados para<\/strong>\u00a0Evitaci\u00f3n eficaz de obst\u00e1culos.<\/p>\n<p>La distancia de detecci\u00f3n\/evitaci\u00f3n de obst\u00e1culos es de hasta\u00a0<strong>50 metros<\/strong>\u00a0, dispone de mapeo inteligente del terreno para superar y evadir m\u00faltiples obst\u00e1culos incluso en terrenos dif\u00edciles, como \u00e1rboles, colinas, terrazas de huertos\u2026<\/p>\n<p><strong>El T20P integra reconocimiento a\u00e9reo y seguridad de vuelo mejorada.\u00a0<\/strong>Est\u00e1 equipado con una c\u00e1mara de ultra alta definici\u00f3n. El \u00e1ngulo del card\u00e1n es ajustable y el campo de visi\u00f3n est\u00e1 siempre bajo control del piloto.<\/p>\n<p>Se pueden recopilar im\u00e1genes de tierras de cultivo y huertos en tiempo real, y se puede utilizar el control remoto para crear mapas localmente sin necesidad de una red, identificar autom\u00e1ticamente los l\u00edmites y obst\u00e1culos de las parcelas y planificar r\u00e1pidamente rutas operativas de aplicaci\u00f3n de tratamientos en cualquier escenario agr\u00edcola.<\/p>\n<p><img decoding=\"async\" class=\"aligncenter wp-image-45800 entered lazyloaded\" src=\"https:\/\/elvuelodeldrone.com\/wp-content\/uploads\/2022\/03\/DJI-Agras-T20P-radar-y-sistemas-de-evasion-de-obstaculos.jpg\" alt=\"\" width=\"900\" height=\"600\" data-lazy-src=\"https:\/\/elvuelodeldrone.com\/wp-content\/uploads\/2022\/03\/DJI-Agras-T20P-radar-y-sistemas-de-evasion-de-obstaculos.jpg\" data-ll-status=\"loaded\" \/><\/p>\n<h2><span style=\"color: #333399;\">El Control Remoto puede procesar y realizar mapas del terreno sin necesidad de una computadora<\/span><\/h2>\n<p>Equipado con un procesador de 8 n\u00facleos, el Agras T20P puede\u00a0<strong>mapea hasta 40 hect\u00e1reas de terreno en 10 minutos<\/strong>\u00a0. La planificaci\u00f3n inteligente de rutas reduce los vuelos de regreso cuando el dep\u00f3sito est\u00e1 vac\u00edo, lo que mejora enormemente la eficiencia operativa.<\/p>\n<p><strong>La pantalla grande del mando a distancia es de 7 pulgadas.<\/strong>\u00a0Alto brillo, permitiendo un doble campo de visi\u00f3n simult\u00e1neo. Los botones y controles f\u00edsicos son personalizables para una mejor experiencia de usuario.<\/p>\n<p><img loading=\"lazy\" decoding=\"async\" class=\"aligncenter wp-image-45791 entered lazyloaded\" src=\"https:\/\/elvuelodeldrone.com\/wp-content\/uploads\/2022\/03\/Agras-T20P-control-remoto.jpg\" alt=\"DJI Agras T20P 8-core remote control\" width=\"900\" height=\"600\" data-lazy-src=\"https:\/\/elvuelodeldrone.com\/wp-content\/uploads\/2022\/03\/Agras-T20P-control-remoto.jpg\" data-ll-status=\"loaded\" \/><\/p>\n<h2><span style=\"color: #333399;\">Ecosistema de agricultura inteligente<\/span><\/h2>\n<p>A trav\u00e9s de la plataforma agr\u00edcola en la nube DJI, P4M, P4R y aviones agr\u00edcolas no tripulados,\u00a0<strong>operaciones autom\u00e1ticas de inspecci\u00f3n de campo<\/strong>\u00a0Se pueden realizar monitoreo de nivelaci\u00f3n de terrenos, identificaci\u00f3n de emergencias, an\u00e1lisis de crecimiento y mapas de prescripci\u00f3n variable.<\/p>\n<p>De acuerdo con el ciclo completo de crecimiento de los cultivos, con la versi\u00f3n multiespectral de Phantom 4, combinado con el mapa de prescripci\u00f3n de tierras de cultivo, se pueden llevar a cabo operaciones variables precisas, como fertilizaci\u00f3n variable de arroz, control variable de algod\u00f3n, soluci\u00f3n nutritiva variable de soja y ma\u00edz. y rociar defoliante de algod\u00f3n.<\/p>","protected":false},"excerpt":{"rendered":"<p>DJI AGRAS T20P<\/p>\n<p><span style=\"color: #ff0000;\"><strong>Para obtener m\u00e1s informaci\u00f3n sobre este producto, comun\u00edquese con: <a href=\"mailto:sales@usadronetampa.com\"><span style=\"color: #3366ff;\">sales@usadronetampa.com<\/span><\/a><\/strong><\/span><\/p>","protected":false},"featured_media":922,"comment_status":"open","ping_status":"closed","template":"","meta":{"site-sidebar-layout":"default","site-content-layout":"","ast-site-content-layout":"default","site-content-style":"default","site-sidebar-style":"default","ast-global-header-display":"","ast-banner-title-visibility":"","ast-main-header-display":"","ast-hfb-above-header-display":"","ast-hfb-below-header-display":"","ast-hfb-mobile-header-display":"","site-post-title":"","ast-breadcrumbs-content":"","ast-featured-img":"","footer-sml-layout":"","ast-disable-related-posts":"","theme-transparent-header-meta":"default","adv-header-id-meta":"","stick-header-meta":"default","header-above-stick-meta":"","header-main-stick-meta":"","header-below-stick-meta":"","astra-migrate-meta-layouts":"set","ast-page-background-enabled":"default","ast-page-background-meta":{"desktop":{"background-color":"var(--ast-global-color-4)","background-image":"","background-repeat":"repeat","background-position":"center center","background-size":"auto","background-attachment":"scroll","background-type":"","background-media":"","overlay-type":"","overlay-color":"","overlay-opacity":"","overlay-gradient":""},"tablet":{"background-color":"","background-image":"","background-repeat":"repeat","background-position":"center center","background-size":"auto","background-attachment":"scroll","background-type":"","background-media":"","overlay-type":"","overlay-color":"","overlay-opacity":"","overlay-gradient":""},"mobile":{"background-color":"","background-image":"","background-repeat":"repeat","background-position":"center center","background-size":"auto","background-attachment":"scroll","background-type":"","background-media":"","overlay-type":"","overlay-color":"","overlay-opacity":"","overlay-gradient":""}},"ast-content-background-meta":{"desktop":{"background-color":"var(--ast-global-color-5)","background-image":"","background-repeat":"repeat","background-position":"center center","background-size":"auto","background-attachment":"scroll","background-type":"","background-media":"","overlay-type":"","overlay-color":"","overlay-opacity":"","overlay-gradient":""},"tablet":{"background-color":"var(--ast-global-color-5)","background-image":"","background-repeat":"repeat","background-position":"center center","background-size":"auto","background-attachment":"scroll","background-type":"","background-media":"","overlay-type":"","overlay-color":"","overlay-opacity":"","overlay-gradient":""},"mobile":{"background-color":"var(--ast-global-color-5)","background-image":"","background-repeat":"repeat","background-position":"center center","background-size":"auto","background-attachment":"scroll","background-type":"","background-media":"","overlay-type":"","overlay-color":"","overlay-opacity":"","overlay-gradient":""}}},"product_brand":[],"product_cat":[34],"product_tag":[],"class_list":{"0":"post-921","1":"product","2":"type-product","3":"status-publish","4":"has-post-thumbnail","6":"product_cat-agricultural-drones","7":"desktop-align-left","8":"tablet-align-left","9":"mobile-align-left","11":"first","12":"instock","13":"taxable","14":"shipping-taxable","15":"product-type-simple"},"yoast_head":"<!-- This site is optimized with the Yoast SEO plugin v27.4 - https:\/\/yoast.com\/product\/yoast-seo-wordpress\/ -->\n<title>DJI Agras T20P Combo - USA Drone Tampa<\/title>\n<meta name=\"description\" content=\"The Agras T20 is presented as a flight system with good value for money\u00a0as it offers very high performance. Being\u00a0light and foldable\u00a0, it is very suitable..\" \/>\n<meta name=\"robots\" content=\"index, follow, max-snippet:-1, max-image-preview:large, max-video-preview:-1\" \/>\n<link rel=\"canonical\" href=\"https:\/\/usadronetampa.com\/es\/product\/dji-agras-t20p-combo\/\" \/>\n<meta property=\"og:locale\" content=\"es_ES\" \/>\n<meta property=\"og:type\" content=\"article\" \/>\n<meta property=\"og:title\" content=\"DJI Agras T20P Combo - USA Drone Tampa\" \/>\n<meta property=\"og:description\" content=\"The Agras T20 is presented as a flight system with good value for money\u00a0as it offers very high performance. Being\u00a0light and foldable\u00a0, it is very suitable..\" \/>\n<meta property=\"og:url\" content=\"https:\/\/usadronetampa.com\/es\/product\/dji-agras-t20p-combo\/\" \/>\n<meta property=\"og:site_name\" content=\"USA Drone Tampa\" \/>\n<meta property=\"article:publisher\" content=\"https:\/\/www.facebook.com\/profile.php?id=100095595180083\" \/>\n<meta property=\"article:modified_time\" content=\"2025-03-11T16:27:25+00:00\" \/>\n<meta property=\"og:image\" content=\"https:\/\/usadronetampa.com\/wp-content\/uploads\/2023\/09\/t20p_0002_T20P_0001_Capa-4.png\" \/>\n\t<meta property=\"og:image:width\" content=\"500\" \/>\n\t<meta property=\"og:image:height\" content=\"500\" \/>\n\t<meta property=\"og:image:type\" content=\"image\/png\" \/>\n<meta name=\"twitter:card\" content=\"summary_large_image\" \/>\n<meta name=\"twitter:label1\" content=\"Est. reading time\" \/>\n\t<meta name=\"twitter:data1\" content=\"4 minutos\" \/>\n<script type=\"application\/ld+json\" class=\"yoast-schema-graph\">{\"@context\":\"https:\\\/\\\/schema.org\",\"@graph\":[{\"@type\":\"WebPage\",\"@id\":\"https:\\\/\\\/usadronetampa.com\\\/product\\\/dji-agras-t20p-combo\\\/\",\"url\":\"https:\\\/\\\/usadronetampa.com\\\/product\\\/dji-agras-t20p-combo\\\/\",\"name\":\"DJI Agras T20P Combo - USA Drone Tampa\",\"isPartOf\":{\"@id\":\"https:\\\/\\\/usadronetampa.com\\\/#website\"},\"primaryImageOfPage\":{\"@id\":\"https:\\\/\\\/usadronetampa.com\\\/product\\\/dji-agras-t20p-combo\\\/#primaryimage\"},\"image\":{\"@id\":\"https:\\\/\\\/usadronetampa.com\\\/product\\\/dji-agras-t20p-combo\\\/#primaryimage\"},\"thumbnailUrl\":\"https:\\\/\\\/usadronetampa.com\\\/wp-content\\\/uploads\\\/2023\\\/09\\\/t20p_0002_T20P_0001_Capa-4.png\",\"datePublished\":\"2023-09-23T21:50:25+00:00\",\"dateModified\":\"2025-03-11T16:27:25+00:00\",\"description\":\"The Agras T20 is presented as a flight system with good value for money\u00a0as it offers very high performance. Being\u00a0light and foldable\u00a0, it is very suitable..\",\"breadcrumb\":{\"@id\":\"https:\\\/\\\/usadronetampa.com\\\/product\\\/dji-agras-t20p-combo\\\/#breadcrumb\"},\"inLanguage\":\"es-PE\",\"potentialAction\":[{\"@type\":\"ReadAction\",\"target\":[\"https:\\\/\\\/usadronetampa.com\\\/product\\\/dji-agras-t20p-combo\\\/\"]}]},{\"@type\":\"ImageObject\",\"inLanguage\":\"es-PE\",\"@id\":\"https:\\\/\\\/usadronetampa.com\\\/product\\\/dji-agras-t20p-combo\\\/#primaryimage\",\"url\":\"https:\\\/\\\/usadronetampa.com\\\/wp-content\\\/uploads\\\/2023\\\/09\\\/t20p_0002_T20P_0001_Capa-4.png\",\"contentUrl\":\"https:\\\/\\\/usadronetampa.com\\\/wp-content\\\/uploads\\\/2023\\\/09\\\/t20p_0002_T20P_0001_Capa-4.png\",\"width\":500,\"height\":500,\"caption\":\"dji agras T20p\"},{\"@type\":\"BreadcrumbList\",\"@id\":\"https:\\\/\\\/usadronetampa.com\\\/product\\\/dji-agras-t20p-combo\\\/#breadcrumb\",\"itemListElement\":[{\"@type\":\"ListItem\",\"position\":1,\"name\":\"Home\",\"item\":\"https:\\\/\\\/usadronetampa.com\\\/\"},{\"@type\":\"ListItem\",\"position\":2,\"name\":\"Store\",\"item\":\"https:\\\/\\\/usadronetampa.com\\\/tienda\\\/\"},{\"@type\":\"ListItem\",\"position\":3,\"name\":\"DJI Agras T20P Combo\"}]},{\"@type\":\"WebSite\",\"@id\":\"https:\\\/\\\/usadronetampa.com\\\/#website\",\"url\":\"https:\\\/\\\/usadronetampa.com\\\/\",\"name\":\"USA Drone Tampa\",\"description\":\"Drones USA\",\"publisher\":{\"@id\":\"https:\\\/\\\/usadronetampa.com\\\/#organization\"},\"potentialAction\":[{\"@type\":\"SearchAction\",\"target\":{\"@type\":\"EntryPoint\",\"urlTemplate\":\"https:\\\/\\\/usadronetampa.com\\\/?s={search_term_string}\"},\"query-input\":{\"@type\":\"PropertyValueSpecification\",\"valueRequired\":true,\"valueName\":\"search_term_string\"}}],\"inLanguage\":\"es-PE\"},{\"@type\":\"Organization\",\"@id\":\"https:\\\/\\\/usadronetampa.com\\\/#organization\",\"name\":\"USA Drone Tampa\",\"url\":\"https:\\\/\\\/usadronetampa.com\\\/\",\"logo\":{\"@type\":\"ImageObject\",\"inLanguage\":\"es-PE\",\"@id\":\"https:\\\/\\\/usadronetampa.com\\\/#\\\/schema\\\/logo\\\/image\\\/\",\"url\":\"https:\\\/\\\/usadronetampa.com\\\/wp-content\\\/uploads\\\/2023\\\/08\\\/usa-drone2b.png\",\"contentUrl\":\"https:\\\/\\\/usadronetampa.com\\\/wp-content\\\/uploads\\\/2023\\\/08\\\/usa-drone2b.png\",\"width\":746,\"height\":590,\"caption\":\"USA Drone Tampa\"},\"image\":{\"@id\":\"https:\\\/\\\/usadronetampa.com\\\/#\\\/schema\\\/logo\\\/image\\\/\"},\"sameAs\":[\"https:\\\/\\\/www.facebook.com\\\/profile.php?id=100095595180083\"]}]}<\/script>\n<!-- \/ Yoast SEO plugin. -->","yoast_head_json":{"title":"DJI Agras T20P Combo - EE.UU. Drone Tampa","description":"El Agras T20 se presenta como un sistema de vuelo con una excelente relaci\u00f3n calidad-precio, ya que ofrece un rendimiento excepcional. Ligero y plegable, es ideal.","robots":{"index":"index","follow":"follow","max-snippet":"max-snippet:-1","max-image-preview":"max-image-preview:large","max-video-preview":"max-video-preview:-1"},"canonical":"https:\/\/usadronetampa.com\/es\/product\/dji-agras-t20p-combo\/","og_locale":"es_ES","og_type":"article","og_title":"DJI Agras T20P Combo - USA Drone Tampa","og_description":"The Agras T20 is presented as a flight system with good value for money\u00a0as it offers very high performance. Being\u00a0light and foldable\u00a0, it is very suitable..","og_url":"https:\/\/usadronetampa.com\/es\/product\/dji-agras-t20p-combo\/","og_site_name":"USA Drone Tampa","article_publisher":"https:\/\/www.facebook.com\/profile.php?id=100095595180083","article_modified_time":"2025-03-11T16:27:25+00:00","og_image":[{"width":500,"height":500,"url":"https:\/\/usadronetampa.com\/wp-content\/uploads\/2023\/09\/t20p_0002_T20P_0001_Capa-4.png","type":"image\/png"}],"twitter_card":"summary_large_image","twitter_misc":{"Est. reading time":"4 minutos"},"schema":{"@context":"https:\/\/schema.org","@graph":[{"@type":"WebPage","@id":"https:\/\/usadronetampa.com\/product\/dji-agras-t20p-combo\/","url":"https:\/\/usadronetampa.com\/product\/dji-agras-t20p-combo\/","name":"DJI Agras T20P Combo - EE.UU. Drone Tampa","isPartOf":{"@id":"https:\/\/usadronetampa.com\/#website"},"primaryImageOfPage":{"@id":"https:\/\/usadronetampa.com\/product\/dji-agras-t20p-combo\/#primaryimage"},"image":{"@id":"https:\/\/usadronetampa.com\/product\/dji-agras-t20p-combo\/#primaryimage"},"thumbnailUrl":"https:\/\/usadronetampa.com\/wp-content\/uploads\/2023\/09\/t20p_0002_T20P_0001_Capa-4.png","datePublished":"2023-09-23T21:50:25+00:00","dateModified":"2025-03-11T16:27:25+00:00","description":"El Agras T20 se presenta como un sistema de vuelo con una excelente relaci\u00f3n calidad-precio, ya que ofrece un rendimiento excepcional. Ligero y plegable, es ideal.","breadcrumb":{"@id":"https:\/\/usadronetampa.com\/product\/dji-agras-t20p-combo\/#breadcrumb"},"inLanguage":"es-PE","potentialAction":[{"@type":"ReadAction","target":["https:\/\/usadronetampa.com\/product\/dji-agras-t20p-combo\/"]}]},{"@type":"ImageObject","inLanguage":"es-PE","@id":"https:\/\/usadronetampa.com\/product\/dji-agras-t20p-combo\/#primaryimage","url":"https:\/\/usadronetampa.com\/wp-content\/uploads\/2023\/09\/t20p_0002_T20P_0001_Capa-4.png","contentUrl":"https:\/\/usadronetampa.com\/wp-content\/uploads\/2023\/09\/t20p_0002_T20P_0001_Capa-4.png","width":500,"height":500,"caption":"dji agras T20p"},{"@type":"BreadcrumbList","@id":"https:\/\/usadronetampa.com\/product\/dji-agras-t20p-combo\/#breadcrumb","itemListElement":[{"@type":"ListItem","position":1,"name":"Home","item":"https:\/\/usadronetampa.com\/"},{"@type":"ListItem","position":2,"name":"Store","item":"https:\/\/usadronetampa.com\/tienda\/"},{"@type":"ListItem","position":3,"name":"DJI Agras T20P Combo"}]},{"@type":"WebSite","@id":"https:\/\/usadronetampa.com\/#website","url":"https:\/\/usadronetampa.com\/","name":"USA Drone Tampa","description":"Drones EE. UU.","publisher":{"@id":"https:\/\/usadronetampa.com\/#organization"},"potentialAction":[{"@type":"SearchAction","target":{"@type":"EntryPoint","urlTemplate":"https:\/\/usadronetampa.com\/?s={search_term_string}"},"query-input":{"@type":"PropertyValueSpecification","valueRequired":true,"valueName":"search_term_string"}}],"inLanguage":"es-PE"},{"@type":"Organization","@id":"https:\/\/usadronetampa.com\/#organization","name":"USA Drone Tampa","url":"https:\/\/usadronetampa.com\/","logo":{"@type":"ImageObject","inLanguage":"es-PE","@id":"https:\/\/usadronetampa.com\/#\/schema\/logo\/image\/","url":"https:\/\/usadronetampa.com\/wp-content\/uploads\/2023\/08\/usa-drone2b.png","contentUrl":"https:\/\/usadronetampa.com\/wp-content\/uploads\/2023\/08\/usa-drone2b.png","width":746,"height":590,"caption":"USA Drone Tampa"},"image":{"@id":"https:\/\/usadronetampa.com\/#\/schema\/logo\/image\/"},"sameAs":["https:\/\/www.facebook.com\/profile.php?id=100095595180083"]}]}},"_links":{"self":[{"href":"https:\/\/usadronetampa.com\/es\/wp-json\/wp\/v2\/product\/921","targetHints":{"allow":["GET"]}}],"collection":[{"href":"https:\/\/usadronetampa.com\/es\/wp-json\/wp\/v2\/product"}],"about":[{"href":"https:\/\/usadronetampa.com\/es\/wp-json\/wp\/v2\/types\/product"}],"replies":[{"embeddable":true,"href":"https:\/\/usadronetampa.com\/es\/wp-json\/wp\/v2\/comments?post=921"}],"wp:featuredmedia":[{"embeddable":true,"href":"https:\/\/usadronetampa.com\/es\/wp-json\/wp\/v2\/media\/922"}],"wp:attachment":[{"href":"https:\/\/usadronetampa.com\/es\/wp-json\/wp\/v2\/media?parent=921"}],"wp:term":[{"taxonomy":"product_brand","embeddable":true,"href":"https:\/\/usadronetampa.com\/es\/wp-json\/wp\/v2\/product_brand?post=921"},{"taxonomy":"product_cat","embeddable":true,"href":"https:\/\/usadronetampa.com\/es\/wp-json\/wp\/v2\/product_cat?post=921"},{"taxonomy":"product_tag","embeddable":true,"href":"https:\/\/usadronetampa.com\/es\/wp-json\/wp\/v2\/product_tag?post=921"}],"curies":[{"name":"gracias","href":"https:\/\/api.w.org\/{rel}","templated":true}]}}