{"id":911,"date":"2023-09-23T21:39:42","date_gmt":"2023-09-23T21:39:42","guid":{"rendered":"https:\/\/usadronetampa.com\/?post_type=product&#038;p=911"},"modified":"2025-03-11T11:29:10","modified_gmt":"2025-03-11T16:29:10","slug":"dji-agras-t30-drone","status":"publish","type":"product","link":"https:\/\/usadronetampa.com\/es\/product\/dji-agras-t30-drone\/","title":{"rendered":"Dron DJI Agras T30"},"content":{"rendered":"<h1>DJI AGRAS T30<\/h1>\n<p>&nbsp;<\/p>\n<h2><span style=\"color: #333399;\">Un nuevo buque insignia de la agricultura digital<\/span><\/h2>\n<ul>\n<li>\n<h4><span style=\"color: #ff0000;\">TANQUE DE PULVERIZACI\u00d3N DE 30L<\/span><\/h4>\n<h4><span style=\"color: #ff0000;\">SISTEMA DE RADAR ESF\u00c9RICO,<\/span><\/h4>\n<h4><span style=\"color: #ff0000;\">C\u00c1MARA FPV DOBLE PARA MONITOREAR<\/span><\/h4>\n<h4><span style=\"color: #ff0000;\">RTK, FUNCIONAMIENTO DE ALTA PRECISI\u00d3N,<\/span><\/h4>\n<h4><span style=\"color: #ff0000;\">PLATAFORMA EN LA NUBE PARA AGRICULTURA INTELIGENTE<\/span><\/h4>\n<\/li>\n<\/ul>\n<p>Con un tanque de aspersi\u00f3n de 30 litros, el DJI Agras T30 lleva la eficiencia de la aspersi\u00f3n a\u00e9rea a nuevas alturas. Un revolucionario cuerpo transformador permite una pulverizaci\u00f3n m\u00e1s eficaz, especialmente en \u00e1rboles frutales. Al utilizar las soluciones agr\u00edcolas digitales de DJI, el T30 ayuda a reducir el uso de fertilizantes y aumentar el rendimiento con mejores pr\u00e1cticas efectivas basadas en datos.<\/p>\n<h2><span style=\"color: #333399;\">Tecnolog\u00eda de orientaci\u00f3n de sucursales para una penetraci\u00f3n completa<\/span><\/h2>\n<p>Con una revolucionaria tecnolog\u00eda de orientaci\u00f3n de ramas y brazos ajustables, el Agras T30 penetra las espesas copas de los \u00e1rboles con un rociado oblicuo, asegurando una aplicaci\u00f3n uniforme de pesticidas l\u00edquidos y duplicando el n\u00famero de gotas. Con la ayuda de Smart Agriculture Cloud Platform y el mapeo basado en la nube, los usuarios pueden administrar un jard\u00edn digital en 3D, lo que facilita el inicio de la agricultura digital.<\/p>\n<p>16 boquillas rociadoras brindan una amplia cobertura con distribuci\u00f3n uniforme, fuerte penetraci\u00f3n y excepcional prevenci\u00f3n de deriva.<\/p>\n<h2><span style=\"color: #333399;\">40 acres por hora<\/span><\/h2>\n<p>Equipado con un gran tanque de aspersi\u00f3n de 30 kg, el Agras T30 tiene un ancho de aspersi\u00f3n de 9 metros y una eficiencia de aspersi\u00f3n de campo de 40 acres\/hora, 33,31 TP3T m\u00e1s que su generaci\u00f3n anterior.<\/p>\n<h2><span style=\"color: #333399;\">Elimina los puntos ciegos con un sistema de radar esf\u00e9rico<\/span><\/h2>\n<p>El sistema de radar esf\u00e9rico detecta obst\u00e1culos y alrededores en todos los entornos, condiciones clim\u00e1ticas y \u00e1ngulos de visi\u00f3n, independientemente del polvo y las interferencias de luz. Las funciones de evitaci\u00f3n autom\u00e1tica de obst\u00e1culos y vuelo adaptativo ayudan a garantizar la seguridad durante la operaci\u00f3n.<\/p>\n<h2><span style=\"color: #333399;\">C\u00e1maras FPV duales para una mejor conciencia<\/span><\/h2>\n<p>Equipado con c\u00e1maras FPV duales, el Agras T30 proporciona vistas frontales y traseras claras y le permite verificar el estado del vuelo sin necesidad de girar la aeronave en pleno vuelo. Y un reflector brillante duplica las capacidades de visi\u00f3n nocturna del avi\u00f3n, creando m\u00e1s posibilidades para la operaci\u00f3n nocturna.<\/p>\n<h2><span style=\"color: #333399;\">Dise\u00f1ado para servicio a largo plazo<\/span><\/h2>\n<p>El m\u00f3dulo de control Agras T30 tiene una estructura completamente cerrada para mayor durabilidad. Todos los componentes cr\u00edticos tienen tres capas de protecci\u00f3n y tienen clasificaci\u00f3n IP67. Ideal para el uso prolongado de pesticidas y fertilizantes, y para resistir el polvo y la corrosi\u00f3n.<\/p>\n<h2><span style=\"color: #333399;\">Operaci\u00f3n aut\u00f3noma con planificaci\u00f3n de ruta \u00f3ptima<\/span><\/h2>\n<p>El nuevo modo de ruta inteligente planifica de forma independiente la mejor ruta para cada operaci\u00f3n. Un indicador indica la cantidad restante de carga \u00fatil l\u00edquida y el tiempo estimado para recargar en tiempo real, lo que permite a los operadores lograr el equilibrio perfecto entre carga \u00fatil y duraci\u00f3n de la bater\u00eda. El avi\u00f3n tambi\u00e9n admite barrido autom\u00e1tico de bordes para una amplia cobertura de pulverizaci\u00f3n y una operaci\u00f3n a\u00e9rea m\u00e1s sencilla.<\/p>\n<h2><span style=\"color: #333399;\">Dos bater\u00edas + cargador para funcionamiento continuo<\/span><\/h2>\n<p><strong>1.000 bicicletas para 4.942 acres<\/strong>\u00a0\u00a0Al requerir menos componentes de soporte, el Agras T30 es m\u00e1s f\u00e1cil de transportar. Una bater\u00eda inteligente de nuevo dise\u00f1o est\u00e1 cubierta por una garant\u00eda de vuelo de 1000 cargas y 4942 acres; Esta vida \u00fatil ultralarga reduce significativamente los costos operativos. La estaci\u00f3n de carga y el centro de carga inteligente pueden cargar completamente una bater\u00eda en 10 minutos, lo que permite un funcionamiento continuo con solo dos bater\u00edas y un cargador. La caja de seguridad est\u00e1ndar ayuda a garantizar la seguridad de la bater\u00eda y un f\u00e1cil almacenamiento del equipo.<\/p>\n<h2><span style=\"color: #333399;\">Agricultura 3D basada en la nube: la agricultura digital ya est\u00e1 aqu\u00ed<\/span><\/h2>\n<p>Con la plataforma Smart Agriculture Cloud, los usuarios pueden realizar mapeos basados en la nube de escenarios de huertos y tierras de cultivo para generar rutas de vuelo inteligentes. Esta plataforma est\u00e1 equipada con un sistema de reconocimiento de IA para patrullar campos, identificar crecimiento, monitorear enfermedades o plagas y monitorear las condiciones agr\u00edcolas de manera eficiente. La combinaci\u00f3n de este sistema con el DJI P4 Multispectral permite a los usuarios aplicar soluciones basadas en variables espec\u00edficas de acuerdo con un mapa de prescripci\u00f3n de tierras de cultivo generado autom\u00e1ticamente.<\/p>","protected":false},"excerpt":{"rendered":"<p><span class=\"VIpgJd-yAWNEb-VIpgJd-fmcmS-sn54Q\">DJI AGRAS T10<br \/>\n<\/span><\/p>\n<p><span style=\"color: #ff0000;\"><strong>Para obtener m\u00e1s informaci\u00f3n sobre este producto, comun\u00edquese con: <a href=\"mailto:sales@usadronetampa.com\"><span style=\"color: #3366ff;\">sales@usadronetampa.com<\/span><\/a><\/strong><\/span><\/p>\n<p><span class=\"VIpgJd-yAWNEb-VIpgJd-fmcmS-sn54Q\">\u00a0<\/span><\/p>","protected":false},"featured_media":912,"comment_status":"open","ping_status":"closed","template":"","meta":{"site-sidebar-layout":"default","site-content-layout":"","ast-site-content-layout":"default","site-content-style":"default","site-sidebar-style":"default","ast-global-header-display":"","ast-banner-title-visibility":"","ast-main-header-display":"","ast-hfb-above-header-display":"","ast-hfb-below-header-display":"","ast-hfb-mobile-header-display":"","site-post-title":"","ast-breadcrumbs-content":"","ast-featured-img":"","footer-sml-layout":"","ast-disable-related-posts":"","theme-transparent-header-meta":"default","adv-header-id-meta":"","stick-header-meta":"default","header-above-stick-meta":"","header-main-stick-meta":"","header-below-stick-meta":"","astra-migrate-meta-layouts":"set","ast-page-background-enabled":"default","ast-page-background-meta":{"desktop":{"background-color":"var(--ast-global-color-4)","background-image":"","background-repeat":"repeat","background-position":"center center","background-size":"auto","background-attachment":"scroll","background-type":"","background-media":"","overlay-type":"","overlay-color":"","overlay-opacity":"","overlay-gradient":""},"tablet":{"background-color":"","background-image":"","background-repeat":"repeat","background-position":"center center","background-size":"auto","background-attachment":"scroll","background-type":"","background-media":"","overlay-type":"","overlay-color":"","overlay-opacity":"","overlay-gradient":""},"mobile":{"background-color":"","background-image":"","background-repeat":"repeat","background-position":"center center","background-size":"auto","background-attachment":"scroll","background-type":"","background-media":"","overlay-type":"","overlay-color":"","overlay-opacity":"","overlay-gradient":""}},"ast-content-background-meta":{"desktop":{"background-color":"var(--ast-global-color-5)","background-image":"","background-repeat":"repeat","background-position":"center center","background-size":"auto","background-attachment":"scroll","background-type":"","background-media":"","overlay-type":"","overlay-color":"","overlay-opacity":"","overlay-gradient":""},"tablet":{"background-color":"var(--ast-global-color-5)","background-image":"","background-repeat":"repeat","background-position":"center center","background-size":"auto","background-attachment":"scroll","background-type":"","background-media":"","overlay-type":"","overlay-color":"","overlay-opacity":"","overlay-gradient":""},"mobile":{"background-color":"var(--ast-global-color-5)","background-image":"","background-repeat":"repeat","background-position":"center center","background-size":"auto","background-attachment":"scroll","background-type":"","background-media":"","overlay-type":"","overlay-color":"","overlay-opacity":"","overlay-gradient":""}}},"product_brand":[],"product_cat":[34],"product_tag":[],"class_list":{"0":"post-911","1":"product","2":"type-product","3":"status-publish","4":"has-post-thumbnail","6":"product_cat-agricultural-drones","7":"desktop-align-left","8":"tablet-align-left","9":"mobile-align-left","11":"first","12":"instock","13":"taxable","14":"shipping-taxable","15":"product-type-simple"},"yoast_head":"<!-- This site is optimized with the Yoast SEO plugin v27.5 - https:\/\/yoast.com\/product\/yoast-seo-wordpress\/ -->\n<title>DJI Agras T30 Drone - USA Drone Tampa<\/title>\n<meta name=\"description\" content=\"DJI Agras T30 takes aerial spraying efficiency to new heights.\u00a0A revolutionary transformer body allows for more effective spraying\" \/>\n<meta name=\"robots\" content=\"index, follow, max-snippet:-1, max-image-preview:large, max-video-preview:-1\" \/>\n<link rel=\"canonical\" href=\"https:\/\/usadronetampa.com\/es\/product\/dji-agras-t30-drone\/\" \/>\n<meta property=\"og:locale\" content=\"es_ES\" \/>\n<meta property=\"og:type\" content=\"article\" \/>\n<meta property=\"og:title\" content=\"DJI Agras T30 Drone - USA Drone Tampa\" \/>\n<meta property=\"og:description\" content=\"DJI Agras T30 takes aerial spraying efficiency to new heights.\u00a0A revolutionary transformer body allows for more effective spraying\" \/>\n<meta property=\"og:url\" content=\"https:\/\/usadronetampa.com\/es\/product\/dji-agras-t30-drone\/\" \/>\n<meta property=\"og:site_name\" content=\"USA Drone Tampa\" \/>\n<meta property=\"article:publisher\" content=\"https:\/\/www.facebook.com\/profile.php?id=100095595180083\" \/>\n<meta property=\"article:modified_time\" content=\"2025-03-11T16:29:10+00:00\" \/>\n<meta property=\"og:image\" content=\"https:\/\/usadronetampa.com\/wp-content\/uploads\/2023\/09\/t30.png\" \/>\n\t<meta property=\"og:image:width\" content=\"322\" \/>\n\t<meta property=\"og:image:height\" content=\"269\" \/>\n\t<meta property=\"og:image:type\" content=\"image\/png\" \/>\n<meta name=\"twitter:card\" content=\"summary_large_image\" \/>\n<meta name=\"twitter:label1\" content=\"Est. reading time\" \/>\n\t<meta name=\"twitter:data1\" content=\"3 minutos\" \/>\n<script type=\"application\/ld+json\" class=\"yoast-schema-graph\">{\"@context\":\"https:\\\/\\\/schema.org\",\"@graph\":[{\"@type\":\"WebPage\",\"@id\":\"https:\\\/\\\/usadronetampa.com\\\/product\\\/dji-agras-t30-drone\\\/\",\"url\":\"https:\\\/\\\/usadronetampa.com\\\/product\\\/dji-agras-t30-drone\\\/\",\"name\":\"DJI Agras T30 Drone - USA Drone Tampa\",\"isPartOf\":{\"@id\":\"https:\\\/\\\/usadronetampa.com\\\/#website\"},\"primaryImageOfPage\":{\"@id\":\"https:\\\/\\\/usadronetampa.com\\\/product\\\/dji-agras-t30-drone\\\/#primaryimage\"},\"image\":{\"@id\":\"https:\\\/\\\/usadronetampa.com\\\/product\\\/dji-agras-t30-drone\\\/#primaryimage\"},\"thumbnailUrl\":\"https:\\\/\\\/usadronetampa.com\\\/wp-content\\\/uploads\\\/2023\\\/09\\\/t30.png\",\"datePublished\":\"2023-09-23T21:39:42+00:00\",\"dateModified\":\"2025-03-11T16:29:10+00:00\",\"description\":\"DJI Agras T30 takes aerial spraying efficiency to new heights.\u00a0A revolutionary transformer body allows for more effective spraying\",\"breadcrumb\":{\"@id\":\"https:\\\/\\\/usadronetampa.com\\\/product\\\/dji-agras-t30-drone\\\/#breadcrumb\"},\"inLanguage\":\"es-PE\",\"potentialAction\":[{\"@type\":\"ReadAction\",\"target\":[\"https:\\\/\\\/usadronetampa.com\\\/product\\\/dji-agras-t30-drone\\\/\"]}]},{\"@type\":\"ImageObject\",\"inLanguage\":\"es-PE\",\"@id\":\"https:\\\/\\\/usadronetampa.com\\\/product\\\/dji-agras-t30-drone\\\/#primaryimage\",\"url\":\"https:\\\/\\\/usadronetampa.com\\\/wp-content\\\/uploads\\\/2023\\\/09\\\/t30.png\",\"contentUrl\":\"https:\\\/\\\/usadronetampa.com\\\/wp-content\\\/uploads\\\/2023\\\/09\\\/t30.png\",\"width\":322,\"height\":269,\"caption\":\"agras t30\"},{\"@type\":\"BreadcrumbList\",\"@id\":\"https:\\\/\\\/usadronetampa.com\\\/product\\\/dji-agras-t30-drone\\\/#breadcrumb\",\"itemListElement\":[{\"@type\":\"ListItem\",\"position\":1,\"name\":\"Home\",\"item\":\"https:\\\/\\\/usadronetampa.com\\\/\"},{\"@type\":\"ListItem\",\"position\":2,\"name\":\"Store\",\"item\":\"https:\\\/\\\/usadronetampa.com\\\/tienda\\\/\"},{\"@type\":\"ListItem\",\"position\":3,\"name\":\"DJI Agras T30 Drone\"}]},{\"@type\":\"WebSite\",\"@id\":\"https:\\\/\\\/usadronetampa.com\\\/#website\",\"url\":\"https:\\\/\\\/usadronetampa.com\\\/\",\"name\":\"USA Drone Tampa\",\"description\":\"Drones USA\",\"publisher\":{\"@id\":\"https:\\\/\\\/usadronetampa.com\\\/#organization\"},\"potentialAction\":[{\"@type\":\"SearchAction\",\"target\":{\"@type\":\"EntryPoint\",\"urlTemplate\":\"https:\\\/\\\/usadronetampa.com\\\/?s={search_term_string}\"},\"query-input\":{\"@type\":\"PropertyValueSpecification\",\"valueRequired\":true,\"valueName\":\"search_term_string\"}}],\"inLanguage\":\"es-PE\"},{\"@type\":\"Organization\",\"@id\":\"https:\\\/\\\/usadronetampa.com\\\/#organization\",\"name\":\"USA Drone Tampa\",\"url\":\"https:\\\/\\\/usadronetampa.com\\\/\",\"logo\":{\"@type\":\"ImageObject\",\"inLanguage\":\"es-PE\",\"@id\":\"https:\\\/\\\/usadronetampa.com\\\/#\\\/schema\\\/logo\\\/image\\\/\",\"url\":\"https:\\\/\\\/usadronetampa.com\\\/wp-content\\\/uploads\\\/2023\\\/08\\\/usa-drone2b.png\",\"contentUrl\":\"https:\\\/\\\/usadronetampa.com\\\/wp-content\\\/uploads\\\/2023\\\/08\\\/usa-drone2b.png\",\"width\":746,\"height\":590,\"caption\":\"USA Drone Tampa\"},\"image\":{\"@id\":\"https:\\\/\\\/usadronetampa.com\\\/#\\\/schema\\\/logo\\\/image\\\/\"},\"sameAs\":[\"https:\\\/\\\/www.facebook.com\\\/profile.php?id=100095595180083\"]}]}<\/script>\n<!-- \/ Yoast SEO plugin. -->","yoast_head_json":{"title":"DJI Agras T30 Drone - USA Drone Tampa","description":"DJI Agras T30 takes aerial spraying efficiency to new heights.\u00a0A revolutionary transformer body allows for more effective spraying","robots":{"index":"index","follow":"follow","max-snippet":"max-snippet:-1","max-image-preview":"max-image-preview:large","max-video-preview":"max-video-preview:-1"},"canonical":"https:\/\/usadronetampa.com\/es\/product\/dji-agras-t30-drone\/","og_locale":"es_ES","og_type":"article","og_title":"DJI Agras T30 Drone - USA Drone Tampa","og_description":"DJI Agras T30 takes aerial spraying efficiency to new heights.\u00a0A revolutionary transformer body allows for more effective spraying","og_url":"https:\/\/usadronetampa.com\/es\/product\/dji-agras-t30-drone\/","og_site_name":"USA Drone Tampa","article_publisher":"https:\/\/www.facebook.com\/profile.php?id=100095595180083","article_modified_time":"2025-03-11T16:29:10+00:00","og_image":[{"width":322,"height":269,"url":"https:\/\/usadronetampa.com\/wp-content\/uploads\/2023\/09\/t30.png","type":"image\/png"}],"twitter_card":"summary_large_image","twitter_misc":{"Est. reading time":"3 minutos"},"schema":{"@context":"https:\/\/schema.org","@graph":[{"@type":"WebPage","@id":"https:\/\/usadronetampa.com\/product\/dji-agras-t30-drone\/","url":"https:\/\/usadronetampa.com\/product\/dji-agras-t30-drone\/","name":"DJI Agras T30 Drone - USA Drone Tampa","isPartOf":{"@id":"https:\/\/usadronetampa.com\/#website"},"primaryImageOfPage":{"@id":"https:\/\/usadronetampa.com\/product\/dji-agras-t30-drone\/#primaryimage"},"image":{"@id":"https:\/\/usadronetampa.com\/product\/dji-agras-t30-drone\/#primaryimage"},"thumbnailUrl":"https:\/\/usadronetampa.com\/wp-content\/uploads\/2023\/09\/t30.png","datePublished":"2023-09-23T21:39:42+00:00","dateModified":"2025-03-11T16:29:10+00:00","description":"DJI Agras T30 takes aerial spraying efficiency to new heights.\u00a0A revolutionary transformer body allows for more effective spraying","breadcrumb":{"@id":"https:\/\/usadronetampa.com\/product\/dji-agras-t30-drone\/#breadcrumb"},"inLanguage":"es-PE","potentialAction":[{"@type":"ReadAction","target":["https:\/\/usadronetampa.com\/product\/dji-agras-t30-drone\/"]}]},{"@type":"ImageObject","inLanguage":"es-PE","@id":"https:\/\/usadronetampa.com\/product\/dji-agras-t30-drone\/#primaryimage","url":"https:\/\/usadronetampa.com\/wp-content\/uploads\/2023\/09\/t30.png","contentUrl":"https:\/\/usadronetampa.com\/wp-content\/uploads\/2023\/09\/t30.png","width":322,"height":269,"caption":"agras t30"},{"@type":"BreadcrumbList","@id":"https:\/\/usadronetampa.com\/product\/dji-agras-t30-drone\/#breadcrumb","itemListElement":[{"@type":"ListItem","position":1,"name":"Home","item":"https:\/\/usadronetampa.com\/"},{"@type":"ListItem","position":2,"name":"Store","item":"https:\/\/usadronetampa.com\/tienda\/"},{"@type":"ListItem","position":3,"name":"DJI Agras T30 Drone"}]},{"@type":"WebSite","@id":"https:\/\/usadronetampa.com\/#website","url":"https:\/\/usadronetampa.com\/","name":"USA Drone Tampa","description":"Drones EE. UU.","publisher":{"@id":"https:\/\/usadronetampa.com\/#organization"},"potentialAction":[{"@type":"SearchAction","target":{"@type":"EntryPoint","urlTemplate":"https:\/\/usadronetampa.com\/?s={search_term_string}"},"query-input":{"@type":"PropertyValueSpecification","valueRequired":true,"valueName":"search_term_string"}}],"inLanguage":"es-PE"},{"@type":"Organization","@id":"https:\/\/usadronetampa.com\/#organization","name":"USA Drone Tampa","url":"https:\/\/usadronetampa.com\/","logo":{"@type":"ImageObject","inLanguage":"es-PE","@id":"https:\/\/usadronetampa.com\/#\/schema\/logo\/image\/","url":"https:\/\/usadronetampa.com\/wp-content\/uploads\/2023\/08\/usa-drone2b.png","contentUrl":"https:\/\/usadronetampa.com\/wp-content\/uploads\/2023\/08\/usa-drone2b.png","width":746,"height":590,"caption":"USA Drone Tampa"},"image":{"@id":"https:\/\/usadronetampa.com\/#\/schema\/logo\/image\/"},"sameAs":["https:\/\/www.facebook.com\/profile.php?id=100095595180083"]}]}},"_links":{"self":[{"href":"https:\/\/usadronetampa.com\/es\/wp-json\/wp\/v2\/product\/911","targetHints":{"allow":["GET"]}}],"collection":[{"href":"https:\/\/usadronetampa.com\/es\/wp-json\/wp\/v2\/product"}],"about":[{"href":"https:\/\/usadronetampa.com\/es\/wp-json\/wp\/v2\/types\/product"}],"replies":[{"embeddable":true,"href":"https:\/\/usadronetampa.com\/es\/wp-json\/wp\/v2\/comments?post=911"}],"wp:featuredmedia":[{"embeddable":true,"href":"https:\/\/usadronetampa.com\/es\/wp-json\/wp\/v2\/media\/912"}],"wp:attachment":[{"href":"https:\/\/usadronetampa.com\/es\/wp-json\/wp\/v2\/media?parent=911"}],"wp:term":[{"taxonomy":"product_brand","embeddable":true,"href":"https:\/\/usadronetampa.com\/es\/wp-json\/wp\/v2\/product_brand?post=911"},{"taxonomy":"product_cat","embeddable":true,"href":"https:\/\/usadronetampa.com\/es\/wp-json\/wp\/v2\/product_cat?post=911"},{"taxonomy":"product_tag","embeddable":true,"href":"https:\/\/usadronetampa.com\/es\/wp-json\/wp\/v2\/product_tag?post=911"}],"curies":[{"name":"gracias","href":"https:\/\/api.w.org\/{rel}","templated":true}]}}