{"id":904,"date":"2023-09-23T21:19:50","date_gmt":"2023-09-23T21:19:50","guid":{"rendered":"https:\/\/usadronetampa.com\/?post_type=product&#038;p=904"},"modified":"2025-03-11T11:28:16","modified_gmt":"2025-03-11T16:28:16","slug":"dji-matrice-300-rtk-with-shield-basic","status":"publish","type":"product","link":"https:\/\/usadronetampa.com\/es\/product\/dji-matrice-300-rtk-with-shield-basic\/","title":{"rendered":"DJI Matrice 300 RTK con Escudo B\u00e1sico"},"content":{"rendered":"<h1><span class=\"\">DJI MATRIZ 300 RTK<\/span><\/h1>\n<p>&nbsp;<\/p>\n<h2><span style=\"color: #ff0000;\">EL CABALLO DE TRABAJO CIBERN\u00c9TICO<\/span><\/h2>\n<p>&nbsp;<\/p>\n<h2><span style=\"color: #ff0000;\">UN NUEVO EST\u00c1NDAR PARA LA INDUSTRIA DE LOS DRONES COMERCIALES<\/span><\/h2>\n<p>El Matrice 300 RTK es la \u00faltima plataforma de drones comerciales de DJI que se inspira en los sistemas de aviaci\u00f3n modernos.\u00a0<span class=\"\">Ofreciendo hasta 55 minutos de tiempo de vuelo, capacidades avanzadas de IA, posicionamiento y detecci\u00f3n direccional 6 y m\u00e1s, el M300 RTK establece un est\u00e1ndar completamente nuevo al combinar inteligencia con alto rendimiento y confiabilidad inigualable.<\/span><\/p>\n<h2><span style=\"color: #ff0000;\">SISTEMA DE TRANSMISI\u00d3N MEJORADO<\/span><\/h2>\n<p>El nuevo OcuSync Enterprise permite una transmisi\u00f3n de hasta 15 km y admite video de 1080p de triple canal3. La conmutaci\u00f3n autom\u00e1tica en tiempo real entre 2,4 GHz y 5,8 GHz4 permite un vuelo m\u00e1s confiable cerca de entornos con alta interferencia, mientras que el cifrado AES-256 ofrece una transmisi\u00f3n de datos segura.<\/p>\n<p><img decoding=\"async\" src=\"https:\/\/enterprise.dronenerds.com\/wp-content\/uploads\/2020\/05\/drone-nerds-enterprise-m300-improve-transmission.jpg\" width=\"100%\" \/><\/p>\n<h2><span style=\"color: #333399;\">Cargas \u00fatiles multisensor<\/span><\/h2>\n<p><span class=\"h2subheading\">Vea la imagen completa sin perder ning\u00fan detalle en ninguna parte, siempre que se lleve a cabo su misi\u00f3n.<\/span><\/p>\n<h2><span style=\"color: #333399;\">Interfaz de usuario perfecta<\/span><\/h2>\n<p><span class=\"h2subheading\">Una nueva interfaz de usuario integrada le permite cambiar r\u00e1pidamente entre vistas panor\u00e1micas, de zoom y de c\u00e1mara t\u00e9rmica, y obtener una vista previa del campo de visi\u00f3n del zoom mientras est\u00e1 en la vista panor\u00e1mica o t\u00e9rmica de la c\u00e1mara.<\/span><\/p>\n<h2><span style=\"color: #ff0000;\">FORMAS INTELIGENTES DE RECOPILAR DATOS<\/span><\/h2>\n<h3 id=\"h3sub\"><span style=\"color: #ff0000;\">VERIFICACI\u00d3N ALEATORIA DE IA<\/span><\/h3>\n<p><span class=\"h2subheading\">Automatice las inspecciones de rutina y obtenga resultados consistentes en todo momento. La IA a bordo reconoce el tema de inter\u00e9s previamente marcado en misiones automatizadas posteriores para garantizar un encuadre coherente.<\/span><\/p>\n<h3 id=\"h3sub\"><span style=\"color: #ff0000;\">FOTO DE CUADR\u00cdCULA DE ALTA RESOLUCI\u00d3N<\/span><\/h3>\n<p><span class=\"h2subheading\">Encuadre un \u00e1rea de inter\u00e9s en una vista amplia de la c\u00e1mara y la c\u00e1mara con zoom capturar\u00e1 autom\u00e1ticamente un conjunto de im\u00e1genes de 20 MP del \u00e1rea. Estas im\u00e1genes se almacenan junto con una imagen general que se puede ver con mayor detalle.<\/span><\/p>\n<h3 id=\"h3sub\"><span style=\"color: #ff0000;\">MEJOR RENDIMIENTO DE VUELO<\/span><\/h3>\n<p><span class=\"h2subheading\">El dise\u00f1o refinado de la estructura del avi\u00f3n y del sistema de propulsi\u00f3n le brinda un vuelo m\u00e1s eficiente y estable, incluso en condiciones dif\u00edciles.<\/span><\/p>\n<h2><span style=\"color: #ff0000;\">SISTEMAS DE REDUNDANCIA PARA VUELOS M\u00c1S SEGUROS<\/span><\/h2>\n<p>Los sistemas de redundancia avanzados integrados del M300 RTK ayudan a mantener sus misiones cr\u00edticas en marcha incluso en escenarios inesperados.<\/p>\n<h2><span style=\"color: #333399;\">Control dual avanzado<\/span><\/h2>\n<p>Ahora cualquiera de los operadores puede obtener el control de la aeronave o de la carga \u00fatil con un solo toque. Esto crea nuevas posibilidades para las estrategias de misi\u00f3n, as\u00ed como una mayor flexibilidad durante las operaciones.<\/p>\n<h2><span style=\"color: #ff0000;\">SERIE ZENMUSE H20<\/span><\/h2>\n<p>\u201cH\u201d para h\u00edbrido<\/p>\n<p>Cargas \u00fatiles multisensor que aportan un significado completamente nuevo a la eficiencia de la misi\u00f3n. La inteligencia \u00fanica y el dise\u00f1o integrado ofrecen capacidades de im\u00e1genes a\u00e9reas sin precedentes para una variedad de aplicaciones comerciales de drones.<\/p>\n<h2><span style=\"color: #ff0000;\">TODOS LOS SENSORES QUE NECESITAS, EN UNO<\/span><\/h2>\n<p><span class=\"h2subheading\">Captura todo. Cerca o lejos. En verdadero color vivo o t\u00e9rmico. Un tel\u00e9metro l\u00e1ser integrado (LRF) mide la distancia a un objeto a una distancia de hasta 1200 m. Una carga \u00fatil potente e integrada que desbloquea capacidades inteligentes avanzadas para las plataformas de drones industriales DJI.<\/span><\/p>\n<h2><span style=\"color: #333399;\">H20 \u2013 Soluci\u00f3n de triple sensor<\/span><\/h2>\n<p>C\u00e1mara con zoom de 20 MP | C\u00e1mara gran angular de 12 MP | 1200m LRF<\/p>\n<h2><span style=\"color: #333399;\">H20T \u2013 Soluci\u00f3n de cuatro sensores<\/span><\/h2>\n<p>C\u00e1mara con zoom de 20 MP | C\u00e1mara gran angular de 12 MP | 1200m LRF | C\u00e1mara t\u00e9rmica radiom\u00e9trica de 640 \u00d7 512 px<\/p>\n<h2><span style=\"color: #333399;\">MATRIZ 300 RTK<\/span><\/h2>\n<p><span class=\"h2subheading\">M\u00e1s adaptable que nunca<\/span><\/p>\n<ul class=\"speclistul\">\n<li class=\"speclist\">Transmisi\u00f3n m\u00e1xima de 15 km.<\/li>\n<li class=\"speclist\">Tiempo m\u00e1ximo de vuelo de 55 min.<\/li>\n<li class=\"speclist\">6 Posicionamiento y detecci\u00f3n direccional<\/li>\n<li class=\"speclist\">Pantalla principal de vuelo<\/li>\n<li class=\"speclist\">Clasificaci\u00f3n IP45<\/li>\n<li class=\"speclist\">Control dual avanzado<\/li>\n<li class=\"speclist\">Bater\u00eda intercambiable en caliente<\/li>\n<li class=\"speclist\">Temperatura de funcionamiento -20\u00b0C a 50\u00b0C<\/li>\n<li class=\"speclist\">Sistema de gesti\u00f3n de salud de veh\u00edculos a\u00e9reos no tripulados<\/li>\n<li class=\"speclist\">Hasta 3 cargas \u00fatiles simult\u00e1neamente<\/li>\n<li class=\"speclist\">Gimbals DJI compatibles: Zenmuse XT2 \/ XT S \/ Z30 \/ H20 \/ H20T<\/li>\n<\/ul>","protected":false},"excerpt":{"rendered":"<p>Construido resistente.\u00a0<span class=\"\">Funciona de manera inteligente.<br \/>\n<\/span><\/p>\n<p><span style=\"color: #ff0000;\"><strong>Para obtener m\u00e1s informaci\u00f3n sobre este producto, comun\u00edquese con: <a href=\"mailto:sales@usadronetampa.com\"><span style=\"color: #3366ff;\">sales@usadronetampa.com<\/span><\/a><\/strong><\/span><\/p>\n<p><span class=\"\">\u00a0<\/span><\/p>","protected":false},"featured_media":906,"comment_status":"open","ping_status":"closed","template":"","meta":{"site-sidebar-layout":"default","site-content-layout":"","ast-site-content-layout":"default","site-content-style":"default","site-sidebar-style":"default","ast-global-header-display":"","ast-banner-title-visibility":"","ast-main-header-display":"","ast-hfb-above-header-display":"","ast-hfb-below-header-display":"","ast-hfb-mobile-header-display":"","site-post-title":"","ast-breadcrumbs-content":"","ast-featured-img":"","footer-sml-layout":"","ast-disable-related-posts":"","theme-transparent-header-meta":"default","adv-header-id-meta":"","stick-header-meta":"default","header-above-stick-meta":"","header-main-stick-meta":"","header-below-stick-meta":"","astra-migrate-meta-layouts":"set","ast-page-background-enabled":"default","ast-page-background-meta":{"desktop":{"background-color":"var(--ast-global-color-4)","background-image":"","background-repeat":"repeat","background-position":"center center","background-size":"auto","background-attachment":"scroll","background-type":"","background-media":"","overlay-type":"","overlay-color":"","overlay-opacity":"","overlay-gradient":""},"tablet":{"background-color":"","background-image":"","background-repeat":"repeat","background-position":"center center","background-size":"auto","background-attachment":"scroll","background-type":"","background-media":"","overlay-type":"","overlay-color":"","overlay-opacity":"","overlay-gradient":""},"mobile":{"background-color":"","background-image":"","background-repeat":"repeat","background-position":"center center","background-size":"auto","background-attachment":"scroll","background-type":"","background-media":"","overlay-type":"","overlay-color":"","overlay-opacity":"","overlay-gradient":""}},"ast-content-background-meta":{"desktop":{"background-color":"var(--ast-global-color-5)","background-image":"","background-repeat":"repeat","background-position":"center center","background-size":"auto","background-attachment":"scroll","background-type":"","background-media":"","overlay-type":"","overlay-color":"","overlay-opacity":"","overlay-gradient":""},"tablet":{"background-color":"var(--ast-global-color-5)","background-image":"","background-repeat":"repeat","background-position":"center center","background-size":"auto","background-attachment":"scroll","background-type":"","background-media":"","overlay-type":"","overlay-color":"","overlay-opacity":"","overlay-gradient":""},"mobile":{"background-color":"var(--ast-global-color-5)","background-image":"","background-repeat":"repeat","background-position":"center center","background-size":"auto","background-attachment":"scroll","background-type":"","background-media":"","overlay-type":"","overlay-color":"","overlay-opacity":"","overlay-gradient":""}}},"product_brand":[],"product_cat":[33],"product_tag":[],"class_list":{"0":"post-904","1":"product","2":"type-product","3":"status-publish","4":"has-post-thumbnail","6":"product_cat-enterprise-drones","7":"desktop-align-left","8":"tablet-align-left","9":"mobile-align-left","11":"first","12":"instock","13":"taxable","14":"shipping-taxable","15":"product-type-simple"},"yoast_head":"<!-- This site is optimized with the Yoast SEO plugin v27.5 - https:\/\/yoast.com\/product\/yoast-seo-wordpress\/ -->\n<title>DJI Matrice 300 RTK with Shield Basic - USA Drone Tampa<\/title>\n<meta name=\"description\" content=\"The Matrice 300 RTK is DJI&#039;s latest commercial drone platform that takes inspiration from modern aviation systems.\u00a0Offering up to 55 minutes of flight time,\" \/>\n<meta name=\"robots\" content=\"index, follow, max-snippet:-1, max-image-preview:large, max-video-preview:-1\" \/>\n<link rel=\"canonical\" href=\"https:\/\/usadronetampa.com\/es\/product\/dji-matrice-300-rtk-with-shield-basic\/\" \/>\n<meta property=\"og:locale\" content=\"es_ES\" \/>\n<meta property=\"og:type\" content=\"article\" \/>\n<meta property=\"og:title\" content=\"DJI Matrice 300 RTK with Shield Basic - USA Drone Tampa\" \/>\n<meta property=\"og:description\" content=\"The Matrice 300 RTK is DJI&#039;s latest commercial drone platform that takes inspiration from modern aviation systems.\u00a0Offering up to 55 minutes of flight time,\" \/>\n<meta property=\"og:url\" content=\"https:\/\/usadronetampa.com\/es\/product\/dji-matrice-300-rtk-with-shield-basic\/\" \/>\n<meta property=\"og:site_name\" content=\"USA Drone Tampa\" \/>\n<meta property=\"article:publisher\" content=\"https:\/\/www.facebook.com\/profile.php?id=100095595180083\" \/>\n<meta property=\"article:modified_time\" content=\"2025-03-11T16:28:16+00:00\" \/>\n<meta property=\"og:image\" content=\"https:\/\/usadronetampa.com\/wp-content\/uploads\/2023\/09\/DJI-Matrice-300-RTK-With-Shield-Basic.jpg\" \/>\n\t<meta property=\"og:image:width\" content=\"322\" \/>\n\t<meta property=\"og:image:height\" content=\"269\" \/>\n\t<meta property=\"og:image:type\" content=\"image\/jpeg\" \/>\n<meta name=\"twitter:card\" content=\"summary_large_image\" \/>\n<meta name=\"twitter:label1\" content=\"Est. reading time\" \/>\n\t<meta name=\"twitter:data1\" content=\"3 minutos\" \/>\n<script type=\"application\/ld+json\" class=\"yoast-schema-graph\">{\"@context\":\"https:\\\/\\\/schema.org\",\"@graph\":[{\"@type\":\"WebPage\",\"@id\":\"https:\\\/\\\/usadronetampa.com\\\/product\\\/dji-matrice-300-rtk-with-shield-basic\\\/\",\"url\":\"https:\\\/\\\/usadronetampa.com\\\/product\\\/dji-matrice-300-rtk-with-shield-basic\\\/\",\"name\":\"DJI Matrice 300 RTK with Shield Basic - USA Drone Tampa\",\"isPartOf\":{\"@id\":\"https:\\\/\\\/usadronetampa.com\\\/#website\"},\"primaryImageOfPage\":{\"@id\":\"https:\\\/\\\/usadronetampa.com\\\/product\\\/dji-matrice-300-rtk-with-shield-basic\\\/#primaryimage\"},\"image\":{\"@id\":\"https:\\\/\\\/usadronetampa.com\\\/product\\\/dji-matrice-300-rtk-with-shield-basic\\\/#primaryimage\"},\"thumbnailUrl\":\"https:\\\/\\\/usadronetampa.com\\\/wp-content\\\/uploads\\\/2023\\\/09\\\/DJI-Matrice-300-RTK-With-Shield-Basic.jpg\",\"datePublished\":\"2023-09-23T21:19:50+00:00\",\"dateModified\":\"2025-03-11T16:28:16+00:00\",\"description\":\"The Matrice 300 RTK is DJI's latest commercial drone platform that takes inspiration from modern aviation systems.\u00a0Offering up to 55 minutes of flight time,\",\"breadcrumb\":{\"@id\":\"https:\\\/\\\/usadronetampa.com\\\/product\\\/dji-matrice-300-rtk-with-shield-basic\\\/#breadcrumb\"},\"inLanguage\":\"es-PE\",\"potentialAction\":[{\"@type\":\"ReadAction\",\"target\":[\"https:\\\/\\\/usadronetampa.com\\\/product\\\/dji-matrice-300-rtk-with-shield-basic\\\/\"]}]},{\"@type\":\"ImageObject\",\"inLanguage\":\"es-PE\",\"@id\":\"https:\\\/\\\/usadronetampa.com\\\/product\\\/dji-matrice-300-rtk-with-shield-basic\\\/#primaryimage\",\"url\":\"https:\\\/\\\/usadronetampa.com\\\/wp-content\\\/uploads\\\/2023\\\/09\\\/DJI-Matrice-300-RTK-With-Shield-Basic.jpg\",\"contentUrl\":\"https:\\\/\\\/usadronetampa.com\\\/wp-content\\\/uploads\\\/2023\\\/09\\\/DJI-Matrice-300-RTK-With-Shield-Basic.jpg\",\"width\":322,\"height\":269,\"caption\":\"Matrice 300\"},{\"@type\":\"BreadcrumbList\",\"@id\":\"https:\\\/\\\/usadronetampa.com\\\/product\\\/dji-matrice-300-rtk-with-shield-basic\\\/#breadcrumb\",\"itemListElement\":[{\"@type\":\"ListItem\",\"position\":1,\"name\":\"Home\",\"item\":\"https:\\\/\\\/usadronetampa.com\\\/\"},{\"@type\":\"ListItem\",\"position\":2,\"name\":\"Store\",\"item\":\"https:\\\/\\\/usadronetampa.com\\\/tienda\\\/\"},{\"@type\":\"ListItem\",\"position\":3,\"name\":\"DJI Matrice 300 RTK with Shield Basic\"}]},{\"@type\":\"WebSite\",\"@id\":\"https:\\\/\\\/usadronetampa.com\\\/#website\",\"url\":\"https:\\\/\\\/usadronetampa.com\\\/\",\"name\":\"USA Drone Tampa\",\"description\":\"Drones USA\",\"publisher\":{\"@id\":\"https:\\\/\\\/usadronetampa.com\\\/#organization\"},\"potentialAction\":[{\"@type\":\"SearchAction\",\"target\":{\"@type\":\"EntryPoint\",\"urlTemplate\":\"https:\\\/\\\/usadronetampa.com\\\/?s={search_term_string}\"},\"query-input\":{\"@type\":\"PropertyValueSpecification\",\"valueRequired\":true,\"valueName\":\"search_term_string\"}}],\"inLanguage\":\"es-PE\"},{\"@type\":\"Organization\",\"@id\":\"https:\\\/\\\/usadronetampa.com\\\/#organization\",\"name\":\"USA Drone Tampa\",\"url\":\"https:\\\/\\\/usadronetampa.com\\\/\",\"logo\":{\"@type\":\"ImageObject\",\"inLanguage\":\"es-PE\",\"@id\":\"https:\\\/\\\/usadronetampa.com\\\/#\\\/schema\\\/logo\\\/image\\\/\",\"url\":\"https:\\\/\\\/usadronetampa.com\\\/wp-content\\\/uploads\\\/2023\\\/08\\\/usa-drone2b.png\",\"contentUrl\":\"https:\\\/\\\/usadronetampa.com\\\/wp-content\\\/uploads\\\/2023\\\/08\\\/usa-drone2b.png\",\"width\":746,\"height\":590,\"caption\":\"USA Drone Tampa\"},\"image\":{\"@id\":\"https:\\\/\\\/usadronetampa.com\\\/#\\\/schema\\\/logo\\\/image\\\/\"},\"sameAs\":[\"https:\\\/\\\/www.facebook.com\\\/profile.php?id=100095595180083\"]}]}<\/script>\n<!-- \/ Yoast SEO plugin. -->","yoast_head_json":{"title":"DJI Matrice 300 RTK con Shield Basic - USA Drone Tampa","description":"El Matrice 300 RTK es la plataforma de drones comerciales m\u00e1s reciente de DJI, inspirada en los sistemas de aviaci\u00f3n modernos. Ofrece hasta 55 minutos de tiempo de vuelo.,","robots":{"index":"index","follow":"follow","max-snippet":"max-snippet:-1","max-image-preview":"max-image-preview:large","max-video-preview":"max-video-preview:-1"},"canonical":"https:\/\/usadronetampa.com\/es\/product\/dji-matrice-300-rtk-with-shield-basic\/","og_locale":"es_ES","og_type":"article","og_title":"DJI Matrice 300 RTK with Shield Basic - USA Drone Tampa","og_description":"The Matrice 300 RTK is DJI's latest commercial drone platform that takes inspiration from modern aviation systems.\u00a0Offering up to 55 minutes of flight time,","og_url":"https:\/\/usadronetampa.com\/es\/product\/dji-matrice-300-rtk-with-shield-basic\/","og_site_name":"USA Drone Tampa","article_publisher":"https:\/\/www.facebook.com\/profile.php?id=100095595180083","article_modified_time":"2025-03-11T16:28:16+00:00","og_image":[{"width":322,"height":269,"url":"https:\/\/usadronetampa.com\/wp-content\/uploads\/2023\/09\/DJI-Matrice-300-RTK-With-Shield-Basic.jpg","type":"image\/jpeg"}],"twitter_card":"summary_large_image","twitter_misc":{"Est. reading time":"3 minutos"},"schema":{"@context":"https:\/\/schema.org","@graph":[{"@type":"WebPage","@id":"https:\/\/usadronetampa.com\/product\/dji-matrice-300-rtk-with-shield-basic\/","url":"https:\/\/usadronetampa.com\/product\/dji-matrice-300-rtk-with-shield-basic\/","name":"DJI Matrice 300 RTK con Shield Basic - USA Drone Tampa","isPartOf":{"@id":"https:\/\/usadronetampa.com\/#website"},"primaryImageOfPage":{"@id":"https:\/\/usadronetampa.com\/product\/dji-matrice-300-rtk-with-shield-basic\/#primaryimage"},"image":{"@id":"https:\/\/usadronetampa.com\/product\/dji-matrice-300-rtk-with-shield-basic\/#primaryimage"},"thumbnailUrl":"https:\/\/usadronetampa.com\/wp-content\/uploads\/2023\/09\/DJI-Matrice-300-RTK-With-Shield-Basic.jpg","datePublished":"2023-09-23T21:19:50+00:00","dateModified":"2025-03-11T16:28:16+00:00","description":"El Matrice 300 RTK es la plataforma de drones comerciales m\u00e1s reciente de DJI, inspirada en los sistemas de aviaci\u00f3n modernos. Ofrece hasta 55 minutos de tiempo de vuelo.,","breadcrumb":{"@id":"https:\/\/usadronetampa.com\/product\/dji-matrice-300-rtk-with-shield-basic\/#breadcrumb"},"inLanguage":"es-PE","potentialAction":[{"@type":"ReadAction","target":["https:\/\/usadronetampa.com\/product\/dji-matrice-300-rtk-with-shield-basic\/"]}]},{"@type":"ImageObject","inLanguage":"es-PE","@id":"https:\/\/usadronetampa.com\/product\/dji-matrice-300-rtk-with-shield-basic\/#primaryimage","url":"https:\/\/usadronetampa.com\/wp-content\/uploads\/2023\/09\/DJI-Matrice-300-RTK-With-Shield-Basic.jpg","contentUrl":"https:\/\/usadronetampa.com\/wp-content\/uploads\/2023\/09\/DJI-Matrice-300-RTK-With-Shield-Basic.jpg","width":322,"height":269,"caption":"Matrice 300"},{"@type":"BreadcrumbList","@id":"https:\/\/usadronetampa.com\/product\/dji-matrice-300-rtk-with-shield-basic\/#breadcrumb","itemListElement":[{"@type":"ListItem","position":1,"name":"Home","item":"https:\/\/usadronetampa.com\/"},{"@type":"ListItem","position":2,"name":"Store","item":"https:\/\/usadronetampa.com\/tienda\/"},{"@type":"ListItem","position":3,"name":"DJI Matrice 300 RTK with Shield Basic"}]},{"@type":"WebSite","@id":"https:\/\/usadronetampa.com\/#website","url":"https:\/\/usadronetampa.com\/","name":"USA Drone Tampa","description":"Drones EE. UU.","publisher":{"@id":"https:\/\/usadronetampa.com\/#organization"},"potentialAction":[{"@type":"SearchAction","target":{"@type":"EntryPoint","urlTemplate":"https:\/\/usadronetampa.com\/?s={search_term_string}"},"query-input":{"@type":"PropertyValueSpecification","valueRequired":true,"valueName":"search_term_string"}}],"inLanguage":"es-PE"},{"@type":"Organization","@id":"https:\/\/usadronetampa.com\/#organization","name":"USA Drone Tampa","url":"https:\/\/usadronetampa.com\/","logo":{"@type":"ImageObject","inLanguage":"es-PE","@id":"https:\/\/usadronetampa.com\/#\/schema\/logo\/image\/","url":"https:\/\/usadronetampa.com\/wp-content\/uploads\/2023\/08\/usa-drone2b.png","contentUrl":"https:\/\/usadronetampa.com\/wp-content\/uploads\/2023\/08\/usa-drone2b.png","width":746,"height":590,"caption":"USA Drone Tampa"},"image":{"@id":"https:\/\/usadronetampa.com\/#\/schema\/logo\/image\/"},"sameAs":["https:\/\/www.facebook.com\/profile.php?id=100095595180083"]}]}},"_links":{"self":[{"href":"https:\/\/usadronetampa.com\/es\/wp-json\/wp\/v2\/product\/904","targetHints":{"allow":["GET"]}}],"collection":[{"href":"https:\/\/usadronetampa.com\/es\/wp-json\/wp\/v2\/product"}],"about":[{"href":"https:\/\/usadronetampa.com\/es\/wp-json\/wp\/v2\/types\/product"}],"replies":[{"embeddable":true,"href":"https:\/\/usadronetampa.com\/es\/wp-json\/wp\/v2\/comments?post=904"}],"wp:featuredmedia":[{"embeddable":true,"href":"https:\/\/usadronetampa.com\/es\/wp-json\/wp\/v2\/media\/906"}],"wp:attachment":[{"href":"https:\/\/usadronetampa.com\/es\/wp-json\/wp\/v2\/media?parent=904"}],"wp:term":[{"taxonomy":"product_brand","embeddable":true,"href":"https:\/\/usadronetampa.com\/es\/wp-json\/wp\/v2\/product_brand?post=904"},{"taxonomy":"product_cat","embeddable":true,"href":"https:\/\/usadronetampa.com\/es\/wp-json\/wp\/v2\/product_cat?post=904"},{"taxonomy":"product_tag","embeddable":true,"href":"https:\/\/usadronetampa.com\/es\/wp-json\/wp\/v2\/product_tag?post=904"}],"curies":[{"name":"gracias","href":"https:\/\/api.w.org\/{rel}","templated":true}]}}