{"id":815,"date":"2023-09-21T21:24:59","date_gmt":"2023-09-21T21:24:59","guid":{"rendered":"https:\/\/usadronetampa.com\/?post_type=product&#038;p=815"},"modified":"2025-03-11T11:37:55","modified_gmt":"2025-03-11T16:37:55","slug":"dji-matrix-m30t-enterprise-drone-enterprise-care-basic","status":"publish","type":"product","link":"https:\/\/usadronetampa.com\/es\/product\/dji-matrix-m30t-enterprise-drone-enterprise-care-basic\/","title":{"rendered":"Matriz DJI M30T | Drone empresarial: atenci\u00f3n empresarial b\u00e1sica"},"content":{"rendered":"<h1><span class=\"\">DRON EMPRESARIAL DJI M30T<\/span><\/h1>\n<p>&nbsp;<\/p>\n<h2><span style=\"color: #333399;\">Poder en portabilidad<\/span><\/h2>\n<h2><span style=\"color: #333399;\">Potente rendimiento de vuelo<\/span><\/h2>\n<p>Un equilibrio entre potencia y portabilidad ofrece una mayor eficiencia operativa<\/p>\n<h3><span style=\"color: #ff0000;\">TIEMPO M\u00c1XIMO DE VUELO 41 MIN<\/span><br \/>\n<span style=\"color: #ff0000;\">RESISTENCIA AL VIENTO 15 M\/S<\/span><br \/>\n<span style=\"color: #ff0000;\">TECHO DE SERVICIO DE 7000 M<\/span><br \/>\n<span style=\"color: #ff0000;\">23 M\/S VELOCIDAD M\u00c1XIMA<\/span><\/h3>\n<div class=\"imageboxes\"><img decoding=\"async\" src=\"https:\/\/dji-official-fe.djicdn.com\/dps\/0b513f26fa6ba43e6eddd2f2c1f3eb5c.jpg\" \/><\/div>\n<h2><span style=\"color: #333399;\">Adaptabilidad ambiental<\/span><\/h2>\n<p>Con protecci\u00f3n IP55, el M30 puede soportar f\u00e1cilmente condiciones clim\u00e1ticas adversas y temperaturas que oscilan entre -20 \u00b0C y 50 \u00b0C.<\/p>\n<div class=\"imageboxes\"><img decoding=\"async\" src=\"https:\/\/dji-official-fe.djicdn.com\/dps\/b0a595c8ec86843972c3f0c65fedd876.jpg\" \/><\/div>\n<h2><span style=\"color: #333399;\">Seguro y confiable<\/span><\/h2>\n<p>Los sensores ToF y de visi\u00f3n dual aparecen en los seis lados de la aeronave, manteni\u00e9ndola segura y cumpliendo su misi\u00f3n. El receptor ADS-B incorporado proporciona advertencias oportunas sobre cualquier aeronave tripulada que se aproxima.<\/p>\n<h2><span style=\"color: #333399;\">Redundancias y sistemas de respaldo<\/span><\/h2>\n<p>Los sistemas de redundancia avanzados integrados ayudan a mantener sus misiones cr\u00edticas en funcionamiento incluso en escenarios inesperados.<\/p>\n<div class=\"imageboxes\"><img decoding=\"async\" src=\"https:\/\/dji-official-fe.djicdn.com\/dps\/058ebc72ca71f96f15ea6a2fc89d5106.jpg\" \/><\/div>\n<h2><span style=\"color: #333399;\">Transmisi\u00f3n mejorada<\/span><\/h2>\n<p>Cuatro antenas integradas admiten OcuSync 3 Enterprise, que permite la transmisi\u00f3n de video de 1080p de tres canales y el intercambio fluido entre fuentes de entrada, incluso en entornos complejos.<\/p>\n<h2><span style=\"color: #333399;\">Ligero y port\u00e1til<\/span><\/h2>\n<p>Compacta y plegable, la serie M30 es f\u00e1cil de empacar, transportar e implementar.<\/p>\n<h2><span style=\"color: #333399;\">Captura todo<\/span><\/h2>\n<p>La serie M30 integra c\u00e1maras t\u00e9rmicas, con zoom y gran angular (solo M30T) con un tel\u00e9metro l\u00e1ser, que en conjunto pueden capturar los datos a\u00e9reos que necesita, cuando los necesita.<\/p>\n<div class=\"imageboxes2\"><img decoding=\"async\" src=\"https:\/\/dji-official-fe.djicdn.com\/dps\/4320f27f0c9d3a397d586f3126254d24.jpg\" \/><\/div>\n<h2><span style=\"color: #333399;\">Dise\u00f1ado para pilotos de drones comerciales<\/span><\/h2>\n<p>El DJI RC Plus con pantalla panor\u00e1mica de 7 pulgadas y modo de control dual est\u00e1 hecho a medida para usuarios empresariales.<\/p>\n<h2><span style=\"color: #333399;\">Adaptabilidad ambiental empresarial<\/span><\/h2>\n<ul>\n<li>\n<h4><span style=\"color: #ff0000;\">PROTECCI\u00d3N IP54<\/span><\/h4>\n<\/li>\n<li>\n<h4><span style=\"color: #ff0000;\">A PRUEBA DE AGUA Y POLVO<\/span><\/h4>\n<\/li>\n<li>\n<h4><span style=\"color: #ff0000;\">-20\u00b0CA 50\u00b0C<\/span><\/h4>\n<\/li>\n<li>\n<h4><span style=\"color: #ff0000;\">ADECUADO PARA CLIMAS C\u00c1LIDOS Y FR\u00cdOS<\/span><\/h4>\n<\/li>\n<\/ul>\n<h2><span style=\"color: #333399;\">Estabilidad y duraci\u00f3n de la bater\u00eda mejoradas<\/span><\/h2>\n<p>Cuatro antenas OcuSync 3 Enterprise<br \/>\nCubra m\u00e1s \u00e1rea con transmisi\u00f3n de video estable y antenas duales extra\u00edbles.<\/p>\n<h2><span style=\"color: #333399;\">Duraci\u00f3n extendida de la bater\u00eda<\/span><\/h2>\n<p>La configuraci\u00f3n de bater\u00eda interna y externa proporciona 6 horas de duraci\u00f3n de la bater\u00eda y permite el intercambio en caliente para operaciones de vuelo ininterrumpidas y sin problemas.<\/p>\n<h2><span style=\"color: #333399;\">Presentamos el nuevo DJI Pilot 2<\/span><\/h2>\n<p>Una interfaz de vuelo Enterprise renovada dise\u00f1ada para mejorar la eficiencia del pilotaje y la seguridad del vuelo.<\/p>\n<div class=\"imageboxes2\"><img decoding=\"async\" src=\"https:\/\/dji-official-fe.djicdn.com\/dps\/eadffae49f2ffab785eb449301aeabe4.jpg\" \/><\/div>\n<h2><span style=\"color: #333399;\">Interfaz de usuario reinventada<\/span><\/h2>\n<p>Se puede acceder f\u00e1cilmente a los controles y la carga \u00fatil del dron con un solo toque. La presentaci\u00f3n clara de los detalles del vuelo y la informaci\u00f3n de navegaci\u00f3n mejora la experiencia del usuario y la eficiencia del vuelo.<\/p>\n<h2><span style=\"color: #333399;\">Dise\u00f1o ergon\u00f3mico para seguridad y eficiencia.<\/span><\/h2>\n<p>Pilot 2 funciona perfectamente con DJI RC Plus. Los botones en pantalla y personalizables est\u00e1n al alcance y permiten operaciones r\u00e1pidas, como ajustar las vistas de la c\u00e1mara y soltar PinPoints.<\/p>\n<h2><span style=\"color: #ff0000;\">DJI Hub de Vuelo 2<\/span><\/h2>\n<p><strong>Sinergia Tierra-Nube | Domina el entorno de tu misi\u00f3n<\/strong><\/p>\n<div class=\"imageboxes2\"><img decoding=\"async\" src=\"https:\/\/dji-official-fe.djicdn.com\/dps\/3e7111020235af4ec95669cd21a22a3e.jpg\" \/><\/div>\n<p>FlightHub 2 ofrece un mapa base 2.5D para un conocimiento r\u00e1pido del terreno, One-Tap Panorama Sync para una descripci\u00f3n general r\u00e1pida del sitio y Cloud Mapping para un mapeo r\u00e1pido en RGB o infrarrojos.<\/p>\n<h2><span style=\"color: #333399;\">Transmisi\u00f3n en vivo de la misi\u00f3n.<\/span><\/h2>\n<p>Conecte varios usuarios a una o varias operaciones con drones simult\u00e1neamente y mantenga a los equipos actualizados con los \u00faltimos desarrollos con transmisi\u00f3n en vivo de alta resoluci\u00f3n y baja latencia.<\/p>\n<h2><span style=\"color: #333399;\">Anotaciones en vivo<\/span><\/h2>\n<p>Resalte objetos o \u00e1reas de inter\u00e9s para una gesti\u00f3n eficiente de la misi\u00f3n y distribuci\u00f3n de recursos. Las anotaciones son visibles para el personal de tierra, los pilotos o cualquier miembro del equipo para la alineaci\u00f3n oportuna del proyecto y la distribuci\u00f3n de tareas.<\/p>\n<h2><span style=\"color: #333399;\">Comunicaci\u00f3n de equipo optimizada<\/span><\/h2>\n<p>Sincronice informaci\u00f3n valiosa, como la posici\u00f3n del equipo, el estado del dron, los detalles de la misi\u00f3n y m\u00e1s, en tiempo real y en m\u00faltiples tipos de dispositivos, lo que hace que la colaboraci\u00f3n en equipo sea m\u00e1s f\u00e1cil que nunca.<\/p>\n<h2><span style=\"color: #333399;\">Estaci\u00f3n de bater\u00eda inteligente BS30<\/span><\/h2>\n<p>Una soluci\u00f3n inteligente y port\u00e1til con m\u00faltiples modos de carga para satisfacer las necesidades de su misi\u00f3n. Capaz de cargar cuatro pares de bater\u00edas de vuelo inteligentes TB30 y un par de bater\u00edas RC Plus, los pares se cargan uno a la vez, y un par tarda solo 30 minutos en cargarse desde 20 a 90%.<\/p>\n<h2><span style=\"color: #333399;\">Bater\u00eda de Vuelo Inteligente TB30<\/span><\/h2>\n<p>Cada bater\u00eda admite autocalentamiento para ambientes fr\u00edos, intercambio en caliente para tiempos de respuesta r\u00e1pidos y 400 ciclos de carga9 para una mayor eficiencia operativa.<\/p>","protected":false},"excerpt":{"rendered":"<p>Construido resistente.\u00a0<span class=\"\">Funciona de manera inteligente.<br \/>\n<\/span><\/p>\n<p><span style=\"color: #ff0000;\"><strong>Para obtener m\u00e1s informaci\u00f3n sobre este producto, comun\u00edquese con: <a href=\"mailto:sales@usadronetampa.com\"><span style=\"color: #3366ff;\">sales@usadronetampa.com<\/span><\/a><\/strong><\/span><\/p>\n<p><span class=\"\">\u00a0<\/span><\/p>","protected":false},"featured_media":816,"comment_status":"open","ping_status":"closed","template":"","meta":{"site-sidebar-layout":"default","site-content-layout":"","ast-site-content-layout":"default","site-content-style":"default","site-sidebar-style":"default","ast-global-header-display":"","ast-banner-title-visibility":"","ast-main-header-display":"","ast-hfb-above-header-display":"","ast-hfb-below-header-display":"","ast-hfb-mobile-header-display":"","site-post-title":"","ast-breadcrumbs-content":"","ast-featured-img":"","footer-sml-layout":"","ast-disable-related-posts":"","theme-transparent-header-meta":"default","adv-header-id-meta":"","stick-header-meta":"default","header-above-stick-meta":"","header-main-stick-meta":"","header-below-stick-meta":"","astra-migrate-meta-layouts":"set","ast-page-background-enabled":"default","ast-page-background-meta":{"desktop":{"background-color":"var(--ast-global-color-4)","background-image":"","background-repeat":"repeat","background-position":"center center","background-size":"auto","background-attachment":"scroll","background-type":"","background-media":"","overlay-type":"","overlay-color":"","overlay-opacity":"","overlay-gradient":""},"tablet":{"background-color":"","background-image":"","background-repeat":"repeat","background-position":"center center","background-size":"auto","background-attachment":"scroll","background-type":"","background-media":"","overlay-type":"","overlay-color":"","overlay-opacity":"","overlay-gradient":""},"mobile":{"background-color":"","background-image":"","background-repeat":"repeat","background-position":"center center","background-size":"auto","background-attachment":"scroll","background-type":"","background-media":"","overlay-type":"","overlay-color":"","overlay-opacity":"","overlay-gradient":""}},"ast-content-background-meta":{"desktop":{"background-color":"var(--ast-global-color-5)","background-image":"","background-repeat":"repeat","background-position":"center center","background-size":"auto","background-attachment":"scroll","background-type":"","background-media":"","overlay-type":"","overlay-color":"","overlay-opacity":"","overlay-gradient":""},"tablet":{"background-color":"var(--ast-global-color-5)","background-image":"","background-repeat":"repeat","background-position":"center center","background-size":"auto","background-attachment":"scroll","background-type":"","background-media":"","overlay-type":"","overlay-color":"","overlay-opacity":"","overlay-gradient":""},"mobile":{"background-color":"var(--ast-global-color-5)","background-image":"","background-repeat":"repeat","background-position":"center center","background-size":"auto","background-attachment":"scroll","background-type":"","background-media":"","overlay-type":"","overlay-color":"","overlay-opacity":"","overlay-gradient":""}}},"product_brand":[],"product_cat":[33],"product_tag":[],"class_list":{"0":"post-815","1":"product","2":"type-product","3":"status-publish","4":"has-post-thumbnail","6":"product_cat-enterprise-drones","7":"desktop-align-left","8":"tablet-align-left","9":"mobile-align-left","11":"first","12":"instock","13":"taxable","14":"shipping-taxable","15":"product-type-simple"},"yoast_head":"<!-- This site is optimized with the Yoast SEO plugin v27.6 - https:\/\/yoast.com\/product\/yoast-seo-wordpress\/ -->\n<title>DJI Matrix M30T | Enterprise Drone \u2013 Enterprise Care Basic - USA Drone Tampa<\/title>\n<meta name=\"description\" content=\"the M30 Intelligent Flight Batteries and one pair of RC Plus Batteries, the pairs are charged one at a time, with one pair taking only 30 minutes.\" \/>\n<meta name=\"robots\" content=\"index, follow, max-snippet:-1, max-image-preview:large, max-video-preview:-1\" \/>\n<link rel=\"canonical\" href=\"https:\/\/usadronetampa.com\/es\/product\/dji-matrix-m30t-enterprise-drone-enterprise-care-basic\/\" \/>\n<meta property=\"og:locale\" content=\"es_ES\" \/>\n<meta property=\"og:type\" content=\"article\" \/>\n<meta property=\"og:title\" content=\"DJI Matrix M30T | Enterprise Drone \u2013 Enterprise Care Basic - USA Drone Tampa\" \/>\n<meta property=\"og:description\" content=\"the M30 Intelligent Flight Batteries and one pair of RC Plus Batteries, the pairs are charged one at a time, with one pair taking only 30 minutes.\" \/>\n<meta property=\"og:url\" content=\"https:\/\/usadronetampa.com\/es\/product\/dji-matrix-m30t-enterprise-drone-enterprise-care-basic\/\" \/>\n<meta property=\"og:site_name\" content=\"USA Drone Tampa\" \/>\n<meta property=\"article:publisher\" content=\"https:\/\/www.facebook.com\/profile.php?id=100095595180083\" \/>\n<meta property=\"article:modified_time\" content=\"2025-03-11T16:37:55+00:00\" \/>\n<meta property=\"og:image\" content=\"https:\/\/usadronetampa.com\/wp-content\/uploads\/2023\/09\/M30T.png\" \/>\n\t<meta property=\"og:image:width\" content=\"322\" \/>\n\t<meta property=\"og:image:height\" content=\"269\" \/>\n\t<meta property=\"og:image:type\" content=\"image\/png\" \/>\n<meta name=\"twitter:card\" content=\"summary_large_image\" \/>\n<meta name=\"twitter:label1\" content=\"Est. reading time\" \/>\n\t<meta name=\"twitter:data1\" content=\"4 minutos\" \/>\n<script type=\"application\/ld+json\" class=\"yoast-schema-graph\">{\"@context\":\"https:\\\/\\\/schema.org\",\"@graph\":[{\"@type\":\"WebPage\",\"@id\":\"https:\\\/\\\/usadronetampa.com\\\/product\\\/dji-matrix-m30t-enterprise-drone-enterprise-care-basic\\\/\",\"url\":\"https:\\\/\\\/usadronetampa.com\\\/product\\\/dji-matrix-m30t-enterprise-drone-enterprise-care-basic\\\/\",\"name\":\"DJI Matrix M30T | Enterprise Drone \u2013 Enterprise Care Basic - USA Drone Tampa\",\"isPartOf\":{\"@id\":\"https:\\\/\\\/usadronetampa.com\\\/#website\"},\"primaryImageOfPage\":{\"@id\":\"https:\\\/\\\/usadronetampa.com\\\/product\\\/dji-matrix-m30t-enterprise-drone-enterprise-care-basic\\\/#primaryimage\"},\"image\":{\"@id\":\"https:\\\/\\\/usadronetampa.com\\\/product\\\/dji-matrix-m30t-enterprise-drone-enterprise-care-basic\\\/#primaryimage\"},\"thumbnailUrl\":\"https:\\\/\\\/usadronetampa.com\\\/wp-content\\\/uploads\\\/2023\\\/09\\\/M30T.png\",\"datePublished\":\"2023-09-21T21:24:59+00:00\",\"dateModified\":\"2025-03-11T16:37:55+00:00\",\"description\":\"the M30 Intelligent Flight Batteries and one pair of RC Plus Batteries, the pairs are charged one at a time, with one pair taking only 30 minutes.\",\"breadcrumb\":{\"@id\":\"https:\\\/\\\/usadronetampa.com\\\/product\\\/dji-matrix-m30t-enterprise-drone-enterprise-care-basic\\\/#breadcrumb\"},\"inLanguage\":\"es-PE\",\"potentialAction\":[{\"@type\":\"ReadAction\",\"target\":[\"https:\\\/\\\/usadronetampa.com\\\/product\\\/dji-matrix-m30t-enterprise-drone-enterprise-care-basic\\\/\"]}]},{\"@type\":\"ImageObject\",\"inLanguage\":\"es-PE\",\"@id\":\"https:\\\/\\\/usadronetampa.com\\\/product\\\/dji-matrix-m30t-enterprise-drone-enterprise-care-basic\\\/#primaryimage\",\"url\":\"https:\\\/\\\/usadronetampa.com\\\/wp-content\\\/uploads\\\/2023\\\/09\\\/M30T.png\",\"contentUrl\":\"https:\\\/\\\/usadronetampa.com\\\/wp-content\\\/uploads\\\/2023\\\/09\\\/M30T.png\",\"width\":322,\"height\":269,\"caption\":\"Matriz m30t\"},{\"@type\":\"BreadcrumbList\",\"@id\":\"https:\\\/\\\/usadronetampa.com\\\/product\\\/dji-matrix-m30t-enterprise-drone-enterprise-care-basic\\\/#breadcrumb\",\"itemListElement\":[{\"@type\":\"ListItem\",\"position\":1,\"name\":\"Home\",\"item\":\"https:\\\/\\\/usadronetampa.com\\\/\"},{\"@type\":\"ListItem\",\"position\":2,\"name\":\"Store\",\"item\":\"https:\\\/\\\/usadronetampa.com\\\/tienda\\\/\"},{\"@type\":\"ListItem\",\"position\":3,\"name\":\"DJI Matrix M30T | Enterprise Drone \u2013 Enterprise Care Basic\"}]},{\"@type\":\"WebSite\",\"@id\":\"https:\\\/\\\/usadronetampa.com\\\/#website\",\"url\":\"https:\\\/\\\/usadronetampa.com\\\/\",\"name\":\"USA Drone Tampa\",\"description\":\"Drones USA\",\"publisher\":{\"@id\":\"https:\\\/\\\/usadronetampa.com\\\/#organization\"},\"potentialAction\":[{\"@type\":\"SearchAction\",\"target\":{\"@type\":\"EntryPoint\",\"urlTemplate\":\"https:\\\/\\\/usadronetampa.com\\\/?s={search_term_string}\"},\"query-input\":{\"@type\":\"PropertyValueSpecification\",\"valueRequired\":true,\"valueName\":\"search_term_string\"}}],\"inLanguage\":\"es-PE\"},{\"@type\":\"Organization\",\"@id\":\"https:\\\/\\\/usadronetampa.com\\\/#organization\",\"name\":\"USA Drone Tampa\",\"url\":\"https:\\\/\\\/usadronetampa.com\\\/\",\"logo\":{\"@type\":\"ImageObject\",\"inLanguage\":\"es-PE\",\"@id\":\"https:\\\/\\\/usadronetampa.com\\\/#\\\/schema\\\/logo\\\/image\\\/\",\"url\":\"https:\\\/\\\/usadronetampa.com\\\/wp-content\\\/uploads\\\/2023\\\/08\\\/usa-drone2b.png\",\"contentUrl\":\"https:\\\/\\\/usadronetampa.com\\\/wp-content\\\/uploads\\\/2023\\\/08\\\/usa-drone2b.png\",\"width\":746,\"height\":590,\"caption\":\"USA Drone Tampa\"},\"image\":{\"@id\":\"https:\\\/\\\/usadronetampa.com\\\/#\\\/schema\\\/logo\\\/image\\\/\"},\"sameAs\":[\"https:\\\/\\\/www.facebook.com\\\/profile.php?id=100095595180083\"]}]}<\/script>\n<!-- \/ Yoast SEO plugin. -->","yoast_head_json":{"title":"DJI Matrix M30T | Enterprise Drone \u2013 Enterprise Care Basic - USA Drone Tampa","description":"the M30 Intelligent Flight Batteries and one pair of RC Plus Batteries, the pairs are charged one at a time, with one pair taking only 30 minutes.","robots":{"index":"index","follow":"follow","max-snippet":"max-snippet:-1","max-image-preview":"max-image-preview:large","max-video-preview":"max-video-preview:-1"},"canonical":"https:\/\/usadronetampa.com\/es\/product\/dji-matrix-m30t-enterprise-drone-enterprise-care-basic\/","og_locale":"es_ES","og_type":"article","og_title":"DJI Matrix M30T | Enterprise Drone \u2013 Enterprise Care Basic - USA Drone Tampa","og_description":"the M30 Intelligent Flight Batteries and one pair of RC Plus Batteries, the pairs are charged one at a time, with one pair taking only 30 minutes.","og_url":"https:\/\/usadronetampa.com\/es\/product\/dji-matrix-m30t-enterprise-drone-enterprise-care-basic\/","og_site_name":"USA Drone Tampa","article_publisher":"https:\/\/www.facebook.com\/profile.php?id=100095595180083","article_modified_time":"2025-03-11T16:37:55+00:00","og_image":[{"width":322,"height":269,"url":"https:\/\/usadronetampa.com\/wp-content\/uploads\/2023\/09\/M30T.png","type":"image\/png"}],"twitter_card":"summary_large_image","twitter_misc":{"Est. reading time":"4 minutos"},"schema":{"@context":"https:\/\/schema.org","@graph":[{"@type":"WebPage","@id":"https:\/\/usadronetampa.com\/product\/dji-matrix-m30t-enterprise-drone-enterprise-care-basic\/","url":"https:\/\/usadronetampa.com\/product\/dji-matrix-m30t-enterprise-drone-enterprise-care-basic\/","name":"DJI Matrix M30T | Enterprise Drone \u2013 Enterprise Care Basic - USA Drone Tampa","isPartOf":{"@id":"https:\/\/usadronetampa.com\/#website"},"primaryImageOfPage":{"@id":"https:\/\/usadronetampa.com\/product\/dji-matrix-m30t-enterprise-drone-enterprise-care-basic\/#primaryimage"},"image":{"@id":"https:\/\/usadronetampa.com\/product\/dji-matrix-m30t-enterprise-drone-enterprise-care-basic\/#primaryimage"},"thumbnailUrl":"https:\/\/usadronetampa.com\/wp-content\/uploads\/2023\/09\/M30T.png","datePublished":"2023-09-21T21:24:59+00:00","dateModified":"2025-03-11T16:37:55+00:00","description":"the M30 Intelligent Flight Batteries and one pair of RC Plus Batteries, the pairs are charged one at a time, with one pair taking only 30 minutes.","breadcrumb":{"@id":"https:\/\/usadronetampa.com\/product\/dji-matrix-m30t-enterprise-drone-enterprise-care-basic\/#breadcrumb"},"inLanguage":"es-PE","potentialAction":[{"@type":"ReadAction","target":["https:\/\/usadronetampa.com\/product\/dji-matrix-m30t-enterprise-drone-enterprise-care-basic\/"]}]},{"@type":"ImageObject","inLanguage":"es-PE","@id":"https:\/\/usadronetampa.com\/product\/dji-matrix-m30t-enterprise-drone-enterprise-care-basic\/#primaryimage","url":"https:\/\/usadronetampa.com\/wp-content\/uploads\/2023\/09\/M30T.png","contentUrl":"https:\/\/usadronetampa.com\/wp-content\/uploads\/2023\/09\/M30T.png","width":322,"height":269,"caption":"Matriz m30t"},{"@type":"BreadcrumbList","@id":"https:\/\/usadronetampa.com\/product\/dji-matrix-m30t-enterprise-drone-enterprise-care-basic\/#breadcrumb","itemListElement":[{"@type":"ListItem","position":1,"name":"Home","item":"https:\/\/usadronetampa.com\/"},{"@type":"ListItem","position":2,"name":"Store","item":"https:\/\/usadronetampa.com\/tienda\/"},{"@type":"ListItem","position":3,"name":"DJI Matrix M30T | Enterprise Drone \u2013 Enterprise Care Basic"}]},{"@type":"WebSite","@id":"https:\/\/usadronetampa.com\/#website","url":"https:\/\/usadronetampa.com\/","name":"USA Drone Tampa","description":"Drones EE. UU.","publisher":{"@id":"https:\/\/usadronetampa.com\/#organization"},"potentialAction":[{"@type":"SearchAction","target":{"@type":"EntryPoint","urlTemplate":"https:\/\/usadronetampa.com\/?s={search_term_string}"},"query-input":{"@type":"PropertyValueSpecification","valueRequired":true,"valueName":"search_term_string"}}],"inLanguage":"es-PE"},{"@type":"Organization","@id":"https:\/\/usadronetampa.com\/#organization","name":"USA Drone Tampa","url":"https:\/\/usadronetampa.com\/","logo":{"@type":"ImageObject","inLanguage":"es-PE","@id":"https:\/\/usadronetampa.com\/#\/schema\/logo\/image\/","url":"https:\/\/usadronetampa.com\/wp-content\/uploads\/2023\/08\/usa-drone2b.png","contentUrl":"https:\/\/usadronetampa.com\/wp-content\/uploads\/2023\/08\/usa-drone2b.png","width":746,"height":590,"caption":"USA Drone Tampa"},"image":{"@id":"https:\/\/usadronetampa.com\/#\/schema\/logo\/image\/"},"sameAs":["https:\/\/www.facebook.com\/profile.php?id=100095595180083"]}]}},"_links":{"self":[{"href":"https:\/\/usadronetampa.com\/es\/wp-json\/wp\/v2\/product\/815","targetHints":{"allow":["GET"]}}],"collection":[{"href":"https:\/\/usadronetampa.com\/es\/wp-json\/wp\/v2\/product"}],"about":[{"href":"https:\/\/usadronetampa.com\/es\/wp-json\/wp\/v2\/types\/product"}],"replies":[{"embeddable":true,"href":"https:\/\/usadronetampa.com\/es\/wp-json\/wp\/v2\/comments?post=815"}],"wp:featuredmedia":[{"embeddable":true,"href":"https:\/\/usadronetampa.com\/es\/wp-json\/wp\/v2\/media\/816"}],"wp:attachment":[{"href":"https:\/\/usadronetampa.com\/es\/wp-json\/wp\/v2\/media?parent=815"}],"wp:term":[{"taxonomy":"product_brand","embeddable":true,"href":"https:\/\/usadronetampa.com\/es\/wp-json\/wp\/v2\/product_brand?post=815"},{"taxonomy":"product_cat","embeddable":true,"href":"https:\/\/usadronetampa.com\/es\/wp-json\/wp\/v2\/product_cat?post=815"},{"taxonomy":"product_tag","embeddable":true,"href":"https:\/\/usadronetampa.com\/es\/wp-json\/wp\/v2\/product_tag?post=815"}],"curies":[{"name":"gracias","href":"https:\/\/api.w.org\/{rel}","templated":true}]}}