{"id":806,"date":"2023-09-21T19:06:37","date_gmt":"2023-09-21T19:06:37","guid":{"rendered":"https:\/\/usadronetampa.com\/?post_type=product&#038;p=806"},"modified":"2025-03-11T11:39:20","modified_gmt":"2025-03-11T16:39:20","slug":"dji-mavic-3-thermal-enterprise","status":"publish","type":"product","link":"https:\/\/usadronetampa.com\/es\/product\/dji-mavic-3-thermal-enterprise\/","title":{"rendered":"DJI Mavic 3 Empresa T\u00e9rmica"},"content":{"rendered":"<h1>SERIE EMPRESARIAL DJI MAVIC 3<\/h1>\n<h2><span style=\"color: #333399;\">Tu dron comercial diario<\/span><\/h2>\n<div id=\"translation\">\n<div class=\"gtx-body\"><span class=\"\">La serie Mavic 3 Enterprise redefine los est\u00e1ndares de la industria para peque\u00f1os drones comerciales.\u00a0<\/span>Con un obturador mec\u00e1nico, una c\u00e1mara con zoom de 56x y un m\u00f3dulo RTK para una precisi\u00f3n de cent\u00edmetros, el Mavic 3E lleva la eficiencia de los mapas y las misiones a nuevas alturas. Est\u00e1 disponible una versi\u00f3n t\u00e9rmica para extinci\u00f3n de incendios, b\u00fasqueda y rescate, inspecci\u00f3n y operaciones nocturnas.<\/div>\n<\/div>\n<div class=\"imageboxes2\"><img decoding=\"async\" src=\"https:\/\/dji-official-fe.djicdn.com\/dps\/a7ee80fb7e79b3d5db911d15f5602e00.jpg\" \/><\/div>\n<h4><\/h4>\n<h4><span style=\"color: #ff0000;\">ZOOM H\u00cdBRIDO COMPACTO Y PORT\u00c1TIL<\/span><\/h4>\n<h4><span style=\"color: #ff0000;\">C\u00c1MARA T\u00c9RMICA 56\u00d7<\/span><\/h4>\n<h4><span style=\"color: #ff0000;\">640 \u00d7 512 PX TIEMPO M\u00c1XIMO DE VUELO<\/span><\/h4>\n<h4><span style=\"color: #ff0000;\">TRANSMISI\u00d3N COMERCIAL DE 45 MIN<\/span><\/h4>\n<h4><span style=\"color: #ff0000;\">POSICIONAMIENTO DE NIVEL DJI O3<\/span><\/h4>\n<h4><span style=\"color: #ff0000;\">CENTIMETRICO CON ALTAVOZ RTK<\/span><\/h4>\n<h4><span style=\"color: #ff0000;\">ALTO VOLUMEN<\/span><\/h4>\n<h2><span style=\"color: #333399;\">Compacto y port\u00e1til<\/span><\/h2>\n<p id=\"infotext\">Optimizado y compacto, Mavic 3 Enterprise Series se puede llevar en una mano y desplegar en cualquier momento. Perfecto tanto para pilotos novatos como veteranos, est\u00e1 dise\u00f1ado para desempe\u00f1arse en misiones largas.<\/p>\n<h2><span style=\"color: #333399;\">Dos modelos, innumerables aplicaciones<\/span><\/h2>\n<h2 id=\"m3etitle\"><span style=\"color: #333399;\">DJI Mavic 3E<\/span><\/h2>\n<p id=\"infotext\">Ancho: 4\/3 CMOS, 20 MP, obturador mec\u00e1nico | Tele: distancia focal equivalente: 162 mm, 12 MP, zoom h\u00edbrido de 56x<\/p>\n<h2 id=\"m3etitle\"><span style=\"color: #333399;\">DJI Mavic 3T<\/span><\/h2>\n<p id=\"infotext\">Gran angular: Distancia focal equivalente: 24 mm, 48 MP | Zoom: Distancia focal equivalente: 162 mm, 12 MP, zoom h\u00edbrido de 56x | T\u00e9rmica: DFOV: 61\u00b0, distancia focal equivalente: 40 mm, resoluci\u00f3n 640 \u00d7 512<\/p>\n<h2><span style=\"color: #333399;\">Rendimiento de c\u00e1mara premium<\/span><\/h2>\n<h2 id=\"m3etitle\"><span style=\"color: #333399;\">Encuesta con velocidad<\/span><\/h2>\n<p id=\"infotext\">El sensor CMOS 4\/3 gran angular de 20 MP del Mavic 3E tiene un obturador mec\u00e1nico para evitar el desenfoque de movimiento y admite disparos r\u00e1pidos a intervalos de 0,7 segundos. Completa misiones de mapeo con extraordinaria eficiencia sin necesidad de puntos de control terrestres.<\/p>\n<h2 id=\"m3etitle\"><span style=\"color: #333399;\">Rendimiento mejorado con poca luz<\/span><\/h2>\n<div class=\"gtx-body\">La c\u00e1mara panor\u00e1mica del Mavic 3E tiene grandes p\u00edxeles de 3,3 \u03bcm que, junto con el modo inteligente de poca luz, ofrecen un rendimiento significativamente mejorado en condiciones de poca luz.<\/div>\n<h2 id=\"m3etitle\"><span style=\"color: #333399;\">Enf\u00f3cate y encuentra<\/span><\/h2>\n<div class=\"gtx-body\">Tanto el Mavic 3E como el Mavic 3T est\u00e1n equipados con una c\u00e1mara con zoom de 12MP, que admite un zoom h\u00edbrido m\u00e1ximo de hasta 56x para ver detalles esenciales desde lejos.<\/div>\n<h2 id=\"m3etitle\"><span style=\"color: #333399;\">ver lo invisible<\/span><\/h2>\n<div class=\"gtx-body\">La c\u00e1mara t\u00e9rmica Mavic 3T tiene una resoluci\u00f3n de 640 \u00d7 512 y admite medici\u00f3n de temperatura puntual y de \u00e1rea, alertas de alta temperatura, paletas de colores e isotermas para ayudarlo a encontrar sus objetivos y tomar decisiones r\u00e1pidas.<\/div>\n<h2 id=\"m3etitle\"><span style=\"color: #333399;\">Zoom simult\u00e1neo en pantalla dividida<\/span><\/h2>\n<div class=\"gtx-body\">Las c\u00e1maras t\u00e9rmicas y con zoom del Mavic 3T admiten un zoom continuo de lado a lado de 28x para facilitar las comparaciones.<\/div>\n<h2><span style=\"color: #333399;\">Eficiencia operativa excepcional<\/span><\/h2>\n<h2 id=\"m3etitle\"><span style=\"color: #333399;\">Bater\u00edas de resistencia optimizada<\/span><\/h2>\n<div class=\"gtx-body\">Las duraciones de vuelo de 45 minutos te permiten cubrir m\u00e1s terreno en cada misi\u00f3n, midiendo hasta 2 kil\u00f3metros cuadrados en un solo vuelo. Tiempo m\u00e1ximo de vuelo: 45 minutos. \u00c1rea Topogr\u00e1fica en un Solo Vuelo: 2 Kil\u00f3metros Cuadrados.<\/div>\n<div><\/div>\n<div class=\"gtx-body\">Cargue r\u00e1pidamente las bater\u00edas con un centro de carga de 100 W o cargue directamente el dron con una carga r\u00e1pida de 88 W. Centro de carga: 100 W, avi\u00f3n 88 W.<\/div>\n<h2 id=\"m3etitle\"><span style=\"color: #333399;\">Transmisi\u00f3n de im\u00e1genes de pr\u00f3xima generaci\u00f3n<\/span><\/h2>\n<div class=\"gtx-body\">La transmisi\u00f3n empresarial O3 con antena cu\u00e1druple permite conexiones m\u00e1s estables en una amplia variedad de entornos complejos.<\/div>\n<h2 id=\"m3etitle\"><span style=\"color: #333399;\">Detecci\u00f3n omnidireccional para un vuelo seguro<\/span><\/h2>\n<p>Equipado con lentes gran angular en todos los lados para evitar obst\u00e1culos omnidireccionales sin puntos ciegos. Ajuste las alarmas de proximidad y la distancia de frenado a los requisitos de la misi\u00f3n. Advanced RTH planifica autom\u00e1ticamente la ruta \u00f3ptima a casa, ahorr\u00e1ndole energ\u00eda, tiempo y molestias. APAS 5.0 permite el desv\u00edo autom\u00e1tico para sortear obst\u00e1culos, para que puedas volar con tranquilidad.<\/p>\n<h2><span style=\"color: #333399;\">Paquete de software completo<\/span><\/h2>\n<h2 id=\"m3etitle\"><span style=\"color: #333399;\">Piloto DJI 2<\/span><\/h2>\n<p>Una interfaz de vuelo Enterprise renovada dise\u00f1ada para mejorar la eficiencia del pilotaje y la seguridad del vuelo. Se puede acceder f\u00e1cilmente a los controles y la carga \u00fatil del dron con un solo toque. La presentaci\u00f3n clara de los detalles del vuelo y la informaci\u00f3n de navegaci\u00f3n mejora la experiencia del usuario junto con la compatibilidad con varios tipos de rutas.<\/p>\n<h2 id=\"m3etitle\"><span style=\"color: #333399;\">DJI Hub de Vuelo 2<\/span><\/h2>\n<p>Gesti\u00f3n de operaciones de drones en la nube todo en uno para su flota con soporte para anotaciones en vivo y mapeo en la nube para una sinergia perfecta entre el suelo y la nube. Gestione eficientemente las operaciones de inspecci\u00f3n con planificaci\u00f3n de rutas y gesti\u00f3n de misiones.<\/p>\n<h2 id=\"m3etitle\"><span style=\"color: #333399;\">DJI Terra<\/span><\/h2>\n<p>Software de mapeo completo para todas las etapas del trabajo, desde la planificaci\u00f3n de la misi\u00f3n hasta el procesamiento de modelos 2D y 3D.<\/p>\n<h2 id=\"m3etitle\"><span style=\"color: #333399;\">Herramienta de an\u00e1lisis t\u00e9rmico DJI 3.0<\/span><\/h2>\n<p>Analice, anote y procese im\u00e1genes capturadas por M3T utilizando DTAT 3.0 para detectar anomal\u00edas de temperatura en sus inspecciones.<\/p>\n<h2 id=\"m3etitle\"><span style=\"color: #333399;\">Seguridad de los datos del usuario<\/span><\/h2>\n<p>Modo de datos locales | Borre todos los datos de su dispositivo con un toque | Cifrado de transmisi\u00f3n de v\u00eddeo AES-256 | API de la nube.<\/p>","protected":false},"excerpt":{"rendered":"<p><span class=\"\">Zoom h\u00edbrido de 56\u00d7 |\u00a0<\/span>640 \u00d7 512 px C\u00e1mara t\u00e9rmica | Tiempo m\u00e1ximo de vuelo de 45 minutos | Posicionamiento a nivel de cent\u00edmetros con RTK<\/p>\n<p><span style=\"color: #ff0000;\"><strong>Para obtener m\u00e1s informaci\u00f3n sobre este producto, comun\u00edquese con: <a href=\"mailto:sales@usadronetampa.com\"><span style=\"color: #3366ff;\">sales@usadronetampa.com<\/span><\/a><\/strong><\/span><\/p>\n<p>&nbsp;<\/p>","protected":false},"featured_media":807,"comment_status":"open","ping_status":"closed","template":"","meta":{"site-sidebar-layout":"default","site-content-layout":"","ast-site-content-layout":"default","site-content-style":"default","site-sidebar-style":"default","ast-global-header-display":"","ast-banner-title-visibility":"","ast-main-header-display":"","ast-hfb-above-header-display":"","ast-hfb-below-header-display":"","ast-hfb-mobile-header-display":"","site-post-title":"","ast-breadcrumbs-content":"","ast-featured-img":"","footer-sml-layout":"","ast-disable-related-posts":"","theme-transparent-header-meta":"default","adv-header-id-meta":"","stick-header-meta":"default","header-above-stick-meta":"","header-main-stick-meta":"","header-below-stick-meta":"","astra-migrate-meta-layouts":"set","ast-page-background-enabled":"default","ast-page-background-meta":{"desktop":{"background-color":"var(--ast-global-color-4)","background-image":"","background-repeat":"repeat","background-position":"center center","background-size":"auto","background-attachment":"scroll","background-type":"","background-media":"","overlay-type":"","overlay-color":"","overlay-opacity":"","overlay-gradient":""},"tablet":{"background-color":"","background-image":"","background-repeat":"repeat","background-position":"center center","background-size":"auto","background-attachment":"scroll","background-type":"","background-media":"","overlay-type":"","overlay-color":"","overlay-opacity":"","overlay-gradient":""},"mobile":{"background-color":"","background-image":"","background-repeat":"repeat","background-position":"center center","background-size":"auto","background-attachment":"scroll","background-type":"","background-media":"","overlay-type":"","overlay-color":"","overlay-opacity":"","overlay-gradient":""}},"ast-content-background-meta":{"desktop":{"background-color":"var(--ast-global-color-5)","background-image":"","background-repeat":"repeat","background-position":"center center","background-size":"auto","background-attachment":"scroll","background-type":"","background-media":"","overlay-type":"","overlay-color":"","overlay-opacity":"","overlay-gradient":""},"tablet":{"background-color":"var(--ast-global-color-5)","background-image":"","background-repeat":"repeat","background-position":"center center","background-size":"auto","background-attachment":"scroll","background-type":"","background-media":"","overlay-type":"","overlay-color":"","overlay-opacity":"","overlay-gradient":""},"mobile":{"background-color":"var(--ast-global-color-5)","background-image":"","background-repeat":"repeat","background-position":"center center","background-size":"auto","background-attachment":"scroll","background-type":"","background-media":"","overlay-type":"","overlay-color":"","overlay-opacity":"","overlay-gradient":""}}},"product_brand":[],"product_cat":[32],"product_tag":[],"class_list":{"0":"post-806","1":"product","2":"type-product","3":"status-publish","4":"has-post-thumbnail","6":"product_cat-advanced-commercial-drones","7":"desktop-align-left","8":"tablet-align-left","9":"mobile-align-left","11":"first","12":"instock","13":"taxable","14":"shipping-taxable","15":"purchasable","16":"product-type-simple"},"yoast_head":"<!-- This site is optimized with the Yoast SEO plugin v27.5 - https:\/\/yoast.com\/product\/yoast-seo-wordpress\/ -->\n<title>DJI Mavic 3 Thermal Enterprise - USA Drone Tampa<\/title>\n<meta name=\"description\" content=\"The Mavic 3 Enterprise series redefines industry standards for small commercial drones.\u00a0With a mechanical shutter, a 56x zoom camera\" \/>\n<meta name=\"robots\" content=\"index, follow, max-snippet:-1, max-image-preview:large, max-video-preview:-1\" \/>\n<link rel=\"canonical\" href=\"https:\/\/usadronetampa.com\/es\/product\/dji-mavic-3-thermal-enterprise\/\" \/>\n<meta property=\"og:locale\" content=\"es_ES\" \/>\n<meta property=\"og:type\" content=\"article\" \/>\n<meta property=\"og:title\" content=\"DJI Mavic 3 Thermal Enterprise - USA Drone Tampa\" \/>\n<meta property=\"og:description\" content=\"The Mavic 3 Enterprise series redefines industry standards for small commercial drones.\u00a0With a mechanical shutter, a 56x zoom camera\" \/>\n<meta property=\"og:url\" content=\"https:\/\/usadronetampa.com\/es\/product\/dji-mavic-3-thermal-enterprise\/\" \/>\n<meta property=\"og:site_name\" content=\"USA Drone Tampa\" \/>\n<meta property=\"article:publisher\" content=\"https:\/\/www.facebook.com\/profile.php?id=100095595180083\" \/>\n<meta property=\"article:modified_time\" content=\"2025-03-11T16:39:20+00:00\" \/>\n<meta property=\"og:image\" content=\"https:\/\/usadronetampa.com\/wp-content\/uploads\/2023\/09\/dji-mavic-3-thermal-enterprise-with-care-basic-warranty-djim3tbasic-dji-2bc.jpg\" \/>\n\t<meta property=\"og:image:width\" content=\"650\" \/>\n\t<meta property=\"og:image:height\" content=\"488\" \/>\n\t<meta property=\"og:image:type\" content=\"image\/jpeg\" \/>\n<meta name=\"twitter:card\" content=\"summary_large_image\" \/>\n<meta name=\"twitter:label1\" content=\"Est. reading time\" \/>\n\t<meta name=\"twitter:data1\" content=\"4 minutos\" \/>\n<script type=\"application\/ld+json\" class=\"yoast-schema-graph\">{\"@context\":\"https:\\\/\\\/schema.org\",\"@graph\":[{\"@type\":\"WebPage\",\"@id\":\"https:\\\/\\\/usadronetampa.com\\\/product\\\/dji-mavic-3-thermal-enterprise\\\/\",\"url\":\"https:\\\/\\\/usadronetampa.com\\\/product\\\/dji-mavic-3-thermal-enterprise\\\/\",\"name\":\"DJI Mavic 3 Thermal Enterprise - USA Drone Tampa\",\"isPartOf\":{\"@id\":\"https:\\\/\\\/usadronetampa.com\\\/#website\"},\"primaryImageOfPage\":{\"@id\":\"https:\\\/\\\/usadronetampa.com\\\/product\\\/dji-mavic-3-thermal-enterprise\\\/#primaryimage\"},\"image\":{\"@id\":\"https:\\\/\\\/usadronetampa.com\\\/product\\\/dji-mavic-3-thermal-enterprise\\\/#primaryimage\"},\"thumbnailUrl\":\"https:\\\/\\\/usadronetampa.com\\\/wp-content\\\/uploads\\\/2023\\\/09\\\/dji-mavic-3-thermal-enterprise-with-care-basic-warranty-djim3tbasic-dji-2bc.jpg\",\"datePublished\":\"2023-09-21T19:06:37+00:00\",\"dateModified\":\"2025-03-11T16:39:20+00:00\",\"description\":\"The Mavic 3 Enterprise series redefines industry standards for small commercial drones.\u00a0With a mechanical shutter, a 56x zoom camera\",\"breadcrumb\":{\"@id\":\"https:\\\/\\\/usadronetampa.com\\\/product\\\/dji-mavic-3-thermal-enterprise\\\/#breadcrumb\"},\"inLanguage\":\"es-PE\",\"potentialAction\":[{\"@type\":\"ReadAction\",\"target\":[\"https:\\\/\\\/usadronetampa.com\\\/product\\\/dji-mavic-3-thermal-enterprise\\\/\"]}]},{\"@type\":\"ImageObject\",\"inLanguage\":\"es-PE\",\"@id\":\"https:\\\/\\\/usadronetampa.com\\\/product\\\/dji-mavic-3-thermal-enterprise\\\/#primaryimage\",\"url\":\"https:\\\/\\\/usadronetampa.com\\\/wp-content\\\/uploads\\\/2023\\\/09\\\/dji-mavic-3-thermal-enterprise-with-care-basic-warranty-djim3tbasic-dji-2bc.jpg\",\"contentUrl\":\"https:\\\/\\\/usadronetampa.com\\\/wp-content\\\/uploads\\\/2023\\\/09\\\/dji-mavic-3-thermal-enterprise-with-care-basic-warranty-djim3tbasic-dji-2bc.jpg\",\"width\":650,\"height\":488,\"caption\":\"Mavic Thermal\"},{\"@type\":\"BreadcrumbList\",\"@id\":\"https:\\\/\\\/usadronetampa.com\\\/product\\\/dji-mavic-3-thermal-enterprise\\\/#breadcrumb\",\"itemListElement\":[{\"@type\":\"ListItem\",\"position\":1,\"name\":\"Home\",\"item\":\"https:\\\/\\\/usadronetampa.com\\\/\"},{\"@type\":\"ListItem\",\"position\":2,\"name\":\"Store\",\"item\":\"https:\\\/\\\/usadronetampa.com\\\/tienda\\\/\"},{\"@type\":\"ListItem\",\"position\":3,\"name\":\"DJI Mavic 3 Thermal Enterprise\"}]},{\"@type\":\"WebSite\",\"@id\":\"https:\\\/\\\/usadronetampa.com\\\/#website\",\"url\":\"https:\\\/\\\/usadronetampa.com\\\/\",\"name\":\"USA Drone Tampa\",\"description\":\"Drones USA\",\"publisher\":{\"@id\":\"https:\\\/\\\/usadronetampa.com\\\/#organization\"},\"potentialAction\":[{\"@type\":\"SearchAction\",\"target\":{\"@type\":\"EntryPoint\",\"urlTemplate\":\"https:\\\/\\\/usadronetampa.com\\\/?s={search_term_string}\"},\"query-input\":{\"@type\":\"PropertyValueSpecification\",\"valueRequired\":true,\"valueName\":\"search_term_string\"}}],\"inLanguage\":\"es-PE\"},{\"@type\":\"Organization\",\"@id\":\"https:\\\/\\\/usadronetampa.com\\\/#organization\",\"name\":\"USA Drone Tampa\",\"url\":\"https:\\\/\\\/usadronetampa.com\\\/\",\"logo\":{\"@type\":\"ImageObject\",\"inLanguage\":\"es-PE\",\"@id\":\"https:\\\/\\\/usadronetampa.com\\\/#\\\/schema\\\/logo\\\/image\\\/\",\"url\":\"https:\\\/\\\/usadronetampa.com\\\/wp-content\\\/uploads\\\/2023\\\/08\\\/usa-drone2b.png\",\"contentUrl\":\"https:\\\/\\\/usadronetampa.com\\\/wp-content\\\/uploads\\\/2023\\\/08\\\/usa-drone2b.png\",\"width\":746,\"height\":590,\"caption\":\"USA Drone Tampa\"},\"image\":{\"@id\":\"https:\\\/\\\/usadronetampa.com\\\/#\\\/schema\\\/logo\\\/image\\\/\"},\"sameAs\":[\"https:\\\/\\\/www.facebook.com\\\/profile.php?id=100095595180083\"]}]}<\/script>\n<!-- \/ Yoast SEO plugin. -->","yoast_head_json":{"title":"DJI Mavic 3 Thermal Enterprise - USA Drone Tampa","description":"La serie Mavic 3 Enterprise redefine los est\u00e1ndares de la industria para drones comerciales peque\u00f1os. Con un obturador mec\u00e1nico y una c\u00e1mara con zoom de 56x,","robots":{"index":"index","follow":"follow","max-snippet":"max-snippet:-1","max-image-preview":"max-image-preview:large","max-video-preview":"max-video-preview:-1"},"canonical":"https:\/\/usadronetampa.com\/es\/product\/dji-mavic-3-thermal-enterprise\/","og_locale":"es_ES","og_type":"article","og_title":"DJI Mavic 3 Thermal Enterprise - USA Drone Tampa","og_description":"The Mavic 3 Enterprise series redefines industry standards for small commercial drones.\u00a0With a mechanical shutter, a 56x zoom camera","og_url":"https:\/\/usadronetampa.com\/es\/product\/dji-mavic-3-thermal-enterprise\/","og_site_name":"USA Drone Tampa","article_publisher":"https:\/\/www.facebook.com\/profile.php?id=100095595180083","article_modified_time":"2025-03-11T16:39:20+00:00","og_image":[{"width":650,"height":488,"url":"https:\/\/usadronetampa.com\/wp-content\/uploads\/2023\/09\/dji-mavic-3-thermal-enterprise-with-care-basic-warranty-djim3tbasic-dji-2bc.jpg","type":"image\/jpeg"}],"twitter_card":"summary_large_image","twitter_misc":{"Est. reading time":"4 minutos"},"schema":{"@context":"https:\/\/schema.org","@graph":[{"@type":"WebPage","@id":"https:\/\/usadronetampa.com\/product\/dji-mavic-3-thermal-enterprise\/","url":"https:\/\/usadronetampa.com\/product\/dji-mavic-3-thermal-enterprise\/","name":"DJI Mavic 3 Thermal Enterprise - USA Drone Tampa","isPartOf":{"@id":"https:\/\/usadronetampa.com\/#website"},"primaryImageOfPage":{"@id":"https:\/\/usadronetampa.com\/product\/dji-mavic-3-thermal-enterprise\/#primaryimage"},"image":{"@id":"https:\/\/usadronetampa.com\/product\/dji-mavic-3-thermal-enterprise\/#primaryimage"},"thumbnailUrl":"https:\/\/usadronetampa.com\/wp-content\/uploads\/2023\/09\/dji-mavic-3-thermal-enterprise-with-care-basic-warranty-djim3tbasic-dji-2bc.jpg","datePublished":"2023-09-21T19:06:37+00:00","dateModified":"2025-03-11T16:39:20+00:00","description":"La serie Mavic 3 Enterprise redefine los est\u00e1ndares de la industria para drones comerciales peque\u00f1os. Con un obturador mec\u00e1nico y una c\u00e1mara con zoom de 56x,","breadcrumb":{"@id":"https:\/\/usadronetampa.com\/product\/dji-mavic-3-thermal-enterprise\/#breadcrumb"},"inLanguage":"es-PE","potentialAction":[{"@type":"ReadAction","target":["https:\/\/usadronetampa.com\/product\/dji-mavic-3-thermal-enterprise\/"]}]},{"@type":"ImageObject","inLanguage":"es-PE","@id":"https:\/\/usadronetampa.com\/product\/dji-mavic-3-thermal-enterprise\/#primaryimage","url":"https:\/\/usadronetampa.com\/wp-content\/uploads\/2023\/09\/dji-mavic-3-thermal-enterprise-with-care-basic-warranty-djim3tbasic-dji-2bc.jpg","contentUrl":"https:\/\/usadronetampa.com\/wp-content\/uploads\/2023\/09\/dji-mavic-3-thermal-enterprise-with-care-basic-warranty-djim3tbasic-dji-2bc.jpg","width":650,"height":488,"caption":"Mavic Thermal"},{"@type":"BreadcrumbList","@id":"https:\/\/usadronetampa.com\/product\/dji-mavic-3-thermal-enterprise\/#breadcrumb","itemListElement":[{"@type":"ListItem","position":1,"name":"Home","item":"https:\/\/usadronetampa.com\/"},{"@type":"ListItem","position":2,"name":"Store","item":"https:\/\/usadronetampa.com\/tienda\/"},{"@type":"ListItem","position":3,"name":"DJI Mavic 3 Thermal Enterprise"}]},{"@type":"WebSite","@id":"https:\/\/usadronetampa.com\/#website","url":"https:\/\/usadronetampa.com\/","name":"USA Drone Tampa","description":"Drones EE. UU.","publisher":{"@id":"https:\/\/usadronetampa.com\/#organization"},"potentialAction":[{"@type":"SearchAction","target":{"@type":"EntryPoint","urlTemplate":"https:\/\/usadronetampa.com\/?s={search_term_string}"},"query-input":{"@type":"PropertyValueSpecification","valueRequired":true,"valueName":"search_term_string"}}],"inLanguage":"es-PE"},{"@type":"Organization","@id":"https:\/\/usadronetampa.com\/#organization","name":"USA Drone Tampa","url":"https:\/\/usadronetampa.com\/","logo":{"@type":"ImageObject","inLanguage":"es-PE","@id":"https:\/\/usadronetampa.com\/#\/schema\/logo\/image\/","url":"https:\/\/usadronetampa.com\/wp-content\/uploads\/2023\/08\/usa-drone2b.png","contentUrl":"https:\/\/usadronetampa.com\/wp-content\/uploads\/2023\/08\/usa-drone2b.png","width":746,"height":590,"caption":"USA Drone Tampa"},"image":{"@id":"https:\/\/usadronetampa.com\/#\/schema\/logo\/image\/"},"sameAs":["https:\/\/www.facebook.com\/profile.php?id=100095595180083"]}]}},"_links":{"self":[{"href":"https:\/\/usadronetampa.com\/es\/wp-json\/wp\/v2\/product\/806","targetHints":{"allow":["GET"]}}],"collection":[{"href":"https:\/\/usadronetampa.com\/es\/wp-json\/wp\/v2\/product"}],"about":[{"href":"https:\/\/usadronetampa.com\/es\/wp-json\/wp\/v2\/types\/product"}],"replies":[{"embeddable":true,"href":"https:\/\/usadronetampa.com\/es\/wp-json\/wp\/v2\/comments?post=806"}],"wp:featuredmedia":[{"embeddable":true,"href":"https:\/\/usadronetampa.com\/es\/wp-json\/wp\/v2\/media\/807"}],"wp:attachment":[{"href":"https:\/\/usadronetampa.com\/es\/wp-json\/wp\/v2\/media?parent=806"}],"wp:term":[{"taxonomy":"product_brand","embeddable":true,"href":"https:\/\/usadronetampa.com\/es\/wp-json\/wp\/v2\/product_brand?post=806"},{"taxonomy":"product_cat","embeddable":true,"href":"https:\/\/usadronetampa.com\/es\/wp-json\/wp\/v2\/product_cat?post=806"},{"taxonomy":"product_tag","embeddable":true,"href":"https:\/\/usadronetampa.com\/es\/wp-json\/wp\/v2\/product_tag?post=806"}],"curies":[{"name":"gracias","href":"https:\/\/api.w.org\/{rel}","templated":true}]}}