{"id":802,"date":"2023-09-21T18:08:10","date_gmt":"2023-09-21T18:08:10","guid":{"rendered":"https:\/\/usadronetampa.com\/?post_type=product&#038;p=802"},"modified":"2025-03-11T11:40:24","modified_gmt":"2025-03-11T16:40:24","slug":"dji-mavic-3-cinema-premium-combo","status":"publish","type":"product","link":"https:\/\/usadronetampa.com\/es\/product\/dji-mavic-3-cinema-premium-combo\/","title":{"rendered":"Combo DJI Mavic 3 Cine Premium"},"content":{"rendered":"<h1><span class=\"\">DJI MAVIC 3M Cine<\/span><\/h1>\n<ul>\n<li><span class=\"\">C\u00e1mara Hasselblad 4\/3 CMOS<\/span><\/li>\n<li>46 minutos de vuelo<\/li>\n<li>Detecci\u00f3n de obst\u00e1culos omnidireccional<\/li>\n<li>Alcance m\u00e1ximo de transmisi\u00f3n de 15 km.<\/li>\n<li><span class=\"VIpgJd-yAWNEb-VIpgJd-fmcmS-sn54Q\">Regreso a casa avanzado<\/span><\/li>\n<\/ul>\n<h4><a href=\"https:\/\/www.dji.com\/global\/mavic-3?from=store-product-page&amp;_ga=2.194175341.1729671492.1695222795-1888697619.1694621138\" target=\"_blank\" rel=\"noopener\"><span style=\"color: #ff0000;\">Descripci\u00f3n general<\/span><\/a><\/h4>\n<p>&nbsp;<\/p>","protected":false},"excerpt":{"rendered":"<p><span class=\"VIpgJd-yAWNEb-VIpgJd-fmcmS-sn54Q\">Incluye un dron Mavic 3 Cine que admite grabaci\u00f3n de video Apple ProRes 422 HQ y tiene un SSD de 1 TB incorporado.<\/span><\/p>\n<p>Combinado con el DJI RC Pro (pantalla de alto brillo), este combo facilita la creaci\u00f3n profesional en todos los sentidos.<\/p>\n<p><span style=\"color: #ff0000;\"><strong>Para obtener m\u00e1s informaci\u00f3n sobre este producto, comun\u00edquese con: <a href=\"mailto:sales@usadronetampa.com\"><span style=\"color: #3366ff;\">sales@usadronetampa.com<\/span><\/a><\/strong><\/span><\/p>\n<p>&nbsp;<\/p>","protected":false},"featured_media":803,"comment_status":"open","ping_status":"closed","template":"","meta":{"site-sidebar-layout":"default","site-content-layout":"","ast-site-content-layout":"default","site-content-style":"default","site-sidebar-style":"default","ast-global-header-display":"","ast-banner-title-visibility":"","ast-main-header-display":"","ast-hfb-above-header-display":"","ast-hfb-below-header-display":"","ast-hfb-mobile-header-display":"","site-post-title":"","ast-breadcrumbs-content":"","ast-featured-img":"","footer-sml-layout":"","ast-disable-related-posts":"","theme-transparent-header-meta":"default","adv-header-id-meta":"","stick-header-meta":"default","header-above-stick-meta":"","header-main-stick-meta":"","header-below-stick-meta":"","astra-migrate-meta-layouts":"set","ast-page-background-enabled":"default","ast-page-background-meta":{"desktop":{"background-color":"var(--ast-global-color-4)","background-image":"","background-repeat":"repeat","background-position":"center center","background-size":"auto","background-attachment":"scroll","background-type":"","background-media":"","overlay-type":"","overlay-color":"","overlay-opacity":"","overlay-gradient":""},"tablet":{"background-color":"","background-image":"","background-repeat":"repeat","background-position":"center center","background-size":"auto","background-attachment":"scroll","background-type":"","background-media":"","overlay-type":"","overlay-color":"","overlay-opacity":"","overlay-gradient":""},"mobile":{"background-color":"","background-image":"","background-repeat":"repeat","background-position":"center center","background-size":"auto","background-attachment":"scroll","background-type":"","background-media":"","overlay-type":"","overlay-color":"","overlay-opacity":"","overlay-gradient":""}},"ast-content-background-meta":{"desktop":{"background-color":"var(--ast-global-color-5)","background-image":"","background-repeat":"repeat","background-position":"center center","background-size":"auto","background-attachment":"scroll","background-type":"","background-media":"","overlay-type":"","overlay-color":"","overlay-opacity":"","overlay-gradient":""},"tablet":{"background-color":"var(--ast-global-color-5)","background-image":"","background-repeat":"repeat","background-position":"center center","background-size":"auto","background-attachment":"scroll","background-type":"","background-media":"","overlay-type":"","overlay-color":"","overlay-opacity":"","overlay-gradient":""},"mobile":{"background-color":"var(--ast-global-color-5)","background-image":"","background-repeat":"repeat","background-position":"center center","background-size":"auto","background-attachment":"scroll","background-type":"","background-media":"","overlay-type":"","overlay-color":"","overlay-opacity":"","overlay-gradient":""}}},"product_brand":[],"product_cat":[32],"product_tag":[],"class_list":{"0":"post-802","1":"product","2":"type-product","3":"status-publish","4":"has-post-thumbnail","6":"product_cat-advanced-commercial-drones","7":"desktop-align-left","8":"tablet-align-left","9":"mobile-align-left","11":"first","12":"instock","13":"taxable","14":"shipping-taxable","15":"purchasable","16":"product-type-simple"},"yoast_head":"<!-- This site is optimized with the Yoast SEO plugin v27.5 - https:\/\/yoast.com\/product\/yoast-seo-wordpress\/ -->\n<title>DJI Mavic 3 Cinema Premium Combo - USA Drone Tampa<\/title>\n<meta name=\"description\" content=\"DJI MAVIC 3M Cinema Hasselblad 4\/3 CMOS Camera46 minutes flight time Omnidirectional obstacle detection Maximum transmission range\" \/>\n<meta name=\"robots\" content=\"index, follow, max-snippet:-1, max-image-preview:large, max-video-preview:-1\" \/>\n<link rel=\"canonical\" href=\"https:\/\/usadronetampa.com\/es\/product\/dji-mavic-3-cinema-premium-combo\/\" \/>\n<meta property=\"og:locale\" content=\"es_ES\" \/>\n<meta property=\"og:type\" content=\"article\" \/>\n<meta property=\"og:title\" content=\"DJI Mavic 3 Cinema Premium Combo - USA Drone Tampa\" \/>\n<meta property=\"og:description\" content=\"DJI MAVIC 3M Cinema Hasselblad 4\/3 CMOS Camera46 minutes flight time Omnidirectional obstacle detection Maximum transmission range\" \/>\n<meta property=\"og:url\" content=\"https:\/\/usadronetampa.com\/es\/product\/dji-mavic-3-cinema-premium-combo\/\" \/>\n<meta property=\"og:site_name\" content=\"USA Drone Tampa\" \/>\n<meta property=\"article:publisher\" content=\"https:\/\/www.facebook.com\/profile.php?id=100095595180083\" \/>\n<meta property=\"article:modified_time\" content=\"2025-03-11T16:40:24+00:00\" \/>\n<meta property=\"og:image\" content=\"https:\/\/usadronetampa.com\/wp-content\/uploads\/2023\/09\/16315879822d523ac4429e8738cbc7f5ultra.jpg\" \/>\n\t<meta property=\"og:image:width\" content=\"640\" \/>\n\t<meta property=\"og:image:height\" content=\"640\" \/>\n\t<meta property=\"og:image:type\" content=\"image\/jpeg\" \/>\n<meta name=\"twitter:card\" content=\"summary_large_image\" \/>\n<meta name=\"twitter:label1\" content=\"Est. reading time\" \/>\n\t<meta name=\"twitter:data1\" content=\"1 minuto\" \/>\n<script type=\"application\/ld+json\" class=\"yoast-schema-graph\">{\"@context\":\"https:\\\/\\\/schema.org\",\"@graph\":[{\"@type\":\"WebPage\",\"@id\":\"https:\\\/\\\/usadronetampa.com\\\/product\\\/dji-mavic-3-cinema-premium-combo\\\/\",\"url\":\"https:\\\/\\\/usadronetampa.com\\\/product\\\/dji-mavic-3-cinema-premium-combo\\\/\",\"name\":\"DJI Mavic 3 Cinema Premium Combo - USA Drone Tampa\",\"isPartOf\":{\"@id\":\"https:\\\/\\\/usadronetampa.com\\\/#website\"},\"primaryImageOfPage\":{\"@id\":\"https:\\\/\\\/usadronetampa.com\\\/product\\\/dji-mavic-3-cinema-premium-combo\\\/#primaryimage\"},\"image\":{\"@id\":\"https:\\\/\\\/usadronetampa.com\\\/product\\\/dji-mavic-3-cinema-premium-combo\\\/#primaryimage\"},\"thumbnailUrl\":\"https:\\\/\\\/usadronetampa.com\\\/wp-content\\\/uploads\\\/2023\\\/09\\\/16315879822d523ac4429e8738cbc7f5ultra.jpg\",\"datePublished\":\"2023-09-21T18:08:10+00:00\",\"dateModified\":\"2025-03-11T16:40:24+00:00\",\"description\":\"DJI MAVIC 3M Cinema Hasselblad 4\\\/3 CMOS Camera46 minutes flight time Omnidirectional obstacle detection Maximum transmission range\",\"breadcrumb\":{\"@id\":\"https:\\\/\\\/usadronetampa.com\\\/product\\\/dji-mavic-3-cinema-premium-combo\\\/#breadcrumb\"},\"inLanguage\":\"es-PE\",\"potentialAction\":[{\"@type\":\"ReadAction\",\"target\":[\"https:\\\/\\\/usadronetampa.com\\\/product\\\/dji-mavic-3-cinema-premium-combo\\\/\"]}]},{\"@type\":\"ImageObject\",\"inLanguage\":\"es-PE\",\"@id\":\"https:\\\/\\\/usadronetampa.com\\\/product\\\/dji-mavic-3-cinema-premium-combo\\\/#primaryimage\",\"url\":\"https:\\\/\\\/usadronetampa.com\\\/wp-content\\\/uploads\\\/2023\\\/09\\\/16315879822d523ac4429e8738cbc7f5ultra.jpg\",\"contentUrl\":\"https:\\\/\\\/usadronetampa.com\\\/wp-content\\\/uploads\\\/2023\\\/09\\\/16315879822d523ac4429e8738cbc7f5ultra.jpg\",\"width\":640,\"height\":640,\"caption\":\"Mavic cinema\"},{\"@type\":\"BreadcrumbList\",\"@id\":\"https:\\\/\\\/usadronetampa.com\\\/product\\\/dji-mavic-3-cinema-premium-combo\\\/#breadcrumb\",\"itemListElement\":[{\"@type\":\"ListItem\",\"position\":1,\"name\":\"Home\",\"item\":\"https:\\\/\\\/usadronetampa.com\\\/\"},{\"@type\":\"ListItem\",\"position\":2,\"name\":\"Store\",\"item\":\"https:\\\/\\\/usadronetampa.com\\\/tienda\\\/\"},{\"@type\":\"ListItem\",\"position\":3,\"name\":\"DJI Mavic 3 Cinema Premium Combo\"}]},{\"@type\":\"WebSite\",\"@id\":\"https:\\\/\\\/usadronetampa.com\\\/#website\",\"url\":\"https:\\\/\\\/usadronetampa.com\\\/\",\"name\":\"USA Drone Tampa\",\"description\":\"Drones USA\",\"publisher\":{\"@id\":\"https:\\\/\\\/usadronetampa.com\\\/#organization\"},\"potentialAction\":[{\"@type\":\"SearchAction\",\"target\":{\"@type\":\"EntryPoint\",\"urlTemplate\":\"https:\\\/\\\/usadronetampa.com\\\/?s={search_term_string}\"},\"query-input\":{\"@type\":\"PropertyValueSpecification\",\"valueRequired\":true,\"valueName\":\"search_term_string\"}}],\"inLanguage\":\"es-PE\"},{\"@type\":\"Organization\",\"@id\":\"https:\\\/\\\/usadronetampa.com\\\/#organization\",\"name\":\"USA Drone Tampa\",\"url\":\"https:\\\/\\\/usadronetampa.com\\\/\",\"logo\":{\"@type\":\"ImageObject\",\"inLanguage\":\"es-PE\",\"@id\":\"https:\\\/\\\/usadronetampa.com\\\/#\\\/schema\\\/logo\\\/image\\\/\",\"url\":\"https:\\\/\\\/usadronetampa.com\\\/wp-content\\\/uploads\\\/2023\\\/08\\\/usa-drone2b.png\",\"contentUrl\":\"https:\\\/\\\/usadronetampa.com\\\/wp-content\\\/uploads\\\/2023\\\/08\\\/usa-drone2b.png\",\"width\":746,\"height\":590,\"caption\":\"USA Drone Tampa\"},\"image\":{\"@id\":\"https:\\\/\\\/usadronetampa.com\\\/#\\\/schema\\\/logo\\\/image\\\/\"},\"sameAs\":[\"https:\\\/\\\/www.facebook.com\\\/profile.php?id=100095595180083\"]}]}<\/script>\n<!-- \/ Yoast SEO plugin. -->","yoast_head_json":{"title":"DJI Mavic 3 Cinema Premium Combo - USA Drone Tampa","description":"DJI MAVIC 3M Cinema Hasselblad 4\/3 CMOS Camera46 minutes flight time Omnidirectional obstacle detection Maximum transmission range","robots":{"index":"index","follow":"follow","max-snippet":"max-snippet:-1","max-image-preview":"max-image-preview:large","max-video-preview":"max-video-preview:-1"},"canonical":"https:\/\/usadronetampa.com\/es\/product\/dji-mavic-3-cinema-premium-combo\/","og_locale":"es_ES","og_type":"article","og_title":"DJI Mavic 3 Cinema Premium Combo - USA Drone Tampa","og_description":"DJI MAVIC 3M Cinema Hasselblad 4\/3 CMOS Camera46 minutes flight time Omnidirectional obstacle detection Maximum transmission range","og_url":"https:\/\/usadronetampa.com\/es\/product\/dji-mavic-3-cinema-premium-combo\/","og_site_name":"USA Drone Tampa","article_publisher":"https:\/\/www.facebook.com\/profile.php?id=100095595180083","article_modified_time":"2025-03-11T16:40:24+00:00","og_image":[{"width":640,"height":640,"url":"https:\/\/usadronetampa.com\/wp-content\/uploads\/2023\/09\/16315879822d523ac4429e8738cbc7f5ultra.jpg","type":"image\/jpeg"}],"twitter_card":"summary_large_image","twitter_misc":{"Est. reading time":"1 minuto"},"schema":{"@context":"https:\/\/schema.org","@graph":[{"@type":"WebPage","@id":"https:\/\/usadronetampa.com\/product\/dji-mavic-3-cinema-premium-combo\/","url":"https:\/\/usadronetampa.com\/product\/dji-mavic-3-cinema-premium-combo\/","name":"DJI Mavic 3 Cinema Premium Combo - USA Drone Tampa","isPartOf":{"@id":"https:\/\/usadronetampa.com\/#website"},"primaryImageOfPage":{"@id":"https:\/\/usadronetampa.com\/product\/dji-mavic-3-cinema-premium-combo\/#primaryimage"},"image":{"@id":"https:\/\/usadronetampa.com\/product\/dji-mavic-3-cinema-premium-combo\/#primaryimage"},"thumbnailUrl":"https:\/\/usadronetampa.com\/wp-content\/uploads\/2023\/09\/16315879822d523ac4429e8738cbc7f5ultra.jpg","datePublished":"2023-09-21T18:08:10+00:00","dateModified":"2025-03-11T16:40:24+00:00","description":"DJI MAVIC 3M Cinema Hasselblad 4\/3 CMOS Camera46 minutes flight time Omnidirectional obstacle detection Maximum transmission range","breadcrumb":{"@id":"https:\/\/usadronetampa.com\/product\/dji-mavic-3-cinema-premium-combo\/#breadcrumb"},"inLanguage":"es-PE","potentialAction":[{"@type":"ReadAction","target":["https:\/\/usadronetampa.com\/product\/dji-mavic-3-cinema-premium-combo\/"]}]},{"@type":"ImageObject","inLanguage":"es-PE","@id":"https:\/\/usadronetampa.com\/product\/dji-mavic-3-cinema-premium-combo\/#primaryimage","url":"https:\/\/usadronetampa.com\/wp-content\/uploads\/2023\/09\/16315879822d523ac4429e8738cbc7f5ultra.jpg","contentUrl":"https:\/\/usadronetampa.com\/wp-content\/uploads\/2023\/09\/16315879822d523ac4429e8738cbc7f5ultra.jpg","width":640,"height":640,"caption":"Mavic cinema"},{"@type":"BreadcrumbList","@id":"https:\/\/usadronetampa.com\/product\/dji-mavic-3-cinema-premium-combo\/#breadcrumb","itemListElement":[{"@type":"ListItem","position":1,"name":"Home","item":"https:\/\/usadronetampa.com\/"},{"@type":"ListItem","position":2,"name":"Store","item":"https:\/\/usadronetampa.com\/tienda\/"},{"@type":"ListItem","position":3,"name":"DJI Mavic 3 Cinema Premium Combo"}]},{"@type":"WebSite","@id":"https:\/\/usadronetampa.com\/#website","url":"https:\/\/usadronetampa.com\/","name":"USA Drone Tampa","description":"Drones EE. UU.","publisher":{"@id":"https:\/\/usadronetampa.com\/#organization"},"potentialAction":[{"@type":"SearchAction","target":{"@type":"EntryPoint","urlTemplate":"https:\/\/usadronetampa.com\/?s={search_term_string}"},"query-input":{"@type":"PropertyValueSpecification","valueRequired":true,"valueName":"search_term_string"}}],"inLanguage":"es-PE"},{"@type":"Organization","@id":"https:\/\/usadronetampa.com\/#organization","name":"USA Drone Tampa","url":"https:\/\/usadronetampa.com\/","logo":{"@type":"ImageObject","inLanguage":"es-PE","@id":"https:\/\/usadronetampa.com\/#\/schema\/logo\/image\/","url":"https:\/\/usadronetampa.com\/wp-content\/uploads\/2023\/08\/usa-drone2b.png","contentUrl":"https:\/\/usadronetampa.com\/wp-content\/uploads\/2023\/08\/usa-drone2b.png","width":746,"height":590,"caption":"USA Drone Tampa"},"image":{"@id":"https:\/\/usadronetampa.com\/#\/schema\/logo\/image\/"},"sameAs":["https:\/\/www.facebook.com\/profile.php?id=100095595180083"]}]}},"_links":{"self":[{"href":"https:\/\/usadronetampa.com\/es\/wp-json\/wp\/v2\/product\/802","targetHints":{"allow":["GET"]}}],"collection":[{"href":"https:\/\/usadronetampa.com\/es\/wp-json\/wp\/v2\/product"}],"about":[{"href":"https:\/\/usadronetampa.com\/es\/wp-json\/wp\/v2\/types\/product"}],"replies":[{"embeddable":true,"href":"https:\/\/usadronetampa.com\/es\/wp-json\/wp\/v2\/comments?post=802"}],"wp:featuredmedia":[{"embeddable":true,"href":"https:\/\/usadronetampa.com\/es\/wp-json\/wp\/v2\/media\/803"}],"wp:attachment":[{"href":"https:\/\/usadronetampa.com\/es\/wp-json\/wp\/v2\/media?parent=802"}],"wp:term":[{"taxonomy":"product_brand","embeddable":true,"href":"https:\/\/usadronetampa.com\/es\/wp-json\/wp\/v2\/product_brand?post=802"},{"taxonomy":"product_cat","embeddable":true,"href":"https:\/\/usadronetampa.com\/es\/wp-json\/wp\/v2\/product_cat?post=802"},{"taxonomy":"product_tag","embeddable":true,"href":"https:\/\/usadronetampa.com\/es\/wp-json\/wp\/v2\/product_tag?post=802"}],"curies":[{"name":"gracias","href":"https:\/\/api.w.org\/{rel}","templated":true}]}}