{"id":797,"date":"2023-09-21T17:36:02","date_gmt":"2023-09-21T17:36:02","guid":{"rendered":"https:\/\/usadronetampa.com\/?post_type=product&#038;p=797"},"modified":"2025-03-11T11:41:07","modified_gmt":"2025-03-11T16:41:07","slug":"dji-mavic-3-multispectral-m3m","status":"publish","type":"product","link":"https:\/\/usadronetampa.com\/es\/product\/dji-mavic-3-multispectral-m3m\/","title":{"rendered":"DJI Mavic 3 Multiespectral M3M"},"content":{"rendered":"<h1><span class=\"\">DJI MAVIC 3M<\/span><\/h1>\n<h2><span style=\"color: #333399;\">Ver m\u00e1s, trabajar de forma m\u00e1s inteligente<\/span><\/h2>\n<p>La topograf\u00eda a\u00e9rea eficaz necesita ver lo invisible. Por eso Mavic 3 Multispectral tiene dos formas de visi\u00f3n. Combina una c\u00e1mara RGB con una c\u00e1mara multiespectral para escanear y analizar el crecimiento de los cultivos con total claridad. La gesti\u00f3n de la producci\u00f3n agr\u00edcola requiere precisi\u00f3n y datos, y Mavic 3M ofrece ambos.<\/p>\n<div id=\"tw-container\" data-cp=\"1\" data-is-ver=\"false\" data-nnttsvi=\"1\" data-sbsl=\"ru,uk\" data-sm=\"1\" data-ssbp=\"false\" data-sugg-time=\"500\" data-sugg-url=\"https:\/\/clients1.google.com\/complete\/search\" data-uilc=\"es-419\" data-vil=\",af,af-ZA,am,am-ET,ar-EG,ar-AE,ar-KW,ar-QA,ar,ar-IL,ar-JO,ar-LB,ar-PS,az,az-AZ,bg,bg-BG,bn,bn-BD,bn-IN,ca,ca-es,cs,cs-CZ,de,de-DE,de-CH,de-AT,de-LI,en,en-US,en-CA,en-AU,en-NZ,en-GB,en-IN,en-KE,en-TZ,en-NG,en-GH,en-PH,en-ZA,es,es-ES,es-AR,es-UY,es-419,es-BO,es-CL,es-CR,es-CO,es-DO,es-EC,es-GT,es-HN,es-NI,es-PA,es-PE,es-PR,es-PY,es-SV,es-VE,es-MX,es-US,eu,eu-ES,fi,fi-FI,fr,fr-FR,fr-CH,fr-BE,gl,gl-ES,gu,gu-IN,he,he-IL,iw,iw-IL,hu,hu-HU,hy,hy-AM,id,id-ID,is,is-IS,it,it-IT,it-CH,ja,ja-JP,jv,jv-ID,ka,ka-GE,km,km-KH,kn,kn-IN,ko,ko-KR,la,lo,lo-LA,lv,lv-LV,ml,ml-IN,mr,mr-IN,ms,ms-MY,nl,nl-NL,nb,nb-NO,ne,ne-NP,pl,pl-PL,pt,pt-BR,pt-PT,ro,ro-RO,ru,ru-RU,si-LK,sk,sk-SK,sr,sr-RS,su,su-ID,sv,sv-SE,sw,sw-TZ,sw-KE,ta,ta-IN,ta-SG,ta-LK,ta-MY,te,te-IN,tr,tr-TR,ur,ur-PK,ur-IN,yue,yue-HK,yue-Hant-HK,zh-HK,zh,zh-CN,zh-cmn,zh-cmn-CN,zh-Hans,zh-Hans-CN,zh-cmn-Hans,zh-cmn-Hans-CN,cmn-CN,cmn-Hans,cmn-Hans-CN,zh-TW,zh-Hant-TW,cmn-TW,cmn-Hant-TW,zh-cmn-TW,zh-cmn-Hant-TW,zu,zu-ZA\">\n<div id=\"tw-ob\" class=\"tw-src-ltr\">\n<div class=\"oSioSc\">\n<div id=\"tw-target\">\n<div id=\"kAz1tf\" class=\"g9WsWb\">\n<div id=\"tw-target-text-container\" class=\"tw-ta-container F0azHf tw-nfl\" tabindex=\"0\">\n<pre id=\"tw-target-text\" class=\"tw-data-text tw-text-large tw-ta\" dir=\"ltr\" data-placeholder=\"Traducci\u00f3n\"><img decoding=\"async\" src=\"https:\/\/dji-official-fe.djicdn.com\/dps\/45196aac8f231fe2ae211c76a473212b.jpg\" \/><\/pre>\n<\/div>\n<\/div>\n<\/div>\n<\/div>\n<\/div>\n<\/div>\n<h4><span style=\"color: #ff0000;\">Compacto y port\u00e1til<\/span><\/h4>\n<h4><span style=\"color: #ff0000;\">c\u00e1mara multiespectral c\u00e1mara RGB<\/span><\/h4>\n<h4><span style=\"color: #ff0000;\">Seguro y estable<\/span><\/h4>\n<h4><span style=\"color: #ff0000;\">Posicionamiento preciso<\/span><\/h4>\n<h4><span style=\"color: #ff0000;\">Topograf\u00eda a\u00e9rea eficiente<\/span><\/h4>\n<h4><span style=\"color: #ff0000;\">CONTACTA A UN EXPERTO<\/span><\/h4>\n<h2 id=\"djim3mtitle\"><span style=\"color: #333399;\">Sistema de im\u00e1genes multiespectral + RBG<\/span><\/h2>\n<h2><span style=\"color: #333399;\">Sistema de im\u00e1genes altamente integrado<\/span><\/h2>\n<p>Sistema de im\u00e1genes recientemente actualizado con una c\u00e1mara RGB de 20 MP y cuatro c\u00e1maras multiespectrales de 5 MP (verde, roja, de borde rojo e infrarrojo cercano). Permite aplicaciones como levantamientos a\u00e9reos de alta precisi\u00f3n, monitoreo del crecimiento de cultivos y estudios de recursos naturales.<\/p>\n<h2><span style=\"color: #333399;\">C\u00e1mara multiespectral de 5MP<\/span><\/h2>\n<p id=\"infotext\">Infrarrojo cercano (NIR) 860 nm \u00b1 26 nm<\/p>\n<p id=\"infotext\">Borde rojo (RE) 730 nm \u00b1 16 nm<\/p>\n<p id=\"infotext\">Red (R) 650 nm \u00b1 16 nm<\/p>\n<p id=\"infotext\">Verde (G) 560 nm \u00b1 16 nm<\/p>\n<h2><span style=\"color: #333399;\">Funciones de la c\u00e1mara RGB<\/span><\/h2>\n<p>CMOS 4\/3 \u2013 Sensor de imagen de 20 MP 1\/2000s \u2013 Velocidad de obturaci\u00f3n mec\u00e1nica m\u00e1s r\u00e1pida 0\/7s \u2013 R\u00e1faga de alta velocidad cuando se utiliza una c\u00e1mara RGB<\/p>\n<h2><span style=\"color: #333399;\">Sensor de luz solar<\/span><\/h2>\n<p>El sensor de luz solar incorporado captura la radiaci\u00f3n solar y la registra en un archivo de imagen, lo que permite la compensaci\u00f3n luminosa de los datos de la imagen durante la reconstrucci\u00f3n 2D. Esto da como resultado resultados de NDVI m\u00e1s precisos, as\u00ed como una mayor precisi\u00f3n y coherencia de los datos adquiridos a lo largo del tiempo.<\/p>\n<h2 id=\"djim3mtitle\"><span style=\"color: #333399;\">m\u00f3dulo RTK<\/span><\/h2>\n<h2><span style=\"color: #333399;\">Im\u00e1genes precisas que capturan cada p\u00edxel<\/span><\/h2>\n<p id=\"infotext\">Mavic 3M con m\u00f3dulo RTK para posicionamiento a nivel de cent\u00edmetros. El control de vuelo, la c\u00e1mara y el m\u00f3dulo RTK se sincronizan en microsegundos para capturar con precisi\u00f3n la ubicaci\u00f3n del centro de im\u00e1genes de cada c\u00e1mara. Esto permite a Mavic 3M realizar levantamientos a\u00e9reos de alta precisi\u00f3n sin utilizar puntos de control terrestres.<\/p>\n<h2><span style=\"color: #333399;\">Duraci\u00f3n de la bater\u00eda eficiente y confiable<\/span><\/h2>\n<p>43 minutos Tiempo de crucero 200 hect\u00e1reas: Un solo vuelo puede completar operaciones cartogr\u00e1ficas en un \u00e1rea de 200 hect\u00e1reas. Centro de carga de bater\u00edas de 100 W | Carga r\u00e1pida de alta eficiencia Carga r\u00e1pida de 88W | Aeronave.<\/p>\n<h2><span style=\"color: #333399;\">Se\u00f1al estable, transmisi\u00f3n de imagen fluida<\/span><\/h2>\n<p>La transmisi\u00f3n O3 integra dos se\u00f1ales de transmisi\u00f3n y cuatro se\u00f1ales de recepci\u00f3n para soportar distancias de transmisi\u00f3n ultralargas de 15 km.<\/p>\n<h2 id=\"djim3mtitle\"><span style=\"color: #333399;\">Detecci\u00f3n de obst\u00e1culos omnidireccional, seguimiento del terreno mediante reconocimiento a\u00e9reo<\/span><\/h2>\n<p>La aeronave cuenta con m\u00faltiples sensores de visi\u00f3n de amplio campo de visi\u00f3n que detectan con precisi\u00f3n obst\u00e1culos en todas las direcciones para evitar obst\u00e1culos omnidireccionales. Los levantamientos a\u00e9reos de seguimiento del terreno se pueden realizar f\u00e1cilmente en paisajes con pendientes pronunciadas.<\/p>\n<h2><span style=\"color: #333399;\">Aplicaciones<\/span><\/h2>\n<h2 id=\"djim3mtitle\"><span style=\"color: #333399;\">Mapeo de huertos<\/span><\/h2>\n<p id=\"infotext\">Mavic 3M permite la inspecci\u00f3n a\u00e9rea de huertos siguiendo el suelo, incluso en paisajes inclinados. Junto con DJI Terra o DJI SmartFarm Platform para reconstruir mapas de huertos de alta resoluci\u00f3n, identificar autom\u00e1ticamente la cantidad de \u00e1rboles, distinguir \u00e1rboles de otros obst\u00e1culos u objetos y generar rutas de operaci\u00f3n tridimensionales para drones agr\u00edcolas, haciendo que las operaciones sean m\u00e1s seguras y eficientes.<\/p>\n<h2 id=\"djim3mtitle\"><span style=\"color: #333399;\">Gu\u00eda de aplicaci\u00f3n de tasa variable<\/span><\/h2>\n<p>Para la fertilizaci\u00f3n del arroz, la regulaci\u00f3n del crecimiento del algod\u00f3n y la pulverizaci\u00f3n de fertilizantes foliares de patatas, se utiliza el Mavic 3M para obtener im\u00e1genes multiespectrales de los cultivos. DJI Terra o la plataforma DJI SmartFarm pueden generar NDVI y otros mapas de \u00edndice de vegetaci\u00f3n, capturando diferencias en el potencial de los cultivos y generando mapas de prescripci\u00f3n que permiten a los drones agr\u00edcolas ejecutar aplicaciones de tasa variable. En \u00faltima instancia, esto permite a los usuarios reducir costos, aumentar el rendimiento y proteger el medio ambiente.<\/p>\n<h2 id=\"djim3mtitle\"><span style=\"color: #333399;\">Exploraci\u00f3n de campo inteligente<\/span><\/h2>\n<p>El Mavic 3M puede realizar escaneos de campo autom\u00e1ticos. Las im\u00e1genes de exploraci\u00f3n de campo se pueden cargar en la plataforma DJI SmartFarm en tiempo real a trav\u00e9s de una red 4G. Puede encontrar anomal\u00edas como deficiencias de emergencia, presi\u00f3n de malezas y acame de cultivos de manera oportuna. Tambi\u00e9n puede realizar an\u00e1lisis inteligentes, como la identificaci\u00f3n de pl\u00e1ntulas de algod\u00f3n y pruebas de producci\u00f3n de arroz, utilizando la identificaci\u00f3n por IA para compartir en tiempo real informaci\u00f3n sobre el crecimiento de los cultivos, guiar las actividades agron\u00f3micas y facilitar la gesti\u00f3n. de 70 hect\u00e1reas de tierras de cultivo por una sola persona.<\/p>\n<h2 id=\"djim3mtitle\"><span style=\"color: #333399;\">Encuesta de Monitoreo Ambiental y Recursos Naturales<\/span><\/h2>\n<p>El Mavic 3M tambi\u00e9n se puede utilizar en estudios ambientales y de recursos naturales, como monitoreo del enriquecimiento de agua, estudios de distribuci\u00f3n forestal, estudios de \u00e1reas verdes urbanas y m\u00e1s.<\/p>","protected":false},"excerpt":{"rendered":"<p><span class=\"VIpgJd-yAWNEb-VIpgJd-fmcmS-sn54Q\">DJI Mavic 3 Multiespectral Con Enterprise Care Basic 1 a\u00f1o<\/span><\/p>\n<p><span style=\"color: #ff0000;\"><strong>Para obtener m\u00e1s informaci\u00f3n sobre este producto, comun\u00edquese con: <a href=\"mailto:sales@usadronetampa.com\"><span style=\"color: #3366ff;\">sales@usadronetampa.com<\/span><\/a><\/strong><\/span><\/p>","protected":false},"featured_media":799,"comment_status":"open","ping_status":"closed","template":"","meta":{"site-sidebar-layout":"default","site-content-layout":"","ast-site-content-layout":"default","site-content-style":"default","site-sidebar-style":"default","ast-global-header-display":"","ast-banner-title-visibility":"","ast-main-header-display":"","ast-hfb-above-header-display":"","ast-hfb-below-header-display":"","ast-hfb-mobile-header-display":"","site-post-title":"","ast-breadcrumbs-content":"","ast-featured-img":"","footer-sml-layout":"","ast-disable-related-posts":"","theme-transparent-header-meta":"default","adv-header-id-meta":"","stick-header-meta":"default","header-above-stick-meta":"","header-main-stick-meta":"","header-below-stick-meta":"","astra-migrate-meta-layouts":"set","ast-page-background-enabled":"default","ast-page-background-meta":{"desktop":{"background-color":"var(--ast-global-color-4)","background-image":"","background-repeat":"repeat","background-position":"center center","background-size":"auto","background-attachment":"scroll","background-type":"","background-media":"","overlay-type":"","overlay-color":"","overlay-opacity":"","overlay-gradient":""},"tablet":{"background-color":"","background-image":"","background-repeat":"repeat","background-position":"center center","background-size":"auto","background-attachment":"scroll","background-type":"","background-media":"","overlay-type":"","overlay-color":"","overlay-opacity":"","overlay-gradient":""},"mobile":{"background-color":"","background-image":"","background-repeat":"repeat","background-position":"center center","background-size":"auto","background-attachment":"scroll","background-type":"","background-media":"","overlay-type":"","overlay-color":"","overlay-opacity":"","overlay-gradient":""}},"ast-content-background-meta":{"desktop":{"background-color":"var(--ast-global-color-5)","background-image":"","background-repeat":"repeat","background-position":"center center","background-size":"auto","background-attachment":"scroll","background-type":"","background-media":"","overlay-type":"","overlay-color":"","overlay-opacity":"","overlay-gradient":""},"tablet":{"background-color":"var(--ast-global-color-5)","background-image":"","background-repeat":"repeat","background-position":"center center","background-size":"auto","background-attachment":"scroll","background-type":"","background-media":"","overlay-type":"","overlay-color":"","overlay-opacity":"","overlay-gradient":""},"mobile":{"background-color":"var(--ast-global-color-5)","background-image":"","background-repeat":"repeat","background-position":"center center","background-size":"auto","background-attachment":"scroll","background-type":"","background-media":"","overlay-type":"","overlay-color":"","overlay-opacity":"","overlay-gradient":""}}},"product_brand":[],"product_cat":[32],"product_tag":[],"class_list":{"0":"post-797","1":"product","2":"type-product","3":"status-publish","4":"has-post-thumbnail","6":"product_cat-advanced-commercial-drones","7":"desktop-align-left","8":"tablet-align-left","9":"mobile-align-left","11":"first","12":"instock","13":"taxable","14":"shipping-taxable","15":"purchasable","16":"product-type-simple"},"yoast_head":"<!-- This site is optimized with the Yoast SEO plugin v27.4 - https:\/\/yoast.com\/product\/yoast-seo-wordpress\/ -->\n<title>DJI Mavic 3 Multispectral M3M - USA Drone Tampa<\/title>\n<meta name=\"description\" content=\"That&#039;s why Mavic 3 Multispectral has two ways of view. It combines an RGB camera with a multispectral camera to scan and analyze crop growth\" \/>\n<meta name=\"robots\" content=\"index, follow, max-snippet:-1, max-image-preview:large, max-video-preview:-1\" \/>\n<link rel=\"canonical\" href=\"https:\/\/usadronetampa.com\/es\/product\/dji-mavic-3-multispectral-m3m\/\" \/>\n<meta property=\"og:locale\" content=\"es_ES\" \/>\n<meta property=\"og:type\" content=\"article\" \/>\n<meta property=\"og:title\" content=\"DJI Mavic 3 Multispectral M3M - USA Drone Tampa\" \/>\n<meta property=\"og:description\" content=\"That&#039;s why Mavic 3 Multispectral has two ways of view. It combines an RGB camera with a multispectral camera to scan and analyze crop growth\" \/>\n<meta property=\"og:url\" content=\"https:\/\/usadronetampa.com\/es\/product\/dji-mavic-3-multispectral-m3m\/\" \/>\n<meta property=\"og:site_name\" content=\"USA Drone Tampa\" \/>\n<meta property=\"article:publisher\" content=\"https:\/\/www.facebook.com\/profile.php?id=100095595180083\" \/>\n<meta property=\"article:modified_time\" content=\"2025-03-11T16:41:07+00:00\" \/>\n<meta property=\"og:image\" content=\"https:\/\/usadronetampa.com\/wp-content\/uploads\/2023\/09\/dji-mavic-3-thermal-enterprise-with-2-year-care-basic-warranty-djim3tbasic2yr-dji-8a0-1.png\" \/>\n\t<meta property=\"og:image:width\" content=\"650\" \/>\n\t<meta property=\"og:image:height\" content=\"557\" \/>\n\t<meta property=\"og:image:type\" content=\"image\/png\" \/>\n<meta name=\"twitter:card\" content=\"summary_large_image\" \/>\n<meta name=\"twitter:label1\" content=\"Est. reading time\" \/>\n\t<meta name=\"twitter:data1\" content=\"3 minutos\" \/>\n<script type=\"application\/ld+json\" class=\"yoast-schema-graph\">{\"@context\":\"https:\\\/\\\/schema.org\",\"@graph\":[{\"@type\":\"WebPage\",\"@id\":\"https:\\\/\\\/usadronetampa.com\\\/product\\\/dji-mavic-3-multispectral-m3m\\\/\",\"url\":\"https:\\\/\\\/usadronetampa.com\\\/product\\\/dji-mavic-3-multispectral-m3m\\\/\",\"name\":\"DJI Mavic 3 Multispectral M3M - USA Drone Tampa\",\"isPartOf\":{\"@id\":\"https:\\\/\\\/usadronetampa.com\\\/#website\"},\"primaryImageOfPage\":{\"@id\":\"https:\\\/\\\/usadronetampa.com\\\/product\\\/dji-mavic-3-multispectral-m3m\\\/#primaryimage\"},\"image\":{\"@id\":\"https:\\\/\\\/usadronetampa.com\\\/product\\\/dji-mavic-3-multispectral-m3m\\\/#primaryimage\"},\"thumbnailUrl\":\"https:\\\/\\\/usadronetampa.com\\\/wp-content\\\/uploads\\\/2023\\\/09\\\/dji-mavic-3-thermal-enterprise-with-2-year-care-basic-warranty-djim3tbasic2yr-dji-8a0-1.png\",\"datePublished\":\"2023-09-21T17:36:02+00:00\",\"dateModified\":\"2025-03-11T16:41:07+00:00\",\"description\":\"That's why Mavic 3 Multispectral has two ways of view. It combines an RGB camera with a multispectral camera to scan and analyze crop growth\",\"breadcrumb\":{\"@id\":\"https:\\\/\\\/usadronetampa.com\\\/product\\\/dji-mavic-3-multispectral-m3m\\\/#breadcrumb\"},\"inLanguage\":\"es-PE\",\"potentialAction\":[{\"@type\":\"ReadAction\",\"target\":[\"https:\\\/\\\/usadronetampa.com\\\/product\\\/dji-mavic-3-multispectral-m3m\\\/\"]}]},{\"@type\":\"ImageObject\",\"inLanguage\":\"es-PE\",\"@id\":\"https:\\\/\\\/usadronetampa.com\\\/product\\\/dji-mavic-3-multispectral-m3m\\\/#primaryimage\",\"url\":\"https:\\\/\\\/usadronetampa.com\\\/wp-content\\\/uploads\\\/2023\\\/09\\\/dji-mavic-3-thermal-enterprise-with-2-year-care-basic-warranty-djim3tbasic2yr-dji-8a0-1.png\",\"contentUrl\":\"https:\\\/\\\/usadronetampa.com\\\/wp-content\\\/uploads\\\/2023\\\/09\\\/dji-mavic-3-thermal-enterprise-with-2-year-care-basic-warranty-djim3tbasic2yr-dji-8a0-1.png\",\"width\":650,\"height\":557},{\"@type\":\"BreadcrumbList\",\"@id\":\"https:\\\/\\\/usadronetampa.com\\\/product\\\/dji-mavic-3-multispectral-m3m\\\/#breadcrumb\",\"itemListElement\":[{\"@type\":\"ListItem\",\"position\":1,\"name\":\"Home\",\"item\":\"https:\\\/\\\/usadronetampa.com\\\/\"},{\"@type\":\"ListItem\",\"position\":2,\"name\":\"Store\",\"item\":\"https:\\\/\\\/usadronetampa.com\\\/tienda\\\/\"},{\"@type\":\"ListItem\",\"position\":3,\"name\":\"DJI Mavic 3 Multispectral M3M\"}]},{\"@type\":\"WebSite\",\"@id\":\"https:\\\/\\\/usadronetampa.com\\\/#website\",\"url\":\"https:\\\/\\\/usadronetampa.com\\\/\",\"name\":\"USA Drone Tampa\",\"description\":\"Drones USA\",\"publisher\":{\"@id\":\"https:\\\/\\\/usadronetampa.com\\\/#organization\"},\"potentialAction\":[{\"@type\":\"SearchAction\",\"target\":{\"@type\":\"EntryPoint\",\"urlTemplate\":\"https:\\\/\\\/usadronetampa.com\\\/?s={search_term_string}\"},\"query-input\":{\"@type\":\"PropertyValueSpecification\",\"valueRequired\":true,\"valueName\":\"search_term_string\"}}],\"inLanguage\":\"es-PE\"},{\"@type\":\"Organization\",\"@id\":\"https:\\\/\\\/usadronetampa.com\\\/#organization\",\"name\":\"USA Drone Tampa\",\"url\":\"https:\\\/\\\/usadronetampa.com\\\/\",\"logo\":{\"@type\":\"ImageObject\",\"inLanguage\":\"es-PE\",\"@id\":\"https:\\\/\\\/usadronetampa.com\\\/#\\\/schema\\\/logo\\\/image\\\/\",\"url\":\"https:\\\/\\\/usadronetampa.com\\\/wp-content\\\/uploads\\\/2023\\\/08\\\/usa-drone2b.png\",\"contentUrl\":\"https:\\\/\\\/usadronetampa.com\\\/wp-content\\\/uploads\\\/2023\\\/08\\\/usa-drone2b.png\",\"width\":746,\"height\":590,\"caption\":\"USA Drone Tampa\"},\"image\":{\"@id\":\"https:\\\/\\\/usadronetampa.com\\\/#\\\/schema\\\/logo\\\/image\\\/\"},\"sameAs\":[\"https:\\\/\\\/www.facebook.com\\\/profile.php?id=100095595180083\"]}]}<\/script>\n<!-- \/ Yoast SEO plugin. -->","yoast_head_json":{"title":"DJI Mavic 3 Multispectral M3M - USA Drone Tampa","description":"That's why Mavic 3 Multispectral has two ways of view. It combines an RGB camera with a multispectral camera to scan and analyze crop growth","robots":{"index":"index","follow":"follow","max-snippet":"max-snippet:-1","max-image-preview":"max-image-preview:large","max-video-preview":"max-video-preview:-1"},"canonical":"https:\/\/usadronetampa.com\/es\/product\/dji-mavic-3-multispectral-m3m\/","og_locale":"es_ES","og_type":"article","og_title":"DJI Mavic 3 Multispectral M3M - USA Drone Tampa","og_description":"That's why Mavic 3 Multispectral has two ways of view. It combines an RGB camera with a multispectral camera to scan and analyze crop growth","og_url":"https:\/\/usadronetampa.com\/es\/product\/dji-mavic-3-multispectral-m3m\/","og_site_name":"USA Drone Tampa","article_publisher":"https:\/\/www.facebook.com\/profile.php?id=100095595180083","article_modified_time":"2025-03-11T16:41:07+00:00","og_image":[{"width":650,"height":557,"url":"https:\/\/usadronetampa.com\/wp-content\/uploads\/2023\/09\/dji-mavic-3-thermal-enterprise-with-2-year-care-basic-warranty-djim3tbasic2yr-dji-8a0-1.png","type":"image\/png"}],"twitter_card":"summary_large_image","twitter_misc":{"Est. reading time":"3 minutos"},"schema":{"@context":"https:\/\/schema.org","@graph":[{"@type":"WebPage","@id":"https:\/\/usadronetampa.com\/product\/dji-mavic-3-multispectral-m3m\/","url":"https:\/\/usadronetampa.com\/product\/dji-mavic-3-multispectral-m3m\/","name":"DJI Mavic 3 Multispectral M3M - USA Drone Tampa","isPartOf":{"@id":"https:\/\/usadronetampa.com\/#website"},"primaryImageOfPage":{"@id":"https:\/\/usadronetampa.com\/product\/dji-mavic-3-multispectral-m3m\/#primaryimage"},"image":{"@id":"https:\/\/usadronetampa.com\/product\/dji-mavic-3-multispectral-m3m\/#primaryimage"},"thumbnailUrl":"https:\/\/usadronetampa.com\/wp-content\/uploads\/2023\/09\/dji-mavic-3-thermal-enterprise-with-2-year-care-basic-warranty-djim3tbasic2yr-dji-8a0-1.png","datePublished":"2023-09-21T17:36:02+00:00","dateModified":"2025-03-11T16:41:07+00:00","description":"That's why Mavic 3 Multispectral has two ways of view. It combines an RGB camera with a multispectral camera to scan and analyze crop growth","breadcrumb":{"@id":"https:\/\/usadronetampa.com\/product\/dji-mavic-3-multispectral-m3m\/#breadcrumb"},"inLanguage":"es-PE","potentialAction":[{"@type":"ReadAction","target":["https:\/\/usadronetampa.com\/product\/dji-mavic-3-multispectral-m3m\/"]}]},{"@type":"ImageObject","inLanguage":"es-PE","@id":"https:\/\/usadronetampa.com\/product\/dji-mavic-3-multispectral-m3m\/#primaryimage","url":"https:\/\/usadronetampa.com\/wp-content\/uploads\/2023\/09\/dji-mavic-3-thermal-enterprise-with-2-year-care-basic-warranty-djim3tbasic2yr-dji-8a0-1.png","contentUrl":"https:\/\/usadronetampa.com\/wp-content\/uploads\/2023\/09\/dji-mavic-3-thermal-enterprise-with-2-year-care-basic-warranty-djim3tbasic2yr-dji-8a0-1.png","width":650,"height":557},{"@type":"BreadcrumbList","@id":"https:\/\/usadronetampa.com\/product\/dji-mavic-3-multispectral-m3m\/#breadcrumb","itemListElement":[{"@type":"ListItem","position":1,"name":"Home","item":"https:\/\/usadronetampa.com\/"},{"@type":"ListItem","position":2,"name":"Store","item":"https:\/\/usadronetampa.com\/tienda\/"},{"@type":"ListItem","position":3,"name":"DJI Mavic 3 Multispectral M3M"}]},{"@type":"WebSite","@id":"https:\/\/usadronetampa.com\/#website","url":"https:\/\/usadronetampa.com\/","name":"USA Drone Tampa","description":"Drones EE. UU.","publisher":{"@id":"https:\/\/usadronetampa.com\/#organization"},"potentialAction":[{"@type":"SearchAction","target":{"@type":"EntryPoint","urlTemplate":"https:\/\/usadronetampa.com\/?s={search_term_string}"},"query-input":{"@type":"PropertyValueSpecification","valueRequired":true,"valueName":"search_term_string"}}],"inLanguage":"es-PE"},{"@type":"Organization","@id":"https:\/\/usadronetampa.com\/#organization","name":"USA Drone Tampa","url":"https:\/\/usadronetampa.com\/","logo":{"@type":"ImageObject","inLanguage":"es-PE","@id":"https:\/\/usadronetampa.com\/#\/schema\/logo\/image\/","url":"https:\/\/usadronetampa.com\/wp-content\/uploads\/2023\/08\/usa-drone2b.png","contentUrl":"https:\/\/usadronetampa.com\/wp-content\/uploads\/2023\/08\/usa-drone2b.png","width":746,"height":590,"caption":"USA Drone Tampa"},"image":{"@id":"https:\/\/usadronetampa.com\/#\/schema\/logo\/image\/"},"sameAs":["https:\/\/www.facebook.com\/profile.php?id=100095595180083"]}]}},"_links":{"self":[{"href":"https:\/\/usadronetampa.com\/es\/wp-json\/wp\/v2\/product\/797","targetHints":{"allow":["GET"]}}],"collection":[{"href":"https:\/\/usadronetampa.com\/es\/wp-json\/wp\/v2\/product"}],"about":[{"href":"https:\/\/usadronetampa.com\/es\/wp-json\/wp\/v2\/types\/product"}],"replies":[{"embeddable":true,"href":"https:\/\/usadronetampa.com\/es\/wp-json\/wp\/v2\/comments?post=797"}],"wp:featuredmedia":[{"embeddable":true,"href":"https:\/\/usadronetampa.com\/es\/wp-json\/wp\/v2\/media\/799"}],"wp:attachment":[{"href":"https:\/\/usadronetampa.com\/es\/wp-json\/wp\/v2\/media?parent=797"}],"wp:term":[{"taxonomy":"product_brand","embeddable":true,"href":"https:\/\/usadronetampa.com\/es\/wp-json\/wp\/v2\/product_brand?post=797"},{"taxonomy":"product_cat","embeddable":true,"href":"https:\/\/usadronetampa.com\/es\/wp-json\/wp\/v2\/product_cat?post=797"},{"taxonomy":"product_tag","embeddable":true,"href":"https:\/\/usadronetampa.com\/es\/wp-json\/wp\/v2\/product_tag?post=797"}],"curies":[{"name":"gracias","href":"https:\/\/api.w.org\/{rel}","templated":true}]}}