{"id":782,"date":"2023-09-21T02:33:01","date_gmt":"2023-09-21T02:33:01","guid":{"rendered":"https:\/\/usadronetampa.com\/?post_type=product&#038;p=782"},"modified":"2025-03-11T11:44:32","modified_gmt":"2025-03-11T16:44:32","slug":"autel-robotics-evo-ii-pro-6k-rugged-bundle-v2","status":"publish","type":"product","link":"https:\/\/usadronetampa.com\/es\/product\/autel-robotics-evo-ii-pro-6k-rugged-bundle-v2\/","title":{"rendered":"Paquete resistente Autel Robotics EVO II Pro 6K, V2"},"content":{"rendered":"<p><img decoding=\"async\" src=\"https:\/\/dronenerds.s3-us-west-2.amazonaws.com\/webimages\/evo2\/6ksexy.JPG\" \/><\/p>\n<p><span class=\"\">Actualice su kit a su m\u00e1ximo potencial y alcance nuevas alturas visuales con el EVO II Pro. Con una c\u00e1mara con sensor de 1 pulgada capaz de capturar videos de 6K a hasta 30 fps, ahora puedes grabar detalles sorprendentes que antes no eran posibles en una plataforma a\u00e9rea de este tama\u00f1o. tama\u00f1o.\u00a0<\/span><span class=\"\">Con video HDR, controles de c\u00e1mara intuitivos y una apertura ajustable con un ISO m\u00e1ximo de 12,800, EVO II Pro le permite tener un rendimiento y flexibilidad excepcionales en cualquier entorno de disparo.<\/span><\/p>\n<h2>ACTUACI\u00d3N<\/h2>\n<p>Una herramienta que trabaja tan duro como t\u00fa. Dise\u00f1ado pensando en la portabilidad, EVO 2 est\u00e1 construido con mano de obra de calidad. Cada componente de EVO 2 pasa por m\u00faltiples pruebas antes del ensamblaje y cada avi\u00f3n debe pasar una rigurosa prueba de vuelo antes de salir de f\u00e1brica.<\/p>\n<ul>\n<li>Ofrece tiempos de vuelo de hasta 40 minutos con un alcance de 5,5 millas<\/li>\n<li>Antenas de 2,4 GHz para un alcance de hasta 9 km y mejor recepci\u00f3n en zonas urbanas<\/li>\n<li>V\u00eddeo 6K, sensor de 1 pulgada, ISO m\u00e1ximo 12.800, fotograf\u00edas de 20MP.<\/li>\n<li>12 sensores de imagen crean un mundo 3D para evitar obst\u00e1culos omnidireccionales<\/li>\n<li>La pantalla OLED incorporada de 3,3 pulgadas permite a los pilotos la libertad de volar sin un dispositivo m\u00f3vil<\/li>\n<li>Velocidad m\u00e1xima de 72 km\/h (45 mph) para llegar m\u00e1s lejos y m\u00e1s r\u00e1pido<\/li>\n<\/ul>\n<h2>CONTROL REMOTO \u2013 NO SE NECESITA TEL\u00c9FONO<\/h2>\n<p>Con EVO 2 se incluye un controlador inteligente con una pantalla OLED integrada de 3,3 pulgadas, lo que elimina la necesidad de un dispositivo m\u00f3vil. Con una duraci\u00f3n de bater\u00eda de cuatro horas y un dise\u00f1o compacto y ergon\u00f3mico, los pilotos pueden empacar f\u00e1cilmente y volar mientras viajan.<\/p>\n<h2>C\u00c1MARA \u2013 VIDEO 6K, GRABACI\u00d3N DE 10-12 BITS, SENSOR DE 1 PULGADA<\/h2>\n<p><strong>FOTOGRAF\u00cdA<br \/>\n<\/strong>Con EVO II Pro, las fotos nunca se vieron tan bien. Vuelva a experimentar cada momento con fotograf\u00edas excepcionales con poca luz y capacidades de lapso de tiempo posibles gracias a nuestro sensor de 1 pulgada. Con una apertura ajustable de f\/2.8-f\/11, ISO m\u00e1x. Con una resoluci\u00f3n de 12.800, horquillado HDR integrado y fotograf\u00edas de 20 MP, los pilotos ahora disfrutan de un rendimiento y una flexibilidad inigualables.<\/p>\n<p><strong>CINEMATOGRAF\u00cdA<\/strong><br \/>\nLos cineastas profesionales encontrar\u00e1n los controles y funciones de la c\u00e1mara que esperan como est\u00e1ndar de la industria. Capaz de capturar v\u00eddeo 6K hasta 30 fps y v\u00eddeo 4K hasta 60 fps, nuestro EVO II Pro cuenta con horquillado HDR y v\u00eddeo HDR integrados, grabaci\u00f3n de 10 a 12 bits, c\u00f3dec H.265 y curva gamma A-LOG.<\/p>\n<p><strong>CARTOGRAF\u00cdA<\/strong><br \/>\nCon nuestro nuevo sensor 6K de 1 pulgada, EVO II Pro ofrece a los usuarios p\u00edxeles de la m\u00e1s alta calidad disponible en un dron plegable. La planificaci\u00f3n de misi\u00f3n flexible e intuitiva permite al piloto crear puntos de referencia personalizados para cualquier trabajo. Con el SDK disponible pr\u00f3ximamente para integraci\u00f3n de terceros, ejecutar su misi\u00f3n es m\u00e1s f\u00e1cil que nunca.<\/p>\n<h2>MODOS DE VUELO INTELIGENTES<\/h2>\n<p>Con una variedad de modos de vuelo inteligentes, EVO 2 tambi\u00e9n incluye el sistema para evitar obst\u00e1culos m\u00e1s completo y f\u00e1cil de usar jam\u00e1s desarrollado. Completo con 12 sensores de imagen, EVO 2 te permite sumergirte completamente en cualquier actividad mientras capturas cada segundo de la misma.<\/p>\n<ul>\n<li>La detecci\u00f3n de objetos con tecnolog\u00eda de doble n\u00facleo reconoce hasta 64 sujetos a la vez, incluidas personas, veh\u00edculos y animales.<\/li>\n<li>12 sensores de imagen \u00f3pticos de alto rendimiento crean un mundo 3D omnidireccional para que EVO 2 navegue<\/li>\n<li>Realice un seguimiento aut\u00f3nomo de los sujetos alrededor de obst\u00e1culos a altas velocidades utilizando el Dynamic Track 2.0 patentado de Autel.<\/li>\n<li>Gesture Control permite al piloto controlar la aeronave con manos libres y habilitar la grabaci\u00f3n de video, captura de fotograf\u00edas y modos de vuelo inteligentes.<\/li>\n<\/ul>\n<p>&nbsp;<\/p>\n<p><img decoding=\"async\" src=\"https:\/\/dronenerds.s3-us-west-2.amazonaws.com\/webimages\/evo2\/evo2pro.png\" \/><img decoding=\"async\" src=\"https:\/\/dronenerds.s3-us-west-2.amazonaws.com\/webimages\/evo2\/6kcam.jpg\" \/><img decoding=\"async\" src=\"https:\/\/dronenerds.s3-us-west-2.amazonaws.com\/webimages\/evo2\/battery.png\" \/><img decoding=\"async\" src=\"https:\/\/dronenerds.s3-us-west-2.amazonaws.com\/webimages\/evo2\/sensors.jpg\" \/><img decoding=\"async\" src=\"https:\/\/dronenerds.s3-us-west-2.amazonaws.com\/webimages\/evo2\/obstacle.png\" \/><img decoding=\"async\" src=\"https:\/\/dronenerds.s3-us-west-2.amazonaws.com\/webimages\/evo2\/images.jpg\" \/><img decoding=\"async\" src=\"https:\/\/dronenerds.s3-us-west-2.amazonaws.com\/webimages\/evo2\/range.png\" \/><\/p>","protected":false},"excerpt":{"rendered":"<p>C\u00e1mara con sensor de 1 pulgada capaz de capturar v\u00eddeo 6K hasta 30 fps<\/p>\n<p><span style=\"color: #ff0000;\"><strong>Para obtener m\u00e1s informaci\u00f3n sobre este producto, comun\u00edquese con: <a href=\"mailto:sales@usadronetampa.com\"><span style=\"color: #3366ff;\">sales@usadronetampa.com<\/span><\/a><\/strong><\/span><\/p>","protected":false},"featured_media":783,"comment_status":"open","ping_status":"closed","template":"","meta":{"site-sidebar-layout":"default","site-content-layout":"","ast-site-content-layout":"default","site-content-style":"default","site-sidebar-style":"default","ast-global-header-display":"","ast-banner-title-visibility":"","ast-main-header-display":"","ast-hfb-above-header-display":"","ast-hfb-below-header-display":"","ast-hfb-mobile-header-display":"","site-post-title":"","ast-breadcrumbs-content":"","ast-featured-img":"","footer-sml-layout":"","ast-disable-related-posts":"","theme-transparent-header-meta":"default","adv-header-id-meta":"","stick-header-meta":"default","header-above-stick-meta":"","header-main-stick-meta":"","header-below-stick-meta":"","astra-migrate-meta-layouts":"set","ast-page-background-enabled":"default","ast-page-background-meta":{"desktop":{"background-color":"var(--ast-global-color-4)","background-image":"","background-repeat":"repeat","background-position":"center center","background-size":"auto","background-attachment":"scroll","background-type":"","background-media":"","overlay-type":"","overlay-color":"","overlay-opacity":"","overlay-gradient":""},"tablet":{"background-color":"","background-image":"","background-repeat":"repeat","background-position":"center center","background-size":"auto","background-attachment":"scroll","background-type":"","background-media":"","overlay-type":"","overlay-color":"","overlay-opacity":"","overlay-gradient":""},"mobile":{"background-color":"","background-image":"","background-repeat":"repeat","background-position":"center center","background-size":"auto","background-attachment":"scroll","background-type":"","background-media":"","overlay-type":"","overlay-color":"","overlay-opacity":"","overlay-gradient":""}},"ast-content-background-meta":{"desktop":{"background-color":"var(--ast-global-color-5)","background-image":"","background-repeat":"repeat","background-position":"center center","background-size":"auto","background-attachment":"scroll","background-type":"","background-media":"","overlay-type":"","overlay-color":"","overlay-opacity":"","overlay-gradient":""},"tablet":{"background-color":"var(--ast-global-color-5)","background-image":"","background-repeat":"repeat","background-position":"center center","background-size":"auto","background-attachment":"scroll","background-type":"","background-media":"","overlay-type":"","overlay-color":"","overlay-opacity":"","overlay-gradient":""},"mobile":{"background-color":"var(--ast-global-color-5)","background-image":"","background-repeat":"repeat","background-position":"center center","background-size":"auto","background-attachment":"scroll","background-type":"","background-media":"","overlay-type":"","overlay-color":"","overlay-opacity":"","overlay-gradient":""}}},"product_brand":[],"product_cat":[31],"product_tag":[],"class_list":{"0":"post-782","1":"product","2":"type-product","3":"status-publish","4":"has-post-thumbnail","6":"product_cat-comercial-drones","7":"desktop-align-left","8":"tablet-align-left","9":"mobile-align-left","11":"first","12":"instock","13":"taxable","14":"shipping-taxable","15":"purchasable","16":"product-type-simple"},"yoast_head":"<!-- This site is optimized with the Yoast SEO plugin v27.5 - https:\/\/yoast.com\/product\/yoast-seo-wordpress\/ -->\n<title>Autel Robotics EVO II Pro 6K Rugged Bundle, V2 - USA Drone Tampa<\/title>\n<meta name=\"description\" content=\"Each EVO 2 component goes through multiple tests before assembly and each aircraft must pass a rigorous flight test before leaving the factory.\" \/>\n<meta name=\"robots\" content=\"index, follow, max-snippet:-1, max-image-preview:large, max-video-preview:-1\" \/>\n<link rel=\"canonical\" href=\"https:\/\/usadronetampa.com\/es\/product\/autel-robotics-evo-ii-pro-6k-rugged-bundle-v2\/\" \/>\n<meta property=\"og:locale\" content=\"es_ES\" \/>\n<meta property=\"og:type\" content=\"article\" \/>\n<meta property=\"og:title\" content=\"Autel Robotics EVO II Pro 6K Rugged Bundle, V2 - USA Drone Tampa\" \/>\n<meta property=\"og:description\" content=\"Each EVO 2 component goes through multiple tests before assembly and each aircraft must pass a rigorous flight test before leaving the factory.\" \/>\n<meta property=\"og:url\" content=\"https:\/\/usadronetampa.com\/es\/product\/autel-robotics-evo-ii-pro-6k-rugged-bundle-v2\/\" \/>\n<meta property=\"og:site_name\" content=\"USA Drone Tampa\" \/>\n<meta property=\"article:publisher\" content=\"https:\/\/www.facebook.com\/profile.php?id=100095595180083\" \/>\n<meta property=\"article:modified_time\" content=\"2025-03-11T16:44:32+00:00\" \/>\n<meta property=\"og:image\" content=\"https:\/\/usadronetampa.com\/wp-content\/uploads\/2023\/09\/autel-robotics-evo-ii-pro-6k-rugged-bundle-v2-102001059-autel-robotics-25f.jpg\" \/>\n\t<meta property=\"og:image:width\" content=\"650\" \/>\n\t<meta property=\"og:image:height\" content=\"412\" \/>\n\t<meta property=\"og:image:type\" content=\"image\/jpeg\" \/>\n<meta name=\"twitter:card\" content=\"summary_large_image\" \/>\n<meta name=\"twitter:label1\" content=\"Est. reading time\" \/>\n\t<meta name=\"twitter:data1\" content=\"5 minutos\" \/>\n<script type=\"application\/ld+json\" class=\"yoast-schema-graph\">{\"@context\":\"https:\\\/\\\/schema.org\",\"@graph\":[{\"@type\":\"WebPage\",\"@id\":\"https:\\\/\\\/usadronetampa.com\\\/product\\\/autel-robotics-evo-ii-pro-6k-rugged-bundle-v2\\\/\",\"url\":\"https:\\\/\\\/usadronetampa.com\\\/product\\\/autel-robotics-evo-ii-pro-6k-rugged-bundle-v2\\\/\",\"name\":\"Autel Robotics EVO II Pro 6K Rugged Bundle, V2 - USA Drone Tampa\",\"isPartOf\":{\"@id\":\"https:\\\/\\\/usadronetampa.com\\\/#website\"},\"primaryImageOfPage\":{\"@id\":\"https:\\\/\\\/usadronetampa.com\\\/product\\\/autel-robotics-evo-ii-pro-6k-rugged-bundle-v2\\\/#primaryimage\"},\"image\":{\"@id\":\"https:\\\/\\\/usadronetampa.com\\\/product\\\/autel-robotics-evo-ii-pro-6k-rugged-bundle-v2\\\/#primaryimage\"},\"thumbnailUrl\":\"https:\\\/\\\/usadronetampa.com\\\/wp-content\\\/uploads\\\/2023\\\/09\\\/autel-robotics-evo-ii-pro-6k-rugged-bundle-v2-102001059-autel-robotics-25f.jpg\",\"datePublished\":\"2023-09-21T02:33:01+00:00\",\"dateModified\":\"2025-03-11T16:44:32+00:00\",\"description\":\"Each EVO 2 component goes through multiple tests before assembly and each aircraft must pass a rigorous flight test before leaving the factory.\",\"breadcrumb\":{\"@id\":\"https:\\\/\\\/usadronetampa.com\\\/product\\\/autel-robotics-evo-ii-pro-6k-rugged-bundle-v2\\\/#breadcrumb\"},\"inLanguage\":\"es-PE\",\"potentialAction\":[{\"@type\":\"ReadAction\",\"target\":[\"https:\\\/\\\/usadronetampa.com\\\/product\\\/autel-robotics-evo-ii-pro-6k-rugged-bundle-v2\\\/\"]}]},{\"@type\":\"ImageObject\",\"inLanguage\":\"es-PE\",\"@id\":\"https:\\\/\\\/usadronetampa.com\\\/product\\\/autel-robotics-evo-ii-pro-6k-rugged-bundle-v2\\\/#primaryimage\",\"url\":\"https:\\\/\\\/usadronetampa.com\\\/wp-content\\\/uploads\\\/2023\\\/09\\\/autel-robotics-evo-ii-pro-6k-rugged-bundle-v2-102001059-autel-robotics-25f.jpg\",\"contentUrl\":\"https:\\\/\\\/usadronetampa.com\\\/wp-content\\\/uploads\\\/2023\\\/09\\\/autel-robotics-evo-ii-pro-6k-rugged-bundle-v2-102001059-autel-robotics-25f.jpg\",\"width\":650,\"height\":412,\"caption\":\"autel\"},{\"@type\":\"BreadcrumbList\",\"@id\":\"https:\\\/\\\/usadronetampa.com\\\/product\\\/autel-robotics-evo-ii-pro-6k-rugged-bundle-v2\\\/#breadcrumb\",\"itemListElement\":[{\"@type\":\"ListItem\",\"position\":1,\"name\":\"Home\",\"item\":\"https:\\\/\\\/usadronetampa.com\\\/\"},{\"@type\":\"ListItem\",\"position\":2,\"name\":\"Store\",\"item\":\"https:\\\/\\\/usadronetampa.com\\\/tienda\\\/\"},{\"@type\":\"ListItem\",\"position\":3,\"name\":\"Autel Robotics EVO II Pro 6K Rugged Bundle, V2\"}]},{\"@type\":\"WebSite\",\"@id\":\"https:\\\/\\\/usadronetampa.com\\\/#website\",\"url\":\"https:\\\/\\\/usadronetampa.com\\\/\",\"name\":\"USA Drone Tampa\",\"description\":\"Drones USA\",\"publisher\":{\"@id\":\"https:\\\/\\\/usadronetampa.com\\\/#organization\"},\"potentialAction\":[{\"@type\":\"SearchAction\",\"target\":{\"@type\":\"EntryPoint\",\"urlTemplate\":\"https:\\\/\\\/usadronetampa.com\\\/?s={search_term_string}\"},\"query-input\":{\"@type\":\"PropertyValueSpecification\",\"valueRequired\":true,\"valueName\":\"search_term_string\"}}],\"inLanguage\":\"es-PE\"},{\"@type\":\"Organization\",\"@id\":\"https:\\\/\\\/usadronetampa.com\\\/#organization\",\"name\":\"USA Drone Tampa\",\"url\":\"https:\\\/\\\/usadronetampa.com\\\/\",\"logo\":{\"@type\":\"ImageObject\",\"inLanguage\":\"es-PE\",\"@id\":\"https:\\\/\\\/usadronetampa.com\\\/#\\\/schema\\\/logo\\\/image\\\/\",\"url\":\"https:\\\/\\\/usadronetampa.com\\\/wp-content\\\/uploads\\\/2023\\\/08\\\/usa-drone2b.png\",\"contentUrl\":\"https:\\\/\\\/usadronetampa.com\\\/wp-content\\\/uploads\\\/2023\\\/08\\\/usa-drone2b.png\",\"width\":746,\"height\":590,\"caption\":\"USA Drone Tampa\"},\"image\":{\"@id\":\"https:\\\/\\\/usadronetampa.com\\\/#\\\/schema\\\/logo\\\/image\\\/\"},\"sameAs\":[\"https:\\\/\\\/www.facebook.com\\\/profile.php?id=100095595180083\"]}]}<\/script>\n<!-- \/ Yoast SEO plugin. -->","yoast_head_json":{"title":"Paquete resistente Autel Robotics EVO II Pro 6K, V2 - USA Drone Tampa","description":"Cada componente del EVO 2 pasa por m\u00faltiples pruebas antes del ensamblaje y cada aeronave debe pasar una rigurosa prueba de vuelo antes de salir de la f\u00e1brica.","robots":{"index":"index","follow":"follow","max-snippet":"max-snippet:-1","max-image-preview":"max-image-preview:large","max-video-preview":"max-video-preview:-1"},"canonical":"https:\/\/usadronetampa.com\/es\/product\/autel-robotics-evo-ii-pro-6k-rugged-bundle-v2\/","og_locale":"es_ES","og_type":"article","og_title":"Autel Robotics EVO II Pro 6K Rugged Bundle, V2 - USA Drone Tampa","og_description":"Each EVO 2 component goes through multiple tests before assembly and each aircraft must pass a rigorous flight test before leaving the factory.","og_url":"https:\/\/usadronetampa.com\/es\/product\/autel-robotics-evo-ii-pro-6k-rugged-bundle-v2\/","og_site_name":"USA Drone Tampa","article_publisher":"https:\/\/www.facebook.com\/profile.php?id=100095595180083","article_modified_time":"2025-03-11T16:44:32+00:00","og_image":[{"width":650,"height":412,"url":"https:\/\/usadronetampa.com\/wp-content\/uploads\/2023\/09\/autel-robotics-evo-ii-pro-6k-rugged-bundle-v2-102001059-autel-robotics-25f.jpg","type":"image\/jpeg"}],"twitter_card":"summary_large_image","twitter_misc":{"Est. reading time":"5 minutos"},"schema":{"@context":"https:\/\/schema.org","@graph":[{"@type":"WebPage","@id":"https:\/\/usadronetampa.com\/product\/autel-robotics-evo-ii-pro-6k-rugged-bundle-v2\/","url":"https:\/\/usadronetampa.com\/product\/autel-robotics-evo-ii-pro-6k-rugged-bundle-v2\/","name":"Paquete resistente Autel Robotics EVO II Pro 6K, V2 - USA Drone Tampa","isPartOf":{"@id":"https:\/\/usadronetampa.com\/#website"},"primaryImageOfPage":{"@id":"https:\/\/usadronetampa.com\/product\/autel-robotics-evo-ii-pro-6k-rugged-bundle-v2\/#primaryimage"},"image":{"@id":"https:\/\/usadronetampa.com\/product\/autel-robotics-evo-ii-pro-6k-rugged-bundle-v2\/#primaryimage"},"thumbnailUrl":"https:\/\/usadronetampa.com\/wp-content\/uploads\/2023\/09\/autel-robotics-evo-ii-pro-6k-rugged-bundle-v2-102001059-autel-robotics-25f.jpg","datePublished":"2023-09-21T02:33:01+00:00","dateModified":"2025-03-11T16:44:32+00:00","description":"Cada componente del EVO 2 pasa por m\u00faltiples pruebas antes del ensamblaje y cada aeronave debe pasar una rigurosa prueba de vuelo antes de salir de la f\u00e1brica.","breadcrumb":{"@id":"https:\/\/usadronetampa.com\/product\/autel-robotics-evo-ii-pro-6k-rugged-bundle-v2\/#breadcrumb"},"inLanguage":"es-PE","potentialAction":[{"@type":"ReadAction","target":["https:\/\/usadronetampa.com\/product\/autel-robotics-evo-ii-pro-6k-rugged-bundle-v2\/"]}]},{"@type":"ImageObject","inLanguage":"es-PE","@id":"https:\/\/usadronetampa.com\/product\/autel-robotics-evo-ii-pro-6k-rugged-bundle-v2\/#primaryimage","url":"https:\/\/usadronetampa.com\/wp-content\/uploads\/2023\/09\/autel-robotics-evo-ii-pro-6k-rugged-bundle-v2-102001059-autel-robotics-25f.jpg","contentUrl":"https:\/\/usadronetampa.com\/wp-content\/uploads\/2023\/09\/autel-robotics-evo-ii-pro-6k-rugged-bundle-v2-102001059-autel-robotics-25f.jpg","width":650,"height":412,"caption":"autel"},{"@type":"BreadcrumbList","@id":"https:\/\/usadronetampa.com\/product\/autel-robotics-evo-ii-pro-6k-rugged-bundle-v2\/#breadcrumb","itemListElement":[{"@type":"ListItem","position":1,"name":"Home","item":"https:\/\/usadronetampa.com\/"},{"@type":"ListItem","position":2,"name":"Store","item":"https:\/\/usadronetampa.com\/tienda\/"},{"@type":"ListItem","position":3,"name":"Autel Robotics EVO II Pro 6K Rugged Bundle, V2"}]},{"@type":"WebSite","@id":"https:\/\/usadronetampa.com\/#website","url":"https:\/\/usadronetampa.com\/","name":"USA Drone Tampa","description":"Drones EE. UU.","publisher":{"@id":"https:\/\/usadronetampa.com\/#organization"},"potentialAction":[{"@type":"SearchAction","target":{"@type":"EntryPoint","urlTemplate":"https:\/\/usadronetampa.com\/?s={search_term_string}"},"query-input":{"@type":"PropertyValueSpecification","valueRequired":true,"valueName":"search_term_string"}}],"inLanguage":"es-PE"},{"@type":"Organization","@id":"https:\/\/usadronetampa.com\/#organization","name":"USA Drone Tampa","url":"https:\/\/usadronetampa.com\/","logo":{"@type":"ImageObject","inLanguage":"es-PE","@id":"https:\/\/usadronetampa.com\/#\/schema\/logo\/image\/","url":"https:\/\/usadronetampa.com\/wp-content\/uploads\/2023\/08\/usa-drone2b.png","contentUrl":"https:\/\/usadronetampa.com\/wp-content\/uploads\/2023\/08\/usa-drone2b.png","width":746,"height":590,"caption":"USA Drone Tampa"},"image":{"@id":"https:\/\/usadronetampa.com\/#\/schema\/logo\/image\/"},"sameAs":["https:\/\/www.facebook.com\/profile.php?id=100095595180083"]}]}},"_links":{"self":[{"href":"https:\/\/usadronetampa.com\/es\/wp-json\/wp\/v2\/product\/782","targetHints":{"allow":["GET"]}}],"collection":[{"href":"https:\/\/usadronetampa.com\/es\/wp-json\/wp\/v2\/product"}],"about":[{"href":"https:\/\/usadronetampa.com\/es\/wp-json\/wp\/v2\/types\/product"}],"replies":[{"embeddable":true,"href":"https:\/\/usadronetampa.com\/es\/wp-json\/wp\/v2\/comments?post=782"}],"wp:featuredmedia":[{"embeddable":true,"href":"https:\/\/usadronetampa.com\/es\/wp-json\/wp\/v2\/media\/783"}],"wp:attachment":[{"href":"https:\/\/usadronetampa.com\/es\/wp-json\/wp\/v2\/media?parent=782"}],"wp:term":[{"taxonomy":"product_brand","embeddable":true,"href":"https:\/\/usadronetampa.com\/es\/wp-json\/wp\/v2\/product_brand?post=782"},{"taxonomy":"product_cat","embeddable":true,"href":"https:\/\/usadronetampa.com\/es\/wp-json\/wp\/v2\/product_cat?post=782"},{"taxonomy":"product_tag","embeddable":true,"href":"https:\/\/usadronetampa.com\/es\/wp-json\/wp\/v2\/product_tag?post=782"}],"curies":[{"name":"gracias","href":"https:\/\/api.w.org\/{rel}","templated":true}]}}