{"id":515,"date":"2023-09-14T21:02:15","date_gmt":"2023-09-14T21:02:15","guid":{"rendered":"https:\/\/usadronetampa.com\/?post_type=product&#038;p=515"},"modified":"2025-03-11T11:48:31","modified_gmt":"2025-03-11T16:48:31","slug":"dji-mavic-3-classic-camera-drone-5-1k-hd-4-3","status":"publish","type":"product","link":"https:\/\/usadronetampa.com\/es\/product\/dji-mavic-3-classic-camera-drone-5-1k-hd-4-3\/","title":{"rendered":"DJI Mavic 3 Drone con c\u00e1mara cl\u00e1sica 5.1K HD 4\/3 CMOS C\u00e1mara Hasselblad 46 min"},"content":{"rendered":"<h1><span class=\"\">DJI MAVIC 3<\/span><\/h1>\n<h2><span class=\"\" style=\"color: #333399;\">Your daily commercial drone<\/span><\/h2>\n<p>&nbsp;<\/p>\n<div class=\"imageboxes2\"><img decoding=\"async\" src=\"https:\/\/dnwebfiles.s3.us-east-2.amazonaws.com\/aplus\/mavic3classic\/PC_en1.jpg\" \/><\/div>\n<div class=\"imageboxes2\"><img decoding=\"async\" src=\"https:\/\/dnwebfiles.s3.us-east-2.amazonaws.com\/aplus\/mavic3classic\/PC_en2.jpg\" \/><\/div>\n<div class=\"imageboxes2\"><img decoding=\"async\" src=\"https:\/\/dnwebfiles.s3.us-east-2.amazonaws.com\/aplus\/mavic3classic\/PC_en3.jpg\" \/><\/div>\n<div class=\"imageboxes2\"><img decoding=\"async\" src=\"https:\/\/dnwebfiles.s3.us-east-2.amazonaws.com\/aplus\/mavic3classic\/PC_en4.jpg\" \/><\/div>\n<div class=\"imageboxes2\"><img decoding=\"async\" src=\"https:\/\/dnwebfiles.s3.us-east-2.amazonaws.com\/aplus\/mavic3classic\/PC_en5.jpg\" \/><\/div>\n<div class=\"imageboxes2\"><img decoding=\"async\" src=\"https:\/\/dnwebfiles.s3.us-east-2.amazonaws.com\/aplus\/mavic3classic\/PC_en6.jpg\" \/><\/div>\n<div class=\"imageboxes2\"><img decoding=\"async\" src=\"https:\/\/dnwebfiles.s3.us-east-2.amazonaws.com\/aplus\/comparechart\/mavic3classic.jpg\" \/><\/div>\n<p>&nbsp;<\/p>\n<p id=\"infotext\">With powerful flight performance and a Hasselblad camera, Mavic 3 Classic delivers the absolute essence of the flagship image.\u00a0Take it on any adventure to create unforgettable work.<\/p>\n<h4><span style=\"color: #ff0000;\">HASSELBLAD 4\/3 CMOS CAMERA<\/span><br \/>\n<span style=\"color: #ff0000;\">5.1K HD VIDEO<\/span><br \/>\n<span style=\"color: #ff0000;\">MAXIMUM FLIGHT TIME OF 46 MINUTES<\/span><br \/>\n<span style=\"color: #ff0000;\">OMNIDIRECTIONAL OBSTACLE DETECTION<\/span><br \/>\n<span style=\"color: #ff0000;\">15KM HD VIDEO TRANSMISSION<\/span><br \/>\n<span style=\"color: #ff0000;\">ADVANCED RTH<\/span><\/h4>\n<h2><span style=\"color: #333399;\">DJI Mavic 3 Classic Hasselblad Camera, create to inspire<\/span><\/h2>\n<p id=\"infotext\">Iconic Swedish brand Hasselblad designed and built the L2D-20c aerial camera just for the Mavic 3 series, packing professional-grade 4\/3 CMOS into an incredibly compact footprint.\u00a0Hasselblad&#8217;s rigorous standards apply to both hardware performance and software algorithms, taking image quality to a whole new level.<\/p>\n<h2 id=\"m3ctitle\"><span style=\"color: #333399;\">Hasselblad Natural Color Solution (HNCS)<\/span><\/h2>\n<p id=\"infotext\">To ensure the Mavic 3 Classic captures natural colors the same way other Hasselblad cameras do, the L2D-20c lens adopts the same rigorous standards and has every pixel on the sensor calibrated, with HNCS built in.\u00a0The culmination of decades of photography experience delivers vivid, natural colors with just a press of the shutter, allowing you to capture stunning landscapes or a nighttime glow without the need for complicated editing or color presets.<\/p>\n<h2 id=\"m3ctitle\"><span style=\"color: #333399;\">Professional images<\/span><\/h2>\n<p id=\"infotext\">5.1K\/50fps |\u00a0Record sharper details.\u00a0Supersampling technology enables recording of 4K\/60fps footage.<\/p>\n<p id=\"infotext\">4K\/120fps |\u00a0Both high resolution and high frame rate deliver effortless slow-motion HD videos.<\/p>\n<p id=\"infotext\">10-bit D register |\u00a0Delivers natural color gradations with more highlight and shadow detail retained for greater flexibility when editing.<\/p>\n<p id=\"infotext\">HLG |\u00a0It provides a higher dynamic range that adapts to a variety of devices and provides footage that does not require color adjustment in post.<\/p>\n<p id=\"infotext\">night shots |\u00a0This video mode optimizes footage in low-light scenarios, such as sunsets and sunrises, reducing noise for cleaner shots.<\/p>\n<h2><span style=\"color: #333399;\">More flight time<\/span><\/h2>\n<p id=\"infotext\">Mavic 3 Classic is compatible with Mavic 3 series batteries, enabling 40 minutes of hover and 46 minutes of flight, [2] ensuring more time creating and less time worrying about the battery level.<\/p>\n<h3><span style=\"color: #ff0000;\">40 MINUTES OF FLIGHT TIME<\/span><br \/>\n<span style=\"color: #ff0000;\">46 MINUTES OF FLIGHT TIME<\/span><\/h3>\n<h2><span style=\"color: #333399;\">Simplified flight<\/span><\/h2>\n<h2 id=\"m3ctitle\"><span style=\"color: #333399;\">Omnidirectional obstacle detection<\/span><\/h2>\n<p id=\"infotext\">With APAS 5.0, when flying, Mavic 3 Classic continuously detects objects in all directions and avoids them [3] quickly and smoothly.\u00a0Even new pilots can fly with confidence and security, and create smooth images even in complicated scenarios.<\/p>\n<h2 id=\"m3ctitle\"><span style=\"color: #333399;\">Extreme precision<\/span><\/h2>\n<p id=\"infotext\">High-precision positioning at the decimeter level makes Mavic 3 Classic extremely stable when hovering.\u00a0This not only ensures clearer long exposure shots, but also helps record smoother time-lapse videos.<\/p>\n<div class=\"imageboxes2\"><img decoding=\"async\" src=\"https:\/\/dji-official-fe.djicdn.com\/dps\/c995f17a47153fbda42bd94ef2315446@origin.jpg\" \/><\/div>\n<h2 id=\"m3ctitle\"><span style=\"color: #333399;\">Cruise control<\/span><\/h2>\n<p id=\"infotext\">Control Mavic 3 Classic to fly in any direction without having to continually press the control sticks.\u00a0This not only makes long-distance flights easier, but also helps reduce shake during manual control for smoother camera movement.<\/p>\n<h2 id=\"m3ctitle\"><span style=\"color: #333399;\">Advanced RTH<\/span><\/h2>\n<p id=\"infotext\">Always end on a high note with Advanced RTH.\u00a0This updated auto-return feature allows the Mavic 3 Classic to automatically determine the optimal route back to its origin point and execute it quickly.\u00a0Mavic 3 Classic can fly at a designated altitude and then find a safe and efficient route back to its home point, combining the advantages of Advanced RTH and traditional RTH, allowing users to choose the best option based on their environment.<\/p>\n<h2><span style=\"color: #333399;\">Powerful video streaming<\/span><\/h2>\n<h2 id=\"m3ctitle\"><span style=\"color: #333399;\">O3+ transmission and beyond<\/span><\/h2>\n<p id=\"infotext\"><span class=\"\">With a transmission distance of up to 15 km, [4] fly further and more stably with peace of mind.\u00a0<\/span>The O3+ stream can stream a 1080p\/60fps live stream.\u00a0[5] This means that the camera view is displayed with specifications close to what the camera actually records.\u00a0It also makes the Mavic 3 Classic more responsive to your control.<\/p>\n<h3><span style=\"color: #333399;\">1080P\/60FPS LIVE<\/span><br \/>\n<span style=\"color: #333399;\">STREAMING 15KM TRANSMISSION DISTANCE<\/span><\/h3>\n<h2><span style=\"color: #333399;\">Useful features for intuitive creation<\/span><\/h2>\n<div class=\"spectable\">\n<table>\n<tbody>\n<tr>\n<td>\n<p id=\"tabletext\">Active Tracking 5.0<\/p>\n<\/td>\n<td>\n<p id=\"tabletext\">MasterShots<\/p>\n<\/td>\n<td>\n<p id=\"tabletext\">rapid shots<\/p>\n<\/td>\n<td>\n<p id=\"tabletext\">hyperlapse<\/p>\n<\/td>\n<td>\n<p id=\"tabletext\">Panorama<\/p>\n<\/td>\n<td>\n<p id=\"tabletext\">Fast high speed transfer<\/p>\n<\/td>\n<\/tr>\n<\/tbody>\n<\/table>\n<\/div>\n","protected":false},"excerpt":{"rendered":"<p><span class=\"VIpgJd-yAWNEb-VIpgJd-fmcmS-sn54Q\">C\u00e1mara Hasselblad 4\/3 CMOS | V\u00eddeo de alta definici\u00f3n de 5,1K | Tiempo m\u00e1ximo de vuelo de 46 minutos | Detecci\u00f3n de obst\u00e1culos omnidireccional | Transmisi\u00f3n de v\u00eddeo HD de 15 km | RTH avanzado<\/span><\/p>\n<p><strong><span style=\"color: #ff0000;\">Para obtener m\u00e1s informaci\u00f3n sobre este producto, comun\u00edquese con<\/span>\u00a0<span style=\"color: #0000ff;\"><a style=\"color: #0000ff;\" href=\"mailto:sales@usadronetampa.com\" target=\"_blank\" rel=\"noopener\">sales@usadronetampa.com\u00a0<\/a><\/span><\/strong><\/p>","protected":false},"featured_media":516,"comment_status":"open","ping_status":"closed","template":"","meta":{"site-sidebar-layout":"default","site-content-layout":"","ast-site-content-layout":"default","site-content-style":"default","site-sidebar-style":"default","ast-global-header-display":"","ast-banner-title-visibility":"","ast-main-header-display":"","ast-hfb-above-header-display":"","ast-hfb-below-header-display":"","ast-hfb-mobile-header-display":"","site-post-title":"","ast-breadcrumbs-content":"","ast-featured-img":"","footer-sml-layout":"","ast-disable-related-posts":"","theme-transparent-header-meta":"default","adv-header-id-meta":"","stick-header-meta":"default","header-above-stick-meta":"","header-main-stick-meta":"","header-below-stick-meta":"","astra-migrate-meta-layouts":"set","ast-page-background-enabled":"default","ast-page-background-meta":{"desktop":{"background-color":"var(--ast-global-color-4)","background-image":"","background-repeat":"repeat","background-position":"center center","background-size":"auto","background-attachment":"scroll","background-type":"","background-media":"","overlay-type":"","overlay-color":"","overlay-opacity":"","overlay-gradient":""},"tablet":{"background-color":"","background-image":"","background-repeat":"repeat","background-position":"center center","background-size":"auto","background-attachment":"scroll","background-type":"","background-media":"","overlay-type":"","overlay-color":"","overlay-opacity":"","overlay-gradient":""},"mobile":{"background-color":"","background-image":"","background-repeat":"repeat","background-position":"center center","background-size":"auto","background-attachment":"scroll","background-type":"","background-media":"","overlay-type":"","overlay-color":"","overlay-opacity":"","overlay-gradient":""}},"ast-content-background-meta":{"desktop":{"background-color":"var(--ast-global-color-5)","background-image":"","background-repeat":"repeat","background-position":"center center","background-size":"auto","background-attachment":"scroll","background-type":"","background-media":"","overlay-type":"","overlay-color":"","overlay-opacity":"","overlay-gradient":""},"tablet":{"background-color":"var(--ast-global-color-5)","background-image":"","background-repeat":"repeat","background-position":"center center","background-size":"auto","background-attachment":"scroll","background-type":"","background-media":"","overlay-type":"","overlay-color":"","overlay-opacity":"","overlay-gradient":""},"mobile":{"background-color":"var(--ast-global-color-5)","background-image":"","background-repeat":"repeat","background-position":"center center","background-size":"auto","background-attachment":"scroll","background-type":"","background-media":"","overlay-type":"","overlay-color":"","overlay-opacity":"","overlay-gradient":""}}},"product_brand":[],"product_cat":[31],"product_tag":[],"class_list":{"0":"post-515","1":"product","2":"type-product","3":"status-publish","4":"has-post-thumbnail","6":"product_cat-comercial-drones","7":"desktop-align-left","8":"tablet-align-left","9":"mobile-align-left","11":"first","12":"instock","13":"taxable","14":"shipping-taxable","15":"purchasable","16":"product-type-simple"},"yoast_head":"<!-- This site is optimized with the Yoast SEO plugin v27.4 - https:\/\/yoast.com\/product\/yoast-seo-wordpress\/ -->\n<title>DJI Mavic 3 Classic Camera Drone 5.1K HD 4\/3 CMOS Hasselblad Camera 46-Min - USA Drone Tampa<\/title>\n<meta name=\"description\" content=\"the Mavic 3 Classic captures natural colors the same way other Hasselblad cameras do, the L2D-20c lens adopts the same rigorous standards\" \/>\n<meta name=\"robots\" content=\"index, follow, max-snippet:-1, max-image-preview:large, max-video-preview:-1\" \/>\n<link rel=\"canonical\" href=\"https:\/\/usadronetampa.com\/es\/product\/dji-mavic-3-classic-camera-drone-5-1k-hd-4-3\/\" \/>\n<meta property=\"og:locale\" content=\"es_ES\" \/>\n<meta property=\"og:type\" content=\"article\" \/>\n<meta property=\"og:title\" content=\"DJI Mavic 3 Classic Camera Drone 5.1K HD 4\/3 CMOS Hasselblad Camera 46-Min - USA Drone Tampa\" \/>\n<meta property=\"og:description\" content=\"the Mavic 3 Classic captures natural colors the same way other Hasselblad cameras do, the L2D-20c lens adopts the same rigorous standards\" \/>\n<meta property=\"og:url\" content=\"https:\/\/usadronetampa.com\/es\/product\/dji-mavic-3-classic-camera-drone-5-1k-hd-4-3\/\" \/>\n<meta property=\"og:site_name\" content=\"USA Drone Tampa\" \/>\n<meta property=\"article:publisher\" content=\"https:\/\/www.facebook.com\/profile.php?id=100095595180083\" \/>\n<meta property=\"article:modified_time\" content=\"2025-03-11T16:48:31+00:00\" \/>\n<meta property=\"og:image\" content=\"https:\/\/usadronetampa.com\/wp-content\/uploads\/2023\/09\/F-_0002_drone4_0000_dji-mavic-3-classic-camera-drone-5-1k-hd-4-3-cmos-hasselblad-camera-46-min-cp-ma-00000596-01-dji-36c.webp\" \/>\n\t<meta property=\"og:image:width\" content=\"488\" \/>\n\t<meta property=\"og:image:height\" content=\"488\" \/>\n\t<meta property=\"og:image:type\" content=\"image\/webp\" \/>\n<meta name=\"twitter:card\" content=\"summary_large_image\" \/>\n<meta name=\"twitter:label1\" content=\"Est. reading time\" \/>\n\t<meta name=\"twitter:data1\" content=\"5 minutos\" \/>\n<script type=\"application\/ld+json\" class=\"yoast-schema-graph\">{\"@context\":\"https:\\\/\\\/schema.org\",\"@graph\":[{\"@type\":\"WebPage\",\"@id\":\"https:\\\/\\\/usadronetampa.com\\\/product\\\/dji-mavic-3-classic-camera-drone-5-1k-hd-4-3\\\/\",\"url\":\"https:\\\/\\\/usadronetampa.com\\\/product\\\/dji-mavic-3-classic-camera-drone-5-1k-hd-4-3\\\/\",\"name\":\"DJI Mavic 3 Classic Camera Drone 5.1K HD 4\\\/3 CMOS Hasselblad Camera 46-Min - USA Drone Tampa\",\"isPartOf\":{\"@id\":\"https:\\\/\\\/usadronetampa.com\\\/#website\"},\"primaryImageOfPage\":{\"@id\":\"https:\\\/\\\/usadronetampa.com\\\/product\\\/dji-mavic-3-classic-camera-drone-5-1k-hd-4-3\\\/#primaryimage\"},\"image\":{\"@id\":\"https:\\\/\\\/usadronetampa.com\\\/product\\\/dji-mavic-3-classic-camera-drone-5-1k-hd-4-3\\\/#primaryimage\"},\"thumbnailUrl\":\"https:\\\/\\\/usadronetampa.com\\\/wp-content\\\/uploads\\\/2023\\\/09\\\/F-_0002_drone4_0000_dji-mavic-3-classic-camera-drone-5-1k-hd-4-3-cmos-hasselblad-camera-46-min-cp-ma-00000596-01-dji-36c.webp\",\"datePublished\":\"2023-09-14T21:02:15+00:00\",\"dateModified\":\"2025-03-11T16:48:31+00:00\",\"description\":\"the Mavic 3 Classic captures natural colors the same way other Hasselblad cameras do, the L2D-20c lens adopts the same rigorous standards\",\"breadcrumb\":{\"@id\":\"https:\\\/\\\/usadronetampa.com\\\/product\\\/dji-mavic-3-classic-camera-drone-5-1k-hd-4-3\\\/#breadcrumb\"},\"inLanguage\":\"es-PE\",\"potentialAction\":[{\"@type\":\"ReadAction\",\"target\":[\"https:\\\/\\\/usadronetampa.com\\\/product\\\/dji-mavic-3-classic-camera-drone-5-1k-hd-4-3\\\/\"]}]},{\"@type\":\"ImageObject\",\"inLanguage\":\"es-PE\",\"@id\":\"https:\\\/\\\/usadronetampa.com\\\/product\\\/dji-mavic-3-classic-camera-drone-5-1k-hd-4-3\\\/#primaryimage\",\"url\":\"https:\\\/\\\/usadronetampa.com\\\/wp-content\\\/uploads\\\/2023\\\/09\\\/F-_0002_drone4_0000_dji-mavic-3-classic-camera-drone-5-1k-hd-4-3-cmos-hasselblad-camera-46-min-cp-ma-00000596-01-dji-36c.webp\",\"contentUrl\":\"https:\\\/\\\/usadronetampa.com\\\/wp-content\\\/uploads\\\/2023\\\/09\\\/F-_0002_drone4_0000_dji-mavic-3-classic-camera-drone-5-1k-hd-4-3-cmos-hasselblad-camera-46-min-cp-ma-00000596-01-dji-36c.webp\",\"width\":488,\"height\":488},{\"@type\":\"BreadcrumbList\",\"@id\":\"https:\\\/\\\/usadronetampa.com\\\/product\\\/dji-mavic-3-classic-camera-drone-5-1k-hd-4-3\\\/#breadcrumb\",\"itemListElement\":[{\"@type\":\"ListItem\",\"position\":1,\"name\":\"Home\",\"item\":\"https:\\\/\\\/usadronetampa.com\\\/\"},{\"@type\":\"ListItem\",\"position\":2,\"name\":\"Store\",\"item\":\"https:\\\/\\\/usadronetampa.com\\\/tienda\\\/\"},{\"@type\":\"ListItem\",\"position\":3,\"name\":\"DJI Mavic 3 Classic Camera Drone 5.1K HD 4\\\/3 CMOS Hasselblad Camera 46-Min\"}]},{\"@type\":\"WebSite\",\"@id\":\"https:\\\/\\\/usadronetampa.com\\\/#website\",\"url\":\"https:\\\/\\\/usadronetampa.com\\\/\",\"name\":\"USA Drone Tampa\",\"description\":\"Drones USA\",\"publisher\":{\"@id\":\"https:\\\/\\\/usadronetampa.com\\\/#organization\"},\"potentialAction\":[{\"@type\":\"SearchAction\",\"target\":{\"@type\":\"EntryPoint\",\"urlTemplate\":\"https:\\\/\\\/usadronetampa.com\\\/?s={search_term_string}\"},\"query-input\":{\"@type\":\"PropertyValueSpecification\",\"valueRequired\":true,\"valueName\":\"search_term_string\"}}],\"inLanguage\":\"es-PE\"},{\"@type\":\"Organization\",\"@id\":\"https:\\\/\\\/usadronetampa.com\\\/#organization\",\"name\":\"USA Drone Tampa\",\"url\":\"https:\\\/\\\/usadronetampa.com\\\/\",\"logo\":{\"@type\":\"ImageObject\",\"inLanguage\":\"es-PE\",\"@id\":\"https:\\\/\\\/usadronetampa.com\\\/#\\\/schema\\\/logo\\\/image\\\/\",\"url\":\"https:\\\/\\\/usadronetampa.com\\\/wp-content\\\/uploads\\\/2023\\\/08\\\/usa-drone2b.png\",\"contentUrl\":\"https:\\\/\\\/usadronetampa.com\\\/wp-content\\\/uploads\\\/2023\\\/08\\\/usa-drone2b.png\",\"width\":746,\"height\":590,\"caption\":\"USA Drone Tampa\"},\"image\":{\"@id\":\"https:\\\/\\\/usadronetampa.com\\\/#\\\/schema\\\/logo\\\/image\\\/\"},\"sameAs\":[\"https:\\\/\\\/www.facebook.com\\\/profile.php?id=100095595180083\"]}]}<\/script>\n<!-- \/ Yoast SEO plugin. -->","yoast_head_json":{"title":"DJI Mavic 3 Classic Camera Drone 5.1K HD 4\/3 CMOS Hasselblad Camera 46-Min - USA Drone Tampa","description":"La Mavic 3 Classic captura los colores naturales del mismo modo que otras c\u00e1maras Hasselblad; el objetivo L2D-20c adopta los mismos est\u00e1ndares rigurosos.","robots":{"index":"index","follow":"follow","max-snippet":"max-snippet:-1","max-image-preview":"max-image-preview:large","max-video-preview":"max-video-preview:-1"},"canonical":"https:\/\/usadronetampa.com\/es\/product\/dji-mavic-3-classic-camera-drone-5-1k-hd-4-3\/","og_locale":"es_ES","og_type":"article","og_title":"DJI Mavic 3 Classic Camera Drone 5.1K HD 4\/3 CMOS Hasselblad Camera 46-Min - USA Drone Tampa","og_description":"the Mavic 3 Classic captures natural colors the same way other Hasselblad cameras do, the L2D-20c lens adopts the same rigorous standards","og_url":"https:\/\/usadronetampa.com\/es\/product\/dji-mavic-3-classic-camera-drone-5-1k-hd-4-3\/","og_site_name":"USA Drone Tampa","article_publisher":"https:\/\/www.facebook.com\/profile.php?id=100095595180083","article_modified_time":"2025-03-11T16:48:31+00:00","og_image":[{"width":488,"height":488,"url":"https:\/\/usadronetampa.com\/wp-content\/uploads\/2023\/09\/F-_0002_drone4_0000_dji-mavic-3-classic-camera-drone-5-1k-hd-4-3-cmos-hasselblad-camera-46-min-cp-ma-00000596-01-dji-36c.webp","type":"image\/webp"}],"twitter_card":"summary_large_image","twitter_misc":{"Est. reading time":"5 minutos"},"schema":{"@context":"https:\/\/schema.org","@graph":[{"@type":"WebPage","@id":"https:\/\/usadronetampa.com\/product\/dji-mavic-3-classic-camera-drone-5-1k-hd-4-3\/","url":"https:\/\/usadronetampa.com\/product\/dji-mavic-3-classic-camera-drone-5-1k-hd-4-3\/","name":"DJI Mavic 3 Classic Camera Drone 5.1K HD 4\/3 CMOS Hasselblad Camera 46-Min - USA Drone Tampa","isPartOf":{"@id":"https:\/\/usadronetampa.com\/#website"},"primaryImageOfPage":{"@id":"https:\/\/usadronetampa.com\/product\/dji-mavic-3-classic-camera-drone-5-1k-hd-4-3\/#primaryimage"},"image":{"@id":"https:\/\/usadronetampa.com\/product\/dji-mavic-3-classic-camera-drone-5-1k-hd-4-3\/#primaryimage"},"thumbnailUrl":"https:\/\/usadronetampa.com\/wp-content\/uploads\/2023\/09\/F-_0002_drone4_0000_dji-mavic-3-classic-camera-drone-5-1k-hd-4-3-cmos-hasselblad-camera-46-min-cp-ma-00000596-01-dji-36c.webp","datePublished":"2023-09-14T21:02:15+00:00","dateModified":"2025-03-11T16:48:31+00:00","description":"La Mavic 3 Classic captura los colores naturales del mismo modo que otras c\u00e1maras Hasselblad; el objetivo L2D-20c adopta los mismos est\u00e1ndares rigurosos.","breadcrumb":{"@id":"https:\/\/usadronetampa.com\/product\/dji-mavic-3-classic-camera-drone-5-1k-hd-4-3\/#breadcrumb"},"inLanguage":"es-PE","potentialAction":[{"@type":"ReadAction","target":["https:\/\/usadronetampa.com\/product\/dji-mavic-3-classic-camera-drone-5-1k-hd-4-3\/"]}]},{"@type":"ImageObject","inLanguage":"es-PE","@id":"https:\/\/usadronetampa.com\/product\/dji-mavic-3-classic-camera-drone-5-1k-hd-4-3\/#primaryimage","url":"https:\/\/usadronetampa.com\/wp-content\/uploads\/2023\/09\/F-_0002_drone4_0000_dji-mavic-3-classic-camera-drone-5-1k-hd-4-3-cmos-hasselblad-camera-46-min-cp-ma-00000596-01-dji-36c.webp","contentUrl":"https:\/\/usadronetampa.com\/wp-content\/uploads\/2023\/09\/F-_0002_drone4_0000_dji-mavic-3-classic-camera-drone-5-1k-hd-4-3-cmos-hasselblad-camera-46-min-cp-ma-00000596-01-dji-36c.webp","width":488,"height":488},{"@type":"BreadcrumbList","@id":"https:\/\/usadronetampa.com\/product\/dji-mavic-3-classic-camera-drone-5-1k-hd-4-3\/#breadcrumb","itemListElement":[{"@type":"ListItem","position":1,"name":"Home","item":"https:\/\/usadronetampa.com\/"},{"@type":"ListItem","position":2,"name":"Store","item":"https:\/\/usadronetampa.com\/tienda\/"},{"@type":"ListItem","position":3,"name":"DJI Mavic 3 Classic Camera Drone 5.1K HD 4\/3 CMOS Hasselblad Camera 46-Min"}]},{"@type":"WebSite","@id":"https:\/\/usadronetampa.com\/#website","url":"https:\/\/usadronetampa.com\/","name":"USA Drone Tampa","description":"Drones EE. UU.","publisher":{"@id":"https:\/\/usadronetampa.com\/#organization"},"potentialAction":[{"@type":"SearchAction","target":{"@type":"EntryPoint","urlTemplate":"https:\/\/usadronetampa.com\/?s={search_term_string}"},"query-input":{"@type":"PropertyValueSpecification","valueRequired":true,"valueName":"search_term_string"}}],"inLanguage":"es-PE"},{"@type":"Organization","@id":"https:\/\/usadronetampa.com\/#organization","name":"USA Drone Tampa","url":"https:\/\/usadronetampa.com\/","logo":{"@type":"ImageObject","inLanguage":"es-PE","@id":"https:\/\/usadronetampa.com\/#\/schema\/logo\/image\/","url":"https:\/\/usadronetampa.com\/wp-content\/uploads\/2023\/08\/usa-drone2b.png","contentUrl":"https:\/\/usadronetampa.com\/wp-content\/uploads\/2023\/08\/usa-drone2b.png","width":746,"height":590,"caption":"USA Drone Tampa"},"image":{"@id":"https:\/\/usadronetampa.com\/#\/schema\/logo\/image\/"},"sameAs":["https:\/\/www.facebook.com\/profile.php?id=100095595180083"]}]}},"_links":{"self":[{"href":"https:\/\/usadronetampa.com\/es\/wp-json\/wp\/v2\/product\/515","targetHints":{"allow":["GET"]}}],"collection":[{"href":"https:\/\/usadronetampa.com\/es\/wp-json\/wp\/v2\/product"}],"about":[{"href":"https:\/\/usadronetampa.com\/es\/wp-json\/wp\/v2\/types\/product"}],"replies":[{"embeddable":true,"href":"https:\/\/usadronetampa.com\/es\/wp-json\/wp\/v2\/comments?post=515"}],"wp:featuredmedia":[{"embeddable":true,"href":"https:\/\/usadronetampa.com\/es\/wp-json\/wp\/v2\/media\/516"}],"wp:attachment":[{"href":"https:\/\/usadronetampa.com\/es\/wp-json\/wp\/v2\/media?parent=515"}],"wp:term":[{"taxonomy":"product_brand","embeddable":true,"href":"https:\/\/usadronetampa.com\/es\/wp-json\/wp\/v2\/product_brand?post=515"},{"taxonomy":"product_cat","embeddable":true,"href":"https:\/\/usadronetampa.com\/es\/wp-json\/wp\/v2\/product_cat?post=515"},{"taxonomy":"product_tag","embeddable":true,"href":"https:\/\/usadronetampa.com\/es\/wp-json\/wp\/v2\/product_tag?post=515"}],"curies":[{"name":"gracias","href":"https:\/\/api.w.org\/{rel}","templated":true}]}}