{"id":439,"date":"2023-09-13T15:44:57","date_gmt":"2023-09-13T20:44:57","guid":{"rendered":"https:\/\/usadronetampa.com\/?post_type=product&#038;p=439"},"modified":"2025-03-11T11:56:36","modified_gmt":"2025-03-11T16:56:36","slug":"dji-mini-3-pro-fly-more-kit","status":"publish","type":"product","link":"https:\/\/usadronetampa.com\/es\/product\/dji-mini-3-pro-fly-more-kit\/","title":{"rendered":"DJI Mini 3 Pro Kit Vuela M\u00e1s"},"content":{"rendered":"<p><span class=\"goog-text-highlight\"><span class=\"VIpgJd-yAWNEb-VIpgJd-fmcmS-sn54Q\">DJI Mini 3 Pro Fly More Kit Plus incluye dos bater\u00edas Intelligent Flight Plus, un concentrador de carga bidireccional, cable de datos, correa para el hombro, h\u00e9lices y tornillos de repuesto, lo que brinda soporte completo para su experiencia de fotograf\u00eda a\u00e9rea, a un mejor precio que comprarlo por separado.<\/span><\/span><\/p>\n<p>Con un tiempo de vuelo m\u00e1ximo de 47 minutos*, la bater\u00eda de vuelo inteligente DJI Mini 3 Pro Plus te ofrece m\u00e1s en cada vuelo.<\/p>\n<p>El centro de carga bidireccional puede cargar el control remoto y tres bater\u00edas en secuencia. Tambi\u00e9n se puede utilizar como fuente de alimentaci\u00f3n m\u00f3vil.<\/p>\n<p>Con el cargador DJI USB-C de 30 W (se vende por separado), se pueden cargar completamente tres bater\u00edas de vuelo inteligentes Plus DJI Mini 3 Pro en solo cuatro horas, lo que mejora enormemente la eficiencia de carga.<\/p>\n<p>Las h\u00e9lices fabricadas especialmente para DJI Mini 3 Pro producen menos ruido y se han sometido a pruebas precisas de equilibrio din\u00e1mico para proporcionar una mayor eficiencia aerodin\u00e1mica y un potente empuje a la aeronave.<\/p>\n<p>Especialmente dise\u00f1ada para DJI Mini 3 Pro, la bolsa de hombro ofrece suficiente espacio para un dron y accesorios como un control remoto, tres bater\u00edas, un centro de carga, h\u00e9lices, un juego de filtros ND, un cable de datos y una tarjeta SD.<\/p>","protected":false},"excerpt":{"rendered":"<p>Kit de rango de bater\u00eda extendido<\/p>\n<p><span style=\"color: #ff0000;\"><strong>Para obtener m\u00e1s informaci\u00f3n sobre este producto, comun\u00edquese con: <a href=\"mailto:sales@usadronetampa.com\"><span style=\"color: #3366ff;\">sales@usadronetampa.com<\/span><\/a><\/strong><\/span><\/p>","protected":false},"featured_media":440,"comment_status":"open","ping_status":"closed","template":"","meta":{"site-sidebar-layout":"default","site-content-layout":"","ast-site-content-layout":"default","site-content-style":"default","site-sidebar-style":"default","ast-global-header-display":"","ast-banner-title-visibility":"","ast-main-header-display":"","ast-hfb-above-header-display":"","ast-hfb-below-header-display":"","ast-hfb-mobile-header-display":"","site-post-title":"","ast-breadcrumbs-content":"","ast-featured-img":"","footer-sml-layout":"","ast-disable-related-posts":"","theme-transparent-header-meta":"default","adv-header-id-meta":"","stick-header-meta":"default","header-above-stick-meta":"","header-main-stick-meta":"","header-below-stick-meta":"","astra-migrate-meta-layouts":"set","ast-page-background-enabled":"default","ast-page-background-meta":{"desktop":{"background-color":"var(--ast-global-color-4)","background-image":"","background-repeat":"repeat","background-position":"center center","background-size":"auto","background-attachment":"scroll","background-type":"","background-media":"","overlay-type":"","overlay-color":"","overlay-opacity":"","overlay-gradient":""},"tablet":{"background-color":"","background-image":"","background-repeat":"repeat","background-position":"center center","background-size":"auto","background-attachment":"scroll","background-type":"","background-media":"","overlay-type":"","overlay-color":"","overlay-opacity":"","overlay-gradient":""},"mobile":{"background-color":"","background-image":"","background-repeat":"repeat","background-position":"center center","background-size":"auto","background-attachment":"scroll","background-type":"","background-media":"","overlay-type":"","overlay-color":"","overlay-opacity":"","overlay-gradient":""}},"ast-content-background-meta":{"desktop":{"background-color":"var(--ast-global-color-5)","background-image":"","background-repeat":"repeat","background-position":"center center","background-size":"auto","background-attachment":"scroll","background-type":"","background-media":"","overlay-type":"","overlay-color":"","overlay-opacity":"","overlay-gradient":""},"tablet":{"background-color":"var(--ast-global-color-5)","background-image":"","background-repeat":"repeat","background-position":"center center","background-size":"auto","background-attachment":"scroll","background-type":"","background-media":"","overlay-type":"","overlay-color":"","overlay-opacity":"","overlay-gradient":""},"mobile":{"background-color":"var(--ast-global-color-5)","background-image":"","background-repeat":"repeat","background-position":"center center","background-size":"auto","background-attachment":"scroll","background-type":"","background-media":"","overlay-type":"","overlay-color":"","overlay-opacity":"","overlay-gradient":""}}},"product_brand":[],"product_cat":[25],"product_tag":[],"class_list":{"0":"post-439","1":"product","2":"type-product","3":"status-publish","4":"has-post-thumbnail","6":"product_cat-accessories","7":"desktop-align-left","8":"tablet-align-left","9":"mobile-align-left","11":"first","12":"instock","13":"taxable","14":"shipping-taxable","15":"purchasable","16":"product-type-simple"},"yoast_head":"<!-- This site is optimized with the Yoast SEO plugin v27.4 - https:\/\/yoast.com\/product\/yoast-seo-wordpress\/ -->\n<title>DJI Mini 3 Pro Fly More Kit - USA Drone Tampa<\/title>\n<meta name=\"description\" content=\"DJI Mini 3 Pro Fly More Kit Plus includes two Intelligent Flight Plus Batteries, a Two-Way Charging Hub, data cable, shoulder strap\" \/>\n<meta name=\"robots\" content=\"index, follow, max-snippet:-1, max-image-preview:large, max-video-preview:-1\" \/>\n<link rel=\"canonical\" href=\"https:\/\/usadronetampa.com\/es\/product\/dji-mini-3-pro-fly-more-kit\/\" \/>\n<meta property=\"og:locale\" content=\"es_ES\" \/>\n<meta property=\"og:type\" content=\"article\" \/>\n<meta property=\"og:title\" content=\"DJI Mini 3 Pro Fly More Kit - USA Drone Tampa\" \/>\n<meta property=\"og:description\" content=\"DJI Mini 3 Pro Fly More Kit Plus includes two Intelligent Flight Plus Batteries, a Two-Way Charging Hub, data cable, shoulder strap\" \/>\n<meta property=\"og:url\" content=\"https:\/\/usadronetampa.com\/es\/product\/dji-mini-3-pro-fly-more-kit\/\" \/>\n<meta property=\"og:site_name\" content=\"USA Drone Tampa\" \/>\n<meta property=\"article:publisher\" content=\"https:\/\/www.facebook.com\/profile.php?id=100095595180083\" \/>\n<meta property=\"article:modified_time\" content=\"2025-03-11T16:56:36+00:00\" \/>\n<meta property=\"og:image\" content=\"https:\/\/usadronetampa.com\/wp-content\/uploads\/2023\/09\/dji-mini-3-pro-fly-more-kit-cp-ma-00000495-01-dji-e1f.jpg\" \/>\n\t<meta property=\"og:image:width\" content=\"650\" \/>\n\t<meta property=\"og:image:height\" content=\"520\" \/>\n\t<meta property=\"og:image:type\" content=\"image\/jpeg\" \/>\n<meta name=\"twitter:card\" content=\"summary_large_image\" \/>\n<meta name=\"twitter:label1\" content=\"Est. reading time\" \/>\n\t<meta name=\"twitter:data1\" content=\"2 minutos\" \/>\n<script type=\"application\/ld+json\" class=\"yoast-schema-graph\">{\"@context\":\"https:\\\/\\\/schema.org\",\"@graph\":[{\"@type\":\"WebPage\",\"@id\":\"https:\\\/\\\/usadronetampa.com\\\/product\\\/dji-mini-3-pro-fly-more-kit\\\/\",\"url\":\"https:\\\/\\\/usadronetampa.com\\\/product\\\/dji-mini-3-pro-fly-more-kit\\\/\",\"name\":\"DJI Mini 3 Pro Fly More Kit - USA Drone Tampa\",\"isPartOf\":{\"@id\":\"https:\\\/\\\/usadronetampa.com\\\/#website\"},\"primaryImageOfPage\":{\"@id\":\"https:\\\/\\\/usadronetampa.com\\\/product\\\/dji-mini-3-pro-fly-more-kit\\\/#primaryimage\"},\"image\":{\"@id\":\"https:\\\/\\\/usadronetampa.com\\\/product\\\/dji-mini-3-pro-fly-more-kit\\\/#primaryimage\"},\"thumbnailUrl\":\"https:\\\/\\\/usadronetampa.com\\\/wp-content\\\/uploads\\\/2023\\\/09\\\/dji-mini-3-pro-fly-more-kit-cp-ma-00000495-01-dji-e1f.jpg\",\"datePublished\":\"2023-09-13T20:44:57+00:00\",\"dateModified\":\"2025-03-11T16:56:36+00:00\",\"description\":\"DJI Mini 3 Pro Fly More Kit Plus includes two Intelligent Flight Plus Batteries, a Two-Way Charging Hub, data cable, shoulder strap\",\"breadcrumb\":{\"@id\":\"https:\\\/\\\/usadronetampa.com\\\/product\\\/dji-mini-3-pro-fly-more-kit\\\/#breadcrumb\"},\"inLanguage\":\"es-PE\",\"potentialAction\":[{\"@type\":\"ReadAction\",\"target\":[\"https:\\\/\\\/usadronetampa.com\\\/product\\\/dji-mini-3-pro-fly-more-kit\\\/\"]}]},{\"@type\":\"ImageObject\",\"inLanguage\":\"es-PE\",\"@id\":\"https:\\\/\\\/usadronetampa.com\\\/product\\\/dji-mini-3-pro-fly-more-kit\\\/#primaryimage\",\"url\":\"https:\\\/\\\/usadronetampa.com\\\/wp-content\\\/uploads\\\/2023\\\/09\\\/dji-mini-3-pro-fly-more-kit-cp-ma-00000495-01-dji-e1f.jpg\",\"contentUrl\":\"https:\\\/\\\/usadronetampa.com\\\/wp-content\\\/uploads\\\/2023\\\/09\\\/dji-mini-3-pro-fly-more-kit-cp-ma-00000495-01-dji-e1f.jpg\",\"width\":650,\"height\":520,\"caption\":\"dji mini 3 pro accesorios\"},{\"@type\":\"BreadcrumbList\",\"@id\":\"https:\\\/\\\/usadronetampa.com\\\/product\\\/dji-mini-3-pro-fly-more-kit\\\/#breadcrumb\",\"itemListElement\":[{\"@type\":\"ListItem\",\"position\":1,\"name\":\"Home\",\"item\":\"https:\\\/\\\/usadronetampa.com\\\/\"},{\"@type\":\"ListItem\",\"position\":2,\"name\":\"Store\",\"item\":\"https:\\\/\\\/usadronetampa.com\\\/tienda\\\/\"},{\"@type\":\"ListItem\",\"position\":3,\"name\":\"DJI Mini 3 Pro Fly More Kit\"}]},{\"@type\":\"WebSite\",\"@id\":\"https:\\\/\\\/usadronetampa.com\\\/#website\",\"url\":\"https:\\\/\\\/usadronetampa.com\\\/\",\"name\":\"USA Drone Tampa\",\"description\":\"Drones USA\",\"publisher\":{\"@id\":\"https:\\\/\\\/usadronetampa.com\\\/#organization\"},\"potentialAction\":[{\"@type\":\"SearchAction\",\"target\":{\"@type\":\"EntryPoint\",\"urlTemplate\":\"https:\\\/\\\/usadronetampa.com\\\/?s={search_term_string}\"},\"query-input\":{\"@type\":\"PropertyValueSpecification\",\"valueRequired\":true,\"valueName\":\"search_term_string\"}}],\"inLanguage\":\"es-PE\"},{\"@type\":\"Organization\",\"@id\":\"https:\\\/\\\/usadronetampa.com\\\/#organization\",\"name\":\"USA Drone Tampa\",\"url\":\"https:\\\/\\\/usadronetampa.com\\\/\",\"logo\":{\"@type\":\"ImageObject\",\"inLanguage\":\"es-PE\",\"@id\":\"https:\\\/\\\/usadronetampa.com\\\/#\\\/schema\\\/logo\\\/image\\\/\",\"url\":\"https:\\\/\\\/usadronetampa.com\\\/wp-content\\\/uploads\\\/2023\\\/08\\\/usa-drone2b.png\",\"contentUrl\":\"https:\\\/\\\/usadronetampa.com\\\/wp-content\\\/uploads\\\/2023\\\/08\\\/usa-drone2b.png\",\"width\":746,\"height\":590,\"caption\":\"USA Drone Tampa\"},\"image\":{\"@id\":\"https:\\\/\\\/usadronetampa.com\\\/#\\\/schema\\\/logo\\\/image\\\/\"},\"sameAs\":[\"https:\\\/\\\/www.facebook.com\\\/profile.php?id=100095595180083\"]}]}<\/script>\n<!-- \/ Yoast SEO plugin. -->","yoast_head_json":{"title":"DJI Mini 3 Pro Fly More Kit - USA Drone Tampa","description":"El kit DJI Mini 3 Pro Fly More Plus incluye dos bater\u00edas Intelligent Flight Plus, un concentrador de carga bidireccional, cable de datos y correa para el hombro.","robots":{"index":"index","follow":"follow","max-snippet":"max-snippet:-1","max-image-preview":"max-image-preview:large","max-video-preview":"max-video-preview:-1"},"canonical":"https:\/\/usadronetampa.com\/es\/product\/dji-mini-3-pro-fly-more-kit\/","og_locale":"es_ES","og_type":"article","og_title":"DJI Mini 3 Pro Fly More Kit - USA Drone Tampa","og_description":"DJI Mini 3 Pro Fly More Kit Plus includes two Intelligent Flight Plus Batteries, a Two-Way Charging Hub, data cable, shoulder strap","og_url":"https:\/\/usadronetampa.com\/es\/product\/dji-mini-3-pro-fly-more-kit\/","og_site_name":"USA Drone Tampa","article_publisher":"https:\/\/www.facebook.com\/profile.php?id=100095595180083","article_modified_time":"2025-03-11T16:56:36+00:00","og_image":[{"width":650,"height":520,"url":"https:\/\/usadronetampa.com\/wp-content\/uploads\/2023\/09\/dji-mini-3-pro-fly-more-kit-cp-ma-00000495-01-dji-e1f.jpg","type":"image\/jpeg"}],"twitter_card":"summary_large_image","twitter_misc":{"Est. reading time":"2 minutos"},"schema":{"@context":"https:\/\/schema.org","@graph":[{"@type":"WebPage","@id":"https:\/\/usadronetampa.com\/product\/dji-mini-3-pro-fly-more-kit\/","url":"https:\/\/usadronetampa.com\/product\/dji-mini-3-pro-fly-more-kit\/","name":"DJI Mini 3 Pro Fly More Kit - USA Drone Tampa","isPartOf":{"@id":"https:\/\/usadronetampa.com\/#website"},"primaryImageOfPage":{"@id":"https:\/\/usadronetampa.com\/product\/dji-mini-3-pro-fly-more-kit\/#primaryimage"},"image":{"@id":"https:\/\/usadronetampa.com\/product\/dji-mini-3-pro-fly-more-kit\/#primaryimage"},"thumbnailUrl":"https:\/\/usadronetampa.com\/wp-content\/uploads\/2023\/09\/dji-mini-3-pro-fly-more-kit-cp-ma-00000495-01-dji-e1f.jpg","datePublished":"2023-09-13T20:44:57+00:00","dateModified":"2025-03-11T16:56:36+00:00","description":"El kit DJI Mini 3 Pro Fly More Plus incluye dos bater\u00edas Intelligent Flight Plus, un concentrador de carga bidireccional, cable de datos y correa para el hombro.","breadcrumb":{"@id":"https:\/\/usadronetampa.com\/product\/dji-mini-3-pro-fly-more-kit\/#breadcrumb"},"inLanguage":"es-PE","potentialAction":[{"@type":"ReadAction","target":["https:\/\/usadronetampa.com\/product\/dji-mini-3-pro-fly-more-kit\/"]}]},{"@type":"ImageObject","inLanguage":"es-PE","@id":"https:\/\/usadronetampa.com\/product\/dji-mini-3-pro-fly-more-kit\/#primaryimage","url":"https:\/\/usadronetampa.com\/wp-content\/uploads\/2023\/09\/dji-mini-3-pro-fly-more-kit-cp-ma-00000495-01-dji-e1f.jpg","contentUrl":"https:\/\/usadronetampa.com\/wp-content\/uploads\/2023\/09\/dji-mini-3-pro-fly-more-kit-cp-ma-00000495-01-dji-e1f.jpg","width":650,"height":520,"caption":"dji mini 3 pro accesorios"},{"@type":"BreadcrumbList","@id":"https:\/\/usadronetampa.com\/product\/dji-mini-3-pro-fly-more-kit\/#breadcrumb","itemListElement":[{"@type":"ListItem","position":1,"name":"Home","item":"https:\/\/usadronetampa.com\/"},{"@type":"ListItem","position":2,"name":"Store","item":"https:\/\/usadronetampa.com\/tienda\/"},{"@type":"ListItem","position":3,"name":"DJI Mini 3 Pro Fly More Kit"}]},{"@type":"WebSite","@id":"https:\/\/usadronetampa.com\/#website","url":"https:\/\/usadronetampa.com\/","name":"USA Drone Tampa","description":"Drones EE. UU.","publisher":{"@id":"https:\/\/usadronetampa.com\/#organization"},"potentialAction":[{"@type":"SearchAction","target":{"@type":"EntryPoint","urlTemplate":"https:\/\/usadronetampa.com\/?s={search_term_string}"},"query-input":{"@type":"PropertyValueSpecification","valueRequired":true,"valueName":"search_term_string"}}],"inLanguage":"es-PE"},{"@type":"Organization","@id":"https:\/\/usadronetampa.com\/#organization","name":"USA Drone Tampa","url":"https:\/\/usadronetampa.com\/","logo":{"@type":"ImageObject","inLanguage":"es-PE","@id":"https:\/\/usadronetampa.com\/#\/schema\/logo\/image\/","url":"https:\/\/usadronetampa.com\/wp-content\/uploads\/2023\/08\/usa-drone2b.png","contentUrl":"https:\/\/usadronetampa.com\/wp-content\/uploads\/2023\/08\/usa-drone2b.png","width":746,"height":590,"caption":"USA Drone Tampa"},"image":{"@id":"https:\/\/usadronetampa.com\/#\/schema\/logo\/image\/"},"sameAs":["https:\/\/www.facebook.com\/profile.php?id=100095595180083"]}]}},"_links":{"self":[{"href":"https:\/\/usadronetampa.com\/es\/wp-json\/wp\/v2\/product\/439","targetHints":{"allow":["GET"]}}],"collection":[{"href":"https:\/\/usadronetampa.com\/es\/wp-json\/wp\/v2\/product"}],"about":[{"href":"https:\/\/usadronetampa.com\/es\/wp-json\/wp\/v2\/types\/product"}],"replies":[{"embeddable":true,"href":"https:\/\/usadronetampa.com\/es\/wp-json\/wp\/v2\/comments?post=439"}],"wp:featuredmedia":[{"embeddable":true,"href":"https:\/\/usadronetampa.com\/es\/wp-json\/wp\/v2\/media\/440"}],"wp:attachment":[{"href":"https:\/\/usadronetampa.com\/es\/wp-json\/wp\/v2\/media?parent=439"}],"wp:term":[{"taxonomy":"product_brand","embeddable":true,"href":"https:\/\/usadronetampa.com\/es\/wp-json\/wp\/v2\/product_brand?post=439"},{"taxonomy":"product_cat","embeddable":true,"href":"https:\/\/usadronetampa.com\/es\/wp-json\/wp\/v2\/product_cat?post=439"},{"taxonomy":"product_tag","embeddable":true,"href":"https:\/\/usadronetampa.com\/es\/wp-json\/wp\/v2\/product_tag?post=439"}],"curies":[{"name":"gracias","href":"https:\/\/api.w.org\/{rel}","templated":true}]}}