{"id":431,"date":"2023-09-12T02:07:12","date_gmt":"2023-09-12T07:07:12","guid":{"rendered":"https:\/\/usadronetampa.com\/?post_type=product&#038;p=431"},"modified":"2025-03-11T11:57:57","modified_gmt":"2025-03-11T16:57:57","slug":"dji-mini-se-drone","status":"publish","type":"product","link":"https:\/\/usadronetampa.com\/es\/product\/dji-mini-se-drone\/","title":{"rendered":"Dron DJI Mini SE"},"content":{"rendered":"<h2><span style=\"color: #333399;\"><span class=\"\">Open your sky<\/span><\/span><\/h2>\n<p>The compact yet powerful DJI Mini SE is the perfect creative companion, capturing your moments in a way that effortlessly elevates the ordinary.\u00a0Paired with the easy-to-use DJI Fly app, you&#8217;ll enjoy a simplified flight experience and perspective like no other.<\/p>\n<h3><span style=\"color: #ff0000;\">COMPACT AND PORTABLE<\/span><\/h3>\n<h2><span style=\"color: #333399;\">Almost as light as a smartphone<\/span><\/h2>\n<p>Weighing less than 249 grams, DJI Mini SE is almost as light as your average smartphone.\u00a0This makes it exceptionally portable and puts it in the lowest and safest weight class of drones, which can exempt it from certain regulations in many countries.<\/p>\n<p><img decoding=\"async\" src=\"https:\/\/www1.djicdn.com\/dps\/f90f7a7f70c08c114a241d22ec9b4826.jpg\" width=\"90%\" \/><\/p>\n<h3><span style=\"color: #ff0000;\">EASY TO USE<\/span><\/h3>\n<h2><span style=\"color: #333399;\">Get well quickly<\/span><\/h2>\n<p>The DJI Fly app offers a simple and intuitive user experience, allowing you to create cinematic shots with just a few taps.\u00a0It also includes Flight Tutorial, a feature that will help you get started with DJI Mini SE quickly and safely.<\/p>\n<p><img decoding=\"async\" src=\"https:\/\/www1.djicdn.com\/dps\/b0183a84b704cc9c9e38e89ac43d0a37.jpg\" width=\"90%\" \/><\/p>\n<h3><span style=\"color: #ff0000;\">SAFE FLIGHT<\/span><\/h3>\n<h2><span style=\"color: #333399;\">Worry less, fly more<\/span><\/h2>\n<p>DJI Mini SE comes equipped with a 360\u00b0 propeller guard that fully protects the propellers and improves flight safety.\u00a0Thanks to advanced sensors, DJI Mini SE can also hover precisely.<\/p>\n<p><img fetchpriority=\"high\" decoding=\"async\" class=\"alignnone\" src=\"https:\/\/www1.djicdn.com\/dps\/e7b287ab1b4f9a41c1af37045b60a5ea.jpg\" alt=\"dji mini and the family\" width=\"1500\" height=\"1500\" \/><\/p>\n<h3><span style=\"color: #ff0000;\">EASY TO USE TEMPLATES<\/span><\/h3>\n<h2><span style=\"color: #333399;\">Let the app do the work<\/span><\/h2>\n<p>The DJI Fly app offers a variety of Creator Templates that generate amazing videos with just a tap.\u00a0Even beginners with no editing experience can turn any moment into a social media hit.<\/p>\n<p><img decoding=\"async\" src=\"https:\/\/www1.djicdn.com\/dps\/b2bf7d02e70bab74aef0494f9cae3d28.jpg\" width=\"90%\" \/><\/p>\n<h3><span style=\"color: #ff0000;\">GIMBALIZED CAMERA<\/span><\/h3>\n<h2><span style=\"color: #333399;\">Transform any moment<\/span><br \/>\n<span style=\"color: #333399;\">into a work of art<\/span><\/h2>\n<p>DJI Mini SE supports 12MP aerial photos and 2.7K Quad HD videos.\u00a0A 3-axis motorized gimbal provides superior camera stability and ensures clear, ultra-smooth recording.<\/p>\n<h3><span style=\"color: #ff0000;\">REMOTE CONTROL<\/span><\/h3>\n<h2><span style=\"color: #333399;\">See what your<\/span><br \/>\n<span style=\"color: #333399;\">DJI Mini SE sees<\/span><\/h2>\n<p>A dedicated remote control maintains HD video streaming up to 4 km away.\u00a0[3] Detachable control sticks can be easily stored inside the remote control for added portability.<\/p>\n<p><img decoding=\"async\" src=\"https:\/\/www1.djicdn.com\/dps\/af78aa673270f06984cd47783e55d68d.jpg\" width=\"90%\" \/><\/p>\n<h3><span style=\"color: #ff0000;\">EXTENDED FLIGHT TIME<\/span><\/h3>\n<h2><span style=\"color: #333399;\">Less cargo,<\/span><br \/>\n<span style=\"color: #333399;\">more flight<\/span><\/h2>\n<p>The DJI Mini SE&#8217;s weight allows it to stay in the air longer than similar consumer FlyCams on the market.\u00a0Enjoy up to 30 minutes of flight time with a fully charged battery.<\/p>\n<p><img decoding=\"async\" class=\"alignnone\" src=\"https:\/\/www1.djicdn.com\/dps\/1f9778813530b44c923c3c0c472a2de5.jpg\" alt=\"DJI mini\" width=\"936\" height=\"720\" \/><\/p>\n<h2><span style=\"color: #333399;\">Cinematic is simple<\/span><\/h2>\n<h3><span style=\"color: #ff0000;\">QUICKSHOTS<\/span><\/h3>\n<h2><span style=\"color: #333399;\">Complex shots are easier than ever<\/span><\/h2>\n<p>Shots that look like they came straight from a Hollywood film set are just a few taps away with DJI Mini SE&#8217;s QuickShot modes, including Dronie, Circle, Helix and Rocket.\u00a0Simply select your QuickShot and DJI Mini SE will execute an elaborate preset motion during recording.\u00a0Take the automatically generated short video and share it instantly with friends on social media.<\/p>\n<h2><span style=\"color: #333399;\">Fluid motion for cinematic images<\/span><\/h2>\n<p>Reduce the flight speed and movements of the drone for an extra layer of precision and stability. This mode is especially useful when flying in tight or complex spaces.<\/p>\n<h3><span style=\"color: #ff0000;\">DISCOVER POPULAR PLACES<\/span><\/h3>\n<h2><span style=\"color: #333399;\">Find scenic shooting locations near you<\/span><\/h2>\n<p>The DJI Fly app gives users integrated access to SkyPixel, a social media platform for users to share their aerial photos and videos.\u00a0Explore work, share yours, and even discover popular aerial photography locations in your area.<\/p>\n<p><img decoding=\"async\" src=\"https:\/\/www1.djicdn.com\/dps\/addd47483144e3f4d8611964266537b1.jpg\" width=\"90%\" \/><\/p>\n","protected":false},"excerpt":{"rendered":"<p>Tiempo m\u00e1ximo de vuelo de 30 min, c\u00e1mara HD de 3 ejes, sensor de visi\u00f3n de 2,7 k + GPS de desplazamiento preciso &lt;249 gramos de peso ultraligero<\/p>\n<p><span style=\"color: #ff0000;\"><strong>Para obtener m\u00e1s informaci\u00f3n sobre este producto, comun\u00edquese con: <a href=\"mailto:sales@usadronetampa.com\"><span style=\"color: #3366ff;\">sales@usadronetampa.com<\/span><\/a><\/strong><\/span><\/p>","protected":false},"featured_media":489,"comment_status":"open","ping_status":"closed","template":"","meta":{"site-sidebar-layout":"default","site-content-layout":"","ast-site-content-layout":"default","site-content-style":"default","site-sidebar-style":"default","ast-global-header-display":"","ast-banner-title-visibility":"","ast-main-header-display":"","ast-hfb-above-header-display":"","ast-hfb-below-header-display":"","ast-hfb-mobile-header-display":"","site-post-title":"","ast-breadcrumbs-content":"","ast-featured-img":"","footer-sml-layout":"","ast-disable-related-posts":"","theme-transparent-header-meta":"default","adv-header-id-meta":"","stick-header-meta":"default","header-above-stick-meta":"","header-main-stick-meta":"","header-below-stick-meta":"","astra-migrate-meta-layouts":"set","ast-page-background-enabled":"default","ast-page-background-meta":{"desktop":{"background-color":"var(--ast-global-color-4)","background-image":"","background-repeat":"repeat","background-position":"center center","background-size":"auto","background-attachment":"scroll","background-type":"","background-media":"","overlay-type":"","overlay-color":"","overlay-opacity":"","overlay-gradient":""},"tablet":{"background-color":"","background-image":"","background-repeat":"repeat","background-position":"center center","background-size":"auto","background-attachment":"scroll","background-type":"","background-media":"","overlay-type":"","overlay-color":"","overlay-opacity":"","overlay-gradient":""},"mobile":{"background-color":"","background-image":"","background-repeat":"repeat","background-position":"center center","background-size":"auto","background-attachment":"scroll","background-type":"","background-media":"","overlay-type":"","overlay-color":"","overlay-opacity":"","overlay-gradient":""}},"ast-content-background-meta":{"desktop":{"background-color":"var(--ast-global-color-5)","background-image":"","background-repeat":"repeat","background-position":"center center","background-size":"auto","background-attachment":"scroll","background-type":"","background-media":"","overlay-type":"","overlay-color":"","overlay-opacity":"","overlay-gradient":""},"tablet":{"background-color":"var(--ast-global-color-5)","background-image":"","background-repeat":"repeat","background-position":"center center","background-size":"auto","background-attachment":"scroll","background-type":"","background-media":"","overlay-type":"","overlay-color":"","overlay-opacity":"","overlay-gradient":""},"mobile":{"background-color":"var(--ast-global-color-5)","background-image":"","background-repeat":"repeat","background-position":"center center","background-size":"auto","background-attachment":"scroll","background-type":"","background-media":"","overlay-type":"","overlay-color":"","overlay-opacity":"","overlay-gradient":""}}},"product_brand":[],"product_cat":[30],"product_tag":[],"class_list":{"0":"post-431","1":"product","2":"type-product","3":"status-publish","4":"has-post-thumbnail","6":"product_cat-small-comercial-drones","7":"desktop-align-left","8":"tablet-align-left","9":"mobile-align-left","11":"first","12":"instock","13":"taxable","14":"shipping-taxable","15":"purchasable","16":"product-type-simple"},"yoast_head":"<!-- This site is optimized with the Yoast SEO plugin v27.4 - https:\/\/yoast.com\/product\/yoast-seo-wordpress\/ -->\n<title>DJI Mini SE Drone - USA Drone Tampa<\/title>\n<meta name=\"description\" content=\"The compact yet powerful DJI Mini SE is the perfect creative companion, capturing your moments in a way that effortlessly elevates the ordinary.\" \/>\n<meta name=\"robots\" content=\"index, follow, max-snippet:-1, max-image-preview:large, max-video-preview:-1\" \/>\n<link rel=\"canonical\" href=\"https:\/\/usadronetampa.com\/es\/product\/dji-mini-se-drone\/\" \/>\n<meta property=\"og:locale\" content=\"es_ES\" \/>\n<meta property=\"og:type\" content=\"article\" \/>\n<meta property=\"og:title\" content=\"DJI Mini SE Drone - USA Drone Tampa\" \/>\n<meta property=\"og:description\" content=\"The compact yet powerful DJI Mini SE is the perfect creative companion, capturing your moments in a way that effortlessly elevates the ordinary.\" \/>\n<meta property=\"og:url\" content=\"https:\/\/usadronetampa.com\/es\/product\/dji-mini-se-drone\/\" \/>\n<meta property=\"og:site_name\" content=\"USA Drone Tampa\" \/>\n<meta property=\"article:publisher\" content=\"https:\/\/www.facebook.com\/profile.php?id=100095595180083\" \/>\n<meta property=\"article:modified_time\" content=\"2025-03-11T16:57:57+00:00\" \/>\n<meta property=\"og:image\" content=\"https:\/\/usadronetampa.com\/wp-content\/uploads\/2023\/09\/dji-mini-se-drone-30-minute-flight-time-2-7k-camera-cp-ma-00000324-01-dji-745.jpg\" \/>\n\t<meta property=\"og:image:width\" content=\"650\" \/>\n\t<meta property=\"og:image:height\" content=\"537\" \/>\n\t<meta property=\"og:image:type\" content=\"image\/jpeg\" \/>\n<meta name=\"twitter:card\" content=\"summary_large_image\" \/>\n<meta name=\"twitter:label1\" content=\"Est. reading time\" \/>\n\t<meta name=\"twitter:data1\" content=\"4 minutos\" \/>\n<script type=\"application\/ld+json\" class=\"yoast-schema-graph\">{\"@context\":\"https:\\\/\\\/schema.org\",\"@graph\":[{\"@type\":\"WebPage\",\"@id\":\"https:\\\/\\\/usadronetampa.com\\\/product\\\/dji-mini-se-drone\\\/\",\"url\":\"https:\\\/\\\/usadronetampa.com\\\/product\\\/dji-mini-se-drone\\\/\",\"name\":\"DJI Mini SE Drone - USA Drone Tampa\",\"isPartOf\":{\"@id\":\"https:\\\/\\\/usadronetampa.com\\\/#website\"},\"primaryImageOfPage\":{\"@id\":\"https:\\\/\\\/usadronetampa.com\\\/product\\\/dji-mini-se-drone\\\/#primaryimage\"},\"image\":{\"@id\":\"https:\\\/\\\/usadronetampa.com\\\/product\\\/dji-mini-se-drone\\\/#primaryimage\"},\"thumbnailUrl\":\"https:\\\/\\\/usadronetampa.com\\\/wp-content\\\/uploads\\\/2023\\\/09\\\/dji-mini-se-drone-30-minute-flight-time-2-7k-camera-cp-ma-00000324-01-dji-745.jpg\",\"datePublished\":\"2023-09-12T07:07:12+00:00\",\"dateModified\":\"2025-03-11T16:57:57+00:00\",\"description\":\"The compact yet powerful DJI Mini SE is the perfect creative companion, capturing your moments in a way that effortlessly elevates the ordinary.\",\"breadcrumb\":{\"@id\":\"https:\\\/\\\/usadronetampa.com\\\/product\\\/dji-mini-se-drone\\\/#breadcrumb\"},\"inLanguage\":\"es-PE\",\"potentialAction\":[{\"@type\":\"ReadAction\",\"target\":[\"https:\\\/\\\/usadronetampa.com\\\/product\\\/dji-mini-se-drone\\\/\"]}]},{\"@type\":\"ImageObject\",\"inLanguage\":\"es-PE\",\"@id\":\"https:\\\/\\\/usadronetampa.com\\\/product\\\/dji-mini-se-drone\\\/#primaryimage\",\"url\":\"https:\\\/\\\/usadronetampa.com\\\/wp-content\\\/uploads\\\/2023\\\/09\\\/dji-mini-se-drone-30-minute-flight-time-2-7k-camera-cp-ma-00000324-01-dji-745.jpg\",\"contentUrl\":\"https:\\\/\\\/usadronetampa.com\\\/wp-content\\\/uploads\\\/2023\\\/09\\\/dji-mini-se-drone-30-minute-flight-time-2-7k-camera-cp-ma-00000324-01-dji-745.jpg\",\"width\":650,\"height\":537,\"caption\":\"dji mini se\"},{\"@type\":\"BreadcrumbList\",\"@id\":\"https:\\\/\\\/usadronetampa.com\\\/product\\\/dji-mini-se-drone\\\/#breadcrumb\",\"itemListElement\":[{\"@type\":\"ListItem\",\"position\":1,\"name\":\"Home\",\"item\":\"https:\\\/\\\/usadronetampa.com\\\/\"},{\"@type\":\"ListItem\",\"position\":2,\"name\":\"Store\",\"item\":\"https:\\\/\\\/usadronetampa.com\\\/tienda\\\/\"},{\"@type\":\"ListItem\",\"position\":3,\"name\":\"DJI Mini SE Drone\"}]},{\"@type\":\"WebSite\",\"@id\":\"https:\\\/\\\/usadronetampa.com\\\/#website\",\"url\":\"https:\\\/\\\/usadronetampa.com\\\/\",\"name\":\"USA Drone Tampa\",\"description\":\"Drones USA\",\"publisher\":{\"@id\":\"https:\\\/\\\/usadronetampa.com\\\/#organization\"},\"potentialAction\":[{\"@type\":\"SearchAction\",\"target\":{\"@type\":\"EntryPoint\",\"urlTemplate\":\"https:\\\/\\\/usadronetampa.com\\\/?s={search_term_string}\"},\"query-input\":{\"@type\":\"PropertyValueSpecification\",\"valueRequired\":true,\"valueName\":\"search_term_string\"}}],\"inLanguage\":\"es-PE\"},{\"@type\":\"Organization\",\"@id\":\"https:\\\/\\\/usadronetampa.com\\\/#organization\",\"name\":\"USA Drone Tampa\",\"url\":\"https:\\\/\\\/usadronetampa.com\\\/\",\"logo\":{\"@type\":\"ImageObject\",\"inLanguage\":\"es-PE\",\"@id\":\"https:\\\/\\\/usadronetampa.com\\\/#\\\/schema\\\/logo\\\/image\\\/\",\"url\":\"https:\\\/\\\/usadronetampa.com\\\/wp-content\\\/uploads\\\/2023\\\/08\\\/usa-drone2b.png\",\"contentUrl\":\"https:\\\/\\\/usadronetampa.com\\\/wp-content\\\/uploads\\\/2023\\\/08\\\/usa-drone2b.png\",\"width\":746,\"height\":590,\"caption\":\"USA Drone Tampa\"},\"image\":{\"@id\":\"https:\\\/\\\/usadronetampa.com\\\/#\\\/schema\\\/logo\\\/image\\\/\"},\"sameAs\":[\"https:\\\/\\\/www.facebook.com\\\/profile.php?id=100095595180083\"]}]}<\/script>\n<!-- \/ Yoast SEO plugin. -->","yoast_head_json":{"title":"Drone DJI Mini SE - USA Drone Tampa","description":"El compacto pero potente DJI Mini SE es el compa\u00f1ero creativo perfecto, que captura tus momentos de una manera que eleva sin esfuerzo lo ordinario.","robots":{"index":"index","follow":"follow","max-snippet":"max-snippet:-1","max-image-preview":"max-image-preview:large","max-video-preview":"max-video-preview:-1"},"canonical":"https:\/\/usadronetampa.com\/es\/product\/dji-mini-se-drone\/","og_locale":"es_ES","og_type":"article","og_title":"DJI Mini SE Drone - USA Drone Tampa","og_description":"The compact yet powerful DJI Mini SE is the perfect creative companion, capturing your moments in a way that effortlessly elevates the ordinary.","og_url":"https:\/\/usadronetampa.com\/es\/product\/dji-mini-se-drone\/","og_site_name":"USA Drone Tampa","article_publisher":"https:\/\/www.facebook.com\/profile.php?id=100095595180083","article_modified_time":"2025-03-11T16:57:57+00:00","og_image":[{"width":650,"height":537,"url":"https:\/\/usadronetampa.com\/wp-content\/uploads\/2023\/09\/dji-mini-se-drone-30-minute-flight-time-2-7k-camera-cp-ma-00000324-01-dji-745.jpg","type":"image\/jpeg"}],"twitter_card":"summary_large_image","twitter_misc":{"Est. reading time":"4 minutos"},"schema":{"@context":"https:\/\/schema.org","@graph":[{"@type":"WebPage","@id":"https:\/\/usadronetampa.com\/product\/dji-mini-se-drone\/","url":"https:\/\/usadronetampa.com\/product\/dji-mini-se-drone\/","name":"Drone DJI Mini SE - USA Drone Tampa","isPartOf":{"@id":"https:\/\/usadronetampa.com\/#website"},"primaryImageOfPage":{"@id":"https:\/\/usadronetampa.com\/product\/dji-mini-se-drone\/#primaryimage"},"image":{"@id":"https:\/\/usadronetampa.com\/product\/dji-mini-se-drone\/#primaryimage"},"thumbnailUrl":"https:\/\/usadronetampa.com\/wp-content\/uploads\/2023\/09\/dji-mini-se-drone-30-minute-flight-time-2-7k-camera-cp-ma-00000324-01-dji-745.jpg","datePublished":"2023-09-12T07:07:12+00:00","dateModified":"2025-03-11T16:57:57+00:00","description":"El compacto pero potente DJI Mini SE es el compa\u00f1ero creativo perfecto, que captura tus momentos de una manera que eleva sin esfuerzo lo ordinario.","breadcrumb":{"@id":"https:\/\/usadronetampa.com\/product\/dji-mini-se-drone\/#breadcrumb"},"inLanguage":"es-PE","potentialAction":[{"@type":"ReadAction","target":["https:\/\/usadronetampa.com\/product\/dji-mini-se-drone\/"]}]},{"@type":"ImageObject","inLanguage":"es-PE","@id":"https:\/\/usadronetampa.com\/product\/dji-mini-se-drone\/#primaryimage","url":"https:\/\/usadronetampa.com\/wp-content\/uploads\/2023\/09\/dji-mini-se-drone-30-minute-flight-time-2-7k-camera-cp-ma-00000324-01-dji-745.jpg","contentUrl":"https:\/\/usadronetampa.com\/wp-content\/uploads\/2023\/09\/dji-mini-se-drone-30-minute-flight-time-2-7k-camera-cp-ma-00000324-01-dji-745.jpg","width":650,"height":537,"caption":"dji mini se"},{"@type":"BreadcrumbList","@id":"https:\/\/usadronetampa.com\/product\/dji-mini-se-drone\/#breadcrumb","itemListElement":[{"@type":"ListItem","position":1,"name":"Home","item":"https:\/\/usadronetampa.com\/"},{"@type":"ListItem","position":2,"name":"Store","item":"https:\/\/usadronetampa.com\/tienda\/"},{"@type":"ListItem","position":3,"name":"DJI Mini SE Drone"}]},{"@type":"WebSite","@id":"https:\/\/usadronetampa.com\/#website","url":"https:\/\/usadronetampa.com\/","name":"USA Drone Tampa","description":"Drones EE. UU.","publisher":{"@id":"https:\/\/usadronetampa.com\/#organization"},"potentialAction":[{"@type":"SearchAction","target":{"@type":"EntryPoint","urlTemplate":"https:\/\/usadronetampa.com\/?s={search_term_string}"},"query-input":{"@type":"PropertyValueSpecification","valueRequired":true,"valueName":"search_term_string"}}],"inLanguage":"es-PE"},{"@type":"Organization","@id":"https:\/\/usadronetampa.com\/#organization","name":"USA Drone Tampa","url":"https:\/\/usadronetampa.com\/","logo":{"@type":"ImageObject","inLanguage":"es-PE","@id":"https:\/\/usadronetampa.com\/#\/schema\/logo\/image\/","url":"https:\/\/usadronetampa.com\/wp-content\/uploads\/2023\/08\/usa-drone2b.png","contentUrl":"https:\/\/usadronetampa.com\/wp-content\/uploads\/2023\/08\/usa-drone2b.png","width":746,"height":590,"caption":"USA Drone Tampa"},"image":{"@id":"https:\/\/usadronetampa.com\/#\/schema\/logo\/image\/"},"sameAs":["https:\/\/www.facebook.com\/profile.php?id=100095595180083"]}]}},"_links":{"self":[{"href":"https:\/\/usadronetampa.com\/es\/wp-json\/wp\/v2\/product\/431","targetHints":{"allow":["GET"]}}],"collection":[{"href":"https:\/\/usadronetampa.com\/es\/wp-json\/wp\/v2\/product"}],"about":[{"href":"https:\/\/usadronetampa.com\/es\/wp-json\/wp\/v2\/types\/product"}],"replies":[{"embeddable":true,"href":"https:\/\/usadronetampa.com\/es\/wp-json\/wp\/v2\/comments?post=431"}],"wp:featuredmedia":[{"embeddable":true,"href":"https:\/\/usadronetampa.com\/es\/wp-json\/wp\/v2\/media\/489"}],"wp:attachment":[{"href":"https:\/\/usadronetampa.com\/es\/wp-json\/wp\/v2\/media?parent=431"}],"wp:term":[{"taxonomy":"product_brand","embeddable":true,"href":"https:\/\/usadronetampa.com\/es\/wp-json\/wp\/v2\/product_brand?post=431"},{"taxonomy":"product_cat","embeddable":true,"href":"https:\/\/usadronetampa.com\/es\/wp-json\/wp\/v2\/product_cat?post=431"},{"taxonomy":"product_tag","embeddable":true,"href":"https:\/\/usadronetampa.com\/es\/wp-json\/wp\/v2\/product_tag?post=431"}],"curies":[{"name":"gracias","href":"https:\/\/api.w.org\/{rel}","templated":true}]}}