{"id":425,"date":"2023-09-14T01:13:56","date_gmt":"2023-09-14T01:13:56","guid":{"rendered":"https:\/\/usadronetampa.com\/?post_type=product&#038;p=425"},"modified":"2025-03-11T11:52:01","modified_gmt":"2025-03-11T16:52:01","slug":"dji-air-2s-fly-more-combo","status":"publish","type":"product","link":"https:\/\/usadronetampa.com\/es\/product\/dji-air-2s-fly-more-combo\/","title":{"rendered":"DJI Air 2S: combo para volar m\u00e1s"},"content":{"rendered":"<h1>TODO EN UNO<\/h1>\n<h2>Capturalo todo<\/h2>\n<p>Con un sensor CMOS de 1 pulgada, potentes funciones aut\u00f3nomas y un cuerpo compacto que pesa menos de 600 g, DJI Air 2S es el dron definitivo para fot\u00f3grafos a\u00e9reos en movimiento. Lleve esta potencia a\u00e9rea todo en uno a cualquier lugar para experimentar y registrar su mundo con sorprendente detalle.<\/p>\n<ul>\n<li>Sensor CMOS de 1 pulgada<\/li>\n<li>Disparos maestros<\/li>\n<li>V\u00eddeo de 5,4K<\/li>\n<li>12 km FHD<\/li>\n<li>Transmisi\u00f3n<\/li>\n<li>Detecci\u00f3n de obst\u00e1culos en 4 direcciones<\/li>\n<li>ADS-B<\/li>\n<\/ul>\n<h2>Sistema de im\u00e1genes | Gran mundo, gran sensor<\/h2>\n<p>Equipado con un sensor de imagen de 1 pulgada y grandes p\u00edxeles de 2,4 \u03bcm, el DJI Air 2S es capaz de grabar v\u00eddeos de 5,4K\/30 fps y 4K\/60 fps. Capture cualquier momento con la rica claridad y los tonos de color aut\u00e9nticos que se merece para obtener resultados sorprendentes.<\/p>\n<ul>\n<li>20 megap\u00edxeles<\/li>\n<li>V\u00eddeo de 5,4K\/30 fps + 4K\/60 fps<\/li>\n<li>Sensor CMOS de 1 pulgada<\/li>\n<li>P\u00edxeles de 2,4 \u00b5m<\/li>\n<\/ul>\n<h2>Ilumina la noche<\/h2>\n<p>Capture el encanto del mundo, incluso cuando oscurece. Gracias a un alto rango din\u00e1mico, alta resoluci\u00f3n y reproducci\u00f3n precisa del color, incluso las escenas con poca luz son n\u00edtidas y vibrantes.<\/p>\n<p><img decoding=\"async\" src=\"https:\/\/dji-official-fe.djicdn.com\/dps\/7938c911c55c7aae8bd749008546593c.jpg\" width=\"99%\" \/><\/p>\n<h2>Mil millones de colores<\/h2>\n<p>Sum\u00e9rgete por completo en todos los tonos de tu entorno. El perfil de color Dlog-M de 10 bits puede grabar hasta mil millones de colores y al mismo tiempo conservar todos los detalles finos que hacen que su metraje se destaque.<\/p>\n<h2>Disparar CRUDO<\/h2>\n<p>Las fotograf\u00edas RAW con hasta 12,6 pasos de rango din\u00e1mico capturan m\u00e1s informaci\u00f3n visual en cada escena, incluso cuando las condiciones de iluminaci\u00f3n son malas o complejas. Esto proporciona m\u00e1s flexibilidad en el posprocesamiento, lo que brinda a los creadores m\u00e1s oportunidades de obtener el aspecto que desean.<\/p>\n<h2>HDR inteligente<\/h2>\n<p>La tecnolog\u00eda HDR inteligente fusiona m\u00faltiples tomas autom\u00e1ticamente, aumentando el rango din\u00e1mico de las im\u00e1genes sin necesidad de posprocesamiento. Eso significa detalles m\u00e1s matizados tanto en las luces como en las sombras para obtener im\u00e1genes m\u00e1s ricas y con mayor profundidad.<\/p>\n<h2>Hiperlapso y panorama<\/h2>\n<p>Acelera el tiempo y el movimiento con un solo toque, creando un hiperlapso impresionante. Tambi\u00e9n puedes capturar tomas m\u00e1s grandes y detalladas de tu entorno con panorama.<\/p>\n<ul>\n<li>gran angular<\/li>\n<li>180\u00b0<\/li>\n<li>Esfera<\/li>\n<\/ul>\n<h2>Funciones aut\u00f3nomas | Funciones inteligentes, tomas perfectas<\/h2>\n<p>MasterShots y FocusTrack convierten sin esfuerzo cualquier aventura en metraje cinematogr\u00e1fico.<\/p>\n<h2>Presentamos MasterShots<\/h2>\n<p>MasterShots, la pr\u00f3xima evoluci\u00f3n de QuickShots, es una funci\u00f3n independiente avanzada que brinda a los usuarios las mejores tomas en cualquier ubicaci\u00f3n con solo un toque. Simplemente seleccione su sujeto y el dron filmar\u00e1 mientras ejecuta diez maniobras diferentes en secuencia, manteniendo al sujeto en el centro del cuadro y generando un video cinematogr\u00e1fico corto despu\u00e9s.<\/p>\n<ul>\n<li>Retrato<\/li>\n<li>Proximidad<\/li>\n<li>Paisaje<\/li>\n<\/ul>\n<h2>El centro de atenci\u00f3n<\/h2>\n<p>FocusTrack cuenta con Spotlight 2.0, ActiveTrack 4.0 y Point of Interest 3.0, lo que facilita que el DJI Air 2S siga o rodee al sujeto.<\/p>\n<p><strong>Foco 2.0<\/strong><br \/>\nLa c\u00e1mara permanece enfocada en un sujeto mientras giras en espiral o tomas primeros planos. La funci\u00f3n de zoom tambi\u00e9n permite tomar fotograf\u00edas claras a distancia para mayor seguridad.<\/p>\n<p><strong>ActiveTrack 4.0<\/strong><br \/>\nSigue al sujeto sin problemas mientras evita obst\u00e1culos de forma aut\u00f3noma. Incluso si el sujeto se pierde moment\u00e1neamente, puedes reanudar r\u00e1pidamente el seguimiento durante el vuelo.<\/p>\n<p><strong>Punto de Inter\u00e9s 3.0<\/strong><br \/>\nTome f\u00e1cilmente una fotograf\u00eda circular perfecta mientras mantiene al sujeto centrado.<\/p>\n<h2>Cada aventura merece un 2S<\/h2>\n<h3>SIENTE EL VUELO | PREOCUPATE MENOS, DESCUBRE M\u00c1S<\/h3>\n<p>La combinaci\u00f3n de portabilidad, seguridad y tecnolog\u00eda aut\u00f3noma significa que puedes pasar m\u00e1s tiempo disfrutando de los vuelos y menos tiempo preocup\u00e1ndote por ellos. Lleva el DJI Air 2S al cielo con confianza en cada vuelo.<\/p>\n<ul>\n<li>APAS 4.0<\/li>\n<li>Transmisi\u00f3n de v\u00eddeo O3<\/li>\n<\/ul>\n<h2>Detecci\u00f3n de entorno<\/h2>\n<p>DJI Air 2S tiene la capacidad de percibir su entorno en cuatro direcciones: arriba, abajo, adelante y atr\u00e1s. Los algoritmos del Sistema Avanzado de Asistencia al Piloto (APAS 4.0) se han mejorado a\u00fan m\u00e1s, lo que permite al DJI Air 2S evitar obst\u00e1culos de forma aut\u00f3noma en escenarios m\u00e1s complejos y a altas velocidades.<\/p>\n<h2>Transmisi\u00f3n O3<\/h2>\n<p>DJI Air 2S cuenta con la tecnolog\u00eda de transmisi\u00f3n de im\u00e1genes O3 (OcuSync 3.0) m\u00e1s avanzada de DJI, que ofrece una transmisi\u00f3n de im\u00e1genes ultrasuave, clara y confiable cada vez que vuela.<\/p>\n<ul>\n<li>Transmisi\u00f3n m\u00e1xima de v\u00eddeo de 12 km.<\/li>\n<li>transmisi\u00f3n de 1080p<\/li>\n<li>Doble frecuencia 2,4\/5,8 GHz y 4 antenas<\/li>\n<\/ul>\n<h2>Cielos m\u00e1s seguros con ADS-B<\/h2>\n<p>DJI Air 2S proporciona una capa adicional de seguridad en el espacio a\u00e9reo con el sistema de seguridad AirSense l\u00edder en la industria. Recibe informaci\u00f3n de ubicaci\u00f3n de vuelo de transmisi\u00f3n de vigilancia dependiente autom\u00e1tica (ADS-B) de aeronaves y helic\u00f3pteros en su \u00e1rea que transmiten se\u00f1ales ADS-B, muestra esas aeronaves en un mapa y proporciona alertas de audio y visuales a trav\u00e9s de la aplicaci\u00f3n. DJI Fly para ayudarte a mantener tu dron fuera del camino de esos aviones.<\/p>","protected":false},"excerpt":{"rendered":"<p>Con un sensor CMOS de 1 pulgada, potentes funciones aut\u00f3nomas y un cuerpo compacto que pesa menos de 600 g, DJI Air 2S es el mejor dron para fot\u00f3grafos a\u00e9reos en movimiento.<\/p>\n<p><span style=\"color: #ff0000;\"><strong>Para obtener m\u00e1s informaci\u00f3n sobre este producto, comun\u00edquese con: <a href=\"mailto:sales@usadronetampa.com\"><span style=\"color: #3366ff;\">sales@usadronetampa.com<\/span><\/a><\/strong><\/span><\/p>","protected":false},"featured_media":426,"comment_status":"open","ping_status":"closed","template":"","meta":{"site-sidebar-layout":"default","site-content-layout":"","ast-site-content-layout":"default","site-content-style":"default","site-sidebar-style":"default","ast-global-header-display":"","ast-banner-title-visibility":"","ast-main-header-display":"","ast-hfb-above-header-display":"","ast-hfb-below-header-display":"","ast-hfb-mobile-header-display":"","site-post-title":"","ast-breadcrumbs-content":"","ast-featured-img":"","footer-sml-layout":"","ast-disable-related-posts":"","theme-transparent-header-meta":"default","adv-header-id-meta":"","stick-header-meta":"default","header-above-stick-meta":"","header-main-stick-meta":"","header-below-stick-meta":"","astra-migrate-meta-layouts":"set","ast-page-background-enabled":"default","ast-page-background-meta":{"desktop":{"background-color":"var(--ast-global-color-4)","background-image":"","background-repeat":"repeat","background-position":"center center","background-size":"auto","background-attachment":"scroll","background-type":"","background-media":"","overlay-type":"","overlay-color":"","overlay-opacity":"","overlay-gradient":""},"tablet":{"background-color":"","background-image":"","background-repeat":"repeat","background-position":"center center","background-size":"auto","background-attachment":"scroll","background-type":"","background-media":"","overlay-type":"","overlay-color":"","overlay-opacity":"","overlay-gradient":""},"mobile":{"background-color":"","background-image":"","background-repeat":"repeat","background-position":"center center","background-size":"auto","background-attachment":"scroll","background-type":"","background-media":"","overlay-type":"","overlay-color":"","overlay-opacity":"","overlay-gradient":""}},"ast-content-background-meta":{"desktop":{"background-color":"var(--ast-global-color-5)","background-image":"","background-repeat":"repeat","background-position":"center center","background-size":"auto","background-attachment":"scroll","background-type":"","background-media":"","overlay-type":"","overlay-color":"","overlay-opacity":"","overlay-gradient":""},"tablet":{"background-color":"var(--ast-global-color-5)","background-image":"","background-repeat":"repeat","background-position":"center center","background-size":"auto","background-attachment":"scroll","background-type":"","background-media":"","overlay-type":"","overlay-color":"","overlay-opacity":"","overlay-gradient":""},"mobile":{"background-color":"var(--ast-global-color-5)","background-image":"","background-repeat":"repeat","background-position":"center center","background-size":"auto","background-attachment":"scroll","background-type":"","background-media":"","overlay-type":"","overlay-color":"","overlay-opacity":"","overlay-gradient":""}}},"product_brand":[],"product_cat":[31],"product_tag":[],"class_list":{"0":"post-425","1":"product","2":"type-product","3":"status-publish","4":"has-post-thumbnail","6":"product_cat-comercial-drones","7":"desktop-align-left","8":"tablet-align-left","9":"mobile-align-left","11":"first","12":"instock","13":"taxable","14":"shipping-taxable","15":"purchasable","16":"product-type-simple"},"yoast_head":"<!-- This site is optimized with the Yoast SEO plugin v27.4 - https:\/\/yoast.com\/product\/yoast-seo-wordpress\/ -->\n<title>DJI Air 2S \u2013 Fly More Combo - USA Drone Tampa<\/title>\n<meta name=\"description\" content=\"With a 1-inch CMOS sensor, powerful autonomous features, and a compact body that weighs less than 600g, DJI Air 2S, is the ultimate drone for aerial\" \/>\n<meta name=\"robots\" content=\"index, follow, max-snippet:-1, max-image-preview:large, max-video-preview:-1\" \/>\n<link rel=\"canonical\" href=\"https:\/\/usadronetampa.com\/es\/product\/dji-air-2s-fly-more-combo\/\" \/>\n<meta property=\"og:locale\" content=\"es_ES\" \/>\n<meta property=\"og:type\" content=\"article\" \/>\n<meta property=\"og:title\" content=\"DJI Air 2S \u2013 Fly More Combo - USA Drone Tampa\" \/>\n<meta property=\"og:description\" content=\"With a 1-inch CMOS sensor, powerful autonomous features, and a compact body that weighs less than 600g, DJI Air 2S, is the ultimate drone for aerial\" \/>\n<meta property=\"og:url\" content=\"https:\/\/usadronetampa.com\/es\/product\/dji-air-2s-fly-more-combo\/\" \/>\n<meta property=\"og:site_name\" content=\"USA Drone Tampa\" \/>\n<meta property=\"article:publisher\" content=\"https:\/\/www.facebook.com\/profile.php?id=100095595180083\" \/>\n<meta property=\"article:modified_time\" content=\"2025-03-11T16:52:01+00:00\" \/>\n<meta property=\"og:image\" content=\"https:\/\/usadronetampa.com\/wp-content\/uploads\/2023\/09\/dji-air-2s-fly-more-combo-cp-ma-00000346-01-dji-9dd-1-1.jpg\" \/>\n\t<meta property=\"og:image:width\" content=\"650\" \/>\n\t<meta property=\"og:image:height\" content=\"650\" \/>\n\t<meta property=\"og:image:type\" content=\"image\/jpeg\" \/>\n<meta name=\"twitter:card\" content=\"summary_large_image\" \/>\n<meta name=\"twitter:label1\" content=\"Est. reading time\" \/>\n\t<meta name=\"twitter:data1\" content=\"4 minutos\" \/>\n<script type=\"application\/ld+json\" class=\"yoast-schema-graph\">{\"@context\":\"https:\\\/\\\/schema.org\",\"@graph\":[{\"@type\":\"WebPage\",\"@id\":\"https:\\\/\\\/usadronetampa.com\\\/product\\\/dji-air-2s-fly-more-combo\\\/\",\"url\":\"https:\\\/\\\/usadronetampa.com\\\/product\\\/dji-air-2s-fly-more-combo\\\/\",\"name\":\"DJI Air 2S \u2013 Fly More Combo - USA Drone Tampa\",\"isPartOf\":{\"@id\":\"https:\\\/\\\/usadronetampa.com\\\/#website\"},\"primaryImageOfPage\":{\"@id\":\"https:\\\/\\\/usadronetampa.com\\\/product\\\/dji-air-2s-fly-more-combo\\\/#primaryimage\"},\"image\":{\"@id\":\"https:\\\/\\\/usadronetampa.com\\\/product\\\/dji-air-2s-fly-more-combo\\\/#primaryimage\"},\"thumbnailUrl\":\"https:\\\/\\\/usadronetampa.com\\\/wp-content\\\/uploads\\\/2023\\\/09\\\/dji-air-2s-fly-more-combo-cp-ma-00000346-01-dji-9dd-1-1.jpg\",\"datePublished\":\"2023-09-14T01:13:56+00:00\",\"dateModified\":\"2025-03-11T16:52:01+00:00\",\"description\":\"With a 1-inch CMOS sensor, powerful autonomous features, and a compact body that weighs less than 600g, DJI Air 2S, is the ultimate drone for aerial\",\"breadcrumb\":{\"@id\":\"https:\\\/\\\/usadronetampa.com\\\/product\\\/dji-air-2s-fly-more-combo\\\/#breadcrumb\"},\"inLanguage\":\"es-PE\",\"potentialAction\":[{\"@type\":\"ReadAction\",\"target\":[\"https:\\\/\\\/usadronetampa.com\\\/product\\\/dji-air-2s-fly-more-combo\\\/\"]}]},{\"@type\":\"ImageObject\",\"inLanguage\":\"es-PE\",\"@id\":\"https:\\\/\\\/usadronetampa.com\\\/product\\\/dji-air-2s-fly-more-combo\\\/#primaryimage\",\"url\":\"https:\\\/\\\/usadronetampa.com\\\/wp-content\\\/uploads\\\/2023\\\/09\\\/dji-air-2s-fly-more-combo-cp-ma-00000346-01-dji-9dd-1-1.jpg\",\"contentUrl\":\"https:\\\/\\\/usadronetampa.com\\\/wp-content\\\/uploads\\\/2023\\\/09\\\/dji-air-2s-fly-more-combo-cp-ma-00000346-01-dji-9dd-1-1.jpg\",\"width\":650,\"height\":650,\"caption\":\"dji air 2s\"},{\"@type\":\"BreadcrumbList\",\"@id\":\"https:\\\/\\\/usadronetampa.com\\\/product\\\/dji-air-2s-fly-more-combo\\\/#breadcrumb\",\"itemListElement\":[{\"@type\":\"ListItem\",\"position\":1,\"name\":\"Home\",\"item\":\"https:\\\/\\\/usadronetampa.com\\\/\"},{\"@type\":\"ListItem\",\"position\":2,\"name\":\"Store\",\"item\":\"https:\\\/\\\/usadronetampa.com\\\/tienda\\\/\"},{\"@type\":\"ListItem\",\"position\":3,\"name\":\"DJI Air 2S \u2013 Fly More Combo\"}]},{\"@type\":\"WebSite\",\"@id\":\"https:\\\/\\\/usadronetampa.com\\\/#website\",\"url\":\"https:\\\/\\\/usadronetampa.com\\\/\",\"name\":\"USA Drone Tampa\",\"description\":\"Drones USA\",\"publisher\":{\"@id\":\"https:\\\/\\\/usadronetampa.com\\\/#organization\"},\"potentialAction\":[{\"@type\":\"SearchAction\",\"target\":{\"@type\":\"EntryPoint\",\"urlTemplate\":\"https:\\\/\\\/usadronetampa.com\\\/?s={search_term_string}\"},\"query-input\":{\"@type\":\"PropertyValueSpecification\",\"valueRequired\":true,\"valueName\":\"search_term_string\"}}],\"inLanguage\":\"es-PE\"},{\"@type\":\"Organization\",\"@id\":\"https:\\\/\\\/usadronetampa.com\\\/#organization\",\"name\":\"USA Drone Tampa\",\"url\":\"https:\\\/\\\/usadronetampa.com\\\/\",\"logo\":{\"@type\":\"ImageObject\",\"inLanguage\":\"es-PE\",\"@id\":\"https:\\\/\\\/usadronetampa.com\\\/#\\\/schema\\\/logo\\\/image\\\/\",\"url\":\"https:\\\/\\\/usadronetampa.com\\\/wp-content\\\/uploads\\\/2023\\\/08\\\/usa-drone2b.png\",\"contentUrl\":\"https:\\\/\\\/usadronetampa.com\\\/wp-content\\\/uploads\\\/2023\\\/08\\\/usa-drone2b.png\",\"width\":746,\"height\":590,\"caption\":\"USA Drone Tampa\"},\"image\":{\"@id\":\"https:\\\/\\\/usadronetampa.com\\\/#\\\/schema\\\/logo\\\/image\\\/\"},\"sameAs\":[\"https:\\\/\\\/www.facebook.com\\\/profile.php?id=100095595180083\"]}]}<\/script>\n<!-- \/ Yoast SEO plugin. -->","yoast_head_json":{"title":"DJI Air 2S \u2013 Fly More Combo - USA Drone Tampa","description":"With a 1-inch CMOS sensor, powerful autonomous features, and a compact body that weighs less than 600g, DJI Air 2S, is the ultimate drone for aerial","robots":{"index":"index","follow":"follow","max-snippet":"max-snippet:-1","max-image-preview":"max-image-preview:large","max-video-preview":"max-video-preview:-1"},"canonical":"https:\/\/usadronetampa.com\/es\/product\/dji-air-2s-fly-more-combo\/","og_locale":"es_ES","og_type":"article","og_title":"DJI Air 2S \u2013 Fly More Combo - USA Drone Tampa","og_description":"With a 1-inch CMOS sensor, powerful autonomous features, and a compact body that weighs less than 600g, DJI Air 2S, is the ultimate drone for aerial","og_url":"https:\/\/usadronetampa.com\/es\/product\/dji-air-2s-fly-more-combo\/","og_site_name":"USA Drone Tampa","article_publisher":"https:\/\/www.facebook.com\/profile.php?id=100095595180083","article_modified_time":"2025-03-11T16:52:01+00:00","og_image":[{"width":650,"height":650,"url":"https:\/\/usadronetampa.com\/wp-content\/uploads\/2023\/09\/dji-air-2s-fly-more-combo-cp-ma-00000346-01-dji-9dd-1-1.jpg","type":"image\/jpeg"}],"twitter_card":"summary_large_image","twitter_misc":{"Est. reading time":"4 minutos"},"schema":{"@context":"https:\/\/schema.org","@graph":[{"@type":"WebPage","@id":"https:\/\/usadronetampa.com\/product\/dji-air-2s-fly-more-combo\/","url":"https:\/\/usadronetampa.com\/product\/dji-air-2s-fly-more-combo\/","name":"DJI Air 2S \u2013 Fly More Combo - USA Drone Tampa","isPartOf":{"@id":"https:\/\/usadronetampa.com\/#website"},"primaryImageOfPage":{"@id":"https:\/\/usadronetampa.com\/product\/dji-air-2s-fly-more-combo\/#primaryimage"},"image":{"@id":"https:\/\/usadronetampa.com\/product\/dji-air-2s-fly-more-combo\/#primaryimage"},"thumbnailUrl":"https:\/\/usadronetampa.com\/wp-content\/uploads\/2023\/09\/dji-air-2s-fly-more-combo-cp-ma-00000346-01-dji-9dd-1-1.jpg","datePublished":"2023-09-14T01:13:56+00:00","dateModified":"2025-03-11T16:52:01+00:00","description":"With a 1-inch CMOS sensor, powerful autonomous features, and a compact body that weighs less than 600g, DJI Air 2S, is the ultimate drone for aerial","breadcrumb":{"@id":"https:\/\/usadronetampa.com\/product\/dji-air-2s-fly-more-combo\/#breadcrumb"},"inLanguage":"es-PE","potentialAction":[{"@type":"ReadAction","target":["https:\/\/usadronetampa.com\/product\/dji-air-2s-fly-more-combo\/"]}]},{"@type":"ImageObject","inLanguage":"es-PE","@id":"https:\/\/usadronetampa.com\/product\/dji-air-2s-fly-more-combo\/#primaryimage","url":"https:\/\/usadronetampa.com\/wp-content\/uploads\/2023\/09\/dji-air-2s-fly-more-combo-cp-ma-00000346-01-dji-9dd-1-1.jpg","contentUrl":"https:\/\/usadronetampa.com\/wp-content\/uploads\/2023\/09\/dji-air-2s-fly-more-combo-cp-ma-00000346-01-dji-9dd-1-1.jpg","width":650,"height":650,"caption":"dji air 2s"},{"@type":"BreadcrumbList","@id":"https:\/\/usadronetampa.com\/product\/dji-air-2s-fly-more-combo\/#breadcrumb","itemListElement":[{"@type":"ListItem","position":1,"name":"Home","item":"https:\/\/usadronetampa.com\/"},{"@type":"ListItem","position":2,"name":"Store","item":"https:\/\/usadronetampa.com\/tienda\/"},{"@type":"ListItem","position":3,"name":"DJI Air 2S \u2013 Fly More Combo"}]},{"@type":"WebSite","@id":"https:\/\/usadronetampa.com\/#website","url":"https:\/\/usadronetampa.com\/","name":"USA Drone Tampa","description":"Drones EE. UU.","publisher":{"@id":"https:\/\/usadronetampa.com\/#organization"},"potentialAction":[{"@type":"SearchAction","target":{"@type":"EntryPoint","urlTemplate":"https:\/\/usadronetampa.com\/?s={search_term_string}"},"query-input":{"@type":"PropertyValueSpecification","valueRequired":true,"valueName":"search_term_string"}}],"inLanguage":"es-PE"},{"@type":"Organization","@id":"https:\/\/usadronetampa.com\/#organization","name":"USA Drone Tampa","url":"https:\/\/usadronetampa.com\/","logo":{"@type":"ImageObject","inLanguage":"es-PE","@id":"https:\/\/usadronetampa.com\/#\/schema\/logo\/image\/","url":"https:\/\/usadronetampa.com\/wp-content\/uploads\/2023\/08\/usa-drone2b.png","contentUrl":"https:\/\/usadronetampa.com\/wp-content\/uploads\/2023\/08\/usa-drone2b.png","width":746,"height":590,"caption":"USA Drone Tampa"},"image":{"@id":"https:\/\/usadronetampa.com\/#\/schema\/logo\/image\/"},"sameAs":["https:\/\/www.facebook.com\/profile.php?id=100095595180083"]}]}},"_links":{"self":[{"href":"https:\/\/usadronetampa.com\/es\/wp-json\/wp\/v2\/product\/425","targetHints":{"allow":["GET"]}}],"collection":[{"href":"https:\/\/usadronetampa.com\/es\/wp-json\/wp\/v2\/product"}],"about":[{"href":"https:\/\/usadronetampa.com\/es\/wp-json\/wp\/v2\/types\/product"}],"replies":[{"embeddable":true,"href":"https:\/\/usadronetampa.com\/es\/wp-json\/wp\/v2\/comments?post=425"}],"wp:featuredmedia":[{"embeddable":true,"href":"https:\/\/usadronetampa.com\/es\/wp-json\/wp\/v2\/media\/426"}],"wp:attachment":[{"href":"https:\/\/usadronetampa.com\/es\/wp-json\/wp\/v2\/media?parent=425"}],"wp:term":[{"taxonomy":"product_brand","embeddable":true,"href":"https:\/\/usadronetampa.com\/es\/wp-json\/wp\/v2\/product_brand?post=425"},{"taxonomy":"product_cat","embeddable":true,"href":"https:\/\/usadronetampa.com\/es\/wp-json\/wp\/v2\/product_cat?post=425"},{"taxonomy":"product_tag","embeddable":true,"href":"https:\/\/usadronetampa.com\/es\/wp-json\/wp\/v2\/product_tag?post=425"}],"curies":[{"name":"gracias","href":"https:\/\/api.w.org\/{rel}","templated":true}]}}