{"id":399,"date":"2023-09-13T23:19:42","date_gmt":"2023-09-13T23:19:42","guid":{"rendered":"https:\/\/usadronetampa.com\/?post_type=product&#038;p=399"},"modified":"2025-03-11T11:53:45","modified_gmt":"2025-03-11T16:53:45","slug":"dji-mini-3-fly-more-combo-with-rc-n1-controller","status":"publish","type":"product","link":"https:\/\/usadronetampa.com\/es\/product\/dji-mini-3-fly-more-combo-with-rc-n1-controller\/","title":{"rendered":"DJI Mini 3 | Combo Vuela M\u00e1s con el Controlador RC-N1"},"content":{"rendered":"<h1>DJI MINI 3<\/h1>\n<h2><\/h2>\n<h2><span style=\"color: #333399;\"><span class=\"\">Entonces, vuela<\/span><\/span><\/h2>\n<p>&nbsp;<\/p>\n<p>DJI Mini 3 es un dron con c\u00e1mara compacto y ultraligero, listo para la aventura. Cuenta con una mayor duraci\u00f3n de la bater\u00eda, impresionantes videos 4K HDR para capturar colores y detalles reales y funciones divertidas como True Vertical Shooting para tomar excelentes tomas para las redes sociales. Ya sea caminando por la playa, viajando con mochila durante el fin de semana o viajando por carretera durante un mes, estar\u00e1 preparado para capturar cada momento.<\/p>\n<ul>\n<li>\n<h4><span style=\"color: #ff0000;\">Menos de 249 g<\/span><\/h4>\n<\/li>\n<li>\n<h4><span style=\"color: #ff0000;\">Duraci\u00f3n extendida de la bater\u00eda<\/span><\/h4>\n<\/li>\n<li>\n<h4><span style=\"color: #ff0000;\">V\u00eddeo 4K HDR<\/span><\/h4>\n<\/li>\n<li>\n<h4><span style=\"color: #ff0000;\">Tiro vertical verdadero<\/span><\/h4>\n<\/li>\n<li>\n<h4><span style=\"color: #ff0000;\">Funciones inteligentes<\/span><\/h4>\n<\/li>\n<li>\n<h4><span style=\"color: #ff0000;\">Resistencia al viento de 38 km\/h<\/span><\/h4>\n<\/li>\n<\/ul>\n<h2><span style=\"color: #333399;\">Millas por encima de lo normal | Lleva la emoci\u00f3n contigo<\/span><\/h2>\n<p>&nbsp;<\/p>\n<p>Con un dise\u00f1o plegable y un peso de menos de 249 g, DJI Mini 3 hace que sea f\u00e1cil de llevar en tu bolso o bolsillo para tu pr\u00f3xima aventura.<\/p>\n<div><\/div>\n<div class=\"imageboxes\"><img decoding=\"async\" src=\"https:\/\/dji-official-fe.djicdn.com\/dps\/caed609710a0485eefca822f2aaba97c.jpg\" \/><\/div>\n<h2><\/h2>\n<h2><span style=\"color: #333399;\">Vuelos m\u00e1s largos<\/span><\/h2>\n<p>Olv\u00eddese de la ansiedad por la bater\u00eda baja y vuele con confianza y tranquilidad. DJI Mini 3 viene con la bater\u00eda de vuelo inteligente est\u00e1ndar para proporcionar un tiempo de vuelo m\u00e1ximo de hasta 38 minutos. Ampl\u00eda tus vuelos hasta 51 minutos con Intelligent Flight Battery Plus.<\/p>\n<h2 id=\"djim3mtitle\"><span style=\"color: #333399;\">Convierte tu imaginaci\u00f3n en im\u00e1genes v\u00edvidas<\/span><\/h2>\n<h2><span style=\"color: #333399;\">Deja que los colores vuelen<\/span><\/h2>\n<p>Graba en deslumbrante 4K HDR con colores realistas de d\u00eda y de noche. La c\u00e1mara del Mini 3 est\u00e1 equipada con un sensor CMOS de 1\/1,3 pulgadas con ISO nativo dual y tecnolog\u00eda HDR a nivel de chip. Durante el d\u00eda, capture detalles de luces y sombras para obtener resultados visuales m\u00e1s matizados y con mayor profundidad. Contin\u00fae capturando de forma clara y v\u00edvida, incluso cuando el d\u00eda se convierta en noche.<\/p>\n<h2><span style=\"color: #333399;\">Verdaderamente vertical<\/span><\/h2>\n<p id=\"infotext\">Ya sea un imponente \u00e1rbol frondoso o un edificio alto, componga su toma de manera est\u00e9tica y mantenga todo en el encuadre. Un innovador dise\u00f1o de card\u00e1n permite que la c\u00e1mara realice una inclinaci\u00f3n de gran angular. Con un cambio r\u00e1pido al disparo vertical real, una toma casual se convierte en una obra de arte llamativa y lista para las redes sociales.<\/p>\n<h2><span style=\"color: #333399;\">M\u00e1ximo impacto, m\u00ednimo esfuerzo.<\/span><\/h2>\n<p id=\"infotext\">Obtenga tomas avanzadas en segundos con solo un toque con QuickShots como Dronie, Circle, Helix, Rocket y Boomerang. Puede enviar resultados a su dispositivo m\u00f3vil para guardarlos o compartirlos con la misma rapidez con QuickTransfer.<\/p>\n<h2><span style=\"color: #333399;\">es una brisa<\/span><\/h2>\n<p id=\"infotext\">\u00bfCotas ventosas o valles monta\u00f1osos? No es un problema. DJI Mini 3 vuela suave y estable con vientos de hasta 10,7 m\/s. Y con la transmisi\u00f3n de v\u00eddeo digital DJI O2, disfrute de un alcance m\u00e1ximo de 10 km y potentes capacidades antiinterferencias.<\/p>\n<p>Equipado con transmisi\u00f3n de video digital DJI O2, Mini 3 presenta una fuerte capacidad antiinterferente y un rango de transmisi\u00f3n m\u00e1ximo de 10 km, lo que le permite explorar y capturar con mayor claridad.<\/p>\n<h2><span style=\"color: #333399;\">Estar donde est\u00e9 sereno<\/span><\/h2>\n<p id=\"infotext\">Hay mucho m\u00e1s que ver en la cima; Aseg\u00farate de conseguirlo todo. Panorama admite fotograf\u00edas panor\u00e1micas de 180\u00b0, gran angular y esf\u00e9ricas, lo que incluye una asombrosa cantidad de contenido en cada fotograma.<\/p>\n<h2><span style=\"color: #333399;\">Adepto sin esfuerzo<\/span><\/h2>\n<p>Volar es m\u00e1s f\u00e1cil de lo que crees y DJI Mini 3 admite un mont\u00f3n de funciones inteligentes para ayudarte a empezar de inmediato. La funci\u00f3n de despegue autom\u00e1tico le ayuda a iniciar su viaje en avi\u00f3n. La funci\u00f3n de regreso a casa (RTH) incluye RTH inteligente, RTH de bater\u00eda baja y RTH a prueba de fallos. Esto le indica a la aeronave que regrese autom\u00e1ticamente a su punto de origen en situaciones como una ca\u00edda de se\u00f1al o bater\u00eda baja. El avi\u00f3n combina GNSS con un sistema de visi\u00f3n hacia abajo y un sistema de detecci\u00f3n de infrarrojos para flotar de manera estable y precisa, para que pueda volar con confianza.<\/p>","protected":false},"excerpt":{"rendered":"<p><span style=\"color: #ff0000;\"><strong>Para obtener m\u00e1s informaci\u00f3n sobre este producto, comun\u00edquese con: <a href=\"mailto:sales@usadronetampa.com\"><span style=\"color: #3366ff;\">sales@usadronetampa.com<\/span><\/a><\/strong><\/span><\/p>","protected":false},"featured_media":403,"comment_status":"open","ping_status":"closed","template":"","meta":{"site-sidebar-layout":"default","site-content-layout":"","ast-site-content-layout":"default","site-content-style":"default","site-sidebar-style":"default","ast-global-header-display":"","ast-banner-title-visibility":"","ast-main-header-display":"","ast-hfb-above-header-display":"","ast-hfb-below-header-display":"","ast-hfb-mobile-header-display":"","site-post-title":"","ast-breadcrumbs-content":"","ast-featured-img":"","footer-sml-layout":"","ast-disable-related-posts":"","theme-transparent-header-meta":"default","adv-header-id-meta":"","stick-header-meta":"default","header-above-stick-meta":"","header-main-stick-meta":"","header-below-stick-meta":"","astra-migrate-meta-layouts":"set","ast-page-background-enabled":"default","ast-page-background-meta":{"desktop":{"background-color":"var(--ast-global-color-4)","background-image":"","background-repeat":"repeat","background-position":"center center","background-size":"auto","background-attachment":"scroll","background-type":"","background-media":"","overlay-type":"","overlay-color":"","overlay-opacity":"","overlay-gradient":""},"tablet":{"background-color":"","background-image":"","background-repeat":"repeat","background-position":"center center","background-size":"auto","background-attachment":"scroll","background-type":"","background-media":"","overlay-type":"","overlay-color":"","overlay-opacity":"","overlay-gradient":""},"mobile":{"background-color":"","background-image":"","background-repeat":"repeat","background-position":"center center","background-size":"auto","background-attachment":"scroll","background-type":"","background-media":"","overlay-type":"","overlay-color":"","overlay-opacity":"","overlay-gradient":""}},"ast-content-background-meta":{"desktop":{"background-color":"var(--ast-global-color-5)","background-image":"","background-repeat":"repeat","background-position":"center center","background-size":"auto","background-attachment":"scroll","background-type":"","background-media":"","overlay-type":"","overlay-color":"","overlay-opacity":"","overlay-gradient":""},"tablet":{"background-color":"var(--ast-global-color-5)","background-image":"","background-repeat":"repeat","background-position":"center center","background-size":"auto","background-attachment":"scroll","background-type":"","background-media":"","overlay-type":"","overlay-color":"","overlay-opacity":"","overlay-gradient":""},"mobile":{"background-color":"var(--ast-global-color-5)","background-image":"","background-repeat":"repeat","background-position":"center center","background-size":"auto","background-attachment":"scroll","background-type":"","background-media":"","overlay-type":"","overlay-color":"","overlay-opacity":"","overlay-gradient":""}}},"product_brand":[],"product_cat":[30],"product_tag":[],"class_list":{"0":"post-399","1":"product","2":"type-product","3":"status-publish","4":"has-post-thumbnail","6":"product_cat-small-comercial-drones","7":"desktop-align-left","8":"tablet-align-left","9":"mobile-align-left","11":"first","12":"instock","13":"taxable","14":"shipping-taxable","15":"purchasable","16":"product-type-simple"},"yoast_head":"<!-- This site is optimized with the Yoast SEO plugin v27.4 - https:\/\/yoast.com\/product\/yoast-seo-wordpress\/ -->\n<title>DJI Mini 3 | Fly More Combo with RC-N1 Controller - USA Drone Tampa<\/title>\n<meta name=\"description\" content=\"Mini 3 comes with the standard Intelligent Flight Battery to provide a maximum flight time of up to 38 minutes. Extend your flights by up to 51 minutes\" \/>\n<meta name=\"robots\" content=\"index, follow, max-snippet:-1, max-image-preview:large, max-video-preview:-1\" \/>\n<link rel=\"canonical\" href=\"https:\/\/usadronetampa.com\/es\/product\/dji-mini-3-fly-more-combo-with-rc-n1-controller\/\" \/>\n<meta property=\"og:locale\" content=\"es_ES\" \/>\n<meta property=\"og:type\" content=\"article\" \/>\n<meta property=\"og:title\" content=\"DJI Mini 3 | Fly More Combo with RC-N1 Controller - USA Drone Tampa\" \/>\n<meta property=\"og:description\" content=\"Mini 3 comes with the standard Intelligent Flight Battery to provide a maximum flight time of up to 38 minutes. Extend your flights by up to 51 minutes\" \/>\n<meta property=\"og:url\" content=\"https:\/\/usadronetampa.com\/es\/product\/dji-mini-3-fly-more-combo-with-rc-n1-controller\/\" \/>\n<meta property=\"og:site_name\" content=\"USA Drone Tampa\" \/>\n<meta property=\"article:publisher\" content=\"https:\/\/www.facebook.com\/profile.php?id=100095595180083\" \/>\n<meta property=\"article:modified_time\" content=\"2025-03-11T16:53:45+00:00\" \/>\n<meta property=\"og:image\" content=\"https:\/\/usadronetampa.com\/wp-content\/uploads\/2023\/09\/dji-mini-3-4k-hdr-camera-drone-fly-more-combo-with-dji-rc-screen-controller-cp-ma-00000613-01-dji-02a.jpg\" \/>\n\t<meta property=\"og:image:width\" content=\"650\" \/>\n\t<meta property=\"og:image:height\" content=\"517\" \/>\n\t<meta property=\"og:image:type\" content=\"image\/jpeg\" \/>\n<meta name=\"twitter:card\" content=\"summary_large_image\" \/>\n<meta name=\"twitter:label1\" content=\"Est. reading time\" \/>\n\t<meta name=\"twitter:data1\" content=\"3 minutos\" \/>\n<script type=\"application\/ld+json\" class=\"yoast-schema-graph\">{\"@context\":\"https:\\\/\\\/schema.org\",\"@graph\":[{\"@type\":\"WebPage\",\"@id\":\"https:\\\/\\\/usadronetampa.com\\\/product\\\/dji-mini-3-fly-more-combo-with-rc-n1-controller\\\/\",\"url\":\"https:\\\/\\\/usadronetampa.com\\\/product\\\/dji-mini-3-fly-more-combo-with-rc-n1-controller\\\/\",\"name\":\"DJI Mini 3 | Fly More Combo with RC-N1 Controller - USA Drone Tampa\",\"isPartOf\":{\"@id\":\"https:\\\/\\\/usadronetampa.com\\\/#website\"},\"primaryImageOfPage\":{\"@id\":\"https:\\\/\\\/usadronetampa.com\\\/product\\\/dji-mini-3-fly-more-combo-with-rc-n1-controller\\\/#primaryimage\"},\"image\":{\"@id\":\"https:\\\/\\\/usadronetampa.com\\\/product\\\/dji-mini-3-fly-more-combo-with-rc-n1-controller\\\/#primaryimage\"},\"thumbnailUrl\":\"https:\\\/\\\/usadronetampa.com\\\/wp-content\\\/uploads\\\/2023\\\/09\\\/dji-mini-3-4k-hdr-camera-drone-fly-more-combo-with-dji-rc-screen-controller-cp-ma-00000613-01-dji-02a.jpg\",\"datePublished\":\"2023-09-13T23:19:42+00:00\",\"dateModified\":\"2025-03-11T16:53:45+00:00\",\"description\":\"Mini 3 comes with the standard Intelligent Flight Battery to provide a maximum flight time of up to 38 minutes. Extend your flights by up to 51 minutes\",\"breadcrumb\":{\"@id\":\"https:\\\/\\\/usadronetampa.com\\\/product\\\/dji-mini-3-fly-more-combo-with-rc-n1-controller\\\/#breadcrumb\"},\"inLanguage\":\"es-PE\",\"potentialAction\":[{\"@type\":\"ReadAction\",\"target\":[\"https:\\\/\\\/usadronetampa.com\\\/product\\\/dji-mini-3-fly-more-combo-with-rc-n1-controller\\\/\"]}]},{\"@type\":\"ImageObject\",\"inLanguage\":\"es-PE\",\"@id\":\"https:\\\/\\\/usadronetampa.com\\\/product\\\/dji-mini-3-fly-more-combo-with-rc-n1-controller\\\/#primaryimage\",\"url\":\"https:\\\/\\\/usadronetampa.com\\\/wp-content\\\/uploads\\\/2023\\\/09\\\/dji-mini-3-4k-hdr-camera-drone-fly-more-combo-with-dji-rc-screen-controller-cp-ma-00000613-01-dji-02a.jpg\",\"contentUrl\":\"https:\\\/\\\/usadronetampa.com\\\/wp-content\\\/uploads\\\/2023\\\/09\\\/dji-mini-3-4k-hdr-camera-drone-fly-more-combo-with-dji-rc-screen-controller-cp-ma-00000613-01-dji-02a.jpg\",\"width\":650,\"height\":517,\"caption\":\"dji mini 3 4k\"},{\"@type\":\"BreadcrumbList\",\"@id\":\"https:\\\/\\\/usadronetampa.com\\\/product\\\/dji-mini-3-fly-more-combo-with-rc-n1-controller\\\/#breadcrumb\",\"itemListElement\":[{\"@type\":\"ListItem\",\"position\":1,\"name\":\"Home\",\"item\":\"https:\\\/\\\/usadronetampa.com\\\/\"},{\"@type\":\"ListItem\",\"position\":2,\"name\":\"Store\",\"item\":\"https:\\\/\\\/usadronetampa.com\\\/tienda\\\/\"},{\"@type\":\"ListItem\",\"position\":3,\"name\":\"DJI Mini 3 | Fly More Combo with RC-N1 Controller\"}]},{\"@type\":\"WebSite\",\"@id\":\"https:\\\/\\\/usadronetampa.com\\\/#website\",\"url\":\"https:\\\/\\\/usadronetampa.com\\\/\",\"name\":\"USA Drone Tampa\",\"description\":\"Drones USA\",\"publisher\":{\"@id\":\"https:\\\/\\\/usadronetampa.com\\\/#organization\"},\"potentialAction\":[{\"@type\":\"SearchAction\",\"target\":{\"@type\":\"EntryPoint\",\"urlTemplate\":\"https:\\\/\\\/usadronetampa.com\\\/?s={search_term_string}\"},\"query-input\":{\"@type\":\"PropertyValueSpecification\",\"valueRequired\":true,\"valueName\":\"search_term_string\"}}],\"inLanguage\":\"es-PE\"},{\"@type\":\"Organization\",\"@id\":\"https:\\\/\\\/usadronetampa.com\\\/#organization\",\"name\":\"USA Drone Tampa\",\"url\":\"https:\\\/\\\/usadronetampa.com\\\/\",\"logo\":{\"@type\":\"ImageObject\",\"inLanguage\":\"es-PE\",\"@id\":\"https:\\\/\\\/usadronetampa.com\\\/#\\\/schema\\\/logo\\\/image\\\/\",\"url\":\"https:\\\/\\\/usadronetampa.com\\\/wp-content\\\/uploads\\\/2023\\\/08\\\/usa-drone2b.png\",\"contentUrl\":\"https:\\\/\\\/usadronetampa.com\\\/wp-content\\\/uploads\\\/2023\\\/08\\\/usa-drone2b.png\",\"width\":746,\"height\":590,\"caption\":\"USA Drone Tampa\"},\"image\":{\"@id\":\"https:\\\/\\\/usadronetampa.com\\\/#\\\/schema\\\/logo\\\/image\\\/\"},\"sameAs\":[\"https:\\\/\\\/www.facebook.com\\\/profile.php?id=100095595180083\"]}]}<\/script>\n<!-- \/ Yoast SEO plugin. -->","yoast_head_json":{"title":"DJI Mini 3 | Combo Vuela M\u00e1s con el Controlador RC-N1 - USA Drone Tampa","description":"El Mini 3 incluye la Bater\u00eda de Vuelo Inteligente est\u00e1ndar para ofrecer un tiempo de vuelo m\u00e1ximo de hasta 38 minutos. Prolonga tus vuelos hasta 51 minutos.","robots":{"index":"index","follow":"follow","max-snippet":"max-snippet:-1","max-image-preview":"max-image-preview:large","max-video-preview":"max-video-preview:-1"},"canonical":"https:\/\/usadronetampa.com\/es\/product\/dji-mini-3-fly-more-combo-with-rc-n1-controller\/","og_locale":"es_ES","og_type":"article","og_title":"DJI Mini 3 | Fly More Combo with RC-N1 Controller - USA Drone Tampa","og_description":"Mini 3 comes with the standard Intelligent Flight Battery to provide a maximum flight time of up to 38 minutes. Extend your flights by up to 51 minutes","og_url":"https:\/\/usadronetampa.com\/es\/product\/dji-mini-3-fly-more-combo-with-rc-n1-controller\/","og_site_name":"USA Drone Tampa","article_publisher":"https:\/\/www.facebook.com\/profile.php?id=100095595180083","article_modified_time":"2025-03-11T16:53:45+00:00","og_image":[{"width":650,"height":517,"url":"https:\/\/usadronetampa.com\/wp-content\/uploads\/2023\/09\/dji-mini-3-4k-hdr-camera-drone-fly-more-combo-with-dji-rc-screen-controller-cp-ma-00000613-01-dji-02a.jpg","type":"image\/jpeg"}],"twitter_card":"summary_large_image","twitter_misc":{"Est. reading time":"3 minutos"},"schema":{"@context":"https:\/\/schema.org","@graph":[{"@type":"WebPage","@id":"https:\/\/usadronetampa.com\/product\/dji-mini-3-fly-more-combo-with-rc-n1-controller\/","url":"https:\/\/usadronetampa.com\/product\/dji-mini-3-fly-more-combo-with-rc-n1-controller\/","name":"DJI Mini 3 | Combo Vuela M\u00e1s con el Controlador RC-N1 - USA Drone Tampa","isPartOf":{"@id":"https:\/\/usadronetampa.com\/#website"},"primaryImageOfPage":{"@id":"https:\/\/usadronetampa.com\/product\/dji-mini-3-fly-more-combo-with-rc-n1-controller\/#primaryimage"},"image":{"@id":"https:\/\/usadronetampa.com\/product\/dji-mini-3-fly-more-combo-with-rc-n1-controller\/#primaryimage"},"thumbnailUrl":"https:\/\/usadronetampa.com\/wp-content\/uploads\/2023\/09\/dji-mini-3-4k-hdr-camera-drone-fly-more-combo-with-dji-rc-screen-controller-cp-ma-00000613-01-dji-02a.jpg","datePublished":"2023-09-13T23:19:42+00:00","dateModified":"2025-03-11T16:53:45+00:00","description":"El Mini 3 incluye la Bater\u00eda de Vuelo Inteligente est\u00e1ndar para ofrecer un tiempo de vuelo m\u00e1ximo de hasta 38 minutos. Prolonga tus vuelos hasta 51 minutos.","breadcrumb":{"@id":"https:\/\/usadronetampa.com\/product\/dji-mini-3-fly-more-combo-with-rc-n1-controller\/#breadcrumb"},"inLanguage":"es-PE","potentialAction":[{"@type":"ReadAction","target":["https:\/\/usadronetampa.com\/product\/dji-mini-3-fly-more-combo-with-rc-n1-controller\/"]}]},{"@type":"ImageObject","inLanguage":"es-PE","@id":"https:\/\/usadronetampa.com\/product\/dji-mini-3-fly-more-combo-with-rc-n1-controller\/#primaryimage","url":"https:\/\/usadronetampa.com\/wp-content\/uploads\/2023\/09\/dji-mini-3-4k-hdr-camera-drone-fly-more-combo-with-dji-rc-screen-controller-cp-ma-00000613-01-dji-02a.jpg","contentUrl":"https:\/\/usadronetampa.com\/wp-content\/uploads\/2023\/09\/dji-mini-3-4k-hdr-camera-drone-fly-more-combo-with-dji-rc-screen-controller-cp-ma-00000613-01-dji-02a.jpg","width":650,"height":517,"caption":"dji mini 3 4k"},{"@type":"BreadcrumbList","@id":"https:\/\/usadronetampa.com\/product\/dji-mini-3-fly-more-combo-with-rc-n1-controller\/#breadcrumb","itemListElement":[{"@type":"ListItem","position":1,"name":"Home","item":"https:\/\/usadronetampa.com\/"},{"@type":"ListItem","position":2,"name":"Store","item":"https:\/\/usadronetampa.com\/tienda\/"},{"@type":"ListItem","position":3,"name":"DJI Mini 3 | Fly More Combo with RC-N1 Controller"}]},{"@type":"WebSite","@id":"https:\/\/usadronetampa.com\/#website","url":"https:\/\/usadronetampa.com\/","name":"USA Drone Tampa","description":"Drones EE. UU.","publisher":{"@id":"https:\/\/usadronetampa.com\/#organization"},"potentialAction":[{"@type":"SearchAction","target":{"@type":"EntryPoint","urlTemplate":"https:\/\/usadronetampa.com\/?s={search_term_string}"},"query-input":{"@type":"PropertyValueSpecification","valueRequired":true,"valueName":"search_term_string"}}],"inLanguage":"es-PE"},{"@type":"Organization","@id":"https:\/\/usadronetampa.com\/#organization","name":"USA Drone Tampa","url":"https:\/\/usadronetampa.com\/","logo":{"@type":"ImageObject","inLanguage":"es-PE","@id":"https:\/\/usadronetampa.com\/#\/schema\/logo\/image\/","url":"https:\/\/usadronetampa.com\/wp-content\/uploads\/2023\/08\/usa-drone2b.png","contentUrl":"https:\/\/usadronetampa.com\/wp-content\/uploads\/2023\/08\/usa-drone2b.png","width":746,"height":590,"caption":"USA Drone Tampa"},"image":{"@id":"https:\/\/usadronetampa.com\/#\/schema\/logo\/image\/"},"sameAs":["https:\/\/www.facebook.com\/profile.php?id=100095595180083"]}]}},"_links":{"self":[{"href":"https:\/\/usadronetampa.com\/es\/wp-json\/wp\/v2\/product\/399","targetHints":{"allow":["GET"]}}],"collection":[{"href":"https:\/\/usadronetampa.com\/es\/wp-json\/wp\/v2\/product"}],"about":[{"href":"https:\/\/usadronetampa.com\/es\/wp-json\/wp\/v2\/types\/product"}],"replies":[{"embeddable":true,"href":"https:\/\/usadronetampa.com\/es\/wp-json\/wp\/v2\/comments?post=399"}],"wp:featuredmedia":[{"embeddable":true,"href":"https:\/\/usadronetampa.com\/es\/wp-json\/wp\/v2\/media\/403"}],"wp:attachment":[{"href":"https:\/\/usadronetampa.com\/es\/wp-json\/wp\/v2\/media?parent=399"}],"wp:term":[{"taxonomy":"product_brand","embeddable":true,"href":"https:\/\/usadronetampa.com\/es\/wp-json\/wp\/v2\/product_brand?post=399"},{"taxonomy":"product_cat","embeddable":true,"href":"https:\/\/usadronetampa.com\/es\/wp-json\/wp\/v2\/product_cat?post=399"},{"taxonomy":"product_tag","embeddable":true,"href":"https:\/\/usadronetampa.com\/es\/wp-json\/wp\/v2\/product_tag?post=399"}],"curies":[{"name":"gracias","href":"https:\/\/api.w.org\/{rel}","templated":true}]}}