{"id":379,"date":"2023-09-13T22:08:56","date_gmt":"2023-09-13T22:08:56","guid":{"rendered":"https:\/\/usadronetampa.com\/?post_type=product&#038;p=379"},"modified":"2025-03-11T11:54:46","modified_gmt":"2025-03-11T16:54:46","slug":"dji-mini-3-pro-drone-sin-control-remoto","status":"publish","type":"product","link":"https:\/\/usadronetampa.com\/es\/product\/dji-mini-3-pro-drone-sin-control-remoto\/","title":{"rendered":"Drone DJI Mini 3 Pro (sin control remoto)"},"content":{"rendered":"<h1><span style=\"color: #003366;\">DJI MINI 3 PRO<\/span><\/h1>\n<h2><span class=\"\" style=\"color: #333399;\">Fly miniature, create big<\/span><\/h2>\n<div class=\"spectable\">\n<table>\n<tbody>\n<tr>\n<td>\n<p id=\"tabletext\">Less than 249g<\/p>\n<\/td>\n<td>\n<p id=\"tabletext\">Three-way obstacle detection<\/p>\n<\/td>\n<td>\n<p id=\"tabletext\">4K HDR video<\/p>\n<\/td>\n<td>\n<p id=\"tabletext\">Extended battery life<\/p>\n<\/td>\n<td>\n<p id=\"tabletext\">True vertical shot<\/p>\n<\/td>\n<td>\n<p id=\"tabletext\">FocusTrack<\/p>\n<\/td>\n<\/tr>\n<\/tbody>\n<\/table>\n<\/div>\n<h2><span style=\"color: #333399;\">Remarkably mini<\/span><\/h2>\n<p id=\"infotext\">The mini-sized, mega-capacity DJI Mini 3 Pro is as powerful as it is portable.\u00a0Weighing less than 249g and with enhanced safety features, it is not only compliant but also the safest in its series.\u00a0With a 1\/1.3-inch sensor and top-notch features, it redefines what it means to fly Mini.<\/p>\n<h2 id=\"mini3title\"><span style=\"color: #333399;\">Packed with performance<\/span><\/h2>\n<p id=\"infotext\">Mini 3 Pro sports an all-new look that&#8217;s optimized to get more out of every flight.\u00a0With larger propellers, an aerodynamic body tilt and a powerful obstacle detection system, the aerodynamic design allows for increased flight time and safety.<\/p>\n<p id=\"infotext\">The reinvented gimbal offers a wider rotation range for low-angle shooting and true vertical shooting, allowing for endless creative opportunities.\u00a0Every aspect of this facelift has been carefully considered to take Mini to never-before-seen heights.<\/p>\n<div class=\"imageboxes2\"><img decoding=\"async\" src=\"https:\/\/dji-official-fe.djicdn.com\/dps\/1039a6732b35aa382539d53c230228eb.jpg\" \/><\/div>\n<h2 id=\"mini3title\"><span style=\"color: #333399;\">Fold and done<\/span><\/h2>\n<p id=\"infotext\">For creators on the go, hassle-free use is key.\u00a0Weighing less than 249g, Mini 3 Pro does not require registration in most countries and regions.\u00a0[1] The foldable and compact design also makes it easy to take with you on your next hike, beach day, or impromptu weekend.\u00a0Get ready to capture stunning images when inspiration strikes.<\/p>\n<div class=\"imageboxes2\"><img decoding=\"async\" src=\"https:\/\/dji-official-fe.djicdn.com\/dps\/404a7ab03f4af90145a39409408ac07d.jpg\" \/><\/div>\n<h2 id=\"mini3title\"><span style=\"color: #333399;\">Sweet air time<\/span><\/h2>\n<p id=\"infotext\">\u00a0Capture and explore more of your surroundings with an extended flight time of up to 34 minutes.\u00a0The DJI Mini 3 Pro Intelligent Flight Battery is ultra-lightweight and has enough power to cover your aerial photography needs.<\/p>\n<p id=\"infotext\">If you&#8217;re the type of person who likes to push every flight to the limit, we&#8217;ve got you covered too.\u00a0Upgrade to Intelligent Flight Battery Plus and enjoy worry-free exploring for up to 47 minutes.<\/p>\n<h2><span style=\"color: #333399;\">Did you shoot that in Mini?<\/span><\/h2>\n<h2 id=\"mini3title\"><span style=\"color: #333399;\">Fly by day.\u00a0Fly at night.<\/span><\/h2>\n<h4 id=\"bulletpoints1\"><span style=\"color: #ff0000;\">Capture the subtlety of light and shadows as you head out on a day trip.<\/span><br \/>\n<span style=\"color: #ff0000;\">Shoot clearly and with less noise when evening falls.<\/span><br \/>\n<span style=\"color: #ff0000;\">Savor the moment, stay true to your creative process, and trust the Mini 3 Pro to capture your world.<\/span><\/h4>\n<h2 id=\"mini3title\"><span style=\"color: #333399;\">Pro, and we mean it<\/span><\/h2>\n<p id=\"infotext\">DJI Mini 3 Pro excels in a wide range of lighting conditions, so you can always be ready to create.\u00a0The 1\/1.3-inch CMOS sensor features dual native ISO and supports direct output of HDR footage.\u00a0Each image is enriched with a higher dynamic range to reveal more details in highlights and shadows.<\/p>\n<p id=\"infotext\">Enjoy the high standards of aerial photography with larger 2.4 \u03bcm pixels and an aperture ratio of f\/1.7.\u00a0With more light available, your images will appear lifelike even in low-light scenes.<\/p>\n<h2 id=\"mini3title\"><span style=\"color: #333399;\">Aerial photography, well done<\/span><\/h2>\n<p id=\"infotext\">Take your content to the next level with stunning 4K HDR videos [3] and 48MP RAW photos.\u00a0Marvel at the great clarity of each image, even when you zoom in.\u00a0Or slow down as the world goes frantic with spectacular 1080p\/120fps slow motion video.<\/p>\n<h2 id=\"mini3title\"><span style=\"color: #333399;\">Color outside the lines<\/span><\/h2>\n<p id=\"infotext\">D-Cinelike Color mode provides more visual information, giving you richer color possibilities and more flexibility when editing.<\/p>\n<h2><span style=\"color: #333399;\">Peace of mind while you fly<\/span><\/h2>\n<h2 id=\"mini3title\"><span style=\"color: #333399;\">Next level security<\/span><\/h2>\n<p id=\"infotext\">Fly with confidence as you take to the skies.\u00a0DJI Mini 3 Pro is fully upgraded to support active obstacle detection and stable video streaming.<\/p>\n<h2 id=\"mini3title\"><span style=\"color: #333399;\">Three-way obstacle detection<\/span><\/h2>\n<p id=\"infotext\">DJI Mini 3 Pro is without a doubt our most secure Mini to date.\u00a0Equipped with forward, backward and downward dual-vision sensors and a completely new aircraft design, it offers a wider detection range and greater safety.<\/p>\n<h2 id=\"mini3title\"><span style=\"color: #333399;\">Did we mention APAS 4.0?<\/span><\/h2>\n<p id=\"infotext\">\u00a0Advanced Pilot Assistance Systems (APAS 4.0) [4] detects objects in the aircraft&#8217;s flight path in real time.\u00a0This allows DJI Mini 3 Pro to avoid obstacles, even in difficult environments.<\/p>\n<h2 id=\"mini3title\"><span style=\"color: #333399;\">Clear and stable from city to valley<\/span><\/h2>\n<p id=\"infotext\">DJI Mini 3 Pro features a flagship-level video streaming system in DJI O3.\u00a0It guarantees 1080p\/30fps live streaming at distances of up to 12 km.\u00a0[5] From city views to outdoor adventures, always fly with a crisp, reliable live feed.<\/p>\n<div class=\"imageboxes2\"><img decoding=\"async\" src=\"https:\/\/dji-official-fe.djicdn.com\/dps\/08a816a555da0e846108c40c02b1a7ec.jpg\" \/><\/div>\n<p id=\"infotext\">Enjoy smooth flight and responsive control with the DJI RC-N1 Remote Controller or the new DJI RC.\u00a0Both controllers offer a maximum video bitrate of 18 Mbps with ultra-low latency of 120 ms.<\/p>\n<h2><span style=\"color: #333399;\">Instantly share-worthy<\/span><\/h2>\n<p id=\"infotext\">Capture unforgettable content and instantly share your adventure on the go.\u00a0DJI Mini 3 Pro offers a wide range of smart features so you can add impressive moments and a creative touch to any video.<\/p>\n<h2 id=\"mini3title\"><span style=\"color: #333399;\">Now that&#8217;s smart<\/span><\/h2>\n<h3 id=\"bulletpoints2\"><span style=\"color: #ff0000;\">TRUE VERTICAL SHOOTING<\/span><\/h3>\n<p id=\"bullettext\">Let&#8217;s try it again in portrait.\u00a0Quickly switch between landscape and portrait with just one tap.\u00a0The redesigned camera gimbal rotates 90\u00b0, so you don&#8217;t have to compromise on image quality.\u00a0True Vertical Shooting gives you detailed shots, instantly social media-ready.<\/p>\n<h3 id=\"bulletpoints2\"><span style=\"color: #ff0000;\">FOCUS STRACK<\/span><\/h3>\n<p>Find creative ways to track your subject with FocusTrack.\u00a0The suite includes ActiveTrack 4.0, Spotlight 2.0 and Point of Interest 3.0, three powerful storytelling tools.<\/p>\n<h3 id=\"bulletpoints2\"><span style=\"color: #ff0000;\">MASTERSHOTS<\/span><\/h3>\n<p>MasterShots is a real game changer for any beginner aerial photographer.\u00a0Simply select your subject and Mini 3 Pro will execute a sequence of professional maneuvers, generating a short cinematic video afterwards.\u00a0There&#8217;s a good reason why this is a fan favorite.<\/p>\n<h3 id=\"bulletpoints2\"><span style=\"color: #ff0000;\">HYPERLAPSE<\/span><\/h3>\n<p>Speed \u200b\u200bup time with just a few taps creating an amazing hyperlapse or time lapse video.\u00a0Capture moving traffic or rolling clouds and inject some drama into your videos.<\/p>\n<h3 id=\"bulletpoints2\"><span style=\"color: #ff0000;\">FAST TRANSFER<\/span><\/h3>\n<p>Instantly ready to share your creations, Mini 3 Pro supports high-speed Wi-Fi downloads of up to 30Mbps.<\/p>\n<h3 id=\"bulletpoints2\"><span style=\"color: #ff0000;\">PANORAMA<\/span><\/h3>\n<p>Capture the vastness of any landscape with wide-angle, 180\u00b0, vertical and spherical panoramic shots.<\/p>\n<h3 id=\"bulletpoints2\"><span style=\"color: #ff0000;\">DIGITAL ZOOM<\/span><\/h3>\n<p>Get closer to your subject with the 4x digital zoom.\u00a0This allows you to capture scenes without disturbing them and explore shots from afar.<\/p>\n<p>&nbsp;<\/p>\n","protected":false},"excerpt":{"rendered":"<p><span class=\"VIpgJd-yAWNEb-VIpgJd-fmcmS-sn54Q\">Menos de 249 g |\u00a0<\/span>Detecci\u00f3n de obst\u00e1culos de tres v\u00edas |\u00a0<span class=\"\">V\u00eddeo 4K HDR<\/span><\/p>\n<p><span style=\"color: #ff0000;\"><strong>Para obtener m\u00e1s informaci\u00f3n sobre este producto, comun\u00edquese con: <a href=\"mailto:sales@usadronetampa.com\"><span style=\"color: #3366ff;\">sales@usadronetampa.com<\/span><\/a><\/strong><\/span><\/p>","protected":false},"featured_media":0,"comment_status":"open","ping_status":"closed","template":"","meta":{"site-sidebar-layout":"default","site-content-layout":"","ast-site-content-layout":"default","site-content-style":"default","site-sidebar-style":"default","ast-global-header-display":"","ast-banner-title-visibility":"","ast-main-header-display":"","ast-hfb-above-header-display":"","ast-hfb-below-header-display":"","ast-hfb-mobile-header-display":"","site-post-title":"","ast-breadcrumbs-content":"","ast-featured-img":"","footer-sml-layout":"","ast-disable-related-posts":"","theme-transparent-header-meta":"default","adv-header-id-meta":"","stick-header-meta":"default","header-above-stick-meta":"","header-main-stick-meta":"","header-below-stick-meta":"","astra-migrate-meta-layouts":"set","ast-page-background-enabled":"default","ast-page-background-meta":{"desktop":{"background-color":"var(--ast-global-color-4)","background-image":"","background-repeat":"repeat","background-position":"center center","background-size":"auto","background-attachment":"scroll","background-type":"","background-media":"","overlay-type":"","overlay-color":"","overlay-opacity":"","overlay-gradient":""},"tablet":{"background-color":"","background-image":"","background-repeat":"repeat","background-position":"center center","background-size":"auto","background-attachment":"scroll","background-type":"","background-media":"","overlay-type":"","overlay-color":"","overlay-opacity":"","overlay-gradient":""},"mobile":{"background-color":"","background-image":"","background-repeat":"repeat","background-position":"center center","background-size":"auto","background-attachment":"scroll","background-type":"","background-media":"","overlay-type":"","overlay-color":"","overlay-opacity":"","overlay-gradient":""}},"ast-content-background-meta":{"desktop":{"background-color":"var(--ast-global-color-5)","background-image":"","background-repeat":"repeat","background-position":"center center","background-size":"auto","background-attachment":"scroll","background-type":"","background-media":"","overlay-type":"","overlay-color":"","overlay-opacity":"","overlay-gradient":""},"tablet":{"background-color":"var(--ast-global-color-5)","background-image":"","background-repeat":"repeat","background-position":"center center","background-size":"auto","background-attachment":"scroll","background-type":"","background-media":"","overlay-type":"","overlay-color":"","overlay-opacity":"","overlay-gradient":""},"mobile":{"background-color":"var(--ast-global-color-5)","background-image":"","background-repeat":"repeat","background-position":"center center","background-size":"auto","background-attachment":"scroll","background-type":"","background-media":"","overlay-type":"","overlay-color":"","overlay-opacity":"","overlay-gradient":""}}},"product_brand":[],"product_cat":[30],"product_tag":[],"class_list":{"0":"post-379","1":"product","2":"type-product","3":"status-publish","5":"product_cat-small-comercial-drones","6":"desktop-align-left","7":"tablet-align-left","8":"mobile-align-left","10":"first","11":"instock","12":"taxable","13":"shipping-taxable","14":"purchasable","15":"product-type-simple"},"yoast_head":"<!-- This site is optimized with the Yoast SEO plugin v27.4 - https:\/\/yoast.com\/product\/yoast-seo-wordpress\/ -->\n<title>DJI Mini 3 Pro Drone (With No Remote Controller) - USA Drone Tampa<\/title>\n<meta name=\"description\" content=\"DJI Mini 3 Pro is as powerful as it is portable.\u00a0Weighing less than 249g and with enhanced safety features, it is not only compliant but also\" \/>\n<meta name=\"robots\" content=\"index, follow, max-snippet:-1, max-image-preview:large, max-video-preview:-1\" \/>\n<link rel=\"canonical\" href=\"https:\/\/usadronetampa.com\/es\/product\/dji-mini-3-pro-drone-sin-control-remoto\/\" \/>\n<meta property=\"og:locale\" content=\"es_ES\" \/>\n<meta property=\"og:type\" content=\"article\" \/>\n<meta property=\"og:title\" content=\"DJI Mini 3 Pro Drone (With No Remote Controller) - USA Drone Tampa\" \/>\n<meta property=\"og:description\" content=\"DJI Mini 3 Pro is as powerful as it is portable.\u00a0Weighing less than 249g and with enhanced safety features, it is not only compliant but also\" \/>\n<meta property=\"og:url\" content=\"https:\/\/usadronetampa.com\/es\/product\/dji-mini-3-pro-drone-sin-control-remoto\/\" \/>\n<meta property=\"og:site_name\" content=\"USA Drone Tampa\" \/>\n<meta property=\"article:publisher\" content=\"https:\/\/www.facebook.com\/profile.php?id=100095595180083\" \/>\n<meta property=\"article:modified_time\" content=\"2025-03-11T16:54:46+00:00\" \/>\n<meta property=\"og:image\" content=\"https:\/\/dji-official-fe.djicdn.com\/dps\/1039a6732b35aa382539d53c230228eb.jpg\" \/>\n<meta name=\"twitter:card\" content=\"summary_large_image\" \/>\n<meta name=\"twitter:label1\" content=\"Est. reading time\" \/>\n\t<meta name=\"twitter:data1\" content=\"5 minutos\" \/>\n<script type=\"application\/ld+json\" class=\"yoast-schema-graph\">{\"@context\":\"https:\\\/\\\/schema.org\",\"@graph\":[{\"@type\":\"WebPage\",\"@id\":\"https:\\\/\\\/usadronetampa.com\\\/product\\\/dji-mini-3-pro-drone-sin-control-remoto\\\/\",\"url\":\"https:\\\/\\\/usadronetampa.com\\\/product\\\/dji-mini-3-pro-drone-sin-control-remoto\\\/\",\"name\":\"DJI Mini 3 Pro Drone (With No Remote Controller) - USA Drone Tampa\",\"isPartOf\":{\"@id\":\"https:\\\/\\\/usadronetampa.com\\\/#website\"},\"primaryImageOfPage\":{\"@id\":\"https:\\\/\\\/usadronetampa.com\\\/product\\\/dji-mini-3-pro-drone-sin-control-remoto\\\/#primaryimage\"},\"image\":{\"@id\":\"https:\\\/\\\/usadronetampa.com\\\/product\\\/dji-mini-3-pro-drone-sin-control-remoto\\\/#primaryimage\"},\"thumbnailUrl\":\"https:\\\/\\\/dji-official-fe.djicdn.com\\\/dps\\\/1039a6732b35aa382539d53c230228eb.jpg\",\"datePublished\":\"2023-09-13T22:08:56+00:00\",\"dateModified\":\"2025-03-11T16:54:46+00:00\",\"description\":\"DJI Mini 3 Pro is as powerful as it is portable.\u00a0Weighing less than 249g and with enhanced safety features, it is not only compliant but also\",\"breadcrumb\":{\"@id\":\"https:\\\/\\\/usadronetampa.com\\\/product\\\/dji-mini-3-pro-drone-sin-control-remoto\\\/#breadcrumb\"},\"inLanguage\":\"es-PE\",\"potentialAction\":[{\"@type\":\"ReadAction\",\"target\":[\"https:\\\/\\\/usadronetampa.com\\\/product\\\/dji-mini-3-pro-drone-sin-control-remoto\\\/\"]}]},{\"@type\":\"ImageObject\",\"inLanguage\":\"es-PE\",\"@id\":\"https:\\\/\\\/usadronetampa.com\\\/product\\\/dji-mini-3-pro-drone-sin-control-remoto\\\/#primaryimage\",\"url\":\"https:\\\/\\\/dji-official-fe.djicdn.com\\\/dps\\\/1039a6732b35aa382539d53c230228eb.jpg\",\"contentUrl\":\"https:\\\/\\\/dji-official-fe.djicdn.com\\\/dps\\\/1039a6732b35aa382539d53c230228eb.jpg\"},{\"@type\":\"BreadcrumbList\",\"@id\":\"https:\\\/\\\/usadronetampa.com\\\/product\\\/dji-mini-3-pro-drone-sin-control-remoto\\\/#breadcrumb\",\"itemListElement\":[{\"@type\":\"ListItem\",\"position\":1,\"name\":\"Home\",\"item\":\"https:\\\/\\\/usadronetampa.com\\\/\"},{\"@type\":\"ListItem\",\"position\":2,\"name\":\"Store\",\"item\":\"https:\\\/\\\/usadronetampa.com\\\/tienda\\\/\"},{\"@type\":\"ListItem\",\"position\":3,\"name\":\"DJI Mini 3 Pro Drone (With No Remote Controller)\"}]},{\"@type\":\"WebSite\",\"@id\":\"https:\\\/\\\/usadronetampa.com\\\/#website\",\"url\":\"https:\\\/\\\/usadronetampa.com\\\/\",\"name\":\"USA Drone Tampa\",\"description\":\"Drones USA\",\"publisher\":{\"@id\":\"https:\\\/\\\/usadronetampa.com\\\/#organization\"},\"potentialAction\":[{\"@type\":\"SearchAction\",\"target\":{\"@type\":\"EntryPoint\",\"urlTemplate\":\"https:\\\/\\\/usadronetampa.com\\\/?s={search_term_string}\"},\"query-input\":{\"@type\":\"PropertyValueSpecification\",\"valueRequired\":true,\"valueName\":\"search_term_string\"}}],\"inLanguage\":\"es-PE\"},{\"@type\":\"Organization\",\"@id\":\"https:\\\/\\\/usadronetampa.com\\\/#organization\",\"name\":\"USA Drone Tampa\",\"url\":\"https:\\\/\\\/usadronetampa.com\\\/\",\"logo\":{\"@type\":\"ImageObject\",\"inLanguage\":\"es-PE\",\"@id\":\"https:\\\/\\\/usadronetampa.com\\\/#\\\/schema\\\/logo\\\/image\\\/\",\"url\":\"https:\\\/\\\/usadronetampa.com\\\/wp-content\\\/uploads\\\/2023\\\/08\\\/usa-drone2b.png\",\"contentUrl\":\"https:\\\/\\\/usadronetampa.com\\\/wp-content\\\/uploads\\\/2023\\\/08\\\/usa-drone2b.png\",\"width\":746,\"height\":590,\"caption\":\"USA Drone Tampa\"},\"image\":{\"@id\":\"https:\\\/\\\/usadronetampa.com\\\/#\\\/schema\\\/logo\\\/image\\\/\"},\"sameAs\":[\"https:\\\/\\\/www.facebook.com\\\/profile.php?id=100095595180083\"]}]}<\/script>\n<!-- \/ Yoast SEO plugin. -->","yoast_head_json":{"title":"Dron DJI Mini 3 Pro (sin control remoto) - USA Drone Tampa","description":"El DJI Mini 3 Pro es tan potente como port\u00e1til. Con un peso inferior a 249 g y funciones de seguridad mejoradas, no solo cumple con la normativa, sino que adem\u00e1s\u2026","robots":{"index":"index","follow":"follow","max-snippet":"max-snippet:-1","max-image-preview":"max-image-preview:large","max-video-preview":"max-video-preview:-1"},"canonical":"https:\/\/usadronetampa.com\/es\/product\/dji-mini-3-pro-drone-sin-control-remoto\/","og_locale":"es_ES","og_type":"article","og_title":"DJI Mini 3 Pro Drone (With No Remote Controller) - USA Drone Tampa","og_description":"DJI Mini 3 Pro is as powerful as it is portable.\u00a0Weighing less than 249g and with enhanced safety features, it is not only compliant but also","og_url":"https:\/\/usadronetampa.com\/es\/product\/dji-mini-3-pro-drone-sin-control-remoto\/","og_site_name":"USA Drone Tampa","article_publisher":"https:\/\/www.facebook.com\/profile.php?id=100095595180083","article_modified_time":"2025-03-11T16:54:46+00:00","og_image":[{"url":"https:\/\/dji-official-fe.djicdn.com\/dps\/1039a6732b35aa382539d53c230228eb.jpg","type":"","width":"","height":""}],"twitter_card":"summary_large_image","twitter_misc":{"Est. reading time":"5 minutos"},"schema":{"@context":"https:\/\/schema.org","@graph":[{"@type":"WebPage","@id":"https:\/\/usadronetampa.com\/product\/dji-mini-3-pro-drone-sin-control-remoto\/","url":"https:\/\/usadronetampa.com\/product\/dji-mini-3-pro-drone-sin-control-remoto\/","name":"Dron DJI Mini 3 Pro (sin control remoto) - USA Drone Tampa","isPartOf":{"@id":"https:\/\/usadronetampa.com\/#website"},"primaryImageOfPage":{"@id":"https:\/\/usadronetampa.com\/product\/dji-mini-3-pro-drone-sin-control-remoto\/#primaryimage"},"image":{"@id":"https:\/\/usadronetampa.com\/product\/dji-mini-3-pro-drone-sin-control-remoto\/#primaryimage"},"thumbnailUrl":"https:\/\/dji-official-fe.djicdn.com\/dps\/1039a6732b35aa382539d53c230228eb.jpg","datePublished":"2023-09-13T22:08:56+00:00","dateModified":"2025-03-11T16:54:46+00:00","description":"El DJI Mini 3 Pro es tan potente como port\u00e1til. Con un peso inferior a 249 g y funciones de seguridad mejoradas, no solo cumple con la normativa, sino que adem\u00e1s\u2026","breadcrumb":{"@id":"https:\/\/usadronetampa.com\/product\/dji-mini-3-pro-drone-sin-control-remoto\/#breadcrumb"},"inLanguage":"es-PE","potentialAction":[{"@type":"ReadAction","target":["https:\/\/usadronetampa.com\/product\/dji-mini-3-pro-drone-sin-control-remoto\/"]}]},{"@type":"ImageObject","inLanguage":"es-PE","@id":"https:\/\/usadronetampa.com\/product\/dji-mini-3-pro-drone-sin-control-remoto\/#primaryimage","url":"https:\/\/dji-official-fe.djicdn.com\/dps\/1039a6732b35aa382539d53c230228eb.jpg","contentUrl":"https:\/\/dji-official-fe.djicdn.com\/dps\/1039a6732b35aa382539d53c230228eb.jpg"},{"@type":"BreadcrumbList","@id":"https:\/\/usadronetampa.com\/product\/dji-mini-3-pro-drone-sin-control-remoto\/#breadcrumb","itemListElement":[{"@type":"ListItem","position":1,"name":"Home","item":"https:\/\/usadronetampa.com\/"},{"@type":"ListItem","position":2,"name":"Store","item":"https:\/\/usadronetampa.com\/tienda\/"},{"@type":"ListItem","position":3,"name":"DJI Mini 3 Pro Drone (With No Remote Controller)"}]},{"@type":"WebSite","@id":"https:\/\/usadronetampa.com\/#website","url":"https:\/\/usadronetampa.com\/","name":"USA Drone Tampa","description":"Drones EE. UU.","publisher":{"@id":"https:\/\/usadronetampa.com\/#organization"},"potentialAction":[{"@type":"SearchAction","target":{"@type":"EntryPoint","urlTemplate":"https:\/\/usadronetampa.com\/?s={search_term_string}"},"query-input":{"@type":"PropertyValueSpecification","valueRequired":true,"valueName":"search_term_string"}}],"inLanguage":"es-PE"},{"@type":"Organization","@id":"https:\/\/usadronetampa.com\/#organization","name":"USA Drone Tampa","url":"https:\/\/usadronetampa.com\/","logo":{"@type":"ImageObject","inLanguage":"es-PE","@id":"https:\/\/usadronetampa.com\/#\/schema\/logo\/image\/","url":"https:\/\/usadronetampa.com\/wp-content\/uploads\/2023\/08\/usa-drone2b.png","contentUrl":"https:\/\/usadronetampa.com\/wp-content\/uploads\/2023\/08\/usa-drone2b.png","width":746,"height":590,"caption":"USA Drone Tampa"},"image":{"@id":"https:\/\/usadronetampa.com\/#\/schema\/logo\/image\/"},"sameAs":["https:\/\/www.facebook.com\/profile.php?id=100095595180083"]}]}},"_links":{"self":[{"href":"https:\/\/usadronetampa.com\/es\/wp-json\/wp\/v2\/product\/379","targetHints":{"allow":["GET"]}}],"collection":[{"href":"https:\/\/usadronetampa.com\/es\/wp-json\/wp\/v2\/product"}],"about":[{"href":"https:\/\/usadronetampa.com\/es\/wp-json\/wp\/v2\/types\/product"}],"replies":[{"embeddable":true,"href":"https:\/\/usadronetampa.com\/es\/wp-json\/wp\/v2\/comments?post=379"}],"wp:attachment":[{"href":"https:\/\/usadronetampa.com\/es\/wp-json\/wp\/v2\/media?parent=379"}],"wp:term":[{"taxonomy":"product_brand","embeddable":true,"href":"https:\/\/usadronetampa.com\/es\/wp-json\/wp\/v2\/product_brand?post=379"},{"taxonomy":"product_cat","embeddable":true,"href":"https:\/\/usadronetampa.com\/es\/wp-json\/wp\/v2\/product_cat?post=379"},{"taxonomy":"product_tag","embeddable":true,"href":"https:\/\/usadronetampa.com\/es\/wp-json\/wp\/v2\/product_tag?post=379"}],"curies":[{"name":"gracias","href":"https:\/\/api.w.org\/{rel}","templated":true}]}}