{"id":292,"date":"2023-09-07T01:29:35","date_gmt":"2023-09-07T01:29:35","guid":{"rendered":"https:\/\/usadronetampa.com\/?post_type=product&#038;p=292"},"modified":"2024-02-22T17:55:54","modified_gmt":"2024-02-22T22:55:54","slug":"photography_and_video","status":"publish","type":"product","link":"https:\/\/usadronetampa.com\/es\/product\/photography_and_video\/","title":{"rendered":"Curso de Fotograf\u00eda y V\u00eddeo con Drones"},"content":{"rendered":"<section class=\"elementor-section elementor-top-section elementor-element elementor-element-207a9316 elementor-section-boxed elementor-section-height-default elementor-section-height-default\" data-id=\"207a9316\" data-element_type=\"section\" data-settings=\"{&quot;background_background&quot;:&quot;classic&quot;}\">\n<div class=\"elementor-container elementor-column-gap-default\">\n<div class=\"elementor-column elementor-col-100 elementor-top-column elementor-element elementor-element-5ba39c3f\" data-id=\"5ba39c3f\" data-element_type=\"column\">\n<div class=\"elementor-widget-wrap elementor-element-populated\">\n<div class=\"elementor-element elementor-element-43b5e02f elementor-widget elementor-widget-heading\" data-id=\"43b5e02f\" data-element_type=\"widget\" data-widget_type=\"heading.default\">\n<div class=\"elementor-widget-container\"><\/div>\n<\/div>\n<div class=\"elementor-element elementor-element-6298260 elementor-widget elementor-widget-heading\" data-id=\"6298260\" data-element_type=\"widget\" data-widget_type=\"heading.default\">\n<div class=\"elementor-widget-container\">\n<div class=\"elementor-heading-title elementor-size-default\">\n<h2><span style=\"color: #000080;\"><strong>Curso de Fotograf\u00eda y V\u00eddeo con Drones<\/strong><\/span><\/h2>\n<p>&nbsp;<\/p>\n<h4 style=\"text-align: center;\"><strong>Capture el cielo: \u00a1mejore sus habilidades de fotograf\u00eda y v\u00eddeo!<\/strong><\/h4>\n<p><em>\u00a0<\/em><\/p>\n<h5><span style=\"color: #000080;\"><em>Libera tu potencial creativo con nuestro curso de fotograf\u00eda y v\u00eddeo a\u00e9reo con drones.<\/em><\/span><\/h5>\n<p><strong>\u00a0<\/strong><\/p>\n<p><strong>Aspectos destacados del curso:<\/strong><\/p>\n<ul>\n<li><strong>Duraci\u00f3n:<\/strong> 10 horas (2 d\u00edas intensivos)<\/li>\n<li><strong>Dise\u00f1ado para principiantes:<\/strong> Perfecto para propietarios de drones que buscan mejorar sus habilidades de fotograf\u00eda y videograf\u00eda.<\/li>\n<li><strong>Aprendizaje pr\u00e1ctico:<\/strong> Ejercicios pr\u00e1cticos y orientaci\u00f3n experta para aplicaciones en el mundo real.<\/li>\n<\/ul>\n<p><strong>RESUMEN DEL CURSO:<\/strong><\/p>\n<p><strong>\u00a0<\/strong><strong>Contenido del curso:<\/strong><\/p>\n<ul>\n<li>Regulaciones y Legislaci\u00f3n<\/li>\n<li>Medidas de seguridad<\/li>\n<li>Descripci\u00f3n general de drones y piezas<\/li>\n<li>Tipos de Drones para Fotograf\u00eda y V\u00eddeos<\/li>\n<li>C\u00e1maras y componentes<\/li>\n<li>Operaci\u00f3n b\u00e1sica de la c\u00e1mara<\/li>\n<li>T\u00e9cnicas de exposici\u00f3n<\/li>\n<li>Conceptos b\u00e1sicos de composici\u00f3n<\/li>\n<li>Uso de filtros ND<\/li>\n<li>Configuraci\u00f3n de c\u00e1mara y aeronave<\/li>\n<li>Formato de foto<\/li>\n<li>Planificaci\u00f3n basada en el entorno y el tiempo<\/li>\n<li>Conceptos b\u00e1sicos de v\u00eddeo con drones<\/li>\n<li>Resoluci\u00f3n y velocidad de v\u00eddeo<\/li>\n<li>T\u00e9cnicas de balance de blancos<\/li>\n<li>Configuraci\u00f3n de la c\u00e1mara para v\u00eddeos<\/li>\n<li>Modo tr\u00edpode o cinematogr\u00e1fico<\/li>\n<li>Diferentes Planes de V\u00eddeo con Drones<\/li>\n<li>Fotograf\u00eda Inmobiliaria<\/li>\n<li>Postproducci\u00f3n, fotograf\u00eda y edici\u00f3n de v\u00eddeo<\/li>\n<\/ul>\n<p><strong>\u00a0<\/strong><strong>Incluye:<\/strong><\/p>\n<ul>\n<li>Equipos de \u00faltima generaci\u00f3n para pr\u00e1cticas de vuelo presenciales.<\/li>\n<li>V\u00eddeos completos y materiales del curso.<\/li>\n<li>Consultor\u00eda post-curso.<\/li>\n<li>Diploma de participaci\u00f3n.<\/li>\n<\/ul>\n<p><strong>\u00a0<\/strong><strong>Descripci\u00f3n:<\/strong><\/p>\n<ul>\n<li>Dise\u00f1ado para aquellos que empiezan desde cero.<\/li>\n<li>Aprenda los fundamentos de la c\u00e1mara, t\u00e9cnicas de exposici\u00f3n, composici\u00f3n y movimientos b\u00e1sicos de drones.<\/li>\n<li>Dominar herramientas para la creaci\u00f3n de contenidos en redes sociales.<\/li>\n<li>Opere su dron de acuerdo con los est\u00e1ndares de la FAA.<\/li>\n<li>Cubre la configuraci\u00f3n, calibraci\u00f3n, captura de im\u00e1genes\/video, edici\u00f3n, planificaci\u00f3n de vuelo, seguridad y regulaciones de drones.<\/li>\n<\/ul>\n<p><strong>\u00a0<\/strong><strong>Nota<\/strong><\/p>\n<ul>\n<li>Se proporcionan drones para la pr\u00e1ctica; no es necesario tener uno.<\/li>\n<li>Los participantes deben ser mayores de 16 a\u00f1os.<\/li>\n<li>100% pr\u00e1ctica presencial.<\/li>\n<\/ul>\n<p><strong>\u00bfPara qui\u00e9n es este curso?<\/strong><\/p>\n<ul>\n<li>Fotografos<\/li>\n<li>Camar\u00f3grafos<\/li>\n<li>Inspectores<\/li>\n<li>Dise\u00f1adores<\/li>\n<li>Periodistas<\/li>\n<li>Ingenieros<\/li>\n<li>Arquitectos<\/li>\n<li>Empresas de seguridad<\/li>\n<li>Policia<\/li>\n<li>Bomberos<\/li>\n<li>Agrimensores<\/li>\n<li>Agencias de publicidad<\/li>\n<li>Cualquier persona mayor de 16 a\u00f1os que busque una carrera profesional en fotograf\u00eda y v\u00eddeo con drones.<\/li>\n<\/ul>\n<p><strong>\u00bfPor qu\u00e9 elegir nuestro curso?<\/strong><\/p>\n<p><em>\u00a0<\/em><em>El curso de fotograf\u00eda y v\u00eddeo profesional con drones es su puerta de entrada para perfeccionar las habilidades de fotograf\u00eda y videograf\u00eda a\u00e9rea. Desarrollar experiencia en la captura de im\u00e1genes y videos de alta calidad, abriendo nuevas oportunidades profesionales. Compre el curso para acceder a materiales de capacitaci\u00f3n y orientaci\u00f3n de primera calidad para garantizar su \u00e9xito.<\/em><\/p>\n<p><em>\u00a0<\/em><\/p>\n<p><em>USA Drone Academy Tampa: guiando el \u00e9xito de su vuelo.<\/em><\/p>\n<\/div>\n<\/div>\n<\/div>\n<\/div>\n<\/div>\n<\/div>\n<\/section>\n<div><\/div>\n<div><span style=\"font-size: 16px;\">Para m\u00e1s informaci\u00f3n llame o escriba a:<\/span><\/div>\n<section class=\"elementor-section elementor-top-section elementor-element elementor-element-207a9316 elementor-section-boxed elementor-section-height-default elementor-section-height-default\" data-id=\"207a9316\" data-element_type=\"section\" data-settings=\"{&quot;background_background&quot;:&quot;classic&quot;}\">\n<div class=\"elementor-container elementor-column-gap-default\">\n<div class=\"elementor-column elementor-col-100 elementor-top-column elementor-element elementor-element-5ba39c3f\" data-id=\"5ba39c3f\" data-element_type=\"column\">\n<div class=\"elementor-widget-wrap elementor-element-populated\">\n<div class=\"elementor-element elementor-element-ba72e5b elementor-widget elementor-widget-heading\" data-id=\"ba72e5b\" data-element_type=\"widget\" data-widget_type=\"heading.default\">\n<div class=\"elementor-widget-container\">\n<div class=\"elementor-heading-title elementor-size-default\"><b>(656) 209-7611<\/b><\/div>\n<\/div>\n<\/div>\n<\/div>\n<\/div>\n<\/div>\n<\/section>\n<section class=\"elementor-section elementor-top-section elementor-element elementor-element-37e1b184 elementor-section-full_width elementor-section-height-default elementor-section-height-default\" data-id=\"37e1b184\" data-element_type=\"section\">\n<div class=\"elementor-container elementor-column-gap-default\">\n<div class=\"elementor-column elementor-col-100 elementor-top-column elementor-element elementor-element-3e3f3117\" data-id=\"3e3f3117\" data-element_type=\"column\">\n<div class=\"elementor-widget-wrap elementor-element-populated e-swiper-container\">\n<div class=\"elementor-element elementor-element-46788657 elementor-widget elementor-widget-image-carousel e-widget-swiper\" data-id=\"46788657\" data-element_type=\"widget\" data-settings=\"{&quot;navigation&quot;:&quot;none&quot;,&quot;slides_to_show&quot;:&quot;3&quot;,&quot;autoplay&quot;:&quot;no&quot;,&quot;infinite&quot;:&quot;yes&quot;,&quot;speed&quot;:500}\" data-widget_type=\"image-carousel.default\" aria-roledescription=\"carousel\" aria-label=\"Carrusel | Desplazamiento horizontal: Flecha izquierda y derecha\">\n<div class=\"elementor-widget-container\">\n<div class=\"elementor-image-carousel-wrapper swiper-container swiper-container-initialized swiper-container-horizontal\" dir=\"ltr\">\n<div class=\"elementor-image-carousel swiper-wrapper swiper-image-stretch\" aria-live=\"polite\">\n<div class=\"swiper-slide swiper-slide-duplicate swiper-slide-duplicate-active\" role=\"group\" aria-roledescription=\"slide\" aria-label=\"1 de 3\" data-swiper-slide-index=\"0\" aria-hidden=\"true\">\n<figure class=\"swiper-slide-inner\"><img decoding=\"async\" class=\"swiper-slide-image\" src=\"https:\/\/www.usa-droneacademy.com\/wp-content\/uploads\/2023\/05\/844af7b178eca14fc2ac2d35bad9d9aa.webp\" alt=\"drone photography course\" \/><\/figure>\n<\/div>\n<div class=\"swiper-slide swiper-slide-duplicate swiper-slide-duplicate-next\" role=\"group\" aria-roledescription=\"slide\" aria-label=\"2 de 3\" data-swiper-slide-index=\"1\" aria-hidden=\"true\">\n<figure class=\"swiper-slide-inner\"><img decoding=\"async\" class=\"swiper-slide-image\" src=\"https:\/\/www.usa-droneacademy.com\/wp-content\/uploads\/2023\/05\/DJI_0102.webp\" alt=\"drone photography course\" \/><\/figure>\n<\/div>\n<div class=\"swiper-slide swiper-slide-duplicate swiper-slide-prev\" role=\"group\" aria-roledescription=\"slide\" aria-label=\"3 de 3\" data-swiper-slide-index=\"2\" aria-hidden=\"true\">\n<figure class=\"swiper-slide-inner\"><img decoding=\"async\" class=\"swiper-slide-image\" src=\"https:\/\/www.usa-droneacademy.com\/wp-content\/uploads\/2023\/05\/DJI_0004.webp\" alt=\"drone photography course\" \/><\/figure>\n<\/div>\n<div class=\"swiper-slide swiper-slide-duplicate swiper-slide-duplicate-active\" role=\"group\" aria-roledescription=\"slide\" aria-label=\"1 de 3\" data-swiper-slide-index=\"0\" aria-hidden=\"true\"><\/div>\n<\/div>\n<\/div>\n<\/div>\n<\/div>\n<\/div>\n<\/div>\n<\/div>\n<\/section>","protected":false},"excerpt":{"rendered":"<p><span style=\"font-weight: 400;\"><span class=\"VIpgJd-yAWNEb-VIpgJd-fmcmS-sn54Q\">El Curso de Fotograf\u00eda y V\u00eddeo con Drones es una excelente opci\u00f3n para aquellos interesados en aprender a utilizar drones para capturar im\u00e1genes y v\u00eddeos de alta calidad.\u00a0<\/span>Durante el curso, los participantes tendr\u00e1n la oportunidad de aprender los conceptos b\u00e1sicos de fotograf\u00eda y v\u00eddeo, as\u00ed como los aspectos t\u00e9cnicos relacionados con el uso de drones.<\/span><\/p>\n<p><a id=\"sendbtn\" class=\"shortcode_wa_button\" href=\"https:\/\/web.whatsapp.com\/send?phone=16562097611&#038;text=Info%20about%20this%20item%20please%3A%20Photography%20and%20video%20course%20with%20drones&#038;app_absent=0\" target=\"&quot;_blank&quot;\"><span>Preguntar...<\/span><\/a><\/p>","protected":false},"featured_media":335,"comment_status":"open","ping_status":"closed","template":"","meta":{"site-sidebar-layout":"default","site-content-layout":"","ast-site-content-layout":"default","site-content-style":"default","site-sidebar-style":"default","ast-global-header-display":"","ast-banner-title-visibility":"","ast-main-header-display":"","ast-hfb-above-header-display":"","ast-hfb-below-header-display":"","ast-hfb-mobile-header-display":"","site-post-title":"","ast-breadcrumbs-content":"","ast-featured-img":"","footer-sml-layout":"","ast-disable-related-posts":"","theme-transparent-header-meta":"default","adv-header-id-meta":"","stick-header-meta":"default","header-above-stick-meta":"","header-main-stick-meta":"","header-below-stick-meta":"","astra-migrate-meta-layouts":"set","ast-page-background-enabled":"default","ast-page-background-meta":{"desktop":{"background-color":"var(--ast-global-color-4)","background-image":"","background-repeat":"repeat","background-position":"center center","background-size":"auto","background-attachment":"scroll","background-type":"","background-media":"","overlay-type":"","overlay-color":"","overlay-opacity":"","overlay-gradient":""},"tablet":{"background-color":"","background-image":"","background-repeat":"repeat","background-position":"center center","background-size":"auto","background-attachment":"scroll","background-type":"","background-media":"","overlay-type":"","overlay-color":"","overlay-opacity":"","overlay-gradient":""},"mobile":{"background-color":"","background-image":"","background-repeat":"repeat","background-position":"center center","background-size":"auto","background-attachment":"scroll","background-type":"","background-media":"","overlay-type":"","overlay-color":"","overlay-opacity":"","overlay-gradient":""}},"ast-content-background-meta":{"desktop":{"background-color":"var(--ast-global-color-5)","background-image":"","background-repeat":"repeat","background-position":"center center","background-size":"auto","background-attachment":"scroll","background-type":"","background-media":"","overlay-type":"","overlay-color":"","overlay-opacity":"","overlay-gradient":""},"tablet":{"background-color":"var(--ast-global-color-5)","background-image":"","background-repeat":"repeat","background-position":"center center","background-size":"auto","background-attachment":"scroll","background-type":"","background-media":"","overlay-type":"","overlay-color":"","overlay-opacity":"","overlay-gradient":""},"mobile":{"background-color":"var(--ast-global-color-5)","background-image":"","background-repeat":"repeat","background-position":"center center","background-size":"auto","background-attachment":"scroll","background-type":"","background-media":"","overlay-type":"","overlay-color":"","overlay-opacity":"","overlay-gradient":""}}},"product_brand":[],"product_cat":[23],"product_tag":[],"class_list":{"0":"post-292","1":"product","2":"type-product","3":"status-publish","4":"has-post-thumbnail","6":"product_cat-courses-and-lessons","7":"desktop-align-left","8":"tablet-align-left","9":"mobile-align-left","11":"first","12":"instock","13":"virtual","14":"taxable","15":"product-type-simple"},"yoast_head":"<!-- This site is optimized with the Yoast SEO plugin v27.6 - https:\/\/yoast.com\/product\/yoast-seo-wordpress\/ -->\n<title>Photography and Video with Drones Course - USA Drone Tampa<\/title>\n<meta name=\"description\" content=\"The drone photography and Video Course is an excellent option for those interested in learning how to use drones to capture high-quality images and videos\" \/>\n<meta name=\"robots\" content=\"index, follow, max-snippet:-1, max-image-preview:large, max-video-preview:-1\" \/>\n<link rel=\"canonical\" href=\"https:\/\/usadronetampa.com\/es\/product\/photography_and_video\/\" \/>\n<meta property=\"og:locale\" content=\"es_ES\" \/>\n<meta property=\"og:type\" content=\"article\" \/>\n<meta property=\"og:title\" content=\"Photography and Video with Drones Course - USA Drone Tampa\" \/>\n<meta property=\"og:description\" content=\"The drone photography and Video Course is an excellent option for those interested in learning how to use drones to capture high-quality images and videos\" \/>\n<meta property=\"og:url\" content=\"https:\/\/usadronetampa.com\/es\/product\/photography_and_video\/\" \/>\n<meta property=\"og:site_name\" content=\"USA Drone Tampa\" \/>\n<meta property=\"article:publisher\" content=\"https:\/\/www.facebook.com\/profile.php?id=100095595180083\" \/>\n<meta property=\"article:modified_time\" content=\"2024-02-22T22:55:54+00:00\" \/>\n<meta property=\"og:image\" content=\"https:\/\/usadronetampa.com\/wp-content\/uploads\/2023\/09\/david-henrichs-72AYEEBJpz4-unsplash.jpg\" \/>\n\t<meta property=\"og:image:width\" content=\"1920\" \/>\n\t<meta property=\"og:image:height\" content=\"1282\" \/>\n\t<meta property=\"og:image:type\" content=\"image\/jpeg\" \/>\n<meta name=\"twitter:card\" content=\"summary_large_image\" \/>\n<meta name=\"twitter:label1\" content=\"Est. reading time\" \/>\n\t<meta name=\"twitter:data1\" content=\"3 minutos\" \/>\n<script type=\"application\/ld+json\" class=\"yoast-schema-graph\">{\"@context\":\"https:\\\/\\\/schema.org\",\"@graph\":[{\"@type\":\"WebPage\",\"@id\":\"https:\\\/\\\/usadronetampa.com\\\/product\\\/photography_and_video\\\/\",\"url\":\"https:\\\/\\\/usadronetampa.com\\\/product\\\/photography_and_video\\\/\",\"name\":\"Photography and Video with Drones Course - USA Drone Tampa\",\"isPartOf\":{\"@id\":\"https:\\\/\\\/usadronetampa.com\\\/#website\"},\"primaryImageOfPage\":{\"@id\":\"https:\\\/\\\/usadronetampa.com\\\/product\\\/photography_and_video\\\/#primaryimage\"},\"image\":{\"@id\":\"https:\\\/\\\/usadronetampa.com\\\/product\\\/photography_and_video\\\/#primaryimage\"},\"thumbnailUrl\":\"https:\\\/\\\/usadronetampa.com\\\/wp-content\\\/uploads\\\/2023\\\/09\\\/david-henrichs-72AYEEBJpz4-unsplash.jpg\",\"datePublished\":\"2023-09-07T01:29:35+00:00\",\"dateModified\":\"2024-02-22T22:55:54+00:00\",\"description\":\"The drone photography and Video Course is an excellent option for those interested in learning how to use drones to capture high-quality images and videos\",\"breadcrumb\":{\"@id\":\"https:\\\/\\\/usadronetampa.com\\\/product\\\/photography_and_video\\\/#breadcrumb\"},\"inLanguage\":\"es-PE\",\"potentialAction\":[{\"@type\":\"ReadAction\",\"target\":[\"https:\\\/\\\/usadronetampa.com\\\/product\\\/photography_and_video\\\/\"]}]},{\"@type\":\"ImageObject\",\"inLanguage\":\"es-PE\",\"@id\":\"https:\\\/\\\/usadronetampa.com\\\/product\\\/photography_and_video\\\/#primaryimage\",\"url\":\"https:\\\/\\\/usadronetampa.com\\\/wp-content\\\/uploads\\\/2023\\\/09\\\/david-henrichs-72AYEEBJpz4-unsplash.jpg\",\"contentUrl\":\"https:\\\/\\\/usadronetampa.com\\\/wp-content\\\/uploads\\\/2023\\\/09\\\/david-henrichs-72AYEEBJpz4-unsplash.jpg\",\"width\":1920,\"height\":1282,\"caption\":\"equipment and products\"},{\"@type\":\"BreadcrumbList\",\"@id\":\"https:\\\/\\\/usadronetampa.com\\\/product\\\/photography_and_video\\\/#breadcrumb\",\"itemListElement\":[{\"@type\":\"ListItem\",\"position\":1,\"name\":\"Home\",\"item\":\"https:\\\/\\\/usadronetampa.com\\\/\"},{\"@type\":\"ListItem\",\"position\":2,\"name\":\"Store\",\"item\":\"https:\\\/\\\/usadronetampa.com\\\/tienda\\\/\"},{\"@type\":\"ListItem\",\"position\":3,\"name\":\"Photography and Video with Drones Course\"}]},{\"@type\":\"WebSite\",\"@id\":\"https:\\\/\\\/usadronetampa.com\\\/#website\",\"url\":\"https:\\\/\\\/usadronetampa.com\\\/\",\"name\":\"USA Drone Tampa\",\"description\":\"Drones USA\",\"publisher\":{\"@id\":\"https:\\\/\\\/usadronetampa.com\\\/#organization\"},\"potentialAction\":[{\"@type\":\"SearchAction\",\"target\":{\"@type\":\"EntryPoint\",\"urlTemplate\":\"https:\\\/\\\/usadronetampa.com\\\/?s={search_term_string}\"},\"query-input\":{\"@type\":\"PropertyValueSpecification\",\"valueRequired\":true,\"valueName\":\"search_term_string\"}}],\"inLanguage\":\"es-PE\"},{\"@type\":\"Organization\",\"@id\":\"https:\\\/\\\/usadronetampa.com\\\/#organization\",\"name\":\"USA Drone Tampa\",\"url\":\"https:\\\/\\\/usadronetampa.com\\\/\",\"logo\":{\"@type\":\"ImageObject\",\"inLanguage\":\"es-PE\",\"@id\":\"https:\\\/\\\/usadronetampa.com\\\/#\\\/schema\\\/logo\\\/image\\\/\",\"url\":\"https:\\\/\\\/usadronetampa.com\\\/wp-content\\\/uploads\\\/2023\\\/08\\\/usa-drone2b.png\",\"contentUrl\":\"https:\\\/\\\/usadronetampa.com\\\/wp-content\\\/uploads\\\/2023\\\/08\\\/usa-drone2b.png\",\"width\":746,\"height\":590,\"caption\":\"USA Drone Tampa\"},\"image\":{\"@id\":\"https:\\\/\\\/usadronetampa.com\\\/#\\\/schema\\\/logo\\\/image\\\/\"},\"sameAs\":[\"https:\\\/\\\/www.facebook.com\\\/profile.php?id=100095595180083\"]}]}<\/script>\n<!-- \/ Yoast SEO plugin. -->","yoast_head_json":{"title":"Curso de Fotograf\u00eda y V\u00eddeo con Drones - USA Drone Tampa","description":"El Curso de Fotograf\u00eda y V\u00eddeo con Drones es una excelente opci\u00f3n para aquellos interesados en aprender a utilizar drones para capturar im\u00e1genes y v\u00eddeos de alta calidad.","robots":{"index":"index","follow":"follow","max-snippet":"max-snippet:-1","max-image-preview":"max-image-preview:large","max-video-preview":"max-video-preview:-1"},"canonical":"https:\/\/usadronetampa.com\/es\/product\/photography_and_video\/","og_locale":"es_ES","og_type":"article","og_title":"Photography and Video with Drones Course - USA Drone Tampa","og_description":"The drone photography and Video Course is an excellent option for those interested in learning how to use drones to capture high-quality images and videos","og_url":"https:\/\/usadronetampa.com\/es\/product\/photography_and_video\/","og_site_name":"USA Drone Tampa","article_publisher":"https:\/\/www.facebook.com\/profile.php?id=100095595180083","article_modified_time":"2024-02-22T22:55:54+00:00","og_image":[{"width":1920,"height":1282,"url":"https:\/\/usadronetampa.com\/wp-content\/uploads\/2023\/09\/david-henrichs-72AYEEBJpz4-unsplash.jpg","type":"image\/jpeg"}],"twitter_card":"summary_large_image","twitter_misc":{"Est. reading time":"3 minutos"},"schema":{"@context":"https:\/\/schema.org","@graph":[{"@type":"WebPage","@id":"https:\/\/usadronetampa.com\/product\/photography_and_video\/","url":"https:\/\/usadronetampa.com\/product\/photography_and_video\/","name":"Curso de Fotograf\u00eda y V\u00eddeo con Drones - USA Drone Tampa","isPartOf":{"@id":"https:\/\/usadronetampa.com\/#website"},"primaryImageOfPage":{"@id":"https:\/\/usadronetampa.com\/product\/photography_and_video\/#primaryimage"},"image":{"@id":"https:\/\/usadronetampa.com\/product\/photography_and_video\/#primaryimage"},"thumbnailUrl":"https:\/\/usadronetampa.com\/wp-content\/uploads\/2023\/09\/david-henrichs-72AYEEBJpz4-unsplash.jpg","datePublished":"2023-09-07T01:29:35+00:00","dateModified":"2024-02-22T22:55:54+00:00","description":"El Curso de Fotograf\u00eda y V\u00eddeo con Drones es una excelente opci\u00f3n para aquellos interesados en aprender a utilizar drones para capturar im\u00e1genes y v\u00eddeos de alta calidad.","breadcrumb":{"@id":"https:\/\/usadronetampa.com\/product\/photography_and_video\/#breadcrumb"},"inLanguage":"es-PE","potentialAction":[{"@type":"ReadAction","target":["https:\/\/usadronetampa.com\/product\/photography_and_video\/"]}]},{"@type":"ImageObject","inLanguage":"es-PE","@id":"https:\/\/usadronetampa.com\/product\/photography_and_video\/#primaryimage","url":"https:\/\/usadronetampa.com\/wp-content\/uploads\/2023\/09\/david-henrichs-72AYEEBJpz4-unsplash.jpg","contentUrl":"https:\/\/usadronetampa.com\/wp-content\/uploads\/2023\/09\/david-henrichs-72AYEEBJpz4-unsplash.jpg","width":1920,"height":1282,"caption":"equipment and products"},{"@type":"BreadcrumbList","@id":"https:\/\/usadronetampa.com\/product\/photography_and_video\/#breadcrumb","itemListElement":[{"@type":"ListItem","position":1,"name":"Home","item":"https:\/\/usadronetampa.com\/"},{"@type":"ListItem","position":2,"name":"Store","item":"https:\/\/usadronetampa.com\/tienda\/"},{"@type":"ListItem","position":3,"name":"Photography and Video with Drones Course"}]},{"@type":"WebSite","@id":"https:\/\/usadronetampa.com\/#website","url":"https:\/\/usadronetampa.com\/","name":"USA Drone Tampa","description":"Drones EE. UU.","publisher":{"@id":"https:\/\/usadronetampa.com\/#organization"},"potentialAction":[{"@type":"SearchAction","target":{"@type":"EntryPoint","urlTemplate":"https:\/\/usadronetampa.com\/?s={search_term_string}"},"query-input":{"@type":"PropertyValueSpecification","valueRequired":true,"valueName":"search_term_string"}}],"inLanguage":"es-PE"},{"@type":"Organization","@id":"https:\/\/usadronetampa.com\/#organization","name":"USA Drone Tampa","url":"https:\/\/usadronetampa.com\/","logo":{"@type":"ImageObject","inLanguage":"es-PE","@id":"https:\/\/usadronetampa.com\/#\/schema\/logo\/image\/","url":"https:\/\/usadronetampa.com\/wp-content\/uploads\/2023\/08\/usa-drone2b.png","contentUrl":"https:\/\/usadronetampa.com\/wp-content\/uploads\/2023\/08\/usa-drone2b.png","width":746,"height":590,"caption":"USA Drone Tampa"},"image":{"@id":"https:\/\/usadronetampa.com\/#\/schema\/logo\/image\/"},"sameAs":["https:\/\/www.facebook.com\/profile.php?id=100095595180083"]}]}},"_links":{"self":[{"href":"https:\/\/usadronetampa.com\/es\/wp-json\/wp\/v2\/product\/292","targetHints":{"allow":["GET"]}}],"collection":[{"href":"https:\/\/usadronetampa.com\/es\/wp-json\/wp\/v2\/product"}],"about":[{"href":"https:\/\/usadronetampa.com\/es\/wp-json\/wp\/v2\/types\/product"}],"replies":[{"embeddable":true,"href":"https:\/\/usadronetampa.com\/es\/wp-json\/wp\/v2\/comments?post=292"}],"wp:featuredmedia":[{"embeddable":true,"href":"https:\/\/usadronetampa.com\/es\/wp-json\/wp\/v2\/media\/335"}],"wp:attachment":[{"href":"https:\/\/usadronetampa.com\/es\/wp-json\/wp\/v2\/media?parent=292"}],"wp:term":[{"taxonomy":"product_brand","embeddable":true,"href":"https:\/\/usadronetampa.com\/es\/wp-json\/wp\/v2\/product_brand?post=292"},{"taxonomy":"product_cat","embeddable":true,"href":"https:\/\/usadronetampa.com\/es\/wp-json\/wp\/v2\/product_cat?post=292"},{"taxonomy":"product_tag","embeddable":true,"href":"https:\/\/usadronetampa.com\/es\/wp-json\/wp\/v2\/product_tag?post=292"}],"curies":[{"name":"gracias","href":"https:\/\/api.w.org\/{rel}","templated":true}]}}