{"id":2082,"date":"2024-06-12T13:59:58","date_gmt":"2024-06-12T18:59:58","guid":{"rendered":"https:\/\/usadronetampa.com\/?post_type=product&#038;p=2082"},"modified":"2025-03-11T10:07:38","modified_gmt":"2025-03-11T15:07:38","slug":"dji-agras-mg-1s-octocopter-argriculture-drone-with-spray-system","status":"publish","type":"product","link":"https:\/\/usadronetampa.com\/es\/product\/dji-agras-mg-1s-octocopter-argriculture-drone-with-spray-system\/","title":{"rendered":"Dron octoc\u00f3ptero para agricultura DJI Agras mg-1s con sistema de pulverizaci\u00f3n"},"content":{"rendered":"<div class=\"container\">\n<p><img decoding=\"async\" title=\"MG-1S\" src=\"https:\/\/cdn.shopify.com\/s\/files\/1\/0761\/3556\/3580\/files\/content_MG-1S_b.jpg?v=1692876754\" width=\"90%\" height=\"476\" \/><\/p>\n<p>El Agras MG-1S integra una serie de tecnolog\u00edas DJI de vanguardia, incluido el nuevo controlador de vuelo A3 y un sistema de detecci\u00f3n de radar que proporciona confiabilidad adicional durante el vuelo. El sistema de pulverizaci\u00f3n y el sensor de flujo garantizan operaciones precisas. Cuando se utiliza con el sistema inteligente de planificaci\u00f3n de operaciones MG y la plataforma de gesti\u00f3n agr\u00edcola DJI, un usuario puede planificar operaciones, gestionar vuelos en tiempo real y supervisar de cerca el estado operativo de la aeronave. El MG-1S es un avi\u00f3n de altas prestaciones capaz de ofrecer soluciones integrales para el cuidado agr\u00edcola.<\/p>\n<h2>CONTROLADOR DE VUELO A3<\/h2>\n<p><img decoding=\"async\" src=\"https:\/\/cdn.shopify.com\/s\/files\/1\/0761\/3556\/3580\/files\/s1-product-2-e242621cc4af02ec9635ae1e9aa9afc5.png?v=1692876754\" width=\"90%\" \/><\/p>\n<p class=\"common-content float-up-slow\">Equipado con el avanzado controlador de vuelo A3 de DJI, el MG-1S es capaz de alcanzar altos niveles de confiabilidad. Su algoritmo ha sido optimizado para usos agr\u00edcolas, asegurando un vuelo estable incluso con l\u00edquidos chapoteando. Adem\u00e1s, el dise\u00f1o redundante del A3 incluye bar\u00f3metros y br\u00fajulas dobles. Si se produce un error en un sensor, el sistema cambiar\u00e1 autom\u00e1ticamente al otro sensor para continuar con un vuelo seguro y confiable.<\/p>\n<h2 class=\"common-title float-up-fast\">DETECCI\u00d3N DE RADAR<\/h2>\n<p class=\"common-content float-up-slow\"><img decoding=\"async\" src=\"https:\/\/cdn.shopify.com\/s\/files\/1\/0761\/3556\/3580\/files\/1s.png?v=1692876754\" width=\"700\" \/><\/p>\n<p class=\"common-content float-up-slow\">Tres radares de ondas milim\u00e9tricas de alta precisi\u00f3n est\u00e1n colocados en la pendiente delantera, la pendiente trasera y el fondo del tanque de aspersi\u00f3n. Los radares situados en las pendientes delanteras y traseras detectan el terreno, lo que permite al avi\u00f3n ajustar su altura aproximadamente. El radar descendente proporciona entonces una altura de alta precisi\u00f3n. A medida que los radares escanean, el MG-1S es capaz de percibir el cambio de terreno, ajustar su altitud y mantener su altitud por encima de los cultivos.<\/p>\n<h2 class=\"common-title float-up-fast\">PULVERIZACI\u00d3N DE PRECISI\u00d3N<\/h2>\n<p>&nbsp;<\/p>\n<p><video autoplay=\"autoplay\" width=\"640\" height=\"300\"><source src=\"https:\/\/asset1.djicdn.com\/images\/360\/mg-1s\/s4-video-v2.mp4\" type=\"video\/mp4\" \/><\/video><\/p>\n<p class=\"common-content float-up-slow\">Un nuevo sistema de pulverizaci\u00f3n permite una pulverizaci\u00f3n m\u00e1s precisa. Con dos bombas compatibles que controlan el par de boquillas delanteras y traseras por separado, ahora hay tres modos de pulverizaci\u00f3n disponibles: pulverizaci\u00f3n hacia adelante, pulverizaci\u00f3n hacia atr\u00e1s y pulverizaci\u00f3n completa. Un nuevo sensor de presi\u00f3n y un sensor de flujo monitorean la tasa de pulverizaci\u00f3n en tiempo real, logrando un control din\u00e1mico sobre la velocidad y la cantidad de pulverizaci\u00f3n durante la operaci\u00f3n. Se han utilizado boquillas con brazos de aspersi\u00f3n extendidos para aprovechar mejor los flujos de aire descendentes. Este sistema de fumigaci\u00f3n ahora responde con mayor precisi\u00f3n a las \u00f3rdenes, agregando precisi\u00f3n y efectividad a las operaciones de fumigaci\u00f3n.<\/p>\n<h2 class=\"common-title float-up-fast\">SISTEMA INTELIGENTE DE PLANIFICACI\u00d3N DE OPERACIONES MG<\/h2>\n<p class=\"common-content float-up-slow\"><img decoding=\"async\" src=\"https:\/\/cdn.shopify.com\/s\/files\/1\/0761\/3556\/3580\/files\/s6-bg-dd585e6b1ae74b2b3c5d8c14854e8635.jpg?v=1692876754\" width=\"750\" \/><\/p>\n<p class=\"common-content float-up-slow\">Planifique y edite rutas de vuelo de forma inteligente con el MG-1S. Cuando establece la cantidad de l\u00edquido por \u00e1rea, la aeronave calcular\u00e1 los par\u00e1metros restantes por usted, lo que mejora la comodidad. Tambi\u00e9n puede elegir entre el modo eficiente y el modo de pulverizaci\u00f3n intensiva para diferentes necesidades operativas.<\/p>\n<h2 class=\"common-title float-up-fast\">CONTROLADOR PROFESIONAL<\/h2>\n<p><img decoding=\"async\" src=\"https:\/\/cdn.shopify.com\/s\/files\/1\/0761\/3556\/3580\/files\/s5-bg-en-59caca651fe7cf15316a2d90d04461b6.jpg?v=1692876754\" width=\"90%\" \/><\/p>\n<p class=\"common-content float-up-slow\">El controlador MG-1S incluye una pantalla brillante de 5,5 pulgadas\/1080p que es visible incluso bajo luz solar intensa. Con un sistema de planificaci\u00f3n de operaciones incorporado, los usuarios pueden utilizar el controlador para aumentar la eficiencia del trabajo. La bater\u00eda del controlador admite un tiempo de trabajo de hasta 5 horas, lo que permite operaciones prolongadas en exteriores.<\/p>\n<h2 class=\"common-title float-up-fast\">PLATAFORMA DE GESTI\u00d3N AGR\u00cdCOLA DJI<\/h2>\n<p><img decoding=\"async\" src=\"https:\/\/cdn.shopify.com\/s\/files\/1\/0761\/3556\/3580\/files\/s8-bg-1-en-8cbe1ba50aed4e80e55c386d91c1ec10.jpg?v=1692876753\" width=\"90%\" \/><\/p>\n<p class=\"common-content float-up-slow\">DJI proporciona una plataforma integral de gesti\u00f3n de pulverizaci\u00f3n junto con el MG-1S. Utilice la plataforma para supervisar el estado de vuelo de cada avi\u00f3n, dominar el estado de pulverizaci\u00f3n y gestionar su equipo de pulverizaci\u00f3n para mejorar la eficiencia del trabajo. Tambi\u00e9n puede asignar campos a cada operador y verificar los campos implementados. Al compartir la planificaci\u00f3n inteligente con los operadores, la gesti\u00f3n de las operaciones de fumigaci\u00f3n ser\u00e1 m\u00e1s eficiente y econ\u00f3mica, ya que los operadores pueden evitar fumigaciones repetitivas. Plataforma: ag.dji.com<\/p>\n<h2 class=\"common-title float-up-fast\">ESTRUCTURA MEC\u00c1NICA OPTIMIZADA<\/h2>\n<p><img decoding=\"async\" src=\"https:\/\/cdn.shopify.com\/s\/files\/1\/0761\/3556\/3580\/files\/1_1.png?v=1692876753\" width=\"90%\" \/><\/p>\n<p class=\"common-content float-up-slow\">El brazo del bastidor del MG-1S es desmontable y el tren de aterrizaje est\u00e1 optimizado, lo que reduce los posibles costos de mantenimiento. Se ha agregado una pel\u00edcula resistente al agua para proteger los ESC. La v\u00e1lvula de l\u00edquido se ha colocado en el costado de la bomba de entrega y la bomba de entrega est\u00e1 ubicada encima del tanque de pulverizaci\u00f3n, lo que hace que la inyecci\u00f3n, el desmontaje y la limpieza del l\u00edquido sean m\u00e1s convenientes.<\/p>\n<p>&nbsp;<\/p>\n<\/div>","protected":false},"excerpt":{"rendered":"<p><span style=\"color: #ff0000;\"><strong>Para obtener m\u00e1s informaci\u00f3n sobre este producto, comun\u00edquese con: <a href=\"mailto:sales@usadronetampa.com\"><span style=\"color: #3366ff;\">sales@usadronetampa.com<\/span><\/a><\/strong><\/span><\/p>","protected":false},"featured_media":2071,"comment_status":"open","ping_status":"closed","template":"","meta":{"site-sidebar-layout":"default","site-content-layout":"","ast-site-content-layout":"default","site-content-style":"default","site-sidebar-style":"default","ast-global-header-display":"","ast-banner-title-visibility":"","ast-main-header-display":"","ast-hfb-above-header-display":"","ast-hfb-below-header-display":"","ast-hfb-mobile-header-display":"","site-post-title":"","ast-breadcrumbs-content":"","ast-featured-img":"","footer-sml-layout":"","ast-disable-related-posts":"","theme-transparent-header-meta":"default","adv-header-id-meta":"","stick-header-meta":"default","header-above-stick-meta":"","header-main-stick-meta":"","header-below-stick-meta":"","astra-migrate-meta-layouts":"set","ast-page-background-enabled":"default","ast-page-background-meta":{"desktop":{"background-color":"var(--ast-global-color-4)","background-image":"","background-repeat":"repeat","background-position":"center center","background-size":"auto","background-attachment":"scroll","background-type":"","background-media":"","overlay-type":"","overlay-color":"","overlay-opacity":"","overlay-gradient":""},"tablet":{"background-color":"","background-image":"","background-repeat":"repeat","background-position":"center center","background-size":"auto","background-attachment":"scroll","background-type":"","background-media":"","overlay-type":"","overlay-color":"","overlay-opacity":"","overlay-gradient":""},"mobile":{"background-color":"","background-image":"","background-repeat":"repeat","background-position":"center center","background-size":"auto","background-attachment":"scroll","background-type":"","background-media":"","overlay-type":"","overlay-color":"","overlay-opacity":"","overlay-gradient":""}},"ast-content-background-meta":{"desktop":{"background-color":"var(--ast-global-color-5)","background-image":"","background-repeat":"repeat","background-position":"center center","background-size":"auto","background-attachment":"scroll","background-type":"","background-media":"","overlay-type":"","overlay-color":"","overlay-opacity":"","overlay-gradient":""},"tablet":{"background-color":"var(--ast-global-color-5)","background-image":"","background-repeat":"repeat","background-position":"center center","background-size":"auto","background-attachment":"scroll","background-type":"","background-media":"","overlay-type":"","overlay-color":"","overlay-opacity":"","overlay-gradient":""},"mobile":{"background-color":"var(--ast-global-color-5)","background-image":"","background-repeat":"repeat","background-position":"center center","background-size":"auto","background-attachment":"scroll","background-type":"","background-media":"","overlay-type":"","overlay-color":"","overlay-opacity":"","overlay-gradient":""}}},"product_brand":[],"product_cat":[34],"product_tag":[],"class_list":{"0":"post-2082","1":"product","2":"type-product","3":"status-publish","4":"has-post-thumbnail","6":"product_cat-agricultural-drones","7":"desktop-align-left","8":"tablet-align-left","9":"mobile-align-left","11":"first","12":"instock","13":"taxable","14":"shipping-taxable","15":"product-type-simple"},"yoast_head":"<!-- This site is optimized with the Yoast SEO plugin v27.4 - https:\/\/yoast.com\/product\/yoast-seo-wordpress\/ -->\n<title>DJI Agras mg-1s octocopter argriculture drone with spray system - USA Drone Tampa<\/title>\n<meta name=\"description\" content=\"The Agras MG-1S integrates a number of cutting-edge DJI technologies, including the newA3 Flight Controller, and a Radar Sensing System that provides\" \/>\n<meta name=\"robots\" content=\"index, follow, max-snippet:-1, max-image-preview:large, max-video-preview:-1\" \/>\n<link rel=\"canonical\" href=\"https:\/\/usadronetampa.com\/es\/product\/dji-agras-mg-1s-octocopter-argriculture-drone-with-spray-system\/\" \/>\n<meta property=\"og:locale\" content=\"es_ES\" \/>\n<meta property=\"og:type\" content=\"article\" \/>\n<meta property=\"og:title\" content=\"DJI Agras mg-1s octocopter argriculture drone with spray system - USA Drone Tampa\" \/>\n<meta property=\"og:description\" content=\"The Agras MG-1S integrates a number of cutting-edge DJI technologies, including the newA3 Flight Controller, and a Radar Sensing System that provides\" \/>\n<meta property=\"og:url\" content=\"https:\/\/usadronetampa.com\/es\/product\/dji-agras-mg-1s-octocopter-argriculture-drone-with-spray-system\/\" \/>\n<meta property=\"og:site_name\" content=\"USA Drone Tampa\" \/>\n<meta property=\"article:publisher\" content=\"https:\/\/www.facebook.com\/profile.php?id=100095595180083\" \/>\n<meta property=\"article:modified_time\" content=\"2025-03-11T15:07:38+00:00\" \/>\n<meta property=\"og:image\" content=\"https:\/\/usadronetampa.com\/wp-content\/uploads\/2024\/06\/Agras-MG-1S.png\" \/>\n\t<meta property=\"og:image:width\" content=\"1200\" \/>\n\t<meta property=\"og:image:height\" content=\"800\" \/>\n\t<meta property=\"og:image:type\" content=\"image\/png\" \/>\n<meta name=\"twitter:card\" content=\"summary_large_image\" \/>\n<meta name=\"twitter:label1\" content=\"Est. reading time\" \/>\n\t<meta name=\"twitter:data1\" content=\"4 minutos\" \/>\n<script type=\"application\/ld+json\" class=\"yoast-schema-graph\">{\"@context\":\"https:\\\/\\\/schema.org\",\"@graph\":[{\"@type\":\"WebPage\",\"@id\":\"https:\\\/\\\/usadronetampa.com\\\/product\\\/dji-agras-mg-1s-octocopter-argriculture-drone-with-spray-system\\\/\",\"url\":\"https:\\\/\\\/usadronetampa.com\\\/product\\\/dji-agras-mg-1s-octocopter-argriculture-drone-with-spray-system\\\/\",\"name\":\"DJI Agras mg-1s octocopter argriculture drone with spray system - USA Drone Tampa\",\"isPartOf\":{\"@id\":\"https:\\\/\\\/usadronetampa.com\\\/#website\"},\"primaryImageOfPage\":{\"@id\":\"https:\\\/\\\/usadronetampa.com\\\/product\\\/dji-agras-mg-1s-octocopter-argriculture-drone-with-spray-system\\\/#primaryimage\"},\"image\":{\"@id\":\"https:\\\/\\\/usadronetampa.com\\\/product\\\/dji-agras-mg-1s-octocopter-argriculture-drone-with-spray-system\\\/#primaryimage\"},\"thumbnailUrl\":\"https:\\\/\\\/usadronetampa.com\\\/wp-content\\\/uploads\\\/2024\\\/06\\\/Agras-MG-1S.png\",\"datePublished\":\"2024-06-12T18:59:58+00:00\",\"dateModified\":\"2025-03-11T15:07:38+00:00\",\"description\":\"The Agras MG-1S integrates a number of cutting-edge DJI technologies, including the newA3 Flight Controller, and a Radar Sensing System that provides\",\"breadcrumb\":{\"@id\":\"https:\\\/\\\/usadronetampa.com\\\/product\\\/dji-agras-mg-1s-octocopter-argriculture-drone-with-spray-system\\\/#breadcrumb\"},\"inLanguage\":\"es-PE\",\"potentialAction\":[{\"@type\":\"ReadAction\",\"target\":[\"https:\\\/\\\/usadronetampa.com\\\/product\\\/dji-agras-mg-1s-octocopter-argriculture-drone-with-spray-system\\\/\"]}]},{\"@type\":\"ImageObject\",\"inLanguage\":\"es-PE\",\"@id\":\"https:\\\/\\\/usadronetampa.com\\\/product\\\/dji-agras-mg-1s-octocopter-argriculture-drone-with-spray-system\\\/#primaryimage\",\"url\":\"https:\\\/\\\/usadronetampa.com\\\/wp-content\\\/uploads\\\/2024\\\/06\\\/Agras-MG-1S.png\",\"contentUrl\":\"https:\\\/\\\/usadronetampa.com\\\/wp-content\\\/uploads\\\/2024\\\/06\\\/Agras-MG-1S.png\",\"width\":1200,\"height\":800},{\"@type\":\"BreadcrumbList\",\"@id\":\"https:\\\/\\\/usadronetampa.com\\\/product\\\/dji-agras-mg-1s-octocopter-argriculture-drone-with-spray-system\\\/#breadcrumb\",\"itemListElement\":[{\"@type\":\"ListItem\",\"position\":1,\"name\":\"Home\",\"item\":\"https:\\\/\\\/usadronetampa.com\\\/\"},{\"@type\":\"ListItem\",\"position\":2,\"name\":\"Store\",\"item\":\"https:\\\/\\\/usadronetampa.com\\\/tienda\\\/\"},{\"@type\":\"ListItem\",\"position\":3,\"name\":\"DJI Agras mg-1s octocopter argriculture drone with spray system\"}]},{\"@type\":\"WebSite\",\"@id\":\"https:\\\/\\\/usadronetampa.com\\\/#website\",\"url\":\"https:\\\/\\\/usadronetampa.com\\\/\",\"name\":\"USA Drone Tampa\",\"description\":\"Drones USA\",\"publisher\":{\"@id\":\"https:\\\/\\\/usadronetampa.com\\\/#organization\"},\"potentialAction\":[{\"@type\":\"SearchAction\",\"target\":{\"@type\":\"EntryPoint\",\"urlTemplate\":\"https:\\\/\\\/usadronetampa.com\\\/?s={search_term_string}\"},\"query-input\":{\"@type\":\"PropertyValueSpecification\",\"valueRequired\":true,\"valueName\":\"search_term_string\"}}],\"inLanguage\":\"es-PE\"},{\"@type\":\"Organization\",\"@id\":\"https:\\\/\\\/usadronetampa.com\\\/#organization\",\"name\":\"USA Drone Tampa\",\"url\":\"https:\\\/\\\/usadronetampa.com\\\/\",\"logo\":{\"@type\":\"ImageObject\",\"inLanguage\":\"es-PE\",\"@id\":\"https:\\\/\\\/usadronetampa.com\\\/#\\\/schema\\\/logo\\\/image\\\/\",\"url\":\"https:\\\/\\\/usadronetampa.com\\\/wp-content\\\/uploads\\\/2023\\\/08\\\/usa-drone2b.png\",\"contentUrl\":\"https:\\\/\\\/usadronetampa.com\\\/wp-content\\\/uploads\\\/2023\\\/08\\\/usa-drone2b.png\",\"width\":746,\"height\":590,\"caption\":\"USA Drone Tampa\"},\"image\":{\"@id\":\"https:\\\/\\\/usadronetampa.com\\\/#\\\/schema\\\/logo\\\/image\\\/\"},\"sameAs\":[\"https:\\\/\\\/www.facebook.com\\\/profile.php?id=100095595180083\"]}]}<\/script>\n<!-- \/ Yoast SEO plugin. -->","yoast_head_json":{"title":"DJI Agras mg-1s octocopter argriculture drone with spray system - USA Drone Tampa","description":"The Agras MG-1S integrates a number of cutting-edge DJI technologies, including the newA3 Flight Controller, and a Radar Sensing System that provides","robots":{"index":"index","follow":"follow","max-snippet":"max-snippet:-1","max-image-preview":"max-image-preview:large","max-video-preview":"max-video-preview:-1"},"canonical":"https:\/\/usadronetampa.com\/es\/product\/dji-agras-mg-1s-octocopter-argriculture-drone-with-spray-system\/","og_locale":"es_ES","og_type":"article","og_title":"DJI Agras mg-1s octocopter argriculture drone with spray system - USA Drone Tampa","og_description":"The Agras MG-1S integrates a number of cutting-edge DJI technologies, including the newA3 Flight Controller, and a Radar Sensing System that provides","og_url":"https:\/\/usadronetampa.com\/es\/product\/dji-agras-mg-1s-octocopter-argriculture-drone-with-spray-system\/","og_site_name":"USA Drone Tampa","article_publisher":"https:\/\/www.facebook.com\/profile.php?id=100095595180083","article_modified_time":"2025-03-11T15:07:38+00:00","og_image":[{"width":1200,"height":800,"url":"https:\/\/usadronetampa.com\/wp-content\/uploads\/2024\/06\/Agras-MG-1S.png","type":"image\/png"}],"twitter_card":"summary_large_image","twitter_misc":{"Est. reading time":"4 minutos"},"schema":{"@context":"https:\/\/schema.org","@graph":[{"@type":"WebPage","@id":"https:\/\/usadronetampa.com\/product\/dji-agras-mg-1s-octocopter-argriculture-drone-with-spray-system\/","url":"https:\/\/usadronetampa.com\/product\/dji-agras-mg-1s-octocopter-argriculture-drone-with-spray-system\/","name":"DJI Agras mg-1s octocopter argriculture drone with spray system - USA Drone Tampa","isPartOf":{"@id":"https:\/\/usadronetampa.com\/#website"},"primaryImageOfPage":{"@id":"https:\/\/usadronetampa.com\/product\/dji-agras-mg-1s-octocopter-argriculture-drone-with-spray-system\/#primaryimage"},"image":{"@id":"https:\/\/usadronetampa.com\/product\/dji-agras-mg-1s-octocopter-argriculture-drone-with-spray-system\/#primaryimage"},"thumbnailUrl":"https:\/\/usadronetampa.com\/wp-content\/uploads\/2024\/06\/Agras-MG-1S.png","datePublished":"2024-06-12T18:59:58+00:00","dateModified":"2025-03-11T15:07:38+00:00","description":"The Agras MG-1S integrates a number of cutting-edge DJI technologies, including the newA3 Flight Controller, and a Radar Sensing System that provides","breadcrumb":{"@id":"https:\/\/usadronetampa.com\/product\/dji-agras-mg-1s-octocopter-argriculture-drone-with-spray-system\/#breadcrumb"},"inLanguage":"es-PE","potentialAction":[{"@type":"ReadAction","target":["https:\/\/usadronetampa.com\/product\/dji-agras-mg-1s-octocopter-argriculture-drone-with-spray-system\/"]}]},{"@type":"ImageObject","inLanguage":"es-PE","@id":"https:\/\/usadronetampa.com\/product\/dji-agras-mg-1s-octocopter-argriculture-drone-with-spray-system\/#primaryimage","url":"https:\/\/usadronetampa.com\/wp-content\/uploads\/2024\/06\/Agras-MG-1S.png","contentUrl":"https:\/\/usadronetampa.com\/wp-content\/uploads\/2024\/06\/Agras-MG-1S.png","width":1200,"height":800},{"@type":"BreadcrumbList","@id":"https:\/\/usadronetampa.com\/product\/dji-agras-mg-1s-octocopter-argriculture-drone-with-spray-system\/#breadcrumb","itemListElement":[{"@type":"ListItem","position":1,"name":"Home","item":"https:\/\/usadronetampa.com\/"},{"@type":"ListItem","position":2,"name":"Store","item":"https:\/\/usadronetampa.com\/tienda\/"},{"@type":"ListItem","position":3,"name":"DJI Agras mg-1s octocopter argriculture drone with spray system"}]},{"@type":"WebSite","@id":"https:\/\/usadronetampa.com\/#website","url":"https:\/\/usadronetampa.com\/","name":"USA Drone Tampa","description":"Drones EE. UU.","publisher":{"@id":"https:\/\/usadronetampa.com\/#organization"},"potentialAction":[{"@type":"SearchAction","target":{"@type":"EntryPoint","urlTemplate":"https:\/\/usadronetampa.com\/?s={search_term_string}"},"query-input":{"@type":"PropertyValueSpecification","valueRequired":true,"valueName":"search_term_string"}}],"inLanguage":"es-PE"},{"@type":"Organization","@id":"https:\/\/usadronetampa.com\/#organization","name":"USA Drone Tampa","url":"https:\/\/usadronetampa.com\/","logo":{"@type":"ImageObject","inLanguage":"es-PE","@id":"https:\/\/usadronetampa.com\/#\/schema\/logo\/image\/","url":"https:\/\/usadronetampa.com\/wp-content\/uploads\/2023\/08\/usa-drone2b.png","contentUrl":"https:\/\/usadronetampa.com\/wp-content\/uploads\/2023\/08\/usa-drone2b.png","width":746,"height":590,"caption":"USA Drone Tampa"},"image":{"@id":"https:\/\/usadronetampa.com\/#\/schema\/logo\/image\/"},"sameAs":["https:\/\/www.facebook.com\/profile.php?id=100095595180083"]}]}},"_links":{"self":[{"href":"https:\/\/usadronetampa.com\/es\/wp-json\/wp\/v2\/product\/2082","targetHints":{"allow":["GET"]}}],"collection":[{"href":"https:\/\/usadronetampa.com\/es\/wp-json\/wp\/v2\/product"}],"about":[{"href":"https:\/\/usadronetampa.com\/es\/wp-json\/wp\/v2\/types\/product"}],"replies":[{"embeddable":true,"href":"https:\/\/usadronetampa.com\/es\/wp-json\/wp\/v2\/comments?post=2082"}],"wp:featuredmedia":[{"embeddable":true,"href":"https:\/\/usadronetampa.com\/es\/wp-json\/wp\/v2\/media\/2071"}],"wp:attachment":[{"href":"https:\/\/usadronetampa.com\/es\/wp-json\/wp\/v2\/media?parent=2082"}],"wp:term":[{"taxonomy":"product_brand","embeddable":true,"href":"https:\/\/usadronetampa.com\/es\/wp-json\/wp\/v2\/product_brand?post=2082"},{"taxonomy":"product_cat","embeddable":true,"href":"https:\/\/usadronetampa.com\/es\/wp-json\/wp\/v2\/product_cat?post=2082"},{"taxonomy":"product_tag","embeddable":true,"href":"https:\/\/usadronetampa.com\/es\/wp-json\/wp\/v2\/product_tag?post=2082"}],"curies":[{"name":"gracias","href":"https:\/\/api.w.org\/{rel}","templated":true}]}}