{"id":2053,"date":"2024-05-17T16:54:07","date_gmt":"2024-05-17T21:54:07","guid":{"rendered":"https:\/\/usadronetampa.com\/?post_type=product&#038;p=2053"},"modified":"2025-03-11T10:09:19","modified_gmt":"2025-03-11T15:09:19","slug":"dji-agras-t50-agricultural-drone-ready-to-fly-kit","status":"publish","type":"product","link":"https:\/\/usadronetampa.com\/es\/product\/dji-agras-t50-agricultural-drone-ready-to-fly-kit\/","title":{"rendered":"DJI Agras T50 Drone Agr\u00edcola Listo Para Volar Kit"},"content":{"rendered":"<div class=\"container\">\n<h1 style=\"text-align: center; font-size: 72px; font-weight: 600; padding-top: 35px; color: #111;\">DJI Agras T50<\/h1>\n<h2 style=\"text-align: center; font-size: 32px; font-weight: 400; padding-bottom: 5px; padding-left: 0px; color: #52c41a;\">Precision Agricultural Drone<\/h2>\n<p id=\"infotext\">DJI AGRAS T50 elevates drone agricultural operations to new heights. It inherits a powerful coaxial twin-rotor propulsion system and a split-type torque resistant structure for next level stability when carrying 40 kg spraying or 50 kg spreading payloads.<br \/>\nDJI AGRAS T50 leverages a Dual Atomizing Spraying System, Front and Rear Phased Array Radars, and a Binocular Vision System. DJI AGRAS T50 excels across multiple scenarios, from surveying to spraying and spreading, guaranteeing stable operations and steady performance.<\/p>\n<div class=\"video-container\"><video autoplay=\"autoplay\" loop=\"loop\" muted=\"\" width=\"300\" height=\"150\"><source src=\"https:\/\/dji-official-fe.djicdn.com\/reactor\/assets\/_next\/static\/videos\/01fb081c-af1f-415f-86b6-cb71164600fd.mp4\" type=\"video\/mp4\" \/><\/video><\/div>\n<p>Heavy Payload<br \/>\nHigh Flow Rate<br \/>\nSignal Stability<br \/>\nAll Scenario Adaptability<br \/>\nMultidirectional Obstacle Sensing<br \/>\nFour Sprinkler Kit (Optional)<br \/>\n21 hectares per hour<br \/>\n1,500 kg of granules per hour<\/p>\n<div style=\"height: 25px;\"><\/div>\n<div id=\"hsformppage\">\n<h2 id=\"falcon\">GET IN TOUCH WITH AN EXPERT<\/h2>\n<p><!-- [if lte IE 8]>\n<script charset=\"utf-8\" type=\"text\/javascript\" src=\"\/\/js.hsforms.net\/forms\/v2-legacy.js\"><\/script>\n<![endif]--><br \/>\n<script charset=\"utf-8\" src=\"\/\/js.hsforms.net\/forms\/v2.js\" type=\"text\/javascript\"><\/script><br \/>\n<script type=\"text\/javascript\" data-hubspot-rendered=\"true\">\/\/ <![CDATA[ hbspt.forms.create({ region: \"na1\", portalId: \"4149569\", formId: \"1885461f-85fe-4873-86ca-cddc5b9c2331\" }); \/\/ ]]><\/script><\/p>\n<div id=\"hbspt-form-f498035c-a8fc-414c-b44a-2d4b05ef1f9d\" class=\"hbspt-form\" data-hs-forms-root=\"true\"><iframe id=\"hs-form-iframe-1\" class=\"hs-form-iframe\" style=\"position: static; border: none; display: block; overflow: hidden; width: 100%; height: 336px;\" title=\"Form 1\" width=\"100%\" height=\"336\" scrolling=\"no\"><\/iframe><\/div>\n<\/div>\n<div style=\"height: 25px;\"><\/div>\n<h2 style=\"text-align: center; font-size: 42px; font-weight: 600; padding-top: 35px; color: #52c41a;\">Spraying System<\/h2>\n<div class=\"video-container\"><video autoplay=\"autoplay\" loop=\"loop\" muted=\"\" width=\"300\" height=\"150\"><source src=\"https:\/\/dji-official-fe.djicdn.com\/reactor\/assets\/_next\/static\/videos\/f56a3963-0ca1-4d25-a3c4-3359ea6885cf.mp4\" type=\"video\/mp4\" \/><\/video><\/div>\n<h2 id=\"t50title\">High Rate, Atomized Spray, Leak Free<\/h2>\n<p id=\"infotext\">DJI AGRAS T50&#8217;s Dual Atomizing Spraying System provides an ultra-large flow rate of up to 16 L\/min (2-sprinkler spraying). It produces uniform and fine spray droplets, and does not leak. The DJI AGRAS T50 can be equipped with an additional pair of centrifugal sprinklers, increasing flow rate to 24 L\/min (4-sprinkler spraying) for operations that require high application volume. When flying manually, use Reverse Directional Spray with four sprinklers to simplify operations without having to make turns.<\/p>\n<h2 id=\"t50title\">Magnetic Drive Impeller Pump<\/h2>\n<p id=\"infotext\">Dual pump flow rate of up to 24 L\/min. This is a 100% increase compared with the previous generation, to meet demands of fields, orchards, and high-temperature environments.<\/p>\n<h2 id=\"t50title\">Dual Atomized Centrifugal Sprinkler<\/h2>\n<p id=\"infotext\">Droplet size can be adjusted between 50-500 \u03bcm, depending on the chemicals used.<\/p>\n<h2 id=\"t50title\">Brand-New Solenoid Valves<\/h2>\n<p id=\"infotext\">Precision starting and stopping eliminates leaking.<\/p>\n<h2 style=\"text-align: center; font-size: 42px; font-weight: 600; padding-top: 35px; color: #52c41a;\">Double your peace of mind<br \/>\nwith Binocular Vision and Dual Radar<\/h2>\n<p id=\"infotext\">DJI AGRAS T50 is equipped with front and rear Active Phased Array Radars with double the number of RF channels for higher detection precision. Together they enable Multidirectional Obstacle Sensing, elevating operating safety. Two sets of Binocular Vision sensors enable DJI AGRAS T50 to accurately sense terrain and depict obstacles in detail, for automatic obstacle bypassing and Terrain Following over steep slopes.<\/p>\n<div class=\"video-container\"><video autoplay=\"autoplay\" loop=\"loop\" muted=\"\" width=\"300\" height=\"150\"><source src=\"https:\/\/dji-official-fe.djicdn.com\/reactor\/assets\/_next\/static\/videos\/01b2b8a2-6dcc-4589-bcc9-c5707619087d.mp4\" type=\"video\/mp4\" \/><\/video><\/div>\n<h2 id=\"t50title\">One drone for surveying, spraying, and spreading<\/h2>\n<p id=\"infotext\">DJI AGRAS T50 integrates aerial surveying, spraying, and spreading into a single drone. A high-resolution FPV gimbal camera enables real-time capture of field and orchard images. Paired with DJI RC Plus and RTK service, you can generate high definition maps which underpin subsequent automatic flight routes. DJI AGRAS T50 can take off and perform automatic operations, all at the push of a button.<\/p>\n<div class=\"video-container\"><video autoplay=\"autoplay\" loop=\"loop\" muted=\"\" width=\"300\" height=\"150\"><source src=\"https:\/\/dji-official-fe.djicdn.com\/reactor\/assets\/_next\/static\/videos\/8fbabfea-4871-4a9b-b378-829d6b42fa73.mp4\" type=\"video\/mp4\" \/><\/video><\/div>\n<h2 style=\"text-align: center; font-size: 42px; font-weight: 600; padding-top: 35px; color: #52c41a;\">Orchard Aerial Survey<\/h2>\n<p id=\"infotext\">DJI AGRAS T50 supports obstacle bypassing and Terrain Following for surveying of orchards on slopes up to 20\u00b0. With DJI RC Plus and its real-time mapping capabilities, it can automatically identify fruit trees and obstacles. Based on the distribution of the fruit trees, it can generate accurate and fully automatic 3D flight routes.<\/p>\n<h2 style=\"text-align: center; font-size: 42px; font-weight: 600; padding-top: 35px; color: #52c41a;\">Signal Stability<\/h2>\n<p id=\"infotext\">The new and upgraded quad-antenna O3 Transmission system works offline even in areas without cellular coverage, offering a transmission range of 2 km. Its anti-interference ability helps ensure high signal quality during operations over tall crops.<\/p>\n<h2 style=\"text-align: center; font-size: 42px; font-weight: 600; padding-top: 35px; color: #52c41a;\">Accessories<\/h2>\n<h2 id=\"t50title\">D12000iE Multifunctional Inverter Generator<\/h2>\n<p id=\"infotext\">30L tank charges 47 batteries | 1500W AC output | 9-min ultra-fast charging<\/p>\n<h2 id=\"t50title\">DB1560 Intelligent Flight Battery<\/h2>\n<p id=\"infotext\">Capacity increased to 30 Ah.<br \/>\nUp to 1,500 charging cycles.<\/p>\n<h2 id=\"t50title\">C10000 Intelligent Charger<\/h2>\n<p id=\"infotext\">9,000 W fast charging<br \/>\nPower-adaptive protection<br \/>\n1.5 m long charging cable<\/p>\n<h2 style=\"text-align: center; font-size: 42px; font-weight: 600; padding-top: 35px; color: #52c41a;\">Smart Agriculture Ecosystem<\/h2>\n<p id=\"infotext\">Pair DJI AGRAS T50 with the new Mavic 3M and leverage multispectral data to minimize inputs and maximize yields. Survey your farm and generate prescription maps to guide variable rate fertilization and crop protection. Quickly patrol fields to identify growth stress.<\/p>\n<div class=\"video-container\"><video autoplay=\"autoplay\" loop=\"loop\" muted=\"\" width=\"300\" height=\"150\"><source src=\"https:\/\/dji-official-fe.djicdn.com\/reactor\/assets\/_next\/static\/videos\/0d2490e7-8643-4163-81e7-3616d4dbf200.mp4\" type=\"video\/mp4\" \/><\/video><\/div>\n<div style=\"height: 25px;\"><\/div>\n<div id=\"hsformppage\">\n<h2 id=\"falcon\">GET IN TOUCH WITH AN EXPERT<\/h2>\n<p><!-- [if lte IE 8]>\n<script charset=\"utf-8\" type=\"text\/javascript\" src=\"\/\/js.hsforms.net\/forms\/v2-legacy.js\"><\/script>\n<![endif]--><br \/>\n<script charset=\"utf-8\" src=\"\/\/js.hsforms.net\/forms\/v2.js\" type=\"text\/javascript\"><\/script><br \/>\n<script type=\"text\/javascript\" data-hubspot-rendered=\"true\">\/\/ <![CDATA[ hbspt.forms.create({ region: \"na1\", portalId: \"4149569\", formId: \"1885461f-85fe-4873-86ca-cddc5b9c2331\" }); \/\/ ]]><\/script><\/p>\n<div id=\"hbspt-form-2abeb63e-d050-4438-8e5d-7f924086b9d5\" class=\"hbspt-form\" data-hs-forms-root=\"true\"><iframe id=\"hs-form-iframe-2\" class=\"hs-form-iframe\" style=\"position: static; border: none; display: block; overflow: hidden; width: 100%; height: 336px;\" title=\"Form 2\" width=\"100%\" height=\"336\" scrolling=\"no\"><\/iframe><\/div>\n<\/div>\n<div style=\"height: 25px;\"><\/div>\n<style><!-- video { width: 100% !important; height: auto !important; padding-bottom: 20px; } .video-container { max-width: 1000px; margin: 0 auto; padding: 0px; } div#hsformppage {width: 100%; max-width: 850px; text-align: center; margin: 0 auto; padding: 20px;transition: 0.5s; background: #f5f5f5;} div#hsformppage:hover {box-shadow:0px 0px 10px 1px #111;transition: 0.5s;} p#infotext {padding-left: 10%; padding-right: 10%;font-size: 16px;text-align: center; padding-top:15px;} h2#t50title {font-size: 42px; color:#03432f; padding:25px;text-align:center;} h3#t50smtitle {font-size: 22px; color:#03432f;} h3#bulletpoints2 {text-align: center;font-size: 20px;font-weight: 400;padding-bottom: 10px;padding-left: 0px;color: #266c8d;} h3#bulletpoints1 {text-align: center;font-size: 22px;font-weight: 400;padding-bottom: 30px;padding-left: 0px;color: #666;text-transform: none;} p#tabletext {font-size: 16px;text-align: center;margin:auto;color:#333;} p#infotext {font-size: 20px; max-width: 80%; text-align: center; margin: 0 auto; padding-bottom: 25px;} p#bullettext {padding-left: 10%; padding-right: 10%;font-size: 16px;text-align: center;} .spectable table {width: 100%;max-width: 840px;margin: auto;border-collapse: collapse;border-radius: 1px;border-style: hidden;box-shadow: 0 0 0 1px #999;background:#ddd;} .spectable {padding-bottom:25px; padding-top:25px;} .spectable thead {background-color: #666; color:#eee;} .spectable tr {border: 2px solid #888;} .spectable td {font-size: 16px;padding: 1.5%;text-align: center;width: 15%;border: 1px solid #999;color:#777;} .imageboxes img { width: 100%; max-width: 900px; text-align: center; } .imageboxes2 img { width: 100%; max-width: 1280px; text-align: center; padding-bottom: 25px; } .rowflex { display: flex; } .columnflex { flex: 50%; padding: 10px; } @media (max-width: 767px) { .spectable td {width: 100%; max-width: 100%; border: 1px solid #999;color:#777;} .spectable table {border-radius: 0px;} p#tabletext {font-size: 12px;text-align: center;margin:auto;color:#333;} p#infotext {padding-left: 5%; padding-right: 5%;font-size: 14px;text-align: center; padding-top:15px;background-color:#ddd;} .headerbgimg {margin-top: -1px; min-height: 700px;} h2#t50title {font-size: 32px;} iframe#hs-form-iframe-0 {height: 600px !important;} iframe#hs-form-iframe-1 {height: 600px !important;} iframe#hs-form-iframe-2 {height: 600px !important;} } --><\/style>\n<\/div>\n","protected":false},"excerpt":{"rendered":"<p><span style=\"color: #ff0000;\">Para obtener m\u00e1s informaci\u00f3n sobre este producto, comun\u00edquese con<\/span>\u00a0<span style=\"color: #3366ff;\"><a style=\"color: #3366ff;\" href=\"mailto:sales@usadronetampa.com\" target=\"_blank\" rel=\"noopener\">sales@usadronetampa.com <\/a><\/span><\/p>","protected":false},"featured_media":2054,"comment_status":"open","ping_status":"closed","template":"","meta":{"site-sidebar-layout":"default","site-content-layout":"","ast-site-content-layout":"default","site-content-style":"default","site-sidebar-style":"default","ast-global-header-display":"","ast-banner-title-visibility":"","ast-main-header-display":"","ast-hfb-above-header-display":"","ast-hfb-below-header-display":"","ast-hfb-mobile-header-display":"","site-post-title":"","ast-breadcrumbs-content":"","ast-featured-img":"","footer-sml-layout":"","ast-disable-related-posts":"","theme-transparent-header-meta":"default","adv-header-id-meta":"","stick-header-meta":"default","header-above-stick-meta":"","header-main-stick-meta":"","header-below-stick-meta":"","astra-migrate-meta-layouts":"set","ast-page-background-enabled":"default","ast-page-background-meta":{"desktop":{"background-color":"var(--ast-global-color-4)","background-image":"","background-repeat":"repeat","background-position":"center center","background-size":"auto","background-attachment":"scroll","background-type":"","background-media":"","overlay-type":"","overlay-color":"","overlay-opacity":"","overlay-gradient":""},"tablet":{"background-color":"","background-image":"","background-repeat":"repeat","background-position":"center center","background-size":"auto","background-attachment":"scroll","background-type":"","background-media":"","overlay-type":"","overlay-color":"","overlay-opacity":"","overlay-gradient":""},"mobile":{"background-color":"","background-image":"","background-repeat":"repeat","background-position":"center center","background-size":"auto","background-attachment":"scroll","background-type":"","background-media":"","overlay-type":"","overlay-color":"","overlay-opacity":"","overlay-gradient":""}},"ast-content-background-meta":{"desktop":{"background-color":"var(--ast-global-color-5)","background-image":"","background-repeat":"repeat","background-position":"center center","background-size":"auto","background-attachment":"scroll","background-type":"","background-media":"","overlay-type":"","overlay-color":"","overlay-opacity":"","overlay-gradient":""},"tablet":{"background-color":"var(--ast-global-color-5)","background-image":"","background-repeat":"repeat","background-position":"center center","background-size":"auto","background-attachment":"scroll","background-type":"","background-media":"","overlay-type":"","overlay-color":"","overlay-opacity":"","overlay-gradient":""},"mobile":{"background-color":"var(--ast-global-color-5)","background-image":"","background-repeat":"repeat","background-position":"center center","background-size":"auto","background-attachment":"scroll","background-type":"","background-media":"","overlay-type":"","overlay-color":"","overlay-opacity":"","overlay-gradient":""}}},"product_brand":[],"product_cat":[34],"product_tag":[],"class_list":{"0":"post-2053","1":"product","2":"type-product","3":"status-publish","4":"has-post-thumbnail","6":"product_cat-agricultural-drones","7":"desktop-align-left","8":"tablet-align-left","9":"mobile-align-left","11":"first","12":"instock","13":"taxable","14":"shipping-taxable","15":"product-type-simple"},"yoast_head":"<!-- This site is optimized with the Yoast SEO plugin v27.4 - https:\/\/yoast.com\/product\/yoast-seo-wordpress\/ -->\n<title>DJI Agras T50 Agricultural Drone Ready To Fly Kit - USA Drone Tampa<\/title>\n<meta name=\"description\" content=\"Optimized and is now capable of recording videoin CinemaDNG and Apple ProRes, and other common formats for post-production in filmmaking\" \/>\n<meta name=\"robots\" content=\"index, follow, max-snippet:-1, max-image-preview:large, max-video-preview:-1\" \/>\n<link rel=\"canonical\" href=\"https:\/\/usadronetampa.com\/es\/product\/dji-agras-t50-agricultural-drone-ready-to-fly-kit\/\" \/>\n<meta property=\"og:locale\" content=\"es_ES\" \/>\n<meta property=\"og:type\" content=\"article\" \/>\n<meta property=\"og:title\" content=\"DJI Agras T50 Agricultural Drone Ready To Fly Kit - USA Drone Tampa\" \/>\n<meta property=\"og:description\" content=\"Optimized and is now capable of recording videoin CinemaDNG and Apple ProRes, and other common formats for post-production in filmmaking\" \/>\n<meta property=\"og:url\" content=\"https:\/\/usadronetampa.com\/es\/product\/dji-agras-t50-agricultural-drone-ready-to-fly-kit\/\" \/>\n<meta property=\"og:site_name\" content=\"USA Drone Tampa\" \/>\n<meta property=\"article:publisher\" content=\"https:\/\/www.facebook.com\/profile.php?id=100095595180083\" \/>\n<meta property=\"article:modified_time\" content=\"2025-03-11T15:09:19+00:00\" \/>\n<meta property=\"og:image\" content=\"https:\/\/usadronetampa.com\/wp-content\/uploads\/2024\/05\/AgrasT50Kit.webp\" \/>\n\t<meta property=\"og:image:width\" content=\"1200\" \/>\n\t<meta property=\"og:image:height\" content=\"800\" \/>\n\t<meta property=\"og:image:type\" content=\"image\/webp\" \/>\n<meta name=\"twitter:card\" content=\"summary_large_image\" \/>\n<meta name=\"twitter:label1\" content=\"Est. reading time\" \/>\n\t<meta name=\"twitter:data1\" content=\"3 minutos\" \/>\n<script type=\"application\/ld+json\" class=\"yoast-schema-graph\">{\"@context\":\"https:\\\/\\\/schema.org\",\"@graph\":[{\"@type\":\"WebPage\",\"@id\":\"https:\\\/\\\/usadronetampa.com\\\/product\\\/dji-agras-t50-agricultural-drone-ready-to-fly-kit\\\/\",\"url\":\"https:\\\/\\\/usadronetampa.com\\\/product\\\/dji-agras-t50-agricultural-drone-ready-to-fly-kit\\\/\",\"name\":\"DJI Agras T50 Agricultural Drone Ready To Fly Kit - USA Drone Tampa\",\"isPartOf\":{\"@id\":\"https:\\\/\\\/usadronetampa.com\\\/#website\"},\"primaryImageOfPage\":{\"@id\":\"https:\\\/\\\/usadronetampa.com\\\/product\\\/dji-agras-t50-agricultural-drone-ready-to-fly-kit\\\/#primaryimage\"},\"image\":{\"@id\":\"https:\\\/\\\/usadronetampa.com\\\/product\\\/dji-agras-t50-agricultural-drone-ready-to-fly-kit\\\/#primaryimage\"},\"thumbnailUrl\":\"https:\\\/\\\/usadronetampa.com\\\/wp-content\\\/uploads\\\/2024\\\/05\\\/AgrasT50Kit.webp\",\"datePublished\":\"2024-05-17T21:54:07+00:00\",\"dateModified\":\"2025-03-11T15:09:19+00:00\",\"description\":\"Optimized and is now capable of recording videoin CinemaDNG and Apple ProRes, and other common formats for post-production in filmmaking\",\"breadcrumb\":{\"@id\":\"https:\\\/\\\/usadronetampa.com\\\/product\\\/dji-agras-t50-agricultural-drone-ready-to-fly-kit\\\/#breadcrumb\"},\"inLanguage\":\"es-PE\",\"potentialAction\":[{\"@type\":\"ReadAction\",\"target\":[\"https:\\\/\\\/usadronetampa.com\\\/product\\\/dji-agras-t50-agricultural-drone-ready-to-fly-kit\\\/\"]}]},{\"@type\":\"ImageObject\",\"inLanguage\":\"es-PE\",\"@id\":\"https:\\\/\\\/usadronetampa.com\\\/product\\\/dji-agras-t50-agricultural-drone-ready-to-fly-kit\\\/#primaryimage\",\"url\":\"https:\\\/\\\/usadronetampa.com\\\/wp-content\\\/uploads\\\/2024\\\/05\\\/AgrasT50Kit.webp\",\"contentUrl\":\"https:\\\/\\\/usadronetampa.com\\\/wp-content\\\/uploads\\\/2024\\\/05\\\/AgrasT50Kit.webp\",\"width\":1200,\"height\":800},{\"@type\":\"BreadcrumbList\",\"@id\":\"https:\\\/\\\/usadronetampa.com\\\/product\\\/dji-agras-t50-agricultural-drone-ready-to-fly-kit\\\/#breadcrumb\",\"itemListElement\":[{\"@type\":\"ListItem\",\"position\":1,\"name\":\"Home\",\"item\":\"https:\\\/\\\/usadronetampa.com\\\/\"},{\"@type\":\"ListItem\",\"position\":2,\"name\":\"Store\",\"item\":\"https:\\\/\\\/usadronetampa.com\\\/tienda\\\/\"},{\"@type\":\"ListItem\",\"position\":3,\"name\":\"DJI Agras T50 Agricultural Drone Ready To Fly Kit\"}]},{\"@type\":\"WebSite\",\"@id\":\"https:\\\/\\\/usadronetampa.com\\\/#website\",\"url\":\"https:\\\/\\\/usadronetampa.com\\\/\",\"name\":\"USA Drone Tampa\",\"description\":\"Drones USA\",\"publisher\":{\"@id\":\"https:\\\/\\\/usadronetampa.com\\\/#organization\"},\"potentialAction\":[{\"@type\":\"SearchAction\",\"target\":{\"@type\":\"EntryPoint\",\"urlTemplate\":\"https:\\\/\\\/usadronetampa.com\\\/?s={search_term_string}\"},\"query-input\":{\"@type\":\"PropertyValueSpecification\",\"valueRequired\":true,\"valueName\":\"search_term_string\"}}],\"inLanguage\":\"es-PE\"},{\"@type\":\"Organization\",\"@id\":\"https:\\\/\\\/usadronetampa.com\\\/#organization\",\"name\":\"USA Drone Tampa\",\"url\":\"https:\\\/\\\/usadronetampa.com\\\/\",\"logo\":{\"@type\":\"ImageObject\",\"inLanguage\":\"es-PE\",\"@id\":\"https:\\\/\\\/usadronetampa.com\\\/#\\\/schema\\\/logo\\\/image\\\/\",\"url\":\"https:\\\/\\\/usadronetampa.com\\\/wp-content\\\/uploads\\\/2023\\\/08\\\/usa-drone2b.png\",\"contentUrl\":\"https:\\\/\\\/usadronetampa.com\\\/wp-content\\\/uploads\\\/2023\\\/08\\\/usa-drone2b.png\",\"width\":746,\"height\":590,\"caption\":\"USA Drone Tampa\"},\"image\":{\"@id\":\"https:\\\/\\\/usadronetampa.com\\\/#\\\/schema\\\/logo\\\/image\\\/\"},\"sameAs\":[\"https:\\\/\\\/www.facebook.com\\\/profile.php?id=100095595180083\"]}]}<\/script>\n<!-- \/ Yoast SEO plugin. -->","yoast_head_json":{"title":"DJI Agras T50 Agricultural Drone Ready To Fly Kit - USA Drone Tampa","description":"Optimizado y ahora capaz de grabar videos en CinemaDNG y Apple ProRes, y otros formatos comunes para la postproducci\u00f3n cinematogr\u00e1fica.","robots":{"index":"index","follow":"follow","max-snippet":"max-snippet:-1","max-image-preview":"max-image-preview:large","max-video-preview":"max-video-preview:-1"},"canonical":"https:\/\/usadronetampa.com\/es\/product\/dji-agras-t50-agricultural-drone-ready-to-fly-kit\/","og_locale":"es_ES","og_type":"article","og_title":"DJI Agras T50 Agricultural Drone Ready To Fly Kit - USA Drone Tampa","og_description":"Optimized and is now capable of recording videoin CinemaDNG and Apple ProRes, and other common formats for post-production in filmmaking","og_url":"https:\/\/usadronetampa.com\/es\/product\/dji-agras-t50-agricultural-drone-ready-to-fly-kit\/","og_site_name":"USA Drone Tampa","article_publisher":"https:\/\/www.facebook.com\/profile.php?id=100095595180083","article_modified_time":"2025-03-11T15:09:19+00:00","og_image":[{"width":1200,"height":800,"url":"https:\/\/usadronetampa.com\/wp-content\/uploads\/2024\/05\/AgrasT50Kit.webp","type":"image\/webp"}],"twitter_card":"summary_large_image","twitter_misc":{"Est. reading time":"3 minutos"},"schema":{"@context":"https:\/\/schema.org","@graph":[{"@type":"WebPage","@id":"https:\/\/usadronetampa.com\/product\/dji-agras-t50-agricultural-drone-ready-to-fly-kit\/","url":"https:\/\/usadronetampa.com\/product\/dji-agras-t50-agricultural-drone-ready-to-fly-kit\/","name":"DJI Agras T50 Agricultural Drone Ready To Fly Kit - USA Drone Tampa","isPartOf":{"@id":"https:\/\/usadronetampa.com\/#website"},"primaryImageOfPage":{"@id":"https:\/\/usadronetampa.com\/product\/dji-agras-t50-agricultural-drone-ready-to-fly-kit\/#primaryimage"},"image":{"@id":"https:\/\/usadronetampa.com\/product\/dji-agras-t50-agricultural-drone-ready-to-fly-kit\/#primaryimage"},"thumbnailUrl":"https:\/\/usadronetampa.com\/wp-content\/uploads\/2024\/05\/AgrasT50Kit.webp","datePublished":"2024-05-17T21:54:07+00:00","dateModified":"2025-03-11T15:09:19+00:00","description":"Optimizado y ahora capaz de grabar videos en CinemaDNG y Apple ProRes, y otros formatos comunes para la postproducci\u00f3n cinematogr\u00e1fica.","breadcrumb":{"@id":"https:\/\/usadronetampa.com\/product\/dji-agras-t50-agricultural-drone-ready-to-fly-kit\/#breadcrumb"},"inLanguage":"es-PE","potentialAction":[{"@type":"ReadAction","target":["https:\/\/usadronetampa.com\/product\/dji-agras-t50-agricultural-drone-ready-to-fly-kit\/"]}]},{"@type":"ImageObject","inLanguage":"es-PE","@id":"https:\/\/usadronetampa.com\/product\/dji-agras-t50-agricultural-drone-ready-to-fly-kit\/#primaryimage","url":"https:\/\/usadronetampa.com\/wp-content\/uploads\/2024\/05\/AgrasT50Kit.webp","contentUrl":"https:\/\/usadronetampa.com\/wp-content\/uploads\/2024\/05\/AgrasT50Kit.webp","width":1200,"height":800},{"@type":"BreadcrumbList","@id":"https:\/\/usadronetampa.com\/product\/dji-agras-t50-agricultural-drone-ready-to-fly-kit\/#breadcrumb","itemListElement":[{"@type":"ListItem","position":1,"name":"Home","item":"https:\/\/usadronetampa.com\/"},{"@type":"ListItem","position":2,"name":"Store","item":"https:\/\/usadronetampa.com\/tienda\/"},{"@type":"ListItem","position":3,"name":"DJI Agras T50 Agricultural Drone Ready To Fly Kit"}]},{"@type":"WebSite","@id":"https:\/\/usadronetampa.com\/#website","url":"https:\/\/usadronetampa.com\/","name":"USA Drone Tampa","description":"Drones EE. UU.","publisher":{"@id":"https:\/\/usadronetampa.com\/#organization"},"potentialAction":[{"@type":"SearchAction","target":{"@type":"EntryPoint","urlTemplate":"https:\/\/usadronetampa.com\/?s={search_term_string}"},"query-input":{"@type":"PropertyValueSpecification","valueRequired":true,"valueName":"search_term_string"}}],"inLanguage":"es-PE"},{"@type":"Organization","@id":"https:\/\/usadronetampa.com\/#organization","name":"USA Drone Tampa","url":"https:\/\/usadronetampa.com\/","logo":{"@type":"ImageObject","inLanguage":"es-PE","@id":"https:\/\/usadronetampa.com\/#\/schema\/logo\/image\/","url":"https:\/\/usadronetampa.com\/wp-content\/uploads\/2023\/08\/usa-drone2b.png","contentUrl":"https:\/\/usadronetampa.com\/wp-content\/uploads\/2023\/08\/usa-drone2b.png","width":746,"height":590,"caption":"USA Drone Tampa"},"image":{"@id":"https:\/\/usadronetampa.com\/#\/schema\/logo\/image\/"},"sameAs":["https:\/\/www.facebook.com\/profile.php?id=100095595180083"]}]}},"_links":{"self":[{"href":"https:\/\/usadronetampa.com\/es\/wp-json\/wp\/v2\/product\/2053","targetHints":{"allow":["GET"]}}],"collection":[{"href":"https:\/\/usadronetampa.com\/es\/wp-json\/wp\/v2\/product"}],"about":[{"href":"https:\/\/usadronetampa.com\/es\/wp-json\/wp\/v2\/types\/product"}],"replies":[{"embeddable":true,"href":"https:\/\/usadronetampa.com\/es\/wp-json\/wp\/v2\/comments?post=2053"}],"wp:featuredmedia":[{"embeddable":true,"href":"https:\/\/usadronetampa.com\/es\/wp-json\/wp\/v2\/media\/2054"}],"wp:attachment":[{"href":"https:\/\/usadronetampa.com\/es\/wp-json\/wp\/v2\/media?parent=2053"}],"wp:term":[{"taxonomy":"product_brand","embeddable":true,"href":"https:\/\/usadronetampa.com\/es\/wp-json\/wp\/v2\/product_brand?post=2053"},{"taxonomy":"product_cat","embeddable":true,"href":"https:\/\/usadronetampa.com\/es\/wp-json\/wp\/v2\/product_cat?post=2053"},{"taxonomy":"product_tag","embeddable":true,"href":"https:\/\/usadronetampa.com\/es\/wp-json\/wp\/v2\/product_tag?post=2053"}],"curies":[{"name":"gracias","href":"https:\/\/api.w.org\/{rel}","templated":true}]}}