{"id":2030,"date":"2024-05-17T16:43:45","date_gmt":"2024-05-17T21:43:45","guid":{"rendered":"https:\/\/usadronetampa.com\/?post_type=product&#038;p=2030"},"modified":"2025-03-07T13:29:57","modified_gmt":"2025-03-07T18:29:57","slug":"dji-agras-mg-1p-ready-to-fly-bundle","status":"publish","type":"product","link":"https:\/\/usadronetampa.com\/es\/product\/dji-agras-mg-1p-ready-to-fly-bundle\/","title":{"rendered":"Paquete DJI Agras MG-1P listo para volar"},"content":{"rendered":"<div class=\"container\"><center><br \/>\n<video autoplay=\"autoplay\" muted=\"\" controls=\"controls\" width=\"720\" height=\"480\"><source src=\"https:\/\/s3-us-west-2.amazonaws.com\/dronenerds\/mg1-vid1.mp4\" type=\"video\/mp4\" \/><\/video><\/center><br \/>\n<center><strong><u><a href=\"https:\/\/enterprise.dronenerds.com\/agras-series\/\">Click here to read more about the DJI Agras MG-1 Enterprise Series<\/a><\/u><\/strong>&nbsp;<\/p>\n<p>&nbsp;<\/p>\n<p><\/center><\/p>\n<h2>READY-TO-FLY BUNDLE KIT &#8211; DRONE NERDS EXCLUSIVE:<\/h2>\n<ul>\n<li style=\"list-style-type: disc;\">Qty 1 MG-1P Craft<\/li>\n<li style=\"list-style-type: disc;\">Qty 1 M-1S Advance Spraying System with RADAR<\/li>\n<li style=\"list-style-type: disc;\">Qty 4 MG-1P Battery 12000P<\/li>\n<li style=\"list-style-type: disc;\">Qty 1 MG 6-Channel Battery Charger<\/li>\n<\/ul>\n<h2>Multi-Aircraft Control Mode &#8211; Doubled Efficiency and Control Range<\/h2>\n<p><img decoding=\"async\" src=\"https:\/\/cdn.shopify.com\/s\/files\/1\/0761\/3556\/3580\/files\/range.jpg?v=1692876848\" \/><\/p>\n<p>A single MG-1P controller can control up to five MG-1P aircrafts simultaneously, doubling the efficiency of single-pilot operations.This new intelligent remote controller extends the control range to up to 3 km[1]\u00a0and supports high-resolution video transmission within that range,\u00a0ensuring flight safety.The new remote controller also supports 4G wireless communications, an interchangeable battery, and new antenna design,\u00a0providing even more convenience for daily operations.<\/p>\n<h2>FPV Camera &#8211; Safety with Vision<\/h2>\n<p><img decoding=\"async\" src=\"https:\/\/cdn.shopify.com\/s\/files\/1\/0761\/3556\/3580\/files\/fpvcam.jpg?v=1692876848\" \/><\/p>\n<p>MG-1P series drones are equipped with 123\u00b0 FOV wide-angle cameras that transmit clear, front-facing live views.\u00a0For long distance operation, the remote controller\u2019s built-in display indicates obstacle avoidance information to ensure safety.\u00a0With the help of the FPV camera feed, users can effortlessly record A\/B points or waypoints, increasing work accuracy and efficiency.<\/p>\n<h2>Flight Performance &#8211; Stable, Reliable, and Worry-Free<\/h2>\n<p>With eight rotors, MG-1P Series Agriculture Drones employ advanced propulsion and control algorithms to ensure flight safety even if one arm or motor breaks during flight. The motor drive system features a redundant communication mechanism that allows the system to reroute control signals during operation if necessary.<\/p>\n<h2>Upgraded High-Precision Radar &#8211; Comprehensive Safety<\/h2>\n<p><img decoding=\"async\" src=\"https:\/\/cdn.shopify.com\/s\/files\/1\/0761\/3556\/3580\/files\/radar.jpg?v=1692876848\" \/><\/p>\n<p>The MG-1P\u2019s improved radar system integrates the three high-precision terrain detection radars from previous MG-1S aircraft with an obstacle avoidance radar. This doubles detection sensitivity and allows for multi-directional detection,[2]significantly increasing the aircraft\u2019s ability to sense obstacles and follow terrain automatically. The MG-1P can detect centimeter-wide power lines from up to 15 m away. This protects the aircraft not only from power lines, but from trees branches and other common obstacles as well. Active Obstacle Sensing and Avoidance works during the day or at night without being influenced by light or dust. Plus, the radar system\u2019s Ingress Protection rating has increased to IP67, making the system even more resistant to dirt, debris, and water.<\/p>\n<h2>MG-1P RTK &#8211; Precise Positioning with Interference Resistance<\/h2>\n<p><img decoding=\"async\" src=\"https:\/\/cdn.shopify.com\/s\/files\/1\/0761\/3556\/3580\/files\/mg1rtk.jpg?v=1692876853\" \/><\/p>\n<p>The MG-1P RTK is powered by DJI\u2019s high-precision D-RTK navigation and positioning technology which offers centimeter-level positioning that is essential for industrial applications. Dual-antenna direction finding technology gives strong resistance against electromagnetic interference, ensuring flight safety even when the aircraft is flying near high-voltage power lines or in other complicated environments.The MG-1P RTK works in tandem with a new base station and D-RTKTM\u00a0handheld mapper,[3]which receives positioning data from the onboard RTK module to accurately measure fields and transmits results to the remote controller for precise planning.<\/p>\n<h2>MG APP 2.0 &#8211; Operation Modes &#8211; Practical and Powerful<\/h2>\n<p><img decoding=\"async\" src=\"https:\/\/cdn.shopify.com\/s\/files\/1\/0761\/3556\/3580\/files\/mg1app.jpg?v=1692876853\" width=\"75%\" \/><\/p>\n<p>New operation modes have been added to the MG app v2.0. Multi-Aircraft Control mode is easy and intuitive, fully empowering users to control multiple aircraft with a single remote controller. Another new operation mode is Banked Turning, which uses optimized flight routes and increases working efficiency by up to 20%. Apart from the new modes, A-B Route Operation Mode, Manual Operation Mode, and Manual Plus Operation Mode are all still available to allow a multitude of control options.<\/p>\n<p><img decoding=\"async\" src=\"https:\/\/cdn.shopify.com\/s\/files\/1\/0761\/3556\/3580\/files\/mg1pfly.jpg?v=1692876853\" width=\"75%\" \/><\/p>\n<p><center><br \/>\n<video autoplay=\"autoplay\" muted=\"\" controls=\"controls\" width=\"720\" height=\"480\"><source src=\"https:\/\/s3-us-west-2.amazonaws.com\/dronenerds\/mg1-vid2.mp4\" type=\"video\/mp4\" \/><\/video><\/center><\/div>\n","protected":false},"excerpt":{"rendered":"<div class=\"additional-info-txt\">\n<div class=\"row align-items-center\">\n<div class=\"col-lg-9 ps-xl-10\">\n<div class=\"additional-info-txt\">\n<div class=\"row align-items-center\">\n<div class=\"col-lg-9 ps-xl-10\">\n<div class=\"additional-info-txt\">\n<div class=\"row align-items-center\">\n<div class=\"col-lg-9 ps-xl-10\"><span style=\"font-size: 1.5em; font-weight: bold; color: #ff0000;\">Para obtener m\u00e1s informaci\u00f3n sobre este producto, comun\u00edquese con <\/span><span style=\"color: #0000ff;\"><a style=\"font-size: 1.5em; font-weight: bold; background-color: #ffffff; color: #0000ff;\" href=\"mailto:sales@usadronetampa.com\" target=\"_blank\" rel=\"noopener\">sales@usadronetampa.com\u00a0<\/a><\/span><\/div>\n<\/div>\n<\/div>\n<\/div>\n<\/div>\n<\/div>\n<\/div>\n<\/div>\n<\/div>","protected":false},"featured_media":2031,"comment_status":"open","ping_status":"closed","template":"","meta":{"site-sidebar-layout":"default","site-content-layout":"","ast-site-content-layout":"default","site-content-style":"default","site-sidebar-style":"default","ast-global-header-display":"","ast-banner-title-visibility":"","ast-main-header-display":"","ast-hfb-above-header-display":"","ast-hfb-below-header-display":"","ast-hfb-mobile-header-display":"","site-post-title":"","ast-breadcrumbs-content":"","ast-featured-img":"","footer-sml-layout":"","ast-disable-related-posts":"","theme-transparent-header-meta":"default","adv-header-id-meta":"","stick-header-meta":"default","header-above-stick-meta":"","header-main-stick-meta":"","header-below-stick-meta":"","astra-migrate-meta-layouts":"set","ast-page-background-enabled":"default","ast-page-background-meta":{"desktop":{"background-color":"var(--ast-global-color-4)","background-image":"","background-repeat":"repeat","background-position":"center center","background-size":"auto","background-attachment":"scroll","background-type":"","background-media":"","overlay-type":"","overlay-color":"","overlay-opacity":"","overlay-gradient":""},"tablet":{"background-color":"","background-image":"","background-repeat":"repeat","background-position":"center center","background-size":"auto","background-attachment":"scroll","background-type":"","background-media":"","overlay-type":"","overlay-color":"","overlay-opacity":"","overlay-gradient":""},"mobile":{"background-color":"","background-image":"","background-repeat":"repeat","background-position":"center center","background-size":"auto","background-attachment":"scroll","background-type":"","background-media":"","overlay-type":"","overlay-color":"","overlay-opacity":"","overlay-gradient":""}},"ast-content-background-meta":{"desktop":{"background-color":"var(--ast-global-color-5)","background-image":"","background-repeat":"repeat","background-position":"center center","background-size":"auto","background-attachment":"scroll","background-type":"","background-media":"","overlay-type":"","overlay-color":"","overlay-opacity":"","overlay-gradient":""},"tablet":{"background-color":"var(--ast-global-color-5)","background-image":"","background-repeat":"repeat","background-position":"center center","background-size":"auto","background-attachment":"scroll","background-type":"","background-media":"","overlay-type":"","overlay-color":"","overlay-opacity":"","overlay-gradient":""},"mobile":{"background-color":"var(--ast-global-color-5)","background-image":"","background-repeat":"repeat","background-position":"center center","background-size":"auto","background-attachment":"scroll","background-type":"","background-media":"","overlay-type":"","overlay-color":"","overlay-opacity":"","overlay-gradient":""}}},"product_brand":[],"product_cat":[34],"product_tag":[],"class_list":{"0":"post-2030","1":"product","2":"type-product","3":"status-publish","4":"has-post-thumbnail","6":"product_cat-agricultural-drones","7":"desktop-align-left","8":"tablet-align-left","9":"mobile-align-left","11":"first","12":"instock","13":"taxable","14":"shipping-taxable","15":"product-type-simple"},"yoast_head":"<!-- This site is optimized with the Yoast SEO plugin v27.5 - https:\/\/yoast.com\/product\/yoast-seo-wordpress\/ -->\n<title>DJI Agras MG-1P Ready To Fly Bundle - USA Drone Tampa<\/title>\n<meta name=\"description\" content=\"Optimized and is now capable of recording videoin CinemaDNG and Apple ProRes, and other common formats for post-production in filmmaking\" \/>\n<meta name=\"robots\" content=\"index, follow, max-snippet:-1, max-image-preview:large, max-video-preview:-1\" \/>\n<link rel=\"canonical\" href=\"https:\/\/usadronetampa.com\/es\/product\/dji-agras-mg-1p-ready-to-fly-bundle\/\" \/>\n<meta property=\"og:locale\" content=\"es_ES\" \/>\n<meta property=\"og:type\" content=\"article\" \/>\n<meta property=\"og:title\" content=\"DJI Agras MG-1P Ready To Fly Bundle - USA Drone Tampa\" \/>\n<meta property=\"og:description\" content=\"Optimized and is now capable of recording videoin CinemaDNG and Apple ProRes, and other common formats for post-production in filmmaking\" \/>\n<meta property=\"og:url\" content=\"https:\/\/usadronetampa.com\/es\/product\/dji-agras-mg-1p-ready-to-fly-bundle\/\" \/>\n<meta property=\"og:site_name\" content=\"USA Drone Tampa\" \/>\n<meta property=\"article:publisher\" content=\"https:\/\/www.facebook.com\/profile.php?id=100095595180083\" \/>\n<meta property=\"article:modified_time\" content=\"2025-03-07T18:29:57+00:00\" \/>\n<meta property=\"og:image\" content=\"https:\/\/usadronetampa.com\/wp-content\/uploads\/2024\/05\/3278-1_1.webp\" \/>\n\t<meta property=\"og:image:width\" content=\"1000\" \/>\n\t<meta property=\"og:image:height\" content=\"667\" \/>\n\t<meta property=\"og:image:type\" content=\"image\/webp\" \/>\n<meta name=\"twitter:card\" content=\"summary_large_image\" \/>\n<meta name=\"twitter:label1\" content=\"Est. reading time\" \/>\n\t<meta name=\"twitter:data1\" content=\"4 minutos\" \/>\n<script type=\"application\/ld+json\" class=\"yoast-schema-graph\">{\"@context\":\"https:\\\/\\\/schema.org\",\"@graph\":[{\"@type\":\"WebPage\",\"@id\":\"https:\\\/\\\/usadronetampa.com\\\/product\\\/dji-agras-mg-1p-ready-to-fly-bundle\\\/\",\"url\":\"https:\\\/\\\/usadronetampa.com\\\/product\\\/dji-agras-mg-1p-ready-to-fly-bundle\\\/\",\"name\":\"DJI Agras MG-1P Ready To Fly Bundle - USA Drone Tampa\",\"isPartOf\":{\"@id\":\"https:\\\/\\\/usadronetampa.com\\\/#website\"},\"primaryImageOfPage\":{\"@id\":\"https:\\\/\\\/usadronetampa.com\\\/product\\\/dji-agras-mg-1p-ready-to-fly-bundle\\\/#primaryimage\"},\"image\":{\"@id\":\"https:\\\/\\\/usadronetampa.com\\\/product\\\/dji-agras-mg-1p-ready-to-fly-bundle\\\/#primaryimage\"},\"thumbnailUrl\":\"https:\\\/\\\/usadronetampa.com\\\/wp-content\\\/uploads\\\/2024\\\/05\\\/3278-1_1.webp\",\"datePublished\":\"2024-05-17T21:43:45+00:00\",\"dateModified\":\"2025-03-07T18:29:57+00:00\",\"description\":\"Optimized and is now capable of recording videoin CinemaDNG and Apple ProRes, and other common formats for post-production in filmmaking\",\"breadcrumb\":{\"@id\":\"https:\\\/\\\/usadronetampa.com\\\/product\\\/dji-agras-mg-1p-ready-to-fly-bundle\\\/#breadcrumb\"},\"inLanguage\":\"es-PE\",\"potentialAction\":[{\"@type\":\"ReadAction\",\"target\":[\"https:\\\/\\\/usadronetampa.com\\\/product\\\/dji-agras-mg-1p-ready-to-fly-bundle\\\/\"]}]},{\"@type\":\"ImageObject\",\"inLanguage\":\"es-PE\",\"@id\":\"https:\\\/\\\/usadronetampa.com\\\/product\\\/dji-agras-mg-1p-ready-to-fly-bundle\\\/#primaryimage\",\"url\":\"https:\\\/\\\/usadronetampa.com\\\/wp-content\\\/uploads\\\/2024\\\/05\\\/3278-1_1.webp\",\"contentUrl\":\"https:\\\/\\\/usadronetampa.com\\\/wp-content\\\/uploads\\\/2024\\\/05\\\/3278-1_1.webp\",\"width\":1000,\"height\":667},{\"@type\":\"BreadcrumbList\",\"@id\":\"https:\\\/\\\/usadronetampa.com\\\/product\\\/dji-agras-mg-1p-ready-to-fly-bundle\\\/#breadcrumb\",\"itemListElement\":[{\"@type\":\"ListItem\",\"position\":1,\"name\":\"Home\",\"item\":\"https:\\\/\\\/usadronetampa.com\\\/\"},{\"@type\":\"ListItem\",\"position\":2,\"name\":\"Store\",\"item\":\"https:\\\/\\\/usadronetampa.com\\\/tienda\\\/\"},{\"@type\":\"ListItem\",\"position\":3,\"name\":\"DJI Agras MG-1P Ready To Fly Bundle\"}]},{\"@type\":\"WebSite\",\"@id\":\"https:\\\/\\\/usadronetampa.com\\\/#website\",\"url\":\"https:\\\/\\\/usadronetampa.com\\\/\",\"name\":\"USA Drone Tampa\",\"description\":\"Drones USA\",\"publisher\":{\"@id\":\"https:\\\/\\\/usadronetampa.com\\\/#organization\"},\"potentialAction\":[{\"@type\":\"SearchAction\",\"target\":{\"@type\":\"EntryPoint\",\"urlTemplate\":\"https:\\\/\\\/usadronetampa.com\\\/?s={search_term_string}\"},\"query-input\":{\"@type\":\"PropertyValueSpecification\",\"valueRequired\":true,\"valueName\":\"search_term_string\"}}],\"inLanguage\":\"es-PE\"},{\"@type\":\"Organization\",\"@id\":\"https:\\\/\\\/usadronetampa.com\\\/#organization\",\"name\":\"USA Drone Tampa\",\"url\":\"https:\\\/\\\/usadronetampa.com\\\/\",\"logo\":{\"@type\":\"ImageObject\",\"inLanguage\":\"es-PE\",\"@id\":\"https:\\\/\\\/usadronetampa.com\\\/#\\\/schema\\\/logo\\\/image\\\/\",\"url\":\"https:\\\/\\\/usadronetampa.com\\\/wp-content\\\/uploads\\\/2023\\\/08\\\/usa-drone2b.png\",\"contentUrl\":\"https:\\\/\\\/usadronetampa.com\\\/wp-content\\\/uploads\\\/2023\\\/08\\\/usa-drone2b.png\",\"width\":746,\"height\":590,\"caption\":\"USA Drone Tampa\"},\"image\":{\"@id\":\"https:\\\/\\\/usadronetampa.com\\\/#\\\/schema\\\/logo\\\/image\\\/\"},\"sameAs\":[\"https:\\\/\\\/www.facebook.com\\\/profile.php?id=100095595180083\"]}]}<\/script>\n<!-- \/ Yoast SEO plugin. -->","yoast_head_json":{"title":"Paquete DJI Agras MG-1P listo para volar - USA Drone Tampa","description":"Optimizado y ahora capaz de grabar videos en CinemaDNG y Apple ProRes, y otros formatos comunes para la postproducci\u00f3n cinematogr\u00e1fica.","robots":{"index":"index","follow":"follow","max-snippet":"max-snippet:-1","max-image-preview":"max-image-preview:large","max-video-preview":"max-video-preview:-1"},"canonical":"https:\/\/usadronetampa.com\/es\/product\/dji-agras-mg-1p-ready-to-fly-bundle\/","og_locale":"es_ES","og_type":"article","og_title":"DJI Agras MG-1P Ready To Fly Bundle - USA Drone Tampa","og_description":"Optimized and is now capable of recording videoin CinemaDNG and Apple ProRes, and other common formats for post-production in filmmaking","og_url":"https:\/\/usadronetampa.com\/es\/product\/dji-agras-mg-1p-ready-to-fly-bundle\/","og_site_name":"USA Drone Tampa","article_publisher":"https:\/\/www.facebook.com\/profile.php?id=100095595180083","article_modified_time":"2025-03-07T18:29:57+00:00","og_image":[{"width":1000,"height":667,"url":"https:\/\/usadronetampa.com\/wp-content\/uploads\/2024\/05\/3278-1_1.webp","type":"image\/webp"}],"twitter_card":"summary_large_image","twitter_misc":{"Est. reading time":"4 minutos"},"schema":{"@context":"https:\/\/schema.org","@graph":[{"@type":"WebPage","@id":"https:\/\/usadronetampa.com\/product\/dji-agras-mg-1p-ready-to-fly-bundle\/","url":"https:\/\/usadronetampa.com\/product\/dji-agras-mg-1p-ready-to-fly-bundle\/","name":"Paquete DJI Agras MG-1P listo para volar - USA Drone Tampa","isPartOf":{"@id":"https:\/\/usadronetampa.com\/#website"},"primaryImageOfPage":{"@id":"https:\/\/usadronetampa.com\/product\/dji-agras-mg-1p-ready-to-fly-bundle\/#primaryimage"},"image":{"@id":"https:\/\/usadronetampa.com\/product\/dji-agras-mg-1p-ready-to-fly-bundle\/#primaryimage"},"thumbnailUrl":"https:\/\/usadronetampa.com\/wp-content\/uploads\/2024\/05\/3278-1_1.webp","datePublished":"2024-05-17T21:43:45+00:00","dateModified":"2025-03-07T18:29:57+00:00","description":"Optimizado y ahora capaz de grabar videos en CinemaDNG y Apple ProRes, y otros formatos comunes para la postproducci\u00f3n cinematogr\u00e1fica.","breadcrumb":{"@id":"https:\/\/usadronetampa.com\/product\/dji-agras-mg-1p-ready-to-fly-bundle\/#breadcrumb"},"inLanguage":"es-PE","potentialAction":[{"@type":"ReadAction","target":["https:\/\/usadronetampa.com\/product\/dji-agras-mg-1p-ready-to-fly-bundle\/"]}]},{"@type":"ImageObject","inLanguage":"es-PE","@id":"https:\/\/usadronetampa.com\/product\/dji-agras-mg-1p-ready-to-fly-bundle\/#primaryimage","url":"https:\/\/usadronetampa.com\/wp-content\/uploads\/2024\/05\/3278-1_1.webp","contentUrl":"https:\/\/usadronetampa.com\/wp-content\/uploads\/2024\/05\/3278-1_1.webp","width":1000,"height":667},{"@type":"BreadcrumbList","@id":"https:\/\/usadronetampa.com\/product\/dji-agras-mg-1p-ready-to-fly-bundle\/#breadcrumb","itemListElement":[{"@type":"ListItem","position":1,"name":"Home","item":"https:\/\/usadronetampa.com\/"},{"@type":"ListItem","position":2,"name":"Store","item":"https:\/\/usadronetampa.com\/tienda\/"},{"@type":"ListItem","position":3,"name":"DJI Agras MG-1P Ready To Fly Bundle"}]},{"@type":"WebSite","@id":"https:\/\/usadronetampa.com\/#website","url":"https:\/\/usadronetampa.com\/","name":"USA Drone Tampa","description":"Drones EE. UU.","publisher":{"@id":"https:\/\/usadronetampa.com\/#organization"},"potentialAction":[{"@type":"SearchAction","target":{"@type":"EntryPoint","urlTemplate":"https:\/\/usadronetampa.com\/?s={search_term_string}"},"query-input":{"@type":"PropertyValueSpecification","valueRequired":true,"valueName":"search_term_string"}}],"inLanguage":"es-PE"},{"@type":"Organization","@id":"https:\/\/usadronetampa.com\/#organization","name":"USA Drone Tampa","url":"https:\/\/usadronetampa.com\/","logo":{"@type":"ImageObject","inLanguage":"es-PE","@id":"https:\/\/usadronetampa.com\/#\/schema\/logo\/image\/","url":"https:\/\/usadronetampa.com\/wp-content\/uploads\/2023\/08\/usa-drone2b.png","contentUrl":"https:\/\/usadronetampa.com\/wp-content\/uploads\/2023\/08\/usa-drone2b.png","width":746,"height":590,"caption":"USA Drone Tampa"},"image":{"@id":"https:\/\/usadronetampa.com\/#\/schema\/logo\/image\/"},"sameAs":["https:\/\/www.facebook.com\/profile.php?id=100095595180083"]}]}},"_links":{"self":[{"href":"https:\/\/usadronetampa.com\/es\/wp-json\/wp\/v2\/product\/2030","targetHints":{"allow":["GET"]}}],"collection":[{"href":"https:\/\/usadronetampa.com\/es\/wp-json\/wp\/v2\/product"}],"about":[{"href":"https:\/\/usadronetampa.com\/es\/wp-json\/wp\/v2\/types\/product"}],"replies":[{"embeddable":true,"href":"https:\/\/usadronetampa.com\/es\/wp-json\/wp\/v2\/comments?post=2030"}],"wp:featuredmedia":[{"embeddable":true,"href":"https:\/\/usadronetampa.com\/es\/wp-json\/wp\/v2\/media\/2031"}],"wp:attachment":[{"href":"https:\/\/usadronetampa.com\/es\/wp-json\/wp\/v2\/media?parent=2030"}],"wp:term":[{"taxonomy":"product_brand","embeddable":true,"href":"https:\/\/usadronetampa.com\/es\/wp-json\/wp\/v2\/product_brand?post=2030"},{"taxonomy":"product_cat","embeddable":true,"href":"https:\/\/usadronetampa.com\/es\/wp-json\/wp\/v2\/product_cat?post=2030"},{"taxonomy":"product_tag","embeddable":true,"href":"https:\/\/usadronetampa.com\/es\/wp-json\/wp\/v2\/product_tag?post=2030"}],"curies":[{"name":"gracias","href":"https:\/\/api.w.org\/{rel}","templated":true}]}}