{"id":2016,"date":"2024-05-17T16:23:33","date_gmt":"2024-05-17T21:23:33","guid":{"rendered":"https:\/\/usadronetampa.com\/?post_type=product&#038;p=2016"},"modified":"2025-03-11T10:10:46","modified_gmt":"2025-03-11T15:10:46","slug":"dji-mavic-3-enterprise-with-care-basic-warranty","status":"publish","type":"product","link":"https:\/\/usadronetampa.com\/es\/product\/dji-mavic-3-enterprise-with-care-basic-warranty\/","title":{"rendered":"DJI Mavic 3 Enterprise con garant\u00eda b\u00e1sica Care"},"content":{"rendered":"<div class=\"container\">\n<h1 style=\"text-align: center; font-size: 50px; font-weight: 600; padding-top: 35px; color: #082e3d;\">DJI Mavic 3 Serie Empresarial<\/h1>\n<h2 style=\"text-align: center; font-size: 32px; font-weight: 400; padding-bottom: 5px; padding-left: 0px; color: #1a98c9;\">Su dron comercial cotidiano<\/h2>\n<p id=\"infotext\">La serie Mavic 3 Enterprise redefine los est\u00e1ndares de la industria para peque\u00f1os drones comerciales. Con un obturador mec\u00e1nico, una c\u00e1mara con zoom de 56x y un m\u00f3dulo RTK para una precisi\u00f3n centim\u00e9trica, el Mavic 3E lleva el mapeo y la eficiencia de la misi\u00f3n a nuevas alturas. Est\u00e1 disponible una versi\u00f3n t\u00e9rmica para extinci\u00f3n de incendios, b\u00fasqueda y rescate, inspecci\u00f3n y operaciones nocturnas.<\/p>\n<div class=\"imageboxes2\"><img decoding=\"async\" src=\"https:\/\/cdn.shopify.com\/s\/files\/1\/0761\/3556\/3580\/files\/a7ee80fb7e79b3d5db911d15f5602e00.jpg?v=1692876977\" \/><\/div>\n<h3 style=\"text-align: center; font-size: 28px; font-weight: 600; padding-bottom: 30px; padding-top: 30px; padding-left: 0px; background-color: #10437c; background-image: linear-gradient(90deg,#10437c 30%,#1A98C9,#10437c 70%); -webkit-background-clip: text; -webkit-text-fill-color: transparent; -moz-background-clip: text; -moz-text-fill-color: transparent;\">Compacto y port\u00e1til<br \/>\nC\u00e1mara gran angular 4\/3 CMOS<br \/>\n56x: zoom h\u00edbrido<br \/>\nObturador mec\u00e1nico<br \/>\nTiempo de vuelo m\u00e1ximo de 45 minutos<br \/>\nTransmisi\u00f3n empresarial DJI O3<br \/>\nPosicionamiento a nivel de cent\u00edmetros con RTK<br \/>\nAltavoz de alto volumen<\/h3>\n<h2 style=\"text-align: center; font-size: 42px; font-weight: 600; padding-top: 35px; color: #082e3d;\">Compacto y port\u00e1til<\/h2>\n<div class=\"video-container\"><video autoplay=\"autoplay\" loop=\"loop\" muted=\"\" width=\"300\" height=\"150\"><source src=\"https:\/\/dji-official-fe.djicdn.com\/reactor\/assets\/_next\/static\/videos\/323df602-256e-4aca-8711-e066b917274f.mp4\" type=\"video\/mp4\" \/><\/video><\/div>\n<p id=\"infotext\">Optimizado y compacto, Mavic 3 Enterprise Series se puede llevar en una mano y desplegar en cualquier momento. Perfecto tanto para pilotos principiantes como veteranos, est\u00e1 dise\u00f1ado para desempe\u00f1arse en misiones largas.<\/p>\n<h2 style=\"text-align: center; font-size: 42px; font-weight: 600; padding-top: 35px; color: #082e3d;\">Dos modelos, innumerables aplicaciones<\/h2>\n<h2 id=\"m3etitle\">DJI Mavic 3E<\/h2>\n<p id=\"infotext\">Ancho: 4\/3 CMOS, 20 MP, obturador mec\u00e1nico | Tele: Longitud focal equivalente: 162 mm, 12 MP, 56x: zoom h\u00edbrido<\/p>\n<h2 id=\"m3etitle\">DJI Mavic 3T<\/h2>\n<p id=\"infotext\">Ancho: Longitud focal equivalente: 24 mm, 48 MP | Zoom: Longitud focal equivalente: 162 mm, 12 MP, 56x: zoom h\u00edbrido | T\u00e9rmica: DFOV: 61\u00b0, Longitud focal equivalente: 40 mm, Resoluci\u00f3n 640 \u00d7 512<\/p>\n<h2 style=\"text-align: center; font-size: 42px; font-weight: 600; padding-top: 35px; color: #082e3d;\">Rendimiento de c\u00e1mara premium<\/h2>\n<h2 id=\"m3etitle\">Encuesta con velocidad<\/h2>\n<p id=\"infotext\">El sensor gran angular 4\/3 CMOS de 20 MP del Mavic 3E tiene un obturador mec\u00e1nico para evitar el desenfoque de movimiento y admite disparos r\u00e1pidos en intervalos de 0,7 segundos. Completa misiones de mapeo con extraordinaria eficiencia sin necesidad de Puntos de Control Terrestre.<\/p>\n<div class=\"video-container\"><video autoplay=\"autoplay\" loop=\"loop\" muted=\"\" width=\"300\" height=\"150\"><source src=\"https:\/\/dji-official-fe.djicdn.com\/reactor\/assets\/_next\/static\/videos\/8cab0af7-b3e8-4779-8b7a-153c1e5489c7.mp4\" type=\"video\/mp4\" \/><\/video><\/div>\n<h2 id=\"m3etitle\">Rendimiento mejorado en condiciones de poca luz<\/h2>\n<p id=\"infotext\">La c\u00e1mara gran angular del Mavic 3E tiene grandes p\u00edxeles de 3,3 \u00ce\u00bc m que, junto con el modo inteligente de poca luz, ofrecen un rendimiento significativamente mejorado en condiciones de poca luz.<\/p>\n<div class=\"video-container\"><video autoplay=\"autoplay\" loop=\"loop\" muted=\"\" width=\"300\" height=\"150\"><source src=\"https:\/\/dji-official-fe.djicdn.com\/reactor\/assets\/_next\/static\/videos\/86b34c14-e52e-429c-8080-89c7de5506b7.mp4\" type=\"video\/mp4\" \/><\/video><\/div>\n<h2 id=\"m3etitle\">Enfocarse y encontrar<\/h2>\n<p id=\"infotext\">Tanto Mavic 3E como Mavic 3T est\u00e1n equipados con una c\u00e1mara con zoom de 12MP, que admite un zoom h\u00edbrido m\u00e1ximo de hasta 56x para ver detalles esenciales desde lejos.<\/p>\n<div class=\"video-container\"><video autoplay=\"autoplay\" loop=\"loop\" muted=\"\" width=\"300\" height=\"150\"><source src=\"https:\/\/dji-official-fe.djicdn.com\/reactor\/assets\/_next\/static\/videos\/501d3f8b-a97d-4a79-9da1-87b21575e8b4.mp4\" type=\"video\/mp4\" \/><\/video><\/div>\n<h2 id=\"m3etitle\">Ver lo invisible<\/h2>\n<p id=\"infotext\">La c\u00e1mara t\u00e9rmica del Mavic 3T tiene una resoluci\u00f3n de 640 - 512 y admite medici\u00f3n de temperatura puntual y de \u00e1rea, alertas de alta temperatura, paletas de colores e isotermas para ayudarlo a encontrar sus objetivos y tomar decisiones r\u00e1pidas.<\/p>\n<div class=\"video-container\"><video autoplay=\"autoplay\" loop=\"loop\" muted=\"\" width=\"300\" height=\"150\"><source src=\"https:\/\/dji-official-fe.djicdn.com\/reactor\/assets\/_next\/static\/videos\/33d50321-d7b8-4c7b-b264-8009c51a0e80.mp4\" type=\"video\/mp4\" \/><\/video><\/div>\n<h2 id=\"m3etitle\">Zoom simult\u00e1neo de pantalla dividida<\/h2>\n<p id=\"infotext\">Las c\u00e1maras t\u00e9rmicas y con zoom del Mavic 3T admiten un zoom continuo de lado a lado de 28x para facilitar las comparaciones.<\/p>\n<div class=\"video-container\"><video autoplay=\"autoplay\" loop=\"loop\" muted=\"\" width=\"300\" height=\"150\"><source src=\"https:\/\/dji-official-fe.djicdn.com\/reactor\/assets\/_next\/static\/videos\/46a28dac-0e9c-454c-adac-3d31691b1d9c.mp4\" type=\"video\/mp4\" \/><\/video><\/div>\n<h2 style=\"text-align: center; font-size: 42px; font-weight: 600; padding-top: 35px; color: #082e3d;\">Eficiencia operativa excepcional<\/h2>\n<h2 id=\"m3etitle\">Bater\u00edas optimizadas para mayor resistencia<\/h2>\n<p id=\"infotext\">Las duraciones de vuelo de 45 minutos le permiten cubrir m\u00e1s terreno en cada misi\u00f3n, para inspeccionar hasta 2 kil\u00f3metros cuadrados en un solo vuelo. Tiempo m\u00e1ximo de vuelo: 45 minutos. \u00c1rea de estudio en un solo vuelo: 2 kil\u00f3metros cuadrados.<\/p>\n<p id=\"infotext\">Cargue r\u00e1pidamente las bater\u00edas con un concentrador de carga de 100 W, o cargue directamente el dron con una carga r\u00e1pida de 88 W. Centro de carga: 100 W, avi\u00f3n 88 W.<\/p>\n<h2 id=\"m3etitle\">Transmisi\u00f3n de im\u00e1genes de pr\u00f3xima generaci\u00f3n<\/h2>\n<p id=\"infotext\">O3 Enterprise Transmission de cuatro antenas permite conexiones m\u00e1s estables en una amplia variedad de entornos complejos.<\/p>\n<div class=\"video-container\"><video autoplay=\"autoplay\" loop=\"loop\" muted=\"\" width=\"300\" height=\"150\"><source src=\"https:\/\/dji-official-fe.djicdn.com\/reactor\/assets\/_next\/static\/videos\/808c22b0-571f-4bab-ae5f-f4ae4858bc7b.mp4\" type=\"video\/mp4\" \/><\/video><\/div>\n<h2 id=\"m3etitle\">Detecci\u00f3n omnidireccional para un vuelo seguro<\/h2>\n<p id=\"infotext\">Equipado con lentes gran angular en todos los lados para evitar obst\u00e1culos omnidireccionales sin puntos ciegos. Ajuste las alarmas de proximidad y la distancia de frenado seg\u00fan los requisitos de la misi\u00f3n. Advanced RTH planifica autom\u00e1ticamente la ruta \u00f3ptima a casa, ahorrando energ\u00eda, tiempo y molestias. APAS 5.0 permite el desv\u00edo autom\u00e1tico para sortear obst\u00e1culos, para que puedas volar con tranquilidad.<\/p>\n<div class=\"video-container\"><video autoplay=\"autoplay\" loop=\"loop\" muted=\"\" width=\"300\" height=\"150\"><source src=\"https:\/\/dji-official-fe.djicdn.com\/reactor\/assets\/_next\/static\/videos\/73822d53-4bc7-45bb-8309-12522903e6da.mp4\" type=\"video\/mp4\" \/><\/video><\/div>\n<h2 style=\"text-align: center; font-size: 42px; font-weight: 600; padding-top: 35px; color: #082e3d;\">Paquete de software completo<\/h2>\n<h2 id=\"m3etitle\">Piloto DJI 2<\/h2>\n<p id=\"infotext\">Una interfaz de vuelo Enterprise renovada dise\u00f1ada para mejorar la eficiencia del pilotaje y la seguridad del vuelo. Se puede acceder f\u00e1cilmente a los controles de drones y carga \u00fatil con un solo toque. La presentaci\u00f3n clara de los detalles del vuelo y la informaci\u00f3n de navegaci\u00f3n mejora la experiencia del usuario junto con la compatibilidad con varios tipos de rutas.<\/p>\n<h2 id=\"m3etitle\">DJI Hub de Vuelo 2<\/h2>\n<p id=\"infotext\">Gesti\u00f3n de operaciones de drones en la nube todo en uno para su flota con soporte para anotaciones en vivo y mapeo en la nube para una sinergia perfecta entre el suelo y la nube. Gestione eficientemente las operaciones de inspecci\u00f3n con planificaci\u00f3n de rutas y gesti\u00f3n de misiones.<\/p>\n<h2 id=\"m3etitle\">DJI Terra<\/h2>\n<p id=\"infotext\">Software de mapeo con todas las funciones para todas las etapas del trabajo, desde la planificaci\u00f3n de la misi\u00f3n hasta el procesamiento de modelos 2D y 3D.<\/p>\n<h2 id=\"m3etitle\">Herramienta de an\u00e1lisis t\u00e9rmico DJI 3.0<\/h2>\n<p id=\"infotext\">Analice, anote y procese im\u00e1genes capturadas por M3T utilizando DTAT 3.0 para detectar anomal\u00edas de temperatura en sus inspecciones.<\/p>\n<h2 id=\"m3etitle\">Seguridad de los datos del usuario<\/h2>\n<p id=\"infotext\">Modo de datos locales | Borrar todos los datos del dispositivo con un solo toque | Cifrado de transmisi\u00f3n de v\u00eddeo AES-256 | API de la nube<\/p>\n<style><!-- video { width: 100% !important; height: auto !important; padding-bottom: 20px; } .video-container { max-width: 1280px; margin: 0 auto; padding: 0px; } h2#m3etitle {font-size: 32px; color:#1A98C9; padding:25px;text-align:center;} h3#bulletpoints2 {text-align: center;font-size: 20px;font-weight: 400;padding-bottom: 10px;padding-left: 0px;color: #266c8d;} h3#bulletpoints1 {text-align: center;font-size: 22px;font-weight: 400;padding-bottom: 30px;padding-left: 0px;color: #666;text-transform: none;} p#tabletext {font-size: 16px;text-align: center;margin:auto;color:#333;} p#infotext {padding-left: 10%; padding-right: 10%;font-size: 16px;text-align: center;} p#bullettext {padding-left: 10%; padding-right: 10%;font-size: 16px;text-align: center;} .spectable table {width: 100%;max-width: 840px;margin: auto;border-collapse: collapse;border-radius: 20px;border-style: hidden;box-shadow: 0 0 0 1px #999;background:#ddd;} .spectable {padding-bottom:25px; padding-top:25px;} .spectable thead {background-color: #666; color:#eee;} .spectable tr {border: 2px solid #888;} .spectable td {font-size: 16px;padding: 1.5%;text-align: center;width: 15%;border: 1px solid #999;color:#777;} .imageboxes img { width: 100%; max-width: 900px; text-align: center; } .imageboxes2 img { width: 100%; max-width: 1280px; text-align: center; padding-bottom: 25px; } @media (min-width: 320px) and (max-width: 767px) { .spectable td {width: 100%;border: 1px solid #999;color:#777;} .spectable table {border-radius: 0px;} } --><\/style>\n<\/div>","protected":false},"excerpt":{"rendered":"<p><span style=\"color: #ff0000;\">Para obtener m\u00e1s informaci\u00f3n sobre este producto, comun\u00edquese con<\/span>\u00a0<a href=\"mailto:sales@usadronetampa.com\" target=\"_blank\" rel=\"noopener\">sales@usadronetampa.com\u00a0<\/a><\/p>","protected":false},"featured_media":2008,"comment_status":"open","ping_status":"closed","template":"","meta":{"site-sidebar-layout":"default","site-content-layout":"","ast-site-content-layout":"default","site-content-style":"default","site-sidebar-style":"default","ast-global-header-display":"","ast-banner-title-visibility":"","ast-main-header-display":"","ast-hfb-above-header-display":"","ast-hfb-below-header-display":"","ast-hfb-mobile-header-display":"","site-post-title":"","ast-breadcrumbs-content":"","ast-featured-img":"","footer-sml-layout":"","ast-disable-related-posts":"","theme-transparent-header-meta":"default","adv-header-id-meta":"","stick-header-meta":"default","header-above-stick-meta":"","header-main-stick-meta":"","header-below-stick-meta":"","astra-migrate-meta-layouts":"set","ast-page-background-enabled":"default","ast-page-background-meta":{"desktop":{"background-color":"var(--ast-global-color-4)","background-image":"","background-repeat":"repeat","background-position":"center center","background-size":"auto","background-attachment":"scroll","background-type":"","background-media":"","overlay-type":"","overlay-color":"","overlay-opacity":"","overlay-gradient":""},"tablet":{"background-color":"","background-image":"","background-repeat":"repeat","background-position":"center center","background-size":"auto","background-attachment":"scroll","background-type":"","background-media":"","overlay-type":"","overlay-color":"","overlay-opacity":"","overlay-gradient":""},"mobile":{"background-color":"","background-image":"","background-repeat":"repeat","background-position":"center center","background-size":"auto","background-attachment":"scroll","background-type":"","background-media":"","overlay-type":"","overlay-color":"","overlay-opacity":"","overlay-gradient":""}},"ast-content-background-meta":{"desktop":{"background-color":"var(--ast-global-color-5)","background-image":"","background-repeat":"repeat","background-position":"center center","background-size":"auto","background-attachment":"scroll","background-type":"","background-media":"","overlay-type":"","overlay-color":"","overlay-opacity":"","overlay-gradient":""},"tablet":{"background-color":"var(--ast-global-color-5)","background-image":"","background-repeat":"repeat","background-position":"center center","background-size":"auto","background-attachment":"scroll","background-type":"","background-media":"","overlay-type":"","overlay-color":"","overlay-opacity":"","overlay-gradient":""},"mobile":{"background-color":"var(--ast-global-color-5)","background-image":"","background-repeat":"repeat","background-position":"center center","background-size":"auto","background-attachment":"scroll","background-type":"","background-media":"","overlay-type":"","overlay-color":"","overlay-opacity":"","overlay-gradient":""}}},"product_brand":[],"product_cat":[33],"product_tag":[],"class_list":{"0":"post-2016","1":"product","2":"type-product","3":"status-publish","4":"has-post-thumbnail","6":"product_cat-enterprise-drones","7":"desktop-align-left","8":"tablet-align-left","9":"mobile-align-left","11":"first","12":"instock","13":"taxable","14":"shipping-taxable","15":"purchasable","16":"product-type-simple"},"yoast_head":"<!-- This site is optimized with the Yoast SEO plugin v27.4 - https:\/\/yoast.com\/product\/yoast-seo-wordpress\/ -->\n<title>DJI Mavic 3 Enterprise with Care Basic Warranty - USA Drone Tampa<\/title>\n<meta name=\"description\" content=\"Optimized and is now capable of recording videoin CinemaDNG and Apple ProRes, and other common formats for post-production in filmmaking\" \/>\n<meta name=\"robots\" content=\"index, follow, max-snippet:-1, max-image-preview:large, max-video-preview:-1\" \/>\n<link rel=\"canonical\" href=\"https:\/\/usadronetampa.com\/es\/product\/dji-mavic-3-enterprise-with-care-basic-warranty\/\" \/>\n<meta property=\"og:locale\" content=\"es_ES\" \/>\n<meta property=\"og:type\" content=\"article\" \/>\n<meta property=\"og:title\" content=\"DJI Mavic 3 Enterprise with Care Basic Warranty - USA Drone Tampa\" \/>\n<meta property=\"og:description\" content=\"Optimized and is now capable of recording videoin CinemaDNG and Apple ProRes, and other common formats for post-production in filmmaking\" \/>\n<meta property=\"og:url\" content=\"https:\/\/usadronetampa.com\/es\/product\/dji-mavic-3-enterprise-with-care-basic-warranty\/\" \/>\n<meta property=\"og:site_name\" content=\"USA Drone Tampa\" \/>\n<meta property=\"article:publisher\" content=\"https:\/\/www.facebook.com\/profile.php?id=100095595180083\" \/>\n<meta property=\"article:modified_time\" content=\"2025-03-11T15:10:46+00:00\" \/>\n<meta property=\"og:image\" content=\"https:\/\/usadronetampa.com\/wp-content\/uploads\/2024\/05\/m3e-shot2.webp\" \/>\n\t<meta property=\"og:image:width\" content=\"1600\" \/>\n\t<meta property=\"og:image:height\" content=\"1200\" \/>\n\t<meta property=\"og:image:type\" content=\"image\/webp\" \/>\n<meta name=\"twitter:card\" content=\"summary_large_image\" \/>\n<meta name=\"twitter:label1\" content=\"Est. reading time\" \/>\n\t<meta name=\"twitter:data1\" content=\"4 minutos\" \/>\n<script type=\"application\/ld+json\" class=\"yoast-schema-graph\">{\"@context\":\"https:\\\/\\\/schema.org\",\"@graph\":[{\"@type\":\"WebPage\",\"@id\":\"https:\\\/\\\/usadronetampa.com\\\/product\\\/dji-mavic-3-enterprise-with-care-basic-warranty\\\/\",\"url\":\"https:\\\/\\\/usadronetampa.com\\\/product\\\/dji-mavic-3-enterprise-with-care-basic-warranty\\\/\",\"name\":\"DJI Mavic 3 Enterprise with Care Basic Warranty - USA Drone Tampa\",\"isPartOf\":{\"@id\":\"https:\\\/\\\/usadronetampa.com\\\/#website\"},\"primaryImageOfPage\":{\"@id\":\"https:\\\/\\\/usadronetampa.com\\\/product\\\/dji-mavic-3-enterprise-with-care-basic-warranty\\\/#primaryimage\"},\"image\":{\"@id\":\"https:\\\/\\\/usadronetampa.com\\\/product\\\/dji-mavic-3-enterprise-with-care-basic-warranty\\\/#primaryimage\"},\"thumbnailUrl\":\"https:\\\/\\\/usadronetampa.com\\\/wp-content\\\/uploads\\\/2024\\\/05\\\/m3e-shot2.webp\",\"datePublished\":\"2024-05-17T21:23:33+00:00\",\"dateModified\":\"2025-03-11T15:10:46+00:00\",\"description\":\"Optimized and is now capable of recording videoin CinemaDNG and Apple ProRes, and other common formats for post-production in filmmaking\",\"breadcrumb\":{\"@id\":\"https:\\\/\\\/usadronetampa.com\\\/product\\\/dji-mavic-3-enterprise-with-care-basic-warranty\\\/#breadcrumb\"},\"inLanguage\":\"es-PE\",\"potentialAction\":[{\"@type\":\"ReadAction\",\"target\":[\"https:\\\/\\\/usadronetampa.com\\\/product\\\/dji-mavic-3-enterprise-with-care-basic-warranty\\\/\"]}]},{\"@type\":\"ImageObject\",\"inLanguage\":\"es-PE\",\"@id\":\"https:\\\/\\\/usadronetampa.com\\\/product\\\/dji-mavic-3-enterprise-with-care-basic-warranty\\\/#primaryimage\",\"url\":\"https:\\\/\\\/usadronetampa.com\\\/wp-content\\\/uploads\\\/2024\\\/05\\\/m3e-shot2.webp\",\"contentUrl\":\"https:\\\/\\\/usadronetampa.com\\\/wp-content\\\/uploads\\\/2024\\\/05\\\/m3e-shot2.webp\",\"width\":1600,\"height\":1200},{\"@type\":\"BreadcrumbList\",\"@id\":\"https:\\\/\\\/usadronetampa.com\\\/product\\\/dji-mavic-3-enterprise-with-care-basic-warranty\\\/#breadcrumb\",\"itemListElement\":[{\"@type\":\"ListItem\",\"position\":1,\"name\":\"Home\",\"item\":\"https:\\\/\\\/usadronetampa.com\\\/\"},{\"@type\":\"ListItem\",\"position\":2,\"name\":\"Store\",\"item\":\"https:\\\/\\\/usadronetampa.com\\\/tienda\\\/\"},{\"@type\":\"ListItem\",\"position\":3,\"name\":\"DJI Mavic 3 Enterprise with Care Basic Warranty\"}]},{\"@type\":\"WebSite\",\"@id\":\"https:\\\/\\\/usadronetampa.com\\\/#website\",\"url\":\"https:\\\/\\\/usadronetampa.com\\\/\",\"name\":\"USA Drone Tampa\",\"description\":\"Drones USA\",\"publisher\":{\"@id\":\"https:\\\/\\\/usadronetampa.com\\\/#organization\"},\"potentialAction\":[{\"@type\":\"SearchAction\",\"target\":{\"@type\":\"EntryPoint\",\"urlTemplate\":\"https:\\\/\\\/usadronetampa.com\\\/?s={search_term_string}\"},\"query-input\":{\"@type\":\"PropertyValueSpecification\",\"valueRequired\":true,\"valueName\":\"search_term_string\"}}],\"inLanguage\":\"es-PE\"},{\"@type\":\"Organization\",\"@id\":\"https:\\\/\\\/usadronetampa.com\\\/#organization\",\"name\":\"USA Drone Tampa\",\"url\":\"https:\\\/\\\/usadronetampa.com\\\/\",\"logo\":{\"@type\":\"ImageObject\",\"inLanguage\":\"es-PE\",\"@id\":\"https:\\\/\\\/usadronetampa.com\\\/#\\\/schema\\\/logo\\\/image\\\/\",\"url\":\"https:\\\/\\\/usadronetampa.com\\\/wp-content\\\/uploads\\\/2023\\\/08\\\/usa-drone2b.png\",\"contentUrl\":\"https:\\\/\\\/usadronetampa.com\\\/wp-content\\\/uploads\\\/2023\\\/08\\\/usa-drone2b.png\",\"width\":746,\"height\":590,\"caption\":\"USA Drone Tampa\"},\"image\":{\"@id\":\"https:\\\/\\\/usadronetampa.com\\\/#\\\/schema\\\/logo\\\/image\\\/\"},\"sameAs\":[\"https:\\\/\\\/www.facebook.com\\\/profile.php?id=100095595180083\"]}]}<\/script>\n<!-- \/ Yoast SEO plugin. -->","yoast_head_json":{"title":"DJI Mavic 3 Enterprise with Care Basic Warranty - USA Drone Tampa","description":"Optimizado y ahora capaz de grabar videos en CinemaDNG y Apple ProRes, y otros formatos comunes para la postproducci\u00f3n cinematogr\u00e1fica.","robots":{"index":"index","follow":"follow","max-snippet":"max-snippet:-1","max-image-preview":"max-image-preview:large","max-video-preview":"max-video-preview:-1"},"canonical":"https:\/\/usadronetampa.com\/es\/product\/dji-mavic-3-enterprise-with-care-basic-warranty\/","og_locale":"es_ES","og_type":"article","og_title":"DJI Mavic 3 Enterprise with Care Basic Warranty - USA Drone Tampa","og_description":"Optimized and is now capable of recording videoin CinemaDNG and Apple ProRes, and other common formats for post-production in filmmaking","og_url":"https:\/\/usadronetampa.com\/es\/product\/dji-mavic-3-enterprise-with-care-basic-warranty\/","og_site_name":"USA Drone Tampa","article_publisher":"https:\/\/www.facebook.com\/profile.php?id=100095595180083","article_modified_time":"2025-03-11T15:10:46+00:00","og_image":[{"width":1600,"height":1200,"url":"https:\/\/usadronetampa.com\/wp-content\/uploads\/2024\/05\/m3e-shot2.webp","type":"image\/webp"}],"twitter_card":"summary_large_image","twitter_misc":{"Est. reading time":"4 minutos"},"schema":{"@context":"https:\/\/schema.org","@graph":[{"@type":"WebPage","@id":"https:\/\/usadronetampa.com\/product\/dji-mavic-3-enterprise-with-care-basic-warranty\/","url":"https:\/\/usadronetampa.com\/product\/dji-mavic-3-enterprise-with-care-basic-warranty\/","name":"DJI Mavic 3 Enterprise with Care Basic Warranty - USA Drone Tampa","isPartOf":{"@id":"https:\/\/usadronetampa.com\/#website"},"primaryImageOfPage":{"@id":"https:\/\/usadronetampa.com\/product\/dji-mavic-3-enterprise-with-care-basic-warranty\/#primaryimage"},"image":{"@id":"https:\/\/usadronetampa.com\/product\/dji-mavic-3-enterprise-with-care-basic-warranty\/#primaryimage"},"thumbnailUrl":"https:\/\/usadronetampa.com\/wp-content\/uploads\/2024\/05\/m3e-shot2.webp","datePublished":"2024-05-17T21:23:33+00:00","dateModified":"2025-03-11T15:10:46+00:00","description":"Optimizado y ahora capaz de grabar videos en CinemaDNG y Apple ProRes, y otros formatos comunes para la postproducci\u00f3n cinematogr\u00e1fica.","breadcrumb":{"@id":"https:\/\/usadronetampa.com\/product\/dji-mavic-3-enterprise-with-care-basic-warranty\/#breadcrumb"},"inLanguage":"es-PE","potentialAction":[{"@type":"ReadAction","target":["https:\/\/usadronetampa.com\/product\/dji-mavic-3-enterprise-with-care-basic-warranty\/"]}]},{"@type":"ImageObject","inLanguage":"es-PE","@id":"https:\/\/usadronetampa.com\/product\/dji-mavic-3-enterprise-with-care-basic-warranty\/#primaryimage","url":"https:\/\/usadronetampa.com\/wp-content\/uploads\/2024\/05\/m3e-shot2.webp","contentUrl":"https:\/\/usadronetampa.com\/wp-content\/uploads\/2024\/05\/m3e-shot2.webp","width":1600,"height":1200},{"@type":"BreadcrumbList","@id":"https:\/\/usadronetampa.com\/product\/dji-mavic-3-enterprise-with-care-basic-warranty\/#breadcrumb","itemListElement":[{"@type":"ListItem","position":1,"name":"Home","item":"https:\/\/usadronetampa.com\/"},{"@type":"ListItem","position":2,"name":"Store","item":"https:\/\/usadronetampa.com\/tienda\/"},{"@type":"ListItem","position":3,"name":"DJI Mavic 3 Enterprise with Care Basic Warranty"}]},{"@type":"WebSite","@id":"https:\/\/usadronetampa.com\/#website","url":"https:\/\/usadronetampa.com\/","name":"USA Drone Tampa","description":"Drones EE. UU.","publisher":{"@id":"https:\/\/usadronetampa.com\/#organization"},"potentialAction":[{"@type":"SearchAction","target":{"@type":"EntryPoint","urlTemplate":"https:\/\/usadronetampa.com\/?s={search_term_string}"},"query-input":{"@type":"PropertyValueSpecification","valueRequired":true,"valueName":"search_term_string"}}],"inLanguage":"es-PE"},{"@type":"Organization","@id":"https:\/\/usadronetampa.com\/#organization","name":"USA Drone Tampa","url":"https:\/\/usadronetampa.com\/","logo":{"@type":"ImageObject","inLanguage":"es-PE","@id":"https:\/\/usadronetampa.com\/#\/schema\/logo\/image\/","url":"https:\/\/usadronetampa.com\/wp-content\/uploads\/2023\/08\/usa-drone2b.png","contentUrl":"https:\/\/usadronetampa.com\/wp-content\/uploads\/2023\/08\/usa-drone2b.png","width":746,"height":590,"caption":"USA Drone Tampa"},"image":{"@id":"https:\/\/usadronetampa.com\/#\/schema\/logo\/image\/"},"sameAs":["https:\/\/www.facebook.com\/profile.php?id=100095595180083"]}]}},"_links":{"self":[{"href":"https:\/\/usadronetampa.com\/es\/wp-json\/wp\/v2\/product\/2016","targetHints":{"allow":["GET"]}}],"collection":[{"href":"https:\/\/usadronetampa.com\/es\/wp-json\/wp\/v2\/product"}],"about":[{"href":"https:\/\/usadronetampa.com\/es\/wp-json\/wp\/v2\/types\/product"}],"replies":[{"embeddable":true,"href":"https:\/\/usadronetampa.com\/es\/wp-json\/wp\/v2\/comments?post=2016"}],"wp:featuredmedia":[{"embeddable":true,"href":"https:\/\/usadronetampa.com\/es\/wp-json\/wp\/v2\/media\/2008"}],"wp:attachment":[{"href":"https:\/\/usadronetampa.com\/es\/wp-json\/wp\/v2\/media?parent=2016"}],"wp:term":[{"taxonomy":"product_brand","embeddable":true,"href":"https:\/\/usadronetampa.com\/es\/wp-json\/wp\/v2\/product_brand?post=2016"},{"taxonomy":"product_cat","embeddable":true,"href":"https:\/\/usadronetampa.com\/es\/wp-json\/wp\/v2\/product_cat?post=2016"},{"taxonomy":"product_tag","embeddable":true,"href":"https:\/\/usadronetampa.com\/es\/wp-json\/wp\/v2\/product_tag?post=2016"}],"curies":[{"name":"gracias","href":"https:\/\/api.w.org\/{rel}","templated":true}]}}