{"id":1956,"date":"2024-03-28T11:19:21","date_gmt":"2024-03-28T16:19:21","guid":{"rendered":"https:\/\/usadronetampa.com\/?post_type=product&#038;p=1956"},"modified":"2025-03-11T10:28:06","modified_gmt":"2025-03-11T15:28:06","slug":"dji-p4-multispectral-agriculture-drone-with-enterprise-shield","status":"publish","type":"product","link":"https:\/\/usadronetampa.com\/es\/product\/dji-p4-multispectral-agriculture-drone-with-enterprise-shield\/","title":{"rendered":"Dron agr\u00edcola multiespectral DJI P4 con Enterprise Shield"},"content":{"rendered":"<div class=\"container\">\n<h2>Inteligencia vegetal para acciones espec\u00edficas<\/h2>\n<p>Recopile datos precisos a nivel de planta utilizando el P4 Multispectral, un dron de alta precisi\u00f3n con un sistema de im\u00e1genes multiespectral perfectamente integrado dise\u00f1ado para misiones agr\u00edcolas, monitoreo ambiental y m\u00e1s.<\/p>\n<h2>De la granja a las cifras<\/h2>\n<p><strong>Obtenga informaci\u00f3n inmediata sobre la salud vegetal<\/strong><br \/>\nEl P4 Multispectral consolida el proceso de captura de datos que brindan informaci\u00f3n sobre la salud de los cultivos y el manejo de la vegetaci\u00f3n. DJI ha creado esta plataforma con los mismos potentes est\u00e1ndares de rendimiento por los que se conoce a DJI, incluido un tiempo m\u00e1ximo de vuelo de 27 minutos y un alcance de transmisi\u00f3n de hasta 7 km1 con el sistema OcuSync.<\/p>\n<p><img decoding=\"async\" src=\"https:\/\/cdn.shopify.com\/s\/files\/1\/0761\/3556\/3580\/files\/a331f7747517e1acdbe90859a8d48bbc_1x_4b91cbd3-10be-4e2a-bbf4-5937e14519ff.webp?v=1692876906\" width=\"95%\" \/><\/p>\n<h2>Ver debajo de la superficie<\/h2>\n<p>La recopilaci\u00f3n de im\u00e1genes agr\u00edcolas ahora es m\u00e1s simple y eficiente que nunca con un sistema de im\u00e1genes estabilizadas incorporado que recopila conjuntos de datos completos desde el primer momento. Acceda a la informaci\u00f3n recopilada por 1 c\u00e1mara RGB y un conjunto de c\u00e1maras multiespectrales con 5 c\u00e1maras que cubren las bandas azul, verde, roja, borde rojo e infrarrojo cercano, todo a 2 MP con obturador global, en un card\u00e1n estabilizado de 3 ejes.<\/p>\n<h2>Sensor de luz solar espectral integrado para resultados precisos<\/h2>\n<p>Un sensor de luz solar espectral integrado en la parte superior del dron captura la irradiancia solar, lo que maximiza la precisi\u00f3n y coherencia de la recopilaci\u00f3n de datos en diferentes momentos del d\u00eda. Cuando se combina con datos posprocesados, esta informaci\u00f3n ayuda a obtener los resultados de NDVI m\u00e1s precisos.<\/p>\n<h2>Datos significativos a su disposici\u00f3n<\/h2>\n<p><strong>Ver transmisiones RGB y NDVI<\/strong><\/p>\n<p>Tener im\u00e1genes a\u00e9reas no es suficiente para los profesionales agr\u00edcolas que quieren saber m\u00e1s. Cambie entre un an\u00e1lisis preliminar del \u00edndice de vegetaci\u00f3n de diferencia normalizada (NDVI) y la transmisi\u00f3n RGB en vivo para visualizar inmediatamente d\u00f3nde se necesita atenci\u00f3n, de modo que se puedan tomar r\u00e1pidamente decisiones de tratamiento espec\u00edficas.<\/p>\n<p><img decoding=\"async\" src=\"https:\/\/cdn.shopify.com\/s\/files\/1\/0761\/3556\/3580\/files\/13c79a0e11a6b5a23890b7f4c71c2c1e_1x_8f1feb38-283d-4578-9bd9-dcd66b2554de.webp?v=1692876906\" width=\"95%\" \/><\/p>\n<h2>Precisi\u00f3n a nivel de cent\u00edmetros<\/h2>\n<p>Obtenga datos de posicionamiento precisos y en tiempo real en im\u00e1genes capturadas por las seis c\u00e1maras con el sistema TimeSync de DJI, que proporciona mediciones precisas a nivel de cent\u00edmetros. El sistema TimeSync alinea continuamente el controlador de vuelo, las c\u00e1maras RGB y NB y el m\u00f3dulo RTK, fijando los datos de posicionamiento en el centro del CMOS y garantizando que cada foto utilice los metadatos m\u00e1s precisos. Todas las c\u00e1maras pasan por un riguroso proceso de calibraci\u00f3n donde se miden las distorsiones radiales y tangenciales de la lente. Los par\u00e1metros de distorsi\u00f3n recopilados se guardan en los metadatos de cada imagen, lo que permite que el software de posprocesamiento se ajuste de forma \u00fanica para cada usuario.<\/p>\n<h2>Compatibilidad con la estaci\u00f3n m\u00f3vil D-RTK 2 y NTRIP<\/h2>\n<p>Mejore la precisi\u00f3n del posicionamiento RTK sin conexi\u00f3n a Internet conectando el P4 Multispectral a la estaci\u00f3n m\u00f3vil GNSS de alta precisi\u00f3n D-RTK 2 y NTRIP (transporte de red de RTCM a trav\u00e9s del protocolo de Internet)2, o almacene los datos de observaci\u00f3n satelital que se utilizar\u00e1n para el posprocesamiento. Cinem\u00e1tica (PPK).<\/p>\n<h2>Planificar vuelos<\/h2>\n<p>Planifique vuelos, ejecute misiones automatizadas y administre datos de vuelo utilizando GS PRO, la aplicaci\u00f3n iOS de planificaci\u00f3n de vuelos l\u00edder de DJI.<\/p>\n<h2>Capturar datos<\/h2>\n<p>Recopile im\u00e1genes multiespectrales de manera eficiente en un \u00e1rea grande utilizando el P4 Multispectral y obtenga una descripci\u00f3n general de las \u00e1reas problem\u00e1ticas.<\/p>\n<h2>Analizar datos<\/h2>\n<p>Acceda y procese f\u00e1cilmente datos a\u00e9reos aplicando m\u00e9tricas y par\u00e1metros espec\u00edficos de la planta para adquirir los resultados deseados sobre la salud de las plantas.<\/p>\n<h2>Actuar sobre los datos<\/h2>\n<p>Implemente tratamientos espec\u00edficos en \u00e1reas que necesitan atenci\u00f3n bas\u00e1ndose en datos precisos de drones.<\/p>\n<h2>Aplicaciones<\/h2>\n<p><img decoding=\"async\" src=\"https:\/\/cdn.shopify.com\/s\/files\/1\/0761\/3556\/3580\/files\/8ef0ab1bd3711bf06cb3c55b43288abe_1x_83adabb5-dceb-406a-a31d-e62a1abed9e8.webp?v=1692876906\" width=\"95%\" \/><\/p>\n<h2>Agricultura de precisi\u00f3n<\/h2>\n<p>A lo largo de todas las estaciones de crecimiento, las im\u00e1genes multiespectrales pueden resultar \u00fatiles para los profesionales de la agricultura al proporcionar informaci\u00f3n invisible al ojo humano en todo el espectro electromagn\u00e9tico. Al tener acceso a estos datos y a los datos del \u00edndice de vegetaci\u00f3n obtenidos posteriormente, como NDRE y NDVI, los agricultores pueden tomar decisiones oportunas e informadas sobre el tratamiento de cultivos, reducir costos, ahorrar recursos y maximizar los rendimientos.<\/p>\n<h2>Monitoreo e inspecci\u00f3n ambiental.<\/h2>\n<p>Las inspecciones y el mantenimiento de rutina que involucran plantas se pueden hacer m\u00e1s inteligentes y eficientes cuando se utiliza el P4 Multispectral: aproveche sus conocimientos multiespectrales procesables para monitorear la salud de los bosques, medir la biomasa, mapear las costas o gestionar la vegetaci\u00f3n ribere\u00f1a mientras se protegen los h\u00e1bitats o ecosistemas, y mucho m\u00e1s. .<\/p>\n<\/div>","protected":false},"excerpt":{"rendered":"<p>Recopile datos precisos a nivel de planta utilizando el P4 Multispectral, un dron de alta precisi\u00f3n con un sistema de im\u00e1genes multiespectral perfectamente integrado dise\u00f1ado para misiones agr\u00edcolas, monitoreo ambiental y m\u00e1s.<\/p>\n<p><strong><span style=\"color: #ff0000;\">Para obtener m\u00e1s informaci\u00f3n sobre este producto, comun\u00edquese con<\/span>\u00a0<a href=\"mailto:sales@usadronetampa.com\" target=\"_blank\" rel=\"noopener\"><span style=\"color: #0000ff;\">sales@usadronetampa.com<\/span>\u00a0<\/a><\/strong><\/p>","protected":false},"featured_media":1616,"comment_status":"open","ping_status":"closed","template":"","meta":{"site-sidebar-layout":"default","site-content-layout":"","ast-site-content-layout":"default","site-content-style":"default","site-sidebar-style":"default","ast-global-header-display":"","ast-banner-title-visibility":"","ast-main-header-display":"","ast-hfb-above-header-display":"","ast-hfb-below-header-display":"","ast-hfb-mobile-header-display":"","site-post-title":"","ast-breadcrumbs-content":"","ast-featured-img":"","footer-sml-layout":"","ast-disable-related-posts":"","theme-transparent-header-meta":"default","adv-header-id-meta":"","stick-header-meta":"default","header-above-stick-meta":"","header-main-stick-meta":"","header-below-stick-meta":"","astra-migrate-meta-layouts":"set","ast-page-background-enabled":"default","ast-page-background-meta":{"desktop":{"background-color":"var(--ast-global-color-4)","background-image":"","background-repeat":"repeat","background-position":"center center","background-size":"auto","background-attachment":"scroll","background-type":"","background-media":"","overlay-type":"","overlay-color":"","overlay-opacity":"","overlay-gradient":""},"tablet":{"background-color":"","background-image":"","background-repeat":"repeat","background-position":"center center","background-size":"auto","background-attachment":"scroll","background-type":"","background-media":"","overlay-type":"","overlay-color":"","overlay-opacity":"","overlay-gradient":""},"mobile":{"background-color":"","background-image":"","background-repeat":"repeat","background-position":"center center","background-size":"auto","background-attachment":"scroll","background-type":"","background-media":"","overlay-type":"","overlay-color":"","overlay-opacity":"","overlay-gradient":""}},"ast-content-background-meta":{"desktop":{"background-color":"var(--ast-global-color-5)","background-image":"","background-repeat":"repeat","background-position":"center center","background-size":"auto","background-attachment":"scroll","background-type":"","background-media":"","overlay-type":"","overlay-color":"","overlay-opacity":"","overlay-gradient":""},"tablet":{"background-color":"var(--ast-global-color-5)","background-image":"","background-repeat":"repeat","background-position":"center center","background-size":"auto","background-attachment":"scroll","background-type":"","background-media":"","overlay-type":"","overlay-color":"","overlay-opacity":"","overlay-gradient":""},"mobile":{"background-color":"var(--ast-global-color-5)","background-image":"","background-repeat":"repeat","background-position":"center center","background-size":"auto","background-attachment":"scroll","background-type":"","background-media":"","overlay-type":"","overlay-color":"","overlay-opacity":"","overlay-gradient":""}}},"product_brand":[],"product_cat":[34],"product_tag":[],"class_list":{"0":"post-1956","1":"product","2":"type-product","3":"status-publish","4":"has-post-thumbnail","6":"product_cat-agricultural-drones","7":"desktop-align-left","8":"tablet-align-left","9":"mobile-align-left","11":"first","12":"instock","13":"taxable","14":"shipping-taxable","15":"purchasable","16":"product-type-simple"},"yoast_head":"<!-- This site is optimized with the Yoast SEO plugin v27.4 - https:\/\/yoast.com\/product\/yoast-seo-wordpress\/ -->\n<title>DJI P4 Multispectral Agriculture Drone with Enterprise Shield - USA Drone Tampa<\/title>\n<meta name=\"description\" content=\"The P4 Multispectral consolidates the process of capturing data that gives insight into crop health and vegetation management\" \/>\n<meta name=\"robots\" content=\"index, follow, max-snippet:-1, max-image-preview:large, max-video-preview:-1\" \/>\n<link rel=\"canonical\" href=\"https:\/\/usadronetampa.com\/es\/product\/dji-p4-multispectral-agriculture-drone-with-enterprise-shield\/\" \/>\n<meta property=\"og:locale\" content=\"es_ES\" \/>\n<meta property=\"og:type\" content=\"article\" \/>\n<meta property=\"og:title\" content=\"DJI P4 Multispectral Agriculture Drone with Enterprise Shield - USA Drone Tampa\" \/>\n<meta property=\"og:description\" content=\"The P4 Multispectral consolidates the process of capturing data that gives insight into crop health and vegetation management\" \/>\n<meta property=\"og:url\" content=\"https:\/\/usadronetampa.com\/es\/product\/dji-p4-multispectral-agriculture-drone-with-enterprise-shield\/\" \/>\n<meta property=\"og:site_name\" content=\"USA Drone Tampa\" \/>\n<meta property=\"article:publisher\" content=\"https:\/\/www.facebook.com\/profile.php?id=100095595180083\" \/>\n<meta property=\"article:modified_time\" content=\"2025-03-11T15:28:06+00:00\" \/>\n<meta property=\"og:image\" content=\"https:\/\/usadronetampa.com\/wp-content\/uploads\/2024\/01\/p4m_1.webp\" \/>\n\t<meta property=\"og:image:width\" content=\"1134\" \/>\n\t<meta property=\"og:image:height\" content=\"804\" \/>\n\t<meta property=\"og:image:type\" content=\"image\/webp\" \/>\n<meta name=\"twitter:card\" content=\"summary_large_image\" \/>\n<meta name=\"twitter:label1\" content=\"Est. reading time\" \/>\n\t<meta name=\"twitter:data1\" content=\"4 minutos\" \/>\n<script type=\"application\/ld+json\" class=\"yoast-schema-graph\">{\"@context\":\"https:\\\/\\\/schema.org\",\"@graph\":[{\"@type\":\"WebPage\",\"@id\":\"https:\\\/\\\/usadronetampa.com\\\/product\\\/dji-p4-multispectral-agriculture-drone-with-enterprise-shield\\\/\",\"url\":\"https:\\\/\\\/usadronetampa.com\\\/product\\\/dji-p4-multispectral-agriculture-drone-with-enterprise-shield\\\/\",\"name\":\"DJI P4 Multispectral Agriculture Drone with Enterprise Shield - USA Drone Tampa\",\"isPartOf\":{\"@id\":\"https:\\\/\\\/usadronetampa.com\\\/#website\"},\"primaryImageOfPage\":{\"@id\":\"https:\\\/\\\/usadronetampa.com\\\/product\\\/dji-p4-multispectral-agriculture-drone-with-enterprise-shield\\\/#primaryimage\"},\"image\":{\"@id\":\"https:\\\/\\\/usadronetampa.com\\\/product\\\/dji-p4-multispectral-agriculture-drone-with-enterprise-shield\\\/#primaryimage\"},\"thumbnailUrl\":\"https:\\\/\\\/usadronetampa.com\\\/wp-content\\\/uploads\\\/2024\\\/01\\\/p4m_1.webp\",\"datePublished\":\"2024-03-28T16:19:21+00:00\",\"dateModified\":\"2025-03-11T15:28:06+00:00\",\"description\":\"The P4 Multispectral consolidates the process of capturing data that gives insight into crop health and vegetation management\",\"breadcrumb\":{\"@id\":\"https:\\\/\\\/usadronetampa.com\\\/product\\\/dji-p4-multispectral-agriculture-drone-with-enterprise-shield\\\/#breadcrumb\"},\"inLanguage\":\"es-PE\",\"potentialAction\":[{\"@type\":\"ReadAction\",\"target\":[\"https:\\\/\\\/usadronetampa.com\\\/product\\\/dji-p4-multispectral-agriculture-drone-with-enterprise-shield\\\/\"]}]},{\"@type\":\"ImageObject\",\"inLanguage\":\"es-PE\",\"@id\":\"https:\\\/\\\/usadronetampa.com\\\/product\\\/dji-p4-multispectral-agriculture-drone-with-enterprise-shield\\\/#primaryimage\",\"url\":\"https:\\\/\\\/usadronetampa.com\\\/wp-content\\\/uploads\\\/2024\\\/01\\\/p4m_1.webp\",\"contentUrl\":\"https:\\\/\\\/usadronetampa.com\\\/wp-content\\\/uploads\\\/2024\\\/01\\\/p4m_1.webp\",\"width\":1134,\"height\":804},{\"@type\":\"BreadcrumbList\",\"@id\":\"https:\\\/\\\/usadronetampa.com\\\/product\\\/dji-p4-multispectral-agriculture-drone-with-enterprise-shield\\\/#breadcrumb\",\"itemListElement\":[{\"@type\":\"ListItem\",\"position\":1,\"name\":\"Home\",\"item\":\"https:\\\/\\\/usadronetampa.com\\\/\"},{\"@type\":\"ListItem\",\"position\":2,\"name\":\"Store\",\"item\":\"https:\\\/\\\/usadronetampa.com\\\/tienda\\\/\"},{\"@type\":\"ListItem\",\"position\":3,\"name\":\"DJI P4 Multispectral Agriculture Drone with Enterprise Shield\"}]},{\"@type\":\"WebSite\",\"@id\":\"https:\\\/\\\/usadronetampa.com\\\/#website\",\"url\":\"https:\\\/\\\/usadronetampa.com\\\/\",\"name\":\"USA Drone Tampa\",\"description\":\"Drones USA\",\"publisher\":{\"@id\":\"https:\\\/\\\/usadronetampa.com\\\/#organization\"},\"potentialAction\":[{\"@type\":\"SearchAction\",\"target\":{\"@type\":\"EntryPoint\",\"urlTemplate\":\"https:\\\/\\\/usadronetampa.com\\\/?s={search_term_string}\"},\"query-input\":{\"@type\":\"PropertyValueSpecification\",\"valueRequired\":true,\"valueName\":\"search_term_string\"}}],\"inLanguage\":\"es-PE\"},{\"@type\":\"Organization\",\"@id\":\"https:\\\/\\\/usadronetampa.com\\\/#organization\",\"name\":\"USA Drone Tampa\",\"url\":\"https:\\\/\\\/usadronetampa.com\\\/\",\"logo\":{\"@type\":\"ImageObject\",\"inLanguage\":\"es-PE\",\"@id\":\"https:\\\/\\\/usadronetampa.com\\\/#\\\/schema\\\/logo\\\/image\\\/\",\"url\":\"https:\\\/\\\/usadronetampa.com\\\/wp-content\\\/uploads\\\/2023\\\/08\\\/usa-drone2b.png\",\"contentUrl\":\"https:\\\/\\\/usadronetampa.com\\\/wp-content\\\/uploads\\\/2023\\\/08\\\/usa-drone2b.png\",\"width\":746,\"height\":590,\"caption\":\"USA Drone Tampa\"},\"image\":{\"@id\":\"https:\\\/\\\/usadronetampa.com\\\/#\\\/schema\\\/logo\\\/image\\\/\"},\"sameAs\":[\"https:\\\/\\\/www.facebook.com\\\/profile.php?id=100095595180083\"]}]}<\/script>\n<!-- \/ Yoast SEO plugin. -->","yoast_head_json":{"title":"DJI P4 Multispectral Agriculture Drone with Enterprise Shield - USA Drone Tampa","description":"The P4 Multispectral consolidates the process of capturing data that gives insight into crop health and vegetation management","robots":{"index":"index","follow":"follow","max-snippet":"max-snippet:-1","max-image-preview":"max-image-preview:large","max-video-preview":"max-video-preview:-1"},"canonical":"https:\/\/usadronetampa.com\/es\/product\/dji-p4-multispectral-agriculture-drone-with-enterprise-shield\/","og_locale":"es_ES","og_type":"article","og_title":"DJI P4 Multispectral Agriculture Drone with Enterprise Shield - USA Drone Tampa","og_description":"The P4 Multispectral consolidates the process of capturing data that gives insight into crop health and vegetation management","og_url":"https:\/\/usadronetampa.com\/es\/product\/dji-p4-multispectral-agriculture-drone-with-enterprise-shield\/","og_site_name":"USA Drone Tampa","article_publisher":"https:\/\/www.facebook.com\/profile.php?id=100095595180083","article_modified_time":"2025-03-11T15:28:06+00:00","og_image":[{"width":1134,"height":804,"url":"https:\/\/usadronetampa.com\/wp-content\/uploads\/2024\/01\/p4m_1.webp","type":"image\/webp"}],"twitter_card":"summary_large_image","twitter_misc":{"Est. reading time":"4 minutos"},"schema":{"@context":"https:\/\/schema.org","@graph":[{"@type":"WebPage","@id":"https:\/\/usadronetampa.com\/product\/dji-p4-multispectral-agriculture-drone-with-enterprise-shield\/","url":"https:\/\/usadronetampa.com\/product\/dji-p4-multispectral-agriculture-drone-with-enterprise-shield\/","name":"DJI P4 Multispectral Agriculture Drone with Enterprise Shield - USA Drone Tampa","isPartOf":{"@id":"https:\/\/usadronetampa.com\/#website"},"primaryImageOfPage":{"@id":"https:\/\/usadronetampa.com\/product\/dji-p4-multispectral-agriculture-drone-with-enterprise-shield\/#primaryimage"},"image":{"@id":"https:\/\/usadronetampa.com\/product\/dji-p4-multispectral-agriculture-drone-with-enterprise-shield\/#primaryimage"},"thumbnailUrl":"https:\/\/usadronetampa.com\/wp-content\/uploads\/2024\/01\/p4m_1.webp","datePublished":"2024-03-28T16:19:21+00:00","dateModified":"2025-03-11T15:28:06+00:00","description":"The P4 Multispectral consolidates the process of capturing data that gives insight into crop health and vegetation management","breadcrumb":{"@id":"https:\/\/usadronetampa.com\/product\/dji-p4-multispectral-agriculture-drone-with-enterprise-shield\/#breadcrumb"},"inLanguage":"es-PE","potentialAction":[{"@type":"ReadAction","target":["https:\/\/usadronetampa.com\/product\/dji-p4-multispectral-agriculture-drone-with-enterprise-shield\/"]}]},{"@type":"ImageObject","inLanguage":"es-PE","@id":"https:\/\/usadronetampa.com\/product\/dji-p4-multispectral-agriculture-drone-with-enterprise-shield\/#primaryimage","url":"https:\/\/usadronetampa.com\/wp-content\/uploads\/2024\/01\/p4m_1.webp","contentUrl":"https:\/\/usadronetampa.com\/wp-content\/uploads\/2024\/01\/p4m_1.webp","width":1134,"height":804},{"@type":"BreadcrumbList","@id":"https:\/\/usadronetampa.com\/product\/dji-p4-multispectral-agriculture-drone-with-enterprise-shield\/#breadcrumb","itemListElement":[{"@type":"ListItem","position":1,"name":"Home","item":"https:\/\/usadronetampa.com\/"},{"@type":"ListItem","position":2,"name":"Store","item":"https:\/\/usadronetampa.com\/tienda\/"},{"@type":"ListItem","position":3,"name":"DJI P4 Multispectral Agriculture Drone with Enterprise Shield"}]},{"@type":"WebSite","@id":"https:\/\/usadronetampa.com\/#website","url":"https:\/\/usadronetampa.com\/","name":"USA Drone Tampa","description":"Drones EE. UU.","publisher":{"@id":"https:\/\/usadronetampa.com\/#organization"},"potentialAction":[{"@type":"SearchAction","target":{"@type":"EntryPoint","urlTemplate":"https:\/\/usadronetampa.com\/?s={search_term_string}"},"query-input":{"@type":"PropertyValueSpecification","valueRequired":true,"valueName":"search_term_string"}}],"inLanguage":"es-PE"},{"@type":"Organization","@id":"https:\/\/usadronetampa.com\/#organization","name":"USA Drone Tampa","url":"https:\/\/usadronetampa.com\/","logo":{"@type":"ImageObject","inLanguage":"es-PE","@id":"https:\/\/usadronetampa.com\/#\/schema\/logo\/image\/","url":"https:\/\/usadronetampa.com\/wp-content\/uploads\/2023\/08\/usa-drone2b.png","contentUrl":"https:\/\/usadronetampa.com\/wp-content\/uploads\/2023\/08\/usa-drone2b.png","width":746,"height":590,"caption":"USA Drone Tampa"},"image":{"@id":"https:\/\/usadronetampa.com\/#\/schema\/logo\/image\/"},"sameAs":["https:\/\/www.facebook.com\/profile.php?id=100095595180083"]}]}},"_links":{"self":[{"href":"https:\/\/usadronetampa.com\/es\/wp-json\/wp\/v2\/product\/1956","targetHints":{"allow":["GET"]}}],"collection":[{"href":"https:\/\/usadronetampa.com\/es\/wp-json\/wp\/v2\/product"}],"about":[{"href":"https:\/\/usadronetampa.com\/es\/wp-json\/wp\/v2\/types\/product"}],"replies":[{"embeddable":true,"href":"https:\/\/usadronetampa.com\/es\/wp-json\/wp\/v2\/comments?post=1956"}],"wp:featuredmedia":[{"embeddable":true,"href":"https:\/\/usadronetampa.com\/es\/wp-json\/wp\/v2\/media\/1616"}],"wp:attachment":[{"href":"https:\/\/usadronetampa.com\/es\/wp-json\/wp\/v2\/media?parent=1956"}],"wp:term":[{"taxonomy":"product_brand","embeddable":true,"href":"https:\/\/usadronetampa.com\/es\/wp-json\/wp\/v2\/product_brand?post=1956"},{"taxonomy":"product_cat","embeddable":true,"href":"https:\/\/usadronetampa.com\/es\/wp-json\/wp\/v2\/product_cat?post=1956"},{"taxonomy":"product_tag","embeddable":true,"href":"https:\/\/usadronetampa.com\/es\/wp-json\/wp\/v2\/product_tag?post=1956"}],"curies":[{"name":"gracias","href":"https:\/\/api.w.org\/{rel}","templated":true}]}}