{"id":1874,"date":"2024-03-27T19:28:08","date_gmt":"2024-03-28T00:28:08","guid":{"rendered":"https:\/\/usadronetampa.com\/?post_type=product&#038;p=1874"},"modified":"2025-03-10T20:58:09","modified_gmt":"2025-03-11T01:58:09","slug":"dji-mini-2-se-fly-more-combo-camera-drone-31-min-under-249-g-extra-batteries","status":"publish","type":"product","link":"https:\/\/usadronetampa.com\/es\/product\/dji-mini-2-se-fly-more-combo-camera-drone-31-min-under-249-g-extra-batteries\/","title":{"rendered":"DJI Mini 2 SE Fly More Combo Drone con c\u00e1mara 31 min Menos de 249 g Bater\u00edas adicionales"},"content":{"rendered":"<div class=\"container\">\n<h1 style=\"text-align: center; font-size: 50px; font-weight: 600; padding-top: 35px; color: #082e3d;\">DJI Mini 2 SE<\/h1>\n<h2 style=\"text-align: center; font-size: 32px; font-weight: 400; padding-bottom: 5px; padding-left: 0px; color: #07caf4;\">Haz volar tus momentos<\/h2>\n<div class=\"video-container\"><video autoplay=\"autoplay\" loop=\"loop\" muted=\"\" width=\"300\" height=\"150\"><source src=\"https:\/\/dji-official-fe.djicdn.com\/reactor\/assets\/_next\/static\/videos\/30f4188d-81ee-4e60-98b3-582fcd43b1a9.webm\" type=\"video\/webm\" \/><\/video><\/div>\n<p>&nbsp;<\/p>\n<div class=\"imageboxes2\"><img decoding=\"async\" src=\"https:\/\/cdn.shopify.com\/s\/files\/1\/0761\/3556\/3580\/files\/EN-pc1_1c40d7c5-f762-4150-86c5-91ff98c07464.jpg?v=1692876982\" \/><\/div>\n<div class=\"imageboxes2\"><img decoding=\"async\" src=\"https:\/\/cdn.shopify.com\/s\/files\/1\/0761\/3556\/3580\/files\/EN-pc2_6d49f74b-5803-4669-9ac8-88fb9bda0445.jpg?v=1692876982\" \/><\/div>\n<div class=\"imageboxes2\"><img decoding=\"async\" src=\"https:\/\/cdn.shopify.com\/s\/files\/1\/0761\/3556\/3580\/files\/EN-pc3_f269d0f0-f9f8-423b-856b-e1a8ca005844.jpg?v=1692876982\" \/><\/div>\n<div class=\"imageboxes2\"><img decoding=\"async\" src=\"https:\/\/cdn.shopify.com\/s\/files\/1\/0761\/3556\/3580\/files\/EN-pc4_741a67d9-70de-468d-a3c0-03e086484aa3.jpg?v=1692876982\" \/><\/div>\n<div class=\"imageboxes2\"><img decoding=\"async\" src=\"https:\/\/cdn.shopify.com\/s\/files\/1\/0761\/3556\/3580\/files\/EN-pc5_cf249bd6-b7b4-4317-a77d-57ec302db2f6.jpg?v=1692876982\" \/><\/div>\n<div class=\"imageboxes2\"><img decoding=\"async\" src=\"https:\/\/cdn.shopify.com\/s\/files\/1\/0761\/3556\/3580\/files\/EN-pc6_34a5a3a5-4098-4720-8fcc-e4c4905ed414.jpg?v=1692876982\" \/><\/div>\n<div class=\"imageboxes2\"><img decoding=\"async\" src=\"https:\/\/cdn.shopify.com\/s\/files\/1\/0761\/3556\/3580\/files\/mini2sechart.jpg?v=1692876982\" \/><\/div>\n<p>&nbsp;<\/p>\n<p id=\"infotext\">Siempre es una gran idea capturar tus momentos cotidianos o tus viajes. Trae DJI Mini 2 SE para disfrutar de una perspectiva \u00fanica que hace volar tus momentos.<\/p>\n<div class=\"spectable\">\n<table>\n<tbody>\n<tr>\n<td>\n<p id=\"tabletext\">Menos de 249 g<\/p>\n<\/td>\n<td>\n<p id=\"tabletext\">F\u00e1cil de usar<\/p>\n<\/td>\n<td>\n<p id=\"tabletext\">Transmisi\u00f3n de v\u00eddeo de 10 km<\/p>\n<\/td>\n<td>\n<p id=\"tabletext\">Tiempo de vuelo m\u00e1ximo de 31 minutos<\/p>\n<\/td>\n<td>\n<p id=\"tabletext\">Resistencia al viento de 38 km\/h<\/p>\n<\/td>\n<\/tr>\n<\/tbody>\n<\/table>\n<\/div>\n<h2 style=\"text-align: center; font-size: 42px; font-weight: 600; padding-top: 35px; color: #082e3d;\">Una perspectiva muy por encima de lo ordinario<\/h2>\n<h2 id=\"mini2setitle\">Ligero y port\u00e1til<\/h2>\n<p id=\"infotext\">\u00bfQu\u00e9 tan liviano es el DJI Mini 2 SE? Con menos de 249 g, pesa aproximadamente lo mismo que una manzana y cabe en la palma de la mano. Compacto y conveniente, Mini 2 SE es su compa\u00f1ero de viaje ideal y transforma la forma en que captura sus momentos favoritos.<\/p>\n<h2 id=\"mini2setitle\">Transmisi\u00f3n de v\u00eddeo HD de hasta 10 km<\/h2>\n<p id=\"infotext\">Mini 2 SE admite hasta 10 km de transmisi\u00f3n de video HD y tiene excelentes capacidades antiinterferencias, lo que le permite volar m\u00e1s lejos y ver con mayor claridad.<\/p>\n<h2 id=\"mini2setitle\">Tiempo de vuelo m\u00e1ximo de 31 minutos<\/h2>\n<p id=\"infotext\">Con una duraci\u00f3n m\u00e1xima de bater\u00eda de 31 minutos, Mini 2 SE brinda tiempo m\u00e1s que suficiente para componer la toma perfecta.<\/p>\n<h2 id=\"mini2setitle\">Vuelo robusto<\/h2>\n<p id=\"infotext\">Mini 2 SE vuela de manera estable y confiable y mantiene tus im\u00e1genes estables incluso cuando vuelas en entornos con vientos de nivel 5, hasta 38 km\/h.<\/p>\n<h2 style=\"text-align: center; font-size: 42px; font-weight: 600; padding-top: 35px; color: #082e3d;\">Creatividad, simplificada<\/h2>\n<h2 id=\"mini2setitle\">Apto para principiantes<\/h2>\n<p id=\"infotext\">La aplicaci\u00f3n DJI Fly viene con instrucciones claras y tutoriales de vuelo f\u00e1ciles de seguir que cubren todos los consejos que necesitas para comenzar.<\/p>\n<h2 id=\"mini2setitle\">Despegue\/aterrice con un toque<\/h2>\n<p id=\"infotext\">Mantenga presionado el \u00edcono de despegue\/aterrizaje y la aeronave despegar\u00e1 o aterrizar\u00e1 autom\u00e1ticamente.<\/p>\n<h2 id=\"mini2setitle\">Estable flotando<\/h2>\n<p id=\"infotext\">Con una combinaci\u00f3n de sistemas GNSS, visi\u00f3n hacia abajo y sensores infrarrojos, la aeronave puede flotar de manera estable en el aire.<\/p>\n<h2 id=\"mini2setitle\">Vuelve a casa<\/h2>\n<p id=\"infotext\">Smart RTH, Low Battery RTH y Failsafe RTH le brindan m\u00e1s confianza y tranquilidad durante el vuelo.<\/p>\n<h2 style=\"text-align: center; font-size: 42px; font-weight: 600; padding-top: 35px; color: #082e3d;\">Aumente su inspiraci\u00f3n con modos inteligentes<\/h2>\n<h2 id=\"mini2setitle\">Disparos r\u00e1pidos<\/h2>\n<p id=\"infotext\">Con solo unos pocos toques, DJI Mini 2 SE graba y graba autom\u00e1ticamente videos de nivel profesional para compartirlos directamente en las redes sociales. Ya seas principiante o un piloto m\u00e1s experimentado, la aplicaci\u00f3n DJI Fly te ayuda a producir resultados impresionantes con bandas sonoras y filtros.<\/p>\n<h2 id=\"mini2setitle\">Panorama<\/h2>\n<p id=\"infotext\">Seleccione entre panor\u00e1micas esf\u00e9ricas, gran angular y de 180\u00b0, y Mini 2 SE har\u00e1 el resto, generando una obra maestra panor\u00e1mica sin esfuerzo con un solo toque.<\/p>\n<h2 style=\"text-align: center; font-size: 42px; font-weight: 600; padding-top: 35px; color: #082e3d;\">Potente c\u00e1mara card\u00e1n<\/h2>\n<h2 id=\"mini2setitle\">Card\u00e1n de 3 ejes<\/h2>\n<p id=\"infotext\">Con un sistema de estabilizaci\u00f3n mec\u00e1nica de 3 ejes, Mini 2 SE garantiza im\u00e1genes uniformemente fluidas sin importar lo aventurero que seas.<\/p>\n<h2 id=\"mini2setitle\">Im\u00e1genes claras y n\u00edtidas<\/h2>\n<p id=\"infotext\">La c\u00e1mara CMOS de 1\/2,3 pulgadas equipada ofrece fotograf\u00edas de 12 MP y v\u00eddeos de hasta 2,7 K.<br \/>\nGraba hermosos momentos con familiares y amigos, o captura todo el paisaje natural en un viaje, DJI Mini 2 SE puede agregar algo especial a cualquier idea creativa.<\/p>\n<h2 id=\"mini2setitle\">4\u00d7 Zoom<\/h2>\n<p id=\"infotext\">4\u00c3\u2014 Zoom le permite realizar la transici\u00f3n entre tomas de diferentes distancias y composiciones al grabar videos HD. Eso significa que puedes capturar im\u00e1genes claras e incre\u00edblemente v\u00edvidas de tus hijos, tus amigos peludos o la arquitectura desde una distancia segura.<\/p>\n<style><!-- video { width: 100% !important; height: auto !important; padding-bottom: 20px; } .video-container { max-width: 1280px; margin: 0 auto; padding: 0px; } h2#mini2setitle {font-size: 32px; color:#333; padding:25px;text-align:center;} h3#bulletpoints2 {text-align: center;font-size: 20px;font-weight: 400;padding-bottom: 10px;padding-left: 0px;color: #266c8d;} h3#bulletpoints1 {text-align: center;font-size: 22px;font-weight: 400;padding-bottom: 30px;padding-left: 0px;color: #666;text-transform: none;} p#tabletext {font-size: 16px;text-align: center;margin:auto;color:#333;} p#infotext {padding-left: 10%; padding-right: 10%;font-size: 16px;text-align: center;} p#bullettext {padding-left: 10%; padding-right: 10%;font-size: 16px;text-align: center;} .spectable table {width: 100%;max-width: 840px;margin: auto;border-collapse: collapse;border-radius: 20px;border-style: hidden;box-shadow: 0 0 0 1px #999;background:#ddd;} .spectable {padding-bottom:25px; padding-top:25px;} .spectable thead {background-color: #666; color:#eee;} .spectable tr {border: 2px solid #888;} .spectable td {font-size: 16px;padding: 1.5%;text-align: center;width: 15%;border: 1px solid #999;color:#777;} .imageboxes img { width: 100%; max-width: 900px; text-align: center; } .imageboxes2 img { width: 100%; max-width: 1280px; text-align: center; } @media (min-width: 320px) and (max-width: 767px) { .spectable td {width: 100%;border: 1px solid #999;color:#777;} .spectable table {border-radius: 0px;} } --><\/style>\n<\/div>","protected":false},"excerpt":{"rendered":"<ul>\n<li>Menos de 249 g<\/li>\n<li>F\u00e1cil de usar<\/li>\n<li>Transmisi\u00f3n de v\u00eddeo de 10 km<\/li>\n<li>Modos inteligentes<\/li>\n<li>Tiempo de vuelo m\u00e1ximo de 31 minutos<\/li>\n<li>Resistencia al viento de 38 km\/h (nivel 5)<\/li>\n<li>\n<h4><span style=\"color: #ff0000;\">Para obtener m\u00e1s informaci\u00f3n sobre este producto, comun\u00edquese con<\/span>\u00a0<span style=\"color: #0000ff;\"><a style=\"color: #0000ff;\" href=\"mailto:sales@usadronetampa.com\" target=\"_blank\" rel=\"noopener\">sales@usadronetampa.com\u00a0<\/a><\/span><\/h4>\n<\/li>\n<\/ul>","protected":false},"featured_media":1921,"comment_status":"open","ping_status":"closed","template":"","meta":{"site-sidebar-layout":"default","site-content-layout":"","ast-site-content-layout":"default","site-content-style":"default","site-sidebar-style":"default","ast-global-header-display":"","ast-banner-title-visibility":"","ast-main-header-display":"","ast-hfb-above-header-display":"","ast-hfb-below-header-display":"","ast-hfb-mobile-header-display":"","site-post-title":"","ast-breadcrumbs-content":"","ast-featured-img":"","footer-sml-layout":"","ast-disable-related-posts":"","theme-transparent-header-meta":"default","adv-header-id-meta":"","stick-header-meta":"default","header-above-stick-meta":"","header-main-stick-meta":"","header-below-stick-meta":"","astra-migrate-meta-layouts":"set","ast-page-background-enabled":"default","ast-page-background-meta":{"desktop":{"background-color":"var(--ast-global-color-4)","background-image":"","background-repeat":"repeat","background-position":"center center","background-size":"auto","background-attachment":"scroll","background-type":"","background-media":"","overlay-type":"","overlay-color":"","overlay-opacity":"","overlay-gradient":""},"tablet":{"background-color":"","background-image":"","background-repeat":"repeat","background-position":"center center","background-size":"auto","background-attachment":"scroll","background-type":"","background-media":"","overlay-type":"","overlay-color":"","overlay-opacity":"","overlay-gradient":""},"mobile":{"background-color":"","background-image":"","background-repeat":"repeat","background-position":"center center","background-size":"auto","background-attachment":"scroll","background-type":"","background-media":"","overlay-type":"","overlay-color":"","overlay-opacity":"","overlay-gradient":""}},"ast-content-background-meta":{"desktop":{"background-color":"var(--ast-global-color-5)","background-image":"","background-repeat":"repeat","background-position":"center center","background-size":"auto","background-attachment":"scroll","background-type":"","background-media":"","overlay-type":"","overlay-color":"","overlay-opacity":"","overlay-gradient":""},"tablet":{"background-color":"var(--ast-global-color-5)","background-image":"","background-repeat":"repeat","background-position":"center center","background-size":"auto","background-attachment":"scroll","background-type":"","background-media":"","overlay-type":"","overlay-color":"","overlay-opacity":"","overlay-gradient":""},"mobile":{"background-color":"var(--ast-global-color-5)","background-image":"","background-repeat":"repeat","background-position":"center center","background-size":"auto","background-attachment":"scroll","background-type":"","background-media":"","overlay-type":"","overlay-color":"","overlay-opacity":"","overlay-gradient":""}}},"product_brand":[],"product_cat":[31],"product_tag":[],"class_list":{"0":"post-1874","1":"product","2":"type-product","3":"status-publish","4":"has-post-thumbnail","6":"product_cat-comercial-drones","7":"desktop-align-left","8":"tablet-align-left","9":"mobile-align-left","11":"first","12":"instock","13":"taxable","14":"shipping-taxable","15":"purchasable","16":"product-type-simple"},"yoast_head":"<!-- This site is optimized with the Yoast SEO plugin v27.5 - https:\/\/yoast.com\/product\/yoast-seo-wordpress\/ -->\n<title>DJI Mini 2 SE Fly More Combo Camera Drone 31-min Under 249 g Extra Batteries - USA Drone Tampa<\/title>\n<meta name=\"description\" content=\"DJI Avata is built tough, so you can be brave. The durable frame reduces the risk of damage, giving you more peace of mind.\" \/>\n<meta name=\"robots\" content=\"index, follow, max-snippet:-1, max-image-preview:large, max-video-preview:-1\" \/>\n<link rel=\"canonical\" href=\"https:\/\/usadronetampa.com\/es\/product\/dji-mini-2-se-fly-more-combo-camera-drone-31-min-under-249-g-extra-batteries\/\" \/>\n<meta property=\"og:locale\" content=\"es_ES\" \/>\n<meta property=\"og:type\" content=\"article\" \/>\n<meta property=\"og:title\" content=\"DJI Mini 2 SE Fly More Combo Camera Drone 31-min Under 249 g Extra Batteries - USA Drone Tampa\" \/>\n<meta property=\"og:description\" content=\"DJI Avata is built tough, so you can be brave. The durable frame reduces the risk of damage, giving you more peace of mind.\" \/>\n<meta property=\"og:url\" content=\"https:\/\/usadronetampa.com\/es\/product\/dji-mini-2-se-fly-more-combo-camera-drone-31-min-under-249-g-extra-batteries\/\" \/>\n<meta property=\"og:site_name\" content=\"USA Drone Tampa\" \/>\n<meta property=\"article:publisher\" content=\"https:\/\/www.facebook.com\/profile.php?id=100095595180083\" \/>\n<meta property=\"article:modified_time\" content=\"2025-03-11T01:58:09+00:00\" \/>\n<meta property=\"og:image\" content=\"https:\/\/usadronetampa.com\/wp-content\/uploads\/2024\/03\/MINISE2-Bundle.webp\" \/>\n\t<meta property=\"og:image:width\" content=\"1200\" \/>\n\t<meta property=\"og:image:height\" content=\"800\" \/>\n\t<meta property=\"og:image:type\" content=\"image\/webp\" \/>\n<meta name=\"twitter:card\" content=\"summary_large_image\" \/>\n<meta name=\"twitter:label1\" content=\"Est. reading time\" \/>\n\t<meta name=\"twitter:data1\" content=\"4 minutos\" \/>\n<script type=\"application\/ld+json\" class=\"yoast-schema-graph\">{\"@context\":\"https:\\\/\\\/schema.org\",\"@graph\":[{\"@type\":\"WebPage\",\"@id\":\"https:\\\/\\\/usadronetampa.com\\\/product\\\/dji-mini-2-se-fly-more-combo-camera-drone-31-min-under-249-g-extra-batteries\\\/\",\"url\":\"https:\\\/\\\/usadronetampa.com\\\/product\\\/dji-mini-2-se-fly-more-combo-camera-drone-31-min-under-249-g-extra-batteries\\\/\",\"name\":\"DJI Mini 2 SE Fly More Combo Camera Drone 31-min Under 249 g Extra Batteries - USA Drone Tampa\",\"isPartOf\":{\"@id\":\"https:\\\/\\\/usadronetampa.com\\\/#website\"},\"primaryImageOfPage\":{\"@id\":\"https:\\\/\\\/usadronetampa.com\\\/product\\\/dji-mini-2-se-fly-more-combo-camera-drone-31-min-under-249-g-extra-batteries\\\/#primaryimage\"},\"image\":{\"@id\":\"https:\\\/\\\/usadronetampa.com\\\/product\\\/dji-mini-2-se-fly-more-combo-camera-drone-31-min-under-249-g-extra-batteries\\\/#primaryimage\"},\"thumbnailUrl\":\"https:\\\/\\\/usadronetampa.com\\\/wp-content\\\/uploads\\\/2024\\\/03\\\/MINISE2-Bundle.webp\",\"datePublished\":\"2024-03-28T00:28:08+00:00\",\"dateModified\":\"2025-03-11T01:58:09+00:00\",\"description\":\"DJI Avata is built tough, so you can be brave. The durable frame reduces the risk of damage, giving you more peace of mind.\",\"breadcrumb\":{\"@id\":\"https:\\\/\\\/usadronetampa.com\\\/product\\\/dji-mini-2-se-fly-more-combo-camera-drone-31-min-under-249-g-extra-batteries\\\/#breadcrumb\"},\"inLanguage\":\"es-PE\",\"potentialAction\":[{\"@type\":\"ReadAction\",\"target\":[\"https:\\\/\\\/usadronetampa.com\\\/product\\\/dji-mini-2-se-fly-more-combo-camera-drone-31-min-under-249-g-extra-batteries\\\/\"]}]},{\"@type\":\"ImageObject\",\"inLanguage\":\"es-PE\",\"@id\":\"https:\\\/\\\/usadronetampa.com\\\/product\\\/dji-mini-2-se-fly-more-combo-camera-drone-31-min-under-249-g-extra-batteries\\\/#primaryimage\",\"url\":\"https:\\\/\\\/usadronetampa.com\\\/wp-content\\\/uploads\\\/2024\\\/03\\\/MINISE2-Bundle.webp\",\"contentUrl\":\"https:\\\/\\\/usadronetampa.com\\\/wp-content\\\/uploads\\\/2024\\\/03\\\/MINISE2-Bundle.webp\",\"width\":1200,\"height\":800},{\"@type\":\"BreadcrumbList\",\"@id\":\"https:\\\/\\\/usadronetampa.com\\\/product\\\/dji-mini-2-se-fly-more-combo-camera-drone-31-min-under-249-g-extra-batteries\\\/#breadcrumb\",\"itemListElement\":[{\"@type\":\"ListItem\",\"position\":1,\"name\":\"Home\",\"item\":\"https:\\\/\\\/usadronetampa.com\\\/\"},{\"@type\":\"ListItem\",\"position\":2,\"name\":\"Store\",\"item\":\"https:\\\/\\\/usadronetampa.com\\\/tienda\\\/\"},{\"@type\":\"ListItem\",\"position\":3,\"name\":\"DJI Mini 2 SE Fly More Combo Camera Drone 31-min Under 249 g Extra Batteries\"}]},{\"@type\":\"WebSite\",\"@id\":\"https:\\\/\\\/usadronetampa.com\\\/#website\",\"url\":\"https:\\\/\\\/usadronetampa.com\\\/\",\"name\":\"USA Drone Tampa\",\"description\":\"Drones USA\",\"publisher\":{\"@id\":\"https:\\\/\\\/usadronetampa.com\\\/#organization\"},\"potentialAction\":[{\"@type\":\"SearchAction\",\"target\":{\"@type\":\"EntryPoint\",\"urlTemplate\":\"https:\\\/\\\/usadronetampa.com\\\/?s={search_term_string}\"},\"query-input\":{\"@type\":\"PropertyValueSpecification\",\"valueRequired\":true,\"valueName\":\"search_term_string\"}}],\"inLanguage\":\"es-PE\"},{\"@type\":\"Organization\",\"@id\":\"https:\\\/\\\/usadronetampa.com\\\/#organization\",\"name\":\"USA Drone Tampa\",\"url\":\"https:\\\/\\\/usadronetampa.com\\\/\",\"logo\":{\"@type\":\"ImageObject\",\"inLanguage\":\"es-PE\",\"@id\":\"https:\\\/\\\/usadronetampa.com\\\/#\\\/schema\\\/logo\\\/image\\\/\",\"url\":\"https:\\\/\\\/usadronetampa.com\\\/wp-content\\\/uploads\\\/2023\\\/08\\\/usa-drone2b.png\",\"contentUrl\":\"https:\\\/\\\/usadronetampa.com\\\/wp-content\\\/uploads\\\/2023\\\/08\\\/usa-drone2b.png\",\"width\":746,\"height\":590,\"caption\":\"USA Drone Tampa\"},\"image\":{\"@id\":\"https:\\\/\\\/usadronetampa.com\\\/#\\\/schema\\\/logo\\\/image\\\/\"},\"sameAs\":[\"https:\\\/\\\/www.facebook.com\\\/profile.php?id=100095595180083\"]}]}<\/script>\n<!-- \/ Yoast SEO plugin. -->","yoast_head_json":{"title":"DJI Mini 2 SE Fly More Combo Camera Drone 31-min Under 249 g Extra Batteries - USA Drone Tampa","description":"DJI Avata is built tough, so you can be brave. The durable frame reduces the risk of damage, giving you more peace of mind.","robots":{"index":"index","follow":"follow","max-snippet":"max-snippet:-1","max-image-preview":"max-image-preview:large","max-video-preview":"max-video-preview:-1"},"canonical":"https:\/\/usadronetampa.com\/es\/product\/dji-mini-2-se-fly-more-combo-camera-drone-31-min-under-249-g-extra-batteries\/","og_locale":"es_ES","og_type":"article","og_title":"DJI Mini 2 SE Fly More Combo Camera Drone 31-min Under 249 g Extra Batteries - USA Drone Tampa","og_description":"DJI Avata is built tough, so you can be brave. The durable frame reduces the risk of damage, giving you more peace of mind.","og_url":"https:\/\/usadronetampa.com\/es\/product\/dji-mini-2-se-fly-more-combo-camera-drone-31-min-under-249-g-extra-batteries\/","og_site_name":"USA Drone Tampa","article_publisher":"https:\/\/www.facebook.com\/profile.php?id=100095595180083","article_modified_time":"2025-03-11T01:58:09+00:00","og_image":[{"width":1200,"height":800,"url":"https:\/\/usadronetampa.com\/wp-content\/uploads\/2024\/03\/MINISE2-Bundle.webp","type":"image\/webp"}],"twitter_card":"summary_large_image","twitter_misc":{"Est. reading time":"4 minutos"},"schema":{"@context":"https:\/\/schema.org","@graph":[{"@type":"WebPage","@id":"https:\/\/usadronetampa.com\/product\/dji-mini-2-se-fly-more-combo-camera-drone-31-min-under-249-g-extra-batteries\/","url":"https:\/\/usadronetampa.com\/product\/dji-mini-2-se-fly-more-combo-camera-drone-31-min-under-249-g-extra-batteries\/","name":"DJI Mini 2 SE Fly More Combo Camera Drone 31-min Under 249 g Extra Batteries - USA Drone Tampa","isPartOf":{"@id":"https:\/\/usadronetampa.com\/#website"},"primaryImageOfPage":{"@id":"https:\/\/usadronetampa.com\/product\/dji-mini-2-se-fly-more-combo-camera-drone-31-min-under-249-g-extra-batteries\/#primaryimage"},"image":{"@id":"https:\/\/usadronetampa.com\/product\/dji-mini-2-se-fly-more-combo-camera-drone-31-min-under-249-g-extra-batteries\/#primaryimage"},"thumbnailUrl":"https:\/\/usadronetampa.com\/wp-content\/uploads\/2024\/03\/MINISE2-Bundle.webp","datePublished":"2024-03-28T00:28:08+00:00","dateModified":"2025-03-11T01:58:09+00:00","description":"DJI Avata is built tough, so you can be brave. The durable frame reduces the risk of damage, giving you more peace of mind.","breadcrumb":{"@id":"https:\/\/usadronetampa.com\/product\/dji-mini-2-se-fly-more-combo-camera-drone-31-min-under-249-g-extra-batteries\/#breadcrumb"},"inLanguage":"es-PE","potentialAction":[{"@type":"ReadAction","target":["https:\/\/usadronetampa.com\/product\/dji-mini-2-se-fly-more-combo-camera-drone-31-min-under-249-g-extra-batteries\/"]}]},{"@type":"ImageObject","inLanguage":"es-PE","@id":"https:\/\/usadronetampa.com\/product\/dji-mini-2-se-fly-more-combo-camera-drone-31-min-under-249-g-extra-batteries\/#primaryimage","url":"https:\/\/usadronetampa.com\/wp-content\/uploads\/2024\/03\/MINISE2-Bundle.webp","contentUrl":"https:\/\/usadronetampa.com\/wp-content\/uploads\/2024\/03\/MINISE2-Bundle.webp","width":1200,"height":800},{"@type":"BreadcrumbList","@id":"https:\/\/usadronetampa.com\/product\/dji-mini-2-se-fly-more-combo-camera-drone-31-min-under-249-g-extra-batteries\/#breadcrumb","itemListElement":[{"@type":"ListItem","position":1,"name":"Home","item":"https:\/\/usadronetampa.com\/"},{"@type":"ListItem","position":2,"name":"Store","item":"https:\/\/usadronetampa.com\/tienda\/"},{"@type":"ListItem","position":3,"name":"DJI Mini 2 SE Fly More Combo Camera Drone 31-min Under 249 g Extra Batteries"}]},{"@type":"WebSite","@id":"https:\/\/usadronetampa.com\/#website","url":"https:\/\/usadronetampa.com\/","name":"USA Drone Tampa","description":"Drones EE. UU.","publisher":{"@id":"https:\/\/usadronetampa.com\/#organization"},"potentialAction":[{"@type":"SearchAction","target":{"@type":"EntryPoint","urlTemplate":"https:\/\/usadronetampa.com\/?s={search_term_string}"},"query-input":{"@type":"PropertyValueSpecification","valueRequired":true,"valueName":"search_term_string"}}],"inLanguage":"es-PE"},{"@type":"Organization","@id":"https:\/\/usadronetampa.com\/#organization","name":"USA Drone Tampa","url":"https:\/\/usadronetampa.com\/","logo":{"@type":"ImageObject","inLanguage":"es-PE","@id":"https:\/\/usadronetampa.com\/#\/schema\/logo\/image\/","url":"https:\/\/usadronetampa.com\/wp-content\/uploads\/2023\/08\/usa-drone2b.png","contentUrl":"https:\/\/usadronetampa.com\/wp-content\/uploads\/2023\/08\/usa-drone2b.png","width":746,"height":590,"caption":"USA Drone Tampa"},"image":{"@id":"https:\/\/usadronetampa.com\/#\/schema\/logo\/image\/"},"sameAs":["https:\/\/www.facebook.com\/profile.php?id=100095595180083"]}]}},"_links":{"self":[{"href":"https:\/\/usadronetampa.com\/es\/wp-json\/wp\/v2\/product\/1874","targetHints":{"allow":["GET"]}}],"collection":[{"href":"https:\/\/usadronetampa.com\/es\/wp-json\/wp\/v2\/product"}],"about":[{"href":"https:\/\/usadronetampa.com\/es\/wp-json\/wp\/v2\/types\/product"}],"replies":[{"embeddable":true,"href":"https:\/\/usadronetampa.com\/es\/wp-json\/wp\/v2\/comments?post=1874"}],"wp:featuredmedia":[{"embeddable":true,"href":"https:\/\/usadronetampa.com\/es\/wp-json\/wp\/v2\/media\/1921"}],"wp:attachment":[{"href":"https:\/\/usadronetampa.com\/es\/wp-json\/wp\/v2\/media?parent=1874"}],"wp:term":[{"taxonomy":"product_brand","embeddable":true,"href":"https:\/\/usadronetampa.com\/es\/wp-json\/wp\/v2\/product_brand?post=1874"},{"taxonomy":"product_cat","embeddable":true,"href":"https:\/\/usadronetampa.com\/es\/wp-json\/wp\/v2\/product_cat?post=1874"},{"taxonomy":"product_tag","embeddable":true,"href":"https:\/\/usadronetampa.com\/es\/wp-json\/wp\/v2\/product_tag?post=1874"}],"curies":[{"name":"gracias","href":"https:\/\/api.w.org\/{rel}","templated":true}]}}