{"id":1862,"date":"2024-03-21T09:52:04","date_gmt":"2024-03-21T14:52:04","guid":{"rendered":"https:\/\/usadronetampa.com\/?post_type=product&#038;p=1862"},"modified":"2025-03-11T10:30:34","modified_gmt":"2025-03-11T15:30:34","slug":"dji-mini-3-camera-drone-4k-hdr-38-min-flight-time-vertical-shooting","status":"publish","type":"product","link":"https:\/\/usadronetampa.com\/es\/product\/dji-mini-3-camera-drone-4k-hdr-38-min-flight-time-vertical-shooting\/","title":{"rendered":"Dron DJI Mini 3 con c\u00e1mara 4K HDR, autonom\u00eda de vuelo de 38 minutos y disparo vertical"},"content":{"rendered":"<div class=\"container\">\n<h1 style=\"text-align: center; font-size: 50px; font-weight: 600; padding-top: 35px; color: #082e3d;\">DJI Mini 3<\/h1>\n<h2 style=\"text-align: center; font-size: 32px; font-weight: 400; padding-bottom: 5px; padding-left: 0px; color: #1a98c9;\">Entonces, vuela<\/h2>\n<div class=\"video-container\"><video autoplay=\"autoplay\" loop=\"loop\" muted=\"\" width=\"300\" height=\"150\"><source src=\"https:\/\/dji-official-fe.djicdn.com\/reactor\/assets\/_next\/static\/videos\/8a252221-ece0-4f0a-a1bd-593d51f03ee2.mp4\" type=\"video\/mp4\" \/><\/video><\/div>\n<p>&nbsp;<\/p>\n<div class=\"imageboxes2\"><img decoding=\"async\" src=\"https:\/\/cdn.shopify.com\/s\/files\/1\/0761\/3556\/3580\/files\/en-pc1_679654e7-b899-4daf-8370-51eb9c400545.jpg?v=1692876977\" \/><\/div>\n<div class=\"imageboxes2\"><img decoding=\"async\" src=\"https:\/\/cdn.shopify.com\/s\/files\/1\/0761\/3556\/3580\/files\/en-pc2_74a5f33e-def3-496a-ae9d-48d94536aaae.jpg?v=1692876977\" \/><\/div>\n<div class=\"imageboxes2\"><img decoding=\"async\" src=\"https:\/\/cdn.shopify.com\/s\/files\/1\/0761\/3556\/3580\/files\/en-pc3_bda59e1c-bcd6-4eaf-9739-ade7d6bfda52.jpg?v=1692876977\" \/><\/div>\n<div class=\"imageboxes2\"><img decoding=\"async\" src=\"https:\/\/cdn.shopify.com\/s\/files\/1\/0761\/3556\/3580\/files\/en-pc4_16465ca6-e9f7-411c-9f53-37554455d5a4.jpg?v=1692876977\" \/><\/div>\n<div class=\"imageboxes2\"><img decoding=\"async\" src=\"https:\/\/cdn.shopify.com\/s\/files\/1\/0761\/3556\/3580\/files\/en-pc5_e0da4b6d-94f5-4ef0-a8fe-353f8c6fb37b.jpg?v=1692876977\" \/><\/div>\n<div class=\"imageboxes2\"><img decoding=\"async\" src=\"https:\/\/cdn.shopify.com\/s\/files\/1\/0761\/3556\/3580\/files\/en-pc6.jpg?v=1692876977\" \/><\/div>\n<div class=\"imageboxes2\"><img decoding=\"async\" src=\"https:\/\/cdn.shopify.com\/s\/files\/1\/0761\/3556\/3580\/files\/mini3.jpg?v=1692876977\" \/><\/div>\n<p>&nbsp;<\/p>\n<p id=\"infotext\">DJI Mini 3 es un dron con c\u00e1mara compacto y ultraligero, listo para la aventura. Cuenta con una duraci\u00f3n de bater\u00eda extendida, impresionantes videos 4K HDR para capturar colores y detalles reales y funciones divertidas como True Vertical Shooting para tomas fant\u00e1sticas para las redes sociales. Ya sea caminando por la playa, viajando con mochila el fin de semana o viajando por carretera durante un mes, estar\u00e1 preparado para capturar cada momento.<\/p>\n<h3 style=\"text-align: center; font-size: 38px; font-weight: 600; padding-bottom: 80px; padding-top: 50px; padding-left: 0px; background-color: #41f168; background-image: linear-gradient(90deg,#111 35%,#1a98c9,#333 70%); -webkit-background-clip: text; -webkit-text-fill-color: transparent; -moz-background-clip: text; -moz-text-fill-color: transparent; text-transform: none;\">Menos de 249 g<\/h3>\n<p>Duraci\u00f3n extendida de la bater\u00eda<\/p>\n<p>V\u00eddeo 4K HDR<\/p>\n<p>Disparo vertical real<\/p>\n<p>Funciones inteligentes<\/p>\n<p>Resistencia al viento de 38 km\/h<\/p>\n<h2 style=\"text-align: center; font-size: 42px; font-weight: 600; color: #082e3d;\">Millas por encima de lo normal | Lleva la emoci\u00f3n contigo<\/h2>\n<p id=\"infotext\">Con un dise\u00f1o plegable y un peso inferior a 249 g, DJI Mini 3 hace que sea f\u00e1cil de llevar en tu bolso o bolsillo para tu pr\u00f3xima aventura.<\/p>\n<div class=\"imageboxes\"><img decoding=\"async\" src=\"https:\/\/cdn.shopify.com\/s\/files\/1\/0761\/3556\/3580\/files\/caed609710a0485eefca822f2aaba97c.jpg?v=1692876976\" \/><\/div>\n<h2 style=\"text-align: center; font-size: 42px; font-weight: 600; padding-top: 35px; color: #082e3d;\">Vuelos m\u00e1s largos<\/h2>\n<p id=\"infotext\">Olv\u00eddese de la ansiedad por la bater\u00eda baja y vuele con confianza y tranquilidad. DJI Mini 3 viene con la bater\u00eda de vuelo inteligente est\u00e1ndar para proporcionar un tiempo m\u00e1ximo de vuelo de hasta 38 minutos. Extiende tus vuelos hasta 51 minutos con la Bater\u00eda de Vuelo Inteligente Plus.<\/p>\n<h2 id=\"djim3mtitle\">Convierte tu imaginaci\u00f3n en im\u00e1genes v\u00edvidas<\/h2>\n<h2 style=\"text-align: center; font-size: 42px; font-weight: 600; color: #082e3d;\">Deja volar los colores<\/h2>\n<p id=\"infotext\">Graba en deslumbrante 4K HDR con colores reales tanto de d\u00eda como de noche. La c\u00e1mara del Mini 3 est\u00e1 equipada con un sensor CMOS de 1\/1,3 pulgadas con ISO nativo dual y tecnolog\u00eda HDR a nivel de chip.<\/p>\n<p id=\"infotext\">Durante el d\u00eda, capture detalles de luces y sombras para obtener resultados visuales m\u00e1s matizados y con mayor profundidad.<\/p>\n<p id=\"infotext\">Contin\u00fae capturando de forma clara y v\u00edvida, incluso cuando el d\u00eda se convierta en noche.<\/p>\n<h2 style=\"text-align: center; font-size: 42px; font-weight: 600; padding-top: 35px; color: #082e3d;\">Verdaderamente vertical<\/h2>\n<p id=\"infotext\">Ya sea un imponente \u00e1rbol frondoso o un edificio alto, componga su toma de manera est\u00e9tica y mantenga todo encuadre. Un innovador dise\u00f1o de card\u00e1n permite que la c\u00e1mara realice una inclinaci\u00f3n de gran angular. Con un cambio r\u00e1pido al disparo vertical real, una toma casual se convierte en una sorprendente obra de arte lista para las redes sociales.<\/p>\n<div class=\"video-container\"><video autoplay=\"autoplay\" loop=\"loop\" muted=\"\" width=\"300\" height=\"150\"><source src=\"https:\/\/dji-official-fe.djicdn.com\/reactor\/assets\/_next\/static\/videos\/21318a0b-60e9-4b81-8c00-c0fcc6f02910.mp4\" type=\"video\/mp4\" \/><\/video><\/div>\n<h2 style=\"text-align: center; font-size: 42px; font-weight: 600; padding-top: 35px; color: #082e3d;\">M\u00e1ximo impacto, m\u00ednimo esfuerzo<\/h2>\n<p id=\"infotext\">Obtenga tomas avanzadas en segundos con solo un toque con QuickShots como Dronie, Circle, Helix, Rocket y Boomerang.<br \/>\nPuede enviar los resultados a su dispositivo m\u00f3vil para guardarlos o compartirlos con la misma rapidez con QuickTransfer.<\/p>\n<h2 style=\"text-align: center; font-size: 42px; font-weight: 600; padding-top: 35px; color: #082e3d;\">es una brisa<\/h2>\n<p id=\"infotext\">\u00bfCotas ventosas o valles monta\u00f1osos? No es un problema. DJI Mini 3 vuela suave y constantemente con vientos de hasta 10,7 m\/s. Y con la transmisi\u00f3n de v\u00eddeo digital DJI O2, disfrute de un alcance m\u00e1ximo de 10 km y potentes capacidades antiinterferencias.<\/p>\n<p id=\"infotext\">Equipado con la transmisi\u00f3n de video digital DJI O2, Mini 3 presenta una fuerte capacidad antiinterferencias y un rango de transmisi\u00f3n m\u00e1ximo de 10 km, lo que le permite explorar y capturar con mayor claridad.<\/p>\n<div class=\"video-container\"><video autoplay=\"autoplay\" loop=\"loop\" muted=\"\" width=\"300\" height=\"150\"><source src=\"https:\/\/dji-official-fe.djicdn.com\/reactor\/assets\/_next\/static\/videos\/346c3cfc-77c3-493f-a098-bbdccbc5e9b6.mp4\" type=\"video\/mp4\" \/><\/video><\/div>\n<h2 style=\"text-align: center; font-size: 42px; font-weight: 600; padding-top: 35px; color: #082e3d;\">Estar donde sea sereno<\/h2>\n<p id=\"infotext\">Hay mucho m\u00e1s que ver en lo alto; Aseg\u00farate de conseguirlo todo. Panorama admite fotograf\u00edas panor\u00e1micas de 180\u00b0, gran angular y esf\u00e9ricas, lo que incluye una cantidad alucinante de contenido en cada fotograma.<\/p>\n<h2 style=\"text-align: center; font-size: 42px; font-weight: 600; padding-top: 35px; color: #082e3d;\">Adepto sin esfuerzo<\/h2>\n<p id=\"infotext\">Volar es m\u00e1s f\u00e1cil de lo que piensas y DJI Mini 3 admite una serie de funciones inteligentes para ayudarte a comenzar de inmediato.<br \/>\nLa funci\u00f3n de despegue autom\u00e1tico le ayuda a iniciar su viaje en avi\u00f3n.<br \/>\nLa funci\u00f3n Regreso al inicio (RTH) incluye RTH inteligente, RTH de bater\u00eda baja y RTH a prueba de fallos. Esto le indica a la aeronave que regrese autom\u00e1ticamente a su punto de partida en situaciones como una se\u00f1al perdida o bater\u00eda baja.<br \/>\nEl avi\u00f3n combina GNSS con el sistema de visi\u00f3n hacia abajo y el sistema de detecci\u00f3n de infrarrojos para flotar de manera estable y precisa, para que pueda volar con confianza.<\/p>\n<style><!-- video { width: 100% !important; height: auto !important; padding-bottom: 20px; } .video-container { max-width: 1280px; margin: 0 auto; padding: 0px; } h2#djim3mtitle {font-size: 32px; color:#1a98c9; padding: 2px; text-align:center;} h3#bulletpoints2 {text-align: center;font-size: 20px;font-weight: 400;padding-bottom: 10px;padding-left: 0px;color: #266c8d;} p#bulletpoints1 {text-align: center;font-size: 18px;font-weight: 600;padding-bottom: 10px;padding-left: 0px;color: #082e3d;text-transform: none;} p#tabletext {font-size: 16px;text-align: center;margin:auto;color:#333;} p#infotext {padding-left: 10%; padding-right: 10%;font-size: 16px;text-align: center;} p#bullettext {padding-left: 10%; padding-right: 10%;font-size: 16px;text-align: center;} .imageboxes img { width: 100%; max-width: 900px; text-align: center; } .imageboxes2 img { width: 100%; max-width: 1280px; text-align: center; padding-bottom: 25px; } @media (min-width: 320px) and (max-width: 767px) { .spectable td {width: 100%;border: 1px solid #999;color:#777;} .spectable table {border-radius: 0px;} } --><\/style>\n<\/div>","protected":false},"excerpt":{"rendered":"<p><strong><span style=\"color: #ff0000;\">Para obtener m\u00e1s informaci\u00f3n sobre este producto, comun\u00edquese con<\/span>\u00a0<span style=\"color: #0000ff;\"><a style=\"color: #0000ff;\" href=\"mailto:sales@usadronetampa.com\" target=\"_blank\" rel=\"noopener\">sales@usadronetampa.com\u00a0<\/a><\/span><\/strong><\/p>","protected":false},"featured_media":1863,"comment_status":"open","ping_status":"closed","template":"","meta":{"site-sidebar-layout":"default","site-content-layout":"","ast-site-content-layout":"default","site-content-style":"default","site-sidebar-style":"default","ast-global-header-display":"","ast-banner-title-visibility":"","ast-main-header-display":"","ast-hfb-above-header-display":"","ast-hfb-below-header-display":"","ast-hfb-mobile-header-display":"","site-post-title":"","ast-breadcrumbs-content":"","ast-featured-img":"","footer-sml-layout":"","ast-disable-related-posts":"","theme-transparent-header-meta":"default","adv-header-id-meta":"","stick-header-meta":"default","header-above-stick-meta":"","header-main-stick-meta":"","header-below-stick-meta":"","astra-migrate-meta-layouts":"set","ast-page-background-enabled":"default","ast-page-background-meta":{"desktop":{"background-color":"var(--ast-global-color-4)","background-image":"","background-repeat":"repeat","background-position":"center center","background-size":"auto","background-attachment":"scroll","background-type":"","background-media":"","overlay-type":"","overlay-color":"","overlay-opacity":"","overlay-gradient":""},"tablet":{"background-color":"","background-image":"","background-repeat":"repeat","background-position":"center center","background-size":"auto","background-attachment":"scroll","background-type":"","background-media":"","overlay-type":"","overlay-color":"","overlay-opacity":"","overlay-gradient":""},"mobile":{"background-color":"","background-image":"","background-repeat":"repeat","background-position":"center center","background-size":"auto","background-attachment":"scroll","background-type":"","background-media":"","overlay-type":"","overlay-color":"","overlay-opacity":"","overlay-gradient":""}},"ast-content-background-meta":{"desktop":{"background-color":"var(--ast-global-color-5)","background-image":"","background-repeat":"repeat","background-position":"center center","background-size":"auto","background-attachment":"scroll","background-type":"","background-media":"","overlay-type":"","overlay-color":"","overlay-opacity":"","overlay-gradient":""},"tablet":{"background-color":"var(--ast-global-color-5)","background-image":"","background-repeat":"repeat","background-position":"center center","background-size":"auto","background-attachment":"scroll","background-type":"","background-media":"","overlay-type":"","overlay-color":"","overlay-opacity":"","overlay-gradient":""},"mobile":{"background-color":"var(--ast-global-color-5)","background-image":"","background-repeat":"repeat","background-position":"center center","background-size":"auto","background-attachment":"scroll","background-type":"","background-media":"","overlay-type":"","overlay-color":"","overlay-opacity":"","overlay-gradient":""}}},"product_brand":[],"product_cat":[30],"product_tag":[],"class_list":{"0":"post-1862","1":"product","2":"type-product","3":"status-publish","4":"has-post-thumbnail","6":"product_cat-small-comercial-drones","7":"desktop-align-left","8":"tablet-align-left","9":"mobile-align-left","11":"first","12":"instock","13":"taxable","14":"shipping-taxable","15":"purchasable","16":"product-type-simple"},"yoast_head":"<!-- This site is optimized with the Yoast SEO plugin v27.4 - https:\/\/yoast.com\/product\/yoast-seo-wordpress\/ -->\n<title>dji mini 3 camera drone 4k - USA Drone Tampa<\/title>\n<meta name=\"description\" content=\"DJI Mini 3 is a compact, ultra-lightweight camera drone, ready for adventure. It features an extended battery life, stunning 4K HDR video to capture\" \/>\n<meta name=\"robots\" content=\"index, follow, max-snippet:-1, max-image-preview:large, max-video-preview:-1\" \/>\n<link rel=\"canonical\" href=\"https:\/\/usadronetampa.com\/es\/product\/dji-mini-3-camera-drone-4k-hdr-38-min-flight-time-vertical-shooting\/\" \/>\n<meta property=\"og:locale\" content=\"es_ES\" \/>\n<meta property=\"og:type\" content=\"article\" \/>\n<meta property=\"og:title\" content=\"dji mini 3 camera drone 4k - USA Drone Tampa\" \/>\n<meta property=\"og:description\" content=\"DJI Mini 3 is a compact, ultra-lightweight camera drone, ready for adventure. It features an extended battery life, stunning 4K HDR video to capture\" \/>\n<meta property=\"og:url\" content=\"https:\/\/usadronetampa.com\/es\/product\/dji-mini-3-camera-drone-4k-hdr-38-min-flight-time-vertical-shooting\/\" \/>\n<meta property=\"og:site_name\" content=\"USA Drone Tampa\" \/>\n<meta property=\"article:publisher\" content=\"https:\/\/www.facebook.com\/profile.php?id=100095595180083\" \/>\n<meta property=\"article:modified_time\" content=\"2025-03-11T15:30:34+00:00\" \/>\n<meta property=\"og:image\" content=\"https:\/\/usadronetampa.com\/wp-content\/uploads\/2024\/03\/Mini-3-Normal-RC-TB.png\" \/>\n\t<meta property=\"og:image:width\" content=\"1200\" \/>\n\t<meta property=\"og:image:height\" content=\"800\" \/>\n\t<meta property=\"og:image:type\" content=\"image\/png\" \/>\n<meta name=\"twitter:card\" content=\"summary_large_image\" \/>\n<meta name=\"twitter:label1\" content=\"Est. reading time\" \/>\n\t<meta name=\"twitter:data1\" content=\"5 minutos\" \/>\n<script type=\"application\/ld+json\" class=\"yoast-schema-graph\">{\"@context\":\"https:\\\/\\\/schema.org\",\"@graph\":[{\"@type\":\"WebPage\",\"@id\":\"https:\\\/\\\/usadronetampa.com\\\/product\\\/dji-mini-3-camera-drone-4k-hdr-38-min-flight-time-vertical-shooting\\\/\",\"url\":\"https:\\\/\\\/usadronetampa.com\\\/product\\\/dji-mini-3-camera-drone-4k-hdr-38-min-flight-time-vertical-shooting\\\/\",\"name\":\"dji mini 3 camera drone 4k - USA Drone Tampa\",\"isPartOf\":{\"@id\":\"https:\\\/\\\/usadronetampa.com\\\/#website\"},\"primaryImageOfPage\":{\"@id\":\"https:\\\/\\\/usadronetampa.com\\\/product\\\/dji-mini-3-camera-drone-4k-hdr-38-min-flight-time-vertical-shooting\\\/#primaryimage\"},\"image\":{\"@id\":\"https:\\\/\\\/usadronetampa.com\\\/product\\\/dji-mini-3-camera-drone-4k-hdr-38-min-flight-time-vertical-shooting\\\/#primaryimage\"},\"thumbnailUrl\":\"https:\\\/\\\/usadronetampa.com\\\/wp-content\\\/uploads\\\/2024\\\/03\\\/Mini-3-Normal-RC-TB.png\",\"datePublished\":\"2024-03-21T14:52:04+00:00\",\"dateModified\":\"2025-03-11T15:30:34+00:00\",\"description\":\"DJI Mini 3 is a compact, ultra-lightweight camera drone, ready for adventure. It features an extended battery life, stunning 4K HDR video to capture\",\"breadcrumb\":{\"@id\":\"https:\\\/\\\/usadronetampa.com\\\/product\\\/dji-mini-3-camera-drone-4k-hdr-38-min-flight-time-vertical-shooting\\\/#breadcrumb\"},\"inLanguage\":\"es-PE\",\"potentialAction\":[{\"@type\":\"ReadAction\",\"target\":[\"https:\\\/\\\/usadronetampa.com\\\/product\\\/dji-mini-3-camera-drone-4k-hdr-38-min-flight-time-vertical-shooting\\\/\"]}]},{\"@type\":\"ImageObject\",\"inLanguage\":\"es-PE\",\"@id\":\"https:\\\/\\\/usadronetampa.com\\\/product\\\/dji-mini-3-camera-drone-4k-hdr-38-min-flight-time-vertical-shooting\\\/#primaryimage\",\"url\":\"https:\\\/\\\/usadronetampa.com\\\/wp-content\\\/uploads\\\/2024\\\/03\\\/Mini-3-Normal-RC-TB.png\",\"contentUrl\":\"https:\\\/\\\/usadronetampa.com\\\/wp-content\\\/uploads\\\/2024\\\/03\\\/Mini-3-Normal-RC-TB.png\",\"width\":1200,\"height\":800},{\"@type\":\"BreadcrumbList\",\"@id\":\"https:\\\/\\\/usadronetampa.com\\\/product\\\/dji-mini-3-camera-drone-4k-hdr-38-min-flight-time-vertical-shooting\\\/#breadcrumb\",\"itemListElement\":[{\"@type\":\"ListItem\",\"position\":1,\"name\":\"Home\",\"item\":\"https:\\\/\\\/usadronetampa.com\\\/\"},{\"@type\":\"ListItem\",\"position\":2,\"name\":\"Store\",\"item\":\"https:\\\/\\\/usadronetampa.com\\\/tienda\\\/\"},{\"@type\":\"ListItem\",\"position\":3,\"name\":\"DJI Mini 3 Camera Drone 4K HDR 38-Min Flight Time Vertical Shooting\"}]},{\"@type\":\"WebSite\",\"@id\":\"https:\\\/\\\/usadronetampa.com\\\/#website\",\"url\":\"https:\\\/\\\/usadronetampa.com\\\/\",\"name\":\"USA Drone Tampa\",\"description\":\"Drones USA\",\"publisher\":{\"@id\":\"https:\\\/\\\/usadronetampa.com\\\/#organization\"},\"potentialAction\":[{\"@type\":\"SearchAction\",\"target\":{\"@type\":\"EntryPoint\",\"urlTemplate\":\"https:\\\/\\\/usadronetampa.com\\\/?s={search_term_string}\"},\"query-input\":{\"@type\":\"PropertyValueSpecification\",\"valueRequired\":true,\"valueName\":\"search_term_string\"}}],\"inLanguage\":\"es-PE\"},{\"@type\":\"Organization\",\"@id\":\"https:\\\/\\\/usadronetampa.com\\\/#organization\",\"name\":\"USA Drone Tampa\",\"url\":\"https:\\\/\\\/usadronetampa.com\\\/\",\"logo\":{\"@type\":\"ImageObject\",\"inLanguage\":\"es-PE\",\"@id\":\"https:\\\/\\\/usadronetampa.com\\\/#\\\/schema\\\/logo\\\/image\\\/\",\"url\":\"https:\\\/\\\/usadronetampa.com\\\/wp-content\\\/uploads\\\/2023\\\/08\\\/usa-drone2b.png\",\"contentUrl\":\"https:\\\/\\\/usadronetampa.com\\\/wp-content\\\/uploads\\\/2023\\\/08\\\/usa-drone2b.png\",\"width\":746,\"height\":590,\"caption\":\"USA Drone Tampa\"},\"image\":{\"@id\":\"https:\\\/\\\/usadronetampa.com\\\/#\\\/schema\\\/logo\\\/image\\\/\"},\"sameAs\":[\"https:\\\/\\\/www.facebook.com\\\/profile.php?id=100095595180083\"]}]}<\/script>\n<!-- \/ Yoast SEO plugin. -->","yoast_head_json":{"title":"drone dji mini 3 camaras 4k - USA Drone Tampa","description":"El DJI Mini 3 es un dron con c\u00e1mara compacto y ultraligero, listo para la aventura. Cuenta con una bater\u00eda de larga duraci\u00f3n y captura impresionantes videos 4K HDR.","robots":{"index":"index","follow":"follow","max-snippet":"max-snippet:-1","max-image-preview":"max-image-preview:large","max-video-preview":"max-video-preview:-1"},"canonical":"https:\/\/usadronetampa.com\/es\/product\/dji-mini-3-camera-drone-4k-hdr-38-min-flight-time-vertical-shooting\/","og_locale":"es_ES","og_type":"article","og_title":"dji mini 3 camera drone 4k - USA Drone Tampa","og_description":"DJI Mini 3 is a compact, ultra-lightweight camera drone, ready for adventure. It features an extended battery life, stunning 4K HDR video to capture","og_url":"https:\/\/usadronetampa.com\/es\/product\/dji-mini-3-camera-drone-4k-hdr-38-min-flight-time-vertical-shooting\/","og_site_name":"USA Drone Tampa","article_publisher":"https:\/\/www.facebook.com\/profile.php?id=100095595180083","article_modified_time":"2025-03-11T15:30:34+00:00","og_image":[{"width":1200,"height":800,"url":"https:\/\/usadronetampa.com\/wp-content\/uploads\/2024\/03\/Mini-3-Normal-RC-TB.png","type":"image\/png"}],"twitter_card":"summary_large_image","twitter_misc":{"Est. reading time":"5 minutos"},"schema":{"@context":"https:\/\/schema.org","@graph":[{"@type":"WebPage","@id":"https:\/\/usadronetampa.com\/product\/dji-mini-3-camera-drone-4k-hdr-38-min-flight-time-vertical-shooting\/","url":"https:\/\/usadronetampa.com\/product\/dji-mini-3-camera-drone-4k-hdr-38-min-flight-time-vertical-shooting\/","name":"drone dji mini 3 camaras 4k - USA Drone Tampa","isPartOf":{"@id":"https:\/\/usadronetampa.com\/#website"},"primaryImageOfPage":{"@id":"https:\/\/usadronetampa.com\/product\/dji-mini-3-camera-drone-4k-hdr-38-min-flight-time-vertical-shooting\/#primaryimage"},"image":{"@id":"https:\/\/usadronetampa.com\/product\/dji-mini-3-camera-drone-4k-hdr-38-min-flight-time-vertical-shooting\/#primaryimage"},"thumbnailUrl":"https:\/\/usadronetampa.com\/wp-content\/uploads\/2024\/03\/Mini-3-Normal-RC-TB.png","datePublished":"2024-03-21T14:52:04+00:00","dateModified":"2025-03-11T15:30:34+00:00","description":"El DJI Mini 3 es un dron con c\u00e1mara compacto y ultraligero, listo para la aventura. Cuenta con una bater\u00eda de larga duraci\u00f3n y captura impresionantes videos 4K HDR.","breadcrumb":{"@id":"https:\/\/usadronetampa.com\/product\/dji-mini-3-camera-drone-4k-hdr-38-min-flight-time-vertical-shooting\/#breadcrumb"},"inLanguage":"es-PE","potentialAction":[{"@type":"ReadAction","target":["https:\/\/usadronetampa.com\/product\/dji-mini-3-camera-drone-4k-hdr-38-min-flight-time-vertical-shooting\/"]}]},{"@type":"ImageObject","inLanguage":"es-PE","@id":"https:\/\/usadronetampa.com\/product\/dji-mini-3-camera-drone-4k-hdr-38-min-flight-time-vertical-shooting\/#primaryimage","url":"https:\/\/usadronetampa.com\/wp-content\/uploads\/2024\/03\/Mini-3-Normal-RC-TB.png","contentUrl":"https:\/\/usadronetampa.com\/wp-content\/uploads\/2024\/03\/Mini-3-Normal-RC-TB.png","width":1200,"height":800},{"@type":"BreadcrumbList","@id":"https:\/\/usadronetampa.com\/product\/dji-mini-3-camera-drone-4k-hdr-38-min-flight-time-vertical-shooting\/#breadcrumb","itemListElement":[{"@type":"ListItem","position":1,"name":"Home","item":"https:\/\/usadronetampa.com\/"},{"@type":"ListItem","position":2,"name":"Store","item":"https:\/\/usadronetampa.com\/tienda\/"},{"@type":"ListItem","position":3,"name":"DJI Mini 3 Camera Drone 4K HDR 38-Min Flight Time Vertical Shooting"}]},{"@type":"WebSite","@id":"https:\/\/usadronetampa.com\/#website","url":"https:\/\/usadronetampa.com\/","name":"USA Drone Tampa","description":"Drones EE. UU.","publisher":{"@id":"https:\/\/usadronetampa.com\/#organization"},"potentialAction":[{"@type":"SearchAction","target":{"@type":"EntryPoint","urlTemplate":"https:\/\/usadronetampa.com\/?s={search_term_string}"},"query-input":{"@type":"PropertyValueSpecification","valueRequired":true,"valueName":"search_term_string"}}],"inLanguage":"es-PE"},{"@type":"Organization","@id":"https:\/\/usadronetampa.com\/#organization","name":"USA Drone Tampa","url":"https:\/\/usadronetampa.com\/","logo":{"@type":"ImageObject","inLanguage":"es-PE","@id":"https:\/\/usadronetampa.com\/#\/schema\/logo\/image\/","url":"https:\/\/usadronetampa.com\/wp-content\/uploads\/2023\/08\/usa-drone2b.png","contentUrl":"https:\/\/usadronetampa.com\/wp-content\/uploads\/2023\/08\/usa-drone2b.png","width":746,"height":590,"caption":"USA Drone Tampa"},"image":{"@id":"https:\/\/usadronetampa.com\/#\/schema\/logo\/image\/"},"sameAs":["https:\/\/www.facebook.com\/profile.php?id=100095595180083"]}]}},"_links":{"self":[{"href":"https:\/\/usadronetampa.com\/es\/wp-json\/wp\/v2\/product\/1862","targetHints":{"allow":["GET"]}}],"collection":[{"href":"https:\/\/usadronetampa.com\/es\/wp-json\/wp\/v2\/product"}],"about":[{"href":"https:\/\/usadronetampa.com\/es\/wp-json\/wp\/v2\/types\/product"}],"replies":[{"embeddable":true,"href":"https:\/\/usadronetampa.com\/es\/wp-json\/wp\/v2\/comments?post=1862"}],"wp:featuredmedia":[{"embeddable":true,"href":"https:\/\/usadronetampa.com\/es\/wp-json\/wp\/v2\/media\/1863"}],"wp:attachment":[{"href":"https:\/\/usadronetampa.com\/es\/wp-json\/wp\/v2\/media?parent=1862"}],"wp:term":[{"taxonomy":"product_brand","embeddable":true,"href":"https:\/\/usadronetampa.com\/es\/wp-json\/wp\/v2\/product_brand?post=1862"},{"taxonomy":"product_cat","embeddable":true,"href":"https:\/\/usadronetampa.com\/es\/wp-json\/wp\/v2\/product_cat?post=1862"},{"taxonomy":"product_tag","embeddable":true,"href":"https:\/\/usadronetampa.com\/es\/wp-json\/wp\/v2\/product_tag?post=1862"}],"curies":[{"name":"gracias","href":"https:\/\/api.w.org\/{rel}","templated":true}]}}