{"id":1847,"date":"2024-03-06T12:14:45","date_gmt":"2024-03-06T17:14:45","guid":{"rendered":"https:\/\/usadronetampa.com\/?post_type=product&#038;p=1847"},"modified":"2025-03-11T10:32:36","modified_gmt":"2025-03-11T15:32:36","slug":"dji-mavic-3-multispectral-m3m-with-enterprise-care-plus-1-year","status":"publish","type":"product","link":"https:\/\/usadronetampa.com\/es\/product\/dji-mavic-3-multispectral-m3m-with-enterprise-care-plus-1-year\/","title":{"rendered":"Dji Mavic 3 Multiespectral M3M con Enterprise Care Plus 1 a\u00f1o"},"content":{"rendered":"<div class=\"container\">\n<h1 style=\"text-align: center; font-size: 50px; font-weight: 600; padding-top: 35px; color: #082e3d;\">DJI Mavic 3M<\/h1>\n<h2 style=\"text-align: center; font-size: 32px; font-weight: 400; padding-bottom: 5px; padding-left: 0px; color: #04a327;\">See More, Work Smarter<\/h2>\n<div style=\"height: 20px;\"><\/div>\n<p id=\"infotext\">Effective aerial surveying needs to see the invisible. That&#8217;s why Mavic 3 Multispectral has two forms of sight. It combines an RGB camera with a multispectral camera to scan and analyze crop growth with total clarity. Agricultural production management requires precision and data, and Mavic 3M delivers both.<\/p>\n<div class=\"imageboxes2\"><img decoding=\"async\" src=\"https:\/\/cdn.shopify.com\/s\/files\/1\/0761\/3556\/3580\/files\/45196aac8f231fe2ae211c76a473212b.jpg?v=1692876976\" \/><\/div>\n<h3 style=\"text-align: center; font-size: 38px; font-weight: 600; padding-bottom: 50px; padding-top: 50px; padding-left: 0px; background-color: #41f168; background-image: linear-gradient(90deg,#111 35%,#04a327,#333 70%); -webkit-background-clip: text; -webkit-text-fill-color: transparent; -moz-background-clip: text; -moz-text-fill-color: transparent; text-transform: none;\">Compact and portable<\/h3>\n<p>Multispectral Camera<\/p>\n<p>RGB camera<\/p>\n<p>Safe and stable<\/p>\n<p>Precise positioning<\/p>\n<p>Efficient aerial surveying<\/p>\n<div style=\"height: 25px;\"><\/div>\n<div id=\"hsformppage\">\n<h2 id=\"brincballtitle\">GET IN TOUCH WITH AN EXPERT<\/h2>\n<p><!-- [if lte IE 8]>\n<script charset=\"utf-8\" type=\"text\/javascript\" src=\"\/\/js.hsforms.net\/forms\/v2-legacy.js\"><\/script>\n<![endif]--><br \/>\n<script charset=\"utf-8\" src=\"\/\/js.hsforms.net\/forms\/v2.js\" type=\"text\/javascript\"><\/script><br \/>\n<script type=\"text\/javascript\" data-hubspot-rendered=\"true\">\/\/ <![CDATA[ hbspt.forms.create({ region: \"na1\", portalId: \"4149569\", formId: \"1885461f-85fe-4873-86ca-cddc5b9c2331\" }); \/\/ ]]><\/script><\/p>\n<div id=\"hbspt-form-51151722-38b3-49c9-9da7-96122642c43d\" class=\"hbspt-form\" data-hs-forms-root=\"true\"><iframe id=\"hs-form-iframe-0\" class=\"hs-form-iframe\" style=\"position: static; border: none; display: block; overflow: hidden; width: 100%; height: 336px;\" title=\"Form 0\" width=\"100%\" height=\"336\" scrolling=\"no\"><\/iframe><\/div>\n<\/div>\n<div style=\"height: 25px;\"><\/div>\n<div class=\"video-container\"><video autoplay=\"autoplay\" loop=\"loop\" muted=\"\" width=\"300\" height=\"150\"><source src=\"https:\/\/dnwebfiles.s3.us-east-2.amazonaws.com\/djim3m.mp4\" type=\"video\/mp4\" \/><\/video><\/div>\n<h2 id=\"djim3mtitle\">Multispectral + RBG imaging system<\/h2>\n<h2 style=\"text-align: center; font-size: 42px; font-weight: 600; color: #082e3d;\">Highly integrated imaging system<\/h2>\n<p id=\"infotext\">Newly upgraded imaging system with one 20MP RGB camera and four 5MP multispectral cameras (green, red, red edge, and near infrared). Enables applications such as high-precision aerial surveying, crop growth monitoring, and natural resource surveys.<\/p>\n<h2 style=\"text-align: center; font-size: 42px; font-weight: 600; padding-top: 35px; color: #082e3d;\">5MP Multispectral Camera<\/h2>\n<p id=\"infotext\">Near-infrared (NIR) 860 nm \u00c2\u00b1 26 nm<\/p>\n<p id=\"infotext\">Red edge (RE) 730 nm \u00c2\u00b1 16 nm<\/p>\n<p id=\"infotext\">Red (R) 650 nm \u00c2\u00b1 16 nm<\/p>\n<p id=\"infotext\">Green (G) 560 nm \u00c2\u00b1 16 nm<\/p>\n<h2 style=\"text-align: center; font-size: 42px; font-weight: 600; padding-top: 35px; color: #082e3d;\">RGB camera characteristics<\/h2>\n<p id=\"infotext\">4\/3 CMOS &#8211; 20MP Image Sensor<\/p>\n<p id=\"infotext\">1\/2000s &#8211; Fastest mechnaical shutter speed<\/p>\n<p id=\"infotext\">0\/7s &#8211; High speed burst when RGB camera is used<\/p>\n<h2 style=\"text-align: center; font-size: 42px; font-weight: 600; padding-top: 35px; color: #082e3d;\">Sunlight Sensor<\/h2>\n<p id=\"infotext\">The built-in sunlight sensor captures solar irradiance and records it in an image file, allowing for light compensation of image data during 2D reconstruction. This results in more accurate NDVI results, as well as improved accuracy and consistency of data acquired over time.<\/p>\n<h2 id=\"djim3mtitle\">RTK module<\/h2>\n<h2 style=\"text-align: center; font-size: 42px; font-weight: 600; color: #082e3d;\">Accurate images that capture every pixel<\/h2>\n<p id=\"infotext\">Mavic 3M with RTK module for centimeter-level positioning. Flight control, the camera, and the RTK module sync in microseconds to accurately capture the location of each camera&#8217;s imaging center. This enables Mavic 3M to do high-precision aerial surveying without using ground control points.<\/p>\n<div class=\"video-container\"><video autoplay=\"autoplay\" loop=\"loop\" muted=\"\" width=\"300\" height=\"150\"><source src=\"https:\/\/dji-official-fe.djicdn.com\/reactor\/assets\/_next\/static\/videos\/c29db051-38af-4ffc-b264-62e7f46ddb12.mp4\" type=\"video\/mp4\" \/><\/video><\/div>\n<h2 style=\"text-align: center; font-size: 42px; font-weight: 600; padding-top: 35px; color: #04a327;\">Efficient and reliable battery life<\/h2>\n<p id=\"bulletpoints1\">43 minutes Cruise Time<\/p>\n<p id=\"bulletpoints1\">200 hectare &#8211; A single flight can complete mapping operations over an area of 200 hectares.<\/p>\n<p id=\"bulletpoints1\">100W Battery Charging Hub | High-efficiency fast charging<\/p>\n<p id=\"bulletpoints1\">88W fast charging | Aircraft<\/p>\n<h2 style=\"text-align: center; font-size: 42px; font-weight: 600; padding-top: 35px; color: #082e3d;\">Stable signal, smooth image transmission<\/h2>\n<p id=\"infotext\">The O3 transmission integrates two transmitting signals and four receiving signals to support 15km ultra-long transmission distances.<\/p>\n<h2 id=\"djim3mtitle\">Omnidirectional obstacle sensing, terrain-follow aerial surveying<\/h2>\n<p id=\"infotext\">The aircraft features multiple wide-FOV vision sensors that accurately detect obstacles in all directions for omnidirectional obstacle avoidance. The terrain-follow aerial surveying can be easily performed in steep-slope landscapes.<\/p>\n<div class=\"video-container\"><video autoplay=\"autoplay\" loop=\"loop\" muted=\"\" width=\"300\" height=\"150\"><source src=\"https:\/\/dji-official-fe.djicdn.com\/reactor\/assets\/_next\/static\/videos\/b9cc6b7d-eb42-49a8-ac14-595a8edab4c4.mp4\" type=\"video\/mp4\" \/><\/video><\/div>\n<h2 style=\"text-align: center; font-size: 42px; font-weight: 600; padding-top: 35px; color: #082e3d;\">Applications<\/h2>\n<h2 id=\"djim3mtitle\">Orchard mapping<\/h2>\n<p id=\"infotext\">Mavic 3M allows terrain-follow aerial surveying of orchards, even on sloped landscapes. Together with DJI Terra or DJI SmartFarm Platform to reconstruct high-resolution orchard maps, automatically identify the number of trees, distinguish trees from other obstacles or objects, and generate three-dimensional operation routes for agricultural drones, making operations safer and more efficient.<\/p>\n<div class=\"video-container\"><video autoplay=\"autoplay\" loop=\"loop\" muted=\"\" width=\"300\" height=\"150\"><source src=\"https:\/\/dji-official-fe.djicdn.com\/reactor\/assets\/_next\/static\/videos\/5370bbdf-4d83-4e4e-9dde-c85dd20c4d2d.mp4\" type=\"video\/mp4\" \/><\/video><\/div>\n<h2 id=\"djim3mtitle\">Guide variable rate applications<\/h2>\n<p id=\"infotext\">For rice fertilization, cotton growth regulation, and potato foliar fertilizer spraying, the Mavic 3M is used to obtain multi-spectral images of crops. DJI Terra or the DJI SmartFarm Platform can then generate NDVI and other vegetation indices maps, capturing differences in crop potential and generating prescription maps that allow agricultural drones to execute variable-rate application. This ultimately allows users to reduce costs, increase yield, and protect the environment.<\/p>\n<h2 id=\"djim3mtitle\">Intelligent field scouting<\/h2>\n<p id=\"infotext\">The Mavic 3M can carry out automatic field scouting. The field scout images can be uploaded to the DJI SmartFarm Platform in real time through a 4G network. It can find abnormalities, such as emergence deficiencies, weed pressure, and crop lodging in a timely manner. It can also conduct intelligent analyses, such as cotton seedling identification and rice production testing, using AI identification for real-time sharing of crop growth information, guidance of agronomic activities, and easy management of 70 hectares of farmland by one person.<\/p>\n<div class=\"video-container\"><video autoplay=\"autoplay\" loop=\"loop\" muted=\"\" width=\"300\" height=\"150\"><source src=\"https:\/\/dji-official-fe.djicdn.com\/reactor\/assets\/_next\/static\/videos\/dc03053a-7785-445a-8bb0-8cf7ae2caff9.mp4\" type=\"video\/mp4\" \/><\/video><\/div>\n<h2 id=\"djim3mtitle\">Environmental Monitoring and Natural Resources Survey<\/h2>\n<p id=\"infotext\">The Mavic 3M can also be used in environment and natural resource surveys, such as water enrichment monitoring, forest distribution surveys, urban green area surveys, and more.<\/p>\n<style><!-- video { width: 100% !important; height: auto !important; padding-bottom: 20px; } .video-container { max-width: 1280px; margin: 0 auto; padding: 0px; } h2#djim3mtitle {font-size: 30px; color:#04a327; padding: 5px; text-align:center;} h3#bulletpoints2 {text-align: center;font-size: 20px;font-weight: 400;padding-bottom: 10px;padding-left: 0px;color: #266c8d;} p#bulletpoints1 {text-align: center;font-size: 18px;font-weight: 600;padding-bottom: 10px;padding-left: 0px;color: #082e3d;text-transform: none;} p#tabletext {font-size: 16px;text-align: center;margin:auto;color:#333;} p#infotext {padding-left: 10%; padding-right: 10%;font-size: 16px;text-align: center;} p#bullettext {padding-left: 10%; padding-right: 10%;font-size: 16px;text-align: center;} .imageboxes img { width: 100%; max-width: 900px; text-align: center; } .imageboxes2 img { width: 100%; max-width: 1280px; text-align: center; padding-bottom: 5px; } div#hsformppage {width: 100%; max-width: 850px; text-align: center; margin: 0 auto; border: 1px solid #00d2ff; padding: 20px;transition: 0.5s; background: #eee;} div#hsformppage:hover {box-shadow:0px 0px 10px 1px #111;transition: 0.5s;} --><span data-mce-type=\"bookmark\" style=\"display: inline-block; width: 0px; overflow: hidden; line-height: 0;\" class=\"mce_SELRES_start\">\ufeff<\/span><\/style>\n<\/div>\n","protected":false},"excerpt":{"rendered":"<p><strong><span style=\"color: #ff0000;\">Para obtener m\u00e1s informaci\u00f3n sobre este producto, comun\u00edquese con<\/span>\u00a0<span style=\"color: #0000ff;\"><a style=\"color: #0000ff;\" href=\"mailto:sales@usadronetampa.com\" target=\"_blank\" rel=\"noopener\">sales@usadronetampa.com\u00a0<\/a><\/span><\/strong><\/p>","protected":false},"featured_media":1854,"comment_status":"open","ping_status":"closed","template":"","meta":{"site-sidebar-layout":"default","site-content-layout":"","ast-site-content-layout":"default","site-content-style":"default","site-sidebar-style":"default","ast-global-header-display":"","ast-banner-title-visibility":"","ast-main-header-display":"","ast-hfb-above-header-display":"","ast-hfb-below-header-display":"","ast-hfb-mobile-header-display":"","site-post-title":"","ast-breadcrumbs-content":"","ast-featured-img":"","footer-sml-layout":"","ast-disable-related-posts":"","theme-transparent-header-meta":"default","adv-header-id-meta":"","stick-header-meta":"default","header-above-stick-meta":"","header-main-stick-meta":"","header-below-stick-meta":"","astra-migrate-meta-layouts":"set","ast-page-background-enabled":"default","ast-page-background-meta":{"desktop":{"background-color":"var(--ast-global-color-4)","background-image":"","background-repeat":"repeat","background-position":"center center","background-size":"auto","background-attachment":"scroll","background-type":"","background-media":"","overlay-type":"","overlay-color":"","overlay-opacity":"","overlay-gradient":""},"tablet":{"background-color":"","background-image":"","background-repeat":"repeat","background-position":"center center","background-size":"auto","background-attachment":"scroll","background-type":"","background-media":"","overlay-type":"","overlay-color":"","overlay-opacity":"","overlay-gradient":""},"mobile":{"background-color":"","background-image":"","background-repeat":"repeat","background-position":"center center","background-size":"auto","background-attachment":"scroll","background-type":"","background-media":"","overlay-type":"","overlay-color":"","overlay-opacity":"","overlay-gradient":""}},"ast-content-background-meta":{"desktop":{"background-color":"var(--ast-global-color-5)","background-image":"","background-repeat":"repeat","background-position":"center center","background-size":"auto","background-attachment":"scroll","background-type":"","background-media":"","overlay-type":"","overlay-color":"","overlay-opacity":"","overlay-gradient":""},"tablet":{"background-color":"var(--ast-global-color-5)","background-image":"","background-repeat":"repeat","background-position":"center center","background-size":"auto","background-attachment":"scroll","background-type":"","background-media":"","overlay-type":"","overlay-color":"","overlay-opacity":"","overlay-gradient":""},"mobile":{"background-color":"var(--ast-global-color-5)","background-image":"","background-repeat":"repeat","background-position":"center center","background-size":"auto","background-attachment":"scroll","background-type":"","background-media":"","overlay-type":"","overlay-color":"","overlay-opacity":"","overlay-gradient":""}}},"product_brand":[],"product_cat":[34],"product_tag":[48,49],"class_list":{"0":"post-1847","1":"product","2":"type-product","3":"status-publish","4":"has-post-thumbnail","6":"product_cat-agricultural-drones","7":"product_tag-drones","8":"product_tag-goggles-integra","9":"desktop-align-left","10":"tablet-align-left","11":"mobile-align-left","13":"first","14":"instock","15":"taxable","16":"shipping-taxable","17":"purchasable","18":"product-type-simple"},"yoast_head":"<!-- This site is optimized with the Yoast SEO plugin v27.4 - https:\/\/yoast.com\/product\/yoast-seo-wordpress\/ -->\n<title>DJI FPV explorer combo first - USA Drone Tampa<\/title>\n<meta name=\"description\" content=\"DJI FPV comes with an emergency brake and hover feature. Simply press this button on the remote controller while flying in any mode, at any speed\" \/>\n<meta name=\"robots\" content=\"index, follow, max-snippet:-1, max-image-preview:large, max-video-preview:-1\" \/>\n<link rel=\"canonical\" href=\"https:\/\/usadronetampa.com\/es\/product\/dji-mavic-3-multispectral-m3m-with-enterprise-care-plus-1-year\/\" \/>\n<meta property=\"og:locale\" content=\"es_ES\" \/>\n<meta property=\"og:type\" content=\"article\" \/>\n<meta property=\"og:title\" content=\"DJI FPV explorer combo first - USA Drone Tampa\" \/>\n<meta property=\"og:description\" content=\"DJI FPV comes with an emergency brake and hover feature. Simply press this button on the remote controller while flying in any mode, at any speed\" \/>\n<meta property=\"og:url\" content=\"https:\/\/usadronetampa.com\/es\/product\/dji-mavic-3-multispectral-m3m-with-enterprise-care-plus-1-year\/\" \/>\n<meta property=\"og:site_name\" content=\"USA Drone Tampa\" \/>\n<meta property=\"article:publisher\" content=\"https:\/\/www.facebook.com\/profile.php?id=100095595180083\" \/>\n<meta property=\"article:modified_time\" content=\"2025-03-11T15:32:36+00:00\" \/>\n<meta property=\"og:image\" content=\"https:\/\/usadronetampa.com\/wp-content\/uploads\/2024\/03\/M3M-2.webp\" \/>\n\t<meta property=\"og:image:width\" content=\"1200\" \/>\n\t<meta property=\"og:image:height\" content=\"800\" \/>\n\t<meta property=\"og:image:type\" content=\"image\/webp\" \/>\n<meta name=\"twitter:card\" content=\"summary_large_image\" \/>\n<meta name=\"twitter:label1\" content=\"Est. reading time\" \/>\n\t<meta name=\"twitter:data1\" content=\"4 minutos\" \/>\n<script type=\"application\/ld+json\" class=\"yoast-schema-graph\">{\"@context\":\"https:\\\/\\\/schema.org\",\"@graph\":[{\"@type\":\"WebPage\",\"@id\":\"https:\\\/\\\/usadronetampa.com\\\/product\\\/dji-mavic-3-multispectral-m3m-with-enterprise-care-plus-1-year\\\/\",\"url\":\"https:\\\/\\\/usadronetampa.com\\\/product\\\/dji-mavic-3-multispectral-m3m-with-enterprise-care-plus-1-year\\\/\",\"name\":\"DJI FPV explorer combo first - USA Drone Tampa\",\"isPartOf\":{\"@id\":\"https:\\\/\\\/usadronetampa.com\\\/#website\"},\"primaryImageOfPage\":{\"@id\":\"https:\\\/\\\/usadronetampa.com\\\/product\\\/dji-mavic-3-multispectral-m3m-with-enterprise-care-plus-1-year\\\/#primaryimage\"},\"image\":{\"@id\":\"https:\\\/\\\/usadronetampa.com\\\/product\\\/dji-mavic-3-multispectral-m3m-with-enterprise-care-plus-1-year\\\/#primaryimage\"},\"thumbnailUrl\":\"https:\\\/\\\/usadronetampa.com\\\/wp-content\\\/uploads\\\/2024\\\/03\\\/M3M-2.webp\",\"datePublished\":\"2024-03-06T17:14:45+00:00\",\"dateModified\":\"2025-03-11T15:32:36+00:00\",\"description\":\"DJI FPV comes with an emergency brake and hover feature. Simply press this button on the remote controller while flying in any mode, at any speed\",\"breadcrumb\":{\"@id\":\"https:\\\/\\\/usadronetampa.com\\\/product\\\/dji-mavic-3-multispectral-m3m-with-enterprise-care-plus-1-year\\\/#breadcrumb\"},\"inLanguage\":\"es-PE\",\"potentialAction\":[{\"@type\":\"ReadAction\",\"target\":[\"https:\\\/\\\/usadronetampa.com\\\/product\\\/dji-mavic-3-multispectral-m3m-with-enterprise-care-plus-1-year\\\/\"]}]},{\"@type\":\"ImageObject\",\"inLanguage\":\"es-PE\",\"@id\":\"https:\\\/\\\/usadronetampa.com\\\/product\\\/dji-mavic-3-multispectral-m3m-with-enterprise-care-plus-1-year\\\/#primaryimage\",\"url\":\"https:\\\/\\\/usadronetampa.com\\\/wp-content\\\/uploads\\\/2024\\\/03\\\/M3M-2.webp\",\"contentUrl\":\"https:\\\/\\\/usadronetampa.com\\\/wp-content\\\/uploads\\\/2024\\\/03\\\/M3M-2.webp\",\"width\":1200,\"height\":800},{\"@type\":\"BreadcrumbList\",\"@id\":\"https:\\\/\\\/usadronetampa.com\\\/product\\\/dji-mavic-3-multispectral-m3m-with-enterprise-care-plus-1-year\\\/#breadcrumb\",\"itemListElement\":[{\"@type\":\"ListItem\",\"position\":1,\"name\":\"Home\",\"item\":\"https:\\\/\\\/usadronetampa.com\\\/\"},{\"@type\":\"ListItem\",\"position\":2,\"name\":\"Store\",\"item\":\"https:\\\/\\\/usadronetampa.com\\\/tienda\\\/\"},{\"@type\":\"ListItem\",\"position\":3,\"name\":\"Dji Mavic 3 Multispectral M3M with Enterprise Care Plus 1 Year\"}]},{\"@type\":\"WebSite\",\"@id\":\"https:\\\/\\\/usadronetampa.com\\\/#website\",\"url\":\"https:\\\/\\\/usadronetampa.com\\\/\",\"name\":\"USA Drone Tampa\",\"description\":\"Drones USA\",\"publisher\":{\"@id\":\"https:\\\/\\\/usadronetampa.com\\\/#organization\"},\"potentialAction\":[{\"@type\":\"SearchAction\",\"target\":{\"@type\":\"EntryPoint\",\"urlTemplate\":\"https:\\\/\\\/usadronetampa.com\\\/?s={search_term_string}\"},\"query-input\":{\"@type\":\"PropertyValueSpecification\",\"valueRequired\":true,\"valueName\":\"search_term_string\"}}],\"inLanguage\":\"es-PE\"},{\"@type\":\"Organization\",\"@id\":\"https:\\\/\\\/usadronetampa.com\\\/#organization\",\"name\":\"USA Drone Tampa\",\"url\":\"https:\\\/\\\/usadronetampa.com\\\/\",\"logo\":{\"@type\":\"ImageObject\",\"inLanguage\":\"es-PE\",\"@id\":\"https:\\\/\\\/usadronetampa.com\\\/#\\\/schema\\\/logo\\\/image\\\/\",\"url\":\"https:\\\/\\\/usadronetampa.com\\\/wp-content\\\/uploads\\\/2023\\\/08\\\/usa-drone2b.png\",\"contentUrl\":\"https:\\\/\\\/usadronetampa.com\\\/wp-content\\\/uploads\\\/2023\\\/08\\\/usa-drone2b.png\",\"width\":746,\"height\":590,\"caption\":\"USA Drone Tampa\"},\"image\":{\"@id\":\"https:\\\/\\\/usadronetampa.com\\\/#\\\/schema\\\/logo\\\/image\\\/\"},\"sameAs\":[\"https:\\\/\\\/www.facebook.com\\\/profile.php?id=100095595180083\"]}]}<\/script>\n<!-- \/ Yoast SEO plugin. -->","yoast_head_json":{"title":"DJI FPV Explorer Combo First - USA Drone Tampa","description":"El DJI FPV incluye freno de emergencia y funci\u00f3n de vuelo estacionario. Simplemente pulsa este bot\u00f3n del mando a distancia mientras vuelas en cualquier modo y a cualquier velocidad.","robots":{"index":"index","follow":"follow","max-snippet":"max-snippet:-1","max-image-preview":"max-image-preview:large","max-video-preview":"max-video-preview:-1"},"canonical":"https:\/\/usadronetampa.com\/es\/product\/dji-mavic-3-multispectral-m3m-with-enterprise-care-plus-1-year\/","og_locale":"es_ES","og_type":"article","og_title":"DJI FPV explorer combo first - USA Drone Tampa","og_description":"DJI FPV comes with an emergency brake and hover feature. Simply press this button on the remote controller while flying in any mode, at any speed","og_url":"https:\/\/usadronetampa.com\/es\/product\/dji-mavic-3-multispectral-m3m-with-enterprise-care-plus-1-year\/","og_site_name":"USA Drone Tampa","article_publisher":"https:\/\/www.facebook.com\/profile.php?id=100095595180083","article_modified_time":"2025-03-11T15:32:36+00:00","og_image":[{"width":1200,"height":800,"url":"https:\/\/usadronetampa.com\/wp-content\/uploads\/2024\/03\/M3M-2.webp","type":"image\/webp"}],"twitter_card":"summary_large_image","twitter_misc":{"Est. reading time":"4 minutos"},"schema":{"@context":"https:\/\/schema.org","@graph":[{"@type":"WebPage","@id":"https:\/\/usadronetampa.com\/product\/dji-mavic-3-multispectral-m3m-with-enterprise-care-plus-1-year\/","url":"https:\/\/usadronetampa.com\/product\/dji-mavic-3-multispectral-m3m-with-enterprise-care-plus-1-year\/","name":"DJI FPV Explorer Combo First - USA Drone Tampa","isPartOf":{"@id":"https:\/\/usadronetampa.com\/#website"},"primaryImageOfPage":{"@id":"https:\/\/usadronetampa.com\/product\/dji-mavic-3-multispectral-m3m-with-enterprise-care-plus-1-year\/#primaryimage"},"image":{"@id":"https:\/\/usadronetampa.com\/product\/dji-mavic-3-multispectral-m3m-with-enterprise-care-plus-1-year\/#primaryimage"},"thumbnailUrl":"https:\/\/usadronetampa.com\/wp-content\/uploads\/2024\/03\/M3M-2.webp","datePublished":"2024-03-06T17:14:45+00:00","dateModified":"2025-03-11T15:32:36+00:00","description":"El DJI FPV incluye freno de emergencia y funci\u00f3n de vuelo estacionario. Simplemente pulsa este bot\u00f3n del mando a distancia mientras vuelas en cualquier modo y a cualquier velocidad.","breadcrumb":{"@id":"https:\/\/usadronetampa.com\/product\/dji-mavic-3-multispectral-m3m-with-enterprise-care-plus-1-year\/#breadcrumb"},"inLanguage":"es-PE","potentialAction":[{"@type":"ReadAction","target":["https:\/\/usadronetampa.com\/product\/dji-mavic-3-multispectral-m3m-with-enterprise-care-plus-1-year\/"]}]},{"@type":"ImageObject","inLanguage":"es-PE","@id":"https:\/\/usadronetampa.com\/product\/dji-mavic-3-multispectral-m3m-with-enterprise-care-plus-1-year\/#primaryimage","url":"https:\/\/usadronetampa.com\/wp-content\/uploads\/2024\/03\/M3M-2.webp","contentUrl":"https:\/\/usadronetampa.com\/wp-content\/uploads\/2024\/03\/M3M-2.webp","width":1200,"height":800},{"@type":"BreadcrumbList","@id":"https:\/\/usadronetampa.com\/product\/dji-mavic-3-multispectral-m3m-with-enterprise-care-plus-1-year\/#breadcrumb","itemListElement":[{"@type":"ListItem","position":1,"name":"Home","item":"https:\/\/usadronetampa.com\/"},{"@type":"ListItem","position":2,"name":"Store","item":"https:\/\/usadronetampa.com\/tienda\/"},{"@type":"ListItem","position":3,"name":"Dji Mavic 3 Multispectral M3M with Enterprise Care Plus 1 Year"}]},{"@type":"WebSite","@id":"https:\/\/usadronetampa.com\/#website","url":"https:\/\/usadronetampa.com\/","name":"USA Drone Tampa","description":"Drones EE. UU.","publisher":{"@id":"https:\/\/usadronetampa.com\/#organization"},"potentialAction":[{"@type":"SearchAction","target":{"@type":"EntryPoint","urlTemplate":"https:\/\/usadronetampa.com\/?s={search_term_string}"},"query-input":{"@type":"PropertyValueSpecification","valueRequired":true,"valueName":"search_term_string"}}],"inLanguage":"es-PE"},{"@type":"Organization","@id":"https:\/\/usadronetampa.com\/#organization","name":"USA Drone Tampa","url":"https:\/\/usadronetampa.com\/","logo":{"@type":"ImageObject","inLanguage":"es-PE","@id":"https:\/\/usadronetampa.com\/#\/schema\/logo\/image\/","url":"https:\/\/usadronetampa.com\/wp-content\/uploads\/2023\/08\/usa-drone2b.png","contentUrl":"https:\/\/usadronetampa.com\/wp-content\/uploads\/2023\/08\/usa-drone2b.png","width":746,"height":590,"caption":"USA Drone Tampa"},"image":{"@id":"https:\/\/usadronetampa.com\/#\/schema\/logo\/image\/"},"sameAs":["https:\/\/www.facebook.com\/profile.php?id=100095595180083"]}]}},"_links":{"self":[{"href":"https:\/\/usadronetampa.com\/es\/wp-json\/wp\/v2\/product\/1847","targetHints":{"allow":["GET"]}}],"collection":[{"href":"https:\/\/usadronetampa.com\/es\/wp-json\/wp\/v2\/product"}],"about":[{"href":"https:\/\/usadronetampa.com\/es\/wp-json\/wp\/v2\/types\/product"}],"replies":[{"embeddable":true,"href":"https:\/\/usadronetampa.com\/es\/wp-json\/wp\/v2\/comments?post=1847"}],"wp:featuredmedia":[{"embeddable":true,"href":"https:\/\/usadronetampa.com\/es\/wp-json\/wp\/v2\/media\/1854"}],"wp:attachment":[{"href":"https:\/\/usadronetampa.com\/es\/wp-json\/wp\/v2\/media?parent=1847"}],"wp:term":[{"taxonomy":"product_brand","embeddable":true,"href":"https:\/\/usadronetampa.com\/es\/wp-json\/wp\/v2\/product_brand?post=1847"},{"taxonomy":"product_cat","embeddable":true,"href":"https:\/\/usadronetampa.com\/es\/wp-json\/wp\/v2\/product_cat?post=1847"},{"taxonomy":"product_tag","embeddable":true,"href":"https:\/\/usadronetampa.com\/es\/wp-json\/wp\/v2\/product_tag?post=1847"}],"curies":[{"name":"gracias","href":"https:\/\/api.w.org\/{rel}","templated":true}]}}