{"id":1644,"date":"2024-01-17T16:40:57","date_gmt":"2024-01-17T21:40:57","guid":{"rendered":"https:\/\/usadronetampa.com\/?post_type=product&#038;p=1644"},"modified":"2025-03-11T10:45:23","modified_gmt":"2025-03-11T15:45:23","slug":"dji-agras-t20-drone","status":"publish","type":"product","link":"https:\/\/usadronetampa.com\/es\/product\/dji-agras-t20-drone\/","title":{"rendered":"Dron DJI Agras T20"},"content":{"rendered":"<div class=\"container\">\n<h2>DJI AGRAS T20<\/h2>\n<h2>Intelligent and Powerful<\/h2>\n<p>With its powerful performance and outstanding spraying capabilities, the T20 can conduct autonomous operations over a variety of terrains, such as broadacre farmlands, terraces, and orchards. New features, like an omnidirectional digital radar, have helped the T20 take stability and flight safety to the next level, providing users with highly efficient results.<\/p>\n<h2 class=\"section-title aos-init aos-animate\" data-aos=\"fade-up\" data-aos-delay=\"200\">Improved Efficiency<\/h2>\n<p class=\"section-description aos-init aos-animate\" data-aos=\"fade-up\" data-aos-delay=\"400\">The T20 features a payload of 20 L coupled with a spray width of 7 m, making the operation more efficient<\/p>\n<h2 class=\"section-title aos-init aos-animate\" data-aos=\"fade-up\" data-aos-delay=\"200\">Effortless and Precise<\/h2>\n<p class=\"section-description aos-init aos-animate\" data-aos=\"fade-up\" data-aos-delay=\"400\">Being a comprehensive spraying system, the T20 allows users to set flight and operation parameters easily. With a built-in RTK centimeter-level positioning system and RTK dongles, centimeter-level waypoint recording is enabled, strengthening operations greatly and ensuring precision spraying.<\/p>\n<h2 class=\"section-title aos-init aos-animate\" data-aos=\"fade-up\" data-aos-delay=\"200\">Great Power, Great Performance<\/h2>\n<p class=\"section-description aos-init aos-animate\" data-aos=\"fade-up\" data-aos-delay=\"400\">The T20 comes equipped with 8 nozzles and high-volume pumps that can spray at a rate of up to 6 L\/min. A highly optimized wind field produces droplets ideal in size and consistency. The T20 is also equipped with a new 4-channel electromagnetic flow meter, which monitors and controls four hoses individually, ensuring an efficient flow rate for each nozzle.<\/p>\n<h2 class=\"section-title aos-init aos-animate\" data-aos=\"fade-up\" data-aos-delay=\"200\">Increased Flight Safety<\/h2>\n<p class=\"section-description aos-init aos-animate\" data-aos=\"fade-up\" data-aos-delay=\"400\">The T20 is equipped with an omnidirectional digital radar, which is able to detect obstacles from all horizontal directions. It can also automatically circumvent obstacles while flying over various terrains, ensuring a high level of operational safety. With this radar, the T20 can adapt to most environments, 24\/7, thanks to its strong resistance to dust and water. The T20 also comes with a real-time FPV camera and two searchlights, providing users with comprehensive live views even at night.<\/p>\n<h2 class=\"section-title aos-init aos-animate\" data-aos=\"fade-up\" data-aos-delay=\"200\">All-New Agras Smart Controller<\/h2>\n<p class=\"section-description aos-init aos-animate\" data-aos=\"fade-up\" data-aos-delay=\"400\">DJI has successfully elevated the performance of the T20 thanks to the new programmable Agras Smart Controller 2.0 and the DJI Agras app. The user interface runs smoothly and is incredibly intuitive. In addition, the smart controller comes with an ultra-bright 5.5-inch display, visible even under strong sunlight. It also supports external battery packs and can last twice as long as other remote controllers, perfect for lengthy or heavy workloads.<\/p>\n<h2 class=\"section-title\">Incredibly Durable, Improved Portability<\/h2>\n<p class=\"section-description\">With a robust modular design, the T20 folds and unfolds in seconds, making it more portable than other agricultural drones. The spray tank and battery are both swappable, reducing downtime and increasing workflow significantly. All core modules are IP67 rated. They can also withstand splashes when cleaning the aircraft body, which can be done easily with water. [2] Thanks to a 4-channel electromagnetic flow meter, 4 electromagnetic exhaust valves, and replaceable diaphragms for pumps, calibration and maintenance have become incredibly easy. Additionally, air bubbles can be discharged with a single press of a button.<\/p>\n<h2 class=\"section-title\">Spreading System 2.0<\/h2>\n<p class=\"section-description\">The Spreading System 2.0 elevates the efficiency of the T20 significantly by utilizing a payload of 16 L [7] and a dispense rate of up to 15 kg\/min. For direct seeding with grains 0.5-5 mm in size, the Spreading System 2.0 performs 70 times faster than manual operations. [1] This improved form of planting is designed for multiple application scenarios, such as grassland reseeding, granular fertilizer spreading, and the spreading of feed for fish and shrimp. Installation of the system can be completed in under three minutes, proving that it is always ready for the task ahead.<\/p>\n<div class=\"section-header\">\n<h2 class=\"section-title aos-init aos-animate\" data-aos=\"fade-up\" data-aos-delay=\"200\">Easy-To-Use Agricultural Solutions<\/h2>\n<p class=\"section-description aos-init aos-animate\" data-aos=\"fade-up\" data-aos-delay=\"200\">With comprehensive DJI agriculture solutions, operating in broadacre farmlands, orchards, or grasslands, has become a lot simpler. The combination of the T20 and these comprehensive solution packages elevates the possibilities of drones in the agricultural industry.<\/p>\n<\/div>\n<div class=\"section-content first-content\">\n<h2 class=\"sub-title aos-init aos-animate\" data-aos=\"fade-up\" data-aos-delay=\"400\">3D Flight Route Planning<\/h2>\n<p class=\"sub-desc aos-init aos-animate\" data-aos=\"fade-up\" data-aos-delay=\"400\">Navigating through challenging terrains is now an issue of the past, thanks to a 3D flight route solution. The Phantom 4 RTK scans and maps target areas, making it easier to identify all aspects of the field. In Orchard mode, 3D flight routes can be generated based on the shapes of each tree after they are identified. Afterward, users can conduct efficient spraying with their T20.<\/p>\n<h2 class=\"sub-title aos-init aos-animate\" data-aos=\"fade-up\" data-aos-delay=\"400\">Precision Farming<\/h2>\n<p class=\"sub-desc aos-init aos-animate\" data-aos=\"fade-up\" data-aos-delay=\"400\">Our agricultural solution packages are designed to monitor crop health and generate variable treatment procedures. The P4 Multispectral scans target areas and generates multispectral charts that provide actionable insights into crop health and help formulate variable spraying and seeding maps. [4] Through the DJI Agriculture Management Platform, users can access DJI Terra shapefiles and apply them to spraying and seeding operations.<\/p>\n<\/div>\n<\/div>\n","protected":false},"excerpt":{"rendered":"<p><strong><span style=\"color: #ff0000;\">Para obtener m\u00e1s informaci\u00f3n sobre este producto, comun\u00edquese con<\/span>\u00a0<span style=\"color: #0000ff;\"><a style=\"color: #0000ff;\" href=\"mailto:sales@usadronetampa.com\" target=\"_blank\" rel=\"noopener\">sales@usadronetampa.com\u00a0<\/a><\/span><\/strong><\/p>","protected":false},"featured_media":1645,"comment_status":"open","ping_status":"closed","template":"","meta":{"site-sidebar-layout":"default","site-content-layout":"","ast-site-content-layout":"default","site-content-style":"default","site-sidebar-style":"default","ast-global-header-display":"","ast-banner-title-visibility":"","ast-main-header-display":"","ast-hfb-above-header-display":"","ast-hfb-below-header-display":"","ast-hfb-mobile-header-display":"","site-post-title":"","ast-breadcrumbs-content":"","ast-featured-img":"","footer-sml-layout":"","ast-disable-related-posts":"","theme-transparent-header-meta":"default","adv-header-id-meta":"","stick-header-meta":"default","header-above-stick-meta":"","header-main-stick-meta":"","header-below-stick-meta":"","astra-migrate-meta-layouts":"set","ast-page-background-enabled":"default","ast-page-background-meta":{"desktop":{"background-color":"var(--ast-global-color-4)","background-image":"","background-repeat":"repeat","background-position":"center center","background-size":"auto","background-attachment":"scroll","background-type":"","background-media":"","overlay-type":"","overlay-color":"","overlay-opacity":"","overlay-gradient":""},"tablet":{"background-color":"","background-image":"","background-repeat":"repeat","background-position":"center center","background-size":"auto","background-attachment":"scroll","background-type":"","background-media":"","overlay-type":"","overlay-color":"","overlay-opacity":"","overlay-gradient":""},"mobile":{"background-color":"","background-image":"","background-repeat":"repeat","background-position":"center center","background-size":"auto","background-attachment":"scroll","background-type":"","background-media":"","overlay-type":"","overlay-color":"","overlay-opacity":"","overlay-gradient":""}},"ast-content-background-meta":{"desktop":{"background-color":"var(--ast-global-color-5)","background-image":"","background-repeat":"repeat","background-position":"center center","background-size":"auto","background-attachment":"scroll","background-type":"","background-media":"","overlay-type":"","overlay-color":"","overlay-opacity":"","overlay-gradient":""},"tablet":{"background-color":"var(--ast-global-color-5)","background-image":"","background-repeat":"repeat","background-position":"center center","background-size":"auto","background-attachment":"scroll","background-type":"","background-media":"","overlay-type":"","overlay-color":"","overlay-opacity":"","overlay-gradient":""},"mobile":{"background-color":"var(--ast-global-color-5)","background-image":"","background-repeat":"repeat","background-position":"center center","background-size":"auto","background-attachment":"scroll","background-type":"","background-media":"","overlay-type":"","overlay-color":"","overlay-opacity":"","overlay-gradient":""}}},"product_brand":[],"product_cat":[33],"product_tag":[],"class_list":{"0":"post-1644","1":"product","2":"type-product","3":"status-publish","4":"has-post-thumbnail","6":"product_cat-enterprise-drones","7":"desktop-align-left","8":"tablet-align-left","9":"mobile-align-left","11":"first","12":"instock","13":"taxable","14":"shipping-taxable","15":"product-type-simple"},"yoast_head":"<!-- This site is optimized with the Yoast SEO plugin v27.5 - https:\/\/yoast.com\/product\/yoast-seo-wordpress\/ -->\n<title>DJI Agras T20 Drone - USA Drone Tampa<\/title>\n<meta name=\"description\" content=\"The Mavic 3 Enterprise series redefines industry standards for small commercial drones.\u00a0With a mechanical shutter, a 56x zoom camera\" \/>\n<meta name=\"robots\" content=\"index, follow, max-snippet:-1, max-image-preview:large, max-video-preview:-1\" \/>\n<link rel=\"canonical\" href=\"https:\/\/usadronetampa.com\/es\/product\/dji-agras-t20-drone\/\" \/>\n<meta property=\"og:locale\" content=\"es_ES\" \/>\n<meta property=\"og:type\" content=\"article\" \/>\n<meta property=\"og:title\" content=\"DJI Agras T20 Drone - USA Drone Tampa\" \/>\n<meta property=\"og:description\" content=\"The Mavic 3 Enterprise series redefines industry standards for small commercial drones.\u00a0With a mechanical shutter, a 56x zoom camera\" \/>\n<meta property=\"og:url\" content=\"https:\/\/usadronetampa.com\/es\/product\/dji-agras-t20-drone\/\" \/>\n<meta property=\"og:site_name\" content=\"USA Drone Tampa\" \/>\n<meta property=\"article:publisher\" content=\"https:\/\/www.facebook.com\/profile.php?id=100095595180083\" \/>\n<meta property=\"article:modified_time\" content=\"2025-03-11T15:45:23+00:00\" \/>\n<meta property=\"og:image\" content=\"https:\/\/usadronetampa.com\/wp-content\/uploads\/2024\/01\/AgrasT20.webp\" \/>\n\t<meta property=\"og:image:width\" content=\"1200\" \/>\n\t<meta property=\"og:image:height\" content=\"800\" \/>\n\t<meta property=\"og:image:type\" content=\"image\/webp\" \/>\n<meta name=\"twitter:card\" content=\"summary_large_image\" \/>\n<meta name=\"twitter:label1\" content=\"Est. reading time\" \/>\n\t<meta name=\"twitter:data1\" content=\"4 minutos\" \/>\n<script type=\"application\/ld+json\" class=\"yoast-schema-graph\">{\"@context\":\"https:\\\/\\\/schema.org\",\"@graph\":[{\"@type\":\"WebPage\",\"@id\":\"https:\\\/\\\/usadronetampa.com\\\/product\\\/dji-agras-t20-drone\\\/\",\"url\":\"https:\\\/\\\/usadronetampa.com\\\/product\\\/dji-agras-t20-drone\\\/\",\"name\":\"DJI Agras T20 Drone - USA Drone Tampa\",\"isPartOf\":{\"@id\":\"https:\\\/\\\/usadronetampa.com\\\/#website\"},\"primaryImageOfPage\":{\"@id\":\"https:\\\/\\\/usadronetampa.com\\\/product\\\/dji-agras-t20-drone\\\/#primaryimage\"},\"image\":{\"@id\":\"https:\\\/\\\/usadronetampa.com\\\/product\\\/dji-agras-t20-drone\\\/#primaryimage\"},\"thumbnailUrl\":\"https:\\\/\\\/usadronetampa.com\\\/wp-content\\\/uploads\\\/2024\\\/01\\\/AgrasT20.webp\",\"datePublished\":\"2024-01-17T21:40:57+00:00\",\"dateModified\":\"2025-03-11T15:45:23+00:00\",\"description\":\"The Mavic 3 Enterprise series redefines industry standards for small commercial drones.\u00a0With a mechanical shutter, a 56x zoom camera\",\"breadcrumb\":{\"@id\":\"https:\\\/\\\/usadronetampa.com\\\/product\\\/dji-agras-t20-drone\\\/#breadcrumb\"},\"inLanguage\":\"es-PE\",\"potentialAction\":[{\"@type\":\"ReadAction\",\"target\":[\"https:\\\/\\\/usadronetampa.com\\\/product\\\/dji-agras-t20-drone\\\/\"]}]},{\"@type\":\"ImageObject\",\"inLanguage\":\"es-PE\",\"@id\":\"https:\\\/\\\/usadronetampa.com\\\/product\\\/dji-agras-t20-drone\\\/#primaryimage\",\"url\":\"https:\\\/\\\/usadronetampa.com\\\/wp-content\\\/uploads\\\/2024\\\/01\\\/AgrasT20.webp\",\"contentUrl\":\"https:\\\/\\\/usadronetampa.com\\\/wp-content\\\/uploads\\\/2024\\\/01\\\/AgrasT20.webp\",\"width\":1200,\"height\":800},{\"@type\":\"BreadcrumbList\",\"@id\":\"https:\\\/\\\/usadronetampa.com\\\/product\\\/dji-agras-t20-drone\\\/#breadcrumb\",\"itemListElement\":[{\"@type\":\"ListItem\",\"position\":1,\"name\":\"Home\",\"item\":\"https:\\\/\\\/usadronetampa.com\\\/\"},{\"@type\":\"ListItem\",\"position\":2,\"name\":\"Store\",\"item\":\"https:\\\/\\\/usadronetampa.com\\\/tienda\\\/\"},{\"@type\":\"ListItem\",\"position\":3,\"name\":\"DJI Agras T20 Drone\"}]},{\"@type\":\"WebSite\",\"@id\":\"https:\\\/\\\/usadronetampa.com\\\/#website\",\"url\":\"https:\\\/\\\/usadronetampa.com\\\/\",\"name\":\"USA Drone Tampa\",\"description\":\"Drones USA\",\"publisher\":{\"@id\":\"https:\\\/\\\/usadronetampa.com\\\/#organization\"},\"potentialAction\":[{\"@type\":\"SearchAction\",\"target\":{\"@type\":\"EntryPoint\",\"urlTemplate\":\"https:\\\/\\\/usadronetampa.com\\\/?s={search_term_string}\"},\"query-input\":{\"@type\":\"PropertyValueSpecification\",\"valueRequired\":true,\"valueName\":\"search_term_string\"}}],\"inLanguage\":\"es-PE\"},{\"@type\":\"Organization\",\"@id\":\"https:\\\/\\\/usadronetampa.com\\\/#organization\",\"name\":\"USA Drone Tampa\",\"url\":\"https:\\\/\\\/usadronetampa.com\\\/\",\"logo\":{\"@type\":\"ImageObject\",\"inLanguage\":\"es-PE\",\"@id\":\"https:\\\/\\\/usadronetampa.com\\\/#\\\/schema\\\/logo\\\/image\\\/\",\"url\":\"https:\\\/\\\/usadronetampa.com\\\/wp-content\\\/uploads\\\/2023\\\/08\\\/usa-drone2b.png\",\"contentUrl\":\"https:\\\/\\\/usadronetampa.com\\\/wp-content\\\/uploads\\\/2023\\\/08\\\/usa-drone2b.png\",\"width\":746,\"height\":590,\"caption\":\"USA Drone Tampa\"},\"image\":{\"@id\":\"https:\\\/\\\/usadronetampa.com\\\/#\\\/schema\\\/logo\\\/image\\\/\"},\"sameAs\":[\"https:\\\/\\\/www.facebook.com\\\/profile.php?id=100095595180083\"]}]}<\/script>\n<!-- \/ Yoast SEO plugin. -->","yoast_head_json":{"title":"DJI Agras T20 Drone - USA Drone Tampa","description":"La serie Mavic 3 Enterprise redefine los est\u00e1ndares de la industria para drones comerciales peque\u00f1os. Con un obturador mec\u00e1nico y una c\u00e1mara con zoom de 56x,","robots":{"index":"index","follow":"follow","max-snippet":"max-snippet:-1","max-image-preview":"max-image-preview:large","max-video-preview":"max-video-preview:-1"},"canonical":"https:\/\/usadronetampa.com\/es\/product\/dji-agras-t20-drone\/","og_locale":"es_ES","og_type":"article","og_title":"DJI Agras T20 Drone - USA Drone Tampa","og_description":"The Mavic 3 Enterprise series redefines industry standards for small commercial drones.\u00a0With a mechanical shutter, a 56x zoom camera","og_url":"https:\/\/usadronetampa.com\/es\/product\/dji-agras-t20-drone\/","og_site_name":"USA Drone Tampa","article_publisher":"https:\/\/www.facebook.com\/profile.php?id=100095595180083","article_modified_time":"2025-03-11T15:45:23+00:00","og_image":[{"width":1200,"height":800,"url":"https:\/\/usadronetampa.com\/wp-content\/uploads\/2024\/01\/AgrasT20.webp","type":"image\/webp"}],"twitter_card":"summary_large_image","twitter_misc":{"Est. reading time":"4 minutos"},"schema":{"@context":"https:\/\/schema.org","@graph":[{"@type":"WebPage","@id":"https:\/\/usadronetampa.com\/product\/dji-agras-t20-drone\/","url":"https:\/\/usadronetampa.com\/product\/dji-agras-t20-drone\/","name":"DJI Agras T20 Drone - USA Drone Tampa","isPartOf":{"@id":"https:\/\/usadronetampa.com\/#website"},"primaryImageOfPage":{"@id":"https:\/\/usadronetampa.com\/product\/dji-agras-t20-drone\/#primaryimage"},"image":{"@id":"https:\/\/usadronetampa.com\/product\/dji-agras-t20-drone\/#primaryimage"},"thumbnailUrl":"https:\/\/usadronetampa.com\/wp-content\/uploads\/2024\/01\/AgrasT20.webp","datePublished":"2024-01-17T21:40:57+00:00","dateModified":"2025-03-11T15:45:23+00:00","description":"La serie Mavic 3 Enterprise redefine los est\u00e1ndares de la industria para drones comerciales peque\u00f1os. Con un obturador mec\u00e1nico y una c\u00e1mara con zoom de 56x,","breadcrumb":{"@id":"https:\/\/usadronetampa.com\/product\/dji-agras-t20-drone\/#breadcrumb"},"inLanguage":"es-PE","potentialAction":[{"@type":"ReadAction","target":["https:\/\/usadronetampa.com\/product\/dji-agras-t20-drone\/"]}]},{"@type":"ImageObject","inLanguage":"es-PE","@id":"https:\/\/usadronetampa.com\/product\/dji-agras-t20-drone\/#primaryimage","url":"https:\/\/usadronetampa.com\/wp-content\/uploads\/2024\/01\/AgrasT20.webp","contentUrl":"https:\/\/usadronetampa.com\/wp-content\/uploads\/2024\/01\/AgrasT20.webp","width":1200,"height":800},{"@type":"BreadcrumbList","@id":"https:\/\/usadronetampa.com\/product\/dji-agras-t20-drone\/#breadcrumb","itemListElement":[{"@type":"ListItem","position":1,"name":"Home","item":"https:\/\/usadronetampa.com\/"},{"@type":"ListItem","position":2,"name":"Store","item":"https:\/\/usadronetampa.com\/tienda\/"},{"@type":"ListItem","position":3,"name":"DJI Agras T20 Drone"}]},{"@type":"WebSite","@id":"https:\/\/usadronetampa.com\/#website","url":"https:\/\/usadronetampa.com\/","name":"USA Drone Tampa","description":"Drones EE. UU.","publisher":{"@id":"https:\/\/usadronetampa.com\/#organization"},"potentialAction":[{"@type":"SearchAction","target":{"@type":"EntryPoint","urlTemplate":"https:\/\/usadronetampa.com\/?s={search_term_string}"},"query-input":{"@type":"PropertyValueSpecification","valueRequired":true,"valueName":"search_term_string"}}],"inLanguage":"es-PE"},{"@type":"Organization","@id":"https:\/\/usadronetampa.com\/#organization","name":"USA Drone Tampa","url":"https:\/\/usadronetampa.com\/","logo":{"@type":"ImageObject","inLanguage":"es-PE","@id":"https:\/\/usadronetampa.com\/#\/schema\/logo\/image\/","url":"https:\/\/usadronetampa.com\/wp-content\/uploads\/2023\/08\/usa-drone2b.png","contentUrl":"https:\/\/usadronetampa.com\/wp-content\/uploads\/2023\/08\/usa-drone2b.png","width":746,"height":590,"caption":"USA Drone Tampa"},"image":{"@id":"https:\/\/usadronetampa.com\/#\/schema\/logo\/image\/"},"sameAs":["https:\/\/www.facebook.com\/profile.php?id=100095595180083"]}]}},"_links":{"self":[{"href":"https:\/\/usadronetampa.com\/es\/wp-json\/wp\/v2\/product\/1644","targetHints":{"allow":["GET"]}}],"collection":[{"href":"https:\/\/usadronetampa.com\/es\/wp-json\/wp\/v2\/product"}],"about":[{"href":"https:\/\/usadronetampa.com\/es\/wp-json\/wp\/v2\/types\/product"}],"replies":[{"embeddable":true,"href":"https:\/\/usadronetampa.com\/es\/wp-json\/wp\/v2\/comments?post=1644"}],"wp:featuredmedia":[{"embeddable":true,"href":"https:\/\/usadronetampa.com\/es\/wp-json\/wp\/v2\/media\/1645"}],"wp:attachment":[{"href":"https:\/\/usadronetampa.com\/es\/wp-json\/wp\/v2\/media?parent=1644"}],"wp:term":[{"taxonomy":"product_brand","embeddable":true,"href":"https:\/\/usadronetampa.com\/es\/wp-json\/wp\/v2\/product_brand?post=1644"},{"taxonomy":"product_cat","embeddable":true,"href":"https:\/\/usadronetampa.com\/es\/wp-json\/wp\/v2\/product_cat?post=1644"},{"taxonomy":"product_tag","embeddable":true,"href":"https:\/\/usadronetampa.com\/es\/wp-json\/wp\/v2\/product_tag?post=1644"}],"curies":[{"name":"gracias","href":"https:\/\/api.w.org\/{rel}","templated":true}]}}