{"id":1636,"date":"2024-01-17T16:27:05","date_gmt":"2024-01-17T21:27:05","guid":{"rendered":"https:\/\/usadronetampa.com\/?post_type=product&#038;p=1636"},"modified":"2025-04-12T07:00:35","modified_gmt":"2025-04-12T12:00:35","slug":"dji-agras-t30-ready-to-fly-kit","status":"publish","type":"product","link":"https:\/\/usadronetampa.com\/es\/product\/dji-agras-t30-ready-to-fly-kit\/","title":{"rendered":"Kit DJI Agras T30 listo para volar"},"content":{"rendered":"<div class=\"container\">\n<h1 style=\"text-align: center; font-size: 50px; font-weight: 600; padding-top: 20px; color: #000;\">DJI AGRAS T30<\/h1>\n<h2 style=\"text-align: center; font-size: 30px; font-weight: 400; padding-bottom: 30px; padding-left: 0px;\">Un nuevo buque insignia para la agricultura digital<\/h2>\n<h3 style=\"text-align: center; font-size: 20px; font-weight: 400; padding-bottom: 20px; padding-left: 0px; color: #950014;\">Tanque de pulverizaci\u00f3n de 30 litros<br \/>\nSistema de radar esf\u00e9rico<br \/>\nC\u00e1mara FPV dual para monitoreo<br \/>\nOperaci\u00f3n RTK de alta precisi\u00f3n<br \/>\nPlataforma en la nube de agricultura inteligente<\/h3>\n<p>&nbsp;<\/p>\n<div class=\"video-container\"><video autoplay=\"autoplay\" loop=\"loop\" muted=\"\" width=\"720\" height=\"480\"><source src=\"https:\/\/terra-1-g.djicdn.com\/851d20f7b9f64838a34cd02351370894\/AG-new\/%E5%AE%98%E7%BD%91PC-%E6%9E%9D%E5%90%91%E5%AF%B9%E9%9D%B6.mp4\" type=\"video\/mp4\" \/><\/video><\/div>\n<p>&nbsp;<\/p>\n<p style=\"text-align: center; font-size: 22px; font-weight: 400; padding: 20px 50px 20px 50px; background: #000; color: #eee;\">Con un tanque de pulverizaci\u00f3n de 30 litros, el DJI Agras T30 lleva la eficiencia de la pulverizaci\u00f3n a\u00e9rea a nuevas alturas. Un revolucionario cuerpo transformador permite una pulverizaci\u00f3n m\u00e1s eficaz, especialmente en \u00e1rboles frutales. Al utilizar las soluciones de agricultura digital de DJI, el T30 ayuda a reducir el uso de fertilizantes y aumentar el rendimiento con mejores pr\u00e1cticas efectivas basadas en datos.<\/p>\n<h2>Tecnolog\u00eda de orientaci\u00f3n por sucursales<br \/>\npara una penetraci\u00f3n completa<\/h2>\n<p>Con una revolucionaria tecnolog\u00eda de focalizaci\u00f3n de ramas y brazos ajustables, el Agras T30 penetra copas gruesas con pulverizaci\u00f3n oblicua, asegurando una aplicaci\u00f3n uniforme de pesticidas l\u00edquidos y duplicando el n\u00famero de gotas. Con la ayuda de Smart Agriculture Cloud Platform y el mapeo basado en la nube, los usuarios pueden administrar un huerto digital en 3D, lo que facilita el inicio de la agricultura digital.<\/p>\n<p style=\"text-align: center; font-size: 22px; font-weight: 400; padding: 20px 60px 20px 60px; background: #000; color: #eee;\">16 boquillas rociadoras brindan una amplia cobertura con distribuci\u00f3n uniforme, fuerte penetraci\u00f3n y prevenci\u00f3n excepcional de deriva.<\/p>\n<h2>40 acres por hora<\/h2>\n<p>Equipado con un gran tanque de aspersi\u00f3n de 30 kg, el Agras T30 tiene un ancho de aspersi\u00f3n de 9 metros y una eficiencia de aspersi\u00f3n de campo de 40 acres\/hora, 33,31 TP3T m\u00e1s que su generaci\u00f3n anterior.<\/p>\n<h2>Elimine los puntos ciegos con un sistema de radar esf\u00e9rico<\/h2>\n<p>El sistema de radar esf\u00e9rico detecta obst\u00e1culos y alrededores en todos los entornos, condiciones clim\u00e1ticas y \u00e1ngulos de visi\u00f3n, independientemente del polvo y las interferencias de luz. Las funciones de evitaci\u00f3n autom\u00e1tica de obst\u00e1culos y vuelo adaptativo ayudan a garantizar la seguridad durante la operaci\u00f3n.<\/p>\n<p>&nbsp;<\/p>\n<div class=\"video-container\"><video autoplay=\"autoplay\" loop=\"loop\" muted=\"\" width=\"720\" height=\"480\"><source src=\"https:\/\/dji-official-fe.djicdn.com\/reactor\/assets\/_next\/static\/videos\/579ba015-5d77-4c7f-9c45-46e192f1856c.mp4\" type=\"video\/mp4\" \/><\/video><\/div>\n<p>&nbsp;<\/p>\n<h2>C\u00e1maras FPV duales para una mejor conciencia<\/h2>\n<p>Equipado con c\u00e1maras FPV duales, el Agras T30 proporciona vistas frontales y traseras claras y le permite verificar el estado del vuelo sin necesidad de girar la aeronave en pleno vuelo. Y un reflector brillante duplica las capacidades de visi\u00f3n nocturna de la aeronave, creando m\u00e1s posibilidades de operaci\u00f3n nocturna.<\/p>\n<h2>Dise\u00f1ado para servicio a largo plazo<\/h2>\n<p>El m\u00f3dulo de control Agras T30 tiene una estructura completamente cerrada para mayor durabilidad. Todos los componentes cr\u00edticos tienen tres capas de protecci\u00f3n y tienen clasificaci\u00f3n IP67. Ideal para el uso prolongado de pesticidas y fertilizantes, y para resistir el polvo y la corrosi\u00f3n.<\/p>\n<h2>Operaci\u00f3n aut\u00f3noma con planificaci\u00f3n de ruta \u00f3ptima<\/h2>\n<p>El nuevo modo de ruta inteligente planifica de forma independiente la mejor ruta para cada operaci\u00f3n. Un medidor indica la cantidad de carga \u00fatil de l\u00edquido restante y el tiempo estimado hasta el llenado en tiempo real, lo que permite a los operadores lograr el equilibrio perfecto entre carga \u00fatil y duraci\u00f3n de la bater\u00eda. El avi\u00f3n tambi\u00e9n admite barrido autom\u00e1tico de bordes para una amplia cobertura de pulverizaci\u00f3n y una operaci\u00f3n a\u00e9rea m\u00e1s sencilla.<\/p>\n<p>&nbsp;<\/p>\n<div class=\"video-container\"><video autoplay=\"autoplay\" loop=\"loop\" muted=\"\" width=\"720\" height=\"480\"><source src=\"https:\/\/dji-official-fe.djicdn.com\/reactor\/assets\/_next\/static\/videos\/d49044a8-6f55-4808-82f5-1fc712b04149.mp4\" type=\"video\/mp4\" \/><\/video><\/div>\n<p>&nbsp;<\/p>\n<h2>Dos Bater\u00edas + Cargador para Funcionamiento Continuo<\/h2>\n<p><strong>1.000 bicicletas para 4.942 acres<\/strong>Al necesitar menos componentes de soporte, el Agras T30 es m\u00e1s f\u00e1cil de transportar. Una bater\u00eda inteligente de nuevo dise\u00f1o est\u00e1 cubierta por la garant\u00eda por 1000 cargas y 4942 acres de vuelo; Esta vida \u00fatil ultralarga reduce significativamente los costos operativos. La estaci\u00f3n de carga y el centro de carga inteligente pueden cargar completamente una bater\u00eda en 10 minutos, lo que permite un funcionamiento continuo con solo dos bater\u00edas y un cargador. La caja de seguridad est\u00e1ndar ayuda a garantizar la seguridad de la bater\u00eda y un f\u00e1cil almacenamiento del equipo.<\/p>\n<h2>Agricultura 3D basada en la nube: la agricultura digital ya est\u00e1 aqu\u00ed<\/h2>\n<p>Con la plataforma Smart Agriculture Cloud, los usuarios pueden realizar mapeos basados en la nube de escenarios de huertos y tierras de cultivo para generar rutas de vuelo inteligentes. Esta plataforma est\u00e1 equipada con un sistema de reconocimiento de IA para patrullar campos, identificar crecimiento, monitorear enfermedades o plagas y monitorear las condiciones agr\u00edcolas de manera eficiente. Combinar este sistema con el DJI P4 Multispectral permite a los usuarios aplicar soluciones basadas en variables espec\u00edficas de acuerdo con un mapa de prescripci\u00f3n de tierras de cultivo generado autom\u00e1ticamente.<\/p>\n<style>\nvideo {<br \/>  width: 100% !important;<br \/>  height: auto !important;<br \/>}<\/p>\n<p>.video-container {<br \/>  background: #000;;<br \/>  max-width: 1280px;<br \/>  margin: 0 auto;<br \/>  padding: 0px;<br \/>margin-bottom: 10px;<br \/>}<br \/><\/style>\n<\/div>","protected":false},"excerpt":{"rendered":"<p>Tanque de pulverizaci\u00f3n de 30 litros | Sistema de radar esf\u00e9rico | Resistencia al agua IP67 | C\u00e1mara FPV dual para monitoreo | Operaci\u00f3n RTK de alta precisi\u00f3n | Plataforma en la nube de agricultura inteligente<\/p>\n<p><strong><span style=\"color: #ff0000;\">Para obtener m\u00e1s informaci\u00f3n sobre este producto, comun\u00edquese con<\/span>\u00a0<span style=\"color: #0000ff;\"><a style=\"color: #0000ff;\" href=\"mailto:sales@usadronetampa.com\" target=\"_blank\" rel=\"noopener\">sales@usadronetampa.com\u00a0<\/a><\/span><\/strong><\/p>","protected":false},"featured_media":1637,"comment_status":"open","ping_status":"closed","template":"","meta":{"site-sidebar-layout":"default","site-content-layout":"","ast-site-content-layout":"default","site-content-style":"default","site-sidebar-style":"default","ast-global-header-display":"","ast-banner-title-visibility":"","ast-main-header-display":"","ast-hfb-above-header-display":"","ast-hfb-below-header-display":"","ast-hfb-mobile-header-display":"","site-post-title":"","ast-breadcrumbs-content":"","ast-featured-img":"","footer-sml-layout":"","ast-disable-related-posts":"","theme-transparent-header-meta":"default","adv-header-id-meta":"","stick-header-meta":"default","header-above-stick-meta":"","header-main-stick-meta":"","header-below-stick-meta":"","astra-migrate-meta-layouts":"set","ast-page-background-enabled":"default","ast-page-background-meta":{"desktop":{"background-color":"var(--ast-global-color-4)","background-image":"","background-repeat":"repeat","background-position":"center center","background-size":"auto","background-attachment":"scroll","background-type":"","background-media":"","overlay-type":"","overlay-color":"","overlay-opacity":"","overlay-gradient":""},"tablet":{"background-color":"","background-image":"","background-repeat":"repeat","background-position":"center center","background-size":"auto","background-attachment":"scroll","background-type":"","background-media":"","overlay-type":"","overlay-color":"","overlay-opacity":"","overlay-gradient":""},"mobile":{"background-color":"","background-image":"","background-repeat":"repeat","background-position":"center center","background-size":"auto","background-attachment":"scroll","background-type":"","background-media":"","overlay-type":"","overlay-color":"","overlay-opacity":"","overlay-gradient":""}},"ast-content-background-meta":{"desktop":{"background-color":"var(--ast-global-color-5)","background-image":"","background-repeat":"repeat","background-position":"center center","background-size":"auto","background-attachment":"scroll","background-type":"","background-media":"","overlay-type":"","overlay-color":"","overlay-opacity":"","overlay-gradient":""},"tablet":{"background-color":"var(--ast-global-color-5)","background-image":"","background-repeat":"repeat","background-position":"center center","background-size":"auto","background-attachment":"scroll","background-type":"","background-media":"","overlay-type":"","overlay-color":"","overlay-opacity":"","overlay-gradient":""},"mobile":{"background-color":"var(--ast-global-color-5)","background-image":"","background-repeat":"repeat","background-position":"center center","background-size":"auto","background-attachment":"scroll","background-type":"","background-media":"","overlay-type":"","overlay-color":"","overlay-opacity":"","overlay-gradient":""}}},"product_brand":[],"product_cat":[33],"product_tag":[],"class_list":{"0":"post-1636","1":"product","2":"type-product","3":"status-publish","4":"has-post-thumbnail","6":"product_cat-enterprise-drones","7":"desktop-align-left","8":"tablet-align-left","9":"mobile-align-left","11":"first","12":"instock","13":"taxable","14":"shipping-taxable","15":"product-type-simple"},"yoast_head":"<!-- This site is optimized with the Yoast SEO plugin v27.5 - https:\/\/yoast.com\/product\/yoast-seo-wordpress\/ -->\n<title>DJI Agras T30 Ready To Fly Kit - USA Drone Tampa<\/title>\n<meta name=\"description\" content=\"The Mavic 3 Enterprise series redefines industry standards for small commercial drones.\u00a0With a mechanical shutter, a 56x zoom camera\" \/>\n<meta name=\"robots\" content=\"index, follow, max-snippet:-1, max-image-preview:large, max-video-preview:-1\" \/>\n<link rel=\"canonical\" href=\"https:\/\/usadronetampa.com\/es\/product\/dji-agras-t30-ready-to-fly-kit\/\" \/>\n<meta property=\"og:locale\" content=\"es_ES\" \/>\n<meta property=\"og:type\" content=\"article\" \/>\n<meta property=\"og:title\" content=\"DJI Agras T30 Ready To Fly Kit - USA Drone Tampa\" \/>\n<meta property=\"og:description\" content=\"The Mavic 3 Enterprise series redefines industry standards for small commercial drones.\u00a0With a mechanical shutter, a 56x zoom camera\" \/>\n<meta property=\"og:url\" content=\"https:\/\/usadronetampa.com\/es\/product\/dji-agras-t30-ready-to-fly-kit\/\" \/>\n<meta property=\"og:site_name\" content=\"USA Drone Tampa\" \/>\n<meta property=\"article:publisher\" content=\"https:\/\/www.facebook.com\/profile.php?id=100095595180083\" \/>\n<meta property=\"article:modified_time\" content=\"2025-04-12T12:00:35+00:00\" \/>\n<meta property=\"og:image\" content=\"https:\/\/usadronetampa.com\/wp-content\/uploads\/2024\/01\/AgrasT30-2.webp\" \/>\n\t<meta property=\"og:image:width\" content=\"1200\" \/>\n\t<meta property=\"og:image:height\" content=\"800\" \/>\n\t<meta property=\"og:image:type\" content=\"image\/webp\" \/>\n<meta name=\"twitter:card\" content=\"summary_large_image\" \/>\n<meta name=\"twitter:label1\" content=\"Est. reading time\" \/>\n\t<meta name=\"twitter:data1\" content=\"3 minutos\" \/>\n<script type=\"application\/ld+json\" class=\"yoast-schema-graph\">{\"@context\":\"https:\\\/\\\/schema.org\",\"@graph\":[{\"@type\":\"WebPage\",\"@id\":\"https:\\\/\\\/usadronetampa.com\\\/product\\\/dji-agras-t30-ready-to-fly-kit\\\/\",\"url\":\"https:\\\/\\\/usadronetampa.com\\\/product\\\/dji-agras-t30-ready-to-fly-kit\\\/\",\"name\":\"DJI Agras T30 Ready To Fly Kit - USA Drone Tampa\",\"isPartOf\":{\"@id\":\"https:\\\/\\\/usadronetampa.com\\\/#website\"},\"primaryImageOfPage\":{\"@id\":\"https:\\\/\\\/usadronetampa.com\\\/product\\\/dji-agras-t30-ready-to-fly-kit\\\/#primaryimage\"},\"image\":{\"@id\":\"https:\\\/\\\/usadronetampa.com\\\/product\\\/dji-agras-t30-ready-to-fly-kit\\\/#primaryimage\"},\"thumbnailUrl\":\"https:\\\/\\\/usadronetampa.com\\\/wp-content\\\/uploads\\\/2024\\\/01\\\/AgrasT30-2.webp\",\"datePublished\":\"2024-01-17T21:27:05+00:00\",\"dateModified\":\"2025-04-12T12:00:35+00:00\",\"description\":\"The Mavic 3 Enterprise series redefines industry standards for small commercial drones.\u00a0With a mechanical shutter, a 56x zoom camera\",\"breadcrumb\":{\"@id\":\"https:\\\/\\\/usadronetampa.com\\\/product\\\/dji-agras-t30-ready-to-fly-kit\\\/#breadcrumb\"},\"inLanguage\":\"es-PE\",\"potentialAction\":[{\"@type\":\"ReadAction\",\"target\":[\"https:\\\/\\\/usadronetampa.com\\\/product\\\/dji-agras-t30-ready-to-fly-kit\\\/\"]}]},{\"@type\":\"ImageObject\",\"inLanguage\":\"es-PE\",\"@id\":\"https:\\\/\\\/usadronetampa.com\\\/product\\\/dji-agras-t30-ready-to-fly-kit\\\/#primaryimage\",\"url\":\"https:\\\/\\\/usadronetampa.com\\\/wp-content\\\/uploads\\\/2024\\\/01\\\/AgrasT30-2.webp\",\"contentUrl\":\"https:\\\/\\\/usadronetampa.com\\\/wp-content\\\/uploads\\\/2024\\\/01\\\/AgrasT30-2.webp\",\"width\":1200,\"height\":800},{\"@type\":\"BreadcrumbList\",\"@id\":\"https:\\\/\\\/usadronetampa.com\\\/product\\\/dji-agras-t30-ready-to-fly-kit\\\/#breadcrumb\",\"itemListElement\":[{\"@type\":\"ListItem\",\"position\":1,\"name\":\"Home\",\"item\":\"https:\\\/\\\/usadronetampa.com\\\/\"},{\"@type\":\"ListItem\",\"position\":2,\"name\":\"Store\",\"item\":\"https:\\\/\\\/usadronetampa.com\\\/tienda\\\/\"},{\"@type\":\"ListItem\",\"position\":3,\"name\":\"DJI Agras T30 Ready To Fly Kit\"}]},{\"@type\":\"WebSite\",\"@id\":\"https:\\\/\\\/usadronetampa.com\\\/#website\",\"url\":\"https:\\\/\\\/usadronetampa.com\\\/\",\"name\":\"USA Drone Tampa\",\"description\":\"Drones USA\",\"publisher\":{\"@id\":\"https:\\\/\\\/usadronetampa.com\\\/#organization\"},\"potentialAction\":[{\"@type\":\"SearchAction\",\"target\":{\"@type\":\"EntryPoint\",\"urlTemplate\":\"https:\\\/\\\/usadronetampa.com\\\/?s={search_term_string}\"},\"query-input\":{\"@type\":\"PropertyValueSpecification\",\"valueRequired\":true,\"valueName\":\"search_term_string\"}}],\"inLanguage\":\"es-PE\"},{\"@type\":\"Organization\",\"@id\":\"https:\\\/\\\/usadronetampa.com\\\/#organization\",\"name\":\"USA Drone Tampa\",\"url\":\"https:\\\/\\\/usadronetampa.com\\\/\",\"logo\":{\"@type\":\"ImageObject\",\"inLanguage\":\"es-PE\",\"@id\":\"https:\\\/\\\/usadronetampa.com\\\/#\\\/schema\\\/logo\\\/image\\\/\",\"url\":\"https:\\\/\\\/usadronetampa.com\\\/wp-content\\\/uploads\\\/2023\\\/08\\\/usa-drone2b.png\",\"contentUrl\":\"https:\\\/\\\/usadronetampa.com\\\/wp-content\\\/uploads\\\/2023\\\/08\\\/usa-drone2b.png\",\"width\":746,\"height\":590,\"caption\":\"USA Drone Tampa\"},\"image\":{\"@id\":\"https:\\\/\\\/usadronetampa.com\\\/#\\\/schema\\\/logo\\\/image\\\/\"},\"sameAs\":[\"https:\\\/\\\/www.facebook.com\\\/profile.php?id=100095595180083\"]}]}<\/script>\n<!-- \/ Yoast SEO plugin. -->","yoast_head_json":{"title":"Kit DJI Agras T30 listo para volar - USA Drone Tampa","description":"La serie Mavic 3 Enterprise redefine los est\u00e1ndares de la industria para drones comerciales peque\u00f1os. Con un obturador mec\u00e1nico y una c\u00e1mara con zoom de 56x,","robots":{"index":"index","follow":"follow","max-snippet":"max-snippet:-1","max-image-preview":"max-image-preview:large","max-video-preview":"max-video-preview:-1"},"canonical":"https:\/\/usadronetampa.com\/es\/product\/dji-agras-t30-ready-to-fly-kit\/","og_locale":"es_ES","og_type":"article","og_title":"DJI Agras T30 Ready To Fly Kit - USA Drone Tampa","og_description":"The Mavic 3 Enterprise series redefines industry standards for small commercial drones.\u00a0With a mechanical shutter, a 56x zoom camera","og_url":"https:\/\/usadronetampa.com\/es\/product\/dji-agras-t30-ready-to-fly-kit\/","og_site_name":"USA Drone Tampa","article_publisher":"https:\/\/www.facebook.com\/profile.php?id=100095595180083","article_modified_time":"2025-04-12T12:00:35+00:00","og_image":[{"width":1200,"height":800,"url":"https:\/\/usadronetampa.com\/wp-content\/uploads\/2024\/01\/AgrasT30-2.webp","type":"image\/webp"}],"twitter_card":"summary_large_image","twitter_misc":{"Est. reading time":"3 minutos"},"schema":{"@context":"https:\/\/schema.org","@graph":[{"@type":"WebPage","@id":"https:\/\/usadronetampa.com\/product\/dji-agras-t30-ready-to-fly-kit\/","url":"https:\/\/usadronetampa.com\/product\/dji-agras-t30-ready-to-fly-kit\/","name":"Kit DJI Agras T30 listo para volar - USA Drone Tampa","isPartOf":{"@id":"https:\/\/usadronetampa.com\/#website"},"primaryImageOfPage":{"@id":"https:\/\/usadronetampa.com\/product\/dji-agras-t30-ready-to-fly-kit\/#primaryimage"},"image":{"@id":"https:\/\/usadronetampa.com\/product\/dji-agras-t30-ready-to-fly-kit\/#primaryimage"},"thumbnailUrl":"https:\/\/usadronetampa.com\/wp-content\/uploads\/2024\/01\/AgrasT30-2.webp","datePublished":"2024-01-17T21:27:05+00:00","dateModified":"2025-04-12T12:00:35+00:00","description":"La serie Mavic 3 Enterprise redefine los est\u00e1ndares de la industria para drones comerciales peque\u00f1os. Con un obturador mec\u00e1nico y una c\u00e1mara con zoom de 56x,","breadcrumb":{"@id":"https:\/\/usadronetampa.com\/product\/dji-agras-t30-ready-to-fly-kit\/#breadcrumb"},"inLanguage":"es-PE","potentialAction":[{"@type":"ReadAction","target":["https:\/\/usadronetampa.com\/product\/dji-agras-t30-ready-to-fly-kit\/"]}]},{"@type":"ImageObject","inLanguage":"es-PE","@id":"https:\/\/usadronetampa.com\/product\/dji-agras-t30-ready-to-fly-kit\/#primaryimage","url":"https:\/\/usadronetampa.com\/wp-content\/uploads\/2024\/01\/AgrasT30-2.webp","contentUrl":"https:\/\/usadronetampa.com\/wp-content\/uploads\/2024\/01\/AgrasT30-2.webp","width":1200,"height":800},{"@type":"BreadcrumbList","@id":"https:\/\/usadronetampa.com\/product\/dji-agras-t30-ready-to-fly-kit\/#breadcrumb","itemListElement":[{"@type":"ListItem","position":1,"name":"Home","item":"https:\/\/usadronetampa.com\/"},{"@type":"ListItem","position":2,"name":"Store","item":"https:\/\/usadronetampa.com\/tienda\/"},{"@type":"ListItem","position":3,"name":"DJI Agras T30 Ready To Fly Kit"}]},{"@type":"WebSite","@id":"https:\/\/usadronetampa.com\/#website","url":"https:\/\/usadronetampa.com\/","name":"USA Drone Tampa","description":"Drones EE. UU.","publisher":{"@id":"https:\/\/usadronetampa.com\/#organization"},"potentialAction":[{"@type":"SearchAction","target":{"@type":"EntryPoint","urlTemplate":"https:\/\/usadronetampa.com\/?s={search_term_string}"},"query-input":{"@type":"PropertyValueSpecification","valueRequired":true,"valueName":"search_term_string"}}],"inLanguage":"es-PE"},{"@type":"Organization","@id":"https:\/\/usadronetampa.com\/#organization","name":"USA Drone Tampa","url":"https:\/\/usadronetampa.com\/","logo":{"@type":"ImageObject","inLanguage":"es-PE","@id":"https:\/\/usadronetampa.com\/#\/schema\/logo\/image\/","url":"https:\/\/usadronetampa.com\/wp-content\/uploads\/2023\/08\/usa-drone2b.png","contentUrl":"https:\/\/usadronetampa.com\/wp-content\/uploads\/2023\/08\/usa-drone2b.png","width":746,"height":590,"caption":"USA Drone Tampa"},"image":{"@id":"https:\/\/usadronetampa.com\/#\/schema\/logo\/image\/"},"sameAs":["https:\/\/www.facebook.com\/profile.php?id=100095595180083"]}]}},"_links":{"self":[{"href":"https:\/\/usadronetampa.com\/es\/wp-json\/wp\/v2\/product\/1636","targetHints":{"allow":["GET"]}}],"collection":[{"href":"https:\/\/usadronetampa.com\/es\/wp-json\/wp\/v2\/product"}],"about":[{"href":"https:\/\/usadronetampa.com\/es\/wp-json\/wp\/v2\/types\/product"}],"replies":[{"embeddable":true,"href":"https:\/\/usadronetampa.com\/es\/wp-json\/wp\/v2\/comments?post=1636"}],"wp:featuredmedia":[{"embeddable":true,"href":"https:\/\/usadronetampa.com\/es\/wp-json\/wp\/v2\/media\/1637"}],"wp:attachment":[{"href":"https:\/\/usadronetampa.com\/es\/wp-json\/wp\/v2\/media?parent=1636"}],"wp:term":[{"taxonomy":"product_brand","embeddable":true,"href":"https:\/\/usadronetampa.com\/es\/wp-json\/wp\/v2\/product_brand?post=1636"},{"taxonomy":"product_cat","embeddable":true,"href":"https:\/\/usadronetampa.com\/es\/wp-json\/wp\/v2\/product_cat?post=1636"},{"taxonomy":"product_tag","embeddable":true,"href":"https:\/\/usadronetampa.com\/es\/wp-json\/wp\/v2\/product_tag?post=1636"}],"curies":[{"name":"gracias","href":"https:\/\/api.w.org\/{rel}","templated":true}]}}