{"id":1622,"date":"2024-01-17T15:40:13","date_gmt":"2024-01-17T20:40:13","guid":{"rendered":"https:\/\/usadronetampa.com\/?post_type=product&#038;p=1622"},"modified":"2025-03-11T10:47:51","modified_gmt":"2025-03-11T15:47:51","slug":"dji-agras-t40-agricultural-drone-ready-to-fly-kit","status":"publish","type":"product","link":"https:\/\/usadronetampa.com\/es\/product\/dji-agras-t40-agricultural-drone-ready-to-fly-kit\/","title":{"rendered":"Drone agr\u00edcola DJI Agras T40: kit listo para volar"},"content":{"rendered":"<div class=\"container\">\n<h1 style=\"text-align: center; font-size: 50px; font-weight: 600; padding-top: 35px; color: #111;\">DJI Agras T40<\/h1>\n<h2 style=\"text-align: center; font-size: 32px; font-weight: 400; padding-bottom: 5px; padding-left: 0px; color: #52c41a;\">One For All<\/h2>\n<p id=\"infotext\">The AGRAS T40 is equipped with the revolutionary Coaxial Twin Rotor design, enabling it to carry a spray load of 40 kgand a spread load of 50 kg (70 L). The aircraft is built in with a Dual Atomized Spraying System, DJI Terra, Active Phased array Radar and Binocular Vision. It supports multiple missions from surveying, mapping, to spraying and spreading, helping you achieve ultimate precision in your agricultural operations.<\/p>\n<div class=\"video-container\"><video autoplay=\"autoplay\" loop=\"loop\" muted=\"\" width=\"300\" height=\"150\"><source src=\"https:\/\/dji-official-fe.djicdn.com\/reactor\/assets\/_next\/static\/videos\/45abfa09-32e4-4116-9a25-2152141dae25.mp4\" type=\"video\/mp4\" \/><\/video><\/div>\n<p>50kg spreading payload | 40kg spraying payload<br \/>\nActive Phased Array Radar + Binocular Vision<br \/>\nDual Atomized Spraying System<br \/>\nSupports flight spraying\/spreading and RC mapping<br \/>\nCore Modules IPX6K<br \/>\nEFI Generator 15% fuel saving<br \/>\n52 acres (21.3 Hectare) per flight hour<br \/>\n36 ft (11m) Swath (Spray Width)<\/p>\n<h2 style=\"text-align: center; font-size: 42px; font-weight: 600; padding-top: 35px; color: #333;\">Massive payload increase thanks to the coaxial twin rotor<\/h2>\n<p id=\"infotext\">The AGRAS T40 features a coaxial twin rotor design that increases the payload capacity by 30% with a maximum payload of 50 kg. Its foldable design reduces the aircraft size by 70% for greater portability.<\/p>\n<div class=\"video-container\"><video autoplay=\"autoplay\" loop=\"loop\" muted=\"\" width=\"300\" height=\"150\"><source src=\"https:\/\/dji-official-fe.djicdn.com\/reactor\/assets\/_next\/static\/videos\/088f9e7f-0233-470e-b1a0-fbfaac6d7209.mp4\" type=\"video\/mp4\" \/><\/video><\/div>\n<h2 style=\"text-align: center; font-size: 42px; font-weight: 600; padding-top: 35px; color: #52c41a;\">Spraying System<\/h2>\n<h2 id=\"agrast40title\">Dual atomization for even spraying<\/h2>\n<p id=\"infotext\">The all-new dual atomized centrifugal nozzles have two spinners that make the droplets more uniform in size, avoid splashing, and dripping, and prevent clogging when spraying powder-based chemicals.<\/p>\n<h2 id=\"agrast40title\">Magnetic Drive Impeller Pump<\/h2>\n<p id=\"infotext\">The new magnetic transmission design completely isolates the pesticide from the motor, making the aircraft corrosion-proof and ultra-durable. Quick disassembly by hand for easy cleaning<\/p>\n<h2 id=\"agrast40title\">Dual Atomized Centrifugal Sprinkler<\/h2>\n<p id=\"infotext\">The dual atomized spray disc ensures even droplets and more efficient pesticide usage. The proprietary centrifugal valve prevents leakage, avoids over-fertilization, and reduces pesticide use while protecting the environment<\/p>\n<h2 style=\"text-align: center; font-size: 42px; font-weight: 600; padding-top: 35px; color: #52c41a;\">Active Phased Array Radar + Binocular Vision<\/h2>\n<h2 id=\"agrast40title\">Omnidirectional Obstacle Sensing<\/h2>\n<p id=\"infotext\">The Active Phased Array Radar is incorporated with a binocular vision sensor system to provide 360-degree horizontal omnidirectional obstacle sensing, offering optimal security. The detection distance of up to 50 m[8] allows for intelligent terrain following, smooth scaling and bypassing of multiple obstacles[9].<\/p>\n<div class=\"video-container\"><video autoplay=\"autoplay\" loop=\"loop\" muted=\"\" width=\"300\" height=\"150\"><source src=\"https:\/\/dji-official-fe.djicdn.com\/reactor\/assets\/_next\/static\/videos\/ae935222-767e-4cbf-a898-8540ea58276c.mp4\" type=\"video\/mp4\" \/><\/video><\/div>\n<h2 id=\"agrast40title\">Mapping, spraying and spreading, all in one<\/h2>\n<p id=\"infotext\">The AGRAS T40 combines mapping, spraying and spreading functions, while its UHD camera and adjustable gimbal enable easy capture of your desired view. Farmland and orchard images can be captured in real time, and local maps can be generated using the remote controller with the D-RTK 2 Mobile Station. The system detects land boundaries and obstacles automatically, for quicker planning of flight routes over farmland and hilly orchards.<\/p>\n<div class=\"video-container\"><video autoplay=\"autoplay\" loop=\"loop\" muted=\"\" width=\"300\" height=\"150\"><source src=\"https:\/\/dji-official-fe.djicdn.com\/reactor\/assets\/_next\/static\/videos\/70762a9a-734e-4b07-8c3d-d116a488724d.mp4\" type=\"video\/mp4\" \/><\/video><\/div>\n<h2 style=\"text-align: center; font-size: 42px; font-weight: 600; padding-top: 35px; color: #52c41a;\">T40 spreading system<\/h2>\n<h2 id=\"agrast40title\">Enhanced spreading efficiency for superior performance<\/h2>\n<h2 id=\"agrast40title\">Real-time weighing<\/h2>\n<p id=\"infotext\">The aircraft is equipped with a weighing sensor that monitors the spread quantity and remaining payload<\/p>\n<h2 id=\"agrast40title\">Fast disassembly and cleaning<\/h2>\n<p id=\"infotext\">The spreading device can be dismantled in 3 minutes and washed with water.<\/p>\n<div class=\"video-container\"><video autoplay=\"autoplay\" loop=\"loop\" muted=\"\" width=\"300\" height=\"150\"><source src=\"https:\/\/dji-official-fe.djicdn.com\/reactor\/assets\/_next\/static\/videos\/c5020ded-5ad4-4eee-bef9-e78d2b47f76e.mp4\" type=\"video\/mp4\" \/><\/video><\/div>\n<h2 id=\"agrast40title\">Fully enhanced remote controller for smoother, faster mapping<\/h2>\n<p id=\"infotext\">The 8-core processor makes mapping of 6.67 hectares possible in 10 minutes. Minimizes wasted journeys with intelligent route planning, for greater efficiency. The large 7-inch high brightness screen offers a broader view with refined detail. A wide range of custom physical buttons provides flexible control.<\/p>\n<div class=\"video-container\"><video autoplay=\"autoplay\" loop=\"loop\" muted=\"\" width=\"300\" height=\"150\"><source src=\"https:\/\/dji-official-fe.djicdn.com\/reactor\/assets\/_next\/static\/videos\/0e89489a-71fc-41c4-b01e-4c08814fe866.mp4\" type=\"video\/mp4\" \/><\/video><\/div>\n<h2 id=\"agrast40title\">Robustly tested for ultimate reliability<\/h2>\n<p id=\"infotext\">The core components are designed to withstand complex and harsh farmland environments. They have passed a host of rigorous tests such as corrosion prevention, high and low temperature, and aging tests, to ensure peace of mind for the user.<\/p>\n<div class=\"video-container\"><video autoplay=\"autoplay\" loop=\"loop\" muted=\"\" width=\"300\" height=\"150\"><source src=\"https:\/\/dji-official-fe.djicdn.com\/reactor\/assets\/_next\/static\/videos\/2a0b004f-ae83-4048-aec1-9a59a1698a3d.mp4\" type=\"video\/mp4\" \/><\/video><\/div>\n<h2 style=\"text-align: center; font-size: 42px; font-weight: 600; padding-top: 35px; color: #52c41a;\">Ultra-fast charging<\/h2>\n<p id=\"infotext\">12000W Multifunctional Inverter Generator with new EFI technology and 15% fuel saving. The charging station produces 1500W AC output, sufficient to power the remote controller, water pump, reloader, lights, and other components. The 30000mAh Intelligent Flight Battery with its standard air-cooled heat sink can cool down rapidly.<\/p>\n<h2 id=\"agrast40title\">D12000iE Multifunctional Inverter Generator<\/h2>\n<p id=\"infotext\">30L tank charges 47 batteries | 1500W AC output | 9-min ultra-fast charging<\/p>\n<h2 id=\"agrast40title\">T40 Intelligent Flight Battery<\/h2>\n<p id=\"infotext\">Capacity up to 30000 mAh | 11.5C while discharging, 6C while charging | Warranty coverage of 1,500 charging cycles<\/p>\n<div class=\"video-container\"><video autoplay=\"autoplay\" loop=\"loop\" muted=\"\" width=\"300\" height=\"150\"><source src=\"https:\/\/dji-official-fe.djicdn.com\/reactor\/assets\/_next\/static\/videos\/d8554043-76d1-4f3d-8d40-5c3bca6d174a.mp4\" type=\"video\/mp4\" \/><\/video><\/div>\n<h2 style=\"text-align: center; font-size: 42px; font-weight: 600; padding-top: 35px; color: #52c41a;\">DJI Agras Intelligent Cloud<\/h2>\n<p id=\"infotext\">By pairing AGRAS T40 with the Phantom 4 Multispectral, the platform allows you to perform variable spraying\/spreading operations with precision based on the farmland\u00e2\u20ac\u2122s prescription map. The feature is useful for the spraying of fertilizers on rice, fertilizers and defoliants on cotton crops, and nutrient solutions on soybeans and corn.<\/p>\n<h2 id=\"agrast40title\">Precise variable spraying on rice crops, for lower pesticide usage and increased productivity<\/h2>\n<p id=\"infotext\">In 2021, Jiangsu Farming Group reduced its fertilizer consumption by 10% and increased its rice and wheat yield by 5% by spraying fertilizers in variable quantities on its crop fields.<\/p>\n<\/div>\n","protected":false},"excerpt":{"rendered":"<div class=\"additional-info-txt\">\n<div class=\"row align-items-center\">\n<div class=\"col-lg-9 ps-xl-10\">Kit Ready to Fly con 2 bater\u00edas y cargador<\/div>\n<div><strong><span style=\"color: #ff0000;\">Para obtener m\u00e1s informaci\u00f3n sobre este producto, comun\u00edquese con<\/span>\u00a0<span style=\"color: #0000ff;\"><a style=\"color: #0000ff;\" href=\"mailto:sales@usadronetampa.com\" target=\"_blank\" rel=\"noopener\">sales@usadronetampa.com\u00a0<\/a><\/span><\/strong><\/div>\n<\/div>\n<\/div>","protected":false},"featured_media":1623,"comment_status":"open","ping_status":"closed","template":"","meta":{"site-sidebar-layout":"default","site-content-layout":"","ast-site-content-layout":"default","site-content-style":"default","site-sidebar-style":"default","ast-global-header-display":"","ast-banner-title-visibility":"","ast-main-header-display":"","ast-hfb-above-header-display":"","ast-hfb-below-header-display":"","ast-hfb-mobile-header-display":"","site-post-title":"","ast-breadcrumbs-content":"","ast-featured-img":"","footer-sml-layout":"","ast-disable-related-posts":"","theme-transparent-header-meta":"default","adv-header-id-meta":"","stick-header-meta":"default","header-above-stick-meta":"","header-main-stick-meta":"","header-below-stick-meta":"","astra-migrate-meta-layouts":"set","ast-page-background-enabled":"default","ast-page-background-meta":{"desktop":{"background-color":"var(--ast-global-color-4)","background-image":"","background-repeat":"repeat","background-position":"center center","background-size":"auto","background-attachment":"scroll","background-type":"","background-media":"","overlay-type":"","overlay-color":"","overlay-opacity":"","overlay-gradient":""},"tablet":{"background-color":"","background-image":"","background-repeat":"repeat","background-position":"center center","background-size":"auto","background-attachment":"scroll","background-type":"","background-media":"","overlay-type":"","overlay-color":"","overlay-opacity":"","overlay-gradient":""},"mobile":{"background-color":"","background-image":"","background-repeat":"repeat","background-position":"center center","background-size":"auto","background-attachment":"scroll","background-type":"","background-media":"","overlay-type":"","overlay-color":"","overlay-opacity":"","overlay-gradient":""}},"ast-content-background-meta":{"desktop":{"background-color":"var(--ast-global-color-5)","background-image":"","background-repeat":"repeat","background-position":"center center","background-size":"auto","background-attachment":"scroll","background-type":"","background-media":"","overlay-type":"","overlay-color":"","overlay-opacity":"","overlay-gradient":""},"tablet":{"background-color":"var(--ast-global-color-5)","background-image":"","background-repeat":"repeat","background-position":"center center","background-size":"auto","background-attachment":"scroll","background-type":"","background-media":"","overlay-type":"","overlay-color":"","overlay-opacity":"","overlay-gradient":""},"mobile":{"background-color":"var(--ast-global-color-5)","background-image":"","background-repeat":"repeat","background-position":"center center","background-size":"auto","background-attachment":"scroll","background-type":"","background-media":"","overlay-type":"","overlay-color":"","overlay-opacity":"","overlay-gradient":""}}},"product_brand":[],"product_cat":[34],"product_tag":[],"class_list":{"0":"post-1622","1":"product","2":"type-product","3":"status-publish","4":"has-post-thumbnail","6":"product_cat-agricultural-drones","7":"desktop-align-left","8":"tablet-align-left","9":"mobile-align-left","11":"first","12":"instock","13":"taxable","14":"shipping-taxable","15":"product-type-simple"},"yoast_head":"<!-- This site is optimized with the Yoast SEO plugin v27.6 - https:\/\/yoast.com\/product\/yoast-seo-wordpress\/ -->\n<title>DJI Agras T40 Agricultural Drone - Ready To Fly Kit - USA Drone Tampa<\/title>\n<meta name=\"description\" content=\"The Mavic 3 Enterprise series redefines industry standards for small commercial drones.\u00a0With a mechanical shutter, a 56x zoom camera\" \/>\n<meta name=\"robots\" content=\"index, follow, max-snippet:-1, max-image-preview:large, max-video-preview:-1\" \/>\n<link rel=\"canonical\" href=\"https:\/\/usadronetampa.com\/es\/product\/dji-agras-t40-agricultural-drone-ready-to-fly-kit\/\" \/>\n<meta property=\"og:locale\" content=\"es_ES\" \/>\n<meta property=\"og:type\" content=\"article\" \/>\n<meta property=\"og:title\" content=\"DJI Agras T40 Agricultural Drone - Ready To Fly Kit - USA Drone Tampa\" \/>\n<meta property=\"og:description\" content=\"The Mavic 3 Enterprise series redefines industry standards for small commercial drones.\u00a0With a mechanical shutter, a 56x zoom camera\" \/>\n<meta property=\"og:url\" content=\"https:\/\/usadronetampa.com\/es\/product\/dji-agras-t40-agricultural-drone-ready-to-fly-kit\/\" \/>\n<meta property=\"og:site_name\" content=\"USA Drone Tampa\" \/>\n<meta property=\"article:publisher\" content=\"https:\/\/www.facebook.com\/profile.php?id=100095595180083\" \/>\n<meta property=\"article:modified_time\" content=\"2025-03-11T15:47:51+00:00\" \/>\n<meta property=\"og:image\" content=\"https:\/\/usadronetampa.com\/wp-content\/uploads\/2024\/01\/AgrasT40-Top.webp\" \/>\n\t<meta property=\"og:image:width\" content=\"1200\" \/>\n\t<meta property=\"og:image:height\" content=\"800\" \/>\n\t<meta property=\"og:image:type\" content=\"image\/webp\" \/>\n<meta name=\"twitter:card\" content=\"summary_large_image\" \/>\n<meta name=\"twitter:label1\" content=\"Est. reading time\" \/>\n\t<meta name=\"twitter:data1\" content=\"4 minutos\" \/>\n<script type=\"application\/ld+json\" class=\"yoast-schema-graph\">{\"@context\":\"https:\\\/\\\/schema.org\",\"@graph\":[{\"@type\":\"WebPage\",\"@id\":\"https:\\\/\\\/usadronetampa.com\\\/product\\\/dji-agras-t40-agricultural-drone-ready-to-fly-kit\\\/\",\"url\":\"https:\\\/\\\/usadronetampa.com\\\/product\\\/dji-agras-t40-agricultural-drone-ready-to-fly-kit\\\/\",\"name\":\"DJI Agras T40 Agricultural Drone - Ready To Fly Kit - USA Drone Tampa\",\"isPartOf\":{\"@id\":\"https:\\\/\\\/usadronetampa.com\\\/#website\"},\"primaryImageOfPage\":{\"@id\":\"https:\\\/\\\/usadronetampa.com\\\/product\\\/dji-agras-t40-agricultural-drone-ready-to-fly-kit\\\/#primaryimage\"},\"image\":{\"@id\":\"https:\\\/\\\/usadronetampa.com\\\/product\\\/dji-agras-t40-agricultural-drone-ready-to-fly-kit\\\/#primaryimage\"},\"thumbnailUrl\":\"https:\\\/\\\/usadronetampa.com\\\/wp-content\\\/uploads\\\/2024\\\/01\\\/AgrasT40-Top.webp\",\"datePublished\":\"2024-01-17T20:40:13+00:00\",\"dateModified\":\"2025-03-11T15:47:51+00:00\",\"description\":\"The Mavic 3 Enterprise series redefines industry standards for small commercial drones.\u00a0With a mechanical shutter, a 56x zoom camera\",\"breadcrumb\":{\"@id\":\"https:\\\/\\\/usadronetampa.com\\\/product\\\/dji-agras-t40-agricultural-drone-ready-to-fly-kit\\\/#breadcrumb\"},\"inLanguage\":\"es-PE\",\"potentialAction\":[{\"@type\":\"ReadAction\",\"target\":[\"https:\\\/\\\/usadronetampa.com\\\/product\\\/dji-agras-t40-agricultural-drone-ready-to-fly-kit\\\/\"]}]},{\"@type\":\"ImageObject\",\"inLanguage\":\"es-PE\",\"@id\":\"https:\\\/\\\/usadronetampa.com\\\/product\\\/dji-agras-t40-agricultural-drone-ready-to-fly-kit\\\/#primaryimage\",\"url\":\"https:\\\/\\\/usadronetampa.com\\\/wp-content\\\/uploads\\\/2024\\\/01\\\/AgrasT40-Top.webp\",\"contentUrl\":\"https:\\\/\\\/usadronetampa.com\\\/wp-content\\\/uploads\\\/2024\\\/01\\\/AgrasT40-Top.webp\",\"width\":1200,\"height\":800},{\"@type\":\"BreadcrumbList\",\"@id\":\"https:\\\/\\\/usadronetampa.com\\\/product\\\/dji-agras-t40-agricultural-drone-ready-to-fly-kit\\\/#breadcrumb\",\"itemListElement\":[{\"@type\":\"ListItem\",\"position\":1,\"name\":\"Home\",\"item\":\"https:\\\/\\\/usadronetampa.com\\\/\"},{\"@type\":\"ListItem\",\"position\":2,\"name\":\"Store\",\"item\":\"https:\\\/\\\/usadronetampa.com\\\/tienda\\\/\"},{\"@type\":\"ListItem\",\"position\":3,\"name\":\"DJI Agras T40 Agricultural Drone &#8211; Ready To Fly Kit\"}]},{\"@type\":\"WebSite\",\"@id\":\"https:\\\/\\\/usadronetampa.com\\\/#website\",\"url\":\"https:\\\/\\\/usadronetampa.com\\\/\",\"name\":\"USA Drone Tampa\",\"description\":\"Drones USA\",\"publisher\":{\"@id\":\"https:\\\/\\\/usadronetampa.com\\\/#organization\"},\"potentialAction\":[{\"@type\":\"SearchAction\",\"target\":{\"@type\":\"EntryPoint\",\"urlTemplate\":\"https:\\\/\\\/usadronetampa.com\\\/?s={search_term_string}\"},\"query-input\":{\"@type\":\"PropertyValueSpecification\",\"valueRequired\":true,\"valueName\":\"search_term_string\"}}],\"inLanguage\":\"es-PE\"},{\"@type\":\"Organization\",\"@id\":\"https:\\\/\\\/usadronetampa.com\\\/#organization\",\"name\":\"USA Drone Tampa\",\"url\":\"https:\\\/\\\/usadronetampa.com\\\/\",\"logo\":{\"@type\":\"ImageObject\",\"inLanguage\":\"es-PE\",\"@id\":\"https:\\\/\\\/usadronetampa.com\\\/#\\\/schema\\\/logo\\\/image\\\/\",\"url\":\"https:\\\/\\\/usadronetampa.com\\\/wp-content\\\/uploads\\\/2023\\\/08\\\/usa-drone2b.png\",\"contentUrl\":\"https:\\\/\\\/usadronetampa.com\\\/wp-content\\\/uploads\\\/2023\\\/08\\\/usa-drone2b.png\",\"width\":746,\"height\":590,\"caption\":\"USA Drone Tampa\"},\"image\":{\"@id\":\"https:\\\/\\\/usadronetampa.com\\\/#\\\/schema\\\/logo\\\/image\\\/\"},\"sameAs\":[\"https:\\\/\\\/www.facebook.com\\\/profile.php?id=100095595180083\"]}]}<\/script>\n<!-- \/ Yoast SEO plugin. -->","yoast_head_json":{"title":"Dron agr\u00edcola DJI Agras T40 - Kit listo para volar - USA Drone Tampa","description":"La serie Mavic 3 Enterprise redefine los est\u00e1ndares de la industria para drones comerciales peque\u00f1os. Con un obturador mec\u00e1nico y una c\u00e1mara con zoom de 56x,","robots":{"index":"index","follow":"follow","max-snippet":"max-snippet:-1","max-image-preview":"max-image-preview:large","max-video-preview":"max-video-preview:-1"},"canonical":"https:\/\/usadronetampa.com\/es\/product\/dji-agras-t40-agricultural-drone-ready-to-fly-kit\/","og_locale":"es_ES","og_type":"article","og_title":"DJI Agras T40 Agricultural Drone - Ready To Fly Kit - USA Drone Tampa","og_description":"The Mavic 3 Enterprise series redefines industry standards for small commercial drones.\u00a0With a mechanical shutter, a 56x zoom camera","og_url":"https:\/\/usadronetampa.com\/es\/product\/dji-agras-t40-agricultural-drone-ready-to-fly-kit\/","og_site_name":"USA Drone Tampa","article_publisher":"https:\/\/www.facebook.com\/profile.php?id=100095595180083","article_modified_time":"2025-03-11T15:47:51+00:00","og_image":[{"width":1200,"height":800,"url":"https:\/\/usadronetampa.com\/wp-content\/uploads\/2024\/01\/AgrasT40-Top.webp","type":"image\/webp"}],"twitter_card":"summary_large_image","twitter_misc":{"Est. reading time":"4 minutos"},"schema":{"@context":"https:\/\/schema.org","@graph":[{"@type":"WebPage","@id":"https:\/\/usadronetampa.com\/product\/dji-agras-t40-agricultural-drone-ready-to-fly-kit\/","url":"https:\/\/usadronetampa.com\/product\/dji-agras-t40-agricultural-drone-ready-to-fly-kit\/","name":"Dron agr\u00edcola DJI Agras T40 - Kit listo para volar - USA Drone Tampa","isPartOf":{"@id":"https:\/\/usadronetampa.com\/#website"},"primaryImageOfPage":{"@id":"https:\/\/usadronetampa.com\/product\/dji-agras-t40-agricultural-drone-ready-to-fly-kit\/#primaryimage"},"image":{"@id":"https:\/\/usadronetampa.com\/product\/dji-agras-t40-agricultural-drone-ready-to-fly-kit\/#primaryimage"},"thumbnailUrl":"https:\/\/usadronetampa.com\/wp-content\/uploads\/2024\/01\/AgrasT40-Top.webp","datePublished":"2024-01-17T20:40:13+00:00","dateModified":"2025-03-11T15:47:51+00:00","description":"La serie Mavic 3 Enterprise redefine los est\u00e1ndares de la industria para drones comerciales peque\u00f1os. Con un obturador mec\u00e1nico y una c\u00e1mara con zoom de 56x,","breadcrumb":{"@id":"https:\/\/usadronetampa.com\/product\/dji-agras-t40-agricultural-drone-ready-to-fly-kit\/#breadcrumb"},"inLanguage":"es-PE","potentialAction":[{"@type":"ReadAction","target":["https:\/\/usadronetampa.com\/product\/dji-agras-t40-agricultural-drone-ready-to-fly-kit\/"]}]},{"@type":"ImageObject","inLanguage":"es-PE","@id":"https:\/\/usadronetampa.com\/product\/dji-agras-t40-agricultural-drone-ready-to-fly-kit\/#primaryimage","url":"https:\/\/usadronetampa.com\/wp-content\/uploads\/2024\/01\/AgrasT40-Top.webp","contentUrl":"https:\/\/usadronetampa.com\/wp-content\/uploads\/2024\/01\/AgrasT40-Top.webp","width":1200,"height":800},{"@type":"BreadcrumbList","@id":"https:\/\/usadronetampa.com\/product\/dji-agras-t40-agricultural-drone-ready-to-fly-kit\/#breadcrumb","itemListElement":[{"@type":"ListItem","position":1,"name":"Home","item":"https:\/\/usadronetampa.com\/"},{"@type":"ListItem","position":2,"name":"Store","item":"https:\/\/usadronetampa.com\/tienda\/"},{"@type":"ListItem","position":3,"name":"DJI Agras T40 Agricultural Drone &#8211; Ready To Fly Kit"}]},{"@type":"WebSite","@id":"https:\/\/usadronetampa.com\/#website","url":"https:\/\/usadronetampa.com\/","name":"USA Drone Tampa","description":"Drones EE. UU.","publisher":{"@id":"https:\/\/usadronetampa.com\/#organization"},"potentialAction":[{"@type":"SearchAction","target":{"@type":"EntryPoint","urlTemplate":"https:\/\/usadronetampa.com\/?s={search_term_string}"},"query-input":{"@type":"PropertyValueSpecification","valueRequired":true,"valueName":"search_term_string"}}],"inLanguage":"es-PE"},{"@type":"Organization","@id":"https:\/\/usadronetampa.com\/#organization","name":"USA Drone Tampa","url":"https:\/\/usadronetampa.com\/","logo":{"@type":"ImageObject","inLanguage":"es-PE","@id":"https:\/\/usadronetampa.com\/#\/schema\/logo\/image\/","url":"https:\/\/usadronetampa.com\/wp-content\/uploads\/2023\/08\/usa-drone2b.png","contentUrl":"https:\/\/usadronetampa.com\/wp-content\/uploads\/2023\/08\/usa-drone2b.png","width":746,"height":590,"caption":"USA Drone Tampa"},"image":{"@id":"https:\/\/usadronetampa.com\/#\/schema\/logo\/image\/"},"sameAs":["https:\/\/www.facebook.com\/profile.php?id=100095595180083"]}]}},"_links":{"self":[{"href":"https:\/\/usadronetampa.com\/es\/wp-json\/wp\/v2\/product\/1622","targetHints":{"allow":["GET"]}}],"collection":[{"href":"https:\/\/usadronetampa.com\/es\/wp-json\/wp\/v2\/product"}],"about":[{"href":"https:\/\/usadronetampa.com\/es\/wp-json\/wp\/v2\/types\/product"}],"replies":[{"embeddable":true,"href":"https:\/\/usadronetampa.com\/es\/wp-json\/wp\/v2\/comments?post=1622"}],"wp:featuredmedia":[{"embeddable":true,"href":"https:\/\/usadronetampa.com\/es\/wp-json\/wp\/v2\/media\/1623"}],"wp:attachment":[{"href":"https:\/\/usadronetampa.com\/es\/wp-json\/wp\/v2\/media?parent=1622"}],"wp:term":[{"taxonomy":"product_brand","embeddable":true,"href":"https:\/\/usadronetampa.com\/es\/wp-json\/wp\/v2\/product_brand?post=1622"},{"taxonomy":"product_cat","embeddable":true,"href":"https:\/\/usadronetampa.com\/es\/wp-json\/wp\/v2\/product_cat?post=1622"},{"taxonomy":"product_tag","embeddable":true,"href":"https:\/\/usadronetampa.com\/es\/wp-json\/wp\/v2\/product_tag?post=1622"}],"curies":[{"name":"gracias","href":"https:\/\/api.w.org\/{rel}","templated":true}]}}