{"id":1530,"date":"2023-12-14T11:26:53","date_gmt":"2023-12-14T16:26:53","guid":{"rendered":"https:\/\/usadronetampa.com\/?post_type=product&#038;p=1530"},"modified":"2025-03-11T11:14:53","modified_gmt":"2025-03-11T16:14:53","slug":"dji-mavic-3-classic-camera-drone-5-1k-hd-4-3-cmos","status":"publish","type":"product","link":"https:\/\/usadronetampa.com\/es\/product\/dji-mavic-3-classic-camera-drone-5-1k-hd-4-3-cmos\/","title":{"rendered":"Dron con c\u00e1mara cl\u00e1sica DJI Mavic 3, c\u00e1mara Hasselblad CMOS 4\/3 HD 5.1K, 46 minutos de duraci\u00f3n"},"content":{"rendered":"<div class=\"container\">\n<h1 style=\"text-align: center; font-size: 50px; font-weight: 600; padding-top: 35px; color: #333;\">DJI Mavic 3 Classic<\/h1>\n<h2 style=\"text-align: center; font-size: 32px; font-weight: 400; padding-bottom: 5px; padding-left: 0px; color: #f28c28;\">Your Everyday Commercial Drone<\/h2>\n<div class=\"video-container\"><video autoplay=\"autoplay\" loop=\"loop\" muted=\"\" width=\"300\" height=\"150\"><source src=\"https:\/\/dji-official-fe.djicdn.com\/reactor\/assets\/_next\/static\/videos\/d90f087c-8cad-43f3-805a-dab7c3826fad.mp4\" type=\"video\/mp4\" \/><\/video><\/div>\n<p>&nbsp;<\/p>\n<div class=\"imageboxes2\"><img decoding=\"async\" src=\"https:\/\/cdn.shopify.com\/s\/files\/1\/0761\/3556\/3580\/files\/PC_en1.jpg?v=1692876977\" \/><\/div>\n<div class=\"imageboxes2\"><img decoding=\"async\" src=\"https:\/\/cdn.shopify.com\/s\/files\/1\/0761\/3556\/3580\/files\/PC_en2.jpg?v=1692876977\" \/><\/div>\n<div class=\"imageboxes2\"><img decoding=\"async\" src=\"https:\/\/cdn.shopify.com\/s\/files\/1\/0761\/3556\/3580\/files\/PC_en3.jpg?v=1692876977\" \/><\/div>\n<div class=\"imageboxes2\"><img decoding=\"async\" src=\"https:\/\/cdn.shopify.com\/s\/files\/1\/0761\/3556\/3580\/files\/PC_en4.jpg?v=1692876977\" \/><\/div>\n<div class=\"imageboxes2\"><img decoding=\"async\" src=\"https:\/\/cdn.shopify.com\/s\/files\/1\/0761\/3556\/3580\/files\/PC_en5.jpg?v=1692876977\" \/><\/div>\n<div class=\"imageboxes2\"><img decoding=\"async\" src=\"https:\/\/cdn.shopify.com\/s\/files\/1\/0761\/3556\/3580\/files\/PC_en6.jpg?v=1692876977\" \/><\/div>\n<div class=\"imageboxes2\"><img decoding=\"async\" src=\"https:\/\/cdn.shopify.com\/s\/files\/1\/0761\/3556\/3580\/files\/mavic3classic.jpg?v=1692876977\" \/><\/div>\n<p>&nbsp;<\/p>\n<p id=\"infotext\">With powerful flight performance and a Hasselblad camera, Mavic 3 Classic delivers the absolute essence of flagship imaging. Take it on any adventure to create unforgettable work.<\/p>\n<h3 style=\"text-align: center; font-size: 30px; font-weight: 600; padding-bottom: 30px; padding-top: 30px; padding-left: 0px; background-color: #f28c28; background-image: linear-gradient(90deg,#111 30%,#F28C28,#333 70%); -webkit-background-clip: text; -webkit-text-fill-color: transparent; -moz-background-clip: text; -moz-text-fill-color: transparent;\">4\/3 CMOS Hasselblad Camera<br \/>\n5.1K HD Video<br \/>\n46-Min Max Flight Time<br \/>\nOmnidirectional Obstacle Sensing<br \/>\n15km HD Video Transmission<br \/>\nAdvanced RTH<\/h3>\n<h2 style=\"text-align: center; font-size: 42px; font-weight: 600; padding-top: 35px; color: #333;\">Hasselblad Camera, Create to Inspire<\/h2>\n<p id=\"infotext\">The iconic Swedish brand Hasselblad designed and built the L2D-20c aerial camera just for the Mavic 3 Series, embedding a professional-grade 4\/3 CMOS in an unbelievably compact space. Rigorous Hasselblad standards are applied to both hardware performance and software algorithms, bringing imaging quality to an entirely new level.<\/p>\n<div class=\"video-container\"><video autoplay=\"autoplay\" loop=\"loop\" muted=\"\" width=\"300\" height=\"150\"><source src=\"https:\/\/dji-official-fe.djicdn.com\/reactor\/assets\/_next\/static\/videos\/4d80edcd-7ac8-4da8-8ced-9a037710a619.webm\" type=\"video\/webm\" \/><\/video><\/div>\n<h2 id=\"m3ctitle\">Hasselblad Natural Colour Solution (HNCS)<\/h2>\n<p id=\"infotext\">To ensure Mavic 3 Classic captures natural colors in the same way other Hasselblad cameras do, the L2D-20c lens adopts the same rigorous standards and has every pixel of the sensor calibrated, with the HNCS embedded. The culmination of decades of photographic experience delivers vivid, natural colors with the simple press of the shutter, allowing you to capture breathtaking landscapes or an evening glow without the need for complicated editing or color presets.<\/p>\n<h2 id=\"m3ctitle\">Professional Imaging<\/h2>\n<div class=\"video-container\"><video autoplay=\"autoplay\" loop=\"loop\" muted=\"\" width=\"300\" height=\"150\"><source src=\"https:\/\/dji-official-fe.djicdn.com\/reactor\/assets\/_next\/static\/videos\/16e83bdc-4dbb-4754-a79b-4739e708d961.webm\" type=\"video\/webm\" \/><\/video><\/div>\n<p id=\"infotext\">5.1K\/50fps | Record sharper details. Supersampling technology empowers the recording of 4K\/60fps footage.<\/p>\n<p id=\"infotext\">4K\/120fps | Both high resolution and high frame rate effortlessly deliver HD slow-motion videos.<\/p>\n<p id=\"infotext\">10-bit D-Log | Delivers natural color gradations with more highlight and shadow details retained for greater flexibility when editing.<\/p>\n<p id=\"infotext\">HLG | Provides higher dynamic range that suits a variety of devices and provides footage that does not require color tuning in post.<\/p>\n<p id=\"infotext\">Night Shots | This video mode optimizes footage in low-light scenarios such as sunsets and sunrises, reducing noise for cleaner shots.<\/p>\n<h2 style=\"text-align: center; font-size: 42px; font-weight: 600; padding-top: 35px; color: #333;\">More Flight Time<\/h2>\n<p id=\"infotext\">Mavic 3 Classic is compatible with Mavic 3-Series batteries, allowing for 40 minutes of hovering time and 46 minutes of flight time, [2] ensuring more time to create and less time worrying about battery level.<\/p>\n<h3 style=\"text-align: center; font-size: 30px; font-weight: 600; padding-bottom: 30px; padding-top: 30px; padding-left: 0px; background-color: #f28c28; background-image: linear-gradient(90deg,#111 30%,#F28C28,#333 70%); -webkit-background-clip: text; -webkit-text-fill-color: transparent; -moz-background-clip: text; -moz-text-fill-color: transparent;\">40 mins Hovering Time<br \/>\n46 mins Flight Time<\/h3>\n<h2 style=\"text-align: center; font-size: 42px; font-weight: 600; padding-top: 35px; color: #333;\">Simplified Flight<\/h2>\n<h2 id=\"m3ctitle\">Omnidirectional Obstacle Sensing<\/h2>\n<p id=\"infotext\">With APAS 5.0, when flying, Mavic 3 Classic continually senses objects in all directions and bypasses [3] them quickly and smoothly. Even new pilots can fly confidently and safely, and create smooth footage even in complicated scenarios.<\/p>\n<h2 id=\"m3ctitle\">Extreme Precision<\/h2>\n<p id=\"infotext\">Decimeter-level high-precision positioning makes Mavic 3 Classic extremely stable when hovering. This not only ensures clearer long-exposure shots, but also helps record smoother timelapse videos.<\/p>\n<div class=\"imageboxes2\"><img decoding=\"async\" src=\"https:\/\/cdn.shopify.com\/s\/files\/1\/0761\/3556\/3580\/files\/c995f17a47153fbda42bd94ef2315446_origin.jpg?v=1692876976\" \/><\/div>\n<h2 id=\"m3ctitle\">Cruise Control<\/h2>\n<p id=\"infotext\">Control Mavic 3 Classic to fly in any direction without having to continually press the control sticks. This not only makes long-distance flight more effortless, but also helps reduce shakes during manual control for smoother camera movement.<\/p>\n<div class=\"video-container\"><video autoplay=\"autoplay\" loop=\"loop\" muted=\"\" width=\"300\" height=\"150\"><source src=\"https:\/\/dji-official-fe.djicdn.com\/reactor\/assets\/_next\/static\/videos\/6d46f2d1-78f5-43c6-8d48-fea912c99d3a.webm\" type=\"video\/webm\" \/><\/video><\/div>\n<h2 id=\"m3ctitle\">Advanced RTH<\/h2>\n<p id=\"infotext\">Always end on a high note with Advanced RTH. This updated auto-return function enables Mavic 3 Classic to automatically determine the optimal route back to its home point and execute it quickly. Mavic 3 Classic can fly to a designated altitude and then find a safe and efficient route back to its home point, combining the advantages of Advanced RTH and traditional RTH, allowing users to choose the best option according to their environment.<\/p>\n<div class=\"video-container\"><video autoplay=\"autoplay\" loop=\"loop\" muted=\"\" width=\"300\" height=\"150\"><source src=\"https:\/\/dji-official-fe.djicdn.com\/reactor\/assets\/_next\/static\/videos\/ea92a4f3-aa1b-4e7a-a30b-5205d32b73db.mp4\" type=\"video\/mp4\" \/><\/video><\/div>\n<h2 style=\"text-align: center; font-size: 42px; font-weight: 600; padding-top: 35px; color: #333;\">Powerful Video Transmission<\/h2>\n<h2 id=\"m3ctitle\">O3+ Transmission and Beyond<\/h2>\n<p id=\"infotext\">With a transmission distance of up to 15 km, [4] fly farther and more stably with peace of mind. O3+ transmission can transmit a 1080p\/60fps live feed. [5] This means the camera view is displayed at specifications close to what the camera actually records. It also makes Mavic 3 Classic more responsive to your control.<\/p>\n<h3 style=\"text-align: center; font-size: 30px; font-weight: 600; padding-bottom: 30px; padding-top: 30px; padding-left: 0px; background-color: #f28c28; background-image: linear-gradient(90deg,#111 30%,#F28C28,#333 70%); -webkit-background-clip: text; -webkit-text-fill-color: transparent; -moz-background-clip: text; -moz-text-fill-color: transparent;\">1080p\/60fps Live Feed<\/h3>\n<p>15 km Transmission Distance<\/p>\n<h2 style=\"text-align: center; font-size: 42px; font-weight: 600; padding-top: 35px; color: #333;\">Useful Features for Intuitive Creation<\/h2>\n<div class=\"spectable\">\n<table>\n<tbody>\n<tr>\n<td>\n<p id=\"tabletext\">ActiveTrack 5.0<\/p>\n<\/td>\n<td>\n<p id=\"tabletext\">MasterShots<\/p>\n<\/td>\n<td>\n<p id=\"tabletext\">QuickShots<\/p>\n<\/td>\n<td>\n<p id=\"tabletext\">Hyperlapse<\/p>\n<\/td>\n<td>\n<p id=\"tabletext\">Panorama<\/p>\n<\/td>\n<td>\n<p id=\"tabletext\">High-Speed QuickTransfer<\/p>\n<\/td>\n<\/tr>\n<\/tbody>\n<\/table>\n<\/div>\n<style><!-- video { width: 100% !important; height: auto !important; padding-bottom: 20px; } .video-container { max-width: 1200px; margin: 0 auto; padding: 0px; } h2#m3ctitle {font-size: 32px; color:#F28C28; padding:25px;text-align:center;} h3#bulletpoints2 {text-align: center;font-size: 20px;font-weight: 400;padding-bottom: 10px;padding-left: 0px;color: #266c8d;} h3#bulletpoints1 {text-align: center;font-size: 22px;font-weight: 400;padding-bottom: 30px;padding-left: 0px;color: #666;text-transform: none;} p#tabletext {font-size: 16px;text-align: center;margin:auto;color:#333;} p#infotext {padding-left: 10%; padding-right: 10%;font-size: 16px;text-align: center;} p#bullettext {padding-left: 10%; padding-right: 10%;font-size: 16px;text-align: center;} .spectable table {width: 100%;max-width: 840px;margin: auto;border-collapse: collapse;border-radius: 20px;border-style: hidden;box-shadow: 0 0 0 1px #999;background:#ddd;} .spectable {padding-bottom:25px; padding-top:25px;} .spectable thead {background-color: #666; color:#eee;} .spectable tr {border: 2px solid #888;} .spectable td {font-size: 16px;padding: 1.5%;text-align: center;width: 15%;border: 1px solid #999;color:#777;} .imageboxes img { width: 100%; max-width: 900px; text-align: center; } .imageboxes2 img { width: 100%; max-width: 1280px; text-align: center; } @media (min-width: 320px) and (max-width: 767px) { .spectable td {width: 100%;border: 1px solid #999;color:#777;} .spectable table {border-radius: 0px;} } --><\/style>\n<\/div>\n","protected":false},"excerpt":{"rendered":"<p>No se incluye control remoto; es necesario emparejarlo con el control remoto existente para volar.<\/p>\n<p><strong><span style=\"color: #ff0000;\">Para obtener m\u00e1s informaci\u00f3n sobre este producto, comun\u00edquese con<\/span>\u00a0<span style=\"color: #0000ff;\"><a style=\"color: #0000ff;\" href=\"mailto:sales@usadronetampa.com\" target=\"_blank\" rel=\"noopener\">sales@usadronetampa.com\u00a0<\/a><\/span><\/strong><\/p>","protected":false},"featured_media":1531,"comment_status":"open","ping_status":"closed","template":"","meta":{"site-sidebar-layout":"default","site-content-layout":"","ast-site-content-layout":"default","site-content-style":"default","site-sidebar-style":"default","ast-global-header-display":"","ast-banner-title-visibility":"","ast-main-header-display":"","ast-hfb-above-header-display":"","ast-hfb-below-header-display":"","ast-hfb-mobile-header-display":"","site-post-title":"","ast-breadcrumbs-content":"","ast-featured-img":"","footer-sml-layout":"","ast-disable-related-posts":"","theme-transparent-header-meta":"default","adv-header-id-meta":"","stick-header-meta":"default","header-above-stick-meta":"","header-main-stick-meta":"","header-below-stick-meta":"","astra-migrate-meta-layouts":"set","ast-page-background-enabled":"default","ast-page-background-meta":{"desktop":{"background-color":"var(--ast-global-color-4)","background-image":"","background-repeat":"repeat","background-position":"center center","background-size":"auto","background-attachment":"scroll","background-type":"","background-media":"","overlay-type":"","overlay-color":"","overlay-opacity":"","overlay-gradient":""},"tablet":{"background-color":"","background-image":"","background-repeat":"repeat","background-position":"center center","background-size":"auto","background-attachment":"scroll","background-type":"","background-media":"","overlay-type":"","overlay-color":"","overlay-opacity":"","overlay-gradient":""},"mobile":{"background-color":"","background-image":"","background-repeat":"repeat","background-position":"center center","background-size":"auto","background-attachment":"scroll","background-type":"","background-media":"","overlay-type":"","overlay-color":"","overlay-opacity":"","overlay-gradient":""}},"ast-content-background-meta":{"desktop":{"background-color":"var(--ast-global-color-5)","background-image":"","background-repeat":"repeat","background-position":"center center","background-size":"auto","background-attachment":"scroll","background-type":"","background-media":"","overlay-type":"","overlay-color":"","overlay-opacity":"","overlay-gradient":""},"tablet":{"background-color":"var(--ast-global-color-5)","background-image":"","background-repeat":"repeat","background-position":"center center","background-size":"auto","background-attachment":"scroll","background-type":"","background-media":"","overlay-type":"","overlay-color":"","overlay-opacity":"","overlay-gradient":""},"mobile":{"background-color":"var(--ast-global-color-5)","background-image":"","background-repeat":"repeat","background-position":"center center","background-size":"auto","background-attachment":"scroll","background-type":"","background-media":"","overlay-type":"","overlay-color":"","overlay-opacity":"","overlay-gradient":""}}},"product_brand":[],"product_cat":[31],"product_tag":[],"class_list":{"0":"post-1530","1":"product","2":"type-product","3":"status-publish","4":"has-post-thumbnail","6":"product_cat-comercial-drones","7":"desktop-align-left","8":"tablet-align-left","9":"mobile-align-left","11":"first","12":"instock","13":"taxable","14":"shipping-taxable","15":"purchasable","16":"product-type-simple"},"yoast_head":"<!-- This site is optimized with the Yoast SEO plugin v27.4 - https:\/\/yoast.com\/product\/yoast-seo-wordpress\/ -->\n<title>DJI Mavic 3 Classic Camera Drone 5.1K HD 4\/3 CMOS Hasselblad Camera 46-Min Drone only - USA Drone Tampa<\/title>\n<meta name=\"description\" content=\"Mavic 3 Classic continually senses objects in all directions and bypasses [3] them quickly and smoothly. Even new pilots can fly confidently and safely\" \/>\n<meta name=\"robots\" content=\"index, follow, max-snippet:-1, max-image-preview:large, max-video-preview:-1\" \/>\n<link rel=\"canonical\" href=\"https:\/\/usadronetampa.com\/es\/product\/dji-mavic-3-classic-camera-drone-5-1k-hd-4-3-cmos\/\" \/>\n<meta property=\"og:locale\" content=\"es_ES\" \/>\n<meta property=\"og:type\" content=\"article\" \/>\n<meta property=\"og:title\" content=\"DJI Mavic 3 Classic Camera Drone 5.1K HD 4\/3 CMOS Hasselblad Camera 46-Min Drone only - USA Drone Tampa\" \/>\n<meta property=\"og:description\" content=\"Mavic 3 Classic continually senses objects in all directions and bypasses [3] them quickly and smoothly. Even new pilots can fly confidently and safely\" \/>\n<meta property=\"og:url\" content=\"https:\/\/usadronetampa.com\/es\/product\/dji-mavic-3-classic-camera-drone-5-1k-hd-4-3-cmos\/\" \/>\n<meta property=\"og:site_name\" content=\"USA Drone Tampa\" \/>\n<meta property=\"article:publisher\" content=\"https:\/\/www.facebook.com\/profile.php?id=100095595180083\" \/>\n<meta property=\"article:modified_time\" content=\"2025-03-11T16:14:53+00:00\" \/>\n<meta property=\"og:image\" content=\"https:\/\/usadronetampa.com\/wp-content\/uploads\/2023\/12\/DN-Website-Product-Mavic3Classic.png\" \/>\n\t<meta property=\"og:image:width\" content=\"1200\" \/>\n\t<meta property=\"og:image:height\" content=\"800\" \/>\n\t<meta property=\"og:image:type\" content=\"image\/png\" \/>\n<meta name=\"twitter:card\" content=\"summary_large_image\" \/>\n<meta name=\"twitter:label1\" content=\"Est. reading time\" \/>\n\t<meta name=\"twitter:data1\" content=\"5 minutos\" \/>\n<script type=\"application\/ld+json\" class=\"yoast-schema-graph\">{\"@context\":\"https:\\\/\\\/schema.org\",\"@graph\":[{\"@type\":\"WebPage\",\"@id\":\"https:\\\/\\\/usadronetampa.com\\\/product\\\/dji-mavic-3-classic-camera-drone-5-1k-hd-4-3-cmos\\\/\",\"url\":\"https:\\\/\\\/usadronetampa.com\\\/product\\\/dji-mavic-3-classic-camera-drone-5-1k-hd-4-3-cmos\\\/\",\"name\":\"DJI Mavic 3 Classic Camera Drone 5.1K HD 4\\\/3 CMOS Hasselblad Camera 46-Min Drone only - USA Drone Tampa\",\"isPartOf\":{\"@id\":\"https:\\\/\\\/usadronetampa.com\\\/#website\"},\"primaryImageOfPage\":{\"@id\":\"https:\\\/\\\/usadronetampa.com\\\/product\\\/dji-mavic-3-classic-camera-drone-5-1k-hd-4-3-cmos\\\/#primaryimage\"},\"image\":{\"@id\":\"https:\\\/\\\/usadronetampa.com\\\/product\\\/dji-mavic-3-classic-camera-drone-5-1k-hd-4-3-cmos\\\/#primaryimage\"},\"thumbnailUrl\":\"https:\\\/\\\/usadronetampa.com\\\/wp-content\\\/uploads\\\/2023\\\/12\\\/DN-Website-Product-Mavic3Classic.png\",\"datePublished\":\"2023-12-14T16:26:53+00:00\",\"dateModified\":\"2025-03-11T16:14:53+00:00\",\"description\":\"Mavic 3 Classic continually senses objects in all directions and bypasses [3] them quickly and smoothly. Even new pilots can fly confidently and safely\",\"breadcrumb\":{\"@id\":\"https:\\\/\\\/usadronetampa.com\\\/product\\\/dji-mavic-3-classic-camera-drone-5-1k-hd-4-3-cmos\\\/#breadcrumb\"},\"inLanguage\":\"es-PE\",\"potentialAction\":[{\"@type\":\"ReadAction\",\"target\":[\"https:\\\/\\\/usadronetampa.com\\\/product\\\/dji-mavic-3-classic-camera-drone-5-1k-hd-4-3-cmos\\\/\"]}]},{\"@type\":\"ImageObject\",\"inLanguage\":\"es-PE\",\"@id\":\"https:\\\/\\\/usadronetampa.com\\\/product\\\/dji-mavic-3-classic-camera-drone-5-1k-hd-4-3-cmos\\\/#primaryimage\",\"url\":\"https:\\\/\\\/usadronetampa.com\\\/wp-content\\\/uploads\\\/2023\\\/12\\\/DN-Website-Product-Mavic3Classic.png\",\"contentUrl\":\"https:\\\/\\\/usadronetampa.com\\\/wp-content\\\/uploads\\\/2023\\\/12\\\/DN-Website-Product-Mavic3Classic.png\",\"width\":1200,\"height\":800,\"caption\":\"mavic 3 classic camera\"},{\"@type\":\"BreadcrumbList\",\"@id\":\"https:\\\/\\\/usadronetampa.com\\\/product\\\/dji-mavic-3-classic-camera-drone-5-1k-hd-4-3-cmos\\\/#breadcrumb\",\"itemListElement\":[{\"@type\":\"ListItem\",\"position\":1,\"name\":\"Home\",\"item\":\"https:\\\/\\\/usadronetampa.com\\\/\"},{\"@type\":\"ListItem\",\"position\":2,\"name\":\"Store\",\"item\":\"https:\\\/\\\/usadronetampa.com\\\/tienda\\\/\"},{\"@type\":\"ListItem\",\"position\":3,\"name\":\"DJI Mavic 3 Classic Camera Drone 5.1K HD 4\\\/3 CMOS Hasselblad Camera 46-Min Drone only\"}]},{\"@type\":\"WebSite\",\"@id\":\"https:\\\/\\\/usadronetampa.com\\\/#website\",\"url\":\"https:\\\/\\\/usadronetampa.com\\\/\",\"name\":\"USA Drone Tampa\",\"description\":\"Drones USA\",\"publisher\":{\"@id\":\"https:\\\/\\\/usadronetampa.com\\\/#organization\"},\"potentialAction\":[{\"@type\":\"SearchAction\",\"target\":{\"@type\":\"EntryPoint\",\"urlTemplate\":\"https:\\\/\\\/usadronetampa.com\\\/?s={search_term_string}\"},\"query-input\":{\"@type\":\"PropertyValueSpecification\",\"valueRequired\":true,\"valueName\":\"search_term_string\"}}],\"inLanguage\":\"es-PE\"},{\"@type\":\"Organization\",\"@id\":\"https:\\\/\\\/usadronetampa.com\\\/#organization\",\"name\":\"USA Drone Tampa\",\"url\":\"https:\\\/\\\/usadronetampa.com\\\/\",\"logo\":{\"@type\":\"ImageObject\",\"inLanguage\":\"es-PE\",\"@id\":\"https:\\\/\\\/usadronetampa.com\\\/#\\\/schema\\\/logo\\\/image\\\/\",\"url\":\"https:\\\/\\\/usadronetampa.com\\\/wp-content\\\/uploads\\\/2023\\\/08\\\/usa-drone2b.png\",\"contentUrl\":\"https:\\\/\\\/usadronetampa.com\\\/wp-content\\\/uploads\\\/2023\\\/08\\\/usa-drone2b.png\",\"width\":746,\"height\":590,\"caption\":\"USA Drone Tampa\"},\"image\":{\"@id\":\"https:\\\/\\\/usadronetampa.com\\\/#\\\/schema\\\/logo\\\/image\\\/\"},\"sameAs\":[\"https:\\\/\\\/www.facebook.com\\\/profile.php?id=100095595180083\"]}]}<\/script>\n<!-- \/ Yoast SEO plugin. -->","yoast_head_json":{"title":"DJI Mavic 3 Classic Camera Drone 5.1K HD 4\/3 CMOS Hasselblad Camera 46-Min Drone only - USA Drone Tampa","description":"Mavic 3 Classic continually senses objects in all directions and bypasses [3] them quickly and smoothly. Even new pilots can fly confidently and safely","robots":{"index":"index","follow":"follow","max-snippet":"max-snippet:-1","max-image-preview":"max-image-preview:large","max-video-preview":"max-video-preview:-1"},"canonical":"https:\/\/usadronetampa.com\/es\/product\/dji-mavic-3-classic-camera-drone-5-1k-hd-4-3-cmos\/","og_locale":"es_ES","og_type":"article","og_title":"DJI Mavic 3 Classic Camera Drone 5.1K HD 4\/3 CMOS Hasselblad Camera 46-Min Drone only - USA Drone Tampa","og_description":"Mavic 3 Classic continually senses objects in all directions and bypasses [3] them quickly and smoothly. Even new pilots can fly confidently and safely","og_url":"https:\/\/usadronetampa.com\/es\/product\/dji-mavic-3-classic-camera-drone-5-1k-hd-4-3-cmos\/","og_site_name":"USA Drone Tampa","article_publisher":"https:\/\/www.facebook.com\/profile.php?id=100095595180083","article_modified_time":"2025-03-11T16:14:53+00:00","og_image":[{"width":1200,"height":800,"url":"https:\/\/usadronetampa.com\/wp-content\/uploads\/2023\/12\/DN-Website-Product-Mavic3Classic.png","type":"image\/png"}],"twitter_card":"summary_large_image","twitter_misc":{"Est. reading time":"5 minutos"},"schema":{"@context":"https:\/\/schema.org","@graph":[{"@type":"WebPage","@id":"https:\/\/usadronetampa.com\/product\/dji-mavic-3-classic-camera-drone-5-1k-hd-4-3-cmos\/","url":"https:\/\/usadronetampa.com\/product\/dji-mavic-3-classic-camera-drone-5-1k-hd-4-3-cmos\/","name":"DJI Mavic 3 Classic Camera Drone 5.1K HD 4\/3 CMOS Hasselblad Camera 46-Min Drone only - USA Drone Tampa","isPartOf":{"@id":"https:\/\/usadronetampa.com\/#website"},"primaryImageOfPage":{"@id":"https:\/\/usadronetampa.com\/product\/dji-mavic-3-classic-camera-drone-5-1k-hd-4-3-cmos\/#primaryimage"},"image":{"@id":"https:\/\/usadronetampa.com\/product\/dji-mavic-3-classic-camera-drone-5-1k-hd-4-3-cmos\/#primaryimage"},"thumbnailUrl":"https:\/\/usadronetampa.com\/wp-content\/uploads\/2023\/12\/DN-Website-Product-Mavic3Classic.png","datePublished":"2023-12-14T16:26:53+00:00","dateModified":"2025-03-11T16:14:53+00:00","description":"Mavic 3 Classic continually senses objects in all directions and bypasses [3] them quickly and smoothly. Even new pilots can fly confidently and safely","breadcrumb":{"@id":"https:\/\/usadronetampa.com\/product\/dji-mavic-3-classic-camera-drone-5-1k-hd-4-3-cmos\/#breadcrumb"},"inLanguage":"es-PE","potentialAction":[{"@type":"ReadAction","target":["https:\/\/usadronetampa.com\/product\/dji-mavic-3-classic-camera-drone-5-1k-hd-4-3-cmos\/"]}]},{"@type":"ImageObject","inLanguage":"es-PE","@id":"https:\/\/usadronetampa.com\/product\/dji-mavic-3-classic-camera-drone-5-1k-hd-4-3-cmos\/#primaryimage","url":"https:\/\/usadronetampa.com\/wp-content\/uploads\/2023\/12\/DN-Website-Product-Mavic3Classic.png","contentUrl":"https:\/\/usadronetampa.com\/wp-content\/uploads\/2023\/12\/DN-Website-Product-Mavic3Classic.png","width":1200,"height":800,"caption":"mavic 3 classic camera"},{"@type":"BreadcrumbList","@id":"https:\/\/usadronetampa.com\/product\/dji-mavic-3-classic-camera-drone-5-1k-hd-4-3-cmos\/#breadcrumb","itemListElement":[{"@type":"ListItem","position":1,"name":"Home","item":"https:\/\/usadronetampa.com\/"},{"@type":"ListItem","position":2,"name":"Store","item":"https:\/\/usadronetampa.com\/tienda\/"},{"@type":"ListItem","position":3,"name":"DJI Mavic 3 Classic Camera Drone 5.1K HD 4\/3 CMOS Hasselblad Camera 46-Min Drone only"}]},{"@type":"WebSite","@id":"https:\/\/usadronetampa.com\/#website","url":"https:\/\/usadronetampa.com\/","name":"USA Drone Tampa","description":"Drones EE. UU.","publisher":{"@id":"https:\/\/usadronetampa.com\/#organization"},"potentialAction":[{"@type":"SearchAction","target":{"@type":"EntryPoint","urlTemplate":"https:\/\/usadronetampa.com\/?s={search_term_string}"},"query-input":{"@type":"PropertyValueSpecification","valueRequired":true,"valueName":"search_term_string"}}],"inLanguage":"es-PE"},{"@type":"Organization","@id":"https:\/\/usadronetampa.com\/#organization","name":"USA Drone Tampa","url":"https:\/\/usadronetampa.com\/","logo":{"@type":"ImageObject","inLanguage":"es-PE","@id":"https:\/\/usadronetampa.com\/#\/schema\/logo\/image\/","url":"https:\/\/usadronetampa.com\/wp-content\/uploads\/2023\/08\/usa-drone2b.png","contentUrl":"https:\/\/usadronetampa.com\/wp-content\/uploads\/2023\/08\/usa-drone2b.png","width":746,"height":590,"caption":"USA Drone Tampa"},"image":{"@id":"https:\/\/usadronetampa.com\/#\/schema\/logo\/image\/"},"sameAs":["https:\/\/www.facebook.com\/profile.php?id=100095595180083"]}]}},"_links":{"self":[{"href":"https:\/\/usadronetampa.com\/es\/wp-json\/wp\/v2\/product\/1530","targetHints":{"allow":["GET"]}}],"collection":[{"href":"https:\/\/usadronetampa.com\/es\/wp-json\/wp\/v2\/product"}],"about":[{"href":"https:\/\/usadronetampa.com\/es\/wp-json\/wp\/v2\/types\/product"}],"replies":[{"embeddable":true,"href":"https:\/\/usadronetampa.com\/es\/wp-json\/wp\/v2\/comments?post=1530"}],"wp:featuredmedia":[{"embeddable":true,"href":"https:\/\/usadronetampa.com\/es\/wp-json\/wp\/v2\/media\/1531"}],"wp:attachment":[{"href":"https:\/\/usadronetampa.com\/es\/wp-json\/wp\/v2\/media?parent=1530"}],"wp:term":[{"taxonomy":"product_brand","embeddable":true,"href":"https:\/\/usadronetampa.com\/es\/wp-json\/wp\/v2\/product_brand?post=1530"},{"taxonomy":"product_cat","embeddable":true,"href":"https:\/\/usadronetampa.com\/es\/wp-json\/wp\/v2\/product_cat?post=1530"},{"taxonomy":"product_tag","embeddable":true,"href":"https:\/\/usadronetampa.com\/es\/wp-json\/wp\/v2\/product_tag?post=1530"}],"curies":[{"name":"gracias","href":"https:\/\/api.w.org\/{rel}","templated":true}]}}