{"id":32,"date":"2023-08-31T22:43:04","date_gmt":"2023-08-31T22:43:04","guid":{"rendered":"https:\/\/usadronetampa.com\/?page_id=32"},"modified":"2023-11-30T11:02:34","modified_gmt":"2023-11-30T16:02:34","slug":"news","status":"publish","type":"page","link":"https:\/\/usadronetampa.com\/es\/news\/","title":{"rendered":"Noticias"},"content":{"rendered":"\t\t<div data-elementor-type=\"wp-page\" data-elementor-id=\"32\" class=\"elementor elementor-32\" data-elementor-post-type=\"page\">\n\t\t\t\t\t\t<section class=\"elementor-section elementor-top-section elementor-element elementor-element-ff306dd elementor-section-boxed elementor-section-height-default elementor-section-height-default\" data-id=\"ff306dd\" data-element_type=\"section\" data-e-type=\"section\" data-settings=\"{&quot;background_background&quot;:&quot;classic&quot;,&quot;background_motion_fx_motion_fx_scrolling&quot;:&quot;yes&quot;,&quot;background_motion_fx_translateY_effect&quot;:&quot;yes&quot;,&quot;background_motion_fx_translateY_direction&quot;:&quot;negative&quot;,&quot;background_motion_fx_translateY_affectedRange&quot;:{&quot;unit&quot;:&quot;%&quot;,&quot;size&quot;:&quot;&quot;,&quot;sizes&quot;:{&quot;start&quot;:0,&quot;end&quot;:50}},&quot;background_motion_fx_translateY_speed&quot;:{&quot;unit&quot;:&quot;px&quot;,&quot;size&quot;:4,&quot;sizes&quot;:[]},&quot;background_motion_fx_devices&quot;:[&quot;desktop&quot;,&quot;tablet&quot;,&quot;mobile&quot;]}\">\n\t\t\t\t\t\t\t<div class=\"elementor-background-overlay\"><\/div>\n\t\t\t\t\t\t\t<div class=\"elementor-container elementor-column-gap-default\">\n\t\t\t\t\t<div class=\"elementor-column elementor-col-100 elementor-top-column elementor-element elementor-element-c1efdaa\" data-id=\"c1efdaa\" data-element_type=\"column\" data-e-type=\"column\">\n\t\t\t<div class=\"elementor-widget-wrap elementor-element-populated\">\n\t\t\t\t\t\t<section class=\"elementor-section elementor-inner-section elementor-element elementor-element-b211171 elementor-section-boxed elementor-section-height-default elementor-section-height-default\" data-id=\"b211171\" data-element_type=\"section\" data-e-type=\"section\">\n\t\t\t\t\t\t<div class=\"elementor-container elementor-column-gap-default\">\n\t\t\t\t\t<div class=\"elementor-column elementor-col-50 elementor-inner-column elementor-element elementor-element-e7f4c72\" data-id=\"e7f4c72\" data-element_type=\"column\" data-e-type=\"column\">\n\t\t\t<div class=\"elementor-widget-wrap elementor-element-populated\">\n\t\t\t\t\t\t<div class=\"elementor-element elementor-element-58ef371 elementor-widget elementor-widget-text-editor\" data-id=\"58ef371\" data-element_type=\"widget\" data-e-type=\"widget\" data-widget_type=\"text-editor.default\">\n\t\t\t\t<div class=\"elementor-widget-container\">\n\t\t\t\t\t\t\t\t\t<p>Lorem ipsum<\/p>\t\t\t\t\t\t\t\t<\/div>\n\t\t\t\t<\/div>\n\t\t\t\t\t<\/div>\n\t\t<\/div>\n\t\t\t\t<div class=\"elementor-column elementor-col-50 elementor-inner-column elementor-element elementor-element-6fb21c0\" data-id=\"6fb21c0\" data-element_type=\"column\" data-e-type=\"column\">\n\t\t\t<div class=\"elementor-widget-wrap\">\n\t\t\t\t\t\t\t<\/div>\n\t\t<\/div>\n\t\t\t\t\t<\/div>\n\t\t<\/section>\n\t\t\t\t\t<\/div>\n\t\t<\/div>\n\t\t\t\t\t<\/div>\n\t\t<\/section>\n\t\t\t\t<section class=\"elementor-section elementor-top-section elementor-element elementor-element-941610f elementor-section-boxed elementor-section-height-default elementor-section-height-default\" data-id=\"941610f\" data-element_type=\"section\" data-e-type=\"section\" data-settings=\"{&quot;background_background&quot;:&quot;classic&quot;}\">\n\t\t\t\t\t\t<div class=\"elementor-container elementor-column-gap-default\">\n\t\t\t\t\t<div class=\"elementor-column elementor-col-100 elementor-top-column elementor-element elementor-element-5bb96ca\" data-id=\"5bb96ca\" data-element_type=\"column\" data-e-type=\"column\">\n\t\t\t<div class=\"elementor-widget-wrap elementor-element-populated\">\n\t\t\t\t\t\t<div class=\"elementor-element elementor-element-80468a5 elementor-grid-3 elementor-grid-tablet-2 elementor-grid-mobile-1 elementor-posts--thumbnail-top elementor-posts__hover-gradient elementor-widget elementor-widget-posts\" data-id=\"80468a5\" data-element_type=\"widget\" data-e-type=\"widget\" data-settings=\"{&quot;cards_row_gap&quot;:{&quot;unit&quot;:&quot;px&quot;,&quot;size&quot;:10,&quot;sizes&quot;:[]},&quot;cards_columns&quot;:&quot;3&quot;,&quot;cards_columns_tablet&quot;:&quot;2&quot;,&quot;cards_columns_mobile&quot;:&quot;1&quot;,&quot;cards_row_gap_tablet&quot;:{&quot;unit&quot;:&quot;px&quot;,&quot;size&quot;:&quot;&quot;,&quot;sizes&quot;:[]},&quot;cards_row_gap_mobile&quot;:{&quot;unit&quot;:&quot;px&quot;,&quot;size&quot;:&quot;&quot;,&quot;sizes&quot;:[]}}\" data-widget_type=\"posts.cards\">\n\t\t\t\t<div class=\"elementor-widget-container\">\n\t\t\t\t\t\t\t<div class=\"elementor-posts-container elementor-posts elementor-posts--skin-cards elementor-grid\" role=\"list\">\n\t\t\t\t<article class=\"elementor-post elementor-grid-item post-1965 post type-post status-publish format-standard has-post-thumbnail hentry category-new tag-drones\" role=\"listitem\">\n\t\t\t<div class=\"elementor-post__card\">\n\t\t\t\t<a class=\"elementor-post__thumbnail__link\" href=\"https:\/\/usadronetampa.com\/es\/faa-accepting-new-applications-for-drone\/\" tabindex=\"-1\" ><div class=\"elementor-post__thumbnail\"><img fetchpriority=\"high\" decoding=\"async\" width=\"300\" height=\"200\" src=\"https:\/\/usadronetampa.com\/wp-content\/uploads\/2023\/09\/karl-greif-H5IXIH254AU-unsplash-300x200.jpg\" class=\"attachment-medium size-medium wp-image-844\" alt=\"\" srcset=\"https:\/\/usadronetampa.com\/wp-content\/uploads\/2023\/09\/karl-greif-H5IXIH254AU-unsplash-300x200.jpg 300w, https:\/\/usadronetampa.com\/wp-content\/uploads\/2023\/09\/karl-greif-H5IXIH254AU-unsplash-1024x683.jpg 1024w, https:\/\/usadronetampa.com\/wp-content\/uploads\/2023\/09\/karl-greif-H5IXIH254AU-unsplash-768x512.jpg 768w, https:\/\/usadronetampa.com\/wp-content\/uploads\/2023\/09\/karl-greif-H5IXIH254AU-unsplash-1536x1024.jpg 1536w, https:\/\/usadronetampa.com\/wp-content\/uploads\/2023\/09\/karl-greif-H5IXIH254AU-unsplash-400x267.jpg 400w, https:\/\/usadronetampa.com\/wp-content\/uploads\/2023\/09\/karl-greif-H5IXIH254AU-unsplash.jpg 1920w\" sizes=\"(max-width: 300px) 100vw, 300px\" \/><\/div><\/a>\n\t\t\t\t<div class=\"elementor-post__badge\">New<\/div>\n\t\t\t\t<div class=\"elementor-post__text\">\n\t\t\t\t<h3 class=\"elementor-post__title\">\n\t\t\t<a href=\"https:\/\/usadronetampa.com\/es\/faa-accepting-new-applications-for-drone\/\" >\n\t\t\t\tFAA accepting new applications for drone airspace service suppliers\t\t\t<\/a>\n\t\t<\/h3>\n\t\t\t\t<div class=\"elementor-post__excerpt\">\n\t\t\t<p>The Federal Aviation Administration (FAA) says it is now accepting applications from potential drone service suppliers for the Low Altitude Authorization and Notification Capability (LAANC). LAANC&nbsp;is a collaboration between the<\/p>\n\t\t<\/div>\n\t\t\t\t\t<div class=\"elementor-post__read-more-wrapper\">\n\t\t\n\t\t<a class=\"elementor-post__read-more\" href=\"https:\/\/usadronetampa.com\/es\/faa-accepting-new-applications-for-drone\/\" aria-label=\"Read more about FAA accepting new applications for drone airspace service suppliers\" tabindex=\"-1\" >\n\t\t\tView more \u00bb\t\t<\/a>\n\n\t\t\t\t\t<\/div>\n\t\t\t\t<\/div>\n\t\t\t\t\t<\/div>\n\t\t<\/article>\n\t\t\t\t<article class=\"elementor-post elementor-grid-item post-1305 post type-post status-publish format-standard has-post-thumbnail hentry category-new\" role=\"listitem\">\n\t\t\t<div class=\"elementor-post__card\">\n\t\t\t\t<a class=\"elementor-post__thumbnail__link\" href=\"https:\/\/usadronetampa.com\/es\/watch-the-aerial-art-show\/\" tabindex=\"-1\" ><div class=\"elementor-post__thumbnail\"><img decoding=\"async\" width=\"300\" height=\"169\" src=\"https:\/\/usadronetampa.com\/wp-content\/uploads\/2023\/11\/231024115252-cp-drone-show-02-full-169-300x169.webp\" class=\"attachment-medium size-medium wp-image-1304\" alt=\"\" srcset=\"https:\/\/usadronetampa.com\/wp-content\/uploads\/2023\/11\/231024115252-cp-drone-show-02-full-169-300x169.webp 300w, https:\/\/usadronetampa.com\/wp-content\/uploads\/2023\/11\/231024115252-cp-drone-show-02-full-169-1024x576.webp 1024w, https:\/\/usadronetampa.com\/wp-content\/uploads\/2023\/11\/231024115252-cp-drone-show-02-full-169-768x432.webp 768w, https:\/\/usadronetampa.com\/wp-content\/uploads\/2023\/11\/231024115252-cp-drone-show-02-full-169-1536x864.webp 1536w, https:\/\/usadronetampa.com\/wp-content\/uploads\/2023\/11\/231024115252-cp-drone-show-02-full-169-18x10.webp 18w, https:\/\/usadronetampa.com\/wp-content\/uploads\/2023\/11\/231024115252-cp-drone-show-02-full-169-400x225.webp 400w, https:\/\/usadronetampa.com\/wp-content\/uploads\/2023\/11\/231024115252-cp-drone-show-02-full-169.webp 1600w\" sizes=\"(max-width: 300px) 100vw, 300px\" \/><\/div><\/a>\n\t\t\t\t<div class=\"elementor-post__badge\">New<\/div>\n\t\t\t\t<div class=\"elementor-post__text\">\n\t\t\t\t<h3 class=\"elementor-post__title\">\n\t\t\t<a href=\"https:\/\/usadronetampa.com\/es\/watch-the-aerial-art-show\/\" >\n\t\t\t\tWatch the <br>aerial art show\t\t\t<\/a>\n\t\t<\/h3>\n\t\t\t\t<div class=\"elementor-post__excerpt\">\n\t\t\t<p>Hundreds of drones over Central Park. In An unprecedented show in Central Park, Studio Drift artists illuminated the night sky with a choreography of 1,000 drones.<\/p>\n\t\t<\/div>\n\t\t\t\t\t<div class=\"elementor-post__read-more-wrapper\">\n\t\t\n\t\t<a class=\"elementor-post__read-more\" href=\"https:\/\/usadronetampa.com\/es\/watch-the-aerial-art-show\/\" aria-label=\"Read more about Watch the &lt;br&gt;aerial art show\" tabindex=\"-1\" >\n\t\t\tView more \u00bb\t\t<\/a>\n\n\t\t\t\t\t<\/div>\n\t\t\t\t<\/div>\n\t\t\t\t\t<\/div>\n\t\t<\/article>\n\t\t\t\t<article class=\"elementor-post elementor-grid-item post-1092 post type-post status-publish format-standard has-post-thumbnail hentry category-new tag-drone tag-drones tag-ffa tag-fly tag-flying-drones\" role=\"listitem\">\n\t\t\t<div class=\"elementor-post__card\">\n\t\t\t\t<a class=\"elementor-post__thumbnail__link\" href=\"https:\/\/usadronetampa.com\/es\/with-flurry-of-faa-approvals\/\" tabindex=\"-1\" ><div class=\"elementor-post__thumbnail\"><img decoding=\"async\" width=\"300\" height=\"205\" src=\"https:\/\/usadronetampa.com\/wp-content\/uploads\/2024\/01\/m3inspect-300x205.jpg\" class=\"attachment-medium size-medium wp-image-1606\" alt=\"\" srcset=\"https:\/\/usadronetampa.com\/wp-content\/uploads\/2024\/01\/m3inspect-300x205.jpg 300w, https:\/\/usadronetampa.com\/wp-content\/uploads\/2024\/01\/m3inspect-1024x701.jpg 1024w, https:\/\/usadronetampa.com\/wp-content\/uploads\/2024\/01\/m3inspect-768x526.jpg 768w, https:\/\/usadronetampa.com\/wp-content\/uploads\/2024\/01\/m3inspect-18x12.jpg 18w, https:\/\/usadronetampa.com\/wp-content\/uploads\/2024\/01\/m3inspect-400x274.jpg 400w, https:\/\/usadronetampa.com\/wp-content\/uploads\/2024\/01\/m3inspect.jpg 1404w\" sizes=\"(max-width: 300px) 100vw, 300px\" \/><\/div><\/a>\n\t\t\t\t<div class=\"elementor-post__badge\">New<\/div>\n\t\t\t\t<div class=\"elementor-post__text\">\n\t\t\t\t<h3 class=\"elementor-post__title\">\n\t\t\t<a href=\"https:\/\/usadronetampa.com\/es\/with-flurry-of-faa-approvals\/\" >\n\t\t\t\tWith flurry of <br>FAA approvals\t\t\t<\/a>\n\t\t<\/h3>\n\t\t\t\t<div class=\"elementor-post__excerpt\">\n\t\t\t<p>With flurry of FAA approvals, many more drones are about to fly over U.S. skies This week, drone delivery company Zipline was granted Federal Aviation Administration approval to fly drones<\/p>\n\t\t<\/div>\n\t\t\t\t\t<div class=\"elementor-post__read-more-wrapper\">\n\t\t\n\t\t<a class=\"elementor-post__read-more\" href=\"https:\/\/usadronetampa.com\/es\/with-flurry-of-faa-approvals\/\" aria-label=\"Read more about With flurry of &lt;br&gt;FAA approvals\" tabindex=\"-1\" >\n\t\t\tView more \u00bb\t\t<\/a>\n\n\t\t\t\t\t<\/div>\n\t\t\t\t<\/div>\n\t\t\t\t\t<\/div>\n\t\t<\/article>\n\t\t\t\t<article class=\"elementor-post elementor-grid-item post-48 post type-post status-publish format-standard has-post-thumbnail hentry category-new\" role=\"listitem\">\n\t\t\t<div class=\"elementor-post__card\">\n\t\t\t\t<a class=\"elementor-post__thumbnail__link\" href=\"https:\/\/usadronetampa.com\/es\/faa-authorizes-ups-drone\/\" tabindex=\"-1\" ><div class=\"elementor-post__thumbnail\"><img loading=\"lazy\" decoding=\"async\" width=\"300\" height=\"200\" src=\"https:\/\/usadronetampa.com\/wp-content\/uploads\/2023\/09\/alessio-soggetti-rSFxBGpnluw-unsplash-300x200.jpg\" class=\"attachment-medium size-medium wp-image-884\" alt=\"\" srcset=\"https:\/\/usadronetampa.com\/wp-content\/uploads\/2023\/09\/alessio-soggetti-rSFxBGpnluw-unsplash-300x200.jpg 300w, https:\/\/usadronetampa.com\/wp-content\/uploads\/2023\/09\/alessio-soggetti-rSFxBGpnluw-unsplash-1024x684.jpg 1024w, https:\/\/usadronetampa.com\/wp-content\/uploads\/2023\/09\/alessio-soggetti-rSFxBGpnluw-unsplash-768x513.jpg 768w, https:\/\/usadronetampa.com\/wp-content\/uploads\/2023\/09\/alessio-soggetti-rSFxBGpnluw-unsplash-1536x1026.jpg 1536w, https:\/\/usadronetampa.com\/wp-content\/uploads\/2023\/09\/alessio-soggetti-rSFxBGpnluw-unsplash-400x267.jpg 400w, https:\/\/usadronetampa.com\/wp-content\/uploads\/2023\/09\/alessio-soggetti-rSFxBGpnluw-unsplash.jpg 1920w\" sizes=\"(max-width: 300px) 100vw, 300px\" \/><\/div><\/a>\n\t\t\t\t<div class=\"elementor-post__badge\">New<\/div>\n\t\t\t\t<div class=\"elementor-post__text\">\n\t\t\t\t<h3 class=\"elementor-post__title\">\n\t\t\t<a href=\"https:\/\/usadronetampa.com\/es\/faa-authorizes-ups-drone\/\" >\n\t\t\t\tFAA authorizes UPS drone..\t\t\t<\/a>\n\t\t<\/h3>\n\t\t\t\t<div class=\"elementor-post__excerpt\">\n\t\t\t<p>FAA authorizes UPS drone operations for parcels &#8220;This permit will avoid the need for expensive observers to monitor the airspace.&#8221; The United States Federal Aviation Administration (FAA) approved the operation<\/p>\n\t\t<\/div>\n\t\t\t\t\t<div class=\"elementor-post__read-more-wrapper\">\n\t\t\n\t\t<a class=\"elementor-post__read-more\" href=\"https:\/\/usadronetampa.com\/es\/faa-authorizes-ups-drone\/\" aria-label=\"Read more about FAA authorizes UPS drone..\" tabindex=\"-1\" >\n\t\t\tView more \u00bb\t\t<\/a>\n\n\t\t\t\t\t<\/div>\n\t\t\t\t<\/div>\n\t\t\t\t\t<\/div>\n\t\t<\/article>\n\t\t\t\t<\/div>\n\t\t\n\t\t\t\t\t\t<\/div>\n\t\t\t\t<\/div>\n\t\t\t\t\t<\/div>\n\t\t<\/div>\n\t\t\t\t\t<\/div>\n\t\t<\/section>\n\t\t\t\t<\/div>\n\t\t","protected":false},"excerpt":{"rendered":"<p>lorem ipsum<\/p>","protected":false},"author":1,"featured_media":0,"parent":0,"menu_order":0,"comment_status":"closed","ping_status":"closed","template":"","meta":{"site-sidebar-layout":"no-sidebar","site-content-layout":"","ast-site-content-layout":"full-width-container","site-content-style":"default","site-sidebar-style":"default","ast-global-header-display":"","ast-banner-title-visibility":"","ast-main-header-display":"","ast-hfb-above-header-display":"","ast-hfb-below-header-display":"","ast-hfb-mobile-header-display":"","site-post-title":"disabled","ast-breadcrumbs-content":"","ast-featured-img":"disabled","footer-sml-layout":"","ast-disable-related-posts":"","theme-transparent-header-meta":"","adv-header-id-meta":"","stick-header-meta":"","header-above-stick-meta":"","header-main-stick-meta":"","header-below-stick-meta":"","astra-migrate-meta-layouts":"default","ast-page-background-enabled":"default","ast-page-background-meta":{"desktop":{"background-color":"var(--ast-global-color-4)","background-image":"","background-repeat":"repeat","background-position":"center center","background-size":"auto","background-attachment":"scroll","background-type":"","background-media":"","overlay-type":"","overlay-color":"","overlay-opacity":"","overlay-gradient":""},"tablet":{"background-color":"","background-image":"","background-repeat":"repeat","background-position":"center center","background-size":"auto","background-attachment":"scroll","background-type":"","background-media":"","overlay-type":"","overlay-color":"","overlay-opacity":"","overlay-gradient":""},"mobile":{"background-color":"","background-image":"","background-repeat":"repeat","background-position":"center center","background-size":"auto","background-attachment":"scroll","background-type":"","background-media":"","overlay-type":"","overlay-color":"","overlay-opacity":"","overlay-gradient":""}},"ast-content-background-meta":{"desktop":{"background-color":"var(--ast-global-color-5)","background-image":"","background-repeat":"repeat","background-position":"center center","background-size":"auto","background-attachment":"scroll","background-type":"","background-media":"","overlay-type":"","overlay-color":"","overlay-opacity":"","overlay-gradient":""},"tablet":{"background-color":"var(--ast-global-color-5)","background-image":"","background-repeat":"repeat","background-position":"center center","background-size":"auto","background-attachment":"scroll","background-type":"","background-media":"","overlay-type":"","overlay-color":"","overlay-opacity":"","overlay-gradient":""},"mobile":{"background-color":"var(--ast-global-color-5)","background-image":"","background-repeat":"repeat","background-position":"center center","background-size":"auto","background-attachment":"scroll","background-type":"","background-media":"","overlay-type":"","overlay-color":"","overlay-opacity":"","overlay-gradient":""}},"footnotes":""},"class_list":["post-32","page","type-page","status-publish","hentry"],"yoast_head":"<!-- This site is optimized with the Yoast SEO plugin v27.4 - https:\/\/yoast.com\/product\/yoast-seo-wordpress\/ -->\n<title>News - USA Drone Tampa<\/title>\n<meta name=\"description\" content=\"The latest news about drones, from technological innovations to practical applications in various sectors. Enter and stay up to date with the\" \/>\n<meta name=\"robots\" content=\"index, follow, max-snippet:-1, max-image-preview:large, max-video-preview:-1\" \/>\n<link rel=\"canonical\" href=\"https:\/\/usadronetampa.com\/es\/news\/\" \/>\n<meta property=\"og:locale\" content=\"es_ES\" \/>\n<meta property=\"og:type\" content=\"article\" \/>\n<meta property=\"og:title\" content=\"News - USA Drone Tampa\" \/>\n<meta property=\"og:description\" content=\"The latest news about drones, from technological innovations to practical applications in various sectors. Enter and stay up to date with the\" \/>\n<meta property=\"og:url\" content=\"https:\/\/usadronetampa.com\/es\/news\/\" \/>\n<meta property=\"og:site_name\" content=\"USA Drone Tampa\" \/>\n<meta property=\"article:publisher\" content=\"https:\/\/www.facebook.com\/profile.php?id=100095595180083\" \/>\n<meta property=\"article:modified_time\" content=\"2023-11-30T16:02:34+00:00\" \/>\n<meta property=\"og:image\" content=\"https:\/\/usadronetampa.com\/wp-content\/uploads\/2024\/01\/Img_drone_tampa1.jpg\" \/>\n\t<meta property=\"og:image:width\" content=\"1200\" \/>\n\t<meta property=\"og:image:height\" content=\"547\" \/>\n\t<meta property=\"og:image:type\" content=\"image\/jpeg\" \/>\n<meta name=\"twitter:card\" content=\"summary_large_image\" \/>\n<meta name=\"twitter:label1\" content=\"Est. reading time\" \/>\n\t<meta name=\"twitter:data1\" content=\"1 minuto\" \/>\n<script type=\"application\/ld+json\" class=\"yoast-schema-graph\">{\"@context\":\"https:\\\/\\\/schema.org\",\"@graph\":[{\"@type\":\"WebPage\",\"@id\":\"https:\\\/\\\/usadronetampa.com\\\/news\\\/\",\"url\":\"https:\\\/\\\/usadronetampa.com\\\/news\\\/\",\"name\":\"News - USA Drone Tampa\",\"isPartOf\":{\"@id\":\"https:\\\/\\\/usadronetampa.com\\\/#website\"},\"datePublished\":\"2023-08-31T22:43:04+00:00\",\"dateModified\":\"2023-11-30T16:02:34+00:00\",\"description\":\"The latest news about drones, from technological innovations to practical applications in various sectors. Enter and stay up to date with the\",\"breadcrumb\":{\"@id\":\"https:\\\/\\\/usadronetampa.com\\\/news\\\/#breadcrumb\"},\"inLanguage\":\"es-PE\",\"potentialAction\":[{\"@type\":\"ReadAction\",\"target\":[\"https:\\\/\\\/usadronetampa.com\\\/news\\\/\"]}]},{\"@type\":\"BreadcrumbList\",\"@id\":\"https:\\\/\\\/usadronetampa.com\\\/news\\\/#breadcrumb\",\"itemListElement\":[{\"@type\":\"ListItem\",\"position\":1,\"name\":\"Home\",\"item\":\"https:\\\/\\\/usadronetampa.com\\\/\"},{\"@type\":\"ListItem\",\"position\":2,\"name\":\"News\"}]},{\"@type\":\"WebSite\",\"@id\":\"https:\\\/\\\/usadronetampa.com\\\/#website\",\"url\":\"https:\\\/\\\/usadronetampa.com\\\/\",\"name\":\"USA Drone Tampa\",\"description\":\"Drones USA\",\"publisher\":{\"@id\":\"https:\\\/\\\/usadronetampa.com\\\/#organization\"},\"potentialAction\":[{\"@type\":\"SearchAction\",\"target\":{\"@type\":\"EntryPoint\",\"urlTemplate\":\"https:\\\/\\\/usadronetampa.com\\\/?s={search_term_string}\"},\"query-input\":{\"@type\":\"PropertyValueSpecification\",\"valueRequired\":true,\"valueName\":\"search_term_string\"}}],\"inLanguage\":\"es-PE\"},{\"@type\":\"Organization\",\"@id\":\"https:\\\/\\\/usadronetampa.com\\\/#organization\",\"name\":\"USA Drone Tampa\",\"url\":\"https:\\\/\\\/usadronetampa.com\\\/\",\"logo\":{\"@type\":\"ImageObject\",\"inLanguage\":\"es-PE\",\"@id\":\"https:\\\/\\\/usadronetampa.com\\\/#\\\/schema\\\/logo\\\/image\\\/\",\"url\":\"https:\\\/\\\/usadronetampa.com\\\/wp-content\\\/uploads\\\/2023\\\/08\\\/usa-drone2b.png\",\"contentUrl\":\"https:\\\/\\\/usadronetampa.com\\\/wp-content\\\/uploads\\\/2023\\\/08\\\/usa-drone2b.png\",\"width\":746,\"height\":590,\"caption\":\"USA Drone Tampa\"},\"image\":{\"@id\":\"https:\\\/\\\/usadronetampa.com\\\/#\\\/schema\\\/logo\\\/image\\\/\"},\"sameAs\":[\"https:\\\/\\\/www.facebook.com\\\/profile.php?id=100095595180083\"]}]}<\/script>\n<!-- \/ Yoast SEO plugin. -->","yoast_head_json":{"title":"Noticias - USA Drone Tampa","description":"Las \u00faltimas noticias sobre drones, desde innovaciones tecnol\u00f3gicas hasta aplicaciones pr\u00e1cticas en diversos sectores. \u00danete y mantente al d\u00eda.","robots":{"index":"index","follow":"follow","max-snippet":"max-snippet:-1","max-image-preview":"max-image-preview:large","max-video-preview":"max-video-preview:-1"},"canonical":"https:\/\/usadronetampa.com\/es\/news\/","og_locale":"es_ES","og_type":"article","og_title":"News - USA Drone Tampa","og_description":"The latest news about drones, from technological innovations to practical applications in various sectors. Enter and stay up to date with the","og_url":"https:\/\/usadronetampa.com\/es\/news\/","og_site_name":"USA Drone Tampa","article_publisher":"https:\/\/www.facebook.com\/profile.php?id=100095595180083","article_modified_time":"2023-11-30T16:02:34+00:00","og_image":[{"width":1200,"height":547,"url":"https:\/\/usadronetampa.com\/wp-content\/uploads\/2024\/01\/Img_drone_tampa1.jpg","type":"image\/jpeg"}],"twitter_card":"summary_large_image","twitter_misc":{"Est. reading time":"1 minuto"},"schema":{"@context":"https:\/\/schema.org","@graph":[{"@type":"WebPage","@id":"https:\/\/usadronetampa.com\/news\/","url":"https:\/\/usadronetampa.com\/news\/","name":"Noticias - USA Drone Tampa","isPartOf":{"@id":"https:\/\/usadronetampa.com\/#website"},"datePublished":"2023-08-31T22:43:04+00:00","dateModified":"2023-11-30T16:02:34+00:00","description":"Las \u00faltimas noticias sobre drones, desde innovaciones tecnol\u00f3gicas hasta aplicaciones pr\u00e1cticas en diversos sectores. \u00danete y mantente al d\u00eda.","breadcrumb":{"@id":"https:\/\/usadronetampa.com\/news\/#breadcrumb"},"inLanguage":"es-PE","potentialAction":[{"@type":"ReadAction","target":["https:\/\/usadronetampa.com\/news\/"]}]},{"@type":"BreadcrumbList","@id":"https:\/\/usadronetampa.com\/news\/#breadcrumb","itemListElement":[{"@type":"ListItem","position":1,"name":"Home","item":"https:\/\/usadronetampa.com\/"},{"@type":"ListItem","position":2,"name":"News"}]},{"@type":"WebSite","@id":"https:\/\/usadronetampa.com\/#website","url":"https:\/\/usadronetampa.com\/","name":"USA Drone Tampa","description":"Drones EE. UU.","publisher":{"@id":"https:\/\/usadronetampa.com\/#organization"},"potentialAction":[{"@type":"SearchAction","target":{"@type":"EntryPoint","urlTemplate":"https:\/\/usadronetampa.com\/?s={search_term_string}"},"query-input":{"@type":"PropertyValueSpecification","valueRequired":true,"valueName":"search_term_string"}}],"inLanguage":"es-PE"},{"@type":"Organization","@id":"https:\/\/usadronetampa.com\/#organization","name":"USA Drone Tampa","url":"https:\/\/usadronetampa.com\/","logo":{"@type":"ImageObject","inLanguage":"es-PE","@id":"https:\/\/usadronetampa.com\/#\/schema\/logo\/image\/","url":"https:\/\/usadronetampa.com\/wp-content\/uploads\/2023\/08\/usa-drone2b.png","contentUrl":"https:\/\/usadronetampa.com\/wp-content\/uploads\/2023\/08\/usa-drone2b.png","width":746,"height":590,"caption":"USA Drone Tampa"},"image":{"@id":"https:\/\/usadronetampa.com\/#\/schema\/logo\/image\/"},"sameAs":["https:\/\/www.facebook.com\/profile.php?id=100095595180083"]}]}},"_links":{"self":[{"href":"https:\/\/usadronetampa.com\/es\/wp-json\/wp\/v2\/pages\/32","targetHints":{"allow":["GET"]}}],"collection":[{"href":"https:\/\/usadronetampa.com\/es\/wp-json\/wp\/v2\/pages"}],"about":[{"href":"https:\/\/usadronetampa.com\/es\/wp-json\/wp\/v2\/types\/page"}],"author":[{"embeddable":true,"href":"https:\/\/usadronetampa.com\/es\/wp-json\/wp\/v2\/users\/1"}],"replies":[{"embeddable":true,"href":"https:\/\/usadronetampa.com\/es\/wp-json\/wp\/v2\/comments?post=32"}],"version-history":[{"count":20,"href":"https:\/\/usadronetampa.com\/es\/wp-json\/wp\/v2\/pages\/32\/revisions"}],"predecessor-version":[{"id":943,"href":"https:\/\/usadronetampa.com\/es\/wp-json\/wp\/v2\/pages\/32\/revisions\/943"}],"wp:attachment":[{"href":"https:\/\/usadronetampa.com\/es\/wp-json\/wp\/v2\/media?parent=32"}],"curies":[{"name":"gracias","href":"https:\/\/api.w.org\/{rel}","templated":true}]}}