{"id":3,"date":"2023-08-31T20:02:25","date_gmt":"2023-08-31T20:02:25","guid":{"rendered":"https:\/\/usadronetampa.com\/?page_id=3"},"modified":"2024-07-02T13:31:41","modified_gmt":"2024-07-02T18:31:41","slug":"privacy-policy","status":"publish","type":"page","link":"https:\/\/usadronetampa.com\/es\/privacy-policy\/","title":{"rendered":"Pol\u00edtica de privacidad"},"content":{"rendered":"<p><strong>Fecha efectiva:<\/strong> 12 de enero de 2024<\/p>\n\n\n\n<p><strong>USA Drone Tampa<\/strong> (\u201cnosotros\u201d, \u201cnuestro\u201d, \u201cnos\u201d) se compromete a proteger y respetar su privacidad. Esta Pol\u00edtica de Privacidad explica c\u00f3mo recopilamos, usamos, divulgamos y salvaguardamos su informaci\u00f3n cuando visita nuestro sitio web. <a href=\"https:\/\/usadronetampa.com\/es\/\">https:\/\/usadronetampa.com\/<\/a>, incluido cualquier otro medio de comunicaci\u00f3n, canal de medios, sitio web m\u00f3vil o aplicaci\u00f3n m\u00f3vil relacionado o conectado con el mismo (colectivamente, el &quot;Sitio&quot;). Por favor lea atentamente esta pol\u00edtica de privacidad. Si no est\u00e1 de acuerdo con los t\u00e9rminos de esta pol\u00edtica de privacidad, no acceda al Sitio.<\/p>\n\n\n\n<h3 class=\"wp-block-heading\">Informaci\u00f3n que recopilamos<\/h3>\n\n\n\n<p>Podemos recopilar informaci\u00f3n sobre usted de diversas maneras. La informaci\u00f3n que podemos recopilar en el Sitio incluye:<\/p>\n\n\n\n<p><strong>Informaci\u00f3n personal<\/strong><\/p>\n\n\n\n<p>Informaci\u00f3n de identificaci\u00f3n personal, como su nombre, direcci\u00f3n de env\u00edo, direcci\u00f3n de correo electr\u00f3nico y n\u00famero de tel\u00e9fono, e informaci\u00f3n demogr\u00e1fica, como su edad, sexo, ciudad natal e intereses, que nos proporciona voluntariamente cuando se registra en el Sitio o cuando elegir participar en diversas actividades relacionadas con el Sitio, como chat en l\u00ednea y foros de mensajes.<\/p>\n\n\n\n<p><strong>Datos derivados<\/strong><\/p>\n\n\n\n<p>Informaci\u00f3n que nuestros servidores recopilan autom\u00e1ticamente cuando accede al Sitio, como su direcci\u00f3n IP, su tipo de navegador, su sistema operativo, sus tiempos de acceso y las p\u00e1ginas que ha visto directamente antes y despu\u00e9s de acceder al Sitio.<\/p>\n\n\n\n<p><strong>Datos financieros<\/strong><\/p>\n\n\n\n<p>Informaci\u00f3n financiera, como datos relacionados con su m\u00e9todo de pago (p. ej., n\u00famero de tarjeta de cr\u00e9dito v\u00e1lido, marca de la tarjeta, fecha de vencimiento) que podemos recopilar cuando compra, realiza un pedido, devuelve, cambia o solicita informaci\u00f3n sobre nuestros servicios desde el Sitio.<\/p>\n\n\n\n<p><strong>Datos de redes sociales<\/strong><\/p>\n\n\n\n<p>Informaci\u00f3n del usuario de sitios de redes sociales, como Facebook, Google+, Instagram, Pinterest, Twitter, incluido su nombre, su nombre de usuario de la red social, ubicaci\u00f3n, sexo, fecha de nacimiento, direcci\u00f3n de correo electr\u00f3nico, foto de perfil y datos p\u00fablicos de los contactos, si se conecta. su cuenta a dichas redes sociales.<\/p>\n\n\n\n<p><strong>Datos del dispositivo m\u00f3vil<\/strong><\/p>\n\n\n\n<p>Informaci\u00f3n del dispositivo, como la identificaci\u00f3n, el modelo y el fabricante de su dispositivo m\u00f3vil, e informaci\u00f3n sobre la ubicaci\u00f3n de su dispositivo, si accede al Sitio desde un dispositivo m\u00f3vil.<\/p>\n\n\n\n<h3 class=\"wp-block-heading\">Uso de su informaci\u00f3n<\/h3>\n\n\n\n<p>Tener informaci\u00f3n precisa sobre usted nos permite brindarle una experiencia fluida, eficiente y personalizada. Espec\u00edficamente, podemos utilizar la informaci\u00f3n recopilada sobre usted a trav\u00e9s del Sitio para:<\/p>\n\n\n\n<ul class=\"wp-block-list\">\n<li>Crea y administra tu cuenta.<\/li>\n\n\n\n<li>Procesar sus transacciones y enviarle informaci\u00f3n relacionada, incluidas confirmaciones de compra y facturas.<\/li>\n\n\n\n<li>Proporcionar, operar y mantener nuestros servicios.<\/li>\n\n\n\n<li>Mejorar, personalizar y ampliar nuestros servicios.<\/li>\n\n\n\n<li>Comprender y analizar c\u00f3mo utiliza nuestro sitio y nuestros servicios.<\/li>\n\n\n\n<li>Desarrollar nuevos productos, servicios, caracter\u00edsticas y funcionalidades.<\/li>\n\n\n\n<li>Comunicarnos con usted, ya sea directamente o a trav\u00e9s de uno de nuestros socios, incluso para servicio al cliente, para brindarle actualizaciones y otra informaci\u00f3n relacionada con el Sitio, y con fines promocionales y de marketing.<\/li>\n\n\n\n<li>Enviarle mensajes de texto y notificaciones push.<\/li>\n\n\n\n<li>Evite transacciones fraudulentas, controle contra robos y prot\u00e9jase contra actividades delictivas.<\/li>\n\n\n\n<li>Facilitar concursos, promociones y encuestas.<\/li>\n\n\n\n<li>Administrar cuentas de usuario.<\/li>\n\n\n\n<li>Proporcionarle anuncios espec\u00edficos o comunicaciones de marketing que creemos que pueden ser de su inter\u00e9s.<\/li>\n\n\n\n<li>Solicitar comentarios y comunicarnos con usted sobre su uso del Sitio.<\/li>\n\n\n\n<li>Resolver disputas y solucionar problemas.<\/li>\n\n\n\n<li>Responder a las solicitudes de productos y servicio al cliente.<\/li>\n<\/ul>\n\n\n\n<h3 class=\"wp-block-heading\">Divulgaci\u00f3n de su informaci\u00f3n<\/h3>\n\n\n\n<p>Podemos compartir informaci\u00f3n que hemos recopilado sobre usted en determinadas situaciones. Su informaci\u00f3n puede ser divulgada de la siguiente manera:<\/p>\n\n\n\n<p><strong>Por ley o para proteger derechos<\/strong><\/p>\n\n\n\n<p>Si creemos que la divulgaci\u00f3n de informaci\u00f3n sobre usted es necesaria para responder a un proceso legal, para investigar o remediar posibles violaciones de nuestras pol\u00edticas, o para proteger los derechos, la propiedad y la seguridad de otros, podemos compartir su informaci\u00f3n seg\u00fan lo permitido o requerido por cualquier ley, norma o reglamento aplicable.<\/p>\n\n\n\n<p><strong>Proveedores de servicios externos<\/strong><\/p>\n\n\n\n<p>Podemos compartir su informaci\u00f3n con terceros que prestan servicios para nosotros o en nuestro nombre, incluido el procesamiento de pagos, an\u00e1lisis de datos, entrega de correo electr\u00f3nico, servicios de alojamiento, servicio al cliente y asistencia de marketing.<\/p>\n\n\n\n<p><strong>Comunicaciones de marketing<\/strong><\/p>\n\n\n\n<p>Con su consentimiento, o con la oportunidad de retirar su consentimiento, podemos compartir su informaci\u00f3n con terceros con fines de marketing, seg\u00fan lo permita la ley.<\/p>\n\n\n\n<p><strong>Interacciones con otros usuarios<\/strong><\/p>\n\n\n\n<p>Si interact\u00faa con otros usuarios del Sitio, esos usuarios pueden ver su nombre, foto de perfil y descripciones de su actividad, incluido el env\u00edo de invitaciones a otros usuarios, chatear con otros usuarios, dar me gusta a publicaciones y seguir blogs.<\/p>\n\n\n\n<p><strong>Publicaciones en l\u00ednea<\/strong><\/p>\n\n\n\n<p>Cuando publica comentarios, contribuciones u otro contenido en el Sitio, sus publicaciones pueden ser vistas por todos los usuarios y pueden distribuirse p\u00fablicamente fuera del Sitio a perpetuidad.<\/p>\n\n\n\n<p><strong>Anunciantes de terceros<\/strong><\/p>\n\n\n\n<p>Podemos utilizar empresas de publicidad de terceros para publicar anuncios cuando visita el Sitio. Estas empresas pueden utilizar informaci\u00f3n sobre sus visitas al Sitio y otros sitios web contenida en cookies web para proporcionar anuncios sobre bienes y servicios de su inter\u00e9s.<\/p>\n\n\n\n<p><strong>Afiliados<\/strong><\/p>\n\n\n\n<p>Podemos compartir su informaci\u00f3n con nuestros afiliados, en cuyo caso exigiremos a dichos afiliados que respeten esta Pol\u00edtica de Privacidad. Las afiliadas incluyen nuestra empresa matriz y cualquier subsidiaria, socios de empresas conjuntas u otras empresas que controlamos o que est\u00e1n bajo control com\u00fan con nosotros.<\/p>\n\n\n\n<p><strong>Compa\u00f1eros de negocio<\/strong><\/p>\n\n\n\n<p>Podemos compartir su informaci\u00f3n con nuestros socios comerciales para ofrecerle ciertos productos, servicios o promociones.<\/p>\n\n\n\n<p><strong>Otros terceros<\/strong><\/p>\n\n\n\n<p>Podemos compartir su informaci\u00f3n con anunciantes e inversores con el fin de realizar an\u00e1lisis comerciales generales. Tambi\u00e9n podemos compartir su informaci\u00f3n con dichos terceros con fines de marketing, seg\u00fan lo permita la ley.<\/p>\n\n\n\n<p><strong>Venta o quiebra<\/strong><\/p>\n\n\n\n<p>Si reorganizamos o vendemos todo o una parte de nuestros activos, nos fusionamos o somos adquiridos por otra entidad, podemos transferir su informaci\u00f3n a la entidad sucesora. Si cerramos el negocio o entramos en quiebra, su informaci\u00f3n ser\u00eda un activo transferido o adquirido por un tercero. Usted reconoce que dichas transferencias pueden ocurrir y que el cesionario puede negarse a cumplir los compromisos que asumimos en esta Pol\u00edtica de Privacidad.<\/p>\n\n\n\n<h3 class=\"wp-block-heading\">Seguridad de su informaci\u00f3n<\/h3>\n\n\n\n<p>Utilizamos medidas de seguridad administrativas, t\u00e9cnicas y f\u00edsicas para ayudar a proteger su informaci\u00f3n personal. Si bien hemos tomado medidas razonables para proteger la informaci\u00f3n personal que nos proporciona, tenga en cuenta que, a pesar de nuestros esfuerzos, ninguna medida de seguridad es perfecta o impenetrable, y ning\u00fan m\u00e9todo de transmisi\u00f3n de datos puede garantizarse contra cualquier interceptaci\u00f3n u otro tipo de uso indebido.<\/p>\n\n\n\n<h3 class=\"wp-block-heading\">Pol\u00edtica para ni\u00f1os<\/h3>\n\n\n\n<p>No solicitamos intencionalmente informaci\u00f3n ni comercializamos con ni\u00f1os menores de 13 a\u00f1os. Si descubrimos que hemos recopilado informaci\u00f3n personal de un ni\u00f1o menor de 13 a\u00f1os sin verificaci\u00f3n del consentimiento de los padres, eliminaremos esa informaci\u00f3n lo m\u00e1s r\u00e1pido posible. Si cree que podr\u00edamos tener alguna informaci\u00f3n de o sobre un ni\u00f1o menor de 13 a\u00f1os, comun\u00edquese con nosotros.<\/p>\n\n\n\n<h3 class=\"wp-block-heading\">Controles para funciones de no seguimiento<\/h3>\n\n\n\n<p>La mayor\u00eda de los navegadores web y algunos sistemas operativos m\u00f3viles incluyen una funci\u00f3n o configuraci\u00f3n de No rastrear (\u201cDNT\u201d) que puede activar para indicar su preferencia de privacidad y no monitorear ni recopilar datos sobre sus actividades de navegaci\u00f3n en l\u00ednea. No se ha finalizado ning\u00fan est\u00e1ndar tecnol\u00f3gico uniforme para reconocer e implementar se\u00f1ales DNT. Como tal, actualmente no respondemos a las se\u00f1ales del navegador DNT ni a ning\u00fan otro mecanismo que comunique autom\u00e1ticamente su elecci\u00f3n de no ser rastreado en l\u00ednea. Si se adopta un est\u00e1ndar para el seguimiento en l\u00ednea que debamos seguir en el futuro, le informaremos sobre esa pr\u00e1ctica en una versi\u00f3n revisada de esta Pol\u00edtica de Privacidad.<\/p>\n\n\n\n<h3 class=\"wp-block-heading\">Opciones con respecto a su informaci\u00f3n<\/h3>\n\n\n\n<p><strong>Informaci\u00f3n de la cuenta<\/strong><\/p>\n\n\n\n<p>Usted puede en cualquier momento revisar o cambiar la informaci\u00f3n de su cuenta o cancelarla de la siguiente manera:<\/p>\n\n\n\n<ul class=\"wp-block-list\">\n<li>Iniciando sesi\u00f3n en la configuraci\u00f3n de su cuenta y actualizando su cuenta.<\/li>\n\n\n\n<li>Contact\u00e1ndose con nosotros utilizando la informaci\u00f3n de contacto que se proporciona a continuaci\u00f3n.<\/li>\n<\/ul>\n\n\n\n<p>Si solicita cancelar su cuenta, desactivaremos o eliminaremos su cuenta y su informaci\u00f3n de nuestras bases de datos activas. Sin embargo, es posible que se conserve cierta informaci\u00f3n en nuestros archivos para evitar fraudes, solucionar problemas, ayudar con cualquier investigaci\u00f3n, hacer cumplir nuestros T\u00e9rminos de uso y\/o cumplir con los requisitos legales.<\/p>\n\n\n\n<p><strong>Correos electr\u00f3nicos y comunicaciones<\/strong><\/p>\n\n\n\n<p>Si ya no desea recibir correspondencia, correos electr\u00f3nicos u otras comunicaciones nuestras, puede optar por no participar de la siguiente manera:<\/p>\n\n\n\n<ul class=\"wp-block-list\">\n<li>Tomar nota de sus preferencias al momento de registrar su cuenta en el Sitio.<\/li>\n\n\n\n<li>Iniciando sesi\u00f3n en la configuraci\u00f3n de su cuenta y actualizando sus preferencias.<\/li>\n\n\n\n<li>Contact\u00e1ndose con nosotros utilizando la informaci\u00f3n de contacto que se proporciona a continuaci\u00f3n.<\/li>\n<\/ul>\n\n\n\n<p>Si ya no desea recibir correspondencia, correos electr\u00f3nicos u otras comunicaciones de terceros, usted es responsable de comunicarse directamente con el tercero.<\/p>\n\n\n\n<h3 class=\"wp-block-heading\">Cont\u00e1ctanos<\/h3>\n\n\n\n<p>Si tiene preguntas o comentarios sobre esta Pol\u00edtica de Privacidad, por favor cont\u00e1ctenos en:<\/p>\n\n\n\n<p>USA Drone Tampa <\/p>\n\n\n\n<p>3903 Northdale Blvd. Suite 100E<br>Tampa Florida 33624<\/p>\n\n\n\n<p>sales@usadronetampa.com<br>operations@usadronetampa.com<\/p>\n\n\n\n<p>+1 (656) 209-7611<br>+1 (656) 209-7610<\/p>","protected":false},"excerpt":{"rendered":"<p>Effective Date: January 12, 2024 USA Drone Tampa (&#8220;we&#8221;, &#8220;our&#8221;, &#8220;us&#8221;) is committed to protecting and respecting your privacy. This Privacy Policy explains how we collect, use, disclose, and safeguard your information when you visit our website https:\/\/usadronetampa.com\/, including any other media form, media channel, mobile website, or mobile application related or connected thereto (collectively, [&hellip;]<\/p>\n","protected":false},"author":1,"featured_media":0,"parent":0,"menu_order":0,"comment_status":"closed","ping_status":"open","template":"","meta":{"site-sidebar-layout":"default","site-content-layout":"","ast-site-content-layout":"default","site-content-style":"default","site-sidebar-style":"default","ast-global-header-display":"","ast-banner-title-visibility":"","ast-main-header-display":"","ast-hfb-above-header-display":"","ast-hfb-below-header-display":"","ast-hfb-mobile-header-display":"","site-post-title":"","ast-breadcrumbs-content":"","ast-featured-img":"","footer-sml-layout":"","ast-disable-related-posts":"","theme-transparent-header-meta":"","adv-header-id-meta":"","stick-header-meta":"","header-above-stick-meta":"","header-main-stick-meta":"","header-below-stick-meta":"","astra-migrate-meta-layouts":"default","ast-page-background-enabled":"default","ast-page-background-meta":{"desktop":{"background-color":"var(--ast-global-color-4)","background-image":"","background-repeat":"repeat","background-position":"center center","background-size":"auto","background-attachment":"scroll","background-type":"","background-media":"","overlay-type":"","overlay-color":"","overlay-opacity":"","overlay-gradient":""},"tablet":{"background-color":"","background-image":"","background-repeat":"repeat","background-position":"center center","background-size":"auto","background-attachment":"scroll","background-type":"","background-media":"","overlay-type":"","overlay-color":"","overlay-opacity":"","overlay-gradient":""},"mobile":{"background-color":"","background-image":"","background-repeat":"repeat","background-position":"center center","background-size":"auto","background-attachment":"scroll","background-type":"","background-media":"","overlay-type":"","overlay-color":"","overlay-opacity":"","overlay-gradient":""}},"ast-content-background-meta":{"desktop":{"background-color":"var(--ast-global-color-5)","background-image":"","background-repeat":"repeat","background-position":"center center","background-size":"auto","background-attachment":"scroll","background-type":"","background-media":"","overlay-type":"","overlay-color":"","overlay-opacity":"","overlay-gradient":""},"tablet":{"background-color":"var(--ast-global-color-5)","background-image":"","background-repeat":"repeat","background-position":"center center","background-size":"auto","background-attachment":"scroll","background-type":"","background-media":"","overlay-type":"","overlay-color":"","overlay-opacity":"","overlay-gradient":""},"mobile":{"background-color":"var(--ast-global-color-5)","background-image":"","background-repeat":"repeat","background-position":"center center","background-size":"auto","background-attachment":"scroll","background-type":"","background-media":"","overlay-type":"","overlay-color":"","overlay-opacity":"","overlay-gradient":""}},"footnotes":""},"class_list":["post-3","page","type-page","status-publish","hentry"],"yoast_head":"<!-- This site is optimized with the Yoast SEO plugin v27.4 - https:\/\/yoast.com\/product\/yoast-seo-wordpress\/ -->\n<title>Privacy Policy - USA Drone Tampa<\/title>\n<meta name=\"robots\" content=\"index, follow, max-snippet:-1, max-image-preview:large, max-video-preview:-1\" \/>\n<link rel=\"canonical\" href=\"https:\/\/usadronetampa.com\/es\/privacy-policy\/\" \/>\n<meta property=\"og:locale\" content=\"es_ES\" \/>\n<meta property=\"og:type\" content=\"article\" \/>\n<meta property=\"og:title\" content=\"Privacy Policy - USA Drone Tampa\" \/>\n<meta property=\"og:description\" content=\"Effective Date: January 12, 2024 USA Drone Tampa (&#8220;we&#8221;, &#8220;our&#8221;, &#8220;us&#8221;) is committed to protecting and respecting your privacy. This Privacy Policy explains how we collect, use, disclose, and safeguard your information when you visit our website https:\/\/usadronetampa.com\/, including any other media form, media channel, mobile website, or mobile application related or connected thereto (collectively, [&hellip;]\" \/>\n<meta property=\"og:url\" content=\"https:\/\/usadronetampa.com\/es\/privacy-policy\/\" \/>\n<meta property=\"og:site_name\" content=\"USA Drone Tampa\" \/>\n<meta property=\"article:publisher\" content=\"https:\/\/www.facebook.com\/profile.php?id=100095595180083\" \/>\n<meta property=\"article:modified_time\" content=\"2024-07-02T18:31:41+00:00\" \/>\n<meta property=\"og:image\" content=\"https:\/\/usadronetampa.com\/wp-content\/uploads\/2024\/01\/Img_drone_tampa1.jpg\" \/>\n\t<meta property=\"og:image:width\" content=\"1200\" \/>\n\t<meta property=\"og:image:height\" content=\"547\" \/>\n\t<meta property=\"og:image:type\" content=\"image\/jpeg\" \/>\n<meta name=\"twitter:card\" content=\"summary_large_image\" \/>\n<meta name=\"twitter:label1\" content=\"Est. reading time\" \/>\n\t<meta name=\"twitter:data1\" content=\"7 minutos\" \/>\n<script type=\"application\/ld+json\" class=\"yoast-schema-graph\">{\"@context\":\"https:\\\/\\\/schema.org\",\"@graph\":[{\"@type\":\"WebPage\",\"@id\":\"https:\\\/\\\/usadronetampa.com\\\/privacy-policy\\\/\",\"url\":\"https:\\\/\\\/usadronetampa.com\\\/privacy-policy\\\/\",\"name\":\"Privacy Policy - USA Drone Tampa\",\"isPartOf\":{\"@id\":\"https:\\\/\\\/usadronetampa.com\\\/#website\"},\"datePublished\":\"2023-08-31T20:02:25+00:00\",\"dateModified\":\"2024-07-02T18:31:41+00:00\",\"breadcrumb\":{\"@id\":\"https:\\\/\\\/usadronetampa.com\\\/privacy-policy\\\/#breadcrumb\"},\"inLanguage\":\"es-PE\",\"potentialAction\":[{\"@type\":\"ReadAction\",\"target\":[\"https:\\\/\\\/usadronetampa.com\\\/privacy-policy\\\/\"]}]},{\"@type\":\"BreadcrumbList\",\"@id\":\"https:\\\/\\\/usadronetampa.com\\\/privacy-policy\\\/#breadcrumb\",\"itemListElement\":[{\"@type\":\"ListItem\",\"position\":1,\"name\":\"Home\",\"item\":\"https:\\\/\\\/usadronetampa.com\\\/\"},{\"@type\":\"ListItem\",\"position\":2,\"name\":\"Privacy Policy\"}]},{\"@type\":\"WebSite\",\"@id\":\"https:\\\/\\\/usadronetampa.com\\\/#website\",\"url\":\"https:\\\/\\\/usadronetampa.com\\\/\",\"name\":\"USA Drone Tampa\",\"description\":\"Drones USA\",\"publisher\":{\"@id\":\"https:\\\/\\\/usadronetampa.com\\\/#organization\"},\"potentialAction\":[{\"@type\":\"SearchAction\",\"target\":{\"@type\":\"EntryPoint\",\"urlTemplate\":\"https:\\\/\\\/usadronetampa.com\\\/?s={search_term_string}\"},\"query-input\":{\"@type\":\"PropertyValueSpecification\",\"valueRequired\":true,\"valueName\":\"search_term_string\"}}],\"inLanguage\":\"es-PE\"},{\"@type\":\"Organization\",\"@id\":\"https:\\\/\\\/usadronetampa.com\\\/#organization\",\"name\":\"USA Drone Tampa\",\"url\":\"https:\\\/\\\/usadronetampa.com\\\/\",\"logo\":{\"@type\":\"ImageObject\",\"inLanguage\":\"es-PE\",\"@id\":\"https:\\\/\\\/usadronetampa.com\\\/#\\\/schema\\\/logo\\\/image\\\/\",\"url\":\"https:\\\/\\\/usadronetampa.com\\\/wp-content\\\/uploads\\\/2023\\\/08\\\/usa-drone2b.png\",\"contentUrl\":\"https:\\\/\\\/usadronetampa.com\\\/wp-content\\\/uploads\\\/2023\\\/08\\\/usa-drone2b.png\",\"width\":746,\"height\":590,\"caption\":\"USA Drone Tampa\"},\"image\":{\"@id\":\"https:\\\/\\\/usadronetampa.com\\\/#\\\/schema\\\/logo\\\/image\\\/\"},\"sameAs\":[\"https:\\\/\\\/www.facebook.com\\\/profile.php?id=100095595180083\"]}]}<\/script>\n<!-- \/ Yoast SEO plugin. -->","yoast_head_json":{"title":"Privacy Policy - USA Drone Tampa","robots":{"index":"index","follow":"follow","max-snippet":"max-snippet:-1","max-image-preview":"max-image-preview:large","max-video-preview":"max-video-preview:-1"},"canonical":"https:\/\/usadronetampa.com\/es\/privacy-policy\/","og_locale":"es_ES","og_type":"article","og_title":"Privacy Policy - USA Drone Tampa","og_description":"Effective Date: January 12, 2024 USA Drone Tampa (&#8220;we&#8221;, &#8220;our&#8221;, &#8220;us&#8221;) is committed to protecting and respecting your privacy. This Privacy Policy explains how we collect, use, disclose, and safeguard your information when you visit our website https:\/\/usadronetampa.com\/, including any other media form, media channel, mobile website, or mobile application related or connected thereto (collectively, [&hellip;]","og_url":"https:\/\/usadronetampa.com\/es\/privacy-policy\/","og_site_name":"USA Drone Tampa","article_publisher":"https:\/\/www.facebook.com\/profile.php?id=100095595180083","article_modified_time":"2024-07-02T18:31:41+00:00","og_image":[{"width":1200,"height":547,"url":"https:\/\/usadronetampa.com\/wp-content\/uploads\/2024\/01\/Img_drone_tampa1.jpg","type":"image\/jpeg"}],"twitter_card":"summary_large_image","twitter_misc":{"Est. reading time":"7 minutos"},"schema":{"@context":"https:\/\/schema.org","@graph":[{"@type":"WebPage","@id":"https:\/\/usadronetampa.com\/privacy-policy\/","url":"https:\/\/usadronetampa.com\/privacy-policy\/","name":"Privacy Policy - USA Drone Tampa","isPartOf":{"@id":"https:\/\/usadronetampa.com\/#website"},"datePublished":"2023-08-31T20:02:25+00:00","dateModified":"2024-07-02T18:31:41+00:00","breadcrumb":{"@id":"https:\/\/usadronetampa.com\/privacy-policy\/#breadcrumb"},"inLanguage":"es-PE","potentialAction":[{"@type":"ReadAction","target":["https:\/\/usadronetampa.com\/privacy-policy\/"]}]},{"@type":"BreadcrumbList","@id":"https:\/\/usadronetampa.com\/privacy-policy\/#breadcrumb","itemListElement":[{"@type":"ListItem","position":1,"name":"Home","item":"https:\/\/usadronetampa.com\/"},{"@type":"ListItem","position":2,"name":"Privacy Policy"}]},{"@type":"WebSite","@id":"https:\/\/usadronetampa.com\/#website","url":"https:\/\/usadronetampa.com\/","name":"USA Drone Tampa","description":"Drones EE. UU.","publisher":{"@id":"https:\/\/usadronetampa.com\/#organization"},"potentialAction":[{"@type":"SearchAction","target":{"@type":"EntryPoint","urlTemplate":"https:\/\/usadronetampa.com\/?s={search_term_string}"},"query-input":{"@type":"PropertyValueSpecification","valueRequired":true,"valueName":"search_term_string"}}],"inLanguage":"es-PE"},{"@type":"Organization","@id":"https:\/\/usadronetampa.com\/#organization","name":"USA Drone Tampa","url":"https:\/\/usadronetampa.com\/","logo":{"@type":"ImageObject","inLanguage":"es-PE","@id":"https:\/\/usadronetampa.com\/#\/schema\/logo\/image\/","url":"https:\/\/usadronetampa.com\/wp-content\/uploads\/2023\/08\/usa-drone2b.png","contentUrl":"https:\/\/usadronetampa.com\/wp-content\/uploads\/2023\/08\/usa-drone2b.png","width":746,"height":590,"caption":"USA Drone Tampa"},"image":{"@id":"https:\/\/usadronetampa.com\/#\/schema\/logo\/image\/"},"sameAs":["https:\/\/www.facebook.com\/profile.php?id=100095595180083"]}]}},"_links":{"self":[{"href":"https:\/\/usadronetampa.com\/es\/wp-json\/wp\/v2\/pages\/3","targetHints":{"allow":["GET"]}}],"collection":[{"href":"https:\/\/usadronetampa.com\/es\/wp-json\/wp\/v2\/pages"}],"about":[{"href":"https:\/\/usadronetampa.com\/es\/wp-json\/wp\/v2\/types\/page"}],"author":[{"embeddable":true,"href":"https:\/\/usadronetampa.com\/es\/wp-json\/wp\/v2\/users\/1"}],"replies":[{"embeddable":true,"href":"https:\/\/usadronetampa.com\/es\/wp-json\/wp\/v2\/comments?post=3"}],"version-history":[{"count":3,"href":"https:\/\/usadronetampa.com\/es\/wp-json\/wp\/v2\/pages\/3\/revisions"}],"predecessor-version":[{"id":2090,"href":"https:\/\/usadronetampa.com\/es\/wp-json\/wp\/v2\/pages\/3\/revisions\/2090"}],"wp:attachment":[{"href":"https:\/\/usadronetampa.com\/es\/wp-json\/wp\/v2\/media?parent=3"}],"curies":[{"name":"gracias","href":"https:\/\/api.w.org\/{rel}","templated":true}]}}